{"id":651,"date":"2025-07-15T18:16:59","date_gmt":"2025-07-15T10:16:59","guid":{"rendered":"https:\/\/corn-machine.com\/?post_type=product&#038;p=651"},"modified":"2025-07-17T14:59:06","modified_gmt":"2025-07-17T06:59:06","slug":"grain-cleaner-machine-for-corn-cleaning","status":"publish","type":"product","link":"https:\/\/corn-machine.com\/es\/product\/grain-cleaner-machine-for-corn-cleaning\/","title":{"rendered":"M\u00e1quina limpiadora de granos totalmente autom\u00e1tica con viento - Transportador"},"content":{"rendered":"<p>Esta m\u00e1quina limpiadora de granos se utiliza siempre como el primer paso antes del procesamiento de cultivos. Su funci\u00f3n principal es separar el polvo, las piedras, los granos marchitos y otras impurezas. Cada hora, puede procesar materias primas de 400-1200 kg.<\/p>    <p>Con un sistema altamente autom\u00e1tico, la m\u00e1quina limpiadora de granos m\u00faltiples es f\u00e1cil de operar. Adem\u00e1s, tiene un tama\u00f1o peque\u00f1o y un bajo consumo de energ\u00eda, por lo que es una opci\u00f3n perfecta para fabricantes de granos en bruto, f\u00e1bricas de procesamiento de alimentos y peque\u00f1as granjas.<\/p>    <figure class=\"wp-block-embed is-type-video is-provider-youtube wp-block-embed-youtube wp-embed-aspect-16-9 wp-has-aspect-ratio\"><div class=\"wp-block-embed__wrapper\"> <iframe loading=\"lazy\" title=\"Limpiador de Granos | M\u00e1quina de Limpieza de Ma\u00edz con Control Automatizado Superior y Alta Eficiencia de Producci\u00f3n\" width=\"500\" height=\"281\" src=\"https:\/\/www.youtube.com\/embed\/iZUieQTLocU?feature=oembed\" frameborder=\"0\" allow=\"accelerometer; autoplay; clipboard-write; encrypted-media; gyroscope; picture-in-picture; web-share\" referrerpolicy=\"strict-origin-when-cross-origin\" allowfullscreen><\/iframe> <\/div><figcaption class=\"wp-element-caption\">m\u00e1quina limpiadora de granos<\/figcaption><\/figure>    <h2 class=\"wp-block-heading\"><strong>\u00bfCu\u00e1les son las ventajas significativas de la m\u00e1quina de limpieza de granos m\u00faltiples?<\/strong><\/h2>    <ul class=\"wp-block-list\"> <li>La m\u00e1quina limpiadora de granos es<strong> totalmente autom\u00e1tico<\/strong>Despu\u00e9s de encenderlo, el dispositivo de alimentaci\u00f3n transformar\u00e1 las materias primas en el sistema de limpieza y completar\u00e1 el trabajo. Para mayor comodidad de uso, dise\u00f1amos un sistema operativo simple. \u00a1Incluso si no conoces la estructura de la m\u00e1quina, puedes empezar r\u00e1pidamente!<\/li>    <li>Tiene un <strong>sistema de filtrado cient\u00edfico<\/strong> separar residuos y productos. Adem\u00e1s, hay tres salidas dise\u00f1adas para distinguir entre los materiales de salida. Equipado con un ventilador, la materia prima solo necesita ser limpiada una vez, lo que puede cumplir con el requisito de procesamiento.<\/li>    <li>Debido a su tama\u00f1o compacto, la m\u00e1quina de limpieza de ma\u00edz es<strong> adecuado para cualquier situaci\u00f3n<\/strong>Se puede instalar en un peque\u00f1o taller de producci\u00f3n o combinarse con otras m\u00e1quinas de producci\u00f3n para crear una l\u00ednea de producci\u00f3n completa para el procesamiento de cultivos.<\/li> <\/ul>    <h2 class=\"wp-block-heading\"><strong>Par\u00e1metros t\u00e9cnicos de la m\u00e1quina de limpieza de granos de trigo<\/strong><\/h2>    <p>Hay dos modelos de esta m\u00e1quina limpiadora de granos m\u00faltiples, y puedes elegir uno seg\u00fan tus necesidades de capacidad de la m\u00e1quina. A continuaci\u00f3n se detallan sus par\u00e1metros.<\/p>    <figure class=\"wp-block-table aligncenter\"><table class=\"has-fixed-layout\"><tbody><tr><td>Modelo<\/td><td class=\"has-text-align-center\" data-align=\"center\"><strong>FSQDJ-57<\/strong><\/td><td class=\"has-text-align-center\" data-align=\"center\"><strong>FSQDJ-100<\/strong><\/td><\/tr><tr><td>Salida<\/td><td class=\"has-text-align-center\" data-align=\"center\">400-600 kg\/h<\/td><td class=\"has-text-align-center\" data-align=\"center\">800-1200 kg\/h<\/td><\/tr><tr><td>Potencia de soporte<\/td><td class=\"has-text-align-center\" data-align=\"center\">3kw<\/td><td class=\"has-text-align-center\" data-align=\"center\">4kw<\/td><\/tr><tr><td>Tama\u00f1o<\/td><td class=\"has-text-align-center\" data-align=\"center\">1700*800*2900mm<\/td><td class=\"has-text-align-center\" data-align=\"center\">1900*1000*3000mm<\/td><\/tr><tr><td>Peso<\/td><td class=\"has-text-align-center\" data-align=\"center\">300kg<\/td><td class=\"has-text-align-center\" data-align=\"center\">400kg<\/td><\/tr><\/tbody><\/table><figcaption class=\"wp-element-caption\">par\u00e1metros t\u00e9cnicos de la m\u00e1quina limpiadora de granos<\/figcaption><\/figure>    <h2 class=\"wp-block-heading\"><strong>La estructura completa de la m\u00e1quina limpiadora de ma\u00edz<\/strong><\/h2>    <p>La estructura externa de la m\u00e1quina limpiadora de granos consiste principalmente en m\u00faltiples salidas (incluyendo dos salidas de impurezas, una salida de arena y una salida de piedras), un ventilador, una entrada y cintas transportadoras.<\/p>    <p>Su sistema operativo espec\u00edfico se divide principalmente en cuatro partes: el dispositivo de alimentaci\u00f3n autom\u00e1tica, el dispositivo de pantalla vibrante de doble capa, el dispositivo de eliminaci\u00f3n de piedras de gravedad espec\u00edfica y el dispositivo de limpieza de trigo.<\/p>    <ul class=\"wp-block-list\"> <li>El dispositivo de alimentaci\u00f3n autom\u00e1tica es responsable de transformar granos crudos en el sistema de procesamiento. Est\u00e1 equipado con un ventilador para facilitar su operaci\u00f3n autom\u00e1tica.<\/li>    <li>El dispositivo de pantalla vibrante de doble capa es para eliminar el polvo, la arena y otras impurezas peque\u00f1as y ligeras.<\/li>    <li>Un dispositivo espec\u00edfico para eliminar piedras es una parte indispensable para eliminar escombros m\u00e1s pesados (por ejemplo, peque\u00f1as piedras).<\/li>    <li>El dispositivo de limpieza de trigo se utiliza especialmente para separar la paja de trigo, el salvado de trigo y los granos arrugados.<\/li> <\/ul>    <figure class=\"wp-block-gallery has-nested-images columns-default is-cropped wp-block-gallery-2 is-layout-flex wp-block-gallery-is-layout-flex\"> <figure class=\"wp-block-image size-large\"><img loading=\"lazy\" decoding=\"async\" width=\"720\" height=\"540\" data-id=\"658\" src=\"https:\/\/corn-machine.com\/wp-content\/uploads\/2025\/07\/structure-of-small-maize-cleaning-machine.webp\" alt=\"estructura detallada de la peque\u00f1a m\u00e1quina limpiadora de ma\u00edz\" class=\"wp-image-658\" title=\"\" srcset=\"https:\/\/corn-machine.com\/wp-content\/uploads\/2025\/07\/structure-of-small-maize-cleaning-machine.webp 720w, https:\/\/corn-machine.com\/wp-content\/uploads\/2025\/07\/structure-of-small-maize-cleaning-machine-300x225.webp 300w, https:\/\/corn-machine.com\/wp-content\/uploads\/2025\/07\/structure-of-small-maize-cleaning-machine-16x12.webp 16w\" sizes=\"auto, (max-width: 720px) 100vw, 720px\" \/><figcaption class=\"wp-element-caption\">estructura de la m\u00e1quina limpiadora de ma\u00edz peque\u00f1a<\/figcaption><\/figure>    <figure class=\"wp-block-image size-large\"><img loading=\"lazy\" decoding=\"async\" width=\"720\" height=\"540\" data-id=\"659\" src=\"https:\/\/corn-machine.com\/wp-content\/uploads\/2025\/07\/system-of-corn-seed-cleaner-machine.webp\" alt=\"sistema completo de m\u00e1quina limpiadora de semillas de ma\u00edz\" class=\"wp-image-659\" title=\"\" srcset=\"https:\/\/corn-machine.com\/wp-content\/uploads\/2025\/07\/system-of-corn-seed-cleaner-machine.webp 720w, https:\/\/corn-machine.com\/wp-content\/uploads\/2025\/07\/system-of-corn-seed-cleaner-machine-300x225.webp 300w, https:\/\/corn-machine.com\/wp-content\/uploads\/2025\/07\/system-of-corn-seed-cleaner-machine-16x12.webp 16w\" sizes=\"auto, (max-width: 720px) 100vw, 720px\" \/><figcaption class=\"wp-element-caption\">sistema de la m\u00e1quina limpiadora de semillas de ma\u00edz<\/figcaption><\/figure> <\/figure>    <h2 class=\"wp-block-heading\"><strong>\u00bfPor qu\u00e9 es necesario tener un limpiador de granos autom\u00e1tico?<\/strong><\/h2>    <ol class=\"wp-block-list\"> <li>Si tienes una l\u00ednea para procesar granos y quieres reducir el costo de compra de materias primas, puedes a\u00f1adir una m\u00e1quina limpiadora de granos como el primer paso para limpiar los materiales. Puedes procesarlo t\u00fa mismo, eliminando la necesidad de pagar por los costos de limpieza y procesamiento de materias primas.<\/li>    <li>\u00bfSiempre te sentir\u00e1s molesto al limpiar el ma\u00edz y los materiales de trigo de la cosecha de la granja? Esta m\u00e1quina puede ayudarte a resolver los problemas f\u00e1cilmente. Puede separar la paja de trigo, las piedras e incluso el polvo de tus cultivos.<\/li>    <li>Como proveedor de materiales, la mercanc\u00eda limpia y de alta calidad siempre es la primera opci\u00f3n para los clientes. Esta m\u00e1quina puede filtrar cultivos de mala calidad.<\/li> <\/ol>    <p>En la siguiente parte, te mostrar\u00e9 los productos que se pueden producir y el uso espec\u00edfico de la m\u00e1quina.<\/p>    <h2 class=\"wp-block-heading\"><strong>Productos y aplicaciones de maquinaria de limpieza de granos<\/strong><\/h2>    <p>Como m\u00e1quina limpiadora de granos multifuncional, puede filtrar y tamizar escombros de varios granos, como alforf\u00f3n, ma\u00edz, mijo, trigo, etc.<\/p>    <p>La funci\u00f3n principal de la m\u00e1quina de limpieza de granos es seleccionar granos de alta calidad para facilitar el procesamiento de alimentos posterior. Estos materiales procesados son lo suficientemente claros para vender. Pero si est\u00e1s interesado en crear m\u00e1s beneficios, me gustar\u00eda presentarte algunos equipos \u00fatiles.<\/p>    <p>A continuaci\u00f3n, presentar\u00e9 una l\u00ednea de fabricaci\u00f3n que creo que te ayudar\u00e1 a entender el proceso de producci\u00f3n de un producto agroalimentario completo.<\/p>    <figure class=\"wp-block-gallery has-nested-images columns-2 is-cropped wp-block-gallery-3 is-layout-flex wp-block-gallery-is-layout-flex\"> <figure class=\"wp-block-image size-large\"><img loading=\"lazy\" decoding=\"async\" width=\"720\" height=\"540\" data-id=\"660\" src=\"https:\/\/corn-machine.com\/wp-content\/uploads\/2025\/07\/buckwheat.webp\" alt=\"alforf\u00f3n limpiado por la m\u00e1quina limpiadora de granos\" class=\"wp-image-660\" title=\"\" srcset=\"https:\/\/corn-machine.com\/wp-content\/uploads\/2025\/07\/buckwheat.webp 720w, https:\/\/corn-machine.com\/wp-content\/uploads\/2025\/07\/buckwheat-300x225.webp 300w, https:\/\/corn-machine.com\/wp-content\/uploads\/2025\/07\/buckwheat-16x12.webp 16w\" sizes=\"auto, (max-width: 720px) 100vw, 720px\" \/><figcaption class=\"wp-element-caption\"><a href=\"https:\/\/en.wikipedia.org\/wiki\/Buckwheat#Potential_adverse_effects\" target=\"_blank\" rel=\"noopener\">trigo sarraceno<\/a><\/figcaption><\/figure>    <figure class=\"wp-block-image size-large\"><img loading=\"lazy\" decoding=\"async\" width=\"720\" height=\"540\" data-id=\"663\" src=\"https:\/\/corn-machine.com\/wp-content\/uploads\/2025\/07\/corn-1.webp\" alt=\"ma\u00edz limpiado por la m\u00e1quina limpiadora de granos\" class=\"wp-image-663\" title=\"\" srcset=\"https:\/\/corn-machine.com\/wp-content\/uploads\/2025\/07\/corn-1.webp 720w, https:\/\/corn-machine.com\/wp-content\/uploads\/2025\/07\/corn-1-300x225.webp 300w, https:\/\/corn-machine.com\/wp-content\/uploads\/2025\/07\/corn-1-16x12.webp 16w\" sizes=\"auto, (max-width: 720px) 100vw, 720px\" \/><figcaption class=\"wp-element-caption\">ma\u00edz<\/figcaption><\/figure>    <figure class=\"wp-block-image size-large\"><img loading=\"lazy\" decoding=\"async\" width=\"720\" height=\"540\" data-id=\"661\" src=\"https:\/\/corn-machine.com\/wp-content\/uploads\/2025\/07\/millet.webp\" alt=\"mijo limpiado por la m\u00e1quina limpiadora de granos\" class=\"wp-image-661\" title=\"\" srcset=\"https:\/\/corn-machine.com\/wp-content\/uploads\/2025\/07\/millet.webp 720w, https:\/\/corn-machine.com\/wp-content\/uploads\/2025\/07\/millet-300x225.webp 300w, https:\/\/corn-machine.com\/wp-content\/uploads\/2025\/07\/millet-16x12.webp 16w\" sizes=\"auto, (max-width: 720px) 100vw, 720px\" \/><figcaption class=\"wp-element-caption\">mijo<\/figcaption><\/figure>    <figure class=\"wp-block-image size-large\"><img loading=\"lazy\" decoding=\"async\" width=\"720\" height=\"540\" data-id=\"662\" src=\"https:\/\/corn-machine.com\/wp-content\/uploads\/2025\/07\/wheat-1.webp\" alt=\"trigo limpiado por la m\u00e1quina limpiadora de granos\" class=\"wp-image-662\" title=\"\" srcset=\"https:\/\/corn-machine.com\/wp-content\/uploads\/2025\/07\/wheat-1.webp 720w, https:\/\/corn-machine.com\/wp-content\/uploads\/2025\/07\/wheat-1-300x225.webp 300w, https:\/\/corn-machine.com\/wp-content\/uploads\/2025\/07\/wheat-1-16x12.webp 16w\" sizes=\"auto, (max-width: 720px) 100vw, 720px\" \/><figcaption class=\"wp-element-caption\">trigo<\/figcaption><\/figure> <\/figure>    <h2 class=\"wp-block-heading\"><strong>L\u00ednea de producci\u00f3n para procesar ma\u00edz<\/strong><\/h2>    <p class=\"translation-block\">This is a complete grinding corn machine unit for making maize grits, which consists of four main parts: a grain cleaner machine, a silo, <a href=\"https:\/\/corn-machine.com\/es\/product\/maize-grits-making-machine\/\">a maize peeling machine<\/a>, and a T3 corn grits machine.<\/p>    <p>Es el proceso completo de producci\u00f3n de s\u00e9mola de ma\u00edz con un control automatizado superb y una eficiencia de producci\u00f3n extremadamente alta. Puede mejorar el precio de sus productos, que pueden ser suministrados a supermercados, mercados mayoristas de agricultores e incluso a algunas f\u00e1bricas de alimentos que necesitan tales materiales para el procesamiento de alimentos.<\/p>    <figure class=\"wp-block-gallery aligncenter has-nested-images columns-default is-cropped wp-block-gallery-4 is-layout-flex wp-block-gallery-is-layout-flex\"> <figure class=\"wp-block-image size-full\"><img loading=\"lazy\" decoding=\"async\" width=\"720\" height=\"540\" data-id=\"665\" src=\"https:\/\/corn-machine.com\/wp-content\/uploads\/2025\/07\/complete-machine-for-processing-corn.webp\" alt=\"m\u00e1quina completa para procesar ma\u00edz\" class=\"wp-image-665\" title=\"\" srcset=\"https:\/\/corn-machine.com\/wp-content\/uploads\/2025\/07\/complete-machine-for-processing-corn.webp 720w, https:\/\/corn-machine.com\/wp-content\/uploads\/2025\/07\/complete-machine-for-processing-corn-300x225.webp 300w, https:\/\/corn-machine.com\/wp-content\/uploads\/2025\/07\/complete-machine-for-processing-corn-16x12.webp 16w\" sizes=\"auto, (max-width: 720px) 100vw, 720px\" \/><figcaption class=\"wp-element-caption\">l\u00ednea de procesamiento de s\u00e9mola de ma\u00edz<\/figcaption><\/figure>    <figure class=\"wp-block-image size-full\"><img loading=\"lazy\" decoding=\"async\" width=\"720\" height=\"540\" data-id=\"664\" src=\"https:\/\/corn-machine.com\/wp-content\/uploads\/2025\/07\/corn-processing-line.webp\" alt=\"l\u00ednea de procesamiento de ma\u00edz para hacer s\u00e9mola de ma\u00edz\" class=\"wp-image-664\" title=\"\" srcset=\"https:\/\/corn-machine.com\/wp-content\/uploads\/2025\/07\/corn-processing-line.webp 720w, https:\/\/corn-machine.com\/wp-content\/uploads\/2025\/07\/corn-processing-line-300x225.webp 300w, https:\/\/corn-machine.com\/wp-content\/uploads\/2025\/07\/corn-processing-line-16x12.webp 16w\" sizes=\"auto, (max-width: 720px) 100vw, 720px\" \/><figcaption class=\"wp-element-caption\">l\u00ednea de procesamiento de ma\u00edz<\/figcaption><\/figure> <\/figure>    <p>Si est\u00e1s interesado en esta m\u00e1quina o tienes muchas otras preguntas, \u00a1cont\u00e1ctanos para conocer m\u00e1s detalles!<\/p>","protected":false},"excerpt":{"rendered":"<p>la m\u00e1quina limpiadora de granos de alta eficiencia puede procesar ma\u00edz, trigo, ma\u00edz y otros granos. Es productiva y puede limpiar granos de 400-1200 kg\/h. Equipado con un sistema de soplador para una efectiva eliminaci\u00f3n de polvo y desechos.<\/p>","protected":false},"author":1,"featured_media":657,"parent":0,"template":"","tags":[31,33],"product-type":[46],"class_list":["post-651","product","type-product","status-publish","has-post-thumbnail","hentry","tag-corn","tag-grain","product-type-corn-cleaning-machine"],"_links":{"self":[{"href":"https:\/\/corn-machine.com\/es\/wp-json\/wp\/v2\/product\/651","targetHints":{"allow":["GET"]}}],"collection":[{"href":"https:\/\/corn-machine.com\/es\/wp-json\/wp\/v2\/product"}],"about":[{"href":"https:\/\/corn-machine.com\/es\/wp-json\/wp\/v2\/types\/product"}],"author":[{"embeddable":true,"href":"https:\/\/corn-machine.com\/es\/wp-json\/wp\/v2\/users\/1"}],"wp:featuredmedia":[{"embeddable":true,"href":"https:\/\/corn-machine.com\/es\/wp-json\/wp\/v2\/media\/657"}],"wp:attachment":[{"href":"https:\/\/corn-machine.com\/es\/wp-json\/wp\/v2\/media?parent=651"}],"wp:term":[{"taxonomy":"post_tag","embeddable":true,"href":"https:\/\/corn-machine.com\/es\/wp-json\/wp\/v2\/tags?post=651"},{"taxonomy":"product-type","embeddable":true,"href":"https:\/\/corn-machine.com\/es\/wp-json\/wp\/v2\/product-type?post=651"}],"curies":[{"name":"wp","href":"https:\/\/api.w.org\/{rel}","templated":true}]}}