{"id":69,"date":"2022-09-07T06:11:06","date_gmt":"2022-09-06T22:11:06","guid":{"rendered":"https:\/\/corn-machine.com\/?post_type=product&#038;p=69"},"modified":"2025-08-25T14:29:02","modified_gmt":"2025-08-25T06:29:02","slug":"multi-function-corn-thresher","status":"publish","type":"product","link":"https:\/\/corn-machine.com\/es\/product\/multi-function-corn-thresher\/","title":{"rendered":"Trilladora de ma\u00edz multifunci\u00f3n | Trilladora de trigo sorgo"},"content":{"rendered":"<p class=\"translation-block\">El <strong>multi function corn thresher<\/strong> es una m\u00e1quina mejorada basada en la m\u00e1quina regular de trilla de ma\u00edz, que es adecuada para trillar ma\u00edz (producci\u00f3n 3 t\/h), soja (producci\u00f3n 2 t\/h), trigo, sorgo, mijo y otros cultivos (producci\u00f3n 1.5 t\/h).<\/p>    <p>Taizy Machinery\u2019s multipurpose threshers son muy populares en el mercado y se han exportado a Australia, the USA, Indonesia, Zimbabwe, Botswana, Nigeria, y muchos otros pa\u00edses. Contribuye al desarrollo de la agricultura local y ha recibido muchas buenas cr\u00edticas.<\/p>    <figure class=\"wp-block-gallery has-nested-images columns-default is-cropped wp-block-gallery-2 is-layout-flex wp-block-gallery-is-layout-flex\"> <figure class=\"wp-block-image size-large\"><img loading=\"lazy\" decoding=\"async\" width=\"720\" height=\"540\" data-id=\"184\" src=\"https:\/\/corn-machine.com\/wp-content\/uploads\/2022\/09\/our-foreign-customers-are-testing-a-multipurpose-thresher.webp\" alt=\"Nuestros clientes extranjeros est\u00e1n probando una trilladora multiusos.\" class=\"wp-image-184\" title=\"\"><figcaption class=\"wp-element-caption\">Nuestros clientes extranjeros est\u00e1n probando una trilladora multiusos.<\/figcaption><\/figure>    <figure class=\"wp-block-image size-large\"><img loading=\"lazy\" decoding=\"async\" width=\"720\" height=\"540\" data-id=\"175\" src=\"https:\/\/corn-machine.com\/wp-content\/uploads\/2022\/09\/customer-visting.webp\" alt=\"visita al cliente\" class=\"wp-image-175\" title=\"\"><figcaption class=\"wp-element-caption\">visita al cliente<\/figcaption><\/figure> <\/figure>    <h2 class=\"wp-block-heading\" id=\"h-multi-function-corn-thresher-structures\"><strong>Estructuras trilladora de ma\u00edz multifunci\u00f3n.<\/strong><\/h2>    <p>La m\u00e1quina trilladora de trigo est\u00e1 en l\u00ednea con la tendencia del mercado, con un dise\u00f1o simple y una estructura compacta. Principalmente consta de una entrada, una salida, una salida de impurezas y un ventilador inducido. <\/p>    <p>Una cosa a tener en cuenta es que esta desgranadora puede estar equipada con un ventilador simple o un ventilador doble. Con la m\u00e1quina trilladora de trigo de doble ventilador, las semillas de cultivo trilladas son m\u00e1s limpias.<\/p>   <div class=\"wp-block-image\"> <figure class=\"aligncenter size-full\"><img decoding=\"async\" src=\"https:\/\/corn-machine.com\/wp-content\/uploads\/2022\/09\/structure-of-multipurpose-thresher.webp\" alt=\"estructura de la trilladora multiprop\u00f3sito\" class=\"wp-image-186\" title=\"\"><figcaption class=\"wp-element-caption\">estructura de la trilladora multiprop\u00f3sito<\/figcaption><\/figure> <\/div>   <h2 class=\"wp-block-heading\" id=\"h-advantages-of-wheat-thresher-machine\"><strong>Ventajas de la m\u00e1quina trilladora de trigo.<\/strong><\/h2>    <ol class=\"wp-block-list\"> <li>La limpiadora multi-funci\u00f3n de ma\u00edz tiene alta eficiencia de trabajo, y no da\u00f1ar\u00e1 la cosecha con un<strong> tasa de zarandeo de hasta 95%<\/strong> para que el producto terminado tenga menos impurezas.<\/li>    <li>Esta m\u00e1quina trilladora multi-ma\u00edz tiene varios m\u00e9todos de potencia, que incluyen un <strong>motor di\u00e9sel (6-8Hp), un motor de gasolina (170F), y un motor el\u00e9ctrico (2.2-3kw)<\/strong>, y los clientes pueden elegir el m\u00e9todo de potencia adecuado seg\u00fan la situaci\u00f3n real. <\/li>    <li>La trilladora de cultivos tiene un amplio rango de <strong>aplicaciones y puede pelar y trillarse una variedad de cultivos<\/strong>, incluyendo ma\u00edz, sorgo y trigo.<\/li>    <li>La m\u00e1quina de desgranado de ma\u00edz adopta un dise\u00f1o humanizado, la altura de la m\u00e1quina es adecuada para la altura del cuerpo humano, lo que facilita colocar el grano. Adem\u00e1s, la m\u00e1quina puede ser <strong>equipada con ruedas<\/strong> para que sea f\u00e1cil de mover.<\/li>    <li>Esta m\u00e1quina trilladora de mijo es rentable y el <a href=\"https:\/\/corn-machine.com\/es\/Info\/multi-function-corn-thresher-common-problems\/\">mantenimiento de la trilladora<\/a> es f\u00e1cil, lo que puede ayudar a las personas a ahorrar energ\u00eda y dinero.<\/li> <\/ol>    <figure class=\"wp-block-gallery aligncenter has-nested-images columns-default is-cropped wp-block-gallery-3 is-layout-flex wp-block-gallery-is-layout-flex\"> <figure class=\"wp-block-image size-full\"><img loading=\"lazy\" decoding=\"async\" width=\"720\" height=\"540\" data-id=\"810\" src=\"https:\/\/corn-machine.com\/wp-content\/uploads\/2022\/09\/main-power-of-the-corn-thresher.webp\" alt=\"tres potencias principales de la desgranadora de ma\u00edz\" class=\"wp-image-810\" title=\"\" srcset=\"https:\/\/corn-machine.com\/wp-content\/uploads\/2022\/09\/main-power-of-the-corn-thresher.webp 720w, https:\/\/corn-machine.com\/wp-content\/uploads\/2022\/09\/main-power-of-the-corn-thresher-300x225.webp 300w, https:\/\/corn-machine.com\/wp-content\/uploads\/2022\/09\/main-power-of-the-corn-thresher-16x12.webp 16w\" sizes=\"auto, (max-width: 720px) 100vw, 720px\" \/><figcaption class=\"wp-element-caption\">potencia principal de la desgranadora de ma\u00edz<\/figcaption><\/figure>    <figure class=\"wp-block-image size-full\"><img loading=\"lazy\" decoding=\"async\" width=\"720\" height=\"540\" data-id=\"814\" src=\"https:\/\/corn-machine.com\/wp-content\/uploads\/2022\/09\/agriculture-thresher-machine.webp\" alt=\"m\u00e1quina trilladora agr\u00edcola\" class=\"wp-image-814\" title=\"\" srcset=\"https:\/\/corn-machine.com\/wp-content\/uploads\/2022\/09\/agriculture-thresher-machine.webp 720w, https:\/\/corn-machine.com\/wp-content\/uploads\/2022\/09\/agriculture-thresher-machine-300x225.webp 300w, https:\/\/corn-machine.com\/wp-content\/uploads\/2022\/09\/agriculture-thresher-machine-16x12.webp 16w\" sizes=\"auto, (max-width: 720px) 100vw, 720px\" \/><figcaption class=\"wp-element-caption\">m\u00e1quina trilladora agr\u00edcola<\/figcaption><\/figure> <\/figure>    <h2 class=\"wp-block-heading\" id=\"h-technical-parameters-of-multipurpose-thresher\"><strong>Par\u00e1metros t\u00e9cnicos de la trilladora multiusos.<\/strong><\/h2>    <p>Hay dos modelos de esta m\u00e1quina desgranadora de ma\u00edz, que tienen diferentes capacidades y opciones de potencia. Aqu\u00ed est\u00e1n sus par\u00e1metros tecnol\u00f3gicos. Si desea obtener im\u00e1genes m\u00e1s detalladas, por favor cont\u00e1cteme para obtener m\u00e1s informaci\u00f3n.<\/p>    <figure class=\"wp-block-table\"><table><tbody><tr><td>Modelo<\/td><td>Fuerza<\/td><td>Capacidad<\/td><td>Peso<\/td><td>Tama\u00f1o<\/td><td>Solicitud<\/td><\/tr><tr><td>MT-860<\/td><td>Motor di\u00e9sel, motor de gasolina, motor el\u00e9ctrico.<\/td><td>1,5-2 t\/h<\/td><td>112 kilos<\/td><td>1150*860<em>*<\/em>1160 mm<\/td><td>Sorgo, mijo, ma\u00edz, soja.<\/td><\/tr><tr><td>MT-1200<\/td><td>Motor di\u00e9sel de 10-12 CV<\/td><td>ma\u00edz 3t\/h,<br>Soja 2t\/h<br>Sorgo, mijo, trigo, arroz 1,5 t\/h<\/td><td>200 kilos<\/td><td>2100*1700*1400mm<\/td><td>Sorgo, Mijo, Ma\u00edz, Soja<\/td><\/tr><\/tbody><\/table><figcaption class=\"wp-element-caption\">par\u00e1metros de la desgranadora de ma\u00edz multifuncional<\/figcaption><\/figure>    <h2 class=\"wp-block-heading\" id=\"h-applications-of-sorghum-threshing-machine\"><strong>Aplicaciones de la m\u00e1quina desgranadora de ma\u00edz<\/strong><\/h2>    <p class=\"translation-block\">La m\u00e1quina desgranadora de ma\u00edz multifuncional es adecuada para una amplia gama de materias primas y puede pelar y trillar al mismo tiempo. Las materias primas aplicables de la m\u00e1quina trilladora de trigo incluyen sorgo, soja, ma\u00edz, trigo, mijo, etc., y se utilizan ampliamente en granjas de varios tama\u00f1os, agricultores individuales y plantas de procesamiento de granos. Adem\u00e1s, tambi\u00e9n tenemos <a href=\"https:\/\/corn-machine.com\/es\/product\/fresh-corn-sheller-machine\/\">m\u00e1quinas desgranadoras para ma\u00edz fresco<\/a>. Si est\u00e1 interesado, por favor cons\u00faltenos.<\/p>    <figure class=\"wp-block-gallery has-nested-images columns-default is-cropped wp-block-gallery-4 is-layout-flex wp-block-gallery-is-layout-flex\"> <figure class=\"wp-block-image size-large\"><img loading=\"lazy\" decoding=\"async\" width=\"683\" height=\"456\" data-id=\"73\" src=\"https:\/\/corn-machine.com\/wp-content\/uploads\/2022\/09\/millet-thresher.webp\" alt=\"aplicaci\u00f3n de la desgranadora de mijo\" class=\"wp-image-73\" title=\"\"><figcaption class=\"wp-element-caption\">aplicaci\u00f3n de la desgranadora de mijo<\/figcaption><\/figure>    <figure class=\"wp-block-image size-large\"><img loading=\"lazy\" decoding=\"async\" width=\"644\" height=\"433\" data-id=\"74\" src=\"https:\/\/corn-machine.com\/wp-content\/uploads\/2022\/09\/thresher.webp\" alt=\"la aplicaci\u00f3n de la desgranadora\" class=\"wp-image-74\" title=\"\"><figcaption class=\"wp-element-caption\">aplicaci\u00f3n de la m\u00e1quina desgranadora de ma\u00edz<\/figcaption><\/figure> <\/figure>    <figure class=\"wp-block-embed is-type-video is-provider-youtube wp-block-embed-youtube wp-embed-aspect-16-9 wp-has-aspect-ratio\"><div class=\"wp-block-embed__wrapper\"> <iframe loading=\"lazy\" title=\"M\u00e1quina Desgranadora Multifuncional \ud83c\udf3e | \u00a1Alta Tasa de Desgranado y Versatilidad en el Procesamiento de Cultivos! \ud83d\ude9c\" width=\"500\" height=\"281\" src=\"https:\/\/www.youtube.com\/embed\/NSSRi0z_JQg?feature=oembed\" frameborder=\"0\" allow=\"accelerometer; autoplay; clipboard-write; encrypted-media; gyroscope; picture-in-picture; web-share\" referrerpolicy=\"strict-origin-when-cross-origin\" allowfullscreen><\/iframe> <\/div><figcaption class=\"wp-element-caption\">proceso de trabajo de este trilla de granos<\/figcaption><\/figure>    <h2 class=\"wp-block-heading\"><strong>El precio de dicha m\u00e1quina trilladora autom\u00e1tica<\/strong><\/h2>    <p>La m\u00e1quina desgranadora de ma\u00edz no es cara, y su practicidad la hace m\u00e1s rentable. El precio total es de unos pocos cientos de d\u00f3lares, que incluye estas partes:<\/p>    <ul class=\"wp-block-list\"> <li>&nbsp;La potencia de la m\u00e1quina que usted elija, normalmente el precio de menor a mayor: <a href=\"https:\/\/en.wikipedia.org\/wiki\/Petrol_engine\" target=\"_blank\" rel=\"noopener\">motor de gasolina<\/a> &lt; motor el\u00e9ctrico &lt; motor di\u00e9sel<\/li>    <li>El servicio adicional, como el embalaje en caja de madera para proteger las m\u00e1quinas, es solo una peque\u00f1a parte de la factura.<\/li>    <li>El modo de transporte que elija tambi\u00e9n influir\u00e1 en el precio. El transporte a\u00e9reo es m\u00e1s r\u00e1pido pero m\u00e1s caro que el env\u00edo.<\/li> <\/ul>    <h2 class=\"wp-block-heading\" id=\"h-global-case-of-multi-function-corn-thresher\"><strong>Caso global de trilladora de ma\u00edz multifunci\u00f3n.<\/strong><\/h2>    <p>Recientemente exportamos 40 juegos de multi function corn thresher a Zimbabue. Zimbabue es un pa\u00eds en gran medida agr\u00edcola, y el cliente es un distribuidor de Zimbabue que est\u00e1 en el negocio del cultivo de ma\u00edz.<\/p>    <p> Quer\u00eda comprar algunas desgranadoras de ma\u00edz para procesar su negocio. Despu\u00e9s de entender sus necesidades, Grace, la gerente de ventas, recomend\u00f3 esta desgranadora multiprop\u00f3sito porque era m\u00e1s vers\u00e1til y rentable que otros productos. <\/p>    <p>El cliente de Zimbabue estaba muy satisfecho con las caracter\u00edsticas y el precio de la m\u00e1quina y r\u00e1pidamente realiz\u00f3 su pedido. <\/p>   <div class=\"wp-block-image\"> <figure class=\"aligncenter size-large\"><img loading=\"lazy\" decoding=\"async\" width=\"720\" height=\"540\" src=\"https:\/\/corn-machine.com\/wp-content\/uploads\/2022\/09\/load.webp\" alt=\"carga de estas desgranadoras el\u00e9ctricas de ma\u00edz\" class=\"wp-image-180\" title=\"\"><figcaption class=\"wp-element-caption\">carga de estas desgranadoras el\u00e9ctricas de ma\u00edz<\/figcaption><\/figure> <\/div>  <div class=\"wp-block-image\"> <figure class=\"aligncenter size-large\"><img loading=\"lazy\" decoding=\"async\" width=\"720\" height=\"540\" src=\"https:\/\/corn-machine.com\/wp-content\/uploads\/2022\/09\/load-and-delivery-of-multipurpose-thresher.webp\" alt=\"carga y entrega de trilladora multiprop\u00f3sito\" class=\"wp-image-179\" title=\"\"><figcaption class=\"wp-element-caption\">carga y entrega de trilladora multiprop\u00f3sito<\/figcaption><\/figure> <\/div>   <p>Aqu\u00ed hay una imagen enviada por nuestro socio comercial, que est\u00e1 mostrando las operaciones a los agricultores locales. \u201cEres un proveedor fiable, y esta m\u00e1quina es mi equipo ideal. Todos la elogiaron mucho.\u201d<\/p>    <p>Somos Taizy, una empresa de comercio internacional que se especializa en la fabricaci\u00f3n de diversas maquinarias. Si desea cooperar con nosotros, \u00a1no dude en consultarnos!<\/p>   <div class=\"wp-block-image\"> <figure class=\"aligncenter size-full\"><img loading=\"lazy\" decoding=\"async\" width=\"720\" height=\"540\" src=\"https:\/\/corn-machine.com\/wp-content\/uploads\/2022\/09\/feedback-of-the-corn-sheller-machine.webp\" alt=\"retroalimentaci\u00f3n de la m\u00e1quina desgranadora de ma\u00edz multifuncional\" class=\"wp-image-813\" title=\"\" srcset=\"https:\/\/corn-machine.com\/wp-content\/uploads\/2022\/09\/feedback-of-the-corn-sheller-machine.webp 720w, https:\/\/corn-machine.com\/wp-content\/uploads\/2022\/09\/feedback-of-the-corn-sheller-machine-300x225.webp 300w, https:\/\/corn-machine.com\/wp-content\/uploads\/2022\/09\/feedback-of-the-corn-sheller-machine-16x12.webp 16w\" sizes=\"auto, (max-width: 720px) 100vw, 720px\" \/><figcaption class=\"wp-element-caption\">retroalimentaci\u00f3n de la m\u00e1quina desgranadora de ma\u00edz multifuncional<\/figcaption><\/figure> <\/div>   <h2 class=\"wp-block-heading\"><strong>FAQ de esta m\u00e1quina desgranadora de ma\u00edz<\/strong><\/h2>   <div id=\"rank-math-faq\" class=\"rank-math-block\"> <div class=\"rank-math-list\"> <div id=\"faq-question-1754450841002\" class=\"rank-math-list-item\"> <h3 class=\"rank-math-question\">\u00bfC\u00f3mo separar\/diferes entre diferentes cultivos?<\/h3> <div class=\"rank-math-answer\">  <p>Necesitas reemplazar la pantalla con una malla diferente. Al desgranar el ma\u00edz, debes eliminar los cuatro ejes internos.<\/p>  <\/div> <\/div> <div id=\"faq-question-1754450901111\" class=\"rank-math-list-item\"> <h3 class=\"rank-math-question\">No s\u00e9 c\u00f3mo usar la m\u00e1quina. \u00bfQu\u00e9 me proporcionar\u00e1n?<\/h3> <div class=\"rank-math-answer\">  <p>Proporcionaremos videos de procesos de instalaci\u00f3n de m\u00e1quinas, operaci\u00f3n, cambio de pantalla, etc.<\/p>  <\/div> <\/div> <div id=\"faq-question-1754450952149\" class=\"rank-math-list-item\"> <h3 class=\"rank-math-question\">\u00bfEs f\u00e1cil mover la trilladora?<\/h3> <div class=\"rank-math-answer\">  <p>Instalamos ruedas y manijas de empuje para facilitar el movimiento<\/p>  <\/div> <\/div> <div id=\"faq-question-1754451045635\" class=\"rank-math-list-item\"> <h3 class=\"rank-math-question\">\u00bfCon qu\u00e9 cultivos se puede utilizar la m\u00e1quina trilladora multifuncional para ma\u00edz?<\/h3> <div class=\"rank-math-answer\">  <p>Ma\u00edz, trigo, soja, sorgo, etc.<\/p>  <\/div> <\/div> <div id=\"faq-question-1754451098340\" class=\"rank-math-list-item\"> <h3 class=\"rank-math-question\">\u00bfCu\u00e1l es la producci\u00f3n y la tasa de trilla de esta m\u00e1quina desgranadora?<\/h3> <div class=\"rank-math-answer\">  <p>Su productividad es de 1-1,5 t; tasa de trilla \u226595\u00a0%<\/p>  <\/div> <\/div> <\/div> <\/div>   <figure class=\"wp-block-embed aligncenter is-type-video is-provider-youtube wp-block-embed-youtube wp-embed-aspect-16-9 wp-has-aspect-ratio\"><div class=\"wp-block-embed__wrapper\"> <iframe loading=\"lazy\" title=\"M\u00e1quina Trilladora de Granos Multifuncional| \u00a1Funciona con Electricidad\/Di\u00e9sel\/Gasolina Como Fuente de Energ\u00eda!\" width=\"500\" height=\"281\" src=\"https:\/\/www.youtube.com\/embed\/C299z31YTKg?feature=oembed\" frameborder=\"0\" allow=\"accelerometer; autoplay; clipboard-write; encrypted-media; gyroscope; picture-in-picture; web-share\" referrerpolicy=\"strict-origin-when-cross-origin\" allowfullscreen><\/iframe> <\/div><figcaption class=\"wp-element-caption\">progreso de trabajo<\/figcaption><\/figure>","protected":false},"excerpt":{"rendered":"<p>La trilladora multifuncional de ma\u00edz puede desgranar varios tipos de granos, cuya tasa de trilla puede alcanzar el 95%. Puede mejorar la eficiencia del trabajo y reducir el coste de contrataci\u00f3n de mano de obra.<\/p>","protected":false},"author":1,"featured_media":78,"parent":0,"template":"","tags":[20],"product-type":[42],"class_list":["post-69","product","type-product","status-publish","has-post-thumbnail","hentry","tag-corn-thresher","product-type-maize-sheller-machine"],"_links":{"self":[{"href":"https:\/\/corn-machine.com\/es\/wp-json\/wp\/v2\/product\/69","targetHints":{"allow":["GET"]}}],"collection":[{"href":"https:\/\/corn-machine.com\/es\/wp-json\/wp\/v2\/product"}],"about":[{"href":"https:\/\/corn-machine.com\/es\/wp-json\/wp\/v2\/types\/product"}],"author":[{"embeddable":true,"href":"https:\/\/corn-machine.com\/es\/wp-json\/wp\/v2\/users\/1"}],"wp:featuredmedia":[{"embeddable":true,"href":"https:\/\/corn-machine.com\/es\/wp-json\/wp\/v2\/media\/78"}],"wp:attachment":[{"href":"https:\/\/corn-machine.com\/es\/wp-json\/wp\/v2\/media?parent=69"}],"wp:term":[{"taxonomy":"post_tag","embeddable":true,"href":"https:\/\/corn-machine.com\/es\/wp-json\/wp\/v2\/tags?post=69"},{"taxonomy":"product-type","embeddable":true,"href":"https:\/\/corn-machine.com\/es\/wp-json\/wp\/v2\/product-type?post=69"}],"curies":[{"name":"wp","href":"https:\/\/api.w.org\/{rel}","templated":true}]}}