{"id":75,"date":"2022-09-07T07:43:41","date_gmt":"2022-09-06T23:43:41","guid":{"rendered":"https:\/\/corn-machine.com\/?post_type=product&#038;p=75"},"modified":"2025-07-29T17:32:35","modified_gmt":"2025-07-29T09:32:35","slug":"small-maize-grinding-machine","status":"publish","type":"product","link":"https:\/\/corn-machine.com\/es\/product\/small-maize-grinding-machine\/","title":{"rendered":"M\u00e1quina trituradora de ma\u00edz peque\u00f1a | M\u00e1quina de molino de disco de grano"},"content":{"rendered":"<p>La peque\u00f1a m\u00e1quina trituradora de ma\u00edz tambi\u00e9n se llama molino de discos, y a menudo se utiliza para moler diversos materiales secos hasta convertirlos en polvo, como ma\u00edz, soja, sorgo y otros cultivos, pero tambi\u00e9n pimientos, especias, etc. Tiene buena calidad, rendimiento estable y rendimiento de alto costo. Por lo tanto, las m\u00e1quinas son muy populares en el pa\u00eds y en el extranjero debido a su practicidad.<\/p>    <figure class=\"wp-block-gallery has-nested-images columns-default is-cropped wp-block-gallery-2 is-layout-flex wp-block-gallery-is-layout-flex\"> <figure class=\"wp-block-image size-large\"><img loading=\"lazy\" decoding=\"async\" width=\"720\" height=\"540\" data-id=\"217\" src=\"https:\/\/corn-machine.com\/wp-content\/uploads\/2022\/09\/maize-shelling-machine-1.webp\" alt=\"maquina descascaradora de maiz\" class=\"wp-image-217\" title=\"\"><figcaption class=\"wp-element-caption\">maquina descascaradora de maiz<\/figcaption><\/figure>    <figure class=\"wp-block-image size-large\"><img loading=\"lazy\" decoding=\"async\" width=\"720\" height=\"540\" data-id=\"213\" src=\"https:\/\/corn-machine.com\/wp-content\/uploads\/2022\/09\/automatic-corn-sheller-1.webp\" alt=\"desgranadora de ma\u00edz autom\u00e1tica\" class=\"wp-image-213\" title=\"\"><figcaption class=\"wp-element-caption\">desgranadora de ma\u00edz autom\u00e1tica<\/figcaption><\/figure> <\/figure>    <h2 class=\"wp-block-heading\" id=\"h-applications-of-grain-grinder-machine\">Aplicaciones de la m\u00e1quina trituradora de granos.<\/h2>    <p class=\"translation-block\">Esta m\u00e1quina de molino de disco es un triturador de garras dentadas que puede moler ma\u00edz, sorgo, trigo, soja, arroz y otros granos trillados por una <a href=\"https:\/\/corn-machine.com\/es\/product\/multi-function-corn-thresher\/\">m\u00e1quina desgranadora de granos<\/a>. Tambi\u00e9n puede triturar hierbas, c\u00farcuma, chiles secos y otras especias. Taizy Machinery ha estado fabricando molinos de disco durante m\u00e1s de 12 a\u00f1os y espera su consulta y cooperaci\u00f3n.<\/p>   <div class=\"wp-block-image\"> <figure class=\"aligncenter size-full\"><img loading=\"lazy\" decoding=\"async\" width=\"720\" height=\"540\" src=\"https:\/\/corn-machine.com\/wp-content\/uploads\/2022\/09\/application-.webp\" alt=\"\" class=\"wp-image-210\" title=\"\"><\/figure> <\/div>   <h2 class=\"wp-block-heading\" id=\"h-structures-of-small-maize-grinding-machine\">Estructuras de peque\u00f1a m\u00e1quina trituradora de ma\u00edz.<\/h2>    <p>De hecho, la estructura del molino de discos es muy simple e incluye entrada, salida, recipiente de trituraci\u00f3n, criba, etc. Como ejemplo, la estructura de una m\u00e1quina con separador cicl\u00f3nico se muestra en la siguiente figura. Puedes elegir el que m\u00e1s te guste entre los distintos tipos. <\/p>    <p>El molino de discos tiene 9 tamices de finura diferente, 0,2 mm, 0,4 mm, 0,6 mm, 0,8 mm, 1 mm, 2 mm, 3 mm, 5 mm, seg\u00fan los diferentes materiales, los clientes pueden elegir diferentes tamices. Adem\u00e1s, tambi\u00e9n podemos personalizar otros tama\u00f1os de pantalla para usted.<\/p>   <div class=\"wp-block-image\"> <figure class=\"aligncenter size-full\"><img loading=\"lazy\" decoding=\"async\" width=\"720\" height=\"540\" src=\"https:\/\/corn-machine.com\/wp-content\/uploads\/2022\/09\/structure-of-corn-threshing-machine.webp\" alt=\"estructura de la trilladora de ma\u00edz\" class=\"wp-image-220\" title=\"\"><figcaption class=\"wp-element-caption\">estructura de la trilladora de ma\u00edz<\/figcaption><\/figure> <\/div>   <h2 class=\"wp-block-heading\" id=\"h-parameters-of-disk-mill-machine\">Par\u00e1metros de la fresadora de discos.<\/h2>    <figure class=\"wp-block-table\"><table><tbody><tr><td>Modelo<\/td><td>9FZ-45<\/td><\/tr><tr><td>Velocidad de rotaci\u00f3n<\/td><td>3200 rpm<\/td><\/tr><tr><td>Di\u00e1metro del rotor<\/td><td>450 mm<\/td><\/tr><tr><td>Di\u00e1metro del anillo tamiz<\/td><td>508mm<\/td><\/tr><tr><td>Tama\u00f1o de pantalla (mm)<\/td><td>1600\u00d7115mm<\/td><\/tr><tr><td>Productividad<\/td><td>\u22651500kg\/hora<\/td><\/tr><tr><td>Dientes planos (trozos)<\/td><td>6<\/td><\/tr><tr><td>Dientes cuadrados (trozos)<\/td><td>12<\/td><\/tr><tr><td>Voltaje<\/td><td>380V<\/td><\/tr><tr><td>Peso<\/td><td>200 kilos<\/td><\/tr><\/tbody><\/table><\/figure>    <h2 class=\"wp-block-heading\" id=\"h-small-maize-grinding-machine-advantages\">Ventajas de la m\u00e1quina trituradora de ma\u00edz peque\u00f1a <\/h2>    <ul class=\"wp-block-list\"> <li>El molino de ma\u00edz tiene una estructura compacta, de tama\u00f1o peque\u00f1o y no ocupa el \u00e1rea de la f\u00e1brica.<\/li>    <li>La peque\u00f1a m\u00e1quina trituradora de ma\u00edz tiene una amplia gama de aplicaciones, no solo para granos sino que tambi\u00e9n puede triturar diversos materiales qu\u00edmicos, medicina tradicional china, especias, etc. El alto rendimiento de trituraci\u00f3n puede satisfacer las necesidades de todo tipo de clientes.<\/li>    <li>Los colectores de polvo se pueden instalar seg\u00fan los requisitos del cliente, sin contaminaci\u00f3n de polvo, lo que podr\u00eda proteger el medio ambiente.<\/li> <\/ul>    <figure class=\"wp-block-gallery has-nested-images columns-default is-cropped wp-block-gallery-3 is-layout-flex wp-block-gallery-is-layout-flex\"> <figure class=\"wp-block-image size-large\"><img loading=\"lazy\" decoding=\"async\" width=\"720\" height=\"540\" data-id=\"212\" src=\"https:\/\/corn-machine.com\/wp-content\/uploads\/2022\/09\/automatic-corn-sheller-working-process.webp\" alt=\"proceso de trabajo autom\u00e1tico desgranadora de ma\u00edz\" class=\"wp-image-212\" title=\"\"><figcaption class=\"wp-element-caption\">proceso de trabajo autom\u00e1tico desgranadora de ma\u00edz<\/figcaption><\/figure>    <figure class=\"wp-block-image size-large\"><img loading=\"lazy\" decoding=\"async\" width=\"720\" height=\"540\" data-id=\"215\" src=\"https:\/\/corn-machine.com\/wp-content\/uploads\/2022\/09\/final-product.webp\" alt=\"producto final\" class=\"wp-image-215\" title=\"\"><figcaption class=\"wp-element-caption\">producto final<\/figcaption><\/figure> <\/figure>    <h2 class=\"wp-block-heading\" id=\"h-working-video-of-maize-grinding-mill\">Video de trabajo del molino de ma\u00edz.<\/h2>    <figure class=\"wp-block-embed is-type-video is-provider-youtube wp-block-embed-youtube wp-embed-aspect-16-9 wp-has-aspect-ratio\"><div class=\"wp-block-embed__wrapper\"> <iframe loading=\"lazy\" title=\"\ud83d\udd27M\u00e1quina de molino de discos para granos explicada | Potencia de molienda para granos, especias y m\u00e1s! #ma\u00edz #harina #grano\" width=\"500\" height=\"281\" src=\"https:\/\/www.youtube.com\/embed\/8R_PGr33qO4?feature=oembed\" frameborder=\"0\" allow=\"accelerometer; autoplay; clipboard-write; encrypted-media; gyroscope; picture-in-picture; web-share\" referrerpolicy=\"strict-origin-when-cross-origin\" allowfullscreen><\/iframe> <\/div><figcaption class=\"wp-element-caption\">procesamiento de trabajo del molino de disco<\/figcaption><\/figure>","protected":false},"excerpt":{"rendered":"<p>The small maize grinding machine is also called a disk mill machine, which is often used to grind various dry materials into powder, such as corn, soybeans, sorghum, and other crops, but also for peppers, spices, etc. Our disk mill machine has good quality, stable performance and high-cost performance. Therefore, machines are widely popular at [&hellip;]<\/p>\n","protected":false},"author":1,"featured_media":77,"parent":0,"template":"","tags":[25],"product-type":[43],"class_list":["post-75","product","type-product","status-publish","has-post-thumbnail","hentry","tag-maize-grinding-machine","product-type-maize-grinding-mill-machine"],"_links":{"self":[{"href":"https:\/\/corn-machine.com\/es\/wp-json\/wp\/v2\/product\/75","targetHints":{"allow":["GET"]}}],"collection":[{"href":"https:\/\/corn-machine.com\/es\/wp-json\/wp\/v2\/product"}],"about":[{"href":"https:\/\/corn-machine.com\/es\/wp-json\/wp\/v2\/types\/product"}],"author":[{"embeddable":true,"href":"https:\/\/corn-machine.com\/es\/wp-json\/wp\/v2\/users\/1"}],"wp:featuredmedia":[{"embeddable":true,"href":"https:\/\/corn-machine.com\/es\/wp-json\/wp\/v2\/media\/77"}],"wp:attachment":[{"href":"https:\/\/corn-machine.com\/es\/wp-json\/wp\/v2\/media?parent=75"}],"wp:term":[{"taxonomy":"post_tag","embeddable":true,"href":"https:\/\/corn-machine.com\/es\/wp-json\/wp\/v2\/tags?post=75"},{"taxonomy":"product-type","embeddable":true,"href":"https:\/\/corn-machine.com\/es\/wp-json\/wp\/v2\/product-type?post=75"}],"curies":[{"name":"wp","href":"https:\/\/api.w.org\/{rel}","templated":true}]}}