{"id":79,"date":"2022-09-07T10:35:45","date_gmt":"2022-09-07T10:35:45","guid":{"rendered":"https:\/\/corn-machine.com\/?post_type=product&#038;p=79"},"modified":"2026-02-14T13:24:18","modified_gmt":"2026-02-14T05:24:18","slug":"hammer-mill-grinder-for-corn","status":"publish","type":"product","link":"https:\/\/corn-machine.com\/es\/product\/hammer-mill-grinder-for-corn\/","title":{"rendered":"Molino de martillos para ma\u00edz | Molinillo de harina de ma\u00edz peque\u00f1o"},"content":{"rendered":"<p class=\"translation-block\">Un peque\u00f1o molinillo de harina de ma\u00edz puede triturar paja, ma\u00edz y forraje en part\u00edculas peque\u00f1as. Hay varios modelos en esta serie de m\u00e1quinas, y la producci\u00f3n var\u00eda seg\u00fan el modelo. El <strong>molino de martillos<\/strong> para ma\u00edz puede equiparse con tres tipos de potencia: motor el\u00e9ctrico, motor di\u00e9sel y motor de gasolina. <\/p>    <figure class=\"wp-block-embed aligncenter is-type-video is-provider-youtube wp-block-embed-youtube wp-embed-aspect-16-9 wp-has-aspect-ratio\"><div class=\"wp-block-embed__wrapper\"> <iframe loading=\"lazy\" title=\"M\u00e1quina de molienda de molino de martillos para alimentaci\u00f3n animal Contacto  8617703863868\" width=\"500\" height=\"281\" src=\"https:\/\/www.youtube.com\/embed\/m_VF5zWmSzI?feature=oembed\" frameborder=\"0\" allow=\"accelerometer; autoplay; clipboard-write; encrypted-media; gyroscope; picture-in-picture; web-share\" referrerpolicy=\"strict-origin-when-cross-origin\" allowfullscreen><\/iframe> <\/div><figcaption class=\"wp-element-caption\">video de trabajo de la m\u00e1quina de molienda de molino de ma\u00edz<\/figcaption><\/figure>    <p>Los clientes pueden elegir seg\u00fan sus necesidades. En este art\u00edculo, presentamos principalmente cuatro modelos: 9FQ-320, 9FQ-360, 9FQ-420 y 9FQ-500. Adem\u00e1s, disponemos de otros modelos de m\u00e1quinas de molienda de ma\u00edz. Si est\u00e1 interesado, cont\u00e1ctenos.<\/p>   <div class=\"wp-block-image\"> <figure class=\"aligncenter size-full\"><img loading=\"lazy\" decoding=\"async\" width=\"720\" height=\"540\" src=\"https:\/\/corn-machine.com\/wp-content\/uploads\/2022\/09\/9fq360.jpg\" alt=\"9fq360\" class=\"wp-image-226\" title=\"\"><figcaption class=\"wp-element-caption\">Nuestro cliente extranjero visit\u00f3 nuestra f\u00e1brica.<\/figcaption><\/figure> <\/div>   <h2 class=\"wp-block-heading\" id=\"h-structure-of-hammer-mill-grinder-for-corn\">Estructura del molino de martillos para ma\u00edz.<\/h2>    <p>El molino de harina de ma\u00edz incluye principalmente una entrada, una c\u00e1mara de trituraci\u00f3n, una cuchilla de martillo, un separador cicl\u00f3nico, una malla, etc. Las cuchillas de martillo en la c\u00e1mara de trituraci\u00f3n son cuchillas de acero de alto carbono, que son muy resistentes al desgaste y tienen una larga vida \u00fatil.<\/p>    <p>Esta pantalla tambi\u00e9n es una pieza de desgaste de esta m\u00e1quina y necesita ser reemplazada regularmente. Taizy puede personalizar pantallas seg\u00fan el tama\u00f1o final del producto que necesite.<\/p>   <div class=\"wp-block-image\"> <figure class=\"aligncenter size-full\"><img loading=\"lazy\" decoding=\"async\" width=\"720\" height=\"540\" src=\"https:\/\/corn-machine.com\/wp-content\/uploads\/2022\/09\/structure-of-9fq360.jpg\" alt=\"\" class=\"wp-image-222\" title=\"\"><\/figure> <\/div>   <h2 class=\"wp-block-heading\" id=\"h-how-does-a-small-corn-meal-grinder-work\">\u00bfC\u00f3mo funciona un molinillo peque\u00f1o de harina de ma\u00edz?<\/h2>    <p>El proceso de trabajo de la trituradora de molino de martillos para ma\u00edz es muy simple. <\/p>    <ul class=\"wp-block-list\"> <li>Primero, la materia prima se introduce en la c\u00e1mara de trituraci\u00f3n a trav\u00e9s del alimentador. <\/li>    <li>Luego, los martillos en la c\u00e1mara de trituraci\u00f3n girar\u00e1n a alta velocidad para triturar r\u00e1pidamente la materia prima. <\/li>    <li>Finalmente, la materia prima triturada se filtra finamente mediante la pantalla y se descarga por la salida de descarga.<\/li> <\/ul>    <h2 class=\"wp-block-heading\" id=\"h-working-video-of-hammer-mill-grinder-for-corn\">Video de trabajo de la trituradora de molino de martillos para ma\u00edz<\/h2>    <p class=\"translation-block\">La trituradora de molino de ma\u00edz se usa para triturar cultivos en polvo despu\u00e9s de la trilla. Taizy Machinery tambi\u00e9n ofrece <a href=\"https:\/\/corn-machine.com\/es\/product\/desgranadora-de-maiz-automatica\/\">m\u00e1quinas de trillar de ma\u00edz<\/a>. Bienvenido a consultar.<\/p>    <figure class=\"wp-block-embed is-type-video is-provider-youtube wp-block-embed-youtube wp-embed-aspect-16-9 wp-has-aspect-ratio\"><div class=\"wp-block-embed__wrapper\"> <iframe loading=\"lazy\" title=\"Proceso de trabajo del peque\u00f1o molino de disco | Molinillo de polvo fino para moler harina de ma\u00edz y polvo de chile\ud83c\udf3d\ud83c\udf36\" width=\"500\" height=\"281\" src=\"https:\/\/www.youtube.com\/embed\/w81WyWVNKFA?feature=oembed\" frameborder=\"0\" allow=\"accelerometer; autoplay; clipboard-write; encrypted-media; gyroscope; picture-in-picture; web-share\" referrerpolicy=\"strict-origin-when-cross-origin\" allowfullscreen><\/iframe> <\/div><figcaption class=\"wp-element-caption\">proceso de trabajo de la m\u00e1quina de moler 9FQ<\/figcaption><\/figure>    <h2 class=\"wp-block-heading\" id=\"h-advantages-of-hammer-mill-grinder-for-corn\">Ventajas del molino de martillos para ma\u00edz<\/h2>    <ul class=\"wp-block-list\"> <li>La m\u00e1quina de molienda de ma\u00edz es vers\u00e1til y puede triturar no solo granos como ma\u00edz, soja y ma\u00edz, sino tambi\u00e9n materiales de biomasa como paja, astillas de madera, etc. Puede procesar varias materias primas en materiales m\u00e1s peque\u00f1os de 3-5mm.<\/li>    <li>Nuestra m\u00e1quina trituradora de molino de ma\u00edz es f\u00e1cil de operar. El personal no necesita capacitaci\u00f3n, solo abrir la m\u00e1quina, poner el material en ella y puede ser operada.<\/li>    <li>El tama\u00f1o del molino de martillos para ma\u00edz se puede triturar y se puede ajustar, y diferentes cribas pueden producir diferentes tama\u00f1os de productos terminados.<\/li> <\/ul>    <figure class=\"wp-block-gallery has-nested-images columns-default is-cropped wp-block-gallery-2 is-layout-flex wp-block-gallery-is-layout-flex\"> <figure class=\"wp-block-image size-large\"><img loading=\"lazy\" decoding=\"async\" width=\"540\" height=\"720\" data-id=\"225\" src=\"https:\/\/corn-machine.com\/wp-content\/uploads\/2022\/09\/9fq420.jpg\" alt=\"9fq420\" class=\"wp-image-225\" title=\"\"><figcaption class=\"wp-element-caption\">9fq420<\/figcaption><\/figure>    <figure class=\"wp-block-image size-large\"><img loading=\"lazy\" decoding=\"async\" width=\"540\" height=\"720\" data-id=\"223\" src=\"https:\/\/corn-machine.com\/wp-content\/uploads\/2022\/09\/9fq500-2.jpg\" alt=\"9fq500 \" class=\"wp-image-223\" title=\"\"><figcaption class=\"wp-element-caption\">9fq500 <\/figcaption><\/figure> <\/figure>    <h2 class=\"wp-block-heading\" id=\"h-parameters-of-maize-grinding-machine\">Par\u00e1metros de la m\u00e1quina trituradora de ma\u00edz.<\/h2>    <p>La siguiente tabla muestra los modelos principales de la m\u00e1quina de molienda de molino de ma\u00edz y sus par\u00e1metros t\u00e9cnicos. Taizy Machinery tambi\u00e9n ofrece otros modelos de molinillos de ma\u00edz, adem\u00e1s de estos cuatro modelos. Si est\u00e1 interesado, cont\u00e1ctenos y le enviaremos los detalles de la m\u00e1quina pronto.<\/p>    <figure class=\"wp-block-table\"><table><tbody><tr><td>Modelo<\/td><td>Fuerza<\/td><td>Peso<\/td><td>Capacidad<\/td><td>Martillo<\/td><td>Dia del tamiz<\/td><td>Tama\u00f1o<\/td><\/tr><tr><td>9FQ-320<\/td><td>2,2 kw<\/td><td>85kg<\/td><td>100kg\/h<\/td><td>16 piezas<\/td><td>0,5-5mm<\/td><td>500*300*600mm<\/td><\/tr><tr><td>9FQ-360<\/td><td>5,5 kw<\/td><td>130kg<\/td><td>150kg\/h<\/td><td>24pcs<\/td><td>0,5-5mm<\/td><td>1100*600*1200mm<\/td><\/tr><tr><td>9FQ-420<\/td><td>7,5\/11kw<\/td><td>220 kilos<\/td><td>300kg\/h<\/td><td>24pcs<\/td><td>1,2-3 mm<\/td><td>1200*800*1900mm<\/td><\/tr><tr><td>9FQ-500<\/td><td>11\/15kw<\/td><td>270 kilos<\/td><td>500kg\/h<\/td><td>24pcs<\/td><td>1,2-3 mm<\/td><td>1200*800*1300mm<\/td><\/tr><tr><td>9FQ-600<\/td><td>18.5-22kw<\/td><td>500kg<\/td><td>1000kg\/hora<\/td><td>32pcs<\/td><td>1,2-3 mm<\/td><td>1500*900*1500mm<\/td><\/tr><tr><td>9FQ-750<\/td><td>22-30kw<\/td><td>850kg<\/td><td>1500kg\/h<\/td><td>32pcs<\/td><td>1,2-3 mm<\/td><td>1500*1300*1800mm<\/td><\/tr><tr><td>9FQ-800<\/td><td>37kw<\/td><td>1000kg<\/td><td>2000kg\/h<\/td><td>40pcs<\/td><td>1.2-5mm<\/td><td>1500*1200*1600mm<\/td><\/tr><tr><td>9FQ-1000<\/td><td>45-55kw<\/td><td>1200kg<\/td><td>3000kg\/h<\/td><td>64pcs<\/td><td>1.2-5mm<\/td><td>1500*1300*1800mm<\/td><\/tr><\/tbody><\/table><\/figure>    <h2 class=\"wp-block-heading\" id=\"h-global-case-of-corn-mill-grinder-machine\">Caso global de m\u00e1quina trituradora de molino de ma\u00edz<\/h2>    <p>Un cliente de Nueva Zelanda compr\u00f3 uno de nuestros molinos de martillos para ma\u00edz. Necesitaba una m\u00e1quina para moler su ma\u00edz. Tras comprender las necesidades de este cliente, nuestra gerente de ventas, Coco, le recomend\u00f3 una 9fq-360, y el cliente realiz\u00f3 el pedido r\u00e1pidamente debido a nuestro servicio de m\u00e1quinas profesional e integral. La imagen a continuaci\u00f3n es la foto del embalaje y env\u00edo de la m\u00e1quina.<\/p>    <figure class=\"wp-block-gallery has-nested-images columns-default is-cropped wp-block-gallery-3 is-layout-flex wp-block-gallery-is-layout-flex\"> <figure class=\"wp-block-image size-large\"><img loading=\"lazy\" decoding=\"async\" width=\"540\" height=\"720\" data-id=\"1550\" src=\"https:\/\/corn-machine.com\/wp-content\/uploads\/2022\/09\/hammer-mill-machine.webp\" alt=\"embalaje de la m\u00e1quina de molino de martillos\" class=\"wp-image-1550\" title=\"\" srcset=\"https:\/\/corn-machine.com\/wp-content\/uploads\/2022\/09\/hammer-mill-machine.webp 540w, https:\/\/corn-machine.com\/wp-content\/uploads\/2022\/09\/hammer-mill-machine-225x300.webp 225w, https:\/\/corn-machine.com\/wp-content\/uploads\/2022\/09\/hammer-mill-machine-9x12.webp 9w\" sizes=\"auto, (max-width: 540px) 100vw, 540px\" \/><figcaption class=\"wp-element-caption\">embalaje de la m\u00e1quina de molino de martillos<\/figcaption><\/figure>    <figure class=\"wp-block-image size-large\"><img loading=\"lazy\" decoding=\"async\" width=\"540\" height=\"720\" data-id=\"1551\" src=\"https:\/\/corn-machine.com\/wp-content\/uploads\/2022\/09\/loading-of-hammer-grinder.webp\" alt=\"carga de la trituradora de martillos\" class=\"wp-image-1551\" title=\"\" srcset=\"https:\/\/corn-machine.com\/wp-content\/uploads\/2022\/09\/loading-of-hammer-grinder.webp 540w, https:\/\/corn-machine.com\/wp-content\/uploads\/2022\/09\/loading-of-hammer-grinder-225x300.webp 225w, https:\/\/corn-machine.com\/wp-content\/uploads\/2022\/09\/loading-of-hammer-grinder-9x12.webp 9w\" sizes=\"auto, (max-width: 540px) 100vw, 540px\" \/><figcaption class=\"wp-element-caption\">carga de la trituradora de martillos<\/figcaption><\/figure> <\/figure>    <h2 class=\"wp-block-heading\"><strong>\u00bfC\u00f3mo mantener un molino de martillos?<\/strong><\/h2>    <ol class=\"wp-block-list\"> <li>Al introducir materias primas, tenga cuidado de no mezclar piedras, hierro u otros objetos duros. Los objetos duros da\u00f1ar\u00e1n los martillos y la pantalla.<\/li>    <li>Lubricar los rodamientos una vez a la semana. Con alta intensidad y frecuencia de uso, el lubricante debe a\u00f1adirse con m\u00e1s frecuencia.<\/li>    <li>Con el tiempo, los pasadores pueden aflojarse, por lo que se recomienda revisarlos regularmente para evitar que se caigan.<\/li>    <li>La pantalla y los martillos deben ser reemplazados dentro de un a\u00f1o debido al desgaste natural. Ofrecemos un suministro a largo plazo de piezas de repuesto.<\/li> <\/ol>    <p>Taizy es un fabricante profesional de m\u00e1quinas agr\u00edcolas con certificaciones internacionales. Si deseas encontrar una m\u00e1quina adecuada a buen precio, \u00a1cont\u00e1ctanos para obtener la informaci\u00f3n m\u00e1s reciente sobre precios y m\u00e1quinas!<\/p>    <figure class=\"wp-block-gallery has-nested-images columns-default is-cropped wp-block-gallery-4 is-layout-flex wp-block-gallery-is-layout-flex\"> <figure class=\"wp-block-image size-large\"><img loading=\"lazy\" decoding=\"async\" width=\"540\" height=\"720\" data-id=\"1577\" src=\"https:\/\/corn-machine.com\/wp-content\/uploads\/2022\/09\/international-machine-certification.webp\" alt=\"certificaci\u00f3n internacional de m\u00e1quinas\" class=\"wp-image-1577\" title=\"\" srcset=\"https:\/\/corn-machine.com\/wp-content\/uploads\/2022\/09\/international-machine-certification.webp 540w, https:\/\/corn-machine.com\/wp-content\/uploads\/2022\/09\/international-machine-certification-225x300.webp 225w, https:\/\/corn-machine.com\/wp-content\/uploads\/2022\/09\/international-machine-certification-9x12.webp 9w\" sizes=\"auto, (max-width: 540px) 100vw, 540px\" \/><figcaption class=\"wp-element-caption\">certificaci\u00f3n internacional de m\u00e1quinas<\/figcaption><\/figure>    <figure class=\"wp-block-image size-large\"><img loading=\"lazy\" decoding=\"async\" width=\"540\" height=\"720\" data-id=\"1578\" src=\"https:\/\/corn-machine.com\/wp-content\/uploads\/2022\/09\/Taizy-customers.webp\" alt=\"Clientes de Taizy\" class=\"wp-image-1578\" title=\"\" srcset=\"https:\/\/corn-machine.com\/wp-content\/uploads\/2022\/09\/Taizy-customers.webp 540w, https:\/\/corn-machine.com\/wp-content\/uploads\/2022\/09\/Taizy-customers-225x300.webp 225w, https:\/\/corn-machine.com\/wp-content\/uploads\/2022\/09\/Taizy-customers-9x12.webp 9w\" sizes=\"auto, (max-width: 540px) 100vw, 540px\" \/><figcaption class=\"wp-element-caption\">Clientes de Taizy<\/figcaption><\/figure> <\/figure>","protected":false},"excerpt":{"rendered":"<p>A small corn meal grinder can crush straw, corn, and forage into small particles. There are various models of this series of machines, and the output of different models is different. The corn hammer mill grinder for corn can be equipped with three kinds of power: electric motor, diesel engine, and gasoline engine. Customers can [&hellip;]<\/p>\n","protected":false},"author":1,"featured_media":81,"parent":0,"template":"","tags":[22],"product-type":[43],"class_list":["post-79","product","type-product","status-publish","has-post-thumbnail","hentry","tag-corn-grinder","product-type-maize-grinding-mill-machine"],"_links":{"self":[{"href":"https:\/\/corn-machine.com\/es\/wp-json\/wp\/v2\/product\/79","targetHints":{"allow":["GET"]}}],"collection":[{"href":"https:\/\/corn-machine.com\/es\/wp-json\/wp\/v2\/product"}],"about":[{"href":"https:\/\/corn-machine.com\/es\/wp-json\/wp\/v2\/types\/product"}],"author":[{"embeddable":true,"href":"https:\/\/corn-machine.com\/es\/wp-json\/wp\/v2\/users\/1"}],"wp:featuredmedia":[{"embeddable":true,"href":"https:\/\/corn-machine.com\/es\/wp-json\/wp\/v2\/media\/81"}],"wp:attachment":[{"href":"https:\/\/corn-machine.com\/es\/wp-json\/wp\/v2\/media?parent=79"}],"wp:term":[{"taxonomy":"post_tag","embeddable":true,"href":"https:\/\/corn-machine.com\/es\/wp-json\/wp\/v2\/tags?post=79"},{"taxonomy":"product-type","embeddable":true,"href":"https:\/\/corn-machine.com\/es\/wp-json\/wp\/v2\/product-type?post=79"}],"curies":[{"name":"wp","href":"https:\/\/api.w.org\/{rel}","templated":true}]}}