{"id":862,"date":"2025-08-19T16:24:12","date_gmt":"2025-08-19T08:24:12","guid":{"rendered":"https:\/\/corn-machine.com\/?post_type=product&#038;p=862"},"modified":"2025-08-29T17:24:06","modified_gmt":"2025-08-29T09:24:06","slug":"sweet-corn-cutting-machine-food-process","status":"publish","type":"product","link":"https:\/\/corn-machine.com\/es\/product\/sweet-corn-cutting-machine-food-process\/","title":{"rendered":"M\u00e1quina autom\u00e1tica cortadora de ma\u00edz dulce para el procesamiento de ma\u00edz fresco"},"content":{"rendered":"<p class=\"translation-block\">La <strong>m\u00e1quina cortadora de ma\u00edz<\/strong> fresca Taizy puede cortar principalmente ma\u00edz glutinoso, ma\u00edz dulce, ma\u00edz congelado y otros alimentos de forma y dureza similar (zanahorias, \u00f1ames y yuca). Su tama\u00f1o m\u00e1ximo de corte es de 25 mm, con una producci\u00f3n que puede alcanzar de 500 kg a 600 kg por hora. <\/p>    <p>Hay dos tipos de cortadores de ma\u00edz: cortadores de ma\u00edz de una fila (pueden producir 1500 mazorcas por hora) y cortadores de ma\u00edz de dos filas (pueden procesar 3000 mazorcas por hora).<\/p>    <figure class=\"wp-block-gallery has-nested-images columns-default is-cropped wp-block-gallery-2 is-layout-flex wp-block-gallery-is-layout-flex\"> <figure class=\"wp-block-image size-large\"><img loading=\"lazy\" decoding=\"async\" width=\"720\" height=\"540\" data-id=\"910\" src=\"https:\/\/corn-machine.com\/wp-content\/uploads\/2025\/08\/single-row-sweet-corn-cutter.webp\" alt=\"cortador de ma\u00edz dulce de una fila\" class=\"wp-image-910\" title=\"\" srcset=\"https:\/\/corn-machine.com\/wp-content\/uploads\/2025\/08\/single-row-sweet-corn-cutter.webp 720w, https:\/\/corn-machine.com\/wp-content\/uploads\/2025\/08\/single-row-sweet-corn-cutter-300x225.webp 300w, https:\/\/corn-machine.com\/wp-content\/uploads\/2025\/08\/single-row-sweet-corn-cutter-16x12.webp 16w\" sizes=\"auto, (max-width: 720px) 100vw, 720px\" \/><figcaption class=\"wp-element-caption\">cortador de ma\u00edz dulce de una fila<\/figcaption><\/figure>    <figure class=\"wp-block-image size-full\"><img loading=\"lazy\" decoding=\"async\" width=\"720\" height=\"540\" data-id=\"912\" src=\"https:\/\/corn-machine.com\/wp-content\/uploads\/2025\/08\/double-row-waxy-corn-cutter.webp\" alt=\"cortador de ma\u00edz ceroso de dos filas\" class=\"wp-image-912\" title=\"\" srcset=\"https:\/\/corn-machine.com\/wp-content\/uploads\/2025\/08\/double-row-waxy-corn-cutter.webp 720w, https:\/\/corn-machine.com\/wp-content\/uploads\/2025\/08\/double-row-waxy-corn-cutter-300x225.webp 300w, https:\/\/corn-machine.com\/wp-content\/uploads\/2025\/08\/double-row-waxy-corn-cutter-16x12.webp 16w\" sizes=\"auto, (max-width: 720px) 100vw, 720px\" \/><figcaption class=\"wp-element-caption\">cortador de ma\u00edz ceroso de dos filas<\/figcaption><\/figure> <\/figure>    <p>Este tipo de m\u00e1quina cortadora de mazorca de ma\u00edz se utiliza ampliamente en plantas de procesamiento de alimentos, asistiendo eficazmente en la automatizaci\u00f3n de los procesos de producci\u00f3n. Hemos exportado a Vietnam, Estados Unidos, Singapur y otros pa\u00edses. Casi todos nuestros clientes nos brindan comentarios positivos sobre el logro de sus objetivos de producci\u00f3n en l\u00ednea de ensamblaje de f\u00e1brica.<\/p>    <h2 class=\"wp-block-heading\"><strong>\u00bfC\u00f3mo funciona esta m\u00e1quina cortadora de ma\u00edz fresco?<\/strong><\/h2>    <p>El primer paso de la operaci\u00f3n de corte de ma\u00edz es la verificaci\u00f3n. Hay tres puntos a los que prestar atenci\u00f3n: <\/p>    <ul class=\"wp-block-list\"> <li>\u00bfLa cinta transportadora funciona sin problemas y sin obstrucciones?<\/li>    <li>\u00bfLa cuchilla funciona correctamente? Pru\u00e9belo introduciendo primero una mazorca de ma\u00edz entera.<\/li>    <li>No corte el ma\u00edz con la piel puesta.<\/li> <\/ul>    <p>Luego puede operarla normalmente como parte de su l\u00ednea de producci\u00f3n.<\/p>    <figure class=\"wp-block-embed aligncenter is-type-video is-provider-youtube wp-block-embed-youtube wp-embed-aspect-16-9 wp-has-aspect-ratio\"><div class=\"wp-block-embed__wrapper\"> <iframe loading=\"lazy\" title=\"\ud83c\udf3d \u00a1M\u00e1quina cortadora de ma\u00edz de alta eficiencia | Cortadora de mazorcas de ma\u00edz fresco y congelado para el procesamiento de alimentos!\" width=\"500\" height=\"281\" src=\"https:\/\/www.youtube.com\/embed\/r5H145IzOCA?feature=oembed\" frameborder=\"0\" allow=\"accelerometer; autoplay; clipboard-write; encrypted-media; gyroscope; picture-in-picture; web-share\" referrerpolicy=\"strict-origin-when-cross-origin\" allowfullscreen><\/iframe> <\/div><figcaption class=\"wp-element-caption\">video de funcionamiento de la m\u00e1quina cortadora de ma\u00edz<\/figcaption><\/figure>    <h2 class=\"wp-block-heading\"><strong>Caracter\u00edsticas clave de la m\u00e1quina cortadora de ma\u00edz dulce<\/strong><\/h2>    <ul class=\"wp-block-list\"> <li>La mayor\u00eda de las partes est\u00e1n hechas de acero inoxidable SUS304 y acero inoxidable de grado alimenticio GB. El cortador de mazorcas de ma\u00edz es f\u00e1cil de limpiar y tiene una larga vida \u00fatil.<\/li>    <li>Adem\u00e1s de cortar ma\u00edz congelado, fresco y envejecido, tambi\u00e9n es adecuado para zanahorias, \u00f1ames, <a href=\"https:\/\/en.wikipedia.org\/wiki\/Cassava\" target=\"_blank\" rel=\"noopener\">mandioca<\/a>, y otros tipos de alimentos.<\/li>    <li>El <strong>la longitud de corte es ajustable<\/strong> para garantizar un corte preciso, lo que lo hace adecuado para la producci\u00f3n en masa de alimentos envasados finamente. La mazorca de ma\u00edz completa puede dividirse en dos o m\u00e1s secciones, que tambi\u00e9n se pueden cambiar.<\/li>    <li>Utiliza <strong>cuchillas circulares de acero manganeso de alta calidad<\/strong> para cortes precisos y una superficie de cuchilla suave. El producto terminado tiene una apariencia ordenada sin derrames de material.<\/li>    <li>Este equipo cortador de ma\u00edz ofrece <strong>alta eficiencia de producci\u00f3n<\/strong>, con una producci\u00f3n horaria de 500-600 kg, lo que puede satisfacer las necesidades de la mayor\u00eda de las producciones industriales.<\/li> <\/ul>    <figure class=\"wp-block-gallery has-nested-images columns-2 is-cropped wp-block-gallery-3 is-layout-flex wp-block-gallery-is-layout-flex\"> <figure class=\"wp-block-image size-large\"><img loading=\"lazy\" decoding=\"async\" width=\"720\" height=\"540\" data-id=\"868\" src=\"https:\/\/corn-machine.com\/wp-content\/uploads\/2025\/08\/fresh-maize-cutter-machine.webp\" alt=\"una m\u00e1quina con ma\u00edz\" class=\"wp-image-868\" title=\"\" srcset=\"https:\/\/corn-machine.com\/wp-content\/uploads\/2025\/08\/fresh-maize-cutter-machine.webp 720w, https:\/\/corn-machine.com\/wp-content\/uploads\/2025\/08\/fresh-maize-cutter-machine-300x225.webp 300w, https:\/\/corn-machine.com\/wp-content\/uploads\/2025\/08\/fresh-maize-cutter-machine-16x12.webp 16w\" sizes=\"auto, (max-width: 720px) 100vw, 720px\" \/><figcaption class=\"wp-element-caption\">m\u00e1quina cortadora de ma\u00edz de transporte de doble l\u00ednea<\/figcaption><\/figure>    <figure class=\"wp-block-image size-full\"><img loading=\"lazy\" decoding=\"async\" width=\"720\" height=\"540\" data-id=\"872\" src=\"https:\/\/corn-machine.com\/wp-content\/uploads\/2025\/08\/cut-piece-of-sweet-corn.webp\" alt=\"superficie lisa del trozo de ma\u00edz dulce cortado\" class=\"wp-image-872\" title=\"\" srcset=\"https:\/\/corn-machine.com\/wp-content\/uploads\/2025\/08\/cut-piece-of-sweet-corn.webp 720w, https:\/\/corn-machine.com\/wp-content\/uploads\/2025\/08\/cut-piece-of-sweet-corn-300x225.webp 300w, https:\/\/corn-machine.com\/wp-content\/uploads\/2025\/08\/cut-piece-of-sweet-corn-16x12.webp 16w\" sizes=\"auto, (max-width: 720px) 100vw, 720px\" \/><figcaption class=\"wp-element-caption\">superficie lisa del trozo de ma\u00edz dulce cortado<\/figcaption><\/figure>    <figure class=\"wp-block-image size-large\"><img loading=\"lazy\" decoding=\"async\" width=\"720\" height=\"540\" data-id=\"867\" src=\"https:\/\/corn-machine.com\/wp-content\/uploads\/2025\/08\/3-cm-corn-segments.webp\" alt=\"segmentos de ma\u00edz de 3 cm cortados por cortadora de mazorca de ma\u00edz\" class=\"wp-image-867\" title=\"\" srcset=\"https:\/\/corn-machine.com\/wp-content\/uploads\/2025\/08\/3-cm-corn-segments.webp 720w, https:\/\/corn-machine.com\/wp-content\/uploads\/2025\/08\/3-cm-corn-segments-300x225.webp 300w, https:\/\/corn-machine.com\/wp-content\/uploads\/2025\/08\/3-cm-corn-segments-16x12.webp 16w\" sizes=\"auto, (max-width: 720px) 100vw, 720px\" \/><figcaption class=\"wp-element-caption\">segmentos de ma\u00edz de 3 cm<\/figcaption><\/figure>    <figure class=\"wp-block-image size-large\"><img loading=\"lazy\" decoding=\"async\" width=\"720\" height=\"540\" data-id=\"869\" src=\"https:\/\/corn-machine.com\/wp-content\/uploads\/2025\/08\/corn-cutter-machine.webp\" alt=\"m\u00e1quina cortadora de ma\u00edz de acero inoxidable\" class=\"wp-image-869\" title=\"\" srcset=\"https:\/\/corn-machine.com\/wp-content\/uploads\/2025\/08\/corn-cutter-machine.webp 720w, https:\/\/corn-machine.com\/wp-content\/uploads\/2025\/08\/corn-cutter-machine-300x225.webp 300w, https:\/\/corn-machine.com\/wp-content\/uploads\/2025\/08\/corn-cutter-machine-16x12.webp 16w\" sizes=\"auto, (max-width: 720px) 100vw, 720px\" \/><figcaption class=\"wp-element-caption\">m\u00e1quina cortadora de ma\u00edz de acero inoxidable<\/figcaption><\/figure> <\/figure>    <h2 class=\"wp-block-heading\"><strong>Corn cob slicer&#8217;s parameters<\/strong><\/h2>    <figure class=\"wp-block-table\"><table class=\"has-fixed-layout\"><tbody><tr><td>Modelo<\/td><td class=\"has-text-align-center\" data-align=\"center\">TZ-100<\/td><\/tr><tr><td>Fuerza<\/td><td class=\"has-text-align-center\" data-align=\"center\">2,5-3\u00a0kW<\/td><\/tr><tr><td>Voltaje<\/td><td class=\"has-text-align-center\" data-align=\"center\">380\u00a0V<\/td><\/tr><tr><td>Ancho efectivo de la cinta transportadora<\/td><td class=\"has-text-align-center\" data-align=\"center\">400 mm<\/td><\/tr><tr><td>Tama\u00f1o m\u00e1ximo de corte<\/td><td class=\"has-text-align-center\" data-align=\"center\">25 mm<\/td><\/tr><tr><td>Capacidad<\/td><td class=\"has-text-align-center\" data-align=\"center\">2000-3000 piezas\/h<\/td><\/tr><tr><td>Medida<\/td><td class=\"has-text-align-center\" data-align=\"center\">2130*1170*1360 mm<\/td><\/tr><tr><td>N\u00famero de bandejas<\/td><td class=\"has-text-align-center\" data-align=\"center\">21 juegos \u00d7 2 piezas cada uno<\/td><\/tr><\/tbody><\/table><figcaption class=\"wp-element-caption\">Par\u00e1metros t\u00e9cnicos de la m\u00e1quina cortadora de ma\u00edz<\/figcaption><\/figure>    <p>Nota: La longitud de corte de los ma\u00edces se puede personalizar, pero no menos de 2.5 cm. Si desea cortar dos tama\u00f1os de segmentos de ma\u00edz, puede cambiar las cuchillas. Pero si los tama\u00f1os de segmentos de ma\u00edz que necesita no pueden formar una relaci\u00f3n m\u00faltiple, necesita comprar una m\u00e1quina de corte de ma\u00edz m\u00e1s.<\/p>    <p>Por ejemplo, una m\u00e1quina puede procesar segmentos de ma\u00edz de 2.5 cm, 5 cm e incluso 7 cm. Pero si desea cortar otros tama\u00f1os, debe comprar otra m\u00e1quina para procesar segmentos de 3 cm y 6 cm.<\/p>   <div class=\"wp-block-image\"> <figure class=\"aligncenter size-full\"><img loading=\"lazy\" decoding=\"async\" width=\"720\" height=\"540\" src=\"https:\/\/corn-machine.com\/wp-content\/uploads\/2025\/08\/corn-slicer-machine.webp\" alt=\"m\u00e1quina rebanadora de ma\u00edz para procesamiento de alimentos de ma\u00edz \" class=\"wp-image-866\" title=\"\" srcset=\"https:\/\/corn-machine.com\/wp-content\/uploads\/2025\/08\/corn-slicer-machine.webp 720w, https:\/\/corn-machine.com\/wp-content\/uploads\/2025\/08\/corn-slicer-machine-300x225.webp 300w, https:\/\/corn-machine.com\/wp-content\/uploads\/2025\/08\/corn-slicer-machine-16x12.webp 16w\" sizes=\"auto, (max-width: 720px) 100vw, 720px\" \/><figcaption class=\"wp-element-caption\">m\u00e1quina rebanadora de ma\u00edz<\/figcaption><\/figure> <\/div>   <h2 class=\"wp-block-heading\"><strong>Estructura principal de la m\u00e1quina cortadora de mazorca de ma\u00edz<\/strong><\/h2>    <p>Hay dos sistemas principales en esta m\u00e1quina cortadora autom\u00e1tica de ma\u00edz para completar todo el proceso: el sistema de corte y el sistema de transmisi\u00f3n.<\/p>    <p>La parte m\u00e1s importante del sistema de corte es la cuchilla afilada de acero inoxidable, que tiene una fuente de alimentaci\u00f3n diferente a la del funcionamiento de toda la m\u00e1quina, necesitando un motor adicional con una potencia de 3\u00a0kW.<\/p>    <p>El sistema de transmisi\u00f3n tiene un total de 21 juegos de bandejas (cada una con 2 piezas) con la funci\u00f3n de fijar las mazorcas de ma\u00edz y reducir eficazmente el tiempo de trabajo.<\/p>    <figure class=\"wp-block-gallery has-nested-images columns-default is-cropped wp-block-gallery-4 is-layout-flex wp-block-gallery-is-layout-flex\"> <figure class=\"wp-block-image size-large\"><img loading=\"lazy\" decoding=\"async\" width=\"720\" height=\"540\" data-id=\"864\" src=\"https:\/\/corn-machine.com\/wp-content\/uploads\/2025\/08\/blades-of-fresh-maize-cutter-machine.webp\" alt=\"cuchillas de la m\u00e1quina cortadora de ma\u00edz fresco\" class=\"wp-image-864\" title=\"\" srcset=\"https:\/\/corn-machine.com\/wp-content\/uploads\/2025\/08\/blades-of-fresh-maize-cutter-machine.webp 720w, https:\/\/corn-machine.com\/wp-content\/uploads\/2025\/08\/blades-of-fresh-maize-cutter-machine-300x225.webp 300w, https:\/\/corn-machine.com\/wp-content\/uploads\/2025\/08\/blades-of-fresh-maize-cutter-machine-16x12.webp 16w\" sizes=\"auto, (max-width: 720px) 100vw, 720px\" \/><figcaption class=\"wp-element-caption\">cuchillas de la m\u00e1quina cortadora de ma\u00edz fresco<\/figcaption><\/figure>    <figure class=\"wp-block-image size-large\"><img loading=\"lazy\" decoding=\"async\" width=\"720\" height=\"540\" data-id=\"865\" src=\"https:\/\/corn-machine.com\/wp-content\/uploads\/2025\/08\/fresh-whole-corn-cutting.webp\" alt=\"sistema de transmisi\u00f3n y bandejas de la m\u00e1quina cortadora de ma\u00edz dulce\" class=\"wp-image-865\" title=\"\" srcset=\"https:\/\/corn-machine.com\/wp-content\/uploads\/2025\/08\/fresh-whole-corn-cutting.webp 720w, https:\/\/corn-machine.com\/wp-content\/uploads\/2025\/08\/fresh-whole-corn-cutting-300x225.webp 300w, https:\/\/corn-machine.com\/wp-content\/uploads\/2025\/08\/fresh-whole-corn-cutting-16x12.webp 16w\" sizes=\"auto, (max-width: 720px) 100vw, 720px\" \/><figcaption class=\"wp-element-caption\">sistema de transmisi\u00f3n y bandejas de ma\u00edz<\/figcaption><\/figure> <\/figure>    <h2 class=\"wp-block-heading\"><strong>Caso de \u00e9xito de env\u00edo de cortadoras de ma\u00edz a una planta de procesamiento de ma\u00edz vietnamita<\/strong><\/h2>    <p>Nuestro cliente es una f\u00e1brica de procesamiento de ma\u00edz en Vietnam, especializada en ma\u00edz fresco y productos a base de ma\u00edz. La f\u00e1brica procesa un gran volumen de ma\u00edz todos los d\u00edas. Para mejorar la productividad y la calidad del producto, el cliente estaba buscando una soluci\u00f3n de corte de ma\u00edz de alta eficiencia, precisi\u00f3n y flexibilidad.<\/p>    <p>Durante la comunicaci\u00f3n, el cliente proporcion\u00f3 requisitos t\u00e9cnicos claros sobre el tama\u00f1o de corte, la fuente de alimentaci\u00f3n y el soporte de instalaci\u00f3n.<\/p>    <p>Seg\u00fan los requisitos, suministramos dos m\u00e1quinas cortadoras de ma\u00edz personalizadas:<\/p>    <ul class=\"wp-block-list\"> <li>Dos m\u00e1quinas personalizadas: cortadora de 2,5 cm \/ 5 cm y cortadora de mazorca de ma\u00edz de 3,5 cm \/ 7 cm.<\/li>    <li>Equipadas con un dise\u00f1o de cuchilla y eje de cambio r\u00e1pido, lo que garantiza ajustes de tama\u00f1o flexibles y eficientes.<\/li>    <li>Fabricadas con acero inoxidable de grado alimentario, cumpliendo con las normas de seguridad alimentaria.<\/li>    <li>Entregadas con manuales completos, planos y videos de capacitaci\u00f3n para ayudar al cliente a comenzar r\u00e1pidamente con la instalaci\u00f3n y el reemplazo de cuchillas.<\/li> <\/ul>    <p>A trav\u00e9s de este proyecto, ayudamos a nuestro cliente vietnamita a mejorar con \u00e9xito sus soluciones de procesamiento mecanizado y estandarizado, lo que aument\u00f3 significativamente la producci\u00f3n de su f\u00e1brica. \u00a1Hemos recibido buenos comentarios de \u00e9l!<\/p>    <figure class=\"wp-block-gallery has-nested-images columns-default is-cropped wp-block-gallery-5 is-layout-flex wp-block-gallery-is-layout-flex\"> <figure class=\"wp-block-image size-large\"><img loading=\"lazy\" decoding=\"async\" width=\"720\" height=\"540\" data-id=\"873\" src=\"https:\/\/corn-machine.com\/wp-content\/uploads\/2025\/08\/plastic-covering-of-sweet-corn-cutter.webp\" alt=\"cubierta de pl\u00e1stico de la cortadora de ma\u00edz dulce\" class=\"wp-image-873\" title=\"\" srcset=\"https:\/\/corn-machine.com\/wp-content\/uploads\/2025\/08\/plastic-covering-of-sweet-corn-cutter.webp 720w, https:\/\/corn-machine.com\/wp-content\/uploads\/2025\/08\/plastic-covering-of-sweet-corn-cutter-300x225.webp 300w, https:\/\/corn-machine.com\/wp-content\/uploads\/2025\/08\/plastic-covering-of-sweet-corn-cutter-16x12.webp 16w\" sizes=\"auto, (max-width: 720px) 100vw, 720px\" \/><figcaption class=\"wp-element-caption\">cubierta de pl\u00e1stico de la cortadora de ma\u00edz dulce<\/figcaption><\/figure>    <figure class=\"wp-block-image size-large\"><img loading=\"lazy\" decoding=\"async\" width=\"720\" height=\"540\" data-id=\"875\" src=\"https:\/\/corn-machine.com\/wp-content\/uploads\/2025\/08\/wooden-packaging-of-corn-cutting-machine.webp\" alt=\"embalaje de madera de la m\u00e1quina cortadora de ma\u00edz\" class=\"wp-image-875\" title=\"\" srcset=\"https:\/\/corn-machine.com\/wp-content\/uploads\/2025\/08\/wooden-packaging-of-corn-cutting-machine.webp 720w, https:\/\/corn-machine.com\/wp-content\/uploads\/2025\/08\/wooden-packaging-of-corn-cutting-machine-300x225.webp 300w, https:\/\/corn-machine.com\/wp-content\/uploads\/2025\/08\/wooden-packaging-of-corn-cutting-machine-16x12.webp 16w\" sizes=\"auto, (max-width: 720px) 100vw, 720px\" \/><figcaption class=\"wp-element-caption\">embalaje de madera de la m\u00e1quina cortadora de ma\u00edz<\/figcaption><\/figure> <\/figure>    <p>Si su f\u00e1brica necesita una mejora para un mayor nivel de automatizaci\u00f3n, \u00a1esta m\u00e1quina cortadora de ma\u00edz fresco es una buena opci\u00f3n! \u00a1Cont\u00e1cteme ahora para obtener la \u00faltima cotizaci\u00f3n e informaci\u00f3n!<\/p>    <p class=\"translation-block\">Taizy tambi\u00e9n proporciona una <a href=\"https:\/\/corn-machine.com\/es\/product\/fresh-corn-sheller-machine\/\">m\u00e1quina desgranadora de ma\u00edz fresco<\/a> para el procesamiento de granos de ma\u00edz. Si est\u00e1 interesado en una m\u00e1quina de este tipo, \u00a1haga clic para obtener m\u00e1s detalles!<\/p>    <p><\/p>","protected":false},"excerpt":{"rendered":"<p>La m\u00e1quina cortadora de ma\u00edz fresco Taizy se utiliza en la l\u00ednea de producci\u00f3n de alimentos industriales, que puede cortar principalmente ma\u00edz glutinoso, ma\u00edz dulce y ma\u00edz congelado con una capacidad de 500-600 kg\/h.<\/p>","protected":false},"author":1,"featured_media":863,"parent":0,"template":"","tags":[51,48],"product-type":[49],"class_list":["post-862","product","type-product","status-publish","has-post-thumbnail","hentry","tag-fresh-corn","tag-sweet-corn","product-type-corn-cutter-machine"],"_links":{"self":[{"href":"https:\/\/corn-machine.com\/es\/wp-json\/wp\/v2\/product\/862","targetHints":{"allow":["GET"]}}],"collection":[{"href":"https:\/\/corn-machine.com\/es\/wp-json\/wp\/v2\/product"}],"about":[{"href":"https:\/\/corn-machine.com\/es\/wp-json\/wp\/v2\/types\/product"}],"author":[{"embeddable":true,"href":"https:\/\/corn-machine.com\/es\/wp-json\/wp\/v2\/users\/1"}],"wp:featuredmedia":[{"embeddable":true,"href":"https:\/\/corn-machine.com\/es\/wp-json\/wp\/v2\/media\/863"}],"wp:attachment":[{"href":"https:\/\/corn-machine.com\/es\/wp-json\/wp\/v2\/media?parent=862"}],"wp:term":[{"taxonomy":"post_tag","embeddable":true,"href":"https:\/\/corn-machine.com\/es\/wp-json\/wp\/v2\/tags?post=862"},{"taxonomy":"product-type","embeddable":true,"href":"https:\/\/corn-machine.com\/es\/wp-json\/wp\/v2\/product-type?post=862"}],"curies":[{"name":"wp","href":"https:\/\/api.w.org\/{rel}","templated":true}]}}