{"id":882,"date":"2025-08-20T14:46:05","date_gmt":"2025-08-20T06:46:05","guid":{"rendered":"https:\/\/corn-machine.com\/?post_type=product&#038;p=882"},"modified":"2025-10-11T09:04:53","modified_gmt":"2025-10-11T01:04:53","slug":"corn-husk-remover-for-food-processing","status":"publish","type":"product","link":"https:\/\/corn-machine.com\/es\/product\/corn-husk-remover-for-food-processing\/","title":{"rendered":"Removedor de c\u00e1scaras de ma\u00edz industrial para grandes f\u00e1bricas de procesamiento de alimentos"},"content":{"rendered":"<p class=\"translation-block\">El <strong>extractor de hollejo de ma\u00edz<\/strong> de Taizy est\u00e1 dise\u00f1ado espec\u00edficamente para el procesamiento automatizado de alimentos con corte autom\u00e1tico de ra\u00edces, corte de puntas, eliminaci\u00f3n de barbas, soplado de aire para dispersar hojas y eliminaci\u00f3n de pelos de hollejo, etc. <\/p>    <p class=\"translation-block\">El descascarador de ma\u00edz dulce es capaz de desgranarlo de variedad fresca, dulce y viscosa de cualquier tama\u00f1o, con una longitud de 110 a 280 mm (incluido el cobajo y la ra\u00edz) y un di\u00e1metro de 40 a 80 mm (en condiciones de piel). Con una <strong>tasa de rotura de \u22641%,<\/strong> una <strong>eficiencia de descascarado de \u226598%<\/strong> y una <strong>tasa de eliminaci\u00f3n de seda de \u226592%<\/strong>, su capacidad puede alcanzar hasta 10,000\u201312,000 mazorcas\/hora.<\/p>    <h2 class=\"wp-block-heading\"><strong>V\u00eddeo de funcionamiento del extractor de hollejo de ma\u00edz industrial<\/strong><\/h2>    <p>A continuaci\u00f3n se muestra un v\u00eddeo de comentarios de clientes en el que recibimos la m\u00e1quina e hicimos algunas pruebas.<\/p>    <figure class=\"wp-block-embed aligncenter is-type-video is-provider-youtube wp-block-embed-youtube wp-embed-aspect-16-9 wp-has-aspect-ratio\"><div class=\"wp-block-embed__wrapper\"> <iframe loading=\"lazy\" title=\"\ud83c\udf3dM\u00e1quina industrial desgranadora de ma\u00edz | Eliminaci\u00f3n de la c\u00e1scara y seda del ma\u00edz fresco\" width=\"500\" height=\"281\" src=\"https:\/\/www.youtube.com\/embed\/SMyoAyr_J5s?feature=oembed\" frameborder=\"0\" allow=\"accelerometer; autoplay; clipboard-write; encrypted-media; gyroscope; picture-in-picture; web-share\" referrerpolicy=\"strict-origin-when-cross-origin\" allowfullscreen><\/iframe> <\/div><figcaption class=\"wp-element-caption\">m\u00e1quina de trabajo de extractor de hollejo de ma\u00edz<\/figcaption><\/figure>    <h2 class=\"wp-block-heading\"><strong>Ventajas del extractor de hollejo de ma\u00edz fresco<\/strong><\/h2>    <ul class=\"wp-block-list\"> <li>Este despellejador autom\u00e1tico de ma\u00edz resuelve perfectamente el problema del bajo rendimiento del ma\u00edz fresco en el procesamiento a gran escala y puede procesar de 10.000 a 12.000 mazorcas de ma\u00edz frescas por hora, lo que mejora la eficiencia de la l\u00ednea de producci\u00f3n de alimentos.<\/li>    <li>La m\u00e1quina despellejadora de mazorcas de ma\u00edz de Taizy incluye pelado de hollejo, recorte de ra\u00edces, corte de puntas y eliminaci\u00f3n de pelos. Durante el proceso de producci\u00f3n, no hay contacto con fuentes de contaminaci\u00f3n como metales oxidados y humedad, lo que garantiza eficazmente la calidad y el nivel de higiene de los productos de ma\u00edz glutinoso fresco.<\/li>    <li>El extractor de hollejo de ma\u00edz es capaz de manejar ma\u00edz fresco de diversas variedades, con longitudes de 110\u2013280 mm y di\u00e1metros de 40\u201380 mm, incluido el ma\u00edz dulce y ceroso, lo que lo hace muy vers\u00e1til.<\/li>    <li>Fabricado con materiales de grado industrial y componentes de alta calidad, ofrece un funcionamiento estable y una larga vida \u00fatil, lo que lo hace adecuado para la producci\u00f3n intensiva.<\/li> <\/ul>   <div class=\"wp-block-image\"> <figure class=\"aligncenter size-large\"><img loading=\"lazy\" decoding=\"async\" width=\"720\" height=\"540\" src=\"https:\/\/corn-machine.com\/wp-content\/uploads\/2025\/08\/sweet-corn-shucker.webp\" alt=\"desgranadora de ma\u00edz dulce\" class=\"wp-image-888\" title=\"\" srcset=\"https:\/\/corn-machine.com\/wp-content\/uploads\/2025\/08\/sweet-corn-shucker.webp 720w, https:\/\/corn-machine.com\/wp-content\/uploads\/2025\/08\/sweet-corn-shucker-300x225.webp 300w, https:\/\/corn-machine.com\/wp-content\/uploads\/2025\/08\/sweet-corn-shucker-16x12.webp 16w\" sizes=\"auto, (max-width: 720px) 100vw, 720px\" \/><figcaption class=\"wp-element-caption\">desgranadora de ma\u00edz dulce<\/figcaption><\/figure> <\/div>   <h2 class=\"wp-block-heading\"><strong>Par\u00e1metros t\u00e9cnicos del extractor autom\u00e1tico de hollejo de ma\u00edz dulce<\/strong><\/h2>    <figure class=\"wp-block-table aligncenter\"><table class=\"has-fixed-layout\"><tbody><tr><td>Modelo<\/td><td class=\"has-text-align-center\" data-align=\"center\">6BLQ-210-12000<\/td><\/tr><tr><td>Tama\u00f1o<\/td><td class=\"has-text-align-center\" data-align=\"center\">10,5*1,72*1,95 m<\/td><\/tr><tr><td>Peso<\/td><td class=\"has-text-align-center\" data-align=\"center\">5000 kg<\/td><\/tr><tr><td>Capacidad<\/td><td class=\"has-text-align-center\" data-align=\"center\">12000 mazorcas\/h<\/td><\/tr><tr><td>Fuerza<\/td><td class=\"has-text-align-center\" data-align=\"center\">12,25 kW<\/td><\/tr><tr><td>Voltaje<\/td><td class=\"has-text-align-center\" data-align=\"center\">380 V<\/td><\/tr><tr><td>Tasa de rotura<\/td><td class=\"has-text-align-center\" data-align=\"center\">1%<\/td><\/tr><tr><td>Eficiencia de despellejado<\/td><td class=\"has-text-align-center\" data-align=\"center\">98%<\/td><\/tr><tr><td>Tasa de eliminaci\u00f3n de pelos<\/td><td class=\"has-text-align-center\" data-align=\"center\">92%<\/td><\/tr><tr><td>Solicitud<\/td><td class=\"has-text-align-center\" data-align=\"center\">Ma\u00edz fresco, ma\u00edz dulce, ma\u00edz viscoso, etc.<\/td><\/tr><\/tbody><\/table><figcaption class=\"wp-element-caption\">par\u00e1metros detallados de la m\u00e1quina despellejadora de ma\u00edz<\/figcaption><\/figure>    <h2 class=\"wp-block-heading\"><strong>Principio de funcionamiento del extractor de hollejo de ma\u00edz dulce<\/strong><\/h2>    <p class=\"translation-block\">La m\u00e1quina de desgranado de ma\u00edz fresco elimina la c\u00e1scara exterior y los hilos de las mazorcas de ma\u00edz <strong>a trav\u00e9s de una combinaci\u00f3n de funciones de fricci\u00f3n y despojo<\/strong>. Durante la operaci\u00f3n, las mazorcas se alimentan en la secci\u00f3n de desgranado mediante el sistema de transporte una por una, donde rodillos giratorios o dispositivos de pelado especializados <strong>aplican presi\u00f3n y fricci\u00f3n para quitar la c\u00e1scara<\/strong> capa por capa.<\/p>    <p class=\"translation-block\">Al mismo tiempo, hay algunos componentes auxiliares, como <strong>cepillos o sopladores, que ayudan a eliminar eficazmente la seda de ma\u00edz<\/strong>. Est\u00e1 equipado con un mecanismo de corte que<strong> recorta la base y la punta del mazorca<\/strong>, asegurando una longitud uniforme y una apariencia limpia y suave sin la piel y <a href=\"https:\/\/en.wikipedia.org\/wiki\/Corn_silk\" target=\"_blank\" rel=\"noopener\">seda<\/a>.<\/p>    <figure class=\"wp-block-gallery has-nested-images columns-default is-cropped wp-block-gallery-2 is-layout-flex wp-block-gallery-is-layout-flex\"> <figure class=\"wp-block-image size-large\"><img loading=\"lazy\" decoding=\"async\" width=\"720\" height=\"540\" data-id=\"889\" src=\"https:\/\/corn-machine.com\/wp-content\/uploads\/2025\/08\/automatic-conveyor-belt.webp\" alt=\"cinta transportadora autom\u00e1tica de la despellejadora el\u00e9ctrica de ma\u00edz\" class=\"wp-image-889\" title=\"\" srcset=\"https:\/\/corn-machine.com\/wp-content\/uploads\/2025\/08\/automatic-conveyor-belt.webp 720w, https:\/\/corn-machine.com\/wp-content\/uploads\/2025\/08\/automatic-conveyor-belt-300x225.webp 300w, https:\/\/corn-machine.com\/wp-content\/uploads\/2025\/08\/automatic-conveyor-belt-16x12.webp 16w\" sizes=\"auto, (max-width: 720px) 100vw, 720px\" \/><figcaption class=\"wp-element-caption\">cinta transportadora autom\u00e1tica<\/figcaption><\/figure>    <figure class=\"wp-block-image size-large\"><img loading=\"lazy\" decoding=\"async\" width=\"720\" height=\"540\" data-id=\"887\" src=\"https:\/\/corn-machine.com\/wp-content\/uploads\/2025\/08\/pneumatic-device-for-shelling-and-ear-removal.webp\" alt=\"dispositivo neum\u00e1tico para pelar y retirar mazorcas\" class=\"wp-image-887\" title=\"\" srcset=\"https:\/\/corn-machine.com\/wp-content\/uploads\/2025\/08\/pneumatic-device-for-shelling-and-ear-removal.webp 720w, https:\/\/corn-machine.com\/wp-content\/uploads\/2025\/08\/pneumatic-device-for-shelling-and-ear-removal-300x225.webp 300w, https:\/\/corn-machine.com\/wp-content\/uploads\/2025\/08\/pneumatic-device-for-shelling-and-ear-removal-16x12.webp 16w\" sizes=\"auto, (max-width: 720px) 100vw, 720px\" \/><figcaption class=\"wp-element-caption\">dispositivo neum\u00e1tico para pelar y retirar mazorcas<\/figcaption><\/figure> <\/figure>    <h2 class=\"wp-block-heading\"><strong>Aplicaci\u00f3n de este tipo de m\u00e1quina despellejadora de ma\u00edz<\/strong><\/h2>    <p>Como primer paso en el procesamiento de alimentos de ma\u00edz, el extractor de hollejo de ma\u00edz es un equipo clave para garantizar la calidad del producto. Ayuda a lograr mazorcas de ma\u00edz limpias y uniformes que est\u00e1n listas para su posterior procesamiento o consumo directo. Por lo tanto, es adecuado para l\u00edneas de producci\u00f3n de congelaci\u00f3n r\u00e1pida, producci\u00f3n de ma\u00edz dulce envasado al vac\u00edo, procesamiento poscosecha para reducir mano de obra y aumentar el valor del producto, y otras industrias de procesamiento de alimentos o granjas grandes.<\/p>    <figure class=\"wp-block-gallery has-nested-images columns-default is-cropped wp-block-gallery-3 is-layout-flex wp-block-gallery-is-layout-flex\"> <figure class=\"wp-block-image size-large\"><img loading=\"lazy\" decoding=\"async\" width=\"720\" height=\"540\" data-id=\"886\" src=\"https:\/\/corn-machine.com\/wp-content\/uploads\/2025\/08\/husked-and-de-eared-corn.webp\" alt=\"ma\u00edz despellejado y sin orejas por despellejadora el\u00e9ctrica de ma\u00edz\" class=\"wp-image-886\" title=\"\" srcset=\"https:\/\/corn-machine.com\/wp-content\/uploads\/2025\/08\/husked-and-de-eared-corn.webp 720w, https:\/\/corn-machine.com\/wp-content\/uploads\/2025\/08\/husked-and-de-eared-corn-300x225.webp 300w, https:\/\/corn-machine.com\/wp-content\/uploads\/2025\/08\/husked-and-de-eared-corn-16x12.webp 16w\" sizes=\"auto, (max-width: 720px) 100vw, 720px\" \/><figcaption class=\"wp-element-caption\">ma\u00edz despellejado y sin orejas<\/figcaption><\/figure>    <figure class=\"wp-block-image size-large\"><img loading=\"lazy\" decoding=\"async\" width=\"720\" height=\"540\" data-id=\"893\" src=\"https:\/\/corn-machine.com\/wp-content\/uploads\/2025\/08\/vacuum-packed-corn.webp\" alt=\"ma\u00edz envasado al vac\u00edo\" class=\"wp-image-893\" title=\"\" srcset=\"https:\/\/corn-machine.com\/wp-content\/uploads\/2025\/08\/vacuum-packed-corn.webp 720w, https:\/\/corn-machine.com\/wp-content\/uploads\/2025\/08\/vacuum-packed-corn-300x225.webp 300w, https:\/\/corn-machine.com\/wp-content\/uploads\/2025\/08\/vacuum-packed-corn-16x12.webp 16w\" sizes=\"auto, (max-width: 720px) 100vw, 720px\" \/><figcaption class=\"wp-element-caption\">ma\u00edz envasado al vac\u00edo<\/figcaption><\/figure> <\/figure>    <h2 class=\"wp-block-heading\"><strong>\u00bfPor qu\u00e9 elegir la m\u00e1quina despellejadora de ma\u00edz de Taizy?<\/strong><\/h2>    <ol class=\"wp-block-list\"> <li>Taizy fabrica extractores de hollejo de ma\u00edz en nuestra propia f\u00e1brica, lo que garantiza un control de calidad estable, una capacidad de suministro confiable y precios competitivos sin depender de intermediarios.<\/li>    <li>Proporcionamos manuales de operaci\u00f3n claros, v\u00eddeos de capacitaci\u00f3n y soporte t\u00e9cnico en l\u00ednea. Para clientes en el extranjero, hay piezas de repuesto y gu\u00eda remota disponibles para ayudar a mantener la m\u00e1quina funcionando sin problemas y resolver cualquier problema que encuentre.<\/li>    <li>Con a\u00f1os de experiencia en la fabricaci\u00f3n y exportaci\u00f3n de maquinaria agr\u00edcola, Taizy ha establecido una reputaci\u00f3n por m\u00e1quinas pr\u00e1cticas y orientadas al usuario. Nos centramos en la durabilidad, la facilidad de manejo y la practicidad para satisfacer las diversas necesidades de productores de todos los tama\u00f1os.<\/li>    <li>Muchos clientes de Asia, Europa y Am\u00e9rica han declarado que las despellejadoras de ma\u00edz Taizy les han ayudado a ahorrar mano de obra, reducir los costos de procesamiento y lograr rendimientos estables. Sus comentarios nos motivan a mejorar continuamente nuestro dise\u00f1o y servicio.<\/li> <\/ol>    <p>Taizy tambi\u00e9n proporciona otros equipos que se utilizan en el procesamiento de ma\u00edz fresco:<\/p>    <ul class=\"wp-block-list\"> <li><a href=\"https:\/\/corn-machine.com\/es\/product\/fresh-corn-sheller-machine\/\">M\u00e1quina peladora de ma\u00edz dulce<\/a>: Puede pelar granos de la mazorca de ma\u00edz aplicando a latas de ma\u00edz o a una l\u00ednea de producci\u00f3n de granos congelados.<\/li>    <li><a href=\"https:\/\/corn-machine.com\/es\/product\/sweet-corn-cutting-machine-food-process\/\">M\u00e1quina cortadora de ma\u00edz fresco<\/a>: Esto se utiliza para cortar el ma\u00edz en piezas para los siguientes pasos de procesamiento.<\/li> <\/ul>    <p>Si desea saber m\u00e1s informaci\u00f3n, haga clic en el sitio web o p\u00f3ngase en contacto conmigo para consultar sus necesidades.<\/p>    <p>\u00bfQuieres aprender m\u00e1s sobre el precio y los detalles? \u00a1No dudes en contactarme!<\/p>","protected":false},"excerpt":{"rendered":"<p>El desgranador de ma\u00edz Taizy puede quitar la c\u00e1scara de ma\u00edz fresco con una longitud de 110-280 mm y un di\u00e1metro de 40-80 mm. Con una capacidad de 10000-12000 mazorcas\/h, mejora la eficiencia de la l\u00ednea de producci\u00f3n de procesamiento de alimentos.<\/p>","protected":false},"author":1,"featured_media":883,"parent":0,"template":"","tags":[31,51,48],"product-type":[49],"class_list":["post-882","product","type-product","status-publish","has-post-thumbnail","hentry","tag-corn","tag-fresh-corn","tag-sweet-corn","product-type-corn-cutter-machine"],"_links":{"self":[{"href":"https:\/\/corn-machine.com\/es\/wp-json\/wp\/v2\/product\/882","targetHints":{"allow":["GET"]}}],"collection":[{"href":"https:\/\/corn-machine.com\/es\/wp-json\/wp\/v2\/product"}],"about":[{"href":"https:\/\/corn-machine.com\/es\/wp-json\/wp\/v2\/types\/product"}],"author":[{"embeddable":true,"href":"https:\/\/corn-machine.com\/es\/wp-json\/wp\/v2\/users\/1"}],"wp:featuredmedia":[{"embeddable":true,"href":"https:\/\/corn-machine.com\/es\/wp-json\/wp\/v2\/media\/883"}],"wp:attachment":[{"href":"https:\/\/corn-machine.com\/es\/wp-json\/wp\/v2\/media?parent=882"}],"wp:term":[{"taxonomy":"post_tag","embeddable":true,"href":"https:\/\/corn-machine.com\/es\/wp-json\/wp\/v2\/tags?post=882"},{"taxonomy":"product-type","embeddable":true,"href":"https:\/\/corn-machine.com\/es\/wp-json\/wp\/v2\/product-type?post=882"}],"curies":[{"name":"wp","href":"https:\/\/api.w.org\/{rel}","templated":true}]}}