{"id":956,"date":"2025-09-19T17:05:10","date_gmt":"2025-09-19T09:05:10","guid":{"rendered":"https:\/\/corn-machine.com\/?post_type=product&#038;p=956"},"modified":"2025-09-19T17:05:10","modified_gmt":"2025-09-19T09:05:10","slug":"corn-vacuum-packaging-machine","status":"publish","type":"product","link":"https:\/\/corn-machine.com\/es\/product\/corn-vacuum-packaging-machine\/","title":{"rendered":"M\u00e1quina de envasado al vac\u00edo de ma\u00edz"},"content":{"rendered":"<p class=\"translation-block\">La <strong>m\u00e1quina de envasado al vac\u00edo de ma\u00edz<\/strong> es pr\u00e1ctica para envasar alimentos frescos, como ma\u00edz dulce, zanahorias, arroz y otros alimentos. Puede extender eficazmente la vida \u00fatil de los alimentos y mantener su sabor y color. Utiliza SUS304 como material principal, lo que hace que este sellador de c\u00e1mara de ma\u00edz sea m\u00e1s popular en f\u00e1bricas de procesamiento de alimentos.<\/p>    <p>In addition, this sweet corn sealing machine is small and easy to move, suitable for small food processing plants. That&#8217;s why it has shipped to Vietnam, South Korea, Japan, the Netherlands, and Kenya with consistently positive customer feedback.<\/p>    <h2 class=\"wp-block-heading\"><strong>Ventajas de la m\u00e1quina de envasado al vac\u00edo de ma\u00edz fresco Taizy<\/strong><\/h2>    <ul class=\"wp-block-list\"> <li>Esta m\u00e1quina de sellado al vac\u00edo de c\u00e1mara alimentaria tiene amplias aplicaciones. No solo es ideal para ma\u00edz fresco, sino que tambi\u00e9n se utiliza ampliamente para envasar verduras frescas, frutas, granos, carne, as\u00ed como alimentos listos para comer.<\/li>    <li>La m\u00e1quina de envasado al vac\u00edo de ma\u00edz ofrece una mejor conservaci\u00f3n. En comparaci\u00f3n con las m\u00e1quinas de envasado ordinarias, proporciona una retenci\u00f3n de frescura superior, extendiendo efectivamente la vida \u00fatil de los productos y manteniendo el sabor, la textura y la nutrici\u00f3n originales.<\/li>    <li>It is equipped with durable 304 stainless steel. The fresh corn sealing machine&#8217;s body is made of food-grade 304 stainless steel, ensuring hygiene, corrosion resistance, and long service life, even under intensive use in food processing environments.<\/li>    <li>Adem\u00e1s, nuestra selladora al vac\u00edo de c\u00e1mara comercial tiene una ventana de observaci\u00f3n transparente: equipada con una tapa de vidrio org\u00e1nico, permite a los operadores monitorizar el proceso de envasado en tiempo real para un mejor control y seguridad.<\/li> <\/ul>   <div class=\"wp-block-image\"> <figure class=\"aligncenter size-full\"><img loading=\"lazy\" decoding=\"async\" width=\"720\" height=\"540\" src=\"https:\/\/corn-machine.com\/wp-content\/uploads\/2025\/09\/fresh-corn-vacuum-sealer-machine.webp\" alt=\"maquina selladora de ma\u00edz fresco\" class=\"wp-image-960\" title=\"\" srcset=\"https:\/\/corn-machine.com\/wp-content\/uploads\/2025\/09\/fresh-corn-vacuum-sealer-machine.webp 720w, https:\/\/corn-machine.com\/wp-content\/uploads\/2025\/09\/fresh-corn-vacuum-sealer-machine-300x225.webp 300w, https:\/\/corn-machine.com\/wp-content\/uploads\/2025\/09\/fresh-corn-vacuum-sealer-machine-16x12.webp 16w\" sizes=\"auto, (max-width: 720px) 100vw, 720px\" \/><figcaption class=\"wp-element-caption\">maquina selladora de ma\u00edz fresco<\/figcaption><\/figure> <\/div>   <h2 class=\"wp-block-heading\"><strong>Principios de funcionamiento de la selladora de c\u00e1mara de ma\u00edz<\/strong><\/h2>    <p>El proceso consta de cinco pasos principales: carga \u2192 configuraci\u00f3n de la bolsa \u2192 vac\u00edo \u2192 calentamiento y sellado \u2192 enfriamiento.<\/p>    <h3 class=\"wp-block-heading\"><strong>1. Carga de producto<\/strong><\/h3>    <p>Coloque ma\u00edz fresco (ma\u00edz dulce, ma\u00edz waxy o ma\u00edz cocido en la mazorca) en una bolsa al vac\u00edo especialmente fabricada. Verifique y aseg\u00farese de que no haya roturas en la bolsa.<\/p>    <h3 class=\"wp-block-heading\"><strong>2. Configuraci\u00f3n de la bolsa<\/strong><\/h3>    <p>Coloque la apertura de la bolsa en la tira de sellado correctamente y luego cierre la c\u00e1mara de vac\u00edo para crear un entorno sellado.<\/p>    <h3 class=\"wp-block-heading\"><strong>3. Succi\u00f3n<\/strong><\/h3>    <p>La peque\u00f1a m\u00e1quina de envasado al vac\u00edo de ma\u00edz activa la bomba de vac\u00edo, extrayendo simult\u00e1neamente aire de la bolsa de vac\u00edo y de la c\u00e1mara. Este proceso elimina el ox\u00edgeno, reduciendo el crecimiento microbiano y la oxidaci\u00f3n.<\/p>    <h3 class=\"wp-block-heading\"><strong>4. Sellado de paquete<\/strong><\/h3>    <p>Una vez que se alcanza el nivel de vac\u00edo deseado, la m\u00e1quina encender\u00e1 el elemento de calefacci\u00f3n para sellar la bolsa. Este paso garantiza que la bolsa permanezca sellada.<\/p>    <h3 class=\"wp-block-heading\"><strong>5. Enfriamiento<\/strong><\/h3>    <p>Un breve periodo de enfriamiento fortalecer\u00e1 el sellado. Luego la c\u00e1mara de vac\u00edo vuelve a la presi\u00f3n atmosf\u00e9rica y la tapa se abre autom\u00e1ticamente.<\/p>   <div class=\"wp-block-image\"> <figure class=\"aligncenter size-full\"><img loading=\"lazy\" decoding=\"async\" width=\"720\" height=\"540\" src=\"https:\/\/corn-machine.com\/wp-content\/uploads\/2025\/09\/products-after-vacuuming.webp\" alt=\"productos tras el vac\u00edo\" class=\"wp-image-961\" title=\"\" srcset=\"https:\/\/corn-machine.com\/wp-content\/uploads\/2025\/09\/products-after-vacuuming.webp 720w, https:\/\/corn-machine.com\/wp-content\/uploads\/2025\/09\/products-after-vacuuming-300x225.webp 300w, https:\/\/corn-machine.com\/wp-content\/uploads\/2025\/09\/products-after-vacuuming-16x12.webp 16w\" sizes=\"auto, (max-width: 720px) 100vw, 720px\" \/><figcaption class=\"wp-element-caption\">productos tras el vac\u00edo<\/figcaption><\/figure> <\/div>   <p>Todos los procesos son simples de operar. El ma\u00edz sellado conserva mejor su sabor, textura y nutrientes, y reduce el riesgo de deterioro durante el almacenamiento y transporte.<\/p>    <h2 class=\"wp-block-heading\"><strong>Par\u00e1metros de la m\u00e1quina de envasado al vac\u00edo de ma\u00edz dulce<\/strong><\/h2>    <figure class=\"wp-block-table\"><table class=\"has-fixed-layout\"><tbody><tr><td>Modelo<\/td><td>TZ-500<\/td><\/tr><tr><td>Voltaje<\/td><td>220v\/50hz<\/td><\/tr><tr><td>Potencia de la bomba de vac\u00edo<\/td><td>0.9kw<\/td><\/tr><tr><td>Potencia de sellado<\/td><td>0.6kw<\/td><\/tr><tr><td>Presi\u00f3n absoluta<\/td><td>0.1pa<\/td><\/tr><tr><td>N\u00famero de tiras de sellado<\/td><td>2<\/td><\/tr><tr><td>Tama\u00f1o de la tira de sellado (L*W)<\/td><td>500mm*10mm<\/td><\/tr><tr><td>Material de la c\u00e1mara de vac\u00edo<\/td><td>acero inoxidable 304<\/td><\/tr><tr><td>Material de la tapa de vac\u00edo<\/td><td>Plexiglas<\/td><\/tr><tr><td>Bomba de vac\u00edo<\/td><td>20m\u00b3\/h<\/td><\/tr><tr><td>Tama\u00f1o de la c\u00e1mara de vac\u00edo (L*W*H)<\/td><td>525mm*520mm*130mm<\/td><\/tr><tr><td>Tama\u00f1o de la m\u00e1quina (L*W*H)<\/td><td>650mm*580mm*960mm<\/td><\/tr><tr><td>Peso de la m\u00e1quina<\/td><td>80kg<\/td><\/tr><\/tbody><\/table><figcaption class=\"wp-element-caption\">Par\u00e1metros de la m\u00e1quina de envasado al vac\u00edo de ma\u00edz<\/figcaption><\/figure>   <div class=\"wp-block-image\"> <figure class=\"aligncenter size-full\"><img loading=\"lazy\" decoding=\"async\" width=\"720\" height=\"540\" src=\"https:\/\/corn-machine.com\/wp-content\/uploads\/2025\/09\/maize-vacuum-packaging-machine.webp\" alt=\"maquina de envasado al vac\u00edo de ma\u00edz\" class=\"wp-image-962\" title=\"\" srcset=\"https:\/\/corn-machine.com\/wp-content\/uploads\/2025\/09\/maize-vacuum-packaging-machine.webp 720w, https:\/\/corn-machine.com\/wp-content\/uploads\/2025\/09\/maize-vacuum-packaging-machine-300x225.webp 300w, https:\/\/corn-machine.com\/wp-content\/uploads\/2025\/09\/maize-vacuum-packaging-machine-16x12.webp 16w\" sizes=\"auto, (max-width: 720px) 100vw, 720px\" \/><figcaption class=\"wp-element-caption\">maquina de envasado al vac\u00edo de ma\u00edz<\/figcaption><\/figure> <\/div>   <h2 class=\"wp-block-heading\"><strong>Aplicaciones de la m\u00e1quina de sellado al vac\u00edo de ma\u00edz<\/strong><\/h2>    <p class=\"translation-block\">Adem\u00e1s de sellar ma\u00edz fresco, este tipo de m\u00e1quina de envasado al vac\u00edo tambi\u00e9n se utiliza a menudo para envasar verduras (batatas, trozos de calabaza), frutas (pi\u00f1as, pl\u00e1tanos deshidratados), cultivos de granos (cacahuetes, casta\u00f1as) y otros productos agr\u00edcolas (goji, <a href=\"https:\/\/en.wikipedia.org\/wiki\/Jujube\" target=\"_blank\" rel=\"noopener\">d\u00e1tiles rojos<\/a>), etc.<\/p>    <p>Los productos sellados suelen venderse a supermercados, tiendas de conveniencia o exportarse directamente a otros pa\u00edses. Por lo tanto, la mayor\u00eda de las plantas de procesamiento de productos agr\u00edcolas, f\u00e1bricas de delicatessens, empresas de carne\/productos marinos y cooperativas de frutas y verduras adquirir\u00e1n nuestras m\u00e1quinas de envasado al vac\u00edo para procesamiento y envasado.<\/p>   <div class=\"wp-block-image\"> <figure class=\"aligncenter size-large\"><img loading=\"lazy\" decoding=\"async\" width=\"720\" height=\"540\" src=\"https:\/\/corn-machine.com\/wp-content\/uploads\/2025\/09\/application-of-food-vacuum-packaging-machine.webp\" alt=\"aplicaciones de la m\u00e1quina de envasado al vac\u00edo de alimentos\" class=\"wp-image-966\" title=\"\" srcset=\"https:\/\/corn-machine.com\/wp-content\/uploads\/2025\/09\/application-of-food-vacuum-packaging-machine.webp 720w, https:\/\/corn-machine.com\/wp-content\/uploads\/2025\/09\/application-of-food-vacuum-packaging-machine-300x225.webp 300w, https:\/\/corn-machine.com\/wp-content\/uploads\/2025\/09\/application-of-food-vacuum-packaging-machine-16x12.webp 16w\" sizes=\"auto, (max-width: 720px) 100vw, 720px\" \/><figcaption class=\"wp-element-caption\">aplicaciones de la m\u00e1quina de envasado al vac\u00edo de alimentos<\/figcaption><\/figure> <\/div>   <h2 class=\"wp-block-heading\"><strong>\u00bfPor qu\u00e9 elegir la m\u00e1quina de envasado al vac\u00edo Taizy de ma\u00edz?<\/strong><\/h2>    <ul class=\"wp-block-list\"> <li>Taizy es un fabricante profesional de maquinaria, con m\u00e1s de 40 a\u00f1os de experiencia en fabricaci\u00f3n y m\u00e1s de 10 a\u00f1os de experiencia en exportaci\u00f3n.<\/li>    <li>Poseemos una f\u00e1brica de integraci\u00f3n de producci\u00f3n y ventas sin intermediarios y proporcionamos los precios m\u00e1s favorables bas\u00e1ndonos en garantizar la calidad de la m\u00e1quina.<\/li>    <li>Nuestras m\u00e1quinas de envasado al vac\u00edo de ma\u00edz est\u00e1n fabricadas con alta calidad, duraderas y elaboradas de acuerdo con normas internacionales de fabricaci\u00f3n. Todas nuestras m\u00e1quinas est\u00e1n certificadas CE, gan\u00e1ndose la confianza de clientes en todo el mundo.<\/li>    <li>Al mismo tiempo, contamos con un servicio posventa perfecto y maduro, proporcionando videos de instalaci\u00f3n y manuales de instrucciones completos. Tambi\u00e9n hay personal de posventa que le ofrecer\u00e1 un servicio uno a uno.<\/li> <\/ul>    <p>Si tiene alg\u00fan problema, por favor cont\u00e1cteme. Le mostrar\u00e9 una cuota gratuita y cualquier otra informaci\u00f3n que desee.<\/p>    <p>Adem\u00e1s, tambi\u00e9n proporcionamos otras m\u00e1quinas para el procesamiento de ma\u00edz fresco:<\/p>    <ul class=\"wp-block-list\"> <li><a href=\"https:\/\/corn-machine.com\/es\/product\/fresh-corn-sheller-machine\/\">M\u00e1quina peladora de ma\u00edz dulce<\/a><\/li>    <li><a href=\"https:\/\/corn-machine.com\/es\/product\/corn-husk-remover-for-food-processing\/\">Remover c\u00e1scaras de ma\u00edz<\/a><\/li>    <li><a href=\"https:\/\/corn-machine.com\/es\/product\/sweet-corn-cutting-machine-food-process\/\">M\u00e1quina cortadora de ma\u00edz dulce<\/a><\/li> <\/ul>    <p>\u00a1Haz clic en la m\u00e1quina de la que est\u00e9s interesado para obtener m\u00e1s detalles!<\/p>","protected":false},"excerpt":{"rendered":"<p>Esta m\u00e1quina de envasado al vac\u00edo para ma\u00edz de acero inoxidable 304 puede resolver el problema de almacenamiento del ma\u00edz fresco, ma\u00edz dulce y ma\u00edz ceroso, garantiza de manera efectiva la prolongaci\u00f3n de la conservaci\u00f3n de los alimentos frescos y mantiene su mejor sabor y color.<\/p>","protected":false},"author":1,"featured_media":967,"parent":0,"template":"","tags":[31,51,48],"product-type":[52],"class_list":["post-956","product","type-product","status-publish","has-post-thumbnail","hentry","tag-corn","tag-fresh-corn","tag-sweet-corn","product-type-corn-packaging-machine"],"_links":{"self":[{"href":"https:\/\/corn-machine.com\/es\/wp-json\/wp\/v2\/product\/956","targetHints":{"allow":["GET"]}}],"collection":[{"href":"https:\/\/corn-machine.com\/es\/wp-json\/wp\/v2\/product"}],"about":[{"href":"https:\/\/corn-machine.com\/es\/wp-json\/wp\/v2\/types\/product"}],"author":[{"embeddable":true,"href":"https:\/\/corn-machine.com\/es\/wp-json\/wp\/v2\/users\/1"}],"wp:featuredmedia":[{"embeddable":true,"href":"https:\/\/corn-machine.com\/es\/wp-json\/wp\/v2\/media\/967"}],"wp:attachment":[{"href":"https:\/\/corn-machine.com\/es\/wp-json\/wp\/v2\/media?parent=956"}],"wp:term":[{"taxonomy":"post_tag","embeddable":true,"href":"https:\/\/corn-machine.com\/es\/wp-json\/wp\/v2\/tags?post=956"},{"taxonomy":"product-type","embeddable":true,"href":"https:\/\/corn-machine.com\/es\/wp-json\/wp\/v2\/product-type?post=956"}],"curies":[{"name":"wp","href":"https:\/\/api.w.org\/{rel}","templated":true}]}}