{"id":974,"date":"2025-09-28T15:17:58","date_gmt":"2025-09-28T07:17:58","guid":{"rendered":"https:\/\/corn-machine.com\/?post_type=product&#038;p=974"},"modified":"2025-09-28T17:50:19","modified_gmt":"2025-09-28T09:50:19","slug":"corn-tip-and-tail-cutting-machine","status":"publish","type":"product","link":"https:\/\/corn-machine.com\/es\/product\/corn-tip-and-tail-cutting-machine\/","title":{"rendered":"M\u00e1quina de corte de puntas y colas de ma\u00edz"},"content":{"rendered":"<p class=\"translation-block\">La <strong>m\u00e1quina de corte de punta y cola de ma\u00edz<\/strong> est\u00e1 dise\u00f1ada para realizar el pretratamiento para el procesamiento de ma\u00edz. Esta m\u00e1quina autom\u00e1tica de ma\u00edz puede cortar eficientemente la cabeza y la cola de ma\u00edz fresco, ma\u00edz dulce, ma\u00edz ceroso, etc. Adem\u00e1s, puede procesar ma\u00edz con o sin c\u00e1scara a una tasa de 3000-6000 por hora.<\/p>    <p>Puede ayudar a las plantas de procesamiento de alimentos de ma\u00edz a mejorar significativamente la eficiencia de producci\u00f3n. Muchas cooperativas rurales tambi\u00e9n est\u00e1n dispuestas a comprar conjuntamente esta m\u00e1quina de preprocesamiento. Mientras tanto, las m\u00e1quinas se exportan ampliamente a Vietnam, Nigeria, India y otros pa\u00edses.<\/p>    <figure class=\"wp-block-embed is-type-video is-provider-youtube wp-block-embed-youtube wp-embed-aspect-16-9 wp-has-aspect-ratio\"><div class=\"wp-block-embed__wrapper\"> <iframe loading=\"lazy\" title=\"M\u00e1quina autom\u00e1tica de corte de punta y cola de la espiga de ma\u00edz | Soluci\u00f3n eficiente de pre-procesamiento de ma\u00edz\" width=\"500\" height=\"281\" src=\"https:\/\/www.youtube.com\/embed\/GsZ9PzakF6M?feature=oembed\" frameborder=\"0\" allow=\"accelerometer; autoplay; clipboard-write; encrypted-media; gyroscope; picture-in-picture; web-share\" referrerpolicy=\"strict-origin-when-cross-origin\" allowfullscreen><\/iframe> <\/div><figcaption class=\"wp-element-caption\">v\u00eddeo de trabajo de la m\u00e1quina de corte de punta y cola de ma\u00edz<\/figcaption><\/figure>    <h2 class=\"wp-block-heading\"><strong>Ventajas del eliminador de cabeza y cola de ma\u00edz<\/strong><\/h2>    <ol class=\"wp-block-list\"> <li>En comparaci\u00f3n con el corte manual de ma\u00edz o una m\u00e1quina semiautom\u00e1tica de eliminaci\u00f3n de cabeza y cola de ma\u00edz, nuestro equipo ahorra costos laborales y ahorra al menos el doble de tiempo.<\/li>    <li>La m\u00e1quina cortadora de punta y cola de ma\u00edz Taizy ocupa un \u00e1rea peque\u00f1a pero tiene alta eficiencia, que puede procesar hasta 6,000 mazorcas por hora.<\/li>    <li>Las cuchillas de la m\u00e1quina de corte de punta y cola de ma\u00edz se pueden cambiar para ajustar la longitud de las mazorcas, lo que es crucial para el procesamiento y envasado a gran escala.<\/li>    <li>Nuestra m\u00e1quina de corte de extremos de ma\u00edz utiliza acero inoxidable SUS304 como material principal, lo que garantiza eficazmente la vida \u00fatil de nuestra m\u00e1quina y cumple con la seguridad alimentaria internacional.<\/li> <\/ol>   <div class=\"wp-block-image\"> <figure class=\"aligncenter size-full\"><img loading=\"lazy\" decoding=\"async\" width=\"720\" height=\"540\" src=\"https:\/\/corn-machine.com\/wp-content\/uploads\/2025\/09\/maize-tip-and-tail-cutting-machine.webp\" alt=\"m\u00e1quina de corte de punta y cola de ma\u00edz\" class=\"wp-image-976\" title=\"\" srcset=\"https:\/\/corn-machine.com\/wp-content\/uploads\/2025\/09\/maize-tip-and-tail-cutting-machine.webp 720w, https:\/\/corn-machine.com\/wp-content\/uploads\/2025\/09\/maize-tip-and-tail-cutting-machine-300x225.webp 300w, https:\/\/corn-machine.com\/wp-content\/uploads\/2025\/09\/maize-tip-and-tail-cutting-machine-16x12.webp 16w\" sizes=\"auto, (max-width: 720px) 100vw, 720px\" \/><figcaption class=\"wp-element-caption\">m\u00e1quina de corte de punta y cola de ma\u00edz<\/figcaption><\/figure> <\/div>   <h2 class=\"wp-block-heading\"><strong>Modelos y par\u00e1metros de la m\u00e1quina cortadora de extremos de ma\u00edz dulce<\/strong><\/h2>    <p>Ofrecemos dos tipos de m\u00e1quinas de corte de punta y cola de ma\u00edz para satisfacer diferentes necesidades de capacidad. Son el tipo de eliminadores de cabeza y cola de ma\u00edz de fila \u00fanica y el tipo de m\u00e1quinas de corte de cabeza y cola de ma\u00edz ceroso de doble fila.<\/p>    <h3 class=\"wp-block-heading\"><strong>Eliminador de cabeza y cola de ma\u00edz fresco de fila \u00fanica<\/strong><\/h3>    <figure class=\"wp-block-table\"><table class=\"has-fixed-layout\"><tbody><tr><td>Modelo<\/td><td class=\"has-text-align-center\" data-align=\"center\">Tipo de fila \u00fanica<\/td><\/tr><tr><td>Potencia de corte<\/td><td class=\"has-text-align-center\" data-align=\"center\">1.5KW<\/td><\/tr><tr><td>Potencia de transmisi\u00f3n<\/td><td class=\"has-text-align-center\" data-align=\"center\">0.75KW (transmisi\u00f3n de conversi\u00f3n de frecuencia)<\/td><\/tr><tr><td>Material<\/td><td class=\"has-text-align-center\" data-align=\"center\">Acero inoxidable <\/td><\/tr><tr><td>Capacidad<\/td><td class=\"has-text-align-center\" data-align=\"center\">3000 mazorcas\/h<\/td><\/tr><tr><td>Tama\u00f1o<\/td><td class=\"has-text-align-center\" data-align=\"center\">3000mm*800mm*1500mm<\/td><\/tr><\/tbody><\/table><figcaption class=\"wp-element-caption\">especificaci\u00f3n del eliminador de cabeza y cola de ma\u00edz fresco de fila \u00fanica<\/figcaption><\/figure>   <div class=\"wp-block-image\"> <figure class=\"aligncenter size-full\"><img loading=\"lazy\" decoding=\"async\" width=\"720\" height=\"540\" src=\"https:\/\/corn-machine.com\/wp-content\/uploads\/2025\/09\/single-row-fresh-corn-head-and-tail-remover.webp\" alt=\"eliminador de cabeza y cola de ma\u00edz fresco de fila \u00fanica\" class=\"wp-image-977\" title=\"\" srcset=\"https:\/\/corn-machine.com\/wp-content\/uploads\/2025\/09\/single-row-fresh-corn-head-and-tail-remover.webp 720w, https:\/\/corn-machine.com\/wp-content\/uploads\/2025\/09\/single-row-fresh-corn-head-and-tail-remover-300x225.webp 300w, https:\/\/corn-machine.com\/wp-content\/uploads\/2025\/09\/single-row-fresh-corn-head-and-tail-remover-16x12.webp 16w\" sizes=\"auto, (max-width: 720px) 100vw, 720px\" \/><figcaption class=\"wp-element-caption\">eliminador de cabeza y cola de ma\u00edz fresco de fila \u00fanica<\/figcaption><\/figure> <\/div>   <h3 class=\"wp-block-heading\"><strong>M\u00e1quina de corte de punta y cola de ma\u00edz de doble fila<\/strong><\/h3>    <figure class=\"wp-block-table\"><table class=\"has-fixed-layout\"><tbody><tr><td>Modelo<\/td><td class=\"has-text-align-center\" data-align=\"center\">Tipo de doble fila<\/td><\/tr><tr><td>Potencia de corte<\/td><td class=\"has-text-align-center\" data-align=\"center\">1.5KW<\/td><\/tr><tr><td>Potencia de transmisi\u00f3n<\/td><td class=\"has-text-align-center\" data-align=\"center\">1.5KW (transmisi\u00f3n de conversi\u00f3n de frecuencia)<\/td><\/tr><tr><td>Material<\/td><td class=\"has-text-align-center\" data-align=\"center\">Acero inoxidable <\/td><\/tr><tr><td>Capacidad<\/td><td class=\"has-text-align-center\" data-align=\"center\">6000 mazorcas\/h<\/td><\/tr><tr><td>Tama\u00f1o<\/td><td class=\"has-text-align-center\" data-align=\"center\">7000mm*1700mm*1900mm<\/td><\/tr><\/tbody><\/table><figcaption class=\"wp-element-caption\">par\u00e1metros de la m\u00e1quina de corte de cabeza y cola de ma\u00edz de doble fila<\/figcaption><\/figure>   <div class=\"wp-block-image\"> <figure class=\"aligncenter size-full\"><img loading=\"lazy\" decoding=\"async\" width=\"720\" height=\"540\" src=\"https:\/\/corn-machine.com\/wp-content\/uploads\/2025\/09\/double-row-maize-head-and-tail-cutting-machine.webp\" alt=\"m\u00e1quina de corte de cabeza y cola de ma\u00edz de doble fila\" class=\"wp-image-978\" title=\"\" srcset=\"https:\/\/corn-machine.com\/wp-content\/uploads\/2025\/09\/double-row-maize-head-and-tail-cutting-machine.webp 720w, https:\/\/corn-machine.com\/wp-content\/uploads\/2025\/09\/double-row-maize-head-and-tail-cutting-machine-300x225.webp 300w, https:\/\/corn-machine.com\/wp-content\/uploads\/2025\/09\/double-row-maize-head-and-tail-cutting-machine-16x12.webp 16w\" sizes=\"auto, (max-width: 720px) 100vw, 720px\" \/><figcaption class=\"wp-element-caption\">m\u00e1quina de corte de cabeza y cola de ma\u00edz de doble fila<\/figcaption><\/figure> <\/div>   <h2 class=\"wp-block-heading\"><strong>Aplicaci\u00f3n de la m\u00e1quina de corte de punta y cola de ma\u00edz<\/strong><\/h2>    <p class=\"translation-block\">Normalmente, estos tipos de m\u00e1quinas son adecuadas para procesar ma\u00edz dulce, <a href=\"https:\/\/en.wikipedia.org\/wiki\/Waxy_corn\" target=\"_blank\" rel=\"noopener\">ma\u00edz ceroso<\/a>, etc., en plantas de procesamiento de alimentos frescos o procesamiento cooperativo rural. El ma\u00edz procesado se puede esterilizar y envasar al vac\u00edo directamente, o convertir en ma\u00edz enlatado, ma\u00edz congelado y otros productos.<\/p>    <p>Puede realizar eficazmente los pretratamientos del ma\u00edz. Para el ma\u00edz con piel, que puede cortarse la cabeza y la cola para facilitar el pelado. Para el ma\u00edz sin piel, puede cortarse la cabeza y la cola para estandarizar la calidad. Este paso facilita el posterior procesamiento de alimentos de ma\u00edz.<\/p>    <figure class=\"wp-block-gallery has-nested-images columns-default is-cropped wp-block-gallery-2 is-layout-flex wp-block-gallery-is-layout-flex\"> <figure class=\"wp-block-image size-large\"><img loading=\"lazy\" decoding=\"async\" width=\"720\" height=\"540\" data-id=\"980\" src=\"https:\/\/corn-machine.com\/wp-content\/uploads\/2025\/09\/corn-food-processing-factory.webp\" alt=\"f\u00e1brica de procesamiento de alimentos de ma\u00edz\" class=\"wp-image-980\" title=\"\" srcset=\"https:\/\/corn-machine.com\/wp-content\/uploads\/2025\/09\/corn-food-processing-factory.webp 720w, https:\/\/corn-machine.com\/wp-content\/uploads\/2025\/09\/corn-food-processing-factory-300x225.webp 300w, https:\/\/corn-machine.com\/wp-content\/uploads\/2025\/09\/corn-food-processing-factory-16x12.webp 16w\" sizes=\"auto, (max-width: 720px) 100vw, 720px\" \/><figcaption class=\"wp-element-caption\">f\u00e1brica de procesamiento de alimentos de ma\u00edz<\/figcaption><\/figure>    <figure class=\"wp-block-image size-large\"><img loading=\"lazy\" decoding=\"async\" width=\"720\" height=\"540\" data-id=\"981\" src=\"https:\/\/corn-machine.com\/wp-content\/uploads\/2025\/09\/vacuum-packed-fresh-corn.webp\" alt=\"ma\u00edz fresco envasado al vac\u00edo\" class=\"wp-image-981\" title=\"\" srcset=\"https:\/\/corn-machine.com\/wp-content\/uploads\/2025\/09\/vacuum-packed-fresh-corn.webp 720w, https:\/\/corn-machine.com\/wp-content\/uploads\/2025\/09\/vacuum-packed-fresh-corn-300x225.webp 300w, https:\/\/corn-machine.com\/wp-content\/uploads\/2025\/09\/vacuum-packed-fresh-corn-16x12.webp 16w\" sizes=\"auto, (max-width: 720px) 100vw, 720px\" \/><figcaption class=\"wp-element-caption\">ma\u00edz fresco envasado al vac\u00edo<\/figcaption><\/figure> <\/figure>    <h2 class=\"wp-block-heading\"><strong>\u00bfPor qu\u00e9 elegir Taizy?<\/strong><\/h2>    <ul class=\"wp-block-list\"> <li>Taizy ha estado presente durante 40 a\u00f1os, por lo que tiene m\u00e1s de una d\u00e9cada de experiencia en la exportaci\u00f3n de maquinaria de procesamiento de ma\u00edz agr\u00edcola.<\/li>    <li>We have a strict QC system, so our machines are built based on international standards. Most of Taizy&#8217;s equipment has CE and other internationally recognized certificates.<\/li>    <li>Taizy proporciona un buen soporte postventa, que incluye soporte de instalaci\u00f3n, ayuda t\u00e9cnica\/soluci\u00f3n de problemas, suministro de piezas de repuesto, etc.<\/li>    <li>Taizy es tanto un fabricante como un exportador, por lo que a menudo ahorramos costos en comparaci\u00f3n con pasar por un tercero. Adem\u00e1s, tenemos nuestra propia f\u00e1brica, lo que significa que tenemos un mayor control sobre los costos de producci\u00f3n y los tiempos de entrega.<\/li> <\/ul>    <h2 class=\"wp-block-heading\"><strong>\u00bfC\u00f3mo ordenar esta m\u00e1quina cortadora de cabeza y cola de ma\u00edz?<\/strong><\/h2>    <p>If you are interested in our machine but don&#8217;t know if it has an affordable price and suitable requirements for you, you can contact us through WhatsApp, phone, or email, and send us a message. We will provide you with the list of products and their price. <\/p>    <p>Despu\u00e9s de asegurarnos de que tiene intenciones sobre algunas m\u00e1quinas, nuestro vendedor le proporcionar\u00e1 una soluci\u00f3n basada en sus requisitos de capacidad de producci\u00f3n y los materiales que desea procesar.<\/p>    <p>Se requiere un dep\u00f3sito parcial antes de la producci\u00f3n, y el proceso de producci\u00f3n generalmente toma alrededor de 15 d\u00edas. Si tenemos inventario en nuestro almac\u00e9n y no se requieren requisitos especiales, podemos preparar el env\u00edo tras la confirmaci\u00f3n del pedido.<\/p>    <p>Probaremos la m\u00e1quina antes del env\u00edo para verificar si es calificada. Si desea visitar la f\u00e1brica y probar la m\u00e1quina usted mismo, siempre es bienvenido a contactarnos.<\/p>    <p class=\"translation-block\">Si est\u00e1 interesado en esta m\u00e1quina de corte de punta y cola de ma\u00edz, no dude en contactarnos para obtener una cotizaci\u00f3n gratuita. Adem\u00e1s de esta m\u00e1quina, tambi\u00e9n ofrecemos <a href=\"https:\/\/corn-machine.com\/es\/product\/sweet-corn-cutting-machine-food-process\/\">m\u00e1quinas cortadoras de ma\u00edz<\/a> y grandes <a href=\"https:\/\/corn-machine.com\/es\/product\/corn-husk-remover-for-food-processing\/\">m\u00e1quinas quita-pajas de ma\u00edz<\/a> comerciales.<\/p>","protected":false},"excerpt":{"rendered":"<p>Si busca herramientas de preprocesamiento para plantas de procesamiento de ma\u00edz, podr\u00eda querer echar un vistazo a nuestra m\u00e1quina cortadora de puntas y cola de ma\u00edz. Puede eliminar las cabezas y las colas de 3.000-6.000 granos por hora.<\/p>","protected":false},"author":1,"featured_media":975,"parent":0,"template":"","tags":[31,51,48],"product-type":[49],"class_list":["post-974","product","type-product","status-publish","has-post-thumbnail","hentry","tag-corn","tag-fresh-corn","tag-sweet-corn","product-type-corn-cutter-machine"],"_links":{"self":[{"href":"https:\/\/corn-machine.com\/es\/wp-json\/wp\/v2\/product\/974","targetHints":{"allow":["GET"]}}],"collection":[{"href":"https:\/\/corn-machine.com\/es\/wp-json\/wp\/v2\/product"}],"about":[{"href":"https:\/\/corn-machine.com\/es\/wp-json\/wp\/v2\/types\/product"}],"author":[{"embeddable":true,"href":"https:\/\/corn-machine.com\/es\/wp-json\/wp\/v2\/users\/1"}],"wp:featuredmedia":[{"embeddable":true,"href":"https:\/\/corn-machine.com\/es\/wp-json\/wp\/v2\/media\/975"}],"wp:attachment":[{"href":"https:\/\/corn-machine.com\/es\/wp-json\/wp\/v2\/media?parent=974"}],"wp:term":[{"taxonomy":"post_tag","embeddable":true,"href":"https:\/\/corn-machine.com\/es\/wp-json\/wp\/v2\/tags?post=974"},{"taxonomy":"product-type","embeddable":true,"href":"https:\/\/corn-machine.com\/es\/wp-json\/wp\/v2\/product-type?post=974"}],"curies":[{"name":"wp","href":"https:\/\/api.w.org\/{rel}","templated":true}]}}