{"id":13,"date":"2022-09-06T03:19:09","date_gmt":"2022-09-06T03:19:09","guid":{"rendered":"https:\/\/corn-machine.com\/?page_id=13"},"modified":"2022-09-14T03:15:43","modified_gmt":"2022-09-14T03:15:43","slug":"about-us","status":"publish","type":"page","link":"https:\/\/corn-machine.com\/fr\/about-us\/","title":{"rendered":"\u00c0 propos de nous"},"content":{"rendered":"<h2 class=\"wp-block-heading\" id=\"h-who-are-we\">Qui sommes nous<\/h2>    <div class=\"wp-block-media-text alignwide is-stacked-on-mobile\"><figure class=\"wp-block-media-text__media\"><img loading=\"lazy\" decoding=\"async\" width=\"750\" height=\"579\" src=\"https:\/\/corn-machine.com\/wp-content\/uploads\/2022\/09\/about1.webp\" alt=\"\" class=\"wp-image-151 size-full\" title=\"\"><\/figure><div class=\"wp-block-media-text__content\"> <p>Taizy Machinery est un fabricant et une soci\u00e9t\u00e9 de vente sp\u00e9cialis\u00e9e dans les machines de transformation du ma\u00efs. Nous disposons d'une large gamme de machines allant du semis de ma\u00efs \u00e0 la r\u00e9colte en passant par la transformation. Nos principaux produits sont les semoirs de ma\u00efs, les r\u00e9colteuses de ma\u00efs, les batteuses de ma\u00efs, les granuleuses de ma\u00efs, etc.<\/p> <\/div><\/div>    <div class=\"wp-block-media-text alignwide has-media-on-the-right is-stacked-on-mobile\"><figure class=\"wp-block-media-text__media\"><img loading=\"lazy\" decoding=\"async\" width=\"720\" height=\"540\" src=\"https:\/\/corn-machine.com\/wp-content\/uploads\/2022\/09\/Taizy-machinery-plant.webp\" alt=\"\" class=\"wp-image-154 size-full\" title=\"\"><\/figure><div class=\"wp-block-media-text__content\"> <p>Nos machines de transformation du ma\u00efs sont principalement fournies aux petites, moyennes et grandes exploitations agricoles, aux usines de transformation des aliments, aux revendeurs de machines et aux agents dans divers pays. En plus de fournir des machines de haute qualit\u00e9 et des services professionnels, nous fournissons \u00e9galement \u00e0 nos clients des pi\u00e8ces d'\u00e9quipement et des pi\u00e8ces d'usure pour les machines, l'installation de l'\u00e9quipement et des instructions d'utilisation pour am\u00e9liorer leur exp\u00e9rience d'achat.<\/p> <\/div><\/div>    <h2 class=\"wp-block-heading\" id=\"h-why-choose-us\">Pourquoi nous choisir<\/h2>    <ul class=\"wp-block-list\"><li>Riche exp\u00e9rience d'exportation. \u00c0 l'heure actuelle, nos machines ont \u00e9t\u00e9 export\u00e9es vers plus de trente pays et r\u00e9gions, tels que les \u00c9tats-Unis, l'Australie, le Nig\u00e9ria, le Kenya, l'\u00c9thiopie, la Namibie, le Botswana, le Zimbabwe, etc., qui sont bien accueillis par nos clients.<\/li><li>Service apr\u00e8s-vente parfait. Apr\u00e8s avoir vendu la machine, notre personnel technique vous guidera pour installer la machine. Lors de l'utilisation ult\u00e9rieure de la machine, tout probl\u00e8me avec la machine peut nous contacter et nous pourrons r\u00e9pondre \u00e0 vos questions d'un point de vue professionnel.<\/li><li>Machine de haute qualit\u00e9 certifi\u00e9e CE. Sous la supervision de notre syst\u00e8me de contr\u00f4le qualit\u00e9 strict, nos machines sont d\u2019excellente qualit\u00e9 et disposent des certificats CE. Les machines peuvent vous aider \u00e0 cultiver et \u00e0 traiter facilement d\u2019autres c\u00e9r\u00e9ales telles que le ma\u00efs.<\/li><\/ul>    <figure class=\"wp-block-image size-full\"><img loading=\"lazy\" decoding=\"async\" width=\"1024\" height=\"323\" src=\"https:\/\/corn-machine.com\/wp-content\/uploads\/2022\/09\/certificate.webp\" alt=\"\" class=\"wp-image-156\" title=\"\"><\/figure>    <h2 class=\"wp-block-heading\" id=\"h-where-are-we\">O\u00f9 sommes-nous<\/h2>    <p>Taizy Machinery est situ\u00e9 \u00e0 Zhengzhou, Henan, Chine. Notre bureau est install\u00e9 dans la zone de d\u00e9veloppement \u00e9conomique de Zhengzhou, bienvenue pour visiter Taizy Machinery \u00e0 tout moment !<\/p>    <figure class=\"wp-block-image size-full\"><img loading=\"lazy\" decoding=\"async\" width=\"1024\" height=\"486\" src=\"https:\/\/corn-machine.com\/wp-content\/uploads\/2022\/09\/global-market.webp\" alt=\"\" class=\"wp-image-158\" title=\"\"><\/figure>","protected":false},"excerpt":{"rendered":"<p>Who Are We Taizy Machinery is a manufacturer and sales company specializing in corn processing machinery. We have a wide range of machines from corn sowing to harvesting to processing. Our main products are corn seeders, corn harvesters, corn threshers, corn grit machines, etc. Our corn processing machines are mainly supplied to small, medium, and [&hellip;]<\/p>\n","protected":false},"author":1,"featured_media":0,"parent":0,"menu_order":0,"comment_status":"closed","ping_status":"closed","template":"","meta":{"footnotes":""},"class_list":["post-13","page","type-page","status-publish","hentry"],"_links":{"self":[{"href":"https:\/\/corn-machine.com\/fr\/wp-json\/wp\/v2\/pages\/13","targetHints":{"allow":["GET"]}}],"collection":[{"href":"https:\/\/corn-machine.com\/fr\/wp-json\/wp\/v2\/pages"}],"about":[{"href":"https:\/\/corn-machine.com\/fr\/wp-json\/wp\/v2\/types\/page"}],"author":[{"embeddable":true,"href":"https:\/\/corn-machine.com\/fr\/wp-json\/wp\/v2\/users\/1"}],"replies":[{"embeddable":true,"href":"https:\/\/corn-machine.com\/fr\/wp-json\/wp\/v2\/comments?post=13"}],"version-history":[{"count":0,"href":"https:\/\/corn-machine.com\/fr\/wp-json\/wp\/v2\/pages\/13\/revisions"}],"wp:attachment":[{"href":"https:\/\/corn-machine.com\/fr\/wp-json\/wp\/v2\/media?parent=13"}],"curies":[{"name":"wp","href":"https:\/\/api.w.org\/{rel}","templated":true}]}}