{"id":1019,"date":"2025-10-20T15:09:14","date_gmt":"2025-10-20T07:09:14","guid":{"rendered":"https:\/\/corn-machine.com\/?post_type=product&#038;p=1019"},"modified":"2025-10-21T11:49:35","modified_gmt":"2025-10-21T03:49:35","slug":"maize-sheller-machine-for-grain-threshing","status":"publish","type":"product","link":"https:\/\/corn-machine.com\/fr\/product\/maize-sheller-machine-for-grain-threshing\/","title":{"rendered":"Machine de perforation du ma\u00efs pour l\u2019\u00e9grenage des grains"},"content":{"rendered":"<p class=\"translation-block\">Gr\u00e2ce \u00e0 des recherches et des mises \u00e0 jour, Taizy a con\u00e7u un nouveau mod\u00e8le de <strong>machine \u00e9grageuse de ma\u00efs<\/strong>, qui prend en charge deux options d'alimentation : diesel et moteur \u00e9lectrique. \u00c9quip\u00e9 d'un syst\u00e8me \u00e0 double ventilateur, il peut \u00e9liminer les impuret\u00e9s plus efficacement, rendant le ma\u00efs fini plus propre et de meilleure qualit\u00e9.<\/p>    <p>De plus, il est \u00e9galement largement utilis\u00e9 pour battre le soja, le sorgho, le millet, le riz, etc. La machine dispose de deux chambres de travail, ce qui rend la production plus efficace: 3 t\/h (millet), 5 t\/h (ma\u00efs), 2 t\/h (riz et bl\u00e9). <\/p>    <figure class=\"wp-block-embed aligncenter is-type-video is-provider-youtube wp-block-embed-youtube wp-embed-aspect-16-9 wp-has-aspect-ratio\"><div class=\"wp-block-embed__wrapper\"> <iframe loading=\"lazy\" title=\"\ud83c\udf3d\ud83d\ude9cNouvelle batteuse \u00e0 grain | Double alimentation, Double ventilateurs, Efficacit\u00e9 accrue\" width=\"500\" height=\"281\" src=\"https:\/\/www.youtube.com\/embed\/fsW_ADQuGd4?feature=oembed\" frameborder=\"0\" allow=\"accelerometer; autoplay; clipboard-write; encrypted-media; gyroscope; picture-in-picture; web-share\" referrerpolicy=\"strict-origin-when-cross-origin\" allowfullscreen><\/iframe> <\/div><figcaption class=\"wp-element-caption\">test de fonctionnement de la machine \u00e9grageuse de ma\u00efs<\/figcaption><\/figure>    <h2 class=\"wp-block-heading\"><strong>Caract\u00e9ristiques mises \u00e0 jour du nouveau style de machine d\u2019\u00e9grenage de ma\u00efs<\/strong><\/h2>    <p>Apr\u00e8s les am\u00e9liorations des produits, nos machines ont fait de plus grands progr\u00e8s par rapport aux mod\u00e8les pr\u00e9c\u00e9dents.<\/p>    <ul class=\"wp-block-list\"> <li>Cette nouvelle machine de battage du ma\u00efs passe par deux processus de battage, ce qui la diff\u00e9rencie de l\u2019ancien mod\u00e8le, augmentant le taux de battage et la propret\u00e9 du battage.<\/li>    <li>Le nouveau mod\u00e8le dispose de trois sorties diff\u00e9rentes\u00a0: une grande sortie de d\u00e9bris avec \u00e9cran vibrant, une petite sortie de d\u00e9bris avec un ventilateur et la sortie produit final.<\/li>    <li>Notre machine d\u2019\u00e9grenage de ma\u00efs est \u00e9quip\u00e9e de ventilateurs doubles, qui offrent de meilleures capacit\u00e9s de nettoyage, des taux de casse des grains plus faibles et une meilleure adaptabilit\u00e9 \u00e0 diverses cultures et niveaux d\u2019humidit\u00e9 par rapport aux mod\u00e8les \u00e0 ventilateur unique.<\/li> <\/ul>   <div class=\"wp-block-image\"> <figure class=\"aligncenter size-full\"><img loading=\"lazy\" decoding=\"async\" width=\"720\" height=\"540\" src=\"https:\/\/corn-machine.com\/wp-content\/uploads\/2025\/10\/agriculture-thresher.webp\" alt=\"moissonneuse-batteuse agricole\" class=\"wp-image-1022\" title=\"\" srcset=\"https:\/\/corn-machine.com\/wp-content\/uploads\/2025\/10\/agriculture-thresher.webp 720w, https:\/\/corn-machine.com\/wp-content\/uploads\/2025\/10\/agriculture-thresher-300x225.webp 300w, https:\/\/corn-machine.com\/wp-content\/uploads\/2025\/10\/agriculture-thresher-16x12.webp 16w\" sizes=\"auto, (max-width: 720px) 100vw, 720px\" \/><figcaption class=\"wp-element-caption\">moissonneuse-batteuse agricole<\/figcaption><\/figure> <\/div>   <h2 class=\"wp-block-heading\"><strong>Structure de notre machine d\u2019\u00e9grenage multifonctionnelle du ma\u00efs<\/strong><\/h2>    <p>Notre batteuse de bl\u00e9 se compose de l\u2019entr\u00e9e, du moteur diesel (ou moteur \u00e9lectrique), du pneu mobile, du ch\u00e2ssis de traction, des tambours de battage, des sorties et du ventilateur \u00e0 conduit d\u2019air.<\/p>    <figure class=\"wp-block-gallery has-nested-images columns-default is-cropped wp-block-gallery-2 is-layout-flex wp-block-gallery-is-layout-flex\"> <figure class=\"wp-block-image size-large\"><img loading=\"lazy\" decoding=\"async\" width=\"720\" height=\"540\" data-id=\"1023\" src=\"https:\/\/corn-machine.com\/wp-content\/uploads\/2025\/10\/structure-of-corn-sheller-machine.webp\" alt=\"structure de la machine d\u2019\u00e9grenage du ma\u00efs\" class=\"wp-image-1023\" title=\"\" srcset=\"https:\/\/corn-machine.com\/wp-content\/uploads\/2025\/10\/structure-of-corn-sheller-machine.webp 720w, https:\/\/corn-machine.com\/wp-content\/uploads\/2025\/10\/structure-of-corn-sheller-machine-300x225.webp 300w, https:\/\/corn-machine.com\/wp-content\/uploads\/2025\/10\/structure-of-corn-sheller-machine-16x12.webp 16w\" sizes=\"auto, (max-width: 720px) 100vw, 720px\" \/><figcaption class=\"wp-element-caption\">structure de la machine d\u2019\u00e9grenage du ma\u00efs<\/figcaption><\/figure>    <figure class=\"wp-block-image size-large\"><img loading=\"lazy\" decoding=\"async\" width=\"720\" height=\"540\" data-id=\"1024\" src=\"https:\/\/corn-machine.com\/wp-content\/uploads\/2025\/10\/structure-of-grain-threshing-machine.webp\" alt=\"structure de la machine de battage des grains\" class=\"wp-image-1024\" title=\"\" srcset=\"https:\/\/corn-machine.com\/wp-content\/uploads\/2025\/10\/structure-of-grain-threshing-machine.webp 720w, https:\/\/corn-machine.com\/wp-content\/uploads\/2025\/10\/structure-of-grain-threshing-machine-300x225.webp 300w, https:\/\/corn-machine.com\/wp-content\/uploads\/2025\/10\/structure-of-grain-threshing-machine-16x12.webp 16w\" sizes=\"auto, (max-width: 720px) 100vw, 720px\" \/><figcaption class=\"wp-element-caption\">structure de la machine de battage des grains<\/figcaption><\/figure> <\/figure>    <p>Il y a 2 tambours d\u2019\u00e9grenage dans notre machine d\u2019\u00e9grenage de ma\u00efs. Le premier tambour d\u2019\u00e9grenage est responsable de l\u2019\u00e9grenage initial, qui s\u00e9pare les grains de ma\u00efs des cobs par frottement et impact. Le deuxi\u00e8me tambour effectue une s\u00e9paration plus fine qui am\u00e9liore l\u2019efficacit\u00e9 globale de l\u2019\u00e9grenage et la puret\u00e9.<\/p>    <p>Le syst\u00e8me \u00e0 double ventilateur est l\u2019une des caract\u00e9ristiques cl\u00e9s de cette \u00e9grenage de ma\u00efs. Le premier ventilateur \u00e9limine les gros peeling et les impuret\u00e9s l\u00e9g\u00e8res, tandis que le second ventilateur offre une s\u00e9paration d\u2019air secondaire pour les poussi\u00e8res et le paillis plus petits. Ce syst\u00e8me d\u2019\u00e9coulement d\u2019air en deux \u00e9tapes garantit que les grains finaux sont plus propres et de meilleure qualit\u00e9.<\/p>    <p>Pour faciliter les d\u00e9placements entre les champs, notre \u00e9grenage de ma\u00efs est con\u00e7u avec des pneumatiques larges et durables, ce qui le rend adapt\u00e9 \u00e0 la fois au d\u00e9placement et au travail sur le terrain, offrant plus de flexibilit\u00e9 aux utilisateurs dans les zones rurales ou sur les grandes exploitations.<\/p>    <h2 class=\"wp-block-heading\"><strong>Quelles sont les applications de la machine d\u2019\u00e9grenage du ma\u00efs ?<\/strong><\/h2>    <p>En plus du ma\u00efs, cet \u00e9greneur polyvalent peut \u00e9galement \u00eatre utilis\u00e9 pour une vari\u00e9t\u00e9 de c\u00e9r\u00e9ales et de cultures, notamment le ma\u00efs, le sorgho, le millet, le soja et le bl\u00e9, r\u00e9pondant \u00e0 un large \u00e9ventail de besoins de traitement des c\u00e9r\u00e9ales.<\/p>    <p>Les batteuses de grains sont largement utilis\u00e9es dans les fermes rurales, les coop\u00e9ratives agricoles, les stations d\u2019achat de grains et les petites usines de transformation alimentaire. Elles aident \u00e0 r\u00e9duire la main-d\u2019\u0153uvre et ses co\u00fbts tout en am\u00e9liorant consid\u00e9rablement l\u2019efficacit\u00e9 du battage.<\/p>    <p>Taizy a re\u00e7u de nombreuses commandes dans des r\u00e9gions o\u00f9 le ma\u00efs et d\u2019autres c\u00e9r\u00e9ales sont des aliments de base, comme l\u2019Afrique, l\u2019Asie du Sud-Est et l\u2019Am\u00e9rique du Sud. Cette machine joue un r\u00f4le essentiel dans l\u2019am\u00e9lioration de l\u2019efficacit\u00e9 du traitement des c\u00e9r\u00e9ales et le soutien \u00e0 la production alimentaire locale.<\/p>    <figure class=\"wp-block-gallery has-nested-images columns-2 is-cropped wp-block-gallery-3 is-layout-flex wp-block-gallery-is-layout-flex\"> <figure class=\"wp-block-image size-large\"><img loading=\"lazy\" decoding=\"async\" width=\"720\" height=\"540\" data-id=\"1028\" src=\"https:\/\/corn-machine.com\/wp-content\/uploads\/2025\/10\/corn.webp\" alt=\"ma\u00efs\" class=\"wp-image-1028\" title=\"\" srcset=\"https:\/\/corn-machine.com\/wp-content\/uploads\/2025\/10\/corn.webp 720w, https:\/\/corn-machine.com\/wp-content\/uploads\/2025\/10\/corn-300x225.webp 300w, https:\/\/corn-machine.com\/wp-content\/uploads\/2025\/10\/corn-16x12.webp 16w\" sizes=\"auto, (max-width: 720px) 100vw, 720px\" \/><figcaption class=\"wp-element-caption\">ma\u00efs<\/figcaption><\/figure>    <figure class=\"wp-block-image size-large\"><img loading=\"lazy\" decoding=\"async\" width=\"720\" height=\"540\" data-id=\"1030\" src=\"https:\/\/corn-machine.com\/wp-content\/uploads\/2025\/10\/sorghum.webp\" alt=\"sorgho\" class=\"wp-image-1030\" title=\"\" srcset=\"https:\/\/corn-machine.com\/wp-content\/uploads\/2025\/10\/sorghum.webp 720w, https:\/\/corn-machine.com\/wp-content\/uploads\/2025\/10\/sorghum-300x225.webp 300w, https:\/\/corn-machine.com\/wp-content\/uploads\/2025\/10\/sorghum-16x12.webp 16w\" sizes=\"auto, (max-width: 720px) 100vw, 720px\" \/><figcaption class=\"wp-element-caption\"><a href=\"https:\/\/en.wikipedia.org\/wiki\/Sorghum\" target=\"_blank\" rel=\"noopener\">sorgho<\/a><\/figcaption><\/figure>    <figure class=\"wp-block-image size-large\"><img loading=\"lazy\" decoding=\"async\" width=\"720\" height=\"540\" data-id=\"1029\" src=\"https:\/\/corn-machine.com\/wp-content\/uploads\/2025\/10\/soybean.webp\" alt=\"soja\" class=\"wp-image-1029\" title=\"\" srcset=\"https:\/\/corn-machine.com\/wp-content\/uploads\/2025\/10\/soybean.webp 720w, https:\/\/corn-machine.com\/wp-content\/uploads\/2025\/10\/soybean-300x225.webp 300w, https:\/\/corn-machine.com\/wp-content\/uploads\/2025\/10\/soybean-16x12.webp 16w\" sizes=\"auto, (max-width: 720px) 100vw, 720px\" \/><figcaption class=\"wp-element-caption\">soja<\/figcaption><\/figure>    <figure class=\"wp-block-image size-large\"><img loading=\"lazy\" decoding=\"async\" width=\"720\" height=\"540\" data-id=\"1031\" src=\"https:\/\/corn-machine.com\/wp-content\/uploads\/2025\/10\/wheat.webp\" alt=\"bl\u00e9\" class=\"wp-image-1031\" title=\"\" srcset=\"https:\/\/corn-machine.com\/wp-content\/uploads\/2025\/10\/wheat.webp 720w, https:\/\/corn-machine.com\/wp-content\/uploads\/2025\/10\/wheat-300x225.webp 300w, https:\/\/corn-machine.com\/wp-content\/uploads\/2025\/10\/wheat-16x12.webp 16w\" sizes=\"auto, (max-width: 720px) 100vw, 720px\" \/><figcaption class=\"wp-element-caption\">bl\u00e9<\/figcaption><\/figure> <\/figure>    <h2 class=\"wp-block-heading\"><strong>Combien co\u00fbte une machine Taizy d\u2019\u00e9grenage de ma\u00efs ?<\/strong><\/h2>    <p>Une batteuse de ma\u00efs de base co\u00fbte g\u00e9n\u00e9ralement moins de $1,000 USD, mais pour les produits d\u2019exportation, de nombreux facteurs peuvent influencer le prix final, allant potentiellement de $1,000 \u00e0 $2,000 USD.<\/p>    <p>Les facteurs suivants peuvent influencer la diff\u00e9rence de prix finale\u00a0:<\/p>    <ol class=\"wp-block-list\"> <li>Exp\u00e9dition et fret\u00a0: inclut le fret maritime, le transport int\u00e9rieur et la manutention au port.<\/li>    <li>D\u00e9douanement et frais de douane\u00a0: cela comprend les droits de douane, les taxes d\u2019importation et les frais d\u2019inspection dans votre pays.<\/li>    <li>Options de transmission\u00a0: choisir un moteur diesel ou un moteur \u00e9lectrique peut influencer le co\u00fbt.<\/li> <\/ol>    <p>Si vous \u00eates int\u00e9ress\u00e9 par nos machines, veuillez nous contacter pour obtenir un devis afin de comprendre pleinement l\u2019investissement. Nous proposons \u00e9galement des devis personnalis\u00e9s en fonction de votre pays, du type d\u2019alimentation, des capacit\u00e9s requises et des conditions d\u2019exp\u00e9dition.<\/p>    <figure class=\"wp-block-gallery has-nested-images columns-default is-cropped wp-block-gallery-4 is-layout-flex wp-block-gallery-is-layout-flex\"> <figure class=\"wp-block-image size-large\"><img loading=\"lazy\" decoding=\"async\" width=\"720\" height=\"540\" data-id=\"1025\" src=\"https:\/\/corn-machine.com\/wp-content\/uploads\/2025\/10\/corn-seed-remover-machine.webp\" alt=\"machine d\u2019enl\u00e8vement de graines de ma\u00efs\" class=\"wp-image-1025\" title=\"\" srcset=\"https:\/\/corn-machine.com\/wp-content\/uploads\/2025\/10\/corn-seed-remover-machine.webp 720w, https:\/\/corn-machine.com\/wp-content\/uploads\/2025\/10\/corn-seed-remover-machine-300x225.webp 300w, https:\/\/corn-machine.com\/wp-content\/uploads\/2025\/10\/corn-seed-remover-machine-16x12.webp 16w\" sizes=\"auto, (max-width: 720px) 100vw, 720px\" \/><figcaption class=\"wp-element-caption\">machine d\u2019enl\u00e8vement de graines de ma\u00efs<\/figcaption><\/figure>    <figure class=\"wp-block-image size-large\"><img loading=\"lazy\" decoding=\"async\" width=\"720\" height=\"540\" data-id=\"1026\" src=\"https:\/\/corn-machine.com\/wp-content\/uploads\/2025\/10\/thresher-farm-equipment.webp\" alt=\"\u00e9quipement agricole pour battage\" class=\"wp-image-1026\" title=\"\" srcset=\"https:\/\/corn-machine.com\/wp-content\/uploads\/2025\/10\/thresher-farm-equipment.webp 720w, https:\/\/corn-machine.com\/wp-content\/uploads\/2025\/10\/thresher-farm-equipment-300x225.webp 300w, https:\/\/corn-machine.com\/wp-content\/uploads\/2025\/10\/thresher-farm-equipment-16x12.webp 16w\" sizes=\"auto, (max-width: 720px) 100vw, 720px\" \/><figcaption class=\"wp-element-caption\">\u00e9quipement agricole pour battage<\/figcaption><\/figure> <\/figure>    <h2 class=\"wp-block-heading\"><strong>Le processus d\u2019achat de notre batteuse de ma\u00efs <\/strong><\/h2>    <p>Notre objectif est de fournir \u00e0 chaque client une exp\u00e9rience d\u2019achat fluide et efficace. Ci-dessous le processus d\u2019achat, qui vous aide \u00e0 comprendre l\u2019ensemble du processus de production \u00e0 la livraison d\u2019une machine.<\/p>    <p class=\"translation-block\"><strong>Step 1<\/strong>: Our professional sales staff will identify the appropriate model based on the customer&#8217;s information, including grain type, capacity requirements, and power options. We will then provide technical details, working videos, and a quote for customers&#8217; reference.<\/p>    <p class=\"translation-block\"><strong>\u00c9tape 2<\/strong>\u00a0: Une fois les d\u00e9tails de la commande confirm\u00e9s, la production peut commencer d\u00e8s le versement de l\u2019acompte. Notre usine organisera la production selon les sp\u00e9cifications. Apr\u00e8s l\u2019assemblage, chaque machine d\u2019\u00e9grenage de ma\u00efs subira des tests pour garantir des performances stables et un fonctionnement fluide.<\/p>    <p class=\"translation-block\"><strong>\u00c9tape 3<\/strong>\u00a0: Avant l\u2019exp\u00e9dition, nos techniciens effectueront un test complet, enregistreront des vid\u00e9os et confirmeront avec notre client. Ce n\u2019est qu\u2019apr\u00e8s confirmation que nous passerons \u00e0 l\u2019\u00e9tape suivante.<\/p>    <p class=\"translation-block\"><strong>\u00c9tape 4<\/strong> : Une fois que le client a pay\u00e9 le solde restant, nous organiserons l\u2019emballage, le d\u00e9douanement \u00e0 l\u2019exportation et la livraison jusqu\u2019au port de chargement. Si n\u00e9cessaire, notre \u00e9quipe peut \u00e9galement aider au d\u00e9douanement pour faciliter le processus d\u2019importation.<\/p>    <p>Taizy has been exporting for over a decade and has our own factories, striving to provide the best prices and quality to our customers. If you are interested in our maize sheller machines, please don&#8217;t hesitate to contact us for a free quotation!<\/p>    <p><strong><br><\/strong><br><\/p>   <div class=\"wp-block-image\"> <figure class=\"aligncenter size-full\"><img loading=\"lazy\" decoding=\"async\" width=\"720\" height=\"540\" src=\"https:\/\/corn-machine.com\/wp-content\/uploads\/2025\/10\/wheat-thresher-machine.webp\" alt=\"machine batteuse de bl\u00e9\" class=\"wp-image-1027\" title=\"\" srcset=\"https:\/\/corn-machine.com\/wp-content\/uploads\/2025\/10\/wheat-thresher-machine.webp 720w, https:\/\/corn-machine.com\/wp-content\/uploads\/2025\/10\/wheat-thresher-machine-300x225.webp 300w, https:\/\/corn-machine.com\/wp-content\/uploads\/2025\/10\/wheat-thresher-machine-16x12.webp 16w\" sizes=\"auto, (max-width: 720px) 100vw, 720px\" \/><figcaption class=\"wp-element-caption\">machine batteuse de bl\u00e9<\/figcaption><\/figure> <\/div>   <p>Si vous souhaitez poursuivre le traitement du produit fini, nous proposons \u00e9galement\u202f:<\/p>    <ul class=\"wp-block-list\"> <li><a href=\"https:\/\/corn-machine.com\/fr\/product\/maize-grits-making-machine\/\">Machine \u00e0 fabriquer des semoules de ma\u00efs<\/a><\/li>    <li><a href=\"https:\/\/corn-machine.com\/fr\/product\/hammer-mill-grinder-for-corn\/\">Broyeur \u00e0 marteaux<\/a><\/li> <\/ul>","protected":false},"excerpt":{"rendered":"<p>Taizy&#8217;s new maize sheller machine is equipped with dual power options, dual duct fans and a durable structure, ensuring high thresher efficiency and low breakage rate when processing different agricultural products.<\/p>","protected":false},"author":1,"featured_media":1021,"parent":0,"template":"","tags":[31],"product-type":[42],"class_list":["post-1019","product","type-product","status-publish","has-post-thumbnail","hentry","tag-corn","product-type-maize-sheller-machine"],"_links":{"self":[{"href":"https:\/\/corn-machine.com\/fr\/wp-json\/wp\/v2\/product\/1019","targetHints":{"allow":["GET"]}}],"collection":[{"href":"https:\/\/corn-machine.com\/fr\/wp-json\/wp\/v2\/product"}],"about":[{"href":"https:\/\/corn-machine.com\/fr\/wp-json\/wp\/v2\/types\/product"}],"author":[{"embeddable":true,"href":"https:\/\/corn-machine.com\/fr\/wp-json\/wp\/v2\/users\/1"}],"wp:featuredmedia":[{"embeddable":true,"href":"https:\/\/corn-machine.com\/fr\/wp-json\/wp\/v2\/media\/1021"}],"wp:attachment":[{"href":"https:\/\/corn-machine.com\/fr\/wp-json\/wp\/v2\/media?parent=1019"}],"wp:term":[{"taxonomy":"post_tag","embeddable":true,"href":"https:\/\/corn-machine.com\/fr\/wp-json\/wp\/v2\/tags?post=1019"},{"taxonomy":"product-type","embeddable":true,"href":"https:\/\/corn-machine.com\/fr\/wp-json\/wp\/v2\/product-type?post=1019"}],"curies":[{"name":"wp","href":"https:\/\/api.w.org\/{rel}","templated":true}]}}