{"id":1036,"date":"2025-11-04T15:26:54","date_gmt":"2025-11-04T07:26:54","guid":{"rendered":"https:\/\/corn-machine.com\/?post_type=product&#038;p=1036"},"modified":"2025-12-15T11:20:26","modified_gmt":"2025-12-15T03:20:26","slug":"affordable-small-chaff-cutter-machine","status":"publish","type":"product","link":"https:\/\/corn-machine.com\/fr\/product\/affordable-small-chaff-cutter-machine\/","title":{"rendered":"Petite machine \u00e0 couper le son pour la pr\u00e9paration de l'alimentation du b\u00e9tail"},"content":{"rendered":"<p class=\"translation-block\">La petite<strong>machine coupe-foin Taizy<\/strong>est utilis\u00e9e pour couper diverses tiges de c\u00e9r\u00e9ales pour le b\u00e9tail, les moutons, et autres volailles. La machine est fabriqu\u00e9e en acier de haute qualit\u00e9, ce qui la rend non seulement durable mais aussi s\u00fbre et facile \u00e0 nettoyer.<\/p>    <p>Plusieurs sources d'\u00e9nergie sont disponibles : moteurs \u00e9lectriques, moteurs diesel, et moteurs \u00e0 essence. Sa capacit\u00e9 est de 400 kg\/h, adapt\u00e9e aux petites et moyennes exploitations d'\u00e9levage. Nous proposons une vari\u00e9t\u00e9 de services de personnalisation, et des remises suppl\u00e9mentaires sont \u00e9galement disponibles pour les achats en gros.<\/p>    <figure class=\"wp-block-embed aligncenter is-type-video is-provider-youtube wp-block-embed-youtube wp-embed-aspect-16-9 wp-has-aspect-ratio\"><div class=\"wp-block-embed__wrapper\"> <iframe loading=\"lazy\" title=\"D\u00e9monstration de la structure et des performances du broyeur \u00e0 fourrage\" width=\"500\" height=\"281\" src=\"https:\/\/www.youtube.com\/embed\/Vc_s_5wDdYo?feature=oembed\" frameborder=\"0\" allow=\"accelerometer; autoplay; clipboard-write; encrypted-media; gyroscope; picture-in-picture; web-share\" referrerpolicy=\"strict-origin-when-cross-origin\" allowfullscreen><\/iframe> <\/div><figcaption class=\"wp-element-caption\">Introduction de la machine coupe-foin<\/figcaption><\/figure>    <h2 class=\"wp-block-heading\"><strong>Avantages de la machine coupe-foin Taizy<\/strong><\/h2>    <ul class=\"wp-block-list\"> <li>La machine a une empreinte compacte<span style=\"box-sizing: border-box; margin: 0px; padding: 0px;\">\u00a0de seulement 1075*510*850 mm, ce qui la rend adapt\u00e9e \u00e0 la mobilit\u00e9\u00a0<\/span>et une op\u00e9ration en solo.<\/li>    <li>La machine coupe-foin Taizy peut \u00eatre personnalis\u00e9e avec la puissance du moteur, la couleur, la plaque signal\u00e9tique, et l'emballage selon les besoins.<\/li>    <li>Nos machines ont la certification CE, respectent les normes de qualit\u00e9 internationales, ce qui garantit non seulement la qualit\u00e9 mais aussi un service apr\u00e8s-vente complet.<\/li> <\/ul>    <figure class=\"wp-block-gallery has-nested-images columns-default is-cropped wp-block-gallery-2 is-layout-flex wp-block-gallery-is-layout-flex\"> <figure class=\"wp-block-image size-large\"><img loading=\"lazy\" decoding=\"async\" width=\"720\" height=\"540\" data-id=\"1039\" src=\"https:\/\/corn-machine.com\/wp-content\/uploads\/2025\/11\/grass-chaff-cutter-machine.webp\" alt=\"Machine coupe-foin pour l&#039;herbe\" class=\"wp-image-1039\" title=\"\" srcset=\"https:\/\/corn-machine.com\/wp-content\/uploads\/2025\/11\/grass-chaff-cutter-machine.webp 720w, https:\/\/corn-machine.com\/wp-content\/uploads\/2025\/11\/grass-chaff-cutter-machine-300x225.webp 300w, https:\/\/corn-machine.com\/wp-content\/uploads\/2025\/11\/grass-chaff-cutter-machine-16x12.webp 16w\" sizes=\"auto, (max-width: 720px) 100vw, 720px\" \/><figcaption class=\"wp-element-caption\">Machine coupe-foin pour l'herbe<\/figcaption><\/figure>    <figure class=\"wp-block-image size-large\"><img loading=\"lazy\" decoding=\"async\" width=\"720\" height=\"540\" data-id=\"1040\" src=\"https:\/\/corn-machine.com\/wp-content\/uploads\/2025\/11\/mini-forage-chopper.webp\" alt=\"Mini coupe-foin\" class=\"wp-image-1040\" title=\"\" srcset=\"https:\/\/corn-machine.com\/wp-content\/uploads\/2025\/11\/mini-forage-chopper.webp 720w, https:\/\/corn-machine.com\/wp-content\/uploads\/2025\/11\/mini-forage-chopper-300x225.webp 300w, https:\/\/corn-machine.com\/wp-content\/uploads\/2025\/11\/mini-forage-chopper-16x12.webp 16w\" sizes=\"auto, (max-width: 720px) 100vw, 720px\" \/><figcaption class=\"wp-element-caption\">Mini coupe-foin<\/figcaption><\/figure> <\/figure>    <h2 class=\"wp-block-heading\"><strong>Structure de ce broyeur \u00e0 fourrage<\/strong><\/h2>    <p>Les principaux composants de cette machine incluent : entr\u00e9e d'alimentation, m\u00e9canisme de transmission, syst\u00e8me d'alimentation, arbre de coupe et ensemble de lames, m\u00e9canisme de r\u00e9glage de la vitesse, et sortie de d\u00e9charge.<\/p>    <ol class=\"wp-block-list\"> <li>L'entr\u00e9e d'alimentation utilise un syst\u00e8me d'alimentation automatique, \u00e9vitant l'alimentation manuelle directe pour am\u00e9liorer la s\u00e9curit\u00e9 et l'efficacit\u00e9.<\/li>    <li>Le moteur et l'arbre de coupe sont reli\u00e9s par courroie, cha\u00eene ou transmission par engrenages pour r\u00e9aliser une r\u00e9duction de vitesse.<\/li>    <li>La machine \u00e0 couper le chaume utilise un mat\u00e9riau \u00e9paissi et mis \u00e0 jour <a href=\"https:\/\/en.wikipedia.org\/wiki\/Mangalloy\" target=\"_blank\" rel=\"noopener\">acier au mangan\u00e8se<\/a> lames, qui sont r\u00e9sistantes \u00e0 l'usure et ont une longue dur\u00e9e de vie.<\/li>    <li>Il y a une poign\u00e9e ext\u00e9rieure permettant un ajustement manuel de l'\u00e9cart entre la lame et l'alimentation pour contr\u00f4ler la longueur de coupe et la taille des particules d'herbe finales.<\/li> <\/ol>    <figure class=\"wp-block-gallery aligncenter has-nested-images columns-2 is-cropped wp-block-gallery-3 is-layout-flex wp-block-gallery-is-layout-flex\"> <figure class=\"wp-block-image size-full\"><img loading=\"lazy\" decoding=\"async\" width=\"720\" height=\"540\" data-id=\"1041\" src=\"https:\/\/corn-machine.com\/wp-content\/uploads\/2025\/11\/silage-cutter.webp\" alt=\"Coupe-ensilage\" class=\"wp-image-1041\" title=\"\" srcset=\"https:\/\/corn-machine.com\/wp-content\/uploads\/2025\/11\/silage-cutter.webp 720w, https:\/\/corn-machine.com\/wp-content\/uploads\/2025\/11\/silage-cutter-300x225.webp 300w, https:\/\/corn-machine.com\/wp-content\/uploads\/2025\/11\/silage-cutter-16x12.webp 16w\" sizes=\"auto, (max-width: 720px) 100vw, 720px\" \/><figcaption class=\"wp-element-caption\">Coupe-ensilage<\/figcaption><\/figure>    <figure class=\"wp-block-image size-full\"><img loading=\"lazy\" decoding=\"async\" width=\"720\" height=\"540\" data-id=\"1050\" src=\"https:\/\/corn-machine.com\/wp-content\/uploads\/2025\/11\/blades-of-green-forage-chopper.webp\" alt=\"Lames du broyeur \u00e0 fourrage vert\" class=\"wp-image-1050\" title=\"\" srcset=\"https:\/\/corn-machine.com\/wp-content\/uploads\/2025\/11\/blades-of-green-forage-chopper.webp 720w, https:\/\/corn-machine.com\/wp-content\/uploads\/2025\/11\/blades-of-green-forage-chopper-300x225.webp 300w, https:\/\/corn-machine.com\/wp-content\/uploads\/2025\/11\/blades-of-green-forage-chopper-16x12.webp 16w\" sizes=\"auto, (max-width: 720px) 100vw, 720px\" \/><figcaption class=\"wp-element-caption\">Lames du broyeur \u00e0 fourrage vert<\/figcaption><\/figure> <\/figure>    <h2 class=\"wp-block-heading\"><strong>Param\u00e8tres techniques et comparaison des mod\u00e8les de la machine coupe-foin<\/strong><\/h2>    <figure class=\"wp-block-table\"><table class=\"has-fixed-layout\"><tbody><tr><td>Mod\u00e8le<\/td><td class=\"has-text-align-center\" data-align=\"center\">9Z-0.4<\/td><td class=\"has-text-align-center\" data-align=\"center\">9Z-0.4A<\/td><\/tr><tr><td>Pouvoir<\/td><td class=\"has-text-align-center\" data-align=\"center\">2,2 kW<\/td><td class=\"has-text-align-center\" data-align=\"center\">2,2 kW<\/td><\/tr><tr><td>Vitesse de rotation<\/td><td class=\"has-text-align-center\" data-align=\"center\">2800t\/min<\/td><td class=\"has-text-align-center\" data-align=\"center\">2800t\/min<\/td><\/tr><tr><td>Taille de coupe<\/td><td class=\"has-text-align-center\" data-align=\"center\">7\/20mm<\/td><td class=\"has-text-align-center\" data-align=\"center\">7\/20mm<\/td><\/tr><tr><td>Quantit\u00e9 de lames<\/td><td class=\"has-text-align-center\" data-align=\"center\">4\/6 pi\u00e8ces<\/td><td class=\"has-text-align-center\" data-align=\"center\">4\/6 pi\u00e8ces<\/td><\/tr><tr><td>Dimension globale<\/td><td class=\"has-text-align-center\" data-align=\"center\">1075*510*850mm<\/td><td class=\"has-text-align-center\" data-align=\"center\">1075*510*1100mm<\/td><\/tr><tr><td>Taille d'emballage<\/td><td class=\"has-text-align-center\" data-align=\"center\">600*500*400mm<\/td><td class=\"has-text-align-center\" data-align=\"center\">600*500*400mm<\/td><\/tr><tr><td>Poids<\/td><td class=\"has-text-align-center\" data-align=\"center\">48kg<\/td><td class=\"has-text-align-center\" data-align=\"center\">52kg<\/td><\/tr><tr><td>Capacit\u00e9<\/td><td class=\"has-text-align-center\" data-align=\"center\">400-500kg\/h<\/td><td class=\"has-text-align-center\" data-align=\"center\">400-800kg\/h<\/td><\/tr><\/tbody><\/table><figcaption class=\"wp-element-caption\">Param\u00e8tres de la petite machine coupe-foin<\/figcaption><\/figure>    <p>La largeur standard de la chambre de broyage est fix\u00e9e \u00e0 240 mm. Mais la largeur de la chambre de broyage et du bac d'alimentation varie en fonction du nombre de lames :<\/p>    <ul class=\"wp-block-list\"> <li>Mod\u00e8les \u00e0 4 lames : largeur de la chambre de broyage d'environ 24 cm, largeur du bac d'alimentation d'environ 23 cm, et 40 cm.<\/li>    <li>Mod\u00e8les \u00e0 6 lames : largeur de la chambre de broyage d'environ 31 cm, largeur du bac d'alimentation d'environ 30 cm et 41 cm.<\/li> <\/ul>   <div class=\"wp-block-image\"> <figure class=\"aligncenter size-full\"><img loading=\"lazy\" decoding=\"async\" width=\"720\" height=\"540\" src=\"https:\/\/corn-machine.com\/wp-content\/uploads\/2025\/11\/chaff-cutter.webp\" alt=\"Coupe-foin\" class=\"wp-image-1042\" title=\"\" srcset=\"https:\/\/corn-machine.com\/wp-content\/uploads\/2025\/11\/chaff-cutter.webp 720w, https:\/\/corn-machine.com\/wp-content\/uploads\/2025\/11\/chaff-cutter-300x225.webp 300w, https:\/\/corn-machine.com\/wp-content\/uploads\/2025\/11\/chaff-cutter-16x12.webp 16w\" sizes=\"auto, (max-width: 720px) 100vw, 720px\" \/><figcaption class=\"wp-element-caption\">Coupe-foin<\/figcaption><\/figure> <\/div>   <h2 class=\"wp-block-heading\"><strong>Recommandations d'utilisation et d'entretien pour le broyeur \u00e0 fourrage<\/strong><\/h2>    <h3 class=\"wp-block-heading\"><strong>Instructions d'utilisation pour le coupe-ensilage<\/strong><\/h3>    <ol class=\"wp-block-list\"> <li>Avant d'utiliser cette machine coupe-foin, v\u00e9rifiez si toutes les boulons sont bien serr\u00e9s, si la lame est aiguis\u00e9e, et si la tension de la courroie est appropri\u00e9e.<\/li>    <li>Alimentez uniform\u00e9ment et continuellement l'ensilage et autres mat\u00e9riaux. Ne pas donner des quantit\u00e9s excessives ou m\u00e9langer des objets durs comme du m\u00e9tal ou des pierres.<\/li>    <li>La longueur de coupe peut \u00eatre ajust\u00e9e en changeant le engrenage ou l'\u00e9cart des lames uniquement lorsque la machine est arr\u00eat\u00e9e.<\/li> <\/ol>    <h3 class=\"wp-block-heading\"><strong>Recommandations d'entretien pour le coupe-foin<\/strong><\/h3>    <ol class=\"wp-block-list\"> <li>Apr\u00e8s utilisation, nettoyez rapidement la cavit\u00e9 de la machine pour \u00e9viter la rouille et l'obstruction.<\/li>    <li>Si la source d'alimentation est un moteur \u00e9lectrique, gardez-la s\u00e8che et bien ventil\u00e9e pour \u00e9viter de l'utiliser sous la pluie ou dans des environnements \u00e0 forte humidit\u00e9.<\/li>    <li>V\u00e9rifiez r\u00e9guli\u00e8rement l'usure des lames et des courroies, aff\u00fbtez ou remplacez-les \u00e0 temps pour prolonger la dur\u00e9e de vie de la machine.<\/li> <\/ol>    <h2 class=\"wp-block-heading\"><strong>Cas r\u00e9ussi : projet agricole ougandais ayant achet\u00e9 250 unit\u00e9s de machines coupe-foin<\/strong><\/h2>    <p>L'ann\u00e9e derni\u00e8re, Taizy a collabor\u00e9 avec des clients pour r\u00e9aliser un projet agricole en Ouganda. Ce projet sera utilis\u00e9 pour le d\u00e9veloppement de l'\u00e9levage de petite et moyenne taille local, soutenant les coop\u00e9ratives agricoles et la modernisation r\u00e9gionale.<\/p>    <figure class=\"wp-block-gallery has-nested-images columns-2 is-cropped wp-block-gallery-4 is-layout-flex wp-block-gallery-is-layout-flex\"> <figure class=\"wp-block-image size-large\"><img loading=\"lazy\" decoding=\"async\" width=\"720\" height=\"540\" data-id=\"1046\" src=\"https:\/\/corn-machine.com\/wp-content\/uploads\/2025\/11\/silage-chaff-cutter-in-storehouse.webp\" alt=\"Coupe-foin ensilage en entrep\u00f4t\" class=\"wp-image-1046\" title=\"\" srcset=\"https:\/\/corn-machine.com\/wp-content\/uploads\/2025\/11\/silage-chaff-cutter-in-storehouse.webp 720w, https:\/\/corn-machine.com\/wp-content\/uploads\/2025\/11\/silage-chaff-cutter-in-storehouse-300x225.webp 300w, https:\/\/corn-machine.com\/wp-content\/uploads\/2025\/11\/silage-chaff-cutter-in-storehouse-16x12.webp 16w\" sizes=\"auto, (max-width: 720px) 100vw, 720px\" \/><figcaption class=\"wp-element-caption\">Coupe-foin ensilage en entrep\u00f4t<\/figcaption><\/figure>    <figure class=\"wp-block-image size-large\"><img loading=\"lazy\" decoding=\"async\" width=\"720\" height=\"540\" data-id=\"1047\" src=\"https:\/\/corn-machine.com\/wp-content\/uploads\/2025\/11\/Completed-mini-forage-chopper-machine.webp\" alt=\"Machine coupe-foin miniature compl\u00e9t\u00e9e\" class=\"wp-image-1047\" title=\"\" srcset=\"https:\/\/corn-machine.com\/wp-content\/uploads\/2025\/11\/Completed-mini-forage-chopper-machine.webp 720w, https:\/\/corn-machine.com\/wp-content\/uploads\/2025\/11\/Completed-mini-forage-chopper-machine-300x225.webp 300w, https:\/\/corn-machine.com\/wp-content\/uploads\/2025\/11\/Completed-mini-forage-chopper-machine-16x12.webp 16w\" sizes=\"auto, (max-width: 720px) 100vw, 720px\" \/><figcaption class=\"wp-element-caption\">Machine coupe-foin miniature compl\u00e9t\u00e9e<\/figcaption><\/figure>    <figure class=\"wp-block-image size-large\"><img loading=\"lazy\" decoding=\"async\" width=\"720\" height=\"540\" data-id=\"1049\" src=\"https:\/\/corn-machine.com\/wp-content\/uploads\/2025\/11\/packaging-the-silage-cutter.webp\" alt=\"Emballage du coupe-ensilage\" class=\"wp-image-1049\" title=\"\" srcset=\"https:\/\/corn-machine.com\/wp-content\/uploads\/2025\/11\/packaging-the-silage-cutter.webp 720w, https:\/\/corn-machine.com\/wp-content\/uploads\/2025\/11\/packaging-the-silage-cutter-300x225.webp 300w, https:\/\/corn-machine.com\/wp-content\/uploads\/2025\/11\/packaging-the-silage-cutter-16x12.webp 16w\" sizes=\"auto, (max-width: 720px) 100vw, 720px\" \/><figcaption class=\"wp-element-caption\">Emballage du coupe-ensilage<\/figcaption><\/figure>    <figure class=\"wp-block-image size-large\"><img loading=\"lazy\" decoding=\"async\" width=\"720\" height=\"540\" data-id=\"1048\" src=\"https:\/\/corn-machine.com\/wp-content\/uploads\/2025\/11\/loading-the-chaff-cutter.webp\" alt=\"Chargement de la coupe-foin\" class=\"wp-image-1048\" title=\"\" srcset=\"https:\/\/corn-machine.com\/wp-content\/uploads\/2025\/11\/loading-the-chaff-cutter.webp 720w, https:\/\/corn-machine.com\/wp-content\/uploads\/2025\/11\/loading-the-chaff-cutter-300x225.webp 300w, https:\/\/corn-machine.com\/wp-content\/uploads\/2025\/11\/loading-the-chaff-cutter-16x12.webp 16w\" sizes=\"auto, (max-width: 720px) 100vw, 720px\" \/><figcaption class=\"wp-element-caption\">Chargement de la coupe-foin<\/figcaption><\/figure> <\/figure>    <p class=\"translation-block\">Apr\u00e8s la d\u00e9cision du projet, notre client a personnellement visit\u00e9 notre usine en Chine et test\u00e9 les machines coupe-foin. Finalement, nous avons confirm\u00e9 la commande pour<strong>250 unit\u00e9s de 9ZR et autres pi\u00e8ces de rechange correspondantes<\/strong>, qui seront emball\u00e9es et exp\u00e9di\u00e9es dans un conteneur complet \u00e0 Kampala, capitale de l'Ouganda.<\/p>    <figure class=\"wp-block-embed aligncenter is-type-video is-provider-youtube wp-block-embed-youtube wp-embed-aspect-16-9 wp-has-aspect-ratio\"><div class=\"wp-block-embed__wrapper\"> <iframe loading=\"lazy\" title=\"Client ougandais ayant command\u00e9 250 machines de coupe-foin Taizy pour l&#039;exportation !\" width=\"500\" height=\"281\" src=\"https:\/\/www.youtube.com\/embed\/N0SzeVsYJXw?feature=oembed\" frameborder=\"0\" allow=\"accelerometer; autoplay; clipboard-write; encrypted-media; gyroscope; picture-in-picture; web-share\" referrerpolicy=\"strict-origin-when-cross-origin\" allowfullscreen><\/iframe> <\/div><figcaption class=\"wp-element-caption\">Chargement de la machine coupe-foin <\/figcaption><\/figure>    <h2 class=\"wp-block-heading\"><strong>Que peut vous offrir Taizy ?<\/strong><\/h2>    <ol class=\"wp-block-list\"> <li>Nous avons notre <strong>usine propre<\/strong>, garantissant une haute qualit\u00e9 du produit, une tarification transparente et un support pour l'emballage \u00e0 l'exportation.<\/li>    <li>Taizy a plus de <strong>40 ans d'exp\u00e9rience dans la fabrication de machines <\/strong>et plus de 10 ans dans l'exportation internationale. Nous disposons non seulement de lignes de production compl\u00e8tes pour assurer un approvisionnement \u00e0 long terme, mais aussi de services de fret excellents.<\/li>    <li>Apr\u00e8s la production, chaque <strong>machine subit des tests op\u00e9rationnels<\/strong> pour garantir que sa qualit\u00e9 r\u00e9pond aux exigences d'achat en grande quantit\u00e9.<\/li>    <li>Nous avons <strong>une riche exp\u00e9rience de coop\u00e9ration avec de grands projets<\/strong>, y compris Google Ads et des projets gouvernementaux nationaux.<\/li> <\/ol>    <h2 class=\"wp-block-heading\"><strong>Contactez-nous pour le dernier devis !<\/strong><\/h2>    <p class=\"translation-block\">If you want to find a reliable agricultural manufacturer for your business or project, Taizy provides the most genuine prices, the most comprehensive services, and the best guarantees. <strong>If you have the same needs, don&#8217;t hesitate to contact us!<\/strong><\/p>    <p class=\"translation-block\">Si vous \u00eates un travailleur ind\u00e9pendant \u00e0 la recherche d'un r\u00e9colteur de ensilage combinant r\u00e9colte et broyage, cliquez sur ce lien de produit :<a href=\"https:\/\/corn-machine.com\/fr\/product\/corn-silage-harvester\/\">R\u00e9colteuse d'ensilage de ma\u00efs<\/a>.<\/p>","protected":false},"excerpt":{"rendered":"<p>This small chaff cutter machine is suitable for primary feed processing in cattle and sheep farms. It can process 400-800 kg of dry or wet silage per hour. We are a factory direct seller, offering transparent pricing and superior quality.<\/p>","protected":false},"author":1,"featured_media":1168,"parent":0,"template":"","tags":[55,58],"product-type":[57],"class_list":["post-1036","product","type-product","status-publish","has-post-thumbnail","hentry","tag-cornsilage","tag-cornstalk","product-type-corn-stalk-silage-crusher"],"_links":{"self":[{"href":"https:\/\/corn-machine.com\/fr\/wp-json\/wp\/v2\/product\/1036","targetHints":{"allow":["GET"]}}],"collection":[{"href":"https:\/\/corn-machine.com\/fr\/wp-json\/wp\/v2\/product"}],"about":[{"href":"https:\/\/corn-machine.com\/fr\/wp-json\/wp\/v2\/types\/product"}],"author":[{"embeddable":true,"href":"https:\/\/corn-machine.com\/fr\/wp-json\/wp\/v2\/users\/1"}],"wp:featuredmedia":[{"embeddable":true,"href":"https:\/\/corn-machine.com\/fr\/wp-json\/wp\/v2\/media\/1168"}],"wp:attachment":[{"href":"https:\/\/corn-machine.com\/fr\/wp-json\/wp\/v2\/media?parent=1036"}],"wp:term":[{"taxonomy":"post_tag","embeddable":true,"href":"https:\/\/corn-machine.com\/fr\/wp-json\/wp\/v2\/tags?post=1036"},{"taxonomy":"product-type","embeddable":true,"href":"https:\/\/corn-machine.com\/fr\/wp-json\/wp\/v2\/product-type?post=1036"}],"curies":[{"name":"wp","href":"https:\/\/api.w.org\/{rel}","templated":true}]}}