{"id":1115,"date":"2025-12-04T14:26:44","date_gmt":"2025-12-04T06:26:44","guid":{"rendered":"https:\/\/corn-machine.com\/?post_type=product&#038;p=1115"},"modified":"2025-12-04T14:38:43","modified_gmt":"2025-12-04T06:38:43","slug":"one-row-corn-harvest-machine","status":"publish","type":"product","link":"https:\/\/corn-machine.com\/fr\/product\/one-row-corn-harvest-machine\/","title":{"rendered":"Machine de r\u00e9colte de ma\u00efs \u00e0 une rang\u00e9e pour une r\u00e9colte de ma\u00efs facile"},"content":{"rendered":"<p class=\"translation-block\">Ce <strong>machine de r\u00e9colte de ma\u00efs<\/strong> compacte et \u00e9conomique est con\u00e7ue pour les petites parcelles, zones vallonn\u00e9es, terres dispers\u00e9es et petites exploitations familiales. Son design compact permet aux op\u00e9rateurs de naviguer facilement dans des champs \u00e9troits, en r\u00e9alisant la coupe, la r\u00e9colte, le convoyage et la broyure de paille en une seule op\u00e9ration. <\/p>    <p>C\u2019est une solution id\u00e9ale pour am\u00e9liorer la productivit\u00e9 et r\u00e9duire les co\u00fbts de main-d'\u0153uvre, elle est donc \u00e9galement populaire en Asie, en Afrique et en Am\u00e9rique latine, o\u00f9 de nombreux agriculteurs utilisent la m\u00e9thode de plantation \u00e0 une rang\u00e9e.<\/p>    <figure class=\"wp-block-embed aligncenter is-type-video is-provider-youtube wp-block-embed-youtube wp-embed-aspect-16-9 wp-has-aspect-ratio\"><div class=\"wp-block-embed__wrapper\"> <iframe loading=\"lazy\" title=\"Test de la machine de r\u00e9colte de ma\u00efs : coupe et collecte du ma\u00efs dans des rangs \u00e9troits \ud83d\ude9c\ud83d\udca8Contact :  8617703863868\" width=\"500\" height=\"281\" src=\"https:\/\/www.youtube.com\/embed\/fWSmTylF2y4?feature=oembed\" frameborder=\"0\" allow=\"accelerometer; autoplay; clipboard-write; encrypted-media; gyroscope; picture-in-picture; web-share\" referrerpolicy=\"strict-origin-when-cross-origin\" allowfullscreen><\/iframe> <\/div><figcaption class=\"wp-element-caption\">vid\u00e9o de test sur le terrain de la machine de r\u00e9colte de ma\u00efs<\/figcaption><\/figure>    <h2 class=\"wp-block-heading\"><strong>Points forts de la machine de r\u00e9colte de ma\u00efs Taizy<\/strong><\/h2>    <ul class=\"wp-block-list\"> <li>Ce r\u00e9colteur de ma\u00efs mesure 3\u20133,65 m (longueur) et environ 0,85\u20131 m (largeur), permettant une op\u00e9ration efficace dans des rangs \u00e9troits ou des parcelles irr\u00e9guli\u00e8res o\u00f9 les machines plus grandes ne peuvent pas op\u00e9rer.<\/li>    <li>La r\u00e9colteuse de ma\u00efs Taizy utilise un syst\u00e8me de r\u00e9colte \u00e0 double rouleau pour assurer une r\u00e9colte stable et r\u00e9duire la perte de grains. Ce design est particuli\u00e8rement adapt\u00e9 pour : ma\u00efs \u00e0 petits grains, plantation \u00e0 densit\u00e9 moyenne, et petites exploitations.<\/li>    <li>Notre machine am\u00e9lior\u00e9e comprend d\u00e9sormais un syst\u00e8me de coupe \u00e0 lame rotative qui coupe les tiges lors de la r\u00e9colte du ma\u00efs, les broyant pour un retour facile au champ ou pour l\u2019alimentation du b\u00e9tail.<\/li>    <li>La machine de r\u00e9colte de ma\u00efs am\u00e9lior\u00e9e est maintenant \u00e9quip\u00e9e d\u2019un syst\u00e8me de coupe \u00e0 lame rotative qui coupe les tiges lors de la r\u00e9colte, les broyant pour un retour facile au champ ou pour l\u2019alimentation du b\u00e9tail.<\/li>    <li>Elle poss\u00e8de un design \u00e0 marche et une piste de roue r\u00e9glable (650 mm ou 800\u2013900 mm r\u00e9glable), permettant m\u00eame aux op\u00e9rateurs sans exp\u00e9rience m\u00e9canique de commencer facilement apr\u00e8s une formation simple.<\/li> <\/ul>   <div class=\"wp-block-image\"> <figure class=\"aligncenter size-full\"><img loading=\"lazy\" decoding=\"async\" width=\"720\" height=\"540\" src=\"https:\/\/corn-machine.com\/wp-content\/uploads\/2025\/12\/corn-cob-harvester.webp\" alt=\"R\u00e9colteuse automatique de cosses de ma\u00efs\" class=\"wp-image-1121\" title=\"\" srcset=\"https:\/\/corn-machine.com\/wp-content\/uploads\/2025\/12\/corn-cob-harvester.webp 720w, https:\/\/corn-machine.com\/wp-content\/uploads\/2025\/12\/corn-cob-harvester-300x225.webp 300w, https:\/\/corn-machine.com\/wp-content\/uploads\/2025\/12\/corn-cob-harvester-16x12.webp 16w\" sizes=\"auto, (max-width: 720px) 100vw, 720px\" \/><figcaption class=\"wp-element-caption\">R\u00e9colteuse de cosses de ma\u00efs<\/figcaption><\/figure> <\/div>   <h2 class=\"wp-block-heading\"><strong>Deux mod\u00e8les diff\u00e9rents et leurs sp\u00e9cifications techniques<\/strong><\/h2>    <figure class=\"wp-block-table\"><table class=\"has-fixed-layout\"><tbody><tr><td>Mod\u00e8le<\/td><td class=\"has-text-align-center\" data-align=\"center\">Type de moteur 19 kW<\/td><td class=\"has-text-align-center\" data-align=\"center\">Type de moteur 10,35 kW<\/td><\/tr><tr><td>Largeur de travail<\/td><td class=\"has-text-align-center\" data-align=\"center\">650 mm<\/td><td class=\"has-text-align-center\" data-align=\"center\">400\u2013500 mm<\/td><\/tr><tr><td>Garde au sol<\/td><td class=\"has-text-align-center\" data-align=\"center\">200 mm<\/td><td class=\"has-text-align-center\" data-align=\"center\">100\u2013160 mm<\/td><\/tr><tr><td>Productivit\u00e9<\/td><td class=\"has-text-align-center\" data-align=\"center\">0,05\u20130,12 h\u33a1\/h<\/td><td class=\"has-text-align-center\" data-align=\"center\">0,067 h\u33a1\/h<\/td><\/tr><tr><td>Syst\u00e8me de ramassage<\/td><td class=\"has-text-align-center\" data-align=\"center\">Tirage vers le bas \u00e0 double rouleau<\/td><td class=\"has-text-align-center\" data-align=\"center\">Tirage vers le bas \u00e0 double rouleau<\/td><\/tr><tr><td>Coupe de chaume<\/td><td class=\"has-text-align-center\" data-align=\"center\">Lame rotative<\/td><td class=\"has-text-align-center\" data-align=\"center\">Lame rotative<\/td><\/tr><tr><td>Piste de roue r\u00e9glable<\/td><td class=\"has-text-align-center\" data-align=\"center\">800\u2013900 mm<\/td><td class=\"has-text-align-center\" data-align=\"center\">800\u2013900 mm<\/td><\/tr><tr><td>Dimensions<\/td><td class=\"has-text-align-center\" data-align=\"center\">3650\u00d71000\u00d71270 mm<\/td><td class=\"has-text-align-center\" data-align=\"center\">3000\u00d7850\u00d71100 mm<\/td><\/tr><tr><td>Poids<\/td><td class=\"has-text-align-center\" data-align=\"center\">980 kg<\/td><td class=\"has-text-align-center\" data-align=\"center\">1450\u20132000 kg<\/td><\/tr><\/tbody><\/table><figcaption class=\"wp-element-caption\">param\u00e8tres de la machine de r\u00e9colte de ma\u00efs<\/figcaption><\/figure>    <p>Nous proposons diff\u00e9rents mod\u00e8les pour r\u00e9pondre \u00e0 vos besoins d\u2019efficacit\u00e9. Si vous avez des questions, n\u2019h\u00e9sitez pas \u00e0 contacter notre service client pour assistance.<\/p>    <h2 class=\"wp-block-heading\"><strong>Applications de cette r\u00e9colteuse de cosses de ma\u00efs<\/strong><\/h2>    <p>Les r\u00e9colteuses de ma\u00efs conviennent \u00e0 une vari\u00e9t\u00e9 d'utilisateurs, y compris les petits exploitants avec des terres et des ressources limit\u00e9es, leur permettant de r\u00e9colter le ma\u00efs rapidement et efficacement.<\/p>    <p>Les coop\u00e9ratives et les organisations de producteurs agricoles peuvent \u00e9galement partager les co\u00fbts par achat collectif, am\u00e9liorant ainsi l\u2019utilisation de la machine, surtout dans les zones rurales avec des exploitations dispers\u00e9es.<\/p>    <p>The corn harvest machine&#8217;s design is particularly convenient for field operations in developing regions, making it ideal for small-scale corn growers in Asia, Africa, and Latin America.<\/p>    <h2 class=\"wp-block-heading\"><strong>Comment fonctionne la machine de r\u00e9colte de ma\u00efs ?<\/strong><\/h2>    <p>Notre r\u00e9colteuse de ma\u00efs est entra\u00een\u00e9e par un moteur, qui entra\u00eene un syst\u00e8me de traction \u00e0 double rouleau pour tirer les \u00e9pis de ma\u00efs des tiges. En m\u00eame temps, les rouleaux tournent \u00e0 une vitesse contr\u00f4l\u00e9e pour assurer une r\u00e9colte fluide et minimiser les dommages aux grains de ma\u00efs. C\u2019est le syst\u00e8me de puissance et de transmission d\u2019une r\u00e9colteuse de ma\u00efs.<\/p>    <p>The rotating blade system cuts the corn stalks. The cutting action occurs simultaneously with the machine&#8217;s movement, facilitating corn collection and felling the stalks at the same time. <\/p>    <p>Son syst\u00e8me de r\u00e9colte \u00e0 double rouleau est principalement responsable de tirer les \u00e9pis de ma\u00efs dans la machine, de les s\u00e9parer des tiges \u00e0 l\u2019int\u00e9rieur, puis d\u2019utiliser un syst\u00e8me de broyage de paille pour broyer finement le reste de la paille.<\/p>    <figure class=\"wp-block-gallery has-nested-images columns-default is-cropped wp-block-gallery-2 is-layout-flex wp-block-gallery-is-layout-flex\"> <figure class=\"wp-block-image size-large\"><img loading=\"lazy\" decoding=\"async\" width=\"720\" height=\"540\" data-id=\"1122\" src=\"https:\/\/corn-machine.com\/wp-content\/uploads\/2025\/12\/corn-harvester-machine.webp\" alt=\"machine de r\u00e9colte de ma\u00efs\" class=\"wp-image-1122\" title=\"\" srcset=\"https:\/\/corn-machine.com\/wp-content\/uploads\/2025\/12\/corn-harvester-machine.webp 720w, https:\/\/corn-machine.com\/wp-content\/uploads\/2025\/12\/corn-harvester-machine-300x225.webp 300w, https:\/\/corn-machine.com\/wp-content\/uploads\/2025\/12\/corn-harvester-machine-16x12.webp 16w\" sizes=\"auto, (max-width: 720px) 100vw, 720px\" \/><figcaption class=\"wp-element-caption\">machine de r\u00e9colte de ma\u00efs<\/figcaption><\/figure>    <figure class=\"wp-block-image size-large\"><img loading=\"lazy\" decoding=\"async\" width=\"720\" height=\"540\" data-id=\"1123\" src=\"https:\/\/corn-machine.com\/wp-content\/uploads\/2025\/12\/maize-picker.webp\" alt=\"ramasse-cosses de ma\u00efs\" class=\"wp-image-1123\" title=\"\" srcset=\"https:\/\/corn-machine.com\/wp-content\/uploads\/2025\/12\/maize-picker.webp 720w, https:\/\/corn-machine.com\/wp-content\/uploads\/2025\/12\/maize-picker-300x225.webp 300w, https:\/\/corn-machine.com\/wp-content\/uploads\/2025\/12\/maize-picker-16x12.webp 16w\" sizes=\"auto, (max-width: 720px) 100vw, 720px\" \/><figcaption class=\"wp-element-caption\">ramasse-cosses de ma\u00efs<\/figcaption><\/figure> <\/figure>    <h2 class=\"wp-block-heading\"><strong>FAQ de ce ramasse-cosses de ma\u00efs<\/strong><\/h2>   <div id=\"rank-math-faq\" class=\"rank-math-block\"> <div class=\"rank-math-list\"> <div id=\"faq-question-1764826101473\" class=\"rank-math-list-item\"> <h3 class=\"rank-math-question\"><strong>Quelle est la consommation de carburant de la machine de coupe et de collecte du ma\u00efs ?<\/strong><\/h3> <div class=\"rank-math-answer\">  <p>La consommation de carburant est g\u00e9n\u00e9ralement de 0,2 \u00e0 0,5 litre par heure, selon la taille de la ferme, le terrain et la vitesse de r\u00e9colte.<\/p>  <\/div> <\/div> <div id=\"faq-question-1764826131515\" class=\"rank-math-list-item\"> <h3 class=\"rank-math-question\"><strong>Combien de temps faut-il pour r\u00e9colter un acre de ma\u00efs avec cette machine ?<\/strong><\/h3> <div class=\"rank-math-answer\">  <p>R\u00e9colte g\u00e9n\u00e9ralement 0,05\u20130,12 hectares par heure, ce qui signifie qu'il peut r\u00e9colter un acre (environ 0,4 hectare) en 3\u20136 heures.<\/p>  <\/div> <\/div> <div id=\"faq-question-1764826185344\" class=\"rank-math-list-item\"> <h3 class=\"rank-math-question\"><strong>Cette machine de r\u00e9colte de ma\u00efs peut-elle \u00eatre utilis\u00e9e sur terrain vallonn\u00e9 ou accident\u00e9 ?<\/strong><\/h3> <div class=\"rank-math-answer\">  <p>Oui ! Cette r\u00e9colteuse de ma\u00efs est con\u00e7ue pour les terrains vallonn\u00e9s ou accident\u00e9s. Des roues r\u00e9glables et un design compact lui permettent de naviguer facilement sur les pentes et dans les rangs \u00e9troits.<\/p>  <\/div> <\/div> <div id=\"faq-question-1764826378623\" class=\"rank-math-list-item\"> <h3 class=\"rank-math-question\">Le ramasse-cosses de ma\u00efs peut-il \u00eatre utilis\u00e9 pour d'autres cultures ?<\/h3> <div class=\"rank-math-answer\">  <p>Cette machine de r\u00e9colte est sp\u00e9cialement con\u00e7ue pour la r\u00e9colte du ma\u00efs. Si vous l\u2019utilisez pour d\u2019autres cultures, elle pourrait ne pas \u00eatre tr\u00e8s efficace ou adapt\u00e9e.<\/p>  <\/div> <\/div> <\/div> <\/div>  <div class=\"wp-block-image\"> <figure class=\"aligncenter size-full\"><img loading=\"lazy\" decoding=\"async\" width=\"720\" height=\"540\" src=\"https:\/\/corn-machine.com\/wp-content\/uploads\/2025\/12\/small-scale-corn-harvester.webp\" alt=\"petite machine de r\u00e9colte de ma\u00efs\" class=\"wp-image-1124\" title=\"\" srcset=\"https:\/\/corn-machine.com\/wp-content\/uploads\/2025\/12\/small-scale-corn-harvester.webp 720w, https:\/\/corn-machine.com\/wp-content\/uploads\/2025\/12\/small-scale-corn-harvester-300x225.webp 300w, https:\/\/corn-machine.com\/wp-content\/uploads\/2025\/12\/small-scale-corn-harvester-16x12.webp 16w\" sizes=\"auto, (max-width: 720px) 100vw, 720px\" \/><figcaption class=\"wp-element-caption\">petite machine de r\u00e9colte de ma\u00efs<\/figcaption><\/figure> <\/div>   <p>Si vous \u00eates int\u00e9ress\u00e9 par cette machine de r\u00e9colte de ma\u00efs, veuillez nous contacter via WhatsApp ou par email pour obtenir le dernier devis. Taizy s\u2019engage \u00e0 vous fournir la meilleure assistance pour votre d\u00e9veloppement agricole.<\/p>    <p>Nous proposons \u00e9galement d\u2019autres types de r\u00e9colteuses. Cliquez sur ces liens si vous \u00eates int\u00e9ress\u00e9 :<\/p>    <ul class=\"wp-block-list\"> <li><a href=\"https:\/\/corn-machine.com\/fr\/product\/machine-de-recolte-de-mais\/\">Machine de r\u00e9colte de ma\u00efs<\/a><\/li>    <li><a href=\"https:\/\/corn-machine.com\/fr\/product\/corn-silage-harvester\/\">Faucheuse de ma\u00efs ensil\u00e9<\/a><\/li> <\/ul>","protected":false},"excerpt":{"rendered":"<p>This corn harvester is available with either a 19 kW or a 10.35 kW engine. Its compact structure makes it ideal for harvesting in narrow rows and hilly terrain. It is easy to operate and has low maintenance costs.<\/p>","protected":false},"author":1,"featured_media":1120,"parent":0,"template":"","tags":[31],"product-type":[40],"class_list":["post-1115","product","type-product","status-publish","has-post-thumbnail","hentry","tag-corn","product-type-corn-harvesting-machine"],"_links":{"self":[{"href":"https:\/\/corn-machine.com\/fr\/wp-json\/wp\/v2\/product\/1115","targetHints":{"allow":["GET"]}}],"collection":[{"href":"https:\/\/corn-machine.com\/fr\/wp-json\/wp\/v2\/product"}],"about":[{"href":"https:\/\/corn-machine.com\/fr\/wp-json\/wp\/v2\/types\/product"}],"author":[{"embeddable":true,"href":"https:\/\/corn-machine.com\/fr\/wp-json\/wp\/v2\/users\/1"}],"wp:featuredmedia":[{"embeddable":true,"href":"https:\/\/corn-machine.com\/fr\/wp-json\/wp\/v2\/media\/1120"}],"wp:attachment":[{"href":"https:\/\/corn-machine.com\/fr\/wp-json\/wp\/v2\/media?parent=1115"}],"wp:term":[{"taxonomy":"post_tag","embeddable":true,"href":"https:\/\/corn-machine.com\/fr\/wp-json\/wp\/v2\/tags?post=1115"},{"taxonomy":"product-type","embeddable":true,"href":"https:\/\/corn-machine.com\/fr\/wp-json\/wp\/v2\/product-type?post=1115"}],"curies":[{"name":"wp","href":"https:\/\/api.w.org\/{rel}","templated":true}]}}