{"id":1134,"date":"2025-12-12T15:45:48","date_gmt":"2025-12-12T07:45:48","guid":{"rendered":"https:\/\/corn-machine.com\/?post_type=product&#038;p=1134"},"modified":"2025-12-15T11:14:54","modified_gmt":"2025-12-15T03:14:54","slug":"multi-functional-straw-shredder","status":"publish","type":"product","link":"https:\/\/corn-machine.com\/fr\/product\/multi-functional-straw-shredder\/","title":{"rendered":"Broyeur de paille multifonctionnel pour ma\u00efs"},"content":{"rendered":"<p class=\"translation-block\">Ce  d\u00e9chiqueteur de paille multifonctionnel  est con\u00e7u pour les agriculteurs, les petites usines de traitement de l'alimentation et les \u00e9leveurs, int\u00e9grant la coupe de paille, la broyage de l'herbe et la broyage de grains dans une seule  machine, am\u00e9liorant consid\u00e9rablement l'efficacit\u00e9 de la pr\u00e9paration de l'alimentation.<\/p>    <p>Il est largement utilis\u00e9 pour traiter des ingr\u00e9dients pour l'alimentation animale tels que feuilles de palmier, fourrage vert, foin, tiges de ma\u00efs, cosses de ma\u00efs, grains, et graines de palmier dattier. Sa capacit\u00e9 de traitement horaire est de 300-1200 kg, avec diverses sources d'\u00e9nergie, telles que \u00e9lectrique, diesel ou essence.<\/p>    <figure class=\"wp-block-embed aligncenter is-type-video is-provider-youtube wp-block-embed-youtube wp-embed-aspect-16-9 wp-has-aspect-ratio\"><div class=\"wp-block-embed__wrapper\"> <iframe loading=\"lazy\" title=\"Coupe de foin   broyage de grains en une seule machine | Test de la faucheuse multifonctionnelle  8617703863868\" width=\"500\" height=\"281\" src=\"https:\/\/www.youtube.com\/embed\/-MVRyhCcH0s?feature=oembed\" frameborder=\"0\" allow=\"accelerometer; autoplay; clipboard-write; encrypted-media; gyroscope; picture-in-picture; web-share\" referrerpolicy=\"strict-origin-when-cross-origin\" allowfullscreen><\/iframe> <\/div><figcaption class=\"wp-element-caption\">vid\u00e9o de test du broyeur de paille<\/figcaption><\/figure>    <h2 class=\"wp-block-heading\"><strong>Avantages de la faucheuse et du broyeur multifonctionnels<\/strong><\/h2>    <ul class=\"wp-block-list\"> <li>La structure de notre broyeur de tiges de ma\u00efs est construite en acier de 4 mm d'\u00e9paisseur et \u00e9quip\u00e9e d'un ch\u00e2ssis en fer de 5 mm d'\u00e9paisseur, garantissant durabilit\u00e9 et stabilit\u00e9 structurelle.<\/li>    <li>Cette machine \u00e0 d\u00e9chiqueter la paille utilise des lames de coupe de type ciseaux, qui offrent une performance de coupe sup\u00e9rieure et conviennent aux mat\u00e9riaux difficiles comme les feuilles de palmier, la paille et le foin.<\/li>    <li>Le syst\u00e8me de d\u00e9chiquetage multi-lames Taizy est id\u00e9al pour produire de l'herbe molle de 3 \u00e0 10 cm de long. Il poss\u00e8de 4 lames (8 lames de coupe triangulaires par lame), chaque lame mesurant 7 cm de long et 2 mm d'\u00e9paisseur, en acier inoxydable.<\/li>    <li>De plus, son syst\u00e8me de moulin \u00e0 marteaux se compose de 16 marteaux durcis, chacun d'une \u00e9paisseur de 2 mm, adapt\u00e9 pour broyer les grains de ma\u00efs. <a href=\"https:\/\/en.wikipedia.org\/wiki\/Date_palm\" target=\"_blank\" rel=\"noopener\">noyau de datte<\/a>de ma\u00efs, de cosses de ma\u00efs, et autres grains.<\/li> <\/ul>    <figure class=\"wp-block-gallery has-nested-images columns-default is-cropped wp-block-gallery-2 is-layout-flex wp-block-gallery-is-layout-flex\"> <figure class=\"wp-block-image size-large\"><img loading=\"lazy\" decoding=\"async\" width=\"720\" height=\"540\" data-id=\"1145\" src=\"https:\/\/corn-machine.com\/wp-content\/uploads\/2025\/12\/parts-of-grass-chaff-cutter-machine.webp\" alt=\"pi\u00e8ces de la machine \u00e0 faucher le foin\" class=\"wp-image-1145\" title=\"\" srcset=\"https:\/\/corn-machine.com\/wp-content\/uploads\/2025\/12\/parts-of-grass-chaff-cutter-machine.webp 720w, https:\/\/corn-machine.com\/wp-content\/uploads\/2025\/12\/parts-of-grass-chaff-cutter-machine-300x225.webp 300w, https:\/\/corn-machine.com\/wp-content\/uploads\/2025\/12\/parts-of-grass-chaff-cutter-machine-16x12.webp 16w\" sizes=\"auto, (max-width: 720px) 100vw, 720px\" \/><figcaption class=\"wp-element-caption\">pi\u00e8ces de la machine \u00e0 faucher le foin<\/figcaption><\/figure>    <figure class=\"wp-block-image size-full\"><img loading=\"lazy\" decoding=\"async\" width=\"720\" height=\"540\" data-id=\"1147\" src=\"https:\/\/corn-machine.com\/wp-content\/uploads\/2025\/12\/corn-cutting-grinding-machine.webp\" alt=\"Machine de coupe et de broyage du ma\u00efs\" class=\"wp-image-1147\" title=\"\" srcset=\"https:\/\/corn-machine.com\/wp-content\/uploads\/2025\/12\/corn-cutting-grinding-machine.webp 720w, https:\/\/corn-machine.com\/wp-content\/uploads\/2025\/12\/corn-cutting-grinding-machine-300x225.webp 300w, https:\/\/corn-machine.com\/wp-content\/uploads\/2025\/12\/corn-cutting-grinding-machine-16x12.webp 16w\" sizes=\"auto, (max-width: 720px) 100vw, 720px\" \/><figcaption class=\"wp-element-caption\">Machine de coupe et de broyage du ma\u00efs<\/figcaption><\/figure> <\/figure>    <h2 class=\"wp-block-heading\"><strong>Deux types de coupe-foin agricoles<\/strong><\/h2>    <p>Notre mod\u00e8le le plus vendu est le d\u00e9chiqueteur de paille \u00e0 cinq ports 9ZF 500B. Il poss\u00e8de plusieurs sorties, dont trois ports de d\u00e9charge (\u00e9lev\u00e9, moyen et bas) et deux entr\u00e9es d'alimentation. Il convient non seulement \u00e0 la collecte de poudre de grain, mais aussi au d\u00e9chiquetage et au chargement \u00e0 haute projection de mat\u00e9riaux fourragers.<\/p>    <p>Ce broyeur de tiges de ma\u00efs \u00e0 quatre ports 9ZF 500A est plus simple et offre \u00e9galement la double fonction de broyage de grains et de coupe de fourrage. Nous expliquerons en d\u00e9tail ci-dessous les diff\u00e9rences et les sp\u00e9cifications des deux mod\u00e8les. Si vous n'\u00eates pas s\u00fbr du machine qui vous convient le mieux, veuillez nous contacter pour assistance.<\/p>    <h3 class=\"wp-block-heading\"><strong>Structure de notre broyeur de ma\u00efs<\/strong><\/h3>    <h4 class=\"wp-block-heading\"><strong>D\u00e9chiqueteur de paille \u00e0 cinq ports 9ZF 500B<\/strong><\/h4>    <p>Cette machine \u00e0 cinq ports int\u00e8gre plusieurs fonctions, notamment la coupe de foin, la coupe de fourrage, le broyage, le concassage et l'alimentation. Elle poss\u00e8de deux entr\u00e9es d'alimentation et trois sorties de d\u00e9charge, chacune avec une fonction diff\u00e9rente.<\/p>    <p>L'entr\u00e9e de la guillotine \u00e0 foin est con\u00e7ue pour l'alimentation en mat\u00e9riaux longs tels que le foin, les tiges de ma\u00efs et les feuilles de palmier. Son design spacieux permet une alimentation rapide. L'entr\u00e9e d'alimentation pour grains entiers est sp\u00e9cifiquement destin\u00e9e \u00e0 l'alimentation en mat\u00e9riaux granulaires tels que le ma\u00efs et les noyaux de dattes, facilitant le broyage \u00e0 la masse dans la chambre de broyage interne.<\/p>   <div class=\"wp-block-image\"> <figure class=\"aligncenter size-full\"><img loading=\"lazy\" decoding=\"async\" width=\"720\" height=\"540\" src=\"https:\/\/corn-machine.com\/wp-content\/uploads\/2025\/12\/structure-of-9ZR-500B-five-outlet-corn-stalk-crusher.webp\" alt=\"structure du broyeur de tiges de ma\u00efs \u00e0 cinq sorties 9ZF 500B\" class=\"wp-image-1160\" title=\"\" srcset=\"https:\/\/corn-machine.com\/wp-content\/uploads\/2025\/12\/structure-of-9ZR-500B-five-outlet-corn-stalk-crusher.webp 720w, https:\/\/corn-machine.com\/wp-content\/uploads\/2025\/12\/structure-of-9ZR-500B-five-outlet-corn-stalk-crusher-300x225.webp 300w, https:\/\/corn-machine.com\/wp-content\/uploads\/2025\/12\/structure-of-9ZR-500B-five-outlet-corn-stalk-crusher-16x12.webp 16w\" sizes=\"auto, (max-width: 720px) 100vw, 720px\" \/><figcaption class=\"wp-element-caption\">structure du broyeur de tiges de ma\u00efs \u00e0 cinq sorties 9ZF 500B<\/figcaption><\/figure> <\/div>   <p>Il existe trois ports de d\u00e9charge diff\u00e9rents : haut, milieu et bas. <\/p>    <ul class=\"wp-block-list\"> <li>Le port sup\u00e9rieur sert \u00e0 d\u00e9charger des morceaux plus longs de nourriture ou \u00e0 lancer la nourriture \u00e0 une position plus \u00e9lev\u00e9e. <\/li>    <li>Le port du milieu sert \u00e0 sortir l'herbe de longueur moyenne et le fourrage mou.<\/li>    <li>Le port inf\u00e9rieur d\u00e9charge les mat\u00e9riaux broy\u00e9s en petites particules ou en poudre fine.<\/li> <\/ul>    <figure class=\"wp-block-gallery has-nested-images columns-default is-cropped wp-block-gallery-3 is-layout-flex wp-block-gallery-is-layout-flex\"> <figure class=\"wp-block-image size-large\"><img loading=\"lazy\" decoding=\"async\" width=\"720\" height=\"540\" data-id=\"1166\" src=\"https:\/\/corn-machine.com\/wp-content\/uploads\/2025\/12\/five-ports-corn-stalk-shredder.webp\" alt=\"d\u00e9chiqueteur de tiges de ma\u00efs \u00e0 cinq ports\" class=\"wp-image-1166\" title=\"\" srcset=\"https:\/\/corn-machine.com\/wp-content\/uploads\/2025\/12\/five-ports-corn-stalk-shredder.webp 720w, https:\/\/corn-machine.com\/wp-content\/uploads\/2025\/12\/five-ports-corn-stalk-shredder-300x225.webp 300w, https:\/\/corn-machine.com\/wp-content\/uploads\/2025\/12\/five-ports-corn-stalk-shredder-16x12.webp 16w\" sizes=\"auto, (max-width: 720px) 100vw, 720px\" \/><figcaption class=\"wp-element-caption\">d\u00e9chiqueteur de tiges de ma\u00efs \u00e0 cinq ports<\/figcaption><\/figure>    <figure class=\"wp-block-image size-large\"><img loading=\"lazy\" decoding=\"async\" width=\"720\" height=\"540\" data-id=\"1167\" src=\"https:\/\/corn-machine.com\/wp-content\/uploads\/2025\/12\/five-ports-straw-chopper.webp\" alt=\"broyeur de paille \u00e0 cinq ports\" class=\"wp-image-1167\" title=\"\" srcset=\"https:\/\/corn-machine.com\/wp-content\/uploads\/2025\/12\/five-ports-straw-chopper.webp 720w, https:\/\/corn-machine.com\/wp-content\/uploads\/2025\/12\/five-ports-straw-chopper-300x225.webp 300w, https:\/\/corn-machine.com\/wp-content\/uploads\/2025\/12\/five-ports-straw-chopper-16x12.webp 16w\" sizes=\"auto, (max-width: 720px) 100vw, 720px\" \/><figcaption class=\"wp-element-caption\">broyeur de paille \u00e0 cinq ports<\/figcaption><\/figure> <\/figure>    <h4 class=\"wp-block-heading\"><strong>Broyeur de tiges de ma\u00efs \u00e0 quatre ports 9ZF 500A<\/strong><\/h4>    <p>Ce moulin \u00e0 quatre ports fonctionne de mani\u00e8re similaire au moulin \u00e0 cinq ports, mais il ne poss\u00e8de pas de port de d\u00e9charge central, ce qui le rend plus compact et adapt\u00e9 aux fermes ordinaires et aux moulins \u00e0 aliments. Il dispose de deux entr\u00e9es d'alimentation et de deux sorties de d\u00e9charge pour r\u00e9pondre \u00e0 diff\u00e9rents besoins de broyage.<\/p>   <div class=\"wp-block-image\"> <figure class=\"aligncenter size-full\"><img loading=\"lazy\" decoding=\"async\" width=\"720\" height=\"540\" src=\"https:\/\/corn-machine.com\/wp-content\/uploads\/2025\/12\/structure-of-9ZR-500A-four-outlet-straw-shredder.webp\" alt=\"structure du d\u00e9chiqueteur de paille \u00e0 quatre sorties 9ZF 500A\" class=\"wp-image-1159\" title=\"\" srcset=\"https:\/\/corn-machine.com\/wp-content\/uploads\/2025\/12\/structure-of-9ZR-500A-four-outlet-straw-shredder.webp 720w, https:\/\/corn-machine.com\/wp-content\/uploads\/2025\/12\/structure-of-9ZR-500A-four-outlet-straw-shredder-300x225.webp 300w, https:\/\/corn-machine.com\/wp-content\/uploads\/2025\/12\/structure-of-9ZR-500A-four-outlet-straw-shredder-16x12.webp 16w\" sizes=\"auto, (max-width: 720px) 100vw, 720px\" \/><figcaption class=\"wp-element-caption\">structure du d\u00e9chiqueteur de paille \u00e0 quatre sorties 9ZF 500A<\/figcaption><\/figure> <\/div>   <h3 class=\"wp-block-heading\"><strong>Param\u00e8tres du petit coupe-foin Taizy<\/strong><\/h3>    <figure class=\"wp-block-table\"><table><tbody><tr><td>Mod\u00e8le<\/td><td class=\"has-text-align-center\" data-align=\"center\">9ZF-500A<\/td><td class=\"has-text-align-center\" data-align=\"center\">9ZF-500B<\/td><\/tr><tr><td>Pouvoir<\/td><td class=\"has-text-align-center\" data-align=\"center\">Moteur de 3 kW, <br>Moteur \u00e0 essence 170F, <br>ou moteur diesel de 8hp<\/td><td class=\"has-text-align-center\" data-align=\"center\">Moteur de 3 kW, <br>Moteur \u00e0 essence 170F, <br>ou moteur diesel de 8hp<\/td><\/tr><tr><td>Capacit\u00e9<\/td><td class=\"has-text-align-center\" data-align=\"center\">600-800kg\/h<\/td><td class=\"has-text-align-center\" data-align=\"center\">800-1200kg\/h<\/td><\/tr><tr><td>Taille<\/td><td class=\"has-text-align-center\" data-align=\"center\">1120*980*1190mm<\/td><td class=\"has-text-align-center\" data-align=\"center\">1220*1070*1190mm<\/td><\/tr><tr><td>Poids<\/td><td class=\"has-text-align-center\" data-align=\"center\">85 kg<\/td><td class=\"has-text-align-center\" data-align=\"center\">95kg<\/td><\/tr><\/tbody><\/table><figcaption class=\"wp-element-caption\">param\u00e8tres d'un petit coupe-foin<\/figcaption><\/figure>    <figure class=\"wp-block-gallery has-nested-images columns-default is-cropped wp-block-gallery-4 is-layout-flex wp-block-gallery-is-layout-flex\"> <figure class=\"wp-block-image size-full\"><img loading=\"lazy\" decoding=\"async\" width=\"720\" height=\"540\" data-id=\"1149\" src=\"https:\/\/corn-machine.com\/wp-content\/uploads\/2025\/12\/chaff-cutter-machine-for-agriculture.webp\" alt=\"Machine \u00e0 couper le son de ma\u00efs 9ZF 500A pour l&#039;agriculture\" class=\"wp-image-1149\" title=\"\" srcset=\"https:\/\/corn-machine.com\/wp-content\/uploads\/2025\/12\/chaff-cutter-machine-for-agriculture.webp 720w, https:\/\/corn-machine.com\/wp-content\/uploads\/2025\/12\/chaff-cutter-machine-for-agriculture-300x225.webp 300w, https:\/\/corn-machine.com\/wp-content\/uploads\/2025\/12\/chaff-cutter-machine-for-agriculture-16x12.webp 16w\" sizes=\"auto, (max-width: 720px) 100vw, 720px\" \/><figcaption class=\"wp-element-caption\">Machine \u00e0 couper le son de ma\u00efs 9ZF 500A pour l'agriculture<\/figcaption><\/figure>    <figure class=\"wp-block-image size-large\"><img loading=\"lazy\" decoding=\"async\" width=\"720\" height=\"540\" data-id=\"1151\" src=\"https:\/\/corn-machine.com\/wp-content\/uploads\/2025\/12\/corn-stalk-cutter-machine.webp\" alt=\"Machine \u00e0 couper les tiges de ma\u00efs 9ZF 500B\" class=\"wp-image-1151\" title=\"\" srcset=\"https:\/\/corn-machine.com\/wp-content\/uploads\/2025\/12\/corn-stalk-cutter-machine.webp 720w, https:\/\/corn-machine.com\/wp-content\/uploads\/2025\/12\/corn-stalk-cutter-machine-300x225.webp 300w, https:\/\/corn-machine.com\/wp-content\/uploads\/2025\/12\/corn-stalk-cutter-machine-16x12.webp 16w\" sizes=\"auto, (max-width: 720px) 100vw, 720px\" \/><figcaption class=\"wp-element-caption\">Machine \u00e0 couper les tiges de ma\u00efs 9ZF 500B<\/figcaption><\/figure> <\/figure>    <h2 class=\"wp-block-heading\"><strong>Applications du broyeur de paille multifonctionnel<\/strong><\/h2>    <p>En tant que broyeur multifonctionnel pour fourrage et moulin \u00e0 ma\u00efs, ses applications sont tr\u00e8s vastes. Il a donc \u00e9t\u00e9 utilis\u00e9 dans de nombreux domaines.<\/p>    <p>Il peut \u00eatre utilis\u00e9 non seulement dans les fermes d'\u00e9levage pour le traitement de l'alimentation du b\u00e9tail, des moutons, des ch\u00e8vres, des chameaux et de la volaille, mais aussi pour le broyage et le recyclage dans le traitement agricole, produisant du ma\u00efs broy\u00e9, des noyaux de dattes broy\u00e9s, des cosses de ma\u00efs broy\u00e9es, et des aliments m\u00e9lang\u00e9s.<\/p>    <p>Ses produits finis existent en diff\u00e9rentes tailles et formes : paille hach\u00e9e de 3-5 cm adapt\u00e9e \u00e0 l'alimentation du b\u00e9tail et des moutons, poudre de foin grossi\u00e8re de 5-15 mm souvent utilis\u00e9e dans l'alimentation mixte, et autres produits c\u00e9r\u00e9aliers id\u00e9aux pour la volaille, les porcs, les ch\u00e8vres, ainsi que pour les poissons, lapins et jeunes animaux.<\/p>    <figure class=\"wp-block-gallery has-nested-images columns-2 is-cropped wp-block-gallery-5 is-layout-flex wp-block-gallery-is-layout-flex\"> <figure class=\"wp-block-image size-large\"><img loading=\"lazy\" decoding=\"async\" width=\"720\" height=\"540\" data-id=\"1154\" src=\"https:\/\/corn-machine.com\/wp-content\/uploads\/2025\/12\/livestock-farming.webp\" alt=\"\u00e9levage\" class=\"wp-image-1154\" title=\"\" srcset=\"https:\/\/corn-machine.com\/wp-content\/uploads\/2025\/12\/livestock-farming.webp 720w, https:\/\/corn-machine.com\/wp-content\/uploads\/2025\/12\/livestock-farming-300x225.webp 300w, https:\/\/corn-machine.com\/wp-content\/uploads\/2025\/12\/livestock-farming-16x12.webp 16w\" sizes=\"auto, (max-width: 720px) 100vw, 720px\" \/><figcaption class=\"wp-element-caption\">\u00e9levage<\/figcaption><\/figure>    <figure class=\"wp-block-image size-large\"><img loading=\"lazy\" decoding=\"async\" width=\"720\" height=\"540\" data-id=\"1153\" src=\"https:\/\/corn-machine.com\/wp-content\/uploads\/2025\/12\/poultry-farming.webp\" alt=\"\u00e9levage de volailles\" class=\"wp-image-1153\" title=\"\" srcset=\"https:\/\/corn-machine.com\/wp-content\/uploads\/2025\/12\/poultry-farming.webp 720w, https:\/\/corn-machine.com\/wp-content\/uploads\/2025\/12\/poultry-farming-300x225.webp 300w, https:\/\/corn-machine.com\/wp-content\/uploads\/2025\/12\/poultry-farming-16x12.webp 16w\" sizes=\"auto, (max-width: 720px) 100vw, 720px\" \/><figcaption class=\"wp-element-caption\">\u00e9levage de volailles<\/figcaption><\/figure>    <figure class=\"wp-block-image size-large\"><img loading=\"lazy\" decoding=\"async\" width=\"720\" height=\"540\" data-id=\"1156\" src=\"https:\/\/corn-machine.com\/wp-content\/uploads\/2025\/12\/cow-food.webp\" alt=\"nourriture pour vache\" class=\"wp-image-1156\" title=\"\" srcset=\"https:\/\/corn-machine.com\/wp-content\/uploads\/2025\/12\/cow-food.webp 720w, https:\/\/corn-machine.com\/wp-content\/uploads\/2025\/12\/cow-food-300x225.webp 300w, https:\/\/corn-machine.com\/wp-content\/uploads\/2025\/12\/cow-food-16x12.webp 16w\" sizes=\"auto, (max-width: 720px) 100vw, 720px\" \/><figcaption class=\"wp-element-caption\">nourriture pour vache<\/figcaption><\/figure>    <figure class=\"wp-block-image size-large\"><img loading=\"lazy\" decoding=\"async\" width=\"720\" height=\"540\" data-id=\"1155\" src=\"https:\/\/corn-machine.com\/wp-content\/uploads\/2025\/12\/chicken-feed.webp\" alt=\"nourriture pour poulets\" class=\"wp-image-1155\" title=\"\" srcset=\"https:\/\/corn-machine.com\/wp-content\/uploads\/2025\/12\/chicken-feed.webp 720w, https:\/\/corn-machine.com\/wp-content\/uploads\/2025\/12\/chicken-feed-300x225.webp 300w, https:\/\/corn-machine.com\/wp-content\/uploads\/2025\/12\/chicken-feed-16x12.webp 16w\" sizes=\"auto, (max-width: 720px) 100vw, 720px\" \/><figcaption class=\"wp-element-caption\">nourriture pour poulets<\/figcaption><\/figure> <\/figure>    <h2 class=\"wp-block-heading\"><strong>30 ensembles de faucheuses \u00e0 paille envoy\u00e9s \u00e0 une ferme d'\u00e9levage \u00e0 Duba\u00ef<\/strong><\/h2>    <p>Cette ann\u00e9e, un client d'\u00e9levage \u00e0 grande \u00e9chelle de Duba\u00ef, \u00c9mirats arabes unis, a command\u00e9 30 ensembles de coupe-tiges de ma\u00efs. Il g\u00e8re une entreprise agricole principalement ax\u00e9e sur l'\u00e9levage de bovins, moutons et chameaux, et en raison de l'expansion r\u00e9cente de son ranch, sa demande en \u00e9quipements de traitement de l'alimentation a rapidement augment\u00e9. <\/p>    <p>Apr\u00e8s plusieurs \u00e9changes et confirmations vid\u00e9o, ce client a finalement d\u00e9cid\u00e9 d'acheter 30 d\u00e9chiqueteurs de paille 9ZF-500B en une seule fois. Lors de la mise en service, nous avons effectu\u00e9 un test d\u00e9taill\u00e9 pour assurer leur bon fonctionnement. Notre client \u00e9tait tr\u00e8s satisfait des r\u00e9sultats et a imm\u00e9diatement pay\u00e9 l'acompte int\u00e9gral. Nous avons ensuite organis\u00e9 l'exp\u00e9dition sans d\u00e9lai.<\/p>    <p>Our Dubai customer received the multifunctional silage cutters and immediately put them into use, which has achieved excellent results. &#8220;If the machine runs smoothly next year, we plan to order another batch to expand production,&#8221; he told me about his future projects and said he wants to work with us.<\/p>    <figure class=\"wp-block-gallery has-nested-images columns-2 is-cropped wp-block-gallery-6 is-layout-flex wp-block-gallery-is-layout-flex\"> <figure class=\"wp-block-image size-large\"><img loading=\"lazy\" decoding=\"async\" width=\"720\" height=\"540\" data-id=\"1141\" src=\"https:\/\/corn-machine.com\/wp-content\/uploads\/2025\/12\/30-sets-of-stalk-chopper-prepared.webp\" alt=\"30 ensembles de coupe-tiges pr\u00e9par\u00e9s\" class=\"wp-image-1141\" title=\"\" srcset=\"https:\/\/corn-machine.com\/wp-content\/uploads\/2025\/12\/30-sets-of-stalk-chopper-prepared.webp 720w, https:\/\/corn-machine.com\/wp-content\/uploads\/2025\/12\/30-sets-of-stalk-chopper-prepared-300x225.webp 300w, https:\/\/corn-machine.com\/wp-content\/uploads\/2025\/12\/30-sets-of-stalk-chopper-prepared-16x12.webp 16w\" sizes=\"auto, (max-width: 720px) 100vw, 720px\" \/><figcaption class=\"wp-element-caption\">30 ensembles de coupe-tiges pr\u00e9par\u00e9s<\/figcaption><\/figure>    <figure class=\"wp-block-image size-large\"><img loading=\"lazy\" decoding=\"async\" width=\"720\" height=\"540\" data-id=\"1142\" src=\"https:\/\/corn-machine.com\/wp-content\/uploads\/2025\/12\/chaff-cutter-completed.webp\" alt=\"Faucheuse \u00e0 foin termin\u00e9e\" class=\"wp-image-1142\" title=\"\" srcset=\"https:\/\/corn-machine.com\/wp-content\/uploads\/2025\/12\/chaff-cutter-completed.webp 720w, https:\/\/corn-machine.com\/wp-content\/uploads\/2025\/12\/chaff-cutter-completed-300x225.webp 300w, https:\/\/corn-machine.com\/wp-content\/uploads\/2025\/12\/chaff-cutter-completed-16x12.webp 16w\" sizes=\"auto, (max-width: 720px) 100vw, 720px\" \/><figcaption class=\"wp-element-caption\">Faucheuse \u00e0 foin termin\u00e9e<\/figcaption><\/figure>    <figure class=\"wp-block-image size-large\"><img loading=\"lazy\" decoding=\"async\" width=\"720\" height=\"540\" data-id=\"1144\" src=\"https:\/\/corn-machine.com\/wp-content\/uploads\/2025\/12\/cornmeal-and-chopped-dry-straw.webp\" alt=\"semoule de ma\u00efs et paille s\u00e8che hach\u00e9e\" class=\"wp-image-1144\" title=\"\" srcset=\"https:\/\/corn-machine.com\/wp-content\/uploads\/2025\/12\/cornmeal-and-chopped-dry-straw.webp 720w, https:\/\/corn-machine.com\/wp-content\/uploads\/2025\/12\/cornmeal-and-chopped-dry-straw-300x225.webp 300w, https:\/\/corn-machine.com\/wp-content\/uploads\/2025\/12\/cornmeal-and-chopped-dry-straw-16x12.webp 16w\" sizes=\"auto, (max-width: 720px) 100vw, 720px\" \/><figcaption class=\"wp-element-caption\">semoule de ma\u00efs et paille s\u00e8che hach\u00e9e<\/figcaption><\/figure>    <figure class=\"wp-block-image size-large\"><img loading=\"lazy\" decoding=\"async\" width=\"720\" height=\"540\" data-id=\"1143\" src=\"https:\/\/corn-machine.com\/wp-content\/uploads\/2025\/12\/test-of-rice-straw-shredder.webp\" alt=\"test du broyeur de paille de riz\" class=\"wp-image-1143\" title=\"\" srcset=\"https:\/\/corn-machine.com\/wp-content\/uploads\/2025\/12\/test-of-rice-straw-shredder.webp 720w, https:\/\/corn-machine.com\/wp-content\/uploads\/2025\/12\/test-of-rice-straw-shredder-300x225.webp 300w, https:\/\/corn-machine.com\/wp-content\/uploads\/2025\/12\/test-of-rice-straw-shredder-16x12.webp 16w\" sizes=\"auto, (max-width: 720px) 100vw, 720px\" \/><figcaption class=\"wp-element-caption\">test du broyeur de paille de riz<\/figcaption><\/figure> <\/figure>    <p>Contactez-nous pour le prix le plus r\u00e9cent de cette machine. En plus, nous proposons d'autres coupe-silage :  <\/p>    <ul class=\"wp-block-list\"> <li><a href=\"https:\/\/corn-machine.com\/fr\/product\/affordable-small-chaff-cutter-machine\/\">Petite machine \u00e0 couper le son pour la pr\u00e9paration de l'alimentation du b\u00e9tail<\/a><\/li>    <li><a href=\"https:\/\/corn-machine.com\/fr\/product\/forage-chopper-for-silage-stalks-cutting\/\">Chopper de fourrage pour coupe des tiges de silage<\/a><\/li> <\/ul>    <p>et moulins \u00e0 ma\u00efs : <\/p>    <ul class=\"wp-block-list\"> <li><a href=\"https:\/\/corn-machine.com\/fr\/product\/hammer-mill-grinder-for-corn\/\">Broyeur \u00e0 marteaux pour ma\u00efs | Petit broyeur de farine de ma\u00efs<\/a><\/li>    <li><a href=\"https:\/\/corn-machine.com\/fr\/product\/small-maize-grinding-machine\/\">Petite rectifieuse de ma\u00efs | Machine de broyeur \u00e0 disques de grains<\/a><\/li> <\/ul>","protected":false},"excerpt":{"rendered":"<p>The multi-functional straw and grain crusher is a comprehensive agricultural equipment that integrates forage cutting, and grain crushing. It efficiently processes various raw materials into usable feed, making it widely used by livestock farmers, feed processors, and small farms.<\/p>","protected":false},"author":1,"featured_media":1158,"parent":0,"template":"","tags":[31,55],"product-type":[57],"class_list":["post-1134","product","type-product","status-publish","has-post-thumbnail","hentry","tag-corn","tag-cornsilage","product-type-corn-stalk-silage-crusher"],"_links":{"self":[{"href":"https:\/\/corn-machine.com\/fr\/wp-json\/wp\/v2\/product\/1134","targetHints":{"allow":["GET"]}}],"collection":[{"href":"https:\/\/corn-machine.com\/fr\/wp-json\/wp\/v2\/product"}],"about":[{"href":"https:\/\/corn-machine.com\/fr\/wp-json\/wp\/v2\/types\/product"}],"author":[{"embeddable":true,"href":"https:\/\/corn-machine.com\/fr\/wp-json\/wp\/v2\/users\/1"}],"wp:featuredmedia":[{"embeddable":true,"href":"https:\/\/corn-machine.com\/fr\/wp-json\/wp\/v2\/media\/1158"}],"wp:attachment":[{"href":"https:\/\/corn-machine.com\/fr\/wp-json\/wp\/v2\/media?parent=1134"}],"wp:term":[{"taxonomy":"post_tag","embeddable":true,"href":"https:\/\/corn-machine.com\/fr\/wp-json\/wp\/v2\/tags?post=1134"},{"taxonomy":"product-type","embeddable":true,"href":"https:\/\/corn-machine.com\/fr\/wp-json\/wp\/v2\/product-type?post=1134"}],"curies":[{"name":"wp","href":"https:\/\/api.w.org\/{rel}","templated":true}]}}