{"id":1447,"date":"2026-02-04T17:03:10","date_gmt":"2026-02-04T09:03:10","guid":{"rendered":"https:\/\/corn-machine.com\/?post_type=product&#038;p=1447"},"modified":"2026-02-05T10:24:39","modified_gmt":"2026-02-05T02:24:39","slug":"cattle-feed-spreader-cow-sheep-farms","status":"publish","type":"product","link":"https:\/\/corn-machine.com\/fr\/product\/cattle-feed-spreader-cow-sheep-farms\/","title":{"rendered":"Distributeur d'aliments pour b\u00e9tail | Machine de distribution TMR pour l'alimentation du b\u00e9tail"},"content":{"rendered":"<p class=\"translation-block\">Le <strong>\u00e9pandeur d\u2019aliments pour bovins<\/strong> est une machine d\u2019\u00e9levage automatis\u00e9e \u00e0 traction tricycle qui distribue la TMR (ration totalement m\u00e9lang\u00e9e) aux bovins et aux ovins pour l\u2019alimentation. Il peut \u00eatre utilis\u00e9 par une seule personne, aidant les agriculteurs \u00e0 r\u00e9duire les co\u00fbts de main-d\u2019\u0153uvre et \u00e0 am\u00e9liorer l\u2019efficacit\u00e9 de l\u2019alimentation.<\/p>    <p>Il est disponible en versions \u00e9lectrique et diesel, avec des capacit\u00e9s de 2 m<sup>3<\/sup>, 3 m<sup>3<\/sup>, 5 m<sup>3<\/sup>, etc. La taille compacte et le transport flexible le rendent particuli\u00e8rement adapt\u00e9 aux p\u00e2turages avec des all\u00e9es d'alimentation \u00e9troites et \u00e0 ceux n\u00e9cessitant une alimentation en groupe.<\/p>    <figure class=\"wp-block-embed aligncenter is-type-video is-provider-youtube wp-block-embed-youtube wp-embed-aspect-16-9 wp-has-aspect-ratio\"><div class=\"wp-block-embed__wrapper\"> <iframe loading=\"lazy\" title=\"\u00c9pandeur-distributeur pour bovins et ovins en utilisation r\u00e9elle \u00e0 la ferme Contact :  8617703863868\" width=\"500\" height=\"281\" src=\"https:\/\/www.youtube.com\/embed\/YXYt7-plPVs?feature=oembed\" frameborder=\"0\" allow=\"accelerometer; autoplay; clipboard-write; encrypted-media; gyroscope; picture-in-picture; web-share\" referrerpolicy=\"strict-origin-when-cross-origin\" allowfullscreen><\/iframe> <\/div><figcaption class=\"wp-element-caption\">vid\u00e9o de d\u00e9monstration de l\u2019\u00e9pandeur pour bovins et ovins<\/figcaption><\/figure>    <h2 class=\"wp-block-heading\"><strong>Points forts de l\u2019\u00e9pandeur-distributeur d\u2019aliments Taizy<\/strong><\/h2>    <ul class=\"wp-block-list\"> <li>Cette machine distributeuse d'aliments pour b\u00e9tail dispose d'une conception \u00e0 trois roues motrices, permettant une utilisation facile m\u00eame dans des abris d'alimentation \u00e9troits.<\/li>    <li>Le m\u00e9lange et la distribution enti\u00e8rement automatiques r\u00e9duisent consid\u00e9rablement l\u2019intensit\u00e9 du travail et les co\u00fbts d\u2019alimentation.<\/li>    <li>L'alimentation peut \u00eatre dispers\u00e9e depuis le c\u00f4t\u00e9 gauche ou droit sans faire demi-tour, am\u00e9liorant consid\u00e9rablement la vitesse et l'efficacit\u00e9 de l'alimentation.<\/li>    <li>Toutes les op\u00e9rations de conduite et d\u2019alimentation peuvent \u00eatre contr\u00f4l\u00e9es directement depuis la cabine, ce qui rend l\u2019apprentissage simple et facile.<\/li> <\/ul>    <figure class=\"wp-block-gallery has-nested-images columns-default is-cropped wp-block-gallery-2 is-layout-flex wp-block-gallery-is-layout-flex\"> <figure class=\"wp-block-image size-large\"><img loading=\"lazy\" decoding=\"async\" width=\"720\" height=\"540\" data-id=\"1464\" src=\"https:\/\/corn-machine.com\/wp-content\/uploads\/2026\/02\/cab-of-the-feeding-spreader.webp\" alt=\"cabine de l\u2019\u00e9pandeur d\u2019aliments\" class=\"wp-image-1464\" title=\"\" srcset=\"https:\/\/corn-machine.com\/wp-content\/uploads\/2026\/02\/cab-of-the-feeding-spreader.webp 720w, https:\/\/corn-machine.com\/wp-content\/uploads\/2026\/02\/cab-of-the-feeding-spreader-300x225.webp 300w, https:\/\/corn-machine.com\/wp-content\/uploads\/2026\/02\/cab-of-the-feeding-spreader-16x12.webp 16w\" sizes=\"auto, (max-width: 720px) 100vw, 720px\" \/><figcaption class=\"wp-element-caption\">cabine de l\u2019\u00e9pandeur d\u2019aliments<\/figcaption><\/figure>    <figure class=\"wp-block-image size-large\"><img loading=\"lazy\" decoding=\"async\" width=\"720\" height=\"540\" data-id=\"1465\" src=\"https:\/\/corn-machine.com\/wp-content\/uploads\/2026\/02\/feeding-process-of-cattle-feed-spreader.webp\" alt=\"processus d\u2019alimentation de l\u2019\u00e9pandeur d\u2019aliments pour bovins\" class=\"wp-image-1465\" title=\"\" srcset=\"https:\/\/corn-machine.com\/wp-content\/uploads\/2026\/02\/feeding-process-of-cattle-feed-spreader.webp 720w, https:\/\/corn-machine.com\/wp-content\/uploads\/2026\/02\/feeding-process-of-cattle-feed-spreader-300x225.webp 300w, https:\/\/corn-machine.com\/wp-content\/uploads\/2026\/02\/feeding-process-of-cattle-feed-spreader-16x12.webp 16w\" sizes=\"auto, (max-width: 720px) 100vw, 720px\" \/><figcaption class=\"wp-element-caption\">processus d\u2019alimentation de l\u2019\u00e9pandeur d\u2019aliments pour bovins<\/figcaption><\/figure> <\/figure>    <h2 class=\"wp-block-heading\"><strong>Principe de fonctionnement de la machine distributeuse d'aliments pour ensilage<\/strong><\/h2>    <p>L\u2019\u00e9pandeur d\u2019aliments pour bovins est un syst\u00e8me d\u2019alimentation horizontale \u00e0 ration totalement m\u00e9lang\u00e9e (TMR). Son principe de fonctionnement est simple :<\/p>    <ol class=\"wp-block-list\"> <li>Premi\u00e8rement, le m\u00e9lange d\u2019aliments TMR est charg\u00e9 dans la tr\u00e9mie d\u2019alimentation.<\/li>    <li>La vis sans fin dans la tr\u00e9mie m\u00e9lange uniform\u00e9ment l\u2019aliment et le d\u00e9charge via un syst\u00e8me de convoyeur horizontal.<\/li>    <li>Le aliment est r\u00e9parti uniform\u00e9ment par l'orifice de distribution (il peut \u00eatre dispers\u00e9 sur le c\u00f4t\u00e9 gauche ou droit).<\/li> <\/ol>    <p>Taizy propose deux solutions d\u2019alimentation pour r\u00e9pondre aux besoins de diff\u00e9rents environnements de ferme, s\u2019adaptant aux conditions d\u2019alimentation variables dans diff\u00e9rentes r\u00e9gions.<\/p>    <figure class=\"wp-block-gallery has-nested-images columns-default is-cropped wp-block-gallery-3 is-layout-flex wp-block-gallery-is-layout-flex\"> <figure class=\"wp-block-image size-large\"><img loading=\"lazy\" decoding=\"async\" width=\"720\" height=\"540\" data-id=\"1468\" src=\"https:\/\/corn-machine.com\/wp-content\/uploads\/2026\/02\/internal-structure-of-a-silage-feed-spreader.webp\" alt=\"structure interne d\u2019un \u00e9pandeur d\u2019aliments d\u2019ensilage\" class=\"wp-image-1468\" title=\"\" srcset=\"https:\/\/corn-machine.com\/wp-content\/uploads\/2026\/02\/internal-structure-of-a-silage-feed-spreader.webp 720w, https:\/\/corn-machine.com\/wp-content\/uploads\/2026\/02\/internal-structure-of-a-silage-feed-spreader-300x225.webp 300w, https:\/\/corn-machine.com\/wp-content\/uploads\/2026\/02\/internal-structure-of-a-silage-feed-spreader-16x12.webp 16w\" sizes=\"auto, (max-width: 720px) 100vw, 720px\" \/><figcaption class=\"wp-element-caption\">structure interne d\u2019un \u00e9pandeur d\u2019aliments d\u2019ensilage<\/figcaption><\/figure>    <figure class=\"wp-block-image size-large\"><img loading=\"lazy\" decoding=\"async\" width=\"720\" height=\"540\" data-id=\"1462\" src=\"https:\/\/corn-machine.com\/wp-content\/uploads\/2026\/02\/conveying-system-of-the-fodder-spreader.webp\" alt=\"syst\u00e8me de convoyage de l\u2019\u00e9pandeur d\u2019aliments\" class=\"wp-image-1462\" title=\"\" srcset=\"https:\/\/corn-machine.com\/wp-content\/uploads\/2026\/02\/conveying-system-of-the-fodder-spreader.webp 720w, https:\/\/corn-machine.com\/wp-content\/uploads\/2026\/02\/conveying-system-of-the-fodder-spreader-300x225.webp 300w, https:\/\/corn-machine.com\/wp-content\/uploads\/2026\/02\/conveying-system-of-the-fodder-spreader-16x12.webp 16w\" sizes=\"auto, (max-width: 720px) 100vw, 720px\" \/><figcaption class=\"wp-element-caption\">syst\u00e8me de convoyage de l\u2019\u00e9pandeur d\u2019aliments<\/figcaption><\/figure> <\/figure>    <h2 class=\"wp-block-heading\"><strong>Options d\u2019alimentation : \u00e9pandeur d\u2019aliments pour bovins \u00e9lectrique vs diesel<\/strong><\/h2>    <h3 class=\"wp-block-heading\"><strong>Machine \u00e9lectrique de distribution d'ensilage<\/strong><\/h3>    <p class=\"translation-block\"><strong>Type de batterie :<\/strong><\/p>    <ul class=\"wp-block-list\"> <li>Batterie \u00e0 \u00e9lectrolyte sec \u2013 adapt\u00e9e aux environnements inf\u00e9rieurs \u00e0 0\u00b0C<\/li>    <li>Batterie lithium \u2013 adapt\u00e9e aux environnements sup\u00e9rieurs \u00e0 0\u00b0C<\/li> <\/ul>    <p class=\"translation-block\"><strong>Consommation d\u2019\u00e9nergie :<\/strong><\/p>    <p>\u00c0 vide : Jusqu\u2019\u00e0 60 km<\/p>    <p>Enti\u00e8rement charg\u00e9 : 20\u201330 km<\/p>    <p class=\"translation-block\"><strong>Avantages :<\/strong><\/p>    <ol class=\"wp-block-list\"> <li>Faible bruit<\/li>    <li>Z\u00e9ro \u00e9mission<\/li>    <li>Co\u00fbts d\u2019exploitation plus faibles<\/li> <\/ol>    <p>Convient pour les fermes int\u00e9rieures ou semi-ferm\u00e9es<\/p>   <div class=\"wp-block-image\"> <figure class=\"aligncenter size-full\"><img loading=\"lazy\" decoding=\"async\" width=\"720\" height=\"540\" src=\"https:\/\/corn-machine.com\/wp-content\/uploads\/2026\/02\/electric-cattle-and-sheep-spreader-feeder-car.webp\" alt=\"\u00e9pandeur-distributeur \u00e9lectrique pour bovins et ovins\" class=\"wp-image-1461\" title=\"\" srcset=\"https:\/\/corn-machine.com\/wp-content\/uploads\/2026\/02\/electric-cattle-and-sheep-spreader-feeder-car.webp 720w, https:\/\/corn-machine.com\/wp-content\/uploads\/2026\/02\/electric-cattle-and-sheep-spreader-feeder-car-300x225.webp 300w, https:\/\/corn-machine.com\/wp-content\/uploads\/2026\/02\/electric-cattle-and-sheep-spreader-feeder-car-16x12.webp 16w\" sizes=\"auto, (max-width: 720px) 100vw, 720px\" \/><figcaption class=\"wp-element-caption\">\u00e9pandeur-distributeur \u00e9lectrique pour bovins et ovins<\/figcaption><\/figure> <\/div>   <h3 class=\"wp-block-heading\"><strong>Distributeur d'ensilage diesel<\/strong><\/h3>    <p class=\"translation-block\"><strong>Plage de capacit\u00e9<\/strong> : 3\u201312 m\u00e8tres cubes<\/p>    <p class=\"translation-block\"><strong>Avantages :<\/strong><\/p>    <ol class=\"wp-block-list\"> <li>Longues heures de travail<\/li>    <li>Alimentation \u00e9lectrique stable<\/li>    <li>Tr\u00e9mie en acier inoxydable en option<\/li> <\/ol>    <p>Convient pour les op\u00e9rations en plein air et les charges lourdes<\/p>   <div class=\"wp-block-image\"> <figure class=\"aligncenter size-full\"><img loading=\"lazy\" decoding=\"async\" width=\"720\" height=\"540\" src=\"https:\/\/corn-machine.com\/wp-content\/uploads\/2026\/02\/diesel-engine-type-cow-feed-manure-spreader.webp\" alt=\"\u00e9pandeur d\u2019engrais et d\u2019aliments pour vaches de type moteur diesel\" class=\"wp-image-1460\" title=\"\" srcset=\"https:\/\/corn-machine.com\/wp-content\/uploads\/2026\/02\/diesel-engine-type-cow-feed-manure-spreader.webp 720w, https:\/\/corn-machine.com\/wp-content\/uploads\/2026\/02\/diesel-engine-type-cow-feed-manure-spreader-300x225.webp 300w, https:\/\/corn-machine.com\/wp-content\/uploads\/2026\/02\/diesel-engine-type-cow-feed-manure-spreader-16x12.webp 16w\" sizes=\"auto, (max-width: 720px) 100vw, 720px\" \/><figcaption class=\"wp-element-caption\">\u00e9pandeur d\u2019engrais et d\u2019aliments pour vaches de type moteur diesel<\/figcaption><\/figure> <\/div>   <h2 class=\"wp-block-heading\"><strong>Capacit\u00e9 et options de personnalisation pour \u00e9pandeur d\u2019aliments destin\u00e9 aux ovins<\/strong><\/h2>    <p>Les mod\u00e8les standard sont disponibles en 2 m\u00e8tres cubes, 3 m\u00e8tres cubes, 5 m\u00e8tres cubes et 8 m\u00e8tres cubes, et la personnalisation est \u00e9galement disponible pour d\u2019autres exigences.<\/p>    <p>En plus du choix du mod\u00e8le, nous proposons \u00e9galement des services de personnalisation pour les d\u00e9tails de la machine :<\/p>    <p>Hauteur d\u2019\u00e9pandage<\/p>    <p>Type et capacit\u00e9 de la batterie<\/p>    <p>Hauteur totale de la machine<\/p>    <p>Voie des roues<\/p>    <p>Taizy peut fournir des solutions d\u2019\u00e9pandeur d\u2019aliments pour bovins enti\u00e8rement personnalis\u00e9es en fonction de la taille de votre ferme, de la m\u00e9thode d\u2019alimentation et des sp\u00e9cificit\u00e9s de votre syst\u00e8me TMR (Total Mixed Ration).<\/p>    <h2 class=\"wp-block-heading\"><strong>\u00c0 quoi peut servir cette machine d\u2019alimentation pour b\u00e9tail ?<\/strong><\/h2>    <p>Cet \u00e9pandeur d\u2019aliments pour bovins est con\u00e7u pour r\u00e9pondre aux besoins d\u2019alimentation de divers sc\u00e9narios d\u2019\u00e9levage. Il peut \u00eatre largement utilis\u00e9 dans les situations suivantes :<\/p>    <ul class=\"wp-block-list\"> <li>Exploitations laiti\u00e8res : Sa capacit\u00e9 \u00e0 fonctionner dans des all\u00e9es d\u2019\u00e9table \u00e9troites le rend bien adapt\u00e9 aux syst\u00e8mes d\u2019\u00e9levage laitier modernes.<\/li>    <li>Fermes de b\u0153ufs : cette machine de distribution de fourrage supporte l'alimentation par lots de diff\u00e9rents troupeaux et fonctionne efficacement dans les \u00e9tables int\u00e9rieures et les zones d'alimentation ext\u00e9rieures, aidant les fermes \u00e0 r\u00e9duire la main-d'\u0153uvre.<\/li>    <li>Elevages ovins : Cet \u00e9pandeur \u00e0 trois roues peut r\u00e9partir pr\u00e9cis\u00e9ment l\u2019aliment sans perturber la structure du fourrage.<\/li> <\/ul>    <p>Sa conception est particuli\u00e8rement adapt\u00e9e aux petites et moyennes exploitations. Les petites fermes b\u00e9n\u00e9ficient de leurs faibles co\u00fbts d\u2019exploitation et de leur entretien facile. Et les exploitations moyennes peuvent am\u00e9liorer l\u2019efficacit\u00e9 gr\u00e2ce \u00e0 l\u2019alimentation par lots et \u00e0 la r\u00e9duction du travail.<\/p>    <figure class=\"wp-block-gallery has-nested-images columns-default is-cropped wp-block-gallery-4 is-layout-flex wp-block-gallery-is-layout-flex\"> <figure class=\"wp-block-image size-large\"><img loading=\"lazy\" decoding=\"async\" width=\"720\" height=\"540\" data-id=\"1466\" src=\"https:\/\/corn-machine.com\/wp-content\/uploads\/2026\/02\/cattle-farm.webp\" alt=\"exploitation bovine\" class=\"wp-image-1466\" title=\"\" srcset=\"https:\/\/corn-machine.com\/wp-content\/uploads\/2026\/02\/cattle-farm.webp 720w, https:\/\/corn-machine.com\/wp-content\/uploads\/2026\/02\/cattle-farm-300x225.webp 300w, https:\/\/corn-machine.com\/wp-content\/uploads\/2026\/02\/cattle-farm-16x12.webp 16w\" sizes=\"auto, (max-width: 720px) 100vw, 720px\" \/><figcaption class=\"wp-element-caption\">exploitation bovine<\/figcaption><\/figure>    <figure class=\"wp-block-image size-large\"><img loading=\"lazy\" decoding=\"async\" width=\"720\" height=\"540\" data-id=\"1467\" src=\"https:\/\/corn-machine.com\/wp-content\/uploads\/2026\/02\/sheep-farm.webp\" alt=\"ferme ovine\" class=\"wp-image-1467\" title=\"\" srcset=\"https:\/\/corn-machine.com\/wp-content\/uploads\/2026\/02\/sheep-farm.webp 720w, https:\/\/corn-machine.com\/wp-content\/uploads\/2026\/02\/sheep-farm-300x225.webp 300w, https:\/\/corn-machine.com\/wp-content\/uploads\/2026\/02\/sheep-farm-16x12.webp 16w\" sizes=\"auto, (max-width: 720px) 100vw, 720px\" \/><figcaption class=\"wp-element-caption\">ferme ovine<\/figcaption><\/figure> <\/figure>    <p>For more pricing information, don&#8217;t hesitate to get in touch with us for the latest updates.<\/p>    <p>Produits d\u2019ensilage associ\u00e9s : <\/p>    <ul class=\"wp-block-list\"> <li><a href=\"https:\/\/corn-machine.com\/fr\/product\/corn-silage-bale-wrapper-machine\/\">Machine \u00e0 envelopper les balles de ma\u00efs ensilage<\/a><\/li>    <li><a href=\"https:\/\/corn-machine.com\/fr\/product\/forage-chopper-for-silage-stalks-cutting\/\">Chopper de fourrage pour coupe des tiges de silage<\/a><\/li> <\/ul>    <p><\/p>","protected":false},"excerpt":{"rendered":"<p>The Taizy cattle feed spreader is designed for efficient TMR spreading on cattle and sheep farms. It is available in both electric and diesel power options, features three-wheel drive, and allows for adjustable spreading speed.<\/p>","protected":false},"author":1,"featured_media":1469,"parent":0,"template":"","tags":[55],"product-type":[60],"class_list":["post-1447","product","type-product","status-publish","has-post-thumbnail","hentry","tag-cornsilage","product-type-corn-silage-mixer"],"_links":{"self":[{"href":"https:\/\/corn-machine.com\/fr\/wp-json\/wp\/v2\/product\/1447","targetHints":{"allow":["GET"]}}],"collection":[{"href":"https:\/\/corn-machine.com\/fr\/wp-json\/wp\/v2\/product"}],"about":[{"href":"https:\/\/corn-machine.com\/fr\/wp-json\/wp\/v2\/types\/product"}],"author":[{"embeddable":true,"href":"https:\/\/corn-machine.com\/fr\/wp-json\/wp\/v2\/users\/1"}],"wp:featuredmedia":[{"embeddable":true,"href":"https:\/\/corn-machine.com\/fr\/wp-json\/wp\/v2\/media\/1469"}],"wp:attachment":[{"href":"https:\/\/corn-machine.com\/fr\/wp-json\/wp\/v2\/media?parent=1447"}],"wp:term":[{"taxonomy":"post_tag","embeddable":true,"href":"https:\/\/corn-machine.com\/fr\/wp-json\/wp\/v2\/tags?post=1447"},{"taxonomy":"product-type","embeddable":true,"href":"https:\/\/corn-machine.com\/fr\/wp-json\/wp\/v2\/product-type?post=1447"}],"curies":[{"name":"wp","href":"https:\/\/api.w.org\/{rel}","templated":true}]}}