{"id":1505,"date":"2026-02-10T13:49:40","date_gmt":"2026-02-10T05:49:40","guid":{"rendered":"https:\/\/corn-machine.com\/?post_type=product&#038;p=1505"},"modified":"2026-02-10T14:12:13","modified_gmt":"2026-02-10T06:12:13","slug":"small-type-corn-seed-remover-machine","status":"publish","type":"product","link":"https:\/\/corn-machine.com\/fr\/product\/small-type-corn-seed-remover-machine\/","title":{"rendered":"Machine automatique de retrait de petites graines de ma\u00efs"},"content":{"rendered":"<p class=\"translation-block\">La <strong>machine \u00e0 enlever les graines de ma\u00efs<\/strong> est con\u00e7ue sp\u00e9cifiquement pour les petites et moyennes exploitations agricoles. Elle est compacte et poss\u00e8de une haute efficacit\u00e9 de battage de 3-4 tonnes par heure avec 3 choix d'alimentation (moteur \u00e0 essence, moteur diesel, et moteur \u00e9lectrique). <\/p>    <p>Elle respecte les normes internationales d'exportation de machines telles que CE, ce qui en fait un choix id\u00e9al pour les utilisateurs individuels et les distributeurs. Les machines sont vendues directement de l'usine avec des remises sp\u00e9ciales pour les achats en gros.<\/p>    <figure class=\"wp-block-embed aligncenter is-type-video is-provider-youtube wp-block-embed-youtube wp-embed-aspect-16-9 wp-has-aspect-ratio\"><div class=\"wp-block-embed__wrapper\"> <iframe loading=\"lazy\" title=\"Corn Seed Remover Machine 3\u20134t\/h | Structure &amp; Working Performance Test Contact: +8617703863868\" width=\"500\" height=\"281\" src=\"https:\/\/www.youtube.com\/embed\/c4dhKK8s3h8?feature=oembed\" frameborder=\"0\" allow=\"accelerometer; autoplay; clipboard-write; encrypted-media; gyroscope; picture-in-picture; web-share\" referrerpolicy=\"strict-origin-when-cross-origin\" allowfullscreen><\/iframe> <\/div><figcaption class=\"wp-element-caption\">Vid\u00e9o de fonctionnement de la machine \u00e0 enlever les graines de ma\u00efs<\/figcaption><\/figure>    <h2 class=\"wp-block-heading\"><strong>Principaux avantages de la machine \u00e0 enlever les graines de ma\u00efs<\/strong><\/h2>    <ul class=\"wp-block-list\"> <li>Contrairement aux \u00e9quipements de battage conventionnels, cette \u00e9greneuse de ma\u00efs utilise un tambour de battage et un tamis concave con\u00e7us scientifiquement, ce qui permet un taux de s\u00e9paration des grains \u00e9lev\u00e9, un faible taux de cassure des grains, et une sortie propre avec un minimum d'impuret\u00e9s.<\/li>    <li>La machine \u00e0 \u00e9caler le ma\u00efs a une empreinte r\u00e9duite et un design de cadre compact et int\u00e9gr\u00e9, ce qui facilite non seulement le transport en conteneur et r\u00e9duit les co\u00fbts logistiques, mais simplifie \u00e9galement l'installation et l'utilisation pour l'utilisateur final.<\/li>    <li>Pour r\u00e9pondre \u00e0 diff\u00e9rents besoins, trois options d'alimentation sont disponibles : moteur \u00e9lectrique, moteur diesel et moteur \u00e0 essence. De plus, cette \u00e9greneuse de ma\u00efs agricole peut \u00eatre personnalis\u00e9e avec des pneus, des couleurs, et plus encore.<\/li> <\/ul>    <figure class=\"wp-block-gallery has-nested-images columns-default is-cropped wp-block-gallery-2 is-layout-flex wp-block-gallery-is-layout-flex\"> <figure class=\"wp-block-image size-large\"><img loading=\"lazy\" decoding=\"async\" width=\"720\" height=\"540\" data-id=\"1516\" src=\"https:\/\/corn-machine.com\/wp-content\/uploads\/2026\/02\/maize-sheller-maize-shelling-machine.webp\" alt=\"\u00c9greneuse de ma\u00efs machine \u00e0 \u00e9caler le ma\u00efs\" class=\"wp-image-1516\" title=\"\" srcset=\"https:\/\/corn-machine.com\/wp-content\/uploads\/2026\/02\/maize-sheller-maize-shelling-machine.webp 720w, https:\/\/corn-machine.com\/wp-content\/uploads\/2026\/02\/maize-sheller-maize-shelling-machine-300x225.webp 300w, https:\/\/corn-machine.com\/wp-content\/uploads\/2026\/02\/maize-sheller-maize-shelling-machine-16x12.webp 16w\" sizes=\"auto, (max-width: 720px) 100vw, 720px\" \/><figcaption class=\"wp-element-caption\">\u00c9greneuse de ma\u00efs machine \u00e0 \u00e9caler le ma\u00efs<\/figcaption><\/figure>    <figure class=\"wp-block-image size-large\"><img loading=\"lazy\" decoding=\"async\" width=\"720\" height=\"540\" data-id=\"1517\" src=\"https:\/\/corn-machine.com\/wp-content\/uploads\/2026\/02\/threshing-effect-demonstration.webp\" alt=\"D\u00e9monstration de l&#039;effet de battage\" class=\"wp-image-1517\" title=\"\" srcset=\"https:\/\/corn-machine.com\/wp-content\/uploads\/2026\/02\/threshing-effect-demonstration.webp 720w, https:\/\/corn-machine.com\/wp-content\/uploads\/2026\/02\/threshing-effect-demonstration-300x225.webp 300w, https:\/\/corn-machine.com\/wp-content\/uploads\/2026\/02\/threshing-effect-demonstration-16x12.webp 16w\" sizes=\"auto, (max-width: 720px) 100vw, 720px\" \/><figcaption class=\"wp-element-caption\">D\u00e9monstration de l'effet de battage<\/figcaption><\/figure> <\/figure>    <h2 class=\"wp-block-heading\"><strong>Structure et principe de fonctionnement de la machine \u00e0 \u00e9caler le ma\u00efs<\/strong><\/h2>    <p>Comme indiqu\u00e9 dans le diagramme ci-dessous, la machine \u00e0 enlever les graines de ma\u00efs se compose principalement des pi\u00e8ces suivantes :<\/p>    <ul class=\"wp-block-list\"> <li>Entr\u00e9e d'alimentation avec couvercle de protection<\/li>    <li>Sortie de grains de ma\u00efs et sortie de la tige de ma\u00efs<\/li>    <li>Structure en acier avec conception amortissante<\/li>    <li>Syst\u00e8me de transmission (courroie et poulies)<\/li> <\/ul>   <div class=\"wp-block-image\"> <figure class=\"aligncenter size-full\"><img loading=\"lazy\" decoding=\"async\" width=\"720\" height=\"540\" src=\"https:\/\/corn-machine.com\/wp-content\/uploads\/2026\/02\/structure-of-corn-seed-removing-machine.webp\" alt=\"Structure de la machine \u00e0 enlever les graines de ma\u00efs\" class=\"wp-image-1513\" title=\"\" srcset=\"https:\/\/corn-machine.com\/wp-content\/uploads\/2026\/02\/structure-of-corn-seed-removing-machine.webp 720w, https:\/\/corn-machine.com\/wp-content\/uploads\/2026\/02\/structure-of-corn-seed-removing-machine-300x225.webp 300w, https:\/\/corn-machine.com\/wp-content\/uploads\/2026\/02\/structure-of-corn-seed-removing-machine-16x12.webp 16w\" sizes=\"auto, (max-width: 720px) 100vw, 720px\" \/><figcaption class=\"wp-element-caption\">Structure de la machine \u00e0 enlever les graines de ma\u00efs<\/figcaption><\/figure> <\/div>   <p>Son principe de fonctionnement est \u00e9galement simple :<\/p>    <p>Les grains sont aliment\u00e9s manuellement dans la machine via l'entr\u00e9e d'alimentation \u2192 le tambour rotatif frappe et frotte les grains \u2192 les grains tombent \u00e0 travers le tamis \u2192 les \u00e9pis de ma\u00efs sont \u00e9vacu\u00e9s s\u00e9par\u00e9ment par la sortie arri\u00e8re \u2192 les grains propres sont collect\u00e9s en bas.<\/p>    <h2 class=\"wp-block-heading\"><strong>Param\u00e8tres techniques de la machine \u00e0 enlever les graines de ma\u00efs SL-B1<\/strong><\/h2>    <figure class=\"wp-block-table\"><table class=\"has-fixed-layout\"><tbody><tr><td>Capacit\u00e9<\/td><td>3-4t\/h<\/td><\/tr><tr><td>Pouvoir<\/td><td>Moteur \u00e9lectrique, moteur \u00e0 essence ou moteur diesel<\/td><\/tr><tr><td>Taille<\/td><td>1100mm*800mm*700mm<\/td><\/tr><tr><td>Poids<\/td><td>90kg<\/td><\/tr><\/tbody><\/table><figcaption class=\"wp-element-caption\">Sp\u00e9cifications de la machine \u00e0 enlever les graines de ma\u00efs<\/figcaption><\/figure>    <p>Nous supportons une vari\u00e9t\u00e9 d'options d'alimentation et proposons \u00e9galement des services de personnalisation, y compris le remplacement personnalis\u00e9 des pneus, les r\u00e9glages de tension, les r\u00e9glages de couleur, etc.<\/p>    <figure class=\"wp-block-gallery has-nested-images columns-default is-cropped wp-block-gallery-3 is-layout-flex wp-block-gallery-is-layout-flex\"> <figure class=\"wp-block-image size-large\"><img loading=\"lazy\" decoding=\"async\" width=\"720\" height=\"540\" data-id=\"1519\" src=\"https:\/\/corn-machine.com\/wp-content\/uploads\/2026\/02\/customized-small-wheel.webp\" alt=\"petit roue personnalis\u00e9\" class=\"wp-image-1519\" title=\"\" srcset=\"https:\/\/corn-machine.com\/wp-content\/uploads\/2026\/02\/customized-small-wheel.webp 720w, https:\/\/corn-machine.com\/wp-content\/uploads\/2026\/02\/customized-small-wheel-300x225.webp 300w, https:\/\/corn-machine.com\/wp-content\/uploads\/2026\/02\/customized-small-wheel-16x12.webp 16w\" sizes=\"auto, (max-width: 720px) 100vw, 720px\" \/><figcaption class=\"wp-element-caption\">petit roue personnalis\u00e9<\/figcaption><\/figure>    <figure class=\"wp-block-image size-large\"><img loading=\"lazy\" decoding=\"async\" width=\"720\" height=\"540\" data-id=\"1518\" src=\"https:\/\/corn-machine.com\/wp-content\/uploads\/2026\/02\/customized-large-tires.webp\" alt=\"grands pneus personnalis\u00e9s\" class=\"wp-image-1518\" title=\"\" srcset=\"https:\/\/corn-machine.com\/wp-content\/uploads\/2026\/02\/customized-large-tires.webp 720w, https:\/\/corn-machine.com\/wp-content\/uploads\/2026\/02\/customized-large-tires-300x225.webp 300w, https:\/\/corn-machine.com\/wp-content\/uploads\/2026\/02\/customized-large-tires-16x12.webp 16w\" sizes=\"auto, (max-width: 720px) 100vw, 720px\" \/><figcaption class=\"wp-element-caption\">grands pneus personnalis\u00e9s<\/figcaption><\/figure> <\/figure>    <p>Si vous avez des besoins de personnalisation suppl\u00e9mentaires ou souhaitez en savoir plus sur cette machine, veuillez nous contacter pour obtenir les derni\u00e8res informations.<\/p>    <h2 class=\"wp-block-heading\"><strong>Options d'alimentation pour diff\u00e9rents choix<\/strong><\/h2>    <p>Pour r\u00e9pondre aux diff\u00e9rentes conditions d'alimentation et habitudes d'utilisation des diff\u00e9rentes r\u00e9gions, la \u00e9greneuse de ma\u00efs SL-B offre trois configurations d'alimentation flexibles. Les clients peuvent choisir ou combiner diff\u00e9rentes configurations en fonction des besoins du march\u00e9 local.<\/p>    <h3 class=\"wp-block-heading\"><strong>Moteur \u00e9lectrique 2,2\u20133 kW<\/strong><\/h3>    <p class=\"translation-block\"><strong>Alimentation \u00e9lectrique<\/strong> : 220V, monophas\u00e9, 50Hz (personnalisable)<\/p>    <p>Le mod\u00e8le \u00e9lectrique convient aux zones avec une alimentation \u00e9lectrique stable, comme les petites usines de traitement de grains, les sites de traitement fixes, et les coop\u00e9ratives.<\/p>    <p class=\"translation-block\"><strong>Avantages<\/strong> :<\/p>    <ul class=\"wp-block-list\"> <li>Faibles co\u00fbts d'exploitation<\/li>    <li>D\u00e9marrage simple et fonctionnement stable<\/li>    <li>Fonctionnement silencieux et faible vibration<\/li>    <li>Facile \u00e0 entretenir et longue dur\u00e9e de vie<\/li> <\/ul>    <p>Ce type de machine \u00e0 enlever les graines de ma\u00efs est populaire sur les march\u00e9s o\u00f9 les prix de l'\u00e9lectricit\u00e9 sont faibles et l'approvisionnement fiable, aidant les distributeurs \u00e0 offrir des solutions \u00e9conomiques aux utilisateurs finaux.<\/p>   <div class=\"wp-block-image\"> <figure class=\"aligncenter size-full\"><img loading=\"lazy\" decoding=\"async\" width=\"720\" height=\"540\" src=\"https:\/\/corn-machine.com\/wp-content\/uploads\/2026\/02\/corn-sheller-machine-with-motor.webp\" alt=\"Machine \u00e0 \u00e9caler le ma\u00efs avec moteur\" class=\"wp-image-1510\" title=\"\" srcset=\"https:\/\/corn-machine.com\/wp-content\/uploads\/2026\/02\/corn-sheller-machine-with-motor.webp 720w, https:\/\/corn-machine.com\/wp-content\/uploads\/2026\/02\/corn-sheller-machine-with-motor-300x225.webp 300w, https:\/\/corn-machine.com\/wp-content\/uploads\/2026\/02\/corn-sheller-machine-with-motor-16x12.webp 16w\" sizes=\"auto, (max-width: 720px) 100vw, 720px\" \/><figcaption class=\"wp-element-caption\">Machine \u00e0 \u00e9caler le ma\u00efs avec moteur<\/figcaption><\/figure> <\/div>   <h3 class=\"wp-block-heading\"><strong>Moteur \u00e0 essence 170F<\/strong><\/h3>    <p>L'alimentation \u00e9lectrique \u00e0 essence convient aux zones avec une alimentation \u00e9lectrique limit\u00e9e ou instable ou pour les petites exploitations n\u00e9cessitant une op\u00e9ration mobile. Id\u00e9al pour les utilisateurs qui pr\u00e9f\u00e8rent un d\u00e9marrage facile et une utilisation flexible.<\/p>    <p class=\"translation-block\"><strong>Avantages<\/strong> :<\/p>    <ul class=\"wp-block-list\"> <li>Facile \u00e0 d\u00e9marrer, surtout par temps froid<\/li>    <li>L\u00e9ger et facile \u00e0 d\u00e9placer<\/li>    <li>Aucune d\u00e9pendance \u00e0 une source d'\u00e9nergie externe<\/li> <\/ul>    <p>Cette configuration est g\u00e9n\u00e9ralement pr\u00e9f\u00e9r\u00e9e par les agriculteurs individuels et les petits entrepreneurs qui ont besoin d'une \u00e9grainage portable.<\/p>   <div class=\"wp-block-image\"> <figure class=\"aligncenter size-full\"><img loading=\"lazy\" decoding=\"async\" width=\"720\" height=\"540\" src=\"https:\/\/corn-machine.com\/wp-content\/uploads\/2026\/02\/maize-sheller-machine-with-gasoline-engine.webp\" alt=\"Machine \u00e0 \u00e9caler le ma\u00efs avec moteur \u00e0 essence\" class=\"wp-image-1511\" title=\"\" srcset=\"https:\/\/corn-machine.com\/wp-content\/uploads\/2026\/02\/maize-sheller-machine-with-gasoline-engine.webp 720w, https:\/\/corn-machine.com\/wp-content\/uploads\/2026\/02\/maize-sheller-machine-with-gasoline-engine-300x225.webp 300w, https:\/\/corn-machine.com\/wp-content\/uploads\/2026\/02\/maize-sheller-machine-with-gasoline-engine-16x12.webp 16w\" sizes=\"auto, (max-width: 720px) 100vw, 720px\" \/><figcaption class=\"wp-element-caption\">Machine \u00e0 \u00e9caler le ma\u00efs avec moteur \u00e0 essence<\/figcaption><\/figure> <\/div>   <h3 class=\"wp-block-heading\"><strong>Moteur diesel 6-8 chevaux<\/strong><\/h3>    <p>Cette version \u00e0 moteur diesel est con\u00e7ue pour les zones rurales et \u00e9loign\u00e9es sans approvisionnement \u00e9lectrique, adapt\u00e9e \u00e0 une op\u00e9ration continue \u00e0 long terme et \u00e0 des t\u00e2ches de battage quotidiennes \u00e0 haute intensit\u00e9.<\/p>    <p class=\"translation-block\"><strong>Avantages<\/strong> :<\/p>    <ul class=\"wp-block-list\"> <li>Couple puissant et sortie d'\u00e9nergie stable<\/li>    <li>Haute efficacit\u00e9 \u00e9nerg\u00e9tique, adapt\u00e9e \u00e0 une utilisation \u00e0 long terme<\/li>    <li>Excellente durabilit\u00e9 sous charge lourde<\/li> <\/ul>    <p class=\"translation-block\">Ce mod\u00e8le de machine \u00e0 enlever les graines de ma\u00efs<strong> <\/strong>est particuli\u00e8rement populaire sur les march\u00e9s africains et d'Asie du Sud-Est, o\u00f9 les moteurs diesel sont facilement accessibles et faciles \u00e0 entretenir.<\/p>   <div class=\"wp-block-image\"> <figure class=\"aligncenter size-full\"><img loading=\"lazy\" decoding=\"async\" width=\"720\" height=\"540\" src=\"https:\/\/corn-machine.com\/wp-content\/uploads\/2026\/02\/corn-threshing-machine-with-diesel-engine.webp\" alt=\"Cette petite machine \u00e0 enlever les graines de ma\u00efs dispose de 3 options d&#039;alimentation et peut traiter 4-5 tonnes de ma\u00efs par heure. Vente directe de Taizy avec personnalisation accept\u00e9e.\" class=\"wp-image-1512\" title=\"\" srcset=\"https:\/\/corn-machine.com\/wp-content\/uploads\/2026\/02\/corn-threshing-machine-with-diesel-engine.webp 720w, https:\/\/corn-machine.com\/wp-content\/uploads\/2026\/02\/corn-threshing-machine-with-diesel-engine-300x225.webp 300w, https:\/\/corn-machine.com\/wp-content\/uploads\/2026\/02\/corn-threshing-machine-with-diesel-engine-16x12.webp 16w\" sizes=\"auto, (max-width: 720px) 100vw, 720px\" \/><figcaption class=\"wp-element-caption\">Machine \u00e0 \u00e9caler le ma\u00efs avec moteur diesel<\/figcaption><\/figure> <\/div>   <h2 class=\"wp-block-heading\"><strong>Ce que Taizy peut offrir \u00e0 ses clients ?<\/strong><\/h2>    <p>En tant que fabricant professionnel de machines agricoles, Taizy fournit un support complet \u00e0 ses clients :<\/p>    <ol class=\"wp-block-list\"> <li>Approvisionnement direct d'usine : \u00c9liminant les interm\u00e9diaires, nous proposons des prix d'usine tr\u00e8s comp\u00e9titifs, vous aidant \u00e0 r\u00e9aliser des marges de revente plus \u00e9lev\u00e9es.<\/li>    <li>Optimisation des commandes en gros : pour les commandes en conteneur, Taizy propose des prix plus avantageux et des solutions de chargement optimis\u00e9es.<\/li>    <li>Approvisionnement en pi\u00e8ces d\u00e9tach\u00e9es \u00e0 long terme : Notre usine assure un approvisionnement stable en pi\u00e8ces d'usure, garantissant un excellent service apr\u00e8s-vente.<\/li>    <li>Support de personnalisation : Nous supportons \u00e9galement la personnalisation des couleurs de la machine, des logos, de la marque, des configurations d'alimentation, et d'autres exigences d'adaptation au march\u00e9 local.<\/li>    <li>Support technique et commercial : Apr\u00e8s la r\u00e9alisation de la commande, nous fournissons \u00e9galement des manuels de produit, des vid\u00e9os d'op\u00e9ration et des guides d'installation.<\/li> <\/ol>    <figure class=\"wp-block-gallery has-nested-images columns-default is-cropped wp-block-gallery-4 is-layout-flex wp-block-gallery-is-layout-flex\"> <figure class=\"wp-block-image size-large\"><img loading=\"lazy\" decoding=\"async\" width=\"720\" height=\"540\" data-id=\"1514\" src=\"https:\/\/corn-machine.com\/wp-content\/uploads\/2026\/02\/optimized-loading-solutions.webp\" alt=\"Solutions de chargement optimis\u00e9es\" class=\"wp-image-1514\" title=\"\" srcset=\"https:\/\/corn-machine.com\/wp-content\/uploads\/2026\/02\/optimized-loading-solutions.webp 720w, https:\/\/corn-machine.com\/wp-content\/uploads\/2026\/02\/optimized-loading-solutions-300x225.webp 300w, https:\/\/corn-machine.com\/wp-content\/uploads\/2026\/02\/optimized-loading-solutions-16x12.webp 16w\" sizes=\"auto, (max-width: 720px) 100vw, 720px\" \/><figcaption class=\"wp-element-caption\">Solutions de chargement optimis\u00e9es<\/figcaption><\/figure>    <figure class=\"wp-block-image size-large\"><img loading=\"lazy\" decoding=\"async\" width=\"720\" height=\"540\" data-id=\"1515\" src=\"https:\/\/corn-machine.com\/wp-content\/uploads\/2026\/02\/Taizy-factory.webp\" alt=\"Usine Taizy\" class=\"wp-image-1515\" title=\"\" srcset=\"https:\/\/corn-machine.com\/wp-content\/uploads\/2026\/02\/Taizy-factory.webp 720w, https:\/\/corn-machine.com\/wp-content\/uploads\/2026\/02\/Taizy-factory-300x225.webp 300w, https:\/\/corn-machine.com\/wp-content\/uploads\/2026\/02\/Taizy-factory-16x12.webp 16w\" sizes=\"auto, (max-width: 720px) 100vw, 720px\" \/><figcaption class=\"wp-element-caption\">Usine Taizy<\/figcaption><\/figure> <\/figure>    <p>Cette machine \u00e0 enlever les graines de ma\u00efs est largement appr\u00e9ci\u00e9e par les clients en raison de ses options d'alimentation flexibles, de sa multifonctionnalit\u00e9, et de son support solide du fabricant. Si vous recherchez un fournisseur fiable de machines \u00e0 \u00e9caler le ma\u00efs, Taizy est pr\u00eat \u00e0 aider votre entreprise \u00e0 se d\u00e9velopper.<\/p>    <p>Autres mod\u00e8les de machines \u00e0 \u00e9caler le ma\u00efs : <\/p>    <ul class=\"wp-block-list\"> <li><a href=\"https:\/\/corn-machine.com\/fr\/product\/multi-function-corn-thresher\/\">Batteuse multifonction pour ma\u00efs<\/a>: adapt\u00e9 pour le battage du ma\u00efs, du soja, du bl\u00e9, du sorgho, du millet, et d'autres cultures.<\/li>    <li><a href=\"https:\/\/corn-machine.com\/fr\/product\/decortiqueuse-de-mais-automatique\/\">Machine \u00e0 \u00e9caler le ma\u00efs<\/a>: \u226599,5% de taux de battage et \u22642,0% de taux de perte avec \u22641,5% de taux de cassure.<\/li> <\/ul>","protected":false},"excerpt":{"rendered":"<p>This corn thresher has a processing capacity of 3-4 tons per hour and offers a variety of power options. Its compact size, light weight, and ease of transport, installation, and bulk sales make it a highly sought-after product in the agricultural machinery market.<\/p>","protected":false},"author":1,"featured_media":1509,"parent":0,"template":"","tags":[31],"product-type":[42],"class_list":["post-1505","product","type-product","status-publish","has-post-thumbnail","hentry","tag-corn","product-type-maize-sheller-machine"],"_links":{"self":[{"href":"https:\/\/corn-machine.com\/fr\/wp-json\/wp\/v2\/product\/1505","targetHints":{"allow":["GET"]}}],"collection":[{"href":"https:\/\/corn-machine.com\/fr\/wp-json\/wp\/v2\/product"}],"about":[{"href":"https:\/\/corn-machine.com\/fr\/wp-json\/wp\/v2\/types\/product"}],"author":[{"embeddable":true,"href":"https:\/\/corn-machine.com\/fr\/wp-json\/wp\/v2\/users\/1"}],"wp:featuredmedia":[{"embeddable":true,"href":"https:\/\/corn-machine.com\/fr\/wp-json\/wp\/v2\/media\/1509"}],"wp:attachment":[{"href":"https:\/\/corn-machine.com\/fr\/wp-json\/wp\/v2\/media?parent=1505"}],"wp:term":[{"taxonomy":"post_tag","embeddable":true,"href":"https:\/\/corn-machine.com\/fr\/wp-json\/wp\/v2\/tags?post=1505"},{"taxonomy":"product-type","embeddable":true,"href":"https:\/\/corn-machine.com\/fr\/wp-json\/wp\/v2\/product-type?post=1505"}],"curies":[{"name":"wp","href":"https:\/\/api.w.org\/{rel}","templated":true}]}}