{"id":1602,"date":"2026-02-26T14:28:54","date_gmt":"2026-02-26T06:28:54","guid":{"rendered":"https:\/\/corn-machine.com\/?post_type=product&#038;p=1602"},"modified":"2026-03-03T11:30:32","modified_gmt":"2026-03-03T03:30:32","slug":"5tym-850-maize-shelling-machine","status":"publish","type":"product","link":"https:\/\/corn-machine.com\/fr\/product\/5tym-850-maize-shelling-machine\/","title":{"rendered":"Machine de d\u00e9corticage de ma\u00efs 5TYM-850"},"content":{"rendered":"<p class=\"translation-block\">La machine \u00e0 \u00e9caler le ma\u00efs 5TYM-850  est un \u00e9quipement sp\u00e9cialis\u00e9 pour le d\u00e9corticage du ma\u00efs. Avec ses grands pneus de d\u00e9placement, son ch\u00e2ssis renforc\u00e9 et son syst\u00e8me de nettoyage par grand ventilateur, elle est id\u00e9ale pour les op\u00e9rations sur le terrain et les d\u00e9placements fr\u00e9quents.<\/p>    <p>Sa taille compacte et sa haute efficacit\u00e9 de production de 4-6 t\/h, avec un taux de d\u00e9corticage de 99 %, en font un choix privil\u00e9gi\u00e9 pour les fournisseurs locaux et les projets d'appel d'offres internationaux, ce qui a d\u00e9j\u00e0 aid\u00e9 des pays comme l'\u00c9thiopie et la Gambie \u00e0 r\u00e9aliser des projets de d\u00e9veloppement agricole.<\/p>    <figure class=\"wp-block-gallery has-nested-images columns-default is-cropped wp-block-gallery-2 is-layout-flex wp-block-gallery-is-layout-flex\"> <figure class=\"wp-block-image size-large\"><img loading=\"lazy\" decoding=\"async\" width=\"720\" height=\"540\" data-id=\"1608\" src=\"https:\/\/corn-machine.com\/wp-content\/uploads\/2026\/02\/Ethiopian-corn-thresher-trial-operation.webp\" alt=\"Essai de d\u00e9corticage du ma\u00efs en \u00c9thiopie\" class=\"wp-image-1608\" title=\"\" srcset=\"https:\/\/corn-machine.com\/wp-content\/uploads\/2026\/02\/Ethiopian-corn-thresher-trial-operation.webp 720w, https:\/\/corn-machine.com\/wp-content\/uploads\/2026\/02\/Ethiopian-corn-thresher-trial-operation-300x225.webp 300w, https:\/\/corn-machine.com\/wp-content\/uploads\/2026\/02\/Ethiopian-corn-thresher-trial-operation-16x12.webp 16w\" sizes=\"auto, (max-width: 720px) 100vw, 720px\" \/><figcaption class=\"wp-element-caption\">Essai de d\u00e9corticage du ma\u00efs en \u00c9thiopie<\/figcaption><\/figure>    <figure class=\"wp-block-image size-large\"><img loading=\"lazy\" decoding=\"async\" width=\"720\" height=\"540\" data-id=\"1609\" src=\"https:\/\/corn-machine.com\/wp-content\/uploads\/2026\/02\/Gambia-tenders-for-65-corn-threshers.webp\" alt=\"Appels d&#039;offres pour 65 d\u00e9cortiqueuses de ma\u00efs en Gambie.\" class=\"wp-image-1609\" title=\"\" srcset=\"https:\/\/corn-machine.com\/wp-content\/uploads\/2026\/02\/Gambia-tenders-for-65-corn-threshers.webp 720w, https:\/\/corn-machine.com\/wp-content\/uploads\/2026\/02\/Gambia-tenders-for-65-corn-threshers-300x225.webp 300w, https:\/\/corn-machine.com\/wp-content\/uploads\/2026\/02\/Gambia-tenders-for-65-corn-threshers-16x12.webp 16w\" sizes=\"auto, (max-width: 720px) 100vw, 720px\" \/><figcaption class=\"wp-element-caption\">Appels d'offres pour 65 d\u00e9cortiqueuses de ma\u00efs en Gambie.<\/figcaption><\/figure> <\/figure>    <h2 class=\"wp-block-heading\"><strong>Avantages de cette d\u00e9cortiqueuse de ma\u00efs par rapport \u00e0 d'autres types<\/strong><\/h2>    <ol class=\"wp-block-list\"> <li>Mobilit\u00e9 facile : \u00e9quip\u00e9e de pneus larges et d'un ch\u00e2ssis robuste, la machine \u00e0 \u00e9caler le ma\u00efs peut \u00eatre facilement d\u00e9plac\u00e9e le long des routes rurales et dans les terres agricoles.<\/li>    <li>Superior cleaning system: The corn sheller machine&#8217;s large fan efficiently removes minor impurities, resulting in clean kernels and reducing the need for secondary cleaning.<\/li>    <li>S\u00e9paration enti\u00e8rement automatique : \u00e9quip\u00e9e d'un syst\u00e8me de s\u00e9paration par vent, elle s\u00e9pare automatiquement les grains, les \u00e9pis, les husks et la son.<\/li>    <li>Faible dommage aux grains : le taux de bris de grains de cette d\u00e9cortiqueuse de ma\u00efs est \u22643 %, garantissant une valeur marchande plus \u00e9lev\u00e9e lors de la vente.<\/li>    <li>Plusieurs options d'alimentation : un moteur \u00e9lectrique triphas\u00e9 ou un moteur diesel peuvent \u00eatre s\u00e9lectionn\u00e9s comme source d'\u00e9nergie selon les besoins.<\/li> <\/ol>    <figure class=\"wp-block-gallery has-nested-images columns-default is-cropped wp-block-gallery-3 is-layout-flex wp-block-gallery-is-layout-flex\"> <figure class=\"wp-block-image size-large\"><img loading=\"lazy\" decoding=\"async\" width=\"720\" height=\"540\" data-id=\"1611\" src=\"https:\/\/corn-machine.com\/wp-content\/uploads\/2026\/02\/portable-maize-threshing-machine.webp\" alt=\"Machine \u00e0 d\u00e9cortiquer le ma\u00efs portable\" class=\"wp-image-1611\" title=\"\" srcset=\"https:\/\/corn-machine.com\/wp-content\/uploads\/2026\/02\/portable-maize-threshing-machine.webp 720w, https:\/\/corn-machine.com\/wp-content\/uploads\/2026\/02\/portable-maize-threshing-machine-300x225.webp 300w, https:\/\/corn-machine.com\/wp-content\/uploads\/2026\/02\/portable-maize-threshing-machine-16x12.webp 16w\" sizes=\"auto, (max-width: 720px) 100vw, 720px\" \/><figcaption class=\"wp-element-caption\">Machine \u00e0 d\u00e9cortiquer le ma\u00efs portable<\/figcaption><\/figure>    <figure class=\"wp-block-image size-large\"><img loading=\"lazy\" decoding=\"async\" width=\"720\" height=\"540\" data-id=\"1610\" src=\"https:\/\/corn-machine.com\/wp-content\/uploads\/2026\/02\/small-corn-sheller-machine.webp\" alt=\"Petite machine \u00e0 d\u00e9cortiquer le ma\u00efs\" class=\"wp-image-1610\" title=\"\" srcset=\"https:\/\/corn-machine.com\/wp-content\/uploads\/2026\/02\/small-corn-sheller-machine.webp 720w, https:\/\/corn-machine.com\/wp-content\/uploads\/2026\/02\/small-corn-sheller-machine-300x225.webp 300w, https:\/\/corn-machine.com\/wp-content\/uploads\/2026\/02\/small-corn-sheller-machine-16x12.webp 16w\" sizes=\"auto, (max-width: 720px) 100vw, 720px\" \/><figcaption class=\"wp-element-caption\">Petite machine \u00e0 d\u00e9cortiquer le ma\u00efs<\/figcaption><\/figure> <\/figure>    <h2 class=\"wp-block-heading\"><strong>Comment fonctionne cette d\u00e9cortiqueuse de ma\u00efs ?<\/strong><\/h2>    <p>Son flux de travail comprend principalement cinq \u00e9tapes : \u00e9tape d'alimentation \u2192 processus de d\u00e9corticage \u2192 processus de tamisage \u2192 \u00e9limination des impuret\u00e9s \u2192 d\u00e9charge de l'\u00e9pi de ma\u00efs.<\/p>    <p>La m\u00e9thode principale de d\u00e9corticage consiste \u00e0 utiliser un tambour rotatif \u00e0 grande vitesse et des dents spiral\u00e9es pour s\u00e9parer les grains de ma\u00efs de l'\u00e9pi par mart\u00e8lement et friction.<\/p>    <p>Les grains de ma\u00efs d\u00e9cortiqu\u00e9s glissent sur un \u00e9cran vibrant via une plaque coulissante et tombent en dessous, tandis que les \u00e9pis cass\u00e9s sont \u00e9vacu\u00e9s par l'\u00e9cran vibrant. Les husks et impuret\u00e9s l\u00e9g\u00e8res sont souffl\u00e9s dans l'entr\u00e9e du souffleur et \u00e9vacu\u00e9s par un ventilateur puissant.<\/p>    <figure class=\"wp-block-embed aligncenter is-type-video is-provider-youtube wp-block-embed-youtube wp-embed-aspect-16-9 wp-has-aspect-ratio\"><div class=\"wp-block-embed__wrapper\"> <iframe loading=\"lazy\" title=\"Vid\u00e9o de fonctionnement de la machine \u00e0 \u00e9caler le ma\u00efs 5TYM-850 | Test de d\u00e9corticage de ma\u00efs 4-6T\/H Contact :  8617703863868\" width=\"500\" height=\"281\" src=\"https:\/\/www.youtube.com\/embed\/npfx45Ch6q0?feature=oembed\" frameborder=\"0\" allow=\"accelerometer; autoplay; clipboard-write; encrypted-media; gyroscope; picture-in-picture; web-share\" referrerpolicy=\"strict-origin-when-cross-origin\" allowfullscreen><\/iframe> <\/div><figcaption class=\"wp-element-caption\">Test de fonctionnement de cette machine \u00e0 \u00e9caler le ma\u00efs<\/figcaption><\/figure>    <h2 class=\"wp-block-heading\"><strong>Structure de la machine \u00e0 \u00e9caler le ma\u00efs<\/strong><\/h2>    <p>La d\u00e9cortiqueuse de ma\u00efs 5TYM-850 se compose des pi\u00e8ces suivantes : cadre de remorquage, jambes de support, ch\u00e2ssis, roues, couvercle de protection (y compris la courroie en V), entr\u00e9e d'alimentation, sortie du ventilateur et moteur diesel.<\/p>    <p>Son ch\u00e2ssis inf\u00e9rieur renforc\u00e9 et son design unique de grands pneus assurent un fonctionnement fluide sur les routes rurales et en environnement de champ. Ci-dessous, les sp\u00e9cifications structurales d\u00e9taill\u00e9es.<\/p>   <div class=\"wp-block-image\"> <figure class=\"aligncenter size-full\"><img loading=\"lazy\" decoding=\"async\" width=\"720\" height=\"540\" src=\"https:\/\/corn-machine.com\/wp-content\/uploads\/2026\/02\/structure-of-shelling-corn-machine.webp\" alt=\"structure de la machine \u00e0 d\u00e9cortiquer le ma\u00efs\" class=\"wp-image-1615\" title=\"\" srcset=\"https:\/\/corn-machine.com\/wp-content\/uploads\/2026\/02\/structure-of-shelling-corn-machine.webp 720w, https:\/\/corn-machine.com\/wp-content\/uploads\/2026\/02\/structure-of-shelling-corn-machine-300x225.webp 300w, https:\/\/corn-machine.com\/wp-content\/uploads\/2026\/02\/structure-of-shelling-corn-machine-16x12.webp 16w\" sizes=\"auto, (max-width: 720px) 100vw, 720px\" \/><figcaption class=\"wp-element-caption\">structure de la machine \u00e0 d\u00e9cortiquer le ma\u00efs<\/figcaption><\/figure> <\/div>   <h2 class=\"wp-block-heading\"><strong>Param\u00e8tres techniques de la machine \u00e0 \u00e9caler le ma\u00efs<\/strong><\/h2>    <figure class=\"wp-block-table aligncenter\"><table class=\"has-fixed-layout\"><tbody><tr><td>Mod\u00e8le<\/td><td>5TYM-850<\/td><\/tr><tr><td>Pouvoir<\/td><td>Moteur diesel refroidi \u00e0 l'eau de 12hp, d\u00e9marrage par recul.<br>(Le moteur \u00e9lectrique peut \u00e9galement \u00eatre ajout\u00e9.)<\/td><\/tr><tr><td>Capacit\u00e9<\/td><td>4-6t\/h<\/td><\/tr><tr><td>Taille<\/td><td>2300*1100*1300mm<\/td><\/tr><tr><td>Poids<\/td><td>326kg<\/td><\/tr><tr><td>Efficacit\u00e9 de nettoyage<\/td><td>&gt;=98%<\/td><\/tr><tr><td>Efficacit\u00e9 de d\u00e9corticage<\/td><td>&gt;=98%<\/td><\/tr><tr><td>Bris de grains<\/td><td>\u22643%<\/td><\/tr><tr><td>Perte de grains<\/td><td>\u22642%<\/td><\/tr><\/tbody><\/table><figcaption class=\"wp-element-caption\">sp\u00e9cification de la machine \u00e0 \u00e9caler le ma\u00efs<\/figcaption><\/figure>    <p>La couleur, la taille des pneus et la tension de notre machine \u00e0 \u00e9caler le ma\u00efs peuvent \u00eatre personnalis\u00e9es selon les exigences sp\u00e9cifiques. Pour plus d'informations sur la personnalisation, veuillez nous contacter.<\/p>   <div class=\"wp-block-image\"> <figure class=\"aligncenter size-full\"><img loading=\"lazy\" decoding=\"async\" width=\"720\" height=\"540\" src=\"https:\/\/corn-machine.com\/wp-content\/uploads\/2026\/02\/automatic-corn-thresher.webp\" alt=\"batteuse de ma\u00efs automatique\" class=\"wp-image-1612\" title=\"\" srcset=\"https:\/\/corn-machine.com\/wp-content\/uploads\/2026\/02\/automatic-corn-thresher.webp 720w, https:\/\/corn-machine.com\/wp-content\/uploads\/2026\/02\/automatic-corn-thresher-300x225.webp 300w, https:\/\/corn-machine.com\/wp-content\/uploads\/2026\/02\/automatic-corn-thresher-16x12.webp 16w\" sizes=\"auto, (max-width: 720px) 100vw, 720px\" \/><figcaption class=\"wp-element-caption\">batteuse de ma\u00efs automatique<\/figcaption><\/figure> <\/div>   <h2 class=\"wp-block-heading\"><strong>R\u00e8gles d'installation, d'utilisation et de s\u00e9curit\u00e9 pour l'\u00e9plucheuse de ma\u00efs<\/strong><\/h2>    <p>Pour faciliter le transport, certaines pi\u00e8ces de cette machine \u00e0 \u00e9caler le ma\u00efs ont \u00e9t\u00e9 d\u00e9mont\u00e9es. R\u00e9assembler selon le diagramme structural fourni avant utilisation.<\/p>    <p class=\"translation-block\"><strong>Avant l'op\u00e9ration<\/strong>, effectuer ce qui suit :<\/p>    <ol class=\"wp-block-list\"> <li>V\u00e9rifier tous les fixations pour d\u00e9tecter tout desserrage.<\/li>    <li>Assurer le bon fonctionnement des pi\u00e8ces rotatives.<\/li>    <li>Confirmer qu'il n'y a pas d'objets \u00e9trangers \u00e0 l'int\u00e9rieur du tambour du ventilateur.<\/li>    <li>Faire tourner manuellement la courroie pour v\u00e9rifier tout frottement ou bruit anormal.<\/li>    <li>Faire fonctionner la machine sans charge d'abord.<\/li> <\/ol>    <p class=\"translation-block\"><strong>Avant chaque op\u00e9ration<\/strong>, notez ce qui suit :<\/p>    <ol class=\"wp-block-list\"> <li>Ajouter de la graisse aux roulements.<\/li>    <li>Ajouter suffisamment d'huile moteur au moteur diesel.<\/li>    <li>Faire fonctionner la machine au ralenti pendant quelques minutes avant d'alimenter le ma\u00efs.<\/li>    <li>Ne pas d\u00e9passer la vitesse maximale de la machine.<\/li>    <li>Le ma\u00efs utilis\u00e9 comme mati\u00e8re premi\u00e8re ne doit pas \u00eatre trop humide.<\/li> <\/ol>    <p class=\"translation-block\"><strong>Apr\u00e8s l'op\u00e9ration<\/strong>, effectuer une maintenance simple sur la machine \u00e0 d\u00e9cortiquer le ma\u00efs :<\/p>    <ol class=\"wp-block-list\"> <li>Retirer les r\u00e9sidus internes.<\/li>    <li>Lubrifier tous les points de lubrification.<\/li>    <li>Si vous ne l'utilisez pas pendant une p\u00e9riode prolong\u00e9e, rangez-la dans un endroit sec et bien ventil\u00e9.<\/li> <\/ol>    <h2 class=\"wp-block-heading\"><strong>Quand devriez-vous choisir ce type de d\u00e9cortiqueuse de ma\u00efs ?<\/strong><\/h2>    <p>Ce type de machine \u00e0 \u00e9caler le ma\u00efs est id\u00e9al pour :<\/p>    <ol class=\"wp-block-list\"> <li>Lorsque vous avez besoin d'une capacit\u00e9 de traitement de 4-6 tonnes par heure.<\/li>    <li>Si vous avez besoin d'une machine mobile facile \u00e0 utiliser sur le terrain.<\/li>    <li>Lorsque vous avez besoin d'une haute efficacit\u00e9 de d\u00e9corticage et d'un faible dommage aux grains.<\/li> <\/ol>    <p>Si vous recherchez une solution de d\u00e9corticage de ma\u00efs petite, durable, efficace, facile \u00e0 d\u00e9placer et \u00e0 nettoyer, la d\u00e9cortiqueuse \u00e0 ma\u00efs 5TYM-850 est le choix parfait.<\/p>    <figure class=\"wp-block-gallery has-nested-images columns-default is-cropped wp-block-gallery-4 is-layout-flex wp-block-gallery-is-layout-flex\"> <figure class=\"wp-block-image size-large\"><img loading=\"lazy\" decoding=\"async\" width=\"720\" height=\"540\" data-id=\"1614\" src=\"https:\/\/corn-machine.com\/wp-content\/uploads\/2026\/02\/corn-threshing-machine-testing.webp\" alt=\"Test de la machine \u00e0 d\u00e9cortiquer le ma\u00efs\" class=\"wp-image-1614\" title=\"\" srcset=\"https:\/\/corn-machine.com\/wp-content\/uploads\/2026\/02\/corn-threshing-machine-testing.webp 720w, https:\/\/corn-machine.com\/wp-content\/uploads\/2026\/02\/corn-threshing-machine-testing-300x225.webp 300w, https:\/\/corn-machine.com\/wp-content\/uploads\/2026\/02\/corn-threshing-machine-testing-16x12.webp 16w\" sizes=\"auto, (max-width: 720px) 100vw, 720px\" \/><figcaption class=\"wp-element-caption\">Test de la machine \u00e0 d\u00e9cortiquer le ma\u00efs<\/figcaption><\/figure>    <figure class=\"wp-block-image size-large\"><img loading=\"lazy\" decoding=\"async\" width=\"720\" height=\"540\" data-id=\"1613\" src=\"https:\/\/corn-machine.com\/wp-content\/uploads\/2026\/02\/corn-thresher-sheller-machine.webp\" alt=\"machine \u00e0 d\u00e9cortiquer le ma\u00efs\" class=\"wp-image-1613\" title=\"\" srcset=\"https:\/\/corn-machine.com\/wp-content\/uploads\/2026\/02\/corn-thresher-sheller-machine.webp 720w, https:\/\/corn-machine.com\/wp-content\/uploads\/2026\/02\/corn-thresher-sheller-machine-300x225.webp 300w, https:\/\/corn-machine.com\/wp-content\/uploads\/2026\/02\/corn-thresher-sheller-machine-16x12.webp 16w\" sizes=\"auto, (max-width: 720px) 100vw, 720px\" \/><figcaption class=\"wp-element-caption\">machine \u00e0 d\u00e9cortiquer le ma\u00efs<\/figcaption><\/figure> <\/figure>    <p>Les clients achetant plusieurs unit\u00e9s de la machine \u00e0 d\u00e9cortiquer le ma\u00efs en une seule fois peuvent b\u00e9n\u00e9ficier de notre remise de prix de gros d'usine. Contactez-nous pour la derni\u00e8re liste de prix !<\/p>    <p>En plus de cette machine, nous avons \u00e9galement d'autres d\u00e9cortiqueuses de ma\u00efs les plus vendues. Cliquez sur le lien ci-dessous pour obtenir des informations d\u00e9taill\u00e9es sur les param\u00e8tres !<\/p>    <div class=\"wp-block-columns is-layout-flex wp-container-core-columns-is-layout-9d6595d7 wp-block-columns-is-layout-flex\"> <div class=\"wp-block-column is-vertically-aligned-center is-layout-flow wp-block-column-is-layout-flow\"> <div class=\"wp-block-buttons is-content-justification-center is-layout-flex wp-container-core-buttons-is-layout-16018d1d wp-block-buttons-is-layout-flex\"> <div class=\"wp-block-button\"><a class=\"wp-block-button__link wp-element-button\" href=\"https:\/\/corn-machine.com\/fr\/product\/multi-function-corn-thresher\/\">Batteuse de ma\u00efs multifonction<\/a><\/div> <\/div> <\/div>    <div class=\"wp-block-column is-layout-flow wp-block-column-is-layout-flow\"> <div class=\"wp-block-buttons is-content-justification-center is-layout-flex wp-container-core-buttons-is-layout-16018d1d wp-block-buttons-is-layout-flex\"> <div class=\"wp-block-button\"><a class=\"wp-block-button__link wp-element-button\" href=\"https:\/\/corn-machine.com\/fr\/product\/small-type-corn-seed-remover-machine\/\">D\u00e9tarreur de graines de ma\u00efs de petite taille <\/a><\/div> <\/div> <\/div> <\/div>","protected":false},"excerpt":{"rendered":"<p>The 5TYM-850 corn thresher has a processing capacity of 4-6 tons per hour, a threshing efficiency of \u226598%, and a low grain breakage rate. Equipped with a spiral needle roller, a large-capacity air cleaning system, and a robust mobile chassis, this machine is an ideal choice for suppliers and agricultural projects.<\/p>","protected":false},"author":1,"featured_media":1616,"parent":0,"template":"","tags":[31],"product-type":[42],"class_list":["post-1602","product","type-product","status-publish","has-post-thumbnail","hentry","tag-corn","product-type-maize-sheller-machine"],"_links":{"self":[{"href":"https:\/\/corn-machine.com\/fr\/wp-json\/wp\/v2\/product\/1602","targetHints":{"allow":["GET"]}}],"collection":[{"href":"https:\/\/corn-machine.com\/fr\/wp-json\/wp\/v2\/product"}],"about":[{"href":"https:\/\/corn-machine.com\/fr\/wp-json\/wp\/v2\/types\/product"}],"author":[{"embeddable":true,"href":"https:\/\/corn-machine.com\/fr\/wp-json\/wp\/v2\/users\/1"}],"wp:featuredmedia":[{"embeddable":true,"href":"https:\/\/corn-machine.com\/fr\/wp-json\/wp\/v2\/media\/1616"}],"wp:attachment":[{"href":"https:\/\/corn-machine.com\/fr\/wp-json\/wp\/v2\/media?parent=1602"}],"wp:term":[{"taxonomy":"post_tag","embeddable":true,"href":"https:\/\/corn-machine.com\/fr\/wp-json\/wp\/v2\/tags?post=1602"},{"taxonomy":"product-type","embeddable":true,"href":"https:\/\/corn-machine.com\/fr\/wp-json\/wp\/v2\/product-type?post=1602"}],"curies":[{"name":"wp","href":"https:\/\/api.w.org\/{rel}","templated":true}]}}