{"id":1666,"date":"2026-03-17T15:59:37","date_gmt":"2026-03-17T07:59:37","guid":{"rendered":"https:\/\/corn-machine.com\/?post_type=product&#038;p=1666"},"modified":"2026-03-17T15:59:38","modified_gmt":"2026-03-17T07:59:38","slug":"tmr-feed-mixer-for-dairy-livestock-farms","status":"publish","type":"product","link":"https:\/\/corn-machine.com\/fr\/product\/tmr-feed-mixer-for-dairy-livestock-farms\/","title":{"rendered":"M\u00e9langeur d'aliments TMR"},"content":{"rendered":"<p class=\"translation-block\">Le <strong>m\u00e9langeur d'aliments TMR<\/strong> est un \u00e9quipement de traitement de l'alimentation qui int\u00e8gre les fonctions de coupe, d'\u00e9crasement et de m\u00e9lange en une seule unit\u00e9, aidant les agriculteurs \u00e0 pr\u00e9parer une ration totale \u00e9quilibr\u00e9e (TMR) en m\u00e9langeant soigneusement le fourrage, l'aliment concentr\u00e9, les min\u00e9raux et les vitamines.<\/p>    <p>En emp\u00eachant les animaux de trier l'alimentation, les syst\u00e8mes TMR garantissent que chaque bouch\u00e9e contient la m\u00eame composition nutritionnelle, ce qui est crucial pour les op\u00e9rations laiti\u00e8res et bovines. Cet article fournit un aper\u00e7u complet de la s\u00e9rie TMR 9JGL, y compris sa structure, son principe de fonctionnement et ses sp\u00e9cifications.<\/p>    <h2 class=\"wp-block-heading\"><strong>Principales caract\u00e9ristiques du m\u00e9langeur TMR Taizy<\/strong><\/h2>    <ol class=\"wp-block-list\"> <li>Ce m\u00e9langeur d'ensilage m\u00e9lange rapidement et hache divers ingr\u00e9dients fibreux, tels que le foin, la paille et l'ensilage, assurant un m\u00e9lange uniforme et coh\u00e9rent.<\/li>    <li>Le fond du r\u00e9servoir de m\u00e9lange est fabriqu\u00e9 en acier alli\u00e9 de haute qualit\u00e9, capable de r\u00e9sister aux exigences des op\u00e9rations agricoles intensives.<\/li>    <li>Our animal feed mixer&#8217;s cutting blades are precision-crafted from highly wear-resistant materials, thereby effectively extending the overall service life of the unit.<\/li>    <li>Un seul m\u00e9langeur d'aliments TMR peut fournir des rations quotidiennes pour 200 \u00e0 2000 bovins ; son efficacit\u00e9 op\u00e9rationnelle \u00e9quivaut au travail de plus de 20 ouvriers.<\/li> <\/ol>   <div class=\"wp-block-image\"> <figure class=\"aligncenter size-full\"><img loading=\"lazy\" decoding=\"async\" width=\"720\" height=\"540\" src=\"https:\/\/corn-machine.com\/wp-content\/uploads\/2026\/03\/electric-TMR-mixer.webp\" alt=\"M\u00e9langeur TMR \u00e9lectrique\" class=\"wp-image-1678\" title=\"\" srcset=\"https:\/\/corn-machine.com\/wp-content\/uploads\/2026\/03\/electric-TMR-mixer.webp 720w, https:\/\/corn-machine.com\/wp-content\/uploads\/2026\/03\/electric-TMR-mixer-300x225.webp 300w, https:\/\/corn-machine.com\/wp-content\/uploads\/2026\/03\/electric-TMR-mixer-16x12.webp 16w\" sizes=\"auto, (max-width: 720px) 100vw, 720px\" \/><figcaption class=\"wp-element-caption\">M\u00e9langeur TMR \u00e9lectrique<\/figcaption><\/figure> <\/div>   <p>La majorit\u00e9 des fermes modernes optent pour des m\u00e9langeurs d'aliments pour b\u00e9tail en raison des avantages significatifs qu'ils offrent :<\/p>    <ul class=\"wp-block-list\"> <li>Les syst\u00e8mes TMR r\u00e9duisent de nombreux temps de m\u00e9lange et optimisent la consommation d'\u00e9nergie.<\/li>    <li>Il peut remplacer de nombreuses t\u00e2ches manuelles, r\u00e9duisant consid\u00e9rablement la main-d'\u0153uvre.<\/li>    <li>Apr\u00e8s m\u00e9lange par la machine, l'alimentation assure un r\u00e9gime \u00e9quilibr\u00e9 pour les animaux, favorisant directement l'am\u00e9lioration de la production de lait et des performances de croissance.<\/li> <\/ul>   <div class=\"wp-block-image\"> <figure class=\"aligncenter size-full\"><img loading=\"lazy\" decoding=\"async\" width=\"720\" height=\"540\" src=\"https:\/\/corn-machine.com\/wp-content\/uploads\/2026\/03\/total-mixed-ration-for-cow.webp\" alt=\"Ration totale m\u00e9lang\u00e9e pour vache\" class=\"wp-image-1682\" title=\"\" srcset=\"https:\/\/corn-machine.com\/wp-content\/uploads\/2026\/03\/total-mixed-ration-for-cow.webp 720w, https:\/\/corn-machine.com\/wp-content\/uploads\/2026\/03\/total-mixed-ration-for-cow-300x225.webp 300w, https:\/\/corn-machine.com\/wp-content\/uploads\/2026\/03\/total-mixed-ration-for-cow-16x12.webp 16w\" sizes=\"auto, (max-width: 720px) 100vw, 720px\" \/><figcaption class=\"wp-element-caption\">Ration totale m\u00e9lang\u00e9e pour vache<\/figcaption><\/figure> <\/div>   <h2 class=\"wp-block-heading\"><strong>Structure du m\u00e9langeur d'aliments TMR<\/strong><\/h2>    <p>La structure principale du m\u00e9langeur pour b\u00e9tail s\u00e9rie 9JGL de Taizy comprend les syst\u00e8mes suivants :<\/p>    <ol class=\"wp-block-list\"> <li><strong>Syst\u00e8me de m\u00e9lange :<\/strong> Il se compose d'une ou deux spirales d'augure, avec des lames en spirale disponibles en configuration gauche ou droite. (Les lames de l'augure sont fabriqu\u00e9es en acier au mangan\u00e8se de haute r\u00e9sistance, offrant une r\u00e9sistance exceptionnelle \u00e0 l'usure.)<\/li>    <li><strong>Syst\u00e8me de d\u00e9charge :<\/strong> La porte de d\u00e9charge est contr\u00f4l\u00e9e par un cylindre hydraulique ; ses composants principaux comprennent une base de support fixe, une plaque de d\u00e9charge coulissante et un support de bras de liaison. Une plaque magn\u00e9tique est install\u00e9e \u00e0 la sortie de d\u00e9charge pour attirer et \u00e9liminer les impuret\u00e9s m\u00e9talliques de l'alimentation.<\/li>    <li><strong>Syst\u00e8me d'alimentation :<\/strong> Les utilisateurs peuvent choisir d'installer un convoyeur \u00e0 aliments (optionnel) pour permettre le chargement automatique des mat\u00e9riaux dans la chambre de m\u00e9lange.<\/li>    <li><strong>Syst\u00e8me de pes\u00e9e :<\/strong> Se compose principalement de quatre cellules de charge en pont et d'un contr\u00f4leur de pes\u00e9e num\u00e9rique. Ce syst\u00e8me affiche en temps r\u00e9el le poids total, le poids net et les ratios d'alimentation, garantissant la pr\u00e9cision de la formulation de l'alimentation.<\/li> <\/ol>   <div class=\"wp-block-image\"> <figure class=\"aligncenter size-full\"><img loading=\"lazy\" decoding=\"async\" width=\"720\" height=\"540\" src=\"https:\/\/corn-machine.com\/wp-content\/uploads\/2026\/03\/structure-of-silage-mixer.webp\" alt=\"Structure de l&#039;ensileuse\" class=\"wp-image-1684\" title=\"\" srcset=\"https:\/\/corn-machine.com\/wp-content\/uploads\/2026\/03\/structure-of-silage-mixer.webp 720w, https:\/\/corn-machine.com\/wp-content\/uploads\/2026\/03\/structure-of-silage-mixer-300x225.webp 300w, https:\/\/corn-machine.com\/wp-content\/uploads\/2026\/03\/structure-of-silage-mixer-16x12.webp 16w\" sizes=\"auto, (max-width: 720px) 100vw, 720px\" \/><figcaption class=\"wp-element-caption\">Structure de l'ensileuse<\/figcaption><\/figure> <\/div>   <h2 class=\"wp-block-heading\"><strong>Principe de fonctionnement du m\u00e9langeur d'ensilage TMR<\/strong><\/h2>    <p>Le m\u00e9langeur \u00e0 ensilage de la s\u00e9rie 9JGL fonctionne en utilisant un auger rotatif \u00e9quip\u00e9 de lames de coupe.<\/p>    <p>Une fois que les mati\u00e8res premi\u00e8res \u2014 telles que l'ensilage, le foin, la paille et les concentr\u00e9s \u2014 sont charg\u00e9es dans le r\u00e9servoir de m\u00e9lange, l'augure commence \u00e0 tourner, attirant les mat\u00e9riaux des deux extr\u00e9mit\u00e9s du r\u00e9servoir vers le centre.<\/p>    <p>Gr\u00e2ce \u00e0 l'action synergique des lames de coupe mont\u00e9es sur l'augure et des lames stationnaires situ\u00e9es \u00e0 l'int\u00e9rieur de la machine, les mat\u00e9riaux subissent une coupe, un d\u00e9chiquetage et un m\u00e9lange simultan\u00e9s durant ce processus. <\/p>    <p>Une fois que les mat\u00e9riaux sont bien m\u00e9lang\u00e9s, l'alimentation est d\u00e9charg\u00e9e par une sortie contr\u00f4l\u00e9e hydrauliquement.<\/p>    <h2 class=\"wp-block-heading\"><strong>Diff\u00e9rents types de m\u00e9langeurs d'aliments TMR<\/strong><\/h2>    <p>Les m\u00e9langeurs TMR fournis par Taizy se divisent principalement en deux types : vertical et horizontal.<\/p>    <h3 class=\"wp-block-heading\">Machine \u00e0 m\u00e9langeur d'animaux vertical<\/h3>    <h4 class=\"wp-block-heading\"><strong>Caract\u00e9ristiques du m\u00e9langeur vertical pour l'alimentation des vaches laiti\u00e8res :<\/strong><\/h4>    <ol class=\"wp-block-list\"> <li>Taux de d\u00e9faillance faible<\/li>    <li>Structure simple<\/li>    <li>Convient pour les mat\u00e9riaux \u00e0 fibres longues (foin, longues herbes fourrag\u00e8res, paille d'avoine, etc.)<\/li> <\/ol>    <h4 class=\"wp-block-heading\"><strong>Avantages des m\u00e9langeurs TMR verticaux:<\/strong><\/h4>    <ul class=\"wp-block-list\"> <li>Performance de m\u00e9lange sup\u00e9rieure pour les aliments fibreux<\/li>    <li>Dur\u00e9e de vie plus longue<\/li>    <li>Co\u00fbts de maintenance inf\u00e9rieurs<\/li> <\/ul>   <div class=\"wp-block-image\"> <figure class=\"aligncenter size-full\"><img loading=\"lazy\" decoding=\"async\" width=\"720\" height=\"540\" src=\"https:\/\/corn-machine.com\/wp-content\/uploads\/2026\/03\/vertical-TMR-feed-mixer.webp\" alt=\"M\u00e9langeur TMR vertical\" class=\"wp-image-1674\" title=\"\" srcset=\"https:\/\/corn-machine.com\/wp-content\/uploads\/2026\/03\/vertical-TMR-feed-mixer.webp 720w, https:\/\/corn-machine.com\/wp-content\/uploads\/2026\/03\/vertical-TMR-feed-mixer-300x225.webp 300w, https:\/\/corn-machine.com\/wp-content\/uploads\/2026\/03\/vertical-TMR-feed-mixer-16x12.webp 16w\" sizes=\"auto, (max-width: 720px) 100vw, 720px\" \/><figcaption class=\"wp-element-caption\">M\u00e9langeur TMR vertical<\/figcaption><\/figure> <\/div>   <h3 class=\"wp-block-heading\"><strong>M\u00e9langeur d'aliments pour bovins horizontal<\/strong><\/h3>    <h4 class=\"wp-block-heading\"><strong>Caract\u00e9ristiques des m\u00e9langeurs d'aliments pour animaux horizontaux :<\/strong><\/h4>    <ol class=\"wp-block-list\"> <li>Vitesse de m\u00e9lange plus rapide<\/li>    <li>\u00c9quip\u00e9 de plusieurs palettes ou augers<\/li>    <li>Convient pour traiter les fourrages mous, tels que l'ensilage<\/li> <\/ol>    <h4 class=\"wp-block-heading\"><strong>Avantages de <strong>horizontal <\/strong>m\u00e9langeur d'aliments pour b\u00e9tail :<\/strong><\/h4>    <ul class=\"wp-block-list\"> <li>M\u00e9lange rapide<\/li>    <li>Convient pour les mat\u00e9riaux d'alimentation \u00e0 teneur en humidit\u00e9 plus \u00e9lev\u00e9e<\/li> <\/ul>   <div class=\"wp-block-image\"> <figure class=\"aligncenter size-full\"><img loading=\"lazy\" decoding=\"async\" width=\"720\" height=\"540\" src=\"https:\/\/corn-machine.com\/wp-content\/uploads\/2026\/03\/horizontal-animal-food-feed-mixer.webp\" alt=\"M\u00e9langeur d&#039;aliments pour animaux horizontal\" class=\"wp-image-1675\" title=\"\" srcset=\"https:\/\/corn-machine.com\/wp-content\/uploads\/2026\/03\/horizontal-animal-food-feed-mixer.webp 720w, https:\/\/corn-machine.com\/wp-content\/uploads\/2026\/03\/horizontal-animal-food-feed-mixer-300x225.webp 300w, https:\/\/corn-machine.com\/wp-content\/uploads\/2026\/03\/horizontal-animal-food-feed-mixer-16x12.webp 16w\" sizes=\"auto, (max-width: 720px) 100vw, 720px\" \/><figcaption class=\"wp-element-caption\">M\u00e9langeur d'aliments pour animaux horizontal<\/figcaption><\/figure> <\/div>   <p>Voici le tableau comparatif des diff\u00e9rences entre m\u00e9langeurs d'aliments verticaux et horizontaux :<\/p>    <figure class=\"wp-block-table\"><table class=\"has-fixed-layout\"><thead><tr><th>Caract\u00e9ristique<\/th><th>M\u00e9langeur vertical<\/th><th>M\u00e9langeur horizontal<\/th><\/tr><\/thead><tbody><tr><td>M\u00e9thode de m\u00e9lange<\/td><td>Augure spiral\u00e9<\/td><td>Palette ou multi-augure<\/td><\/tr><tr><td>Meilleurs mat\u00e9riaux<\/td><td>Foin sec, paille, avoine<\/td><td>Ensilage et alimentation humide<\/td><\/tr><tr><td>Structure<\/td><td>Simple<\/td><td>Plus complexe<\/td><\/tr><tr><td>Taux de d\u00e9faillance<\/td><td>Inf\u00e9rieur<\/td><td>L\u00e9g\u00e8rement sup\u00e9rieur<\/td><\/tr><tr><td>Maintenance<\/td><td>Facile<\/td><td>Mod\u00e9r\u00e9<\/td><\/tr><\/tbody><\/table><figcaption class=\"wp-element-caption\">Comparaison entre m\u00e9langeur vertical et m\u00e9langeur horizontal<\/figcaption><\/figure>    <figure class=\"wp-block-gallery has-nested-images columns-default is-cropped wp-block-gallery-2 is-layout-flex wp-block-gallery-is-layout-flex\"> <figure class=\"wp-block-image size-large\"><img loading=\"lazy\" decoding=\"async\" width=\"720\" height=\"540\" data-id=\"1677\" src=\"https:\/\/corn-machine.com\/wp-content\/uploads\/2026\/03\/internal-structure-of-horizontal-feed-mixer.webp\" alt=\"structure interne du m\u00e9langeur horizontal\" class=\"wp-image-1677\" title=\"\" srcset=\"https:\/\/corn-machine.com\/wp-content\/uploads\/2026\/03\/internal-structure-of-horizontal-feed-mixer.webp 720w, https:\/\/corn-machine.com\/wp-content\/uploads\/2026\/03\/internal-structure-of-horizontal-feed-mixer-300x225.webp 300w, https:\/\/corn-machine.com\/wp-content\/uploads\/2026\/03\/internal-structure-of-horizontal-feed-mixer-16x12.webp 16w\" sizes=\"auto, (max-width: 720px) 100vw, 720px\" \/><figcaption class=\"wp-element-caption\">structure interne du m\u00e9langeur horizontal<\/figcaption><\/figure>    <figure class=\"wp-block-image size-large\"><img loading=\"lazy\" decoding=\"async\" width=\"720\" height=\"540\" data-id=\"1676\" src=\"https:\/\/corn-machine.com\/wp-content\/uploads\/2026\/03\/internal-structure-of-vertical-feed-mixer.webp\" alt=\"structure interne du m\u00e9langeur vertical\" class=\"wp-image-1676\" title=\"\" srcset=\"https:\/\/corn-machine.com\/wp-content\/uploads\/2026\/03\/internal-structure-of-vertical-feed-mixer.webp 720w, https:\/\/corn-machine.com\/wp-content\/uploads\/2026\/03\/internal-structure-of-vertical-feed-mixer-300x225.webp 300w, https:\/\/corn-machine.com\/wp-content\/uploads\/2026\/03\/internal-structure-of-vertical-feed-mixer-16x12.webp 16w\" sizes=\"auto, (max-width: 720px) 100vw, 720px\" \/><figcaption class=\"wp-element-caption\">structure interne du m\u00e9langeur vertical<\/figcaption><\/figure> <\/figure>    <p>De plus, le m\u00e9langeur TMR normal peut \u00e9galement \u00eatre class\u00e9 en fonction de sa mobilit\u00e9 :<\/p>    <ul class=\"wp-block-list\"> <li>Le m\u00e9langeur d'ensilage stationnaire : install\u00e9 \u00e0 un emplacement fixe, adapt\u00e9 aux syst\u00e8mes d'alimentation automatis\u00e9s.<\/li>    <li>Le m\u00e9langeur TMR remorqu\u00e9 : \u00e9quip\u00e9 de roues ou tract\u00e9 par un tracteur, permettant des op\u00e9rations int\u00e9gr\u00e9es de m\u00e9lange et d'alimentation.<\/li> <\/ul>    <h2 class=\"wp-block-heading\"><strong>Mod\u00e8les et sp\u00e9cifications du m\u00e9langeur d'ovins s\u00e9rie 9JGL<\/strong><\/h2>    <figure class=\"wp-block-table\"><table class=\"has-fixed-layout\"><thead><tr><th class=\"has-text-align-center\" data-align=\"center\">Mod\u00e8le<\/th><th class=\"has-text-align-center\" data-align=\"center\">Capacit\u00e9<\/th><th class=\"has-text-align-center\" data-align=\"center\">Pouvoir<\/th><th class=\"has-text-align-center\" data-align=\"center\">Vitesse de l'augure<\/th><th class=\"has-text-align-center\" data-align=\"center\">Poids <\/th><\/tr><\/thead><tbody><tr><td class=\"has-text-align-center\" data-align=\"center\">9JGL-4<\/td><td class=\"has-text-align-center\" data-align=\"center\">4m\u00b3<\/td><td class=\"has-text-align-center\" data-align=\"center\">15   1,5kW<\/td><td class=\"has-text-align-center\" data-align=\"center\">26r\/min<\/td><td class=\"has-text-align-center\" data-align=\"center\">1620kg<\/td><\/tr><tr><td class=\"has-text-align-center\" data-align=\"center\">9JGL-5<\/td><td class=\"has-text-align-center\" data-align=\"center\">5m\u00b3<\/td><td class=\"has-text-align-center\" data-align=\"center\">18,5   1,5kW<\/td><td class=\"has-text-align-center\" data-align=\"center\">26r\/min<\/td><td class=\"has-text-align-center\" data-align=\"center\">1820kg<\/td><\/tr><tr><td class=\"has-text-align-center\" data-align=\"center\">9JGL-7<\/td><td class=\"has-text-align-center\" data-align=\"center\">7m\u00b3<\/td><td class=\"has-text-align-center\" data-align=\"center\">22   1,5kW<\/td><td class=\"has-text-align-center\" data-align=\"center\">26r\/min<\/td><td class=\"has-text-align-center\" data-align=\"center\">2460kg<\/td><\/tr><tr><td class=\"has-text-align-center\" data-align=\"center\">9JGL-9<\/td><td class=\"has-text-align-center\" data-align=\"center\">9m\u00b3<\/td><td class=\"has-text-align-center\" data-align=\"center\">30   1,5kW<\/td><td class=\"has-text-align-center\" data-align=\"center\">26r\/min<\/td><td class=\"has-text-align-center\" data-align=\"center\">2900kg<\/td><\/tr><tr><td class=\"has-text-align-center\" data-align=\"center\">9JGL-12<\/td><td class=\"has-text-align-center\" data-align=\"center\">12m\u00b3<\/td><td class=\"has-text-align-center\" data-align=\"center\">37   1,5kW<\/td><td class=\"has-text-align-center\" data-align=\"center\">26r\/min<\/td><td class=\"has-text-align-center\" data-align=\"center\">3600kg<\/td><\/tr><\/tbody><\/table><figcaption class=\"wp-element-caption\">Mod\u00e8les et sp\u00e9cifications techniques du m\u00e9langeur d'aliments pour bovins<\/figcaption><\/figure>    <ul class=\"wp-block-list\"> <li>Alimentation \u00e9lectrique : 3 phases 380V, 50Hz<\/li>    <li>Mat\u00e9riau de l'augure : acier au mangan\u00e8se r\u00e9sistant \u00e0 l'usure<\/li>    <li>Capacit\u00e9 maximale de pes\u00e9e : 32 000 kg<\/li> <\/ul>    <p>De plus, nous proposons \u00e9galement d'autres mod\u00e8les, notamment 15 m\u00b3, 20 m\u00b3, et d'autres encore. Si vous avez des exigences sp\u00e9cifiques, n'h\u00e9sitez pas \u00e0 nous contacter pour obtenir les derni\u00e8res informations.<\/p>   <div class=\"wp-block-image\"> <figure class=\"aligncenter size-full\"><img loading=\"lazy\" decoding=\"async\" width=\"720\" height=\"540\" src=\"https:\/\/corn-machine.com\/wp-content\/uploads\/2026\/03\/livestock-feed-mixer.webp\" alt=\"m\u00e9langeur d&#039;aliments pour animaux\" class=\"wp-image-1679\" title=\"\" srcset=\"https:\/\/corn-machine.com\/wp-content\/uploads\/2026\/03\/livestock-feed-mixer.webp 720w, https:\/\/corn-machine.com\/wp-content\/uploads\/2026\/03\/livestock-feed-mixer-300x225.webp 300w, https:\/\/corn-machine.com\/wp-content\/uploads\/2026\/03\/livestock-feed-mixer-16x12.webp 16w\" sizes=\"auto, (max-width: 720px) 100vw, 720px\" \/><figcaption class=\"wp-element-caption\">m\u00e9langeur d'aliments pour animaux<\/figcaption><\/figure> <\/div>   <h2 class=\"wp-block-heading\"><strong>FAQ sur les m\u00e9langeurs d'aliments TMR<\/strong><\/h2>   <div id=\"rank-math-faq\" class=\"rank-math-block\"> <div class=\"rank-math-list\"> <div id=\"faq-question-1773728072323\" class=\"rank-math-list-item\"> <h3 class=\"rank-math-question\">Combien de b\u00e9tail un seul m\u00e9langeur peut-il alimenter ?<\/h3> <div class=\"rank-math-answer\">  <p>Selon le mod\u00e8le sp\u00e9cifique, une seule machine peut alimenter entre 200 et 2000 t\u00eates de b\u00e9tail par jour.<\/p>  <\/div> <\/div> <div id=\"faq-question-1773728082283\" class=\"rank-math-list-item\"> <h3 class=\"rank-math-question\">Quels types d'ingr\u00e9dients alimentaires peuvent \u00eatre m\u00e9lang\u00e9s ?<\/h3> <div class=\"rank-math-answer\">  <p>Les ingr\u00e9dients courants comprennent : ensilage, foin, paille, aliments c\u00e9r\u00e9aliers, etc.<\/p>  <\/div> <\/div> <div id=\"faq-question-1773728140107\" class=\"rank-math-list-item\"> <h3 class=\"rank-math-question\">Lequel est meilleur : m\u00e9langeur vertical ou m\u00e9langeur horizontal ?<\/h3> <div class=\"rank-math-answer\">  <p>Le choix d\u00e9pend de vos besoins sp\u00e9cifiques : les m\u00e9langeurs verticaux sont g\u00e9n\u00e9ralement plus durables et mieux adapt\u00e9s au m\u00e9lange de fourrages longs, tandis que les m\u00e9langeurs horizontaux conviennent mieux pour m\u00e9langer ensilage et ingr\u00e9dients \u00e0 humidit\u00e9 plus \u00e9lev\u00e9e.<\/p>  <\/div> <\/div> <div id=\"faq-question-1773728209326\" class=\"rank-math-list-item\"> <h3 class=\"rank-math-question\">Cet appareil peut-il peser automatiquement l'alimentation ?<\/h3> <div class=\"rank-math-answer\">  <p>Oui. Le m\u00e9langeur d'aliments pour vaches est \u00e9quip\u00e9 d'un syst\u00e8me de pes\u00e9e num\u00e9rique garantissant la pr\u00e9cision des ratios d'alimentation.<\/p>  <\/div> <\/div> <\/div> <\/div>  <div class=\"wp-block-image\"> <figure class=\"aligncenter size-full\"><img loading=\"lazy\" decoding=\"async\" width=\"720\" height=\"540\" src=\"https:\/\/corn-machine.com\/wp-content\/uploads\/2026\/03\/self-propelled-TMR-mixer.webp\" alt=\"M\u00e9langeur TMR autopropuls\u00e9\" class=\"wp-image-1680\" title=\"\" srcset=\"https:\/\/corn-machine.com\/wp-content\/uploads\/2026\/03\/self-propelled-TMR-mixer.webp 720w, https:\/\/corn-machine.com\/wp-content\/uploads\/2026\/03\/self-propelled-TMR-mixer-300x225.webp 300w, https:\/\/corn-machine.com\/wp-content\/uploads\/2026\/03\/self-propelled-TMR-mixer-16x12.webp 16w\" sizes=\"auto, (max-width: 720px) 100vw, 720px\" \/><figcaption class=\"wp-element-caption\">M\u00e9langeur TMR autopropuls\u00e9<\/figcaption><\/figure> <\/div>   <h2 class=\"wp-block-heading\"><strong>Comment choisir le bon m\u00e9langeur d'aliments TMR ?<\/strong><\/h2>    <p>When selecting a TMR feed mixer, please consider the following factors: your farm&#8217;s scale (specifically, the number of cattle or sheep), the type of feed used (hay or silage), the power source (electric or tractor-driven), and your specific mobility requirements.<\/p>    <p>Si vous n'\u00eates pas particuli\u00e8rement familier avec ce type de m\u00e9langeur TMR, ne vous inqui\u00e9tez pas. Taizy offre des conseils d'achat d'experts, fournissant des recommandations adapt\u00e9es aux conditions et besoins sp\u00e9cifiques de votre ferme. Contactez-nous d\u00e8s aujourd'hui pour recevoir votre solution personnalis\u00e9e !<\/p>    <p class=\"translation-block\">Si vous avez des difficult\u00e9s avec l'emballage d'ensilage, cliquez ici pour en savoir plus : <a href=\"https:\/\/corn-machine.com\/fr\/product\/corn-silage-bale-wrapper-machine\/\">Machine \u00e0 emballer l'ensilage de ma\u00efs<\/a>.<br>Si vous souhaitez r\u00e9colter de l'ensilage frais hach\u00e9, cette machine pourrait vous int\u00e9resser : <a href=\"https:\/\/corn-machine.com\/fr\/product\/corn-silage-harvester\/\">R\u00e9colteuse d'ensilage de ma\u00efs<\/a>.<\/p>","protected":false},"excerpt":{"rendered":"<p>The TMR feed mixer is an indispensable piece of equipment in modern livestock farms; it helps improve feed utilization efficiency, increase milk production, reduce labor costs, and ensure that cattle and sheep receive balanced nutrition. This article will introduce you to the various types, working principles, and advantages of TMR mixers.<\/p>","protected":false},"author":1,"featured_media":1685,"parent":0,"template":"","tags":[55],"product-type":[60],"class_list":["post-1666","product","type-product","status-publish","has-post-thumbnail","hentry","tag-cornsilage","product-type-corn-silage-mixer"],"_links":{"self":[{"href":"https:\/\/corn-machine.com\/fr\/wp-json\/wp\/v2\/product\/1666","targetHints":{"allow":["GET"]}}],"collection":[{"href":"https:\/\/corn-machine.com\/fr\/wp-json\/wp\/v2\/product"}],"about":[{"href":"https:\/\/corn-machine.com\/fr\/wp-json\/wp\/v2\/types\/product"}],"author":[{"embeddable":true,"href":"https:\/\/corn-machine.com\/fr\/wp-json\/wp\/v2\/users\/1"}],"wp:featuredmedia":[{"embeddable":true,"href":"https:\/\/corn-machine.com\/fr\/wp-json\/wp\/v2\/media\/1685"}],"wp:attachment":[{"href":"https:\/\/corn-machine.com\/fr\/wp-json\/wp\/v2\/media?parent=1666"}],"wp:term":[{"taxonomy":"post_tag","embeddable":true,"href":"https:\/\/corn-machine.com\/fr\/wp-json\/wp\/v2\/tags?post=1666"},{"taxonomy":"product-type","embeddable":true,"href":"https:\/\/corn-machine.com\/fr\/wp-json\/wp\/v2\/product-type?post=1666"}],"curies":[{"name":"wp","href":"https:\/\/api.w.org\/{rel}","templated":true}]}}