{"id":1704,"date":"2026-04-07T17:05:06","date_gmt":"2026-04-07T09:05:06","guid":{"rendered":"https:\/\/corn-machine.com\/?post_type=product&#038;p=1704"},"modified":"2026-04-07T17:05:07","modified_gmt":"2026-04-07T09:05:07","slug":"90-model-hay-baler-silage-machine","status":"publish","type":"product","link":"https:\/\/corn-machine.com\/fr\/product\/90-model-hay-baler-silage-machine\/","title":{"rendered":"Machine \u00e0 ensiler le foin mod\u00e8le 90"},"content":{"rendered":"<p>La derni\u00e8re machine int\u00e9gr\u00e9e \u00e0 faire des ballots de foin et d'ensilage 9YDB-90 est une solution hautement automatis\u00e9e et performante con\u00e7ue sp\u00e9cialement pour le traitement moderne et \u00e0 grande \u00e9chelle du fourrage, int\u00e9grant de mani\u00e8re transparente l'alimentation, le fa\u00e7onnage, l'enrubannage et la r\u00e9cup\u00e9ration.<\/p>    <p>Capable de produire des ballots pesant entre 300 et 430 kg \u00e0 un rythme de 55 \u00e0 60 ballots par heure, elle dispose d'une capacit\u00e9 de tr\u00e9mie \u00e9tendue de 3,5 m\u00b3 et peut traiter et faire des ballots d'au moins 23 tonnes d'ensilage par heure.<\/p>    <figure class=\"wp-block-embed aligncenter is-type-video is-provider-youtube wp-block-embed-youtube wp-embed-aspect-16-9 wp-has-aspect-ratio\"><div class=\"wp-block-embed__wrapper\"> <iframe loading=\"lazy\" title=\"Machine \u00e0 faire des ballots de foin et d&#039;ensilage 9YDB-90 en d\u00e9monstration compl\u00e8te | 55\u201360 ballots\/heure, solution enti\u00e8rement automatique pour le fourrage\" width=\"500\" height=\"281\" src=\"https:\/\/www.youtube.com\/embed\/csMCDY51hVo?feature=oembed\" frameborder=\"0\" allow=\"accelerometer; autoplay; clipboard-write; encrypted-media; gyroscope; picture-in-picture; web-share\" referrerpolicy=\"strict-origin-when-cross-origin\" allowfullscreen><\/iframe> <\/div><figcaption class=\"wp-element-caption\">vid\u00e9o de fonctionnement de l'ensileuse \u00e0 foin et \u00e0 ensilage<\/figcaption><\/figure>    <h2 class=\"wp-block-heading\"><strong>Principales caract\u00e9ristiques de l'ensileuse \u00e0 foin et \u00e0 ensilage 9YDB-90<\/strong><\/h2>    <ol class=\"wp-block-list\"> <li>L'ensileuse \u00e0 foin et enrubanneuse est \u00e9quip\u00e9e d'un panneau de contr\u00f4le tactile en \u00e9cran complet et dispose d'un flux de travail enti\u00e8rement automatis\u00e9, r\u00e9duisant consid\u00e9rablement le besoin d'intervention manuelle.<\/li>    <li>Son syst\u00e8me d'alimentation automatique assure un fonctionnement continu et sans interruption de la machine, d\u00e9tectant automatiquement lorsqu'une charge compl\u00e8te est atteinte et d\u00e9clenchant imm\u00e9diatement les processus d'enrubannage et de nouage.<\/li>    <li>Le syst\u00e8me de convoyeur \u00e0 cha\u00eene am\u00e9lior\u00e9 transporte en douceur les ballots vers la plateforme d'enrubannage, garantissant que les ballots restent exempts de d\u00e9formation ou de dommage.<\/li>    <li>Un syst\u00e8me innovant de r\u00e9cup\u00e9ration de mati\u00e8re collecte automatiquement le fourrage dispers\u00e9 et le r\u00e9introduit dans la tr\u00e9mie pour r\u00e9utilisation, am\u00e9liorant ainsi consid\u00e9rablement l'efficacit\u00e9 d'utilisation du mat\u00e9riau.<\/li>    <li>\u00c9quip\u00e9e de pneus pneumatiques, l'enrubanneuse et la machine \u00e0 faire des ballots offrent une mobilit\u00e9 facile et pratique, ce qui la rend adapt\u00e9e \u00e0 une utilisation dans une grande vari\u00e9t\u00e9 d'environnements de champ.<\/li>    <li>L'unit\u00e9 dispose de trois armoires de contr\u00f4le \u00e9lectrique ind\u00e9pendantes \u2014 chacune dans une bo\u00eete de contr\u00f4le s\u00e9par\u00e9e \u2014 am\u00e9liorant ainsi la s\u00e9curit\u00e9 op\u00e9rationnelle et la facilit\u00e9 d'entretien.<\/li> <\/ol>   <div class=\"wp-block-image\"> <figure class=\"aligncenter size-full\"><img loading=\"lazy\" decoding=\"async\" width=\"720\" height=\"540\" src=\"https:\/\/corn-machine.com\/wp-content\/uploads\/2026\/04\/automatic-hay-baler-silage-machine.webp\" alt=\"Machine automatique \u00e0 faire des ballots de foin et d&#039;ensilage\" class=\"wp-image-1705\" title=\"\" srcset=\"https:\/\/corn-machine.com\/wp-content\/uploads\/2026\/04\/automatic-hay-baler-silage-machine.webp 720w, https:\/\/corn-machine.com\/wp-content\/uploads\/2026\/04\/automatic-hay-baler-silage-machine-300x225.webp 300w, https:\/\/corn-machine.com\/wp-content\/uploads\/2026\/04\/automatic-hay-baler-silage-machine-16x12.webp 16w\" sizes=\"auto, (max-width: 720px) 100vw, 720px\" \/><figcaption class=\"wp-element-caption\">Machine automatique \u00e0 faire des ballots de foin et d'ensilage<\/figcaption><\/figure> <\/div>   <h2 class=\"wp-block-heading\"><strong>\u00c0 qui est destin\u00e9e la machine mod\u00e8le 90 ?<\/strong><\/h2>    <p>La machine int\u00e9gr\u00e9e 9YDB-90, enrubanneuse et fa\u00e7onnage, est particuli\u00e8rement adapt\u00e9e aux exploitations de taille moyenne \u00e0 grande, aux \u00e9levages de bovins, ovins et caprins, aux usines d'ensilage, aux coop\u00e9ratives agricoles ou aux entrepreneurs fournissant des services d'ensilage.<\/p>    <p>Si votre priorit\u00e9 est une haute production, un fonctionnement automatis\u00e9 et des exigences minimales en main-d'\u0153uvre, alors ce mod\u00e8le constitue un excellent investissement pour vous.<\/p>    <figure class=\"wp-block-gallery has-nested-images columns-default is-cropped wp-block-gallery-2 is-layout-flex wp-block-gallery-is-layout-flex\"> <figure class=\"wp-block-image size-large\"><img loading=\"lazy\" decoding=\"async\" width=\"720\" height=\"540\" data-id=\"1709\" src=\"https:\/\/corn-machine.com\/wp-content\/uploads\/2026\/04\/large-scale-cattle-farms.webp\" alt=\"grandes exploitations bovines\" class=\"wp-image-1709\" title=\"\" srcset=\"https:\/\/corn-machine.com\/wp-content\/uploads\/2026\/04\/large-scale-cattle-farms.webp 720w, https:\/\/corn-machine.com\/wp-content\/uploads\/2026\/04\/large-scale-cattle-farms-300x225.webp 300w, https:\/\/corn-machine.com\/wp-content\/uploads\/2026\/04\/large-scale-cattle-farms-16x12.webp 16w\" sizes=\"auto, (max-width: 720px) 100vw, 720px\" \/><figcaption class=\"wp-element-caption\">grandes exploitations bovines<\/figcaption><\/figure>    <figure class=\"wp-block-image size-large\"><img loading=\"lazy\" decoding=\"async\" width=\"720\" height=\"540\" data-id=\"1710\" src=\"https:\/\/corn-machine.com\/wp-content\/uploads\/2026\/04\/silage-processing-plant.webp\" alt=\"usine de traitement de l&#039;ensilage\" class=\"wp-image-1710\" title=\"\" srcset=\"https:\/\/corn-machine.com\/wp-content\/uploads\/2026\/04\/silage-processing-plant.webp 720w, https:\/\/corn-machine.com\/wp-content\/uploads\/2026\/04\/silage-processing-plant-300x225.webp 300w, https:\/\/corn-machine.com\/wp-content\/uploads\/2026\/04\/silage-processing-plant-16x12.webp 16w\" sizes=\"auto, (max-width: 720px) 100vw, 720px\" \/><figcaption class=\"wp-element-caption\">usine de traitement de l'ensilage<\/figcaption><\/figure> <\/figure>    <h2 class=\"wp-block-heading\"><strong>Param\u00e8tres techniques de notre ensileuse \u00e0 foin et \u00e0 ensilage<\/strong><\/h2>    <figure class=\"wp-block-table\"><table class=\"has-fixed-layout\"><thead><tr><th>Article<\/th><th>Sp\u00e9cification<\/th><\/tr><\/thead><tbody><tr><td>Mod\u00e8le<\/td><td>9YDB-90<\/td><\/tr><tr><td>Capacit\u00e9<\/td><td>55\u201360 ballots\/h<\/td><\/tr><tr><td>Volume du ballot<\/td><td>\u22650.6 m\u00b3<\/td><\/tr><tr><td>Taille de la balle<\/td><td>90\u00d790 cm<\/td><\/tr><tr><td>Poids de la balle<\/td><td>300\u2013430 kg<\/td><\/tr><tr><td>Efficacit\u00e9 de travail<\/td><td>\u226523 t\/h<\/td><\/tr><tr><td>Puissance adapt\u00e9e<\/td><td>39 kW<\/td><\/tr><tr><td>Puissance du moteur<\/td><td>22kW   2.2kW   1.1kW   2.2kW   4kW   7.5kW<\/td><\/tr><tr><td>Poids total<\/td><td>\u22654200 kg<\/td><\/tr><tr><td>Bras d'enrubannage<\/td><td>2 pi\u00e8ces<\/td><\/tr><tr><td>Taille du film<\/td><td>50 cm \u00d7 2<\/td><\/tr><tr><td>Capacit\u00e9 de la tr\u00e9mie<\/td><td>\u22653.5 m\u00b3<\/td><\/tr><tr><td>Largeur de la tr\u00e9mie<\/td><td>\u2265170 cm<\/td><\/tr><tr><td>Port d'alimentation<\/td><td>\u2265900 mm<\/td><\/tr><tr><td>Hauteur du tr\u00e9mie<\/td><td>\u2265120 cm<\/td><\/tr><tr><td>Quantit\u00e9 de tambours<\/td><td>\u226528 pi\u00e8ces<\/td><\/tr><tr><td>Vitesse de rotation<\/td><td>950 r\/min<\/td><\/tr><tr><td>Rayon du cadre du film<\/td><td>1180\u00b15 mm<\/td><\/tr><tr><td>Largeur du ballot<\/td><td>\u2265900 mm<\/td><\/tr><tr><td>Taille de la machine<\/td><td>\u22658100\u00d72400\u00d73100 mm<\/td><\/tr><\/tbody><\/table><figcaption class=\"wp-element-caption\">Param\u00e8tres techniques de l'ensileuse \u00e0 foin et \u00e0 ensilage<\/figcaption><\/figure>   <div class=\"wp-block-image\"> <figure class=\"aligncenter size-full\"><img loading=\"lazy\" decoding=\"async\" width=\"720\" height=\"540\" src=\"https:\/\/corn-machine.com\/wp-content\/uploads\/2026\/04\/round-bale-silage-wrapper.webp\" alt=\"Enrouleur de silage de balle ronde\" class=\"wp-image-1706\" title=\"\" srcset=\"https:\/\/corn-machine.com\/wp-content\/uploads\/2026\/04\/round-bale-silage-wrapper.webp 720w, https:\/\/corn-machine.com\/wp-content\/uploads\/2026\/04\/round-bale-silage-wrapper-300x225.webp 300w, https:\/\/corn-machine.com\/wp-content\/uploads\/2026\/04\/round-bale-silage-wrapper-16x12.webp 16w\" sizes=\"auto, (max-width: 720px) 100vw, 720px\" \/><figcaption class=\"wp-element-caption\">Enrouleur de silage de balle ronde<\/figcaption><\/figure> <\/div>   <h2 class=\"wp-block-heading\"><strong>FAQ \u2014 Machine combin\u00e9e ensileuse et enrubanneuse mod\u00e8le 90<\/strong><\/h2>   <div id=\"rank-math-faq\" class=\"rank-math-block\"> <div class=\"rank-math-list\"> <div id=\"faq-question-1775526470199\" class=\"rank-math-list-item\"> <h3 class=\"rank-math-question\">Quels types de mat\u00e9riaux cette machine peut-elle traiter ?<\/h3> <div class=\"rank-math-answer\">  <p>Elle peut traiter du ma\u00efs ensil\u00e9, de l'herbe fourrag\u00e8re, de la paille de culture, de la luzerne, et divers autres types de fourrage.<\/p>  <\/div> <\/div> <div id=\"faq-question-1775526488262\" class=\"rank-math-list-item\"> <h3 class=\"rank-math-question\">Cette machine est-elle enti\u00e8rement automatique ?<\/h3> <div class=\"rank-math-answer\">  <p>Oui, elle supporte l'alimentation automatique, le fa\u00e7onnage, l'enrubannage et la d\u00e9charge, r\u00e9duisant consid\u00e9rablement l'intensit\u00e9 de la main-d'\u0153uvre.<\/p>  <\/div> <\/div> <div id=\"faq-question-1775526505244\" class=\"rank-math-list-item\"> <h3 class=\"rank-math-question\">Combien d'op\u00e9rateurs sont n\u00e9cessaires pour cette ensileuse \u00e0 foin et enrubanneuse ?<\/h3> <div class=\"rank-math-answer\">  <p>En g\u00e9n\u00e9ral, seul 1 \u00e0 2 op\u00e9rateurs sont n\u00e9cessaires pour g\u00e9rer l'ensemble du syst\u00e8me.<\/p>  <\/div> <\/div> <div id=\"faq-question-1775526534724\" class=\"rank-math-list-item\"> <h3 class=\"rank-math-question\">Peut-elle r\u00e9duire le gaspillage de mati\u00e8re ?<\/h3> <div class=\"rank-math-answer\">  <p>Oui, le syst\u00e8me de r\u00e9cup\u00e9ration int\u00e9gr\u00e9 garantit que la perte de mati\u00e8re est pratiquement nulle.<\/p>  <\/div> <\/div> <div id=\"faq-question-1775526566060\" class=\"rank-math-list-item\"> <h3 class=\"rank-math-question\">L'ensileuse et l'enrubanneuse sont-elles faciles \u00e0 d\u00e9placer ?<\/h3> <div class=\"rank-math-answer\">  <p>Oui, elle est \u00e9quip\u00e9e de pneus, ce qui facilite son transport entre diff\u00e9rents sites de travail.<\/p>  <\/div> <\/div> <div id=\"faq-question-1775526579458\" class=\"rank-math-list-item\"> <h3 class=\"rank-math-question\">Quel type de film d'enrubannage utilise-t-elle ?<\/h3> <div class=\"rank-math-answer\">  <p>Il utilise un film \u00e9tirable pour ensilage de 50 centim\u00e8tres de large (n\u00e9cessitant l'utilisation simultan\u00e9e de deux rouleaux).<\/p>  <\/div> <\/div> <\/div> <\/div>  <div class=\"wp-block-image\"> <figure class=\"aligncenter size-full\"><img loading=\"lazy\" decoding=\"async\" width=\"720\" height=\"540\" src=\"https:\/\/corn-machine.com\/wp-content\/uploads\/2026\/04\/silage-bale-wrapper.webp\" alt=\"enrouleuse de balles de silage\" class=\"wp-image-1707\" title=\"\" srcset=\"https:\/\/corn-machine.com\/wp-content\/uploads\/2026\/04\/silage-bale-wrapper.webp 720w, https:\/\/corn-machine.com\/wp-content\/uploads\/2026\/04\/silage-bale-wrapper-300x225.webp 300w, https:\/\/corn-machine.com\/wp-content\/uploads\/2026\/04\/silage-bale-wrapper-16x12.webp 16w\" sizes=\"auto, (max-width: 720px) 100vw, 720px\" \/><figcaption class=\"wp-element-caption\">enrouleuse de balles de silage<\/figcaption><\/figure> <\/div>   <h2 class=\"wp-block-heading\"><strong>Pourquoi avez-vous besoin d'une ensileuse \u00e0 foin et d'une enrubanneuse ?<\/strong><\/h2>    <p>Dans l'\u00e9levage moderne, la conservation efficace du fourrage est cruciale pour maintenir la qualit\u00e9 de l'alimentation et r\u00e9duire les co\u00fbts. Les ensileuses jouent un r\u00f4le cl\u00e9 dans ce processus.<\/p>    <ol class=\"wp-block-list\"> <li>En faisant des ballots de fourrage frais et de tiges de culture, les ensileuses cr\u00e9ent un environnement ana\u00e9robie (sans oxyg\u00e8ne) qui facilite la fermentation naturelle. Ce processus aide \u00e0 pr\u00e9server les prot\u00e9ines, l'humidit\u00e9 et divers nutriments, garantissant ainsi une alimentation de haute qualit\u00e9 pour le b\u00e9tail.<\/li>    <li>Lorsqu'il est associ\u00e9 \u00e0 une presse \u00e0 ensiler, chaque balle est scell\u00e9e et prot\u00e9g\u00e9e. Cela permet de pr\u00e9server efficacement le contenu de l'exposition \u00e0 l'air et \u00e0 l'humidit\u00e9, minimisant ainsi la pourriture et la perte de fourrage.<\/li>    <li>L'utilisation de machines \u00e0 ensiler et \u00e0 faire des ballots de foin permet de constituer des r\u00e9serves de fourrage pendant la saison de r\u00e9colte. Cette r\u00e9serve peut ensuite \u00eatre utilis\u00e9e lors de p\u00e9riodes s\u00e8ches ou en hiver, assurant ainsi une exploitation stable et continue de l'\u00e9levage.<\/li> <\/ol>    <h2 class=\"wp-block-heading\"><strong>Pourquoi nous choisir plut\u00f4t que d'autres fournisseurs d'enrubanneuses et de presses \u00e0 ballots ?<\/strong><\/h2>    <p>Lorsqu'on investit dans une ensileuse enrubanneuse, choisir le bon fabricant est aussi important que de choisir la machine elle-m\u00eame. Voici pourquoi notre ensileuse \u00e0 foin et enrubanneuse mod\u00e8le 9YDB-90 se d\u00e9marque de la concurrence et est le choix pr\u00e9f\u00e9r\u00e9 de nos clients :<\/p>    <ol class=\"wp-block-list\"> <li>De nombreux fournisseurs pr\u00e9tendent avoir des taux de production \u00e9lev\u00e9s, mais leurs performances r\u00e9elles sont souvent bien en de\u00e7\u00e0 des attentes. Notre machine d\u00e9livre une production r\u00e9elle de 55\u201360 ballots par heure \u2014 soutenant une efficacit\u00e9 de travail \u226523 tonnes par heure \u2014 tout en maintenant une performance stable, m\u00eame en fonctionnement continu.<\/li>    <li>Contrairement aux machines semi-automatiques couramment disponibles sur le march\u00e9, notre \u00e9quipement dispose d'un traitement enti\u00e8rement automatis\u00e9, couvrant tout le flux de travail, de l'alimentation automatique, au fa\u00e7onnage, \u00e0 l'enrubannage, jusqu'\u00e0 la d\u00e9charge finale du ballot.<\/li>    <li>La plupart des concurrents ont tendance \u00e0 n\u00e9gliger la question de la perte de mati\u00e8re. Notre machine est \u00e9quip\u00e9e d'un syst\u00e8me de r\u00e9cup\u00e9ration par cha\u00eene \u00e0 plaques et d'un convoyeur \u00e0 vis qui collecte et recycle automatiquement tout fourrage dispers\u00e9.<\/li>    <li>Nous proposons plus que de simples machines, mais des solutions compl\u00e8tes comprenant des conseils techniques d'experts, des services de support pour l'installation et l'exploitation, ainsi qu'une fourniture fiable de pi\u00e8ces d\u00e9tach\u00e9es.<\/li> <\/ol>   <div class=\"wp-block-image\"> <figure class=\"aligncenter size-full\"><img loading=\"lazy\" decoding=\"async\" width=\"720\" height=\"540\" src=\"https:\/\/corn-machine.com\/wp-content\/uploads\/2026\/04\/silage-baler-and-wrapper-machine.webp\" alt=\"presse \u00e0 ensiler et machine \u00e0 envelopper\" class=\"wp-image-1708\" title=\"\" srcset=\"https:\/\/corn-machine.com\/wp-content\/uploads\/2026\/04\/silage-baler-and-wrapper-machine.webp 720w, https:\/\/corn-machine.com\/wp-content\/uploads\/2026\/04\/silage-baler-and-wrapper-machine-300x225.webp 300w, https:\/\/corn-machine.com\/wp-content\/uploads\/2026\/04\/silage-baler-and-wrapper-machine-16x12.webp 16w\" sizes=\"auto, (max-width: 720px) 100vw, 720px\" \/><figcaption class=\"wp-element-caption\">presse \u00e0 ensiler et machine \u00e0 envelopper<\/figcaption><\/figure> <\/div>   <p>Que vous soyez un propri\u00e9taire de ferme, un entrepreneur agricole ou une entreprise de traitement de l'ensilage, investir dans cette machine combin\u00e9e avanc\u00e9e peut vous aider \u00e0 r\u00e9duire la main-d'\u0153uvre et les co\u00fbts d'exploitation, \u00e0 am\u00e9liorer la conservation et la qualit\u00e9 de votre fourrage, et \u00e0 maximiser l'utilisation des ressources \u2014 augmentant ainsi votre rentabilit\u00e9 globale.<\/p>    <p>En r\u00e9sum\u00e9, l'ensileuse \u00e0 foin et enrubanneuse 9YDB-90 est bien plus qu'une simple machine. C'est une solution compl\u00e8te de production d'ensilage qui offre efficacit\u00e9, stabilit\u00e9 et valeur \u00e0 long terme pour vos op\u00e9rations.<\/p>    <p>Autres mod\u00e8les d'ensileuses et d'enrubanneuses : <\/p>    <ul class=\"wp-block-list\"> <li><a href=\"https:\/\/corn-machine.com\/fr\/product\/corn-silage-bale-wrapper-machine\/\">Enrubanneuse de petits ballots 9YDB-55<\/a><\/li>    <li><a href=\"https:\/\/corn-machine.com\/fr\/product\/taizy-new-corn-silage-baler-machine\/\">Enrubanneuse de ballots ronds 9YDB-70<\/a><\/li> <\/ul>","protected":false},"excerpt":{"rendered":"<p>Discover the Model 9YDB-90 Silage Baler\u2014combining automated operation, a dual-wrapping system, and high output. It is the ideal choice for large-scale silage production, helping you maximize efficiency and minimize waste.<\/p>","protected":false},"author":1,"featured_media":1715,"parent":0,"template":"","tags":[55],"product-type":[59],"class_list":["post-1704","product","type-product","status-publish","has-post-thumbnail","hentry","tag-cornsilage","product-type-corn-silage-baler"],"_links":{"self":[{"href":"https:\/\/corn-machine.com\/fr\/wp-json\/wp\/v2\/product\/1704","targetHints":{"allow":["GET"]}}],"collection":[{"href":"https:\/\/corn-machine.com\/fr\/wp-json\/wp\/v2\/product"}],"about":[{"href":"https:\/\/corn-machine.com\/fr\/wp-json\/wp\/v2\/types\/product"}],"author":[{"embeddable":true,"href":"https:\/\/corn-machine.com\/fr\/wp-json\/wp\/v2\/users\/1"}],"wp:featuredmedia":[{"embeddable":true,"href":"https:\/\/corn-machine.com\/fr\/wp-json\/wp\/v2\/media\/1715"}],"wp:attachment":[{"href":"https:\/\/corn-machine.com\/fr\/wp-json\/wp\/v2\/media?parent=1704"}],"wp:term":[{"taxonomy":"post_tag","embeddable":true,"href":"https:\/\/corn-machine.com\/fr\/wp-json\/wp\/v2\/tags?post=1704"},{"taxonomy":"product-type","embeddable":true,"href":"https:\/\/corn-machine.com\/fr\/wp-json\/wp\/v2\/product-type?post=1704"}],"curies":[{"name":"wp","href":"https:\/\/api.w.org\/{rel}","templated":true}]}}