{"id":228,"date":"2022-09-15T10:23:20","date_gmt":"2022-09-15T10:23:20","guid":{"rendered":"https:\/\/corn-machine.com\/?post_type=product&#038;p=228"},"modified":"2025-07-25T11:14:59","modified_gmt":"2025-07-25T03:14:59","slug":"industrial-corn-dryer-machine","status":"publish","type":"product","link":"https:\/\/corn-machine.com\/fr\/product\/machine-industrielle-de-dessiccateur-de-mais\/","title":{"rendered":"Machine industrielle de s\u00e9chage de ma\u00efs | S\u00e9choir \u00e0 grains \u00e0 vendre"},"content":{"rendered":"<p class=\"translation-block\">Pour bien stocker les grains et pr\u00e9venir la moisissure, une <strong>machine \u00e0 s\u00e9cher le ma\u00efs industrielle<\/strong> est n\u00e9cessaire pour \u00e9liminer l'exc\u00e8s d'humidit\u00e9 des grains. Taizy Machinery propose un nouveau s\u00e9choir \u00e0 grains et accueille vos demandes.<\/p>    <p>Cette grande machine industrielle est sp\u00e9cialement con\u00e7ue pour le s\u00e9chage et le traitement des grains. Elle a une large gamme d'applications et peut s\u00e9cher efficacement des cultures telles que le ma\u00efs, le bl\u00e9 et le colza. Avec une capacit\u00e9 de traitement de 15 tonnes par heure, elle peut r\u00e9soudre efficacement les probl\u00e8mes de stockage des grains en peu de temps.<\/p>   <div class=\"wp-block-image\"> <figure class=\"aligncenter size-full\"><img loading=\"lazy\" decoding=\"async\" width=\"720\" height=\"540\" src=\"https:\/\/corn-machine.com\/wp-content\/uploads\/2022\/09\/maize-dryer-machine-.webp\" alt=\"machine de s\u00e9chage de ma\u00efs\" class=\"wp-image-251\" title=\"\"><figcaption class=\"wp-element-caption\">machine de s\u00e9chage de ma\u00efs<\/figcaption><\/figure> <\/div>   <h2 class=\"wp-block-heading\"><strong>Avantages de la machine industrielle de s\u00e9chage de ma\u00efs<\/strong><\/h2>    <ul class=\"wp-block-list\"> <li>Le s\u00e9choir \u00e0 grains s'adapte \u00e0 un <strong>large \u00e9ventail<\/strong> au bl\u00e9, ma\u00efs, sorgho, soja, riz, graines de tournesol, millet, colza et autres cultures.<\/li>    <li>La machine de s\u00e9chage de ma\u00efs industriel <strong>\u00e9conomise de l'\u00e9nergie<\/strong>. Il a une production quotidienne de 50 tonnes, et sa puissance totale est de 7,6 kW, ce qui peut \u00eatre utilis\u00e9 avec l'\u00e9lectricit\u00e9 agricole g\u00e9n\u00e9rale, sans avoir besoin d'installer des transformateurs suppl\u00e9mentaires.<\/li>    <li>The grain dryer&#8217;s <strong>La consommation d'\u00e9nergie thermique est faible<\/strong>, tandis que son taux de concassage est faible. Le s\u00e9choir am\u00e9liore les param\u00e8tres pertinents et la direction de circulation des grains, de plus, il maximise le chauffage uniforme des grains.<\/li>    <li><strong>Faible consommation d'\u00e9nergie thermique<\/strong> de la machine \u00e0 s\u00e9cher le ma\u00efs. Le s\u00e9choir adopte le mode de s\u00e9chage \u00e0 basse temp\u00e9rature, \u00e0 temp\u00e9rature constante et enti\u00e8rement ferm\u00e9 pour am\u00e9liorer le taux d'utilisation de la chaleur. Les grains s\u00e9ch\u00e9s finaux ont le m\u00eame taux d'humidit\u00e9 et un temps de conservation long.<\/li>    <li>Le s\u00e9choir a une belle apparence, et la surface peinte adopte un processus de pulv\u00e9risation \u00e9lectrostatique et de peinture cuite, ce qui est plus que <strong>5 fois la dur\u00e9e de vie de la peinture en spray g\u00e9n\u00e9rale<\/strong>.<\/li> <\/ul>   <div class=\"wp-block-image\"> <figure class=\"aligncenter size-full\"><img loading=\"lazy\" decoding=\"async\" width=\"720\" height=\"540\" src=\"https:\/\/corn-machine.com\/wp-content\/uploads\/2022\/09\/grain-dryer-2.webp\" alt=\"\" class=\"wp-image-248\" title=\"\"><figcaption class=\"wp-element-caption\">machine industrielle de dessiccateur de ma\u00efs<\/figcaption><\/figure> <\/div>   <h2 class=\"wp-block-heading\"><strong>Introduction de la machine \u00e0 s\u00e9cher le ma\u00efs<\/strong><\/h2>    <p>La nouvelle machine \u00e0 s\u00e9cher le ma\u00efs de Taizy Machinery peut s\u00e9cher divers grains tels que les haricots, les graines de tournesol, le ma\u00efs, le sorgho, le bl\u00e9, le millet, etc. par traitement \u00e0 haute temp\u00e9rature, et tuer \u00e9galement les insectes. La machine \u00e0 s\u00e9cher le ma\u00efs industrielle \u00e9l\u00e8ve la hauteur de sa chute, \u00e9limine le convoyeur \u00e0 vis d'origine, et adopte de l'acier inoxydable r\u00e9sistant \u00e0 l'usure et lisse comme plaque de goutti\u00e8re, garantissant ainsi qu'il n'y a pas de collision lorsque le ma\u00efs, le sorgho et d'autres grains tombent, et \u00e9vitant les cassures.<\/p>    <figure class=\"wp-block-embed is-type-video is-provider-youtube wp-block-embed-youtube wp-embed-aspect-16-9 wp-has-aspect-ratio\"><div class=\"wp-block-embed__wrapper\"> <iframe loading=\"lazy\" title=\"Comment fonctionnent les tours de s\u00e9chage des grains | Le processus complet pour s\u00e9cher le ma\u00efs, le riz, etc. \u00e0 grande \u00e9chelle !\" width=\"500\" height=\"281\" src=\"https:\/\/www.youtube.com\/embed\/m3bpetgkN1E?feature=oembed\" frameborder=\"0\" allow=\"accelerometer; autoplay; clipboard-write; encrypted-media; gyroscope; picture-in-picture; web-share\" referrerpolicy=\"strict-origin-when-cross-origin\" allowfullscreen><\/iframe> <\/div><figcaption class=\"wp-element-caption\">tour de s\u00e9chage industriel de grains<\/figcaption><\/figure>    <h2 class=\"wp-block-heading\"><strong>Param\u00e8tres de la machine industrielle de s\u00e9chage de ma\u00efs<\/strong><\/h2>    <figure class=\"wp-block-table\"><table class=\"has-fixed-layout\"><tbody><tr><td class=\"has-text-align-left\" data-align=\"left\">Mod\u00e8le<\/td><td class=\"has-text-align-center\" data-align=\"center\">5HXG-15<\/td><\/tr><tr><td class=\"has-text-align-left\" data-align=\"left\">Structure<\/td><td class=\"has-text-align-center\" data-align=\"center\">Fixe<\/td><\/tr><tr><td class=\"has-text-align-left\" data-align=\"left\">Style de recyclage<\/td><td class=\"has-text-align-center\" data-align=\"center\">Cycle de lot<\/td><\/tr><tr><td class=\"has-text-align-left\" data-align=\"left\">Poids<\/td><td class=\"has-text-align-center\" data-align=\"center\">3200kg<\/td><\/tr><tr><td class=\"has-text-align-left\" data-align=\"left\">Capacit\u00e9 de traitement par lot<\/td><td class=\"has-text-align-center\" data-align=\"center\">3000-15000kg(ma\u00efs), 3000-15000kg(bl\u00e9), etc.<\/td><\/tr><tr><td class=\"has-text-align-left\" data-align=\"left\">Dimension globale<\/td><td class=\"has-text-align-center\" data-align=\"center\">4288*2738*11700mm<\/td><\/tr><tr><td class=\"has-text-align-left\" data-align=\"left\">Puissance totale<\/td><td class=\"has-text-align-center\" data-align=\"center\">Environ 6kw<\/td><\/tr><tr><td class=\"has-text-align-left\" data-align=\"left\">Temps d'alimentation<\/td><td class=\"has-text-align-center\" data-align=\"center\">Environ 63min<\/td><\/tr><tr><td class=\"has-text-align-left\" data-align=\"left\">Temps de d\u00e9charge<\/td><td class=\"has-text-align-center\" data-align=\"center\">Environ 58min<\/td><\/tr><tr><td class=\"has-text-align-left\" data-align=\"left\">Capacit\u00e9 de s\u00e9chage<\/td><td class=\"has-text-align-center\" data-align=\"center\">15t \/h<\/td><\/tr><\/tbody><\/table><figcaption class=\"wp-element-caption\">param\u00e8tres du s\u00e9choir \u00e0 grains<\/figcaption><\/figure>    <h2 class=\"wp-block-heading\"><strong>Mati\u00e8res premi\u00e8res pour le s\u00e9choir \u00e0 grains<\/strong><\/h2>    <p class=\"translation-block\">La machine \u00e0 s\u00e9cher le ma\u00efs peut s\u00e9cher de gros grains, tels que des haricots, du bl\u00e9, du ma\u00efs et des graines de tournesol. La machine peut \u00e9galement s\u00e9cher des grains relativement petits, tels que <a href=\"https:\/\/en.wikipedia.org\/wiki\/Rapeseed\" target=\"_blank\" rel=\"noopener\">le colza<\/a>, le sorgho, le millet, etc. Les cultures s\u00e9ch\u00e9es finales peuvent \u00eatre broy\u00e9es par un broyeur \u00e0 marteaux.<\/p>   <div class=\"wp-block-image\"> <figure class=\"aligncenter size-full\"><img loading=\"lazy\" decoding=\"async\" width=\"720\" height=\"540\" src=\"https:\/\/corn-machine.com\/wp-content\/uploads\/2022\/09\/applicable-materials-of-grain-dryer.webp\" alt=\"mat\u00e9riaux applicables du s\u00e9choir \u00e0 grains\" class=\"wp-image-239\" title=\"\"><figcaption class=\"wp-element-caption\">mat\u00e9riaux applicables du s\u00e9choir \u00e0 grains<\/figcaption><\/figure> <\/div>   <h2 class=\"wp-block-heading\"><strong>La capacit\u00e9 de la machine \u00e0 s\u00e9cher le ma\u00efs pour diff\u00e9rents grains<\/strong><\/h2>    <p>En prenant comme exemples le colza, le ma\u00efs, le bl\u00e9 et le riz, nous affichons les diff\u00e9rentes capacit\u00e9s et volumes de chaque mod\u00e8le. Si vous avez des questions \u00e0 ce sujet, n'h\u00e9sitez pas \u00e0 nous consulter.<\/p>    <figure class=\"wp-block-table\"><table><tbody><tr><td><\/td><td><\/td><td>5H-10<\/td><td>5H-13<\/td><td>5H-15<\/td><td>5H-32<\/td><\/tr><tr><td><strong>Colza<\/strong><\/td><td>Volume(kg)<\/td><td>7500~10300<\/td><td>7500~13450<\/td><td>7500~14850<\/td><td>12000~31800<\/td><\/tr><tr><td><strong>&nbsp;<\/strong><\/td><td>Capacit\u00e9 (kg\/h)<\/td><td>473~1235<\/td><td>607~1456<\/td><td>675~1620<\/td><td>1000~3500<\/td><\/tr><tr><td><strong>Ma\u00efs<\/strong><\/td><td>Volume(kg)<\/td><td>7500~10450<\/td><td>7500~13400<\/td><td>7500~16300<\/td><td>12000~32000<\/td><\/tr><tr><td><strong>&nbsp;<\/strong><\/td><td>Capacit\u00e9 (kg\/h)<\/td><td>756~1261<\/td><td>971~1618<\/td><td>1080~1800<\/td><td>1000~3400<\/td><\/tr><tr><td><strong>W<\/strong><strong>chaleur<\/strong><strong><\/strong><\/td><td>Volume(kg)<\/td><td>7500~10450<\/td><td>7500~13350<\/td><td>7500~16300<\/td><td>12000~32000<\/td><\/tr><tr><td><strong>&nbsp;<\/strong><\/td><td>Capacit\u00e9 (kg\/h)<\/td><td>315~756<\/td><td>4056~971<\/td><td>450~1080<\/td><td>1000~3250<\/td><\/tr><tr><td><strong>R.<\/strong><strong>glace <\/strong><strong><\/strong><\/td><td>Volume(kg)<\/td><td>6500~8400<\/td><td>6500~10850<\/td><td>6500~15500<\/td><td>9000~30800<\/td><\/tr><tr><td><strong>&nbsp;<\/strong><\/td><td>Capacit\u00e9 (kg\/h)<\/td><td>382~916<\/td><td>493~1184<\/td><td>548~1315<\/td><td>2600<\/td><\/tr><\/tbody><\/table><\/figure>    <h2 class=\"wp-block-heading\"><strong>M\u00e9thodes de chauffage de la machine de s\u00e9chage de ma\u00efs<\/strong><\/h2>    <p>La machine de s\u00e9chage de ma\u00efs industrielle est adapt\u00e9e \u00e0 une large gamme de m\u00e9thodes de chauffage, y compris les chaudi\u00e8res \u00e0 air chaud \u00e0 biomasse, les br\u00fbleurs \u00e0 diesel, les br\u00fbleurs \u00e0 gaz et les pompes \u00e0 chaleur air-air.<\/p>    <p>Le four \u00e0 air chaud \u00e0 biomasse br\u00fble des d\u00e9chets de biomasse pour produire de la chaleur, y compris des branches, de la paille et d'autres d\u00e9chets. Il appartient \u00e0 la cat\u00e9gorie des fours \u00e0 air chaud respectueux de l'environnement et \u00e9conomes en \u00e9nergie, fournissant une source de chaleur pour les machines de s\u00e9chage du ma\u00efs industrielles. Il est \u00e9quip\u00e9 d'un dispositif de ventilation automatique \u00e0 temp\u00e9rature constante de pointe pour garantir la qualit\u00e9 des grains et un faible co\u00fbt d'utilisation, ce qui le rend populaire aupr\u00e8s des investisseurs.<\/p>   <div class=\"wp-block-image\"> <figure class=\"aligncenter size-full\"><img loading=\"lazy\" decoding=\"async\" width=\"720\" height=\"540\" src=\"https:\/\/corn-machine.com\/wp-content\/uploads\/2022\/09\/biomass-heat-furnance.webp\" alt=\"four \u00e0 air chaud \u00e0 biomasse\" class=\"wp-image-241\" title=\"\"><figcaption class=\"wp-element-caption\">Four \u00e0 air chaud de biomasse de machine industrielle de s\u00e9chage de ma\u00efs<\/figcaption><\/figure> <\/div>   <p>Si vous utilisez le br\u00fbleur, vous pouvez choisir le gaz naturel ou le diesel O# conforme aux normes nationales comme combustible selon la demande du client. Nous sommes \u00e9quip\u00e9s d'un br\u00fbleur utilisant des machines italiennes import\u00e9es avec une fonction \u00e0 double buse, une bonne performance d'atomisation, un chauffage rapide, une temp\u00e9rature d'air chaud stable et un contr\u00f4le de temp\u00e9rature pr\u00e9cis.<\/p>   <div class=\"wp-block-image\"> <figure class=\"aligncenter size-full\"><img loading=\"lazy\" decoding=\"async\" width=\"720\" height=\"540\" src=\"https:\/\/corn-machine.com\/wp-content\/uploads\/2022\/09\/burner.webp\" alt=\"br\u00fbleur\" class=\"wp-image-242\" title=\"\"><figcaption class=\"wp-element-caption\">br\u00fbleur<\/figcaption><\/figure> <\/div>   <h2 class=\"wp-block-heading\"><strong>Structure d\u00e9taill\u00e9e du s\u00e9choir \u00e0 grains<\/strong><\/h2>    <div class=\"wp-block-media-text alignwide is-stacked-on-mobile\"><figure class=\"wp-block-media-text__media\"><img loading=\"lazy\" decoding=\"async\" width=\"540\" height=\"720\" src=\"https:\/\/corn-machine.com\/wp-content\/uploads\/2022\/09\/conveyor.webp\" alt=\"\" class=\"wp-image-243 size-full\" title=\"\"><\/figure><div class=\"wp-block-media-text__content\"> <p>La courroie du convoyeur de l'\u00e9l\u00e9vateur est fabriqu\u00e9e en toile de nylon pur. La pelle est en plastique nylon vierge avec une bonne t\u00e9nacit\u00e9.<\/p> <\/div><\/div>    <div class=\"wp-block-media-text alignwide has-media-on-the-right is-stacked-on-mobile\"><div class=\"wp-block-media-text__content\"> <p>Le bo\u00eetier de commande PLC adopte un fonctionnement sur \u00e9cran tactile pour afficher le positionnement du d\u00e9faut dans le temps.<\/p> <\/div><figure class=\"wp-block-media-text__media\"><img loading=\"lazy\" decoding=\"async\" width=\"720\" height=\"540\" src=\"https:\/\/corn-machine.com\/wp-content\/uploads\/2022\/09\/PLC-control-box.webp\" alt=\"\" class=\"wp-image-253 size-full\" title=\"\"><\/figure><\/div>    <div class=\"wp-block-media-text alignwide is-stacked-on-mobile\"><figure class=\"wp-block-media-text__media\"><img loading=\"lazy\" decoding=\"async\" width=\"540\" height=\"720\" src=\"https:\/\/corn-machine.com\/wp-content\/uploads\/2022\/09\/inner-materials.webp\" alt=\"\" class=\"wp-image-250 size-full\" title=\"\"><\/figure><div class=\"wp-block-media-text__content\"> <p>Le mat\u00e9riau interne de la machine de s\u00e9chage de ma\u00efs est de l'acier inoxydable, une plaque galvanis\u00e9e et une plaque d'acier \u00e9paissie, r\u00e9sistante \u00e0 l'usure et durable.<\/p> <\/div><\/div>    <h2 class=\"wp-block-heading\"><strong>Affichage des stocks de s\u00e9choir \u00e0 grains<\/strong><\/h2>    <figure class=\"wp-block-gallery has-nested-images columns-default is-cropped wp-block-gallery-2 is-layout-flex wp-block-gallery-is-layout-flex\"> <figure class=\"wp-block-image size-large\"><img loading=\"lazy\" decoding=\"async\" width=\"720\" height=\"540\" data-id=\"245\" src=\"https:\/\/corn-machine.com\/wp-content\/uploads\/2022\/09\/corn-drying-machine-in-stock.webp\" alt=\"machine de s\u00e9chage de ma\u00efs en stock\" class=\"wp-image-245\" title=\"\"><figcaption class=\"wp-element-caption\">machine de s\u00e9chage de ma\u00efs en stock<\/figcaption><\/figure>    <figure class=\"wp-block-image size-large\"><img loading=\"lazy\" decoding=\"async\" width=\"720\" height=\"540\" data-id=\"244\" src=\"https:\/\/corn-machine.com\/wp-content\/uploads\/2022\/09\/corn-dryer-in-stock.webp\" alt=\"s\u00e9choir \u00e0 ma\u00efs en stock\" class=\"wp-image-244\" title=\"\"><figcaption class=\"wp-element-caption\">s\u00e9choir \u00e0 ma\u00efs en stock<\/figcaption><\/figure> <\/figure>    <figure class=\"wp-block-gallery has-nested-images columns-default is-cropped wp-block-gallery-3 is-layout-flex wp-block-gallery-is-layout-flex\"> <figure class=\"wp-block-image size-large\"><img loading=\"lazy\" decoding=\"async\" width=\"720\" height=\"540\" data-id=\"252\" src=\"https:\/\/corn-machine.com\/wp-content\/uploads\/2022\/09\/maize-dryer-machine.webp\" alt=\"\" class=\"wp-image-252\" title=\"\"><figcaption class=\"wp-element-caption\">machine de s\u00e9chage de ma\u00efs<\/figcaption><\/figure>    <figure class=\"wp-block-image size-large\"><img loading=\"lazy\" decoding=\"async\" width=\"720\" height=\"540\" data-id=\"246\" src=\"https:\/\/corn-machine.com\/wp-content\/uploads\/2022\/09\/corn-drying-machine.webp\" alt=\"machine de s\u00e9chage de ma\u00efs\" class=\"wp-image-246\" title=\"\"><figcaption class=\"wp-element-caption\">machine de s\u00e9chage de ma\u00efs<\/figcaption><\/figure> <\/figure>    <p class=\"translation-block\">Si vous souhaitez un s\u00e9choir \u00e0 grains mobile, je voudrais vous pr\u00e9senter celui-ci : <a href=\"https:\/\/corn-machine.com\/fr\/product\/mobile-grain-dryer-for-drying-corn-rice\/\">s\u00e9choir \u00e0 grains mobile<\/a>, qui convient pour le traitement de petites quantit\u00e9s de cultures. Pour plus de d\u00e9tails, veuillez me contacter par e-mail ou par d'autres moyens et faites-moi savoir vos besoins sp\u00e9cifiques.<\/p>","protected":false},"excerpt":{"rendered":"<p>Fixed large grains dryer tower is suitable for process multiple crops on great-scale. Its drying capacity up to 15 t\/h and good at drying corns, wheat, rapeseed, etc.<\/p>","protected":false},"author":1,"featured_media":229,"parent":0,"template":"","tags":[21],"product-type":[44],"class_list":["post-228","product","type-product","status-publish","has-post-thumbnail","hentry","tag-corn-dryer-machine","product-type-maize-dryer-machine"],"_links":{"self":[{"href":"https:\/\/corn-machine.com\/fr\/wp-json\/wp\/v2\/product\/228","targetHints":{"allow":["GET"]}}],"collection":[{"href":"https:\/\/corn-machine.com\/fr\/wp-json\/wp\/v2\/product"}],"about":[{"href":"https:\/\/corn-machine.com\/fr\/wp-json\/wp\/v2\/types\/product"}],"author":[{"embeddable":true,"href":"https:\/\/corn-machine.com\/fr\/wp-json\/wp\/v2\/users\/1"}],"wp:featuredmedia":[{"embeddable":true,"href":"https:\/\/corn-machine.com\/fr\/wp-json\/wp\/v2\/media\/229"}],"wp:attachment":[{"href":"https:\/\/corn-machine.com\/fr\/wp-json\/wp\/v2\/media?parent=228"}],"wp:term":[{"taxonomy":"post_tag","embeddable":true,"href":"https:\/\/corn-machine.com\/fr\/wp-json\/wp\/v2\/tags?post=228"},{"taxonomy":"product-type","embeddable":true,"href":"https:\/\/corn-machine.com\/fr\/wp-json\/wp\/v2\/product-type?post=228"}],"curies":[{"name":"wp","href":"https:\/\/api.w.org\/{rel}","templated":true}]}}