{"id":44,"date":"2022-09-06T06:19:10","date_gmt":"2022-09-05T22:19:10","guid":{"rendered":"https:\/\/corn-machine.com\/?post_type=product&#038;p=44"},"modified":"2025-07-28T09:25:59","modified_gmt":"2025-07-28T01:25:59","slug":"maize-seed-planter","status":"publish","type":"product","link":"https:\/\/corn-machine.com\/fr\/product\/maize-seed-planter\/","title":{"rendered":"Planter de semences de ma\u00efs automatique \u00e0 plusieurs rang\u00e9es | Planter de ma\u00efs pour tracteur"},"content":{"rendered":"<p class=\"translation-block\">L'une des machines les plus populaires de Taizy Machinery est la <strong>planteuse de semences de ma\u00efs<\/strong>, qui peut semer plusieurs rangs de graines de ma\u00efs simultan\u00e9ment sur le terrain. Cette machine utilise un dispositif de semis haute pr\u00e9cision, et le taux de conformit\u00e9 du comptage des grains est sup\u00e9rieur \u00e0 80%.<\/p>    <p>Jusqu'\u00e0 pr\u00e9sent, nous avons export\u00e9 des planteurs de ma\u00efs \u00e0 Nigeria, aux \u00c9tats-Unis, en Tha\u00eflande, aux Philippines, en Mauritanie, en Guin\u00e9e et dans d'autres pays. Cela aide les populations locales \u00e0 r\u00e9duire les co\u00fbts de main-d'\u0153uvre et \u00e0 am\u00e9liorer leur efficacit\u00e9. Si vous \u00eates int\u00e9ress\u00e9 par le planteur de semences de ma\u00efs, contactez-nous d\u00e8s maintenant.<\/p>    <h2 class=\"wp-block-heading\" id=\"h-features-of-maize-seed-planter\">Caract\u00e9ristiques de la machine de plantation d'arachides<\/h2>   <div class=\"wp-block-image\"> <figure class=\"aligncenter size-full\"><img loading=\"lazy\" decoding=\"async\" width=\"720\" height=\"540\" src=\"https:\/\/corn-machine.com\/wp-content\/uploads\/2022\/09\/maize-planting-machine1.webp\" alt=\"planteuse de ma\u00efs\" class=\"wp-image-136\" title=\"\"><figcaption class=\"wp-element-caption\">planteuse de ma\u00efs<\/figcaption><\/figure> <\/div>   <ul class=\"wp-block-list\"> <li>Ce planteur de semences de ma\u00efs a <strong>haute pr\u00e9cision de semis<\/strong>, et l'indice de qualification atteint plus de 80 %.<br>Le semoir a une efficacit\u00e9 de travail \u00e9lev\u00e9e. La machine peut atteindre 8 km\/h lorsque la distance entre les plantes est sup\u00e9rieure \u00e0 20 cm.<\/li>    <li>Le semoir \u00e0 ma\u00efs <strong>contr\u00f4le l'espacement des trous<\/strong> tr\u00e8s pr\u00e9cis\u00e9ment, ce qui peut aider les semis de ma\u00efs \u00e0 se r\u00e9partir uniform\u00e9ment, \u00e0 donner pleinement avantage aux individus et \u00e0 favoriser une croissance vigoureuse du ma\u00efs, augmentant ainsi le rendement.<\/li>    <li>Le semoir \u00e0 ma\u00efs est <strong>connect\u00e9 au <a href=\"https:\/\/en.wikipedia.org\/wiki\/Tractor\" target=\"_blank\" rel=\"noopener\">tracteur<\/a><\/strong>, qui am\u00e9liore l'efficacit\u00e9 de travail. Le semoir est facile \u00e0 utiliser, et l'utilisateur n'a qu'\u00e0 s'asseoir et \u00e0 l'op\u00e9rer.<\/li> <\/ul>    <h2 class=\"wp-block-heading\" id=\"h-introduction-of-corn-seed-planter\">Introduction de la machine \u00e0 semer des graines de soja<\/h2>    <p>Taizy Machinery a con\u00e7u un nouveau type de planteur de ma\u00efs \u00e0 2, 3, 4, 5, 6 et 8 rang\u00e9es, qui doit fonctionner avec un tracteur. Vous pouvez choisir en fonction de vos besoins. Cette machine \u00e0 planter le ma\u00efs dispose \u00e9galement d'un r\u00e9servoir d'engrais qui plante les graines dans le sol en m\u00eame temps, augmentant le taux de semis sans endommager les semis de ma\u00efs.<\/p>    <p>Ce planteur de semences de ma\u00efs a d'excellentes performances et peut \u00eatre ajust\u00e9 pour l'espacement des rangs, l'espacement des plantations, la profondeur des sillons, la profondeur d'application des engrais et la profondeur de semis, ce qui en fait une machine importante pour la plantation de ma\u00efs. De plus, nous proposons \u00e9galement des machines manuelles de plantation de ma\u00efs et des moissonneuses de ma\u00efs pour la plantation \u00e0 petite \u00e9chelle. Ce sont des machines importantes pour le traitement du ma\u00efs.<\/p>    <figure class=\"wp-block-gallery has-nested-images columns-default is-cropped wp-block-gallery-2 is-layout-flex wp-block-gallery-is-layout-flex\"> <figure class=\"wp-block-image size-large\"><img loading=\"lazy\" decoding=\"async\" width=\"720\" height=\"540\" data-id=\"132\" src=\"https:\/\/corn-machine.com\/wp-content\/uploads\/2022\/09\/3-row-corn-planter-machine1.webp\" alt=\"Planteuse de ma\u00efs \u00e0 3 rang\u00e9es\" class=\"wp-image-132\" title=\"\"><figcaption class=\"wp-element-caption\">Semoir de semences de ma\u00efs \u00e0 3 rangs<\/figcaption><\/figure>    <figure class=\"wp-block-image size-large\"><img loading=\"lazy\" decoding=\"async\" width=\"720\" height=\"540\" data-id=\"133\" src=\"https:\/\/corn-machine.com\/wp-content\/uploads\/2022\/09\/4-row-corn-planter-machine1.webp\" alt=\"Planteuse de ma\u00efs \u00e0 4 rang\u00e9es\" class=\"wp-image-133\" title=\"\"><figcaption class=\"wp-element-caption\">Planteuse de ma\u00efs \u00e0 4 rang\u00e9es<\/figcaption><\/figure> <\/figure>    <figure class=\"wp-block-gallery has-nested-images columns-default is-cropped wp-block-gallery-3 is-layout-flex wp-block-gallery-is-layout-flex\"> <figure class=\"wp-block-image size-large\"><img loading=\"lazy\" decoding=\"async\" width=\"720\" height=\"540\" data-id=\"134\" src=\"https:\/\/corn-machine.com\/wp-content\/uploads\/2022\/09\/6-row-maize-planting-machine1.webp\" alt=\"Planteuse de ma\u00efs \u00e0 6 rangs\" class=\"wp-image-134\" title=\"\"><figcaption class=\"wp-element-caption\">Planteuse de ma\u00efs \u00e0 6 rangs<\/figcaption><\/figure>    <figure class=\"wp-block-image size-large\"><img loading=\"lazy\" decoding=\"async\" width=\"720\" height=\"540\" data-id=\"135\" src=\"https:\/\/corn-machine.com\/wp-content\/uploads\/2022\/09\/8-row-corn-planting-machine1.webp\" alt=\"Planteuse de ma\u00efs \u00e0 8 rangs\" class=\"wp-image-135\" title=\"\"><figcaption class=\"wp-element-caption\">planter de ma\u00efs \u00e0 8 rangs<\/figcaption><\/figure> <\/figure>    <h2 class=\"wp-block-heading\" id=\"h-technical-parameters-of-maize-seed-planter\">Param\u00e8tres techniques du semoir de semences de ma\u00efs<\/h2>    <p>Il existe 6 types de planteurs de ma\u00efs tract\u00e9s, qui sont \u00e9quip\u00e9s de diff\u00e9rents nombres de bacs \u00e0 semences. Vous pouvez choisir celui qui vous convient le mieux. Nous proposons \u00e9galement le service de changement de vox en mat\u00e9riaux en verre ou en m\u00e9tal.<\/p>    <p>De plus, cette machine est \u00e9quip\u00e9e d'une roue de guidage \u00e0 grain unique. Lors de la s\u00e9lection des semences, vous pouvez choisir une roue de guidage \u00e0 grain unique pour un semis de grains fins.<\/p>    <figure class=\"wp-block-table\"><table><tbody><tr><td>Mod\u00e8le<\/td><td>2BYSF-2<\/td><td>2BYSF-3<\/td><td>2BYSF-4<\/td><td>2BYSF-5<\/td><td>2BYSF-6<\/td><td>2BYSF-8<\/td><\/tr><tr><td>Taille<\/td><td>1,57*1,3*1,2m<\/td><td>1,57*1,7*1,2m<\/td><td>1,62*2,35*1,2m<\/td><td>1,62*2,75*1,2m<\/td><td>1,62*3,35*1,2m<\/td><td>1,64*4,6*1,2m<\/td><\/tr><tr><td>Rang\u00e9e<\/td><td>2<\/td><td>3<\/td><td>4<\/td><td>5<\/td><td>6<\/td><td>8<\/td><\/tr><tr><td>\u00c9cartement des rangs<\/td><td>428-570mm<\/td><td>428-570mm<\/td><td>428-570mm<\/td><td>428-570mm<\/td><td>428-570mm<\/td><td>428-570mm<\/td><\/tr><tr><td>Espacement des plantes<\/td><td>140mm-280mm<\/td><td>140mm-280mm<\/td><td>140mm-280mm<\/td><td>140mm-280mm<\/td><td>140mm-280mm<\/td><td>140mm-280mm<\/td><\/tr><tr><td>Profondeur de foss\u00e9<\/td><td>&nbsp;60-80mm<\/td><td>&nbsp;60-80mm<\/td><td>&nbsp;60-80mm<\/td><td>&nbsp;60-80mm<\/td><td>&nbsp;60-80mm<\/td><td>&nbsp;60-80mm<\/td><\/tr><tr><td>Profondeur de fertilisation<\/td><td>60-80mm<\/td><td>60-80mm<\/td><td>60-80mm<\/td><td>60-80mm<\/td><td>60-80mm<\/td><td>60-80mm<\/td><\/tr><tr><td>Profondeur de semis<\/td><td>30-50mm<\/td><td>30-50mm<\/td><td>30-50mm<\/td><td>30-50mm<\/td><td>30-50mm<\/td><td>30-50mm<\/td><\/tr><tr><td>La capacit\u00e9 du r\u00e9servoir d'engrais<\/td><td>18,75 L x2<\/td><td>18,75 L x3<\/td><td>18,75 L x4<\/td><td>18,75 L x5<\/td><td>18,75 L x6<\/td><td>18,75 L x8<\/td><\/tr><tr><td>Capacit\u00e9 de la tr\u00e9mie<\/td><td>8,5 x 2<\/td><td>8,5 x 3<\/td><td>8,5 x 4<\/td><td>8,5 x 5<\/td><td>8,5 x 6<\/td><td>8,5 x 8<\/td><\/tr><tr><td>Poids<\/td><td>150 kg<\/td><td>200 kg<\/td><td>295 kg<\/td><td>360 kg<\/td><td>425kg<\/td><td>650 kg<\/td><\/tr><tr><td>Une puissance adapt\u00e9e<\/td><td>&nbsp;12-18 ch<\/td><td>15-25 ch<\/td><td>25-40 ch<\/td><td>40-60 ch<\/td><td>50-80 ch<\/td><td>75-100 ch<\/td><\/tr><tr><td>Lien<\/td><td>&nbsp;3 pointes<\/td><td>&nbsp;3 pointes<\/td><td>&nbsp;3 pointes<\/td><td>&nbsp;3 pointes<\/td><td>&nbsp;3 pointes<\/td><td>&nbsp;3 pointes<\/td><\/tr><\/tbody><\/table><figcaption class=\"wp-element-caption\">les param\u00e8tres du planteur de semences de ma\u00efs<\/figcaption><\/figure>    <h2 class=\"wp-block-heading\" id=\"h-application-of-corn-seed-planter-machine\">Diff\u00e9rentes applications de la machine \u00e0 planter du ma\u00efs<\/h2>    <p>Selon les caract\u00e9ristiques de la planteuse de ma\u00efs attel\u00e9e au tracteur, les graines dont la forme est similaire \u00e0 celle du ma\u00efs conviennent \u00e0 cette semoir pour graines de ma\u00efs, comme le haricot rouge, le haricot mungo, le soja, le sorgho, etc. Voici une vid\u00e9o montrant la machine \u00e0 semer le ma\u00efs en fonctionnement. Regardons son processus de fonctionnement !<\/p>    <figure class=\"wp-block-embed is-type-video is-provider-youtube wp-block-embed-youtube wp-embed-aspect-16-9 wp-has-aspect-ratio\"><div class=\"wp-block-embed__wrapper\"> <iframe loading=\"lazy\" title=\"Meilleure planteuse de ma\u00efs | Processus de travail moderne de la machine de plantation de ma\u00efs\" width=\"500\" height=\"281\" src=\"https:\/\/www.youtube.com\/embed\/1SswL7Jq75I?feature=oembed\" frameborder=\"0\" allow=\"accelerometer; autoplay; clipboard-write; encrypted-media; gyroscope; picture-in-picture; web-share\" referrerpolicy=\"strict-origin-when-cross-origin\" allowfullscreen><\/iframe> <\/div><figcaption class=\"wp-element-caption\">Vid\u00e9o de travail de la planteuse de ma\u00efs<\/figcaption><\/figure>    <h2 class=\"wp-block-heading\" id=\"h-corn-planting-machine-operation-points\">Points d'op\u00e9ration du planteur de ma\u00efs tract\u00e9 <\/h2>    <p>Apr\u00e8s avoir achet\u00e9 le semoir de ma\u00efs, vous devez lire attentivement le manuel d'instructions, participer \u00e0 la formation technique correspondante et utiliser correctement le semoir, ce qui peut r\u00e9duire la perte de machines et prolonger la dur\u00e9e de vie de la machine.<\/p>    <ol class=\"wp-block-list\"> <li>R\u00e9glez la machine avant de semer. De nombreuses parties du planteur doivent \u00eatre connect\u00e9es et lubrifi\u00e9es. Ajustez l'espacement des rangs et l'espacement des semis.<\/li>    <li>Lors du semis, il est n\u00e9cessaire d\u2019observer \u00e0 tout moment l\u2019\u00e9tat du semis. Le statut de semis comprend la quantit\u00e9 de semis, le lieu de semis, la profondeur de semis et le dosage d'engrais chimiques. S'il s'av\u00e8re non qualifi\u00e9, il doit \u00eatre arr\u00eat\u00e9 et r\u00e9ajust\u00e9.<\/li>    <li>Les clients doivent contr\u00f4ler la vitesse et la profondeur du semis en fonction de la situation r\u00e9elle. En raison de la diff\u00e9rence entre les terres, l'\u00e9paisseur de la couverture terrestre pendant le processus de plantation variera \u00e9galement. D'une mani\u00e8re g\u00e9n\u00e9rale, il doit couvrir environ 4 \u00e0 5 cm.<\/li> <\/ol>    <p class=\"translation-block\">Besoin de plus de petits planteurs de semences de ma\u00efs ? Peut-\u00eatre que celui-ci vous plaira : un <a href=\"https:\/\/corn-machine.com\/fr\/product\/semoir-manuel-de-semences-de-mais\/\">planter de semences de ma\u00efs manuel<\/a>, qui est adapt\u00e9 pour la plantation \u00e0 petite \u00e9chelle! <\/p>    <p>Si vous avez des questions ou des exigences concernant votre installation, veuillez me le faire savoir. N'h\u00e9sitez pas \u00e0 nous contacter !<\/p>    <p><\/p>","protected":false},"excerpt":{"rendered":"<p>Cette planteuse de semences de ma\u00efs permet la plantation \u00e0 grande \u00e9chelle de cultures sur plusieurs rangs et utilise un dispositif de semis haute pr\u00e9cision ayant un taux de conformit\u00e9 du comptage des grains sup\u00e9rieur \u00e0 80%.<\/p>","protected":false},"author":1,"featured_media":46,"parent":0,"template":"","tags":[24],"product-type":[39],"class_list":["post-44","product","type-product","status-publish","has-post-thumbnail","hentry","tag-maize-seed-planter","product-type-maize-planter-machine"],"_links":{"self":[{"href":"https:\/\/corn-machine.com\/fr\/wp-json\/wp\/v2\/product\/44","targetHints":{"allow":["GET"]}}],"collection":[{"href":"https:\/\/corn-machine.com\/fr\/wp-json\/wp\/v2\/product"}],"about":[{"href":"https:\/\/corn-machine.com\/fr\/wp-json\/wp\/v2\/types\/product"}],"author":[{"embeddable":true,"href":"https:\/\/corn-machine.com\/fr\/wp-json\/wp\/v2\/users\/1"}],"wp:featuredmedia":[{"embeddable":true,"href":"https:\/\/corn-machine.com\/fr\/wp-json\/wp\/v2\/media\/46"}],"wp:attachment":[{"href":"https:\/\/corn-machine.com\/fr\/wp-json\/wp\/v2\/media?parent=44"}],"wp:term":[{"taxonomy":"post_tag","embeddable":true,"href":"https:\/\/corn-machine.com\/fr\/wp-json\/wp\/v2\/tags?post=44"},{"taxonomy":"product-type","embeddable":true,"href":"https:\/\/corn-machine.com\/fr\/wp-json\/wp\/v2\/product-type?post=44"}],"curies":[{"name":"wp","href":"https:\/\/api.w.org\/{rel}","templated":true}]}}