{"id":47,"date":"2022-09-06T06:35:08","date_gmt":"2022-09-06T06:35:08","guid":{"rendered":"https:\/\/corn-machine.com\/?post_type=product&#038;p=47"},"modified":"2025-08-06T16:04:29","modified_gmt":"2025-08-06T08:04:29","slug":"efficient-maize-harvester-machine","status":"publish","type":"product","link":"https:\/\/corn-machine.com\/fr\/product\/machine-de-recolte-de-mais\/","title":{"rendered":"Machine de r\u00e9colte de ma\u00efs | Machine de r\u00e9colte de ma\u00efs \u00e0 vendre"},"content":{"rendered":"<p>La machine \u00e0 r\u00e9colter le ma\u00efs aide les agriculteurs \u00e0 terminer la r\u00e9colte des tiges de ma\u00efs lorsque le ma\u00efs est m\u00fbr. Avec l'aide de la machine \u00e0 r\u00e9colter le ma\u00efs, l'efficacit\u00e9 de la r\u00e9colte des cultures s'am\u00e9liorera consid\u00e9rablement et r\u00e9duira l'intensit\u00e9 de travail des agriculteurs. <\/p>    <p>Elle peut \u00eatre \u00e9quip\u00e9e d'un moteur diesel ou d'un moteur \u00e9lectrique pour garantir le fonctionnement de la machine. Avec une vitesse de travail de 0,72 \u00e0 1,44 km\/h, sa capacit\u00e9 peut \u00eatre garantie entre 0,03 et 0,06 hectare\/h. <\/p>    <p>Cette moissonneuse de ma\u00efs \u00e0 vendre est tr\u00e8s facile \u00e0 utiliser, et une personne peut accomplir toutes les proc\u00e9dures. De plus, cette machine est abordable et convient aux petites exploitations de ma\u00efs et aux terrains sp\u00e9ciaux en pente.<\/p>   <div class=\"wp-block-image\"> <figure class=\"aligncenter size-full\"><img loading=\"lazy\" decoding=\"async\" width=\"720\" height=\"540\" src=\"https:\/\/corn-machine.com\/wp-content\/uploads\/2022\/09\/maize-harvester-machines-in-plant.webp\" alt=\"\" class=\"wp-image-148\" title=\"\"><figcaption class=\"wp-element-caption\">machine de r\u00e9colte de ma\u00efs<\/figcaption><\/figure> <\/div>   <h2 class=\"wp-block-heading\" id=\"h-introduction-of-maize-harvester-machine\"><strong>Introduction de la machine de r\u00e9colte de ma\u00efs<\/strong><\/h2>    <p>La machine \u00e0 r\u00e9colter le ma\u00efs est propuls\u00e9e vers l'avant par une personne, et les pi\u00e8ces de travail sont entra\u00een\u00e9es par un moteur diesel ou un moteur \u00e9lectrique pour les op\u00e9rations de coupe et de r\u00e9colte. <\/p>    <p>La moissonneuse \u00e0 ma\u00efs \u00e0 une seule rang\u00e9e a presque les m\u00eames fonctions que la grande moissonneuse-batteuse de ma\u00efs, y compris la collecte, l\u2019\u00e9pluchage, le tri et le broyage des tiges, mais cette moissonneuse de ma\u00efs nouvellement con\u00e7ue est plus facile \u00e0 configurer et \u00e0 utiliser, de plus la hauteur de coupe de la machine est r\u00e9glable.<\/p>   <div class=\"wp-block-image\"> <figure class=\"aligncenter size-full\"><img loading=\"lazy\" decoding=\"async\" width=\"720\" height=\"540\" src=\"https:\/\/corn-machine.com\/wp-content\/uploads\/2022\/09\/corn-harvester-machin-in-plant.webp\" alt=\"\" class=\"wp-image-145\" title=\"\"><figcaption class=\"wp-element-caption\">machine de r\u00e9colte de ma\u00efs dans la plante<\/figcaption><\/figure> <\/div>  <div class=\"wp-block-image\"> <figure class=\"aligncenter size-full\"><img loading=\"lazy\" decoding=\"async\" width=\"720\" height=\"540\" src=\"https:\/\/corn-machine.com\/wp-content\/uploads\/2022\/09\/corn-harvester-in-plant.webp\" alt=\"r\u00e9colteuse de ma\u00efs en usine\" class=\"wp-image-144\" title=\"\"><figcaption class=\"wp-element-caption\">r\u00e9colteuse de ma\u00efs en usine<\/figcaption><\/figure> <\/div>   <h2 class=\"wp-block-heading\" id=\"h-advantages-of-single-row-maize-harvester\"><strong>Avantages de la moissonneuse \u00e0 ma\u00efs \u00e0 une seule rang\u00e9e<\/strong><\/h2>    <ol class=\"wp-block-list\"> <li>La moissonneuse de ma\u00efs \u00e0 une seule rang\u00e9e peut simultan\u00e9ment r\u00e9aliser la r\u00e9colte du ma\u00efs et le broyage de la paille pour retourner au champ, am\u00e9liorant ainsi la fertilit\u00e9 du sol tout en r\u00e9coltant le ma\u00efs.<\/li>    <li>Une efficacit\u00e9 sup\u00e9rieure \u00e0 celle de la r\u00e9colte manuelle, cette machine \u00e0 r\u00e9colter le ma\u00efs peut r\u00e9colter 0,03 \u00e0 0,06 hectares de ma\u00efs par heure.<\/li>    <li>La machine de d\u00e9coupe de ma\u00efs a une faible consommation de carburant, des performances \u00e9lev\u00e9es et l'ensemble de la machine est relativement peu co\u00fbteux, ce qui permet aux agriculteurs d'\u00e9conomiser de l'argent.<\/li>    <li>Elle est tr\u00e8s facile \u00e0 utiliser et peut \u00eatre mise en production par les agriculteurs apr\u00e8s une simple formation.<\/li>    <li>Cette machine de r\u00e9colte de ma\u00efs est petite et l\u00e9g\u00e8re, ce qui la rend tr\u00e8s flexible \u00e0 d\u00e9placer. Lorsqu'elle est \u00e9quip\u00e9e d'un moteur diesel, elle peut \u00eatre utilis\u00e9e dans de nombreux domaines, tels que les zones planes, vallonn\u00e9es et montagneuses.<\/li> <\/ol>    <h2 class=\"wp-block-heading\" id=\"h-parameters-of-corn-harvesting-machine\"><strong>Param\u00e8tres de la machine de r\u00e9colte de ma\u00efs<\/strong><\/h2>    <figure class=\"wp-block-table\"><table><tbody><tr><td>Mod\u00e8le<\/td><td>4YZ-1<\/td><\/tr><tr><td>Taille<\/td><td>1820 \u00d7 800 \u00d7 1190 mm<\/td><\/tr><tr><td>Poids<strong><\/strong><\/td><td>265kg<\/td><\/tr><tr><td>Vitesse de travail<\/td><td>0,72-1,44 km\/h<\/td><\/tr><tr><td>Capacit\u00e9<\/td><td>0,03-0,06\u00a0hectare\/h<\/td><\/tr><tr><td>Nombre de lames<\/td><td>10<\/td><\/tr><tr><td>Consommation de carburant de la zone de travail de l'unit\u00e9<\/td><td>\u226410kg\/h\u33a1<\/td><\/tr><\/tbody><\/table><figcaption class=\"wp-element-caption\">param\u00e8tres d\u00e9taill\u00e9s de la machine \u00e0 r\u00e9colter le ma\u00efs<\/figcaption><\/figure>    <h2 class=\"wp-block-heading\" id=\"h-global-case-of-maize-harvester-machine\"><strong>Cas mondial de machine de r\u00e9colte de ma\u00efs<\/strong><\/h2>    <p>Nous avons r\u00e9cemment \u00e9t\u00e9 contact\u00e9s par un client du Nigeria qui a command\u00e9 une machine \u00e0 r\u00e9colter le ma\u00efs. Il a pr\u00e9c\u00e9demment achet\u00e9 une machine \u00e0 d\u00e9cortiquer le ma\u00efs aupr\u00e8s de notre entreprise l'ann\u00e9e derni\u00e8re. <\/p>    <p class=\"translation-block\">Ce client nig\u00e9rian dirige une petite ferme dans son pays o\u00f9 les champs de ma\u00efs sont situ\u00e9s dans une zone vallonn\u00e9e, donc chaque fois que la saison de r\u00e9colte du ma\u00efs arrivait, il devait employer de nombreux ouvriers pour ramasser les <a href=\"https:\/\/en.wikipedia.org\/wiki\/Crop\" target=\"_blank\" rel=\"noopener\">r\u00e9coltes<\/a>. <\/p>    <p>Apr\u00e8s avoir re\u00e7u la recommandation d'une machine de r\u00e9colte de ma\u00efs \u00e0 une seule rang\u00e9e par son responsable de compte, il a d\u00e9termin\u00e9 le rendement et d'autres facteurs et a command\u00e9 30 moissonneuses de ma\u00efs aupr\u00e8s de Taizy Machinery. <\/p>    <p>Le client a maintenant re\u00e7u la machine et nous dit qu'il n'emploie d\u00e9sormais que la moiti\u00e9 du nombre de travailleurs qu'auparavant, mais que l'efficacit\u00e9 a maintenant augment\u00e9 de plus de 3 fois.<\/p>    <figure class=\"wp-block-gallery has-nested-images columns-default is-cropped wp-block-gallery-2 is-layout-flex wp-block-gallery-is-layout-flex\"> <figure class=\"wp-block-image size-large\"><img loading=\"lazy\" decoding=\"async\" width=\"720\" height=\"540\" data-id=\"146\" src=\"https:\/\/corn-machine.com\/wp-content\/uploads\/2022\/09\/load-and-delivery-.webp\" alt=\"\" class=\"wp-image-146\" title=\"\"><\/figure>    <figure class=\"wp-block-image size-large\"><img loading=\"lazy\" decoding=\"async\" width=\"720\" height=\"540\" data-id=\"147\" src=\"https:\/\/corn-machine.com\/wp-content\/uploads\/2022\/09\/loading-and-shipping-of-small-scale-corn-harvester-tuya1.webp\" alt=\"\" class=\"wp-image-147\" title=\"\"><\/figure> <\/figure>    <p><\/p>    <h2 class=\"wp-block-heading\" id=\"h-faqs-of-maize-harvester-for-sale\"><strong>FAQ de la r\u00e9colteuse de ma\u00efs \u00e0 vendre<\/strong><\/h2>    <div class=\"schema-faq wp-block-yoast-faq-block\"><div class=\"schema-faq-section\" id=\"faq-question-1662445667247\"><strong class=\"schema-faq-question\">La r\u00e9colteuse de ma\u00efs peut-elle d\u00e9chirer les enveloppes de ma\u00efs\u00a0?<\/strong> <p class=\"schema-faq-answer\">Non, ce n'est pas possible.<\/p> <\/div> <div class=\"schema-faq-section\" id=\"faq-question-1662445699563\"><strong class=\"schema-faq-question\">Comment la machine traite-t-elle les tiges de ma\u00efs ?<\/strong> <p class=\"schema-faq-answer\">La tige de ma\u00efs sera broy\u00e9e puis directement remise au champ.<\/p> <\/div> <div class=\"schema-faq-section\" id=\"faq-question-1662445724968\"><strong class=\"schema-faq-question\">Quelle est la hauteur de coupe de la tige de ma\u00efs ?<\/strong> <p class=\"schema-faq-answer\">Il est r\u00e9glable et la paille la plus courte restante est de 10 cm.<\/p> <\/div> <div class=\"schema-faq-section\" id=\"faq-question-1662445758835\"><strong class=\"schema-faq-question\">De combien de couteaux broyeurs la r\u00e9colteuse \u00e0 ma\u00efs est-elle \u00e9quip\u00e9e ?<\/strong> <p class=\"schema-faq-answer\">Il y a 10 couteaux \u00e9crasants.<\/p> <\/div> <div class=\"schema-faq-section\" id=\"faq-question-1662445809116\"><strong class=\"schema-faq-question\">Quelle est la configuration \u00e9lectrique de la machine ?<\/strong> <p class=\"schema-faq-answer\">&nbsp;Il comprend les moteurs essence 188F et les moteurs diesel 188F.<\/p> <\/div> <div class=\"schema-faq-section\" id=\"faq-question-1662445864028\"><strong class=\"schema-faq-question\">Combien de machines une armoire en bois de 20 pieds et une armoire en bois de 40 pieds peuvent-elles contenir\u00a0?<\/strong> <p class=\"schema-faq-answer\">26 unit\u00e9s pour conteneurs de 20 pieds et 54 unit\u00e9s pour conteneurs de 40 pieds.<\/p> <\/div> <div class=\"schema-faq-section\" id=\"faq-question-1662445898898\"><strong class=\"schema-faq-question\">Combien de cors la tr\u00e9mie de la machine peut-elle contenir ?<\/strong> <p class=\"schema-faq-answer\">La tr\u00e9mie de la r\u00e9colteuse de ma\u00efs peut contenir 30 \u00e0 50 ma\u00efs.<\/p> <\/div> <\/div>    <h2 class=\"wp-block-heading\"><strong>Autres outils utiles pour la culture du ma\u00efs<\/strong><\/h2>    <p>En plus de la machine \u00e0 r\u00e9colter le ma\u00efs, notre entreprise propose \u00e9galement d'autres machines \u00e0 ma\u00efs pratiques pour r\u00e9pondre \u00e0 tous les besoins en agriculture. <\/p>    <p>Y a-t-il un planteur de ma\u00efs plus pratique ? Comment r\u00e9soudre les probl\u00e8mes de stockage du ma\u00efs ? Pourriez-vous am\u00e9liorer la valeur de vos mat\u00e9riaux pour en tirer plus de b\u00e9n\u00e9fices ? Tous ces probl\u00e8mes peuvent \u00eatre r\u00e9solus en utilisant diff\u00e9rents outils.<\/p>    <p class=\"translation-block\">Nous pr\u00e9sentons le <a href=\"https:\/\/corn-machine.com\/fr\/product\/mobile-grain-dryer-for-drying-corn-rice\/\">s\u00e9choir \u00e0 grains mobile<\/a> pour le s\u00e9chage et le stockage du ma\u00efs. Cliquez sur le lien pour conna\u00eetre son processus de travail et plus de d\u00e9tails. Si vous avez une ferme avec d'\u00e9normes mati\u00e8res premi\u00e8res et que vous souhaitez cr\u00e9er un nouvel atelier pour g\u00e9n\u00e9rer plus de profits. La <a href=\"https:\/\/corn-machine.com\/fr\/product\/maize-grits-making-machine\/\">machine \u00e0 faire des gruaux de ma\u00efs<\/a> est un bon choix pour produire des gruaux et de la farine de ma\u00efs \u00e0 vendre.<\/p>    <p>Nous ne sommes que des fournisseurs d\u2019opinions pour vous aider \u00e0 choisir la machine la plus adapt\u00e9e \u00e0 vos besoins. Si vous avez des probl\u00e8mes et que vous souhaitez demander le prix exact de toute machine, n\u2019h\u00e9sitez pas \u00e0 nous contacter.<\/p>","protected":false},"excerpt":{"rendered":"<p>Convient pour la r\u00e9colte de ma\u00efs \u00e0 petite \u00e9chelle et les terrains vallonn\u00e9s sp\u00e9ciaux, cette machine de r\u00e9colte de ma\u00efs peut am\u00e9liorer l'efficacit\u00e9 du travail et r\u00e9duire consid\u00e9rablement l'intensit\u00e9 du travail.<\/p>","protected":false},"author":1,"featured_media":49,"parent":0,"template":"","tags":[18],"product-type":[40],"class_list":["post-47","product","type-product","status-publish","has-post-thumbnail","hentry","tag-maize-harvester-machine","product-type-corn-harvesting-machine"],"_links":{"self":[{"href":"https:\/\/corn-machine.com\/fr\/wp-json\/wp\/v2\/product\/47","targetHints":{"allow":["GET"]}}],"collection":[{"href":"https:\/\/corn-machine.com\/fr\/wp-json\/wp\/v2\/product"}],"about":[{"href":"https:\/\/corn-machine.com\/fr\/wp-json\/wp\/v2\/types\/product"}],"author":[{"embeddable":true,"href":"https:\/\/corn-machine.com\/fr\/wp-json\/wp\/v2\/users\/1"}],"wp:featuredmedia":[{"embeddable":true,"href":"https:\/\/corn-machine.com\/fr\/wp-json\/wp\/v2\/media\/49"}],"wp:attachment":[{"href":"https:\/\/corn-machine.com\/fr\/wp-json\/wp\/v2\/media?parent=47"}],"wp:term":[{"taxonomy":"post_tag","embeddable":true,"href":"https:\/\/corn-machine.com\/fr\/wp-json\/wp\/v2\/tags?post=47"},{"taxonomy":"product-type","embeddable":true,"href":"https:\/\/corn-machine.com\/fr\/wp-json\/wp\/v2\/product-type?post=47"}],"curies":[{"name":"wp","href":"https:\/\/api.w.org\/{rel}","templated":true}]}}