{"id":51,"date":"2022-09-06T07:00:55","date_gmt":"2022-09-06T07:00:55","guid":{"rendered":"https:\/\/corn-machine.com\/?post_type=product&#038;p=51"},"modified":"2025-07-17T11:39:39","modified_gmt":"2025-07-17T03:39:39","slug":"manual-corn-seed-planter","status":"publish","type":"product","link":"https:\/\/corn-machine.com\/fr\/product\/semoir-manuel-de-semences-de-mais\/","title":{"rendered":"Planteur manuel de graines de ma\u00efs | Semoir de ma\u00efs \u00e0 pouss\u00e9e manuelle"},"content":{"rendered":"<p class=\"translation-block\">Le semoir de ma\u00efs est sp\u00e9cialement con\u00e7u pour semer toutes sortes de cultures pour planter du ma\u00efs, des cacahu\u00e8tes, du bl\u00e9, des cacahu\u00e8tes, du soja et d'autres cultures. Nous avons diff\u00e9rentes capacit\u00e9s et styles de semoirs de ma\u00efs manuels. Notre semoir \u00e0 main a \u00e9t\u00e9 export\u00e9 au Nigeria, au Kenya, au P\u00e9rou et dans plus de 30 autres pays et r\u00e9gions. De plus, Taizy Machinery propose \u00e9galement un <a href=\"https:\/\/corn-machine.com\/fr\/product\/maize-seed-planter\/\">semoir de ma\u00efs automatique<\/a>, n'h\u00e9sitez pas \u00e0 vous renseigner.<\/p>    <h2 class=\"wp-block-heading\" id=\"h-type-one-double-bin-manual-corn-seed-planter\">Type un\u00a0: planteur manuel de semences de ma\u00efs \u00e0 double bac<\/h2>   <div class=\"wp-block-image\"> <figure class=\"aligncenter size-full\"><img loading=\"lazy\" decoding=\"async\" width=\"720\" height=\"540\" src=\"https:\/\/corn-machine.com\/wp-content\/uploads\/2022\/09\/manual-corn-seed-planter.webp\" alt=\"semoir manuel de semences de ma\u00efs\" class=\"wp-image-142\" title=\"\"><figcaption>semoir manuel de semences de ma\u00efs<\/figcaption><\/figure> <\/div>   <p>Le semoir manuel \u00e0 double bac est largement utilis\u00e9 pour semer du ma\u00efs, du soja, du bl\u00e9, du sorgho d'arachide, etc. Ce semoir de ma\u00efs se compose principalement de la tr\u00e9mie d'alimentation, de la roue, de la poign\u00e9e, de la pelle, de la partie couvrant le sol et de la partie semoir. Deux personnes sont n\u00e9cessaires pour travailler ensemble lors du semis. Une personne tire la corde plus loin et l'autre personne se d\u00e9place avec le semoir \u00e0 ma\u00efs. Ce petit planteur de ma\u00efs n'utilise aucune \u00e9nergie, seulement de la main d'\u0153uvre, cette machine est peu co\u00fbteuse, bienvenue \u00e0 consulter.<\/p>    <figure class=\"wp-block-table\"><table><tbody><tr><td>Mod\u00e8le<\/td><td>TZY-100<\/td><\/tr><tr><td>Capacit\u00e9<\/td><td>0,5 acre\/h<\/td><\/tr><tr><td>Taille<\/td><td>1370*420*900mm<\/td><\/tr><tr><td>Poids<\/td><td>12 kg<\/td><\/tr><\/tbody><\/table><\/figure>    <h2 class=\"wp-block-heading\" id=\"h-type-two-corn-planter-with-gasoline-engine\">Type deux\u00a0: semoir \u00e0 ma\u00efs avec moteur \u00e0 essence<\/h2>    <figure class=\"wp-block-gallery has-nested-images columns-default is-cropped wp-block-gallery-2 is-layout-flex wp-block-gallery-is-layout-flex\"> <figure class=\"wp-block-image size-large\"><img loading=\"lazy\" decoding=\"async\" width=\"720\" height=\"540\" data-id=\"141\" src=\"https:\/\/corn-machine.com\/wp-content\/uploads\/2022\/09\/manual-corn-seed-planter-2.webp\" alt=\"semoir manuel de semences de ma\u00efs\" class=\"wp-image-141\" title=\"\"><figcaption>semoir manuel de semences de ma\u00efs <\/figcaption><\/figure>    <figure class=\"wp-block-image size-large\"><img loading=\"lazy\" decoding=\"async\" width=\"720\" height=\"540\" data-id=\"140\" src=\"https:\/\/corn-machine.com\/wp-content\/uploads\/2022\/09\/manual-corn-planter.webp\" alt=\"semoir \u00e0 ma\u00efs manuel\" class=\"wp-image-140\" title=\"\"><figcaption>semoir \u00e0 ma\u00efs manuel<\/figcaption><\/figure> <\/figure>    <p>Ce planteur de ma\u00efs est une mise \u00e0 niveau du planteur de ma\u00efs traditionnel. Ce planteur de ma\u00efs portatif est propuls\u00e9 par un moteur \u00e0 essence et fonctionne avec une seule personne, am\u00e9liorant ainsi l'efficacit\u00e9. Nous proposons deux types de moteurs \u00e0 essence. L'un est le moteur \u00e0 essence 170F et l'autre est le moteur \u00e0 essence 152F.<\/p>    <h2 class=\"wp-block-heading\" id=\"h-type-three-one-row-hand-corn-sowing-machine\">Type trois\u00a0: semoir de ma\u00efs manuel \u00e0 une rang\u00e9e<\/h2>    <figure class=\"wp-block-gallery has-nested-images columns-default is-cropped wp-block-gallery-3 is-layout-flex wp-block-gallery-is-layout-flex\"> <figure class=\"wp-block-image size-large\"><img loading=\"lazy\" decoding=\"async\" width=\"720\" height=\"540\" data-id=\"139\" src=\"https:\/\/corn-machine.com\/wp-content\/uploads\/2022\/09\/corn-seed-planter.webp\" alt=\"semoir de graines de ma\u00efs\" class=\"wp-image-139\" title=\"\"><figcaption>semoir de graines de ma\u00efs<\/figcaption><\/figure>    <figure class=\"wp-block-image size-large\"><img loading=\"lazy\" decoding=\"async\" width=\"720\" height=\"540\" data-id=\"143\" src=\"https:\/\/corn-machine.com\/wp-content\/uploads\/2022\/09\/structure-of-manual-corn-planter.webp\" alt=\"structure du planteur de ma\u00efs manuel\" class=\"wp-image-143\" title=\"\"><figcaption>structure du planteur de ma\u00efs manuel<\/figcaption><\/figure> <\/figure>    <p>Conception avanc\u00e9e\u00a0: <\/p>    <p>1. Conception de bec en fer \u00e9pais en acier inoxydable: un bec en fer \u00e9paissi est utilis\u00e9 sur la roue, et ils adoptent une conception de bec de canard bionique, qui peut briser le sol rapidement et garantir que la profondeur de semis r\u00e9pond aux exigences.<\/p>    <p>2. La conception de la roue de couverture du sol : la roue de couverture du sol peut \u00eatre remplie de sable ou d'eau, ce qui est pratique pour couvrir le sol apr\u00e8s le semis.<\/p>    <p>3. Bo\u00eete de stockage de graines en plastique : Une bo\u00eete en plastique transparente est utilis\u00e9e pour stocker les graines, afin que les agriculteurs puissent facilement v\u00e9rifier la quantit\u00e9 de graines.<\/p>    <figure class=\"wp-block-table\"><table><tbody><tr><td>Profondeur de semis<\/td><td>3,5-7,8 cm<\/td><\/tr><tr><td>Quantit\u00e9 de semis<\/td><td>1-3 pi\u00e8ces, r\u00e9glables<\/td><\/tr><tr><td>Bec de canard<\/td><td>Max. 12 pi\u00e8ces<\/td><\/tr><tr><td>Poids<\/td><td>11 kg<\/td><\/tr><tr><td>Taille d'emballage<\/td><td>58*58*25\u00a0mm<\/td><\/tr><\/tbody><\/table><\/figure>    <h2 class=\"wp-block-heading\" id=\"h-advantages-of-manual-corn-seed-planter\">Avantages du planteur manuel de semences de ma\u00efs<\/h2>    <ol class=\"wp-block-list\"><li>Les semoirs de ma\u00efs manuels ont diff\u00e9rents styles, et les leurs sont tous de structure tr\u00e8s simple et plus pratiques \u00e0 utiliser.<\/li><li>Le planteur de ma\u00efs \u00e0 pousser manuellement est l\u00e9ger, facile \u00e0 d\u00e9placer et adapt\u00e9 aux zones vallonn\u00e9es et montagneuses.<\/li><li>Le semoir manuel de graines de ma\u00efs convient au semis de diverses cultures, telles que le bl\u00e9, les haricots mungo, le sorgho, le coton, le bl\u00e9, le soja, le ma\u00efs, etc.<\/li><\/ol>    <h2 class=\"wp-block-heading\" id=\"h-working-video-of-manual-corn-seed-planter\">Vid\u00e9o de travail du semoir manuel de semences de ma\u00efs<\/h2>    <figure class=\"wp-block-embed is-type-video is-provider-youtube wp-block-embed-youtube wp-embed-aspect-16-9 wp-has-aspect-ratio\"><div class=\"wp-block-embed__wrapper\"> <iframe loading=\"lazy\" title=\"Planteur de ma\u00efs manuel \u00e0 faible co\u00fbt\/plantation de ma\u00efs\/plantation de ma\u00efs machine \u00e0 main agricole \u00e0 bas prix\" width=\"500\" height=\"281\" src=\"https:\/\/www.youtube.com\/embed\/MLVGQUKfoAk?list=PL58YSJlfYgUlVabVFuymOuUMA3Umeccre\" frameborder=\"0\" allow=\"accelerometer; autoplay; clipboard-write; encrypted-media; gyroscope; picture-in-picture; web-share\" referrerpolicy=\"strict-origin-when-cross-origin\" allowfullscreen><\/iframe> <\/div><\/figure>","protected":false},"excerpt":{"rendered":"<p>Maize seeder planter is specially designed for sowing all kinds of crops for planting corn, peanuts, wheat, peanuts, soybeans and other various crops. We have different capacities and styles of manual corn seed planter. Our hand-operated seed sowing machine has been exported to Nigeria, Kenya, Peru and more than 30 other countries and regions. In [&hellip;]<\/p>\n","protected":false},"author":1,"featured_media":53,"parent":0,"template":"","tags":[19],"product-type":[39],"class_list":["post-51","product","type-product","status-publish","has-post-thumbnail","hentry","tag-maize-planter","product-type-maize-planter-machine"],"_links":{"self":[{"href":"https:\/\/corn-machine.com\/fr\/wp-json\/wp\/v2\/product\/51","targetHints":{"allow":["GET"]}}],"collection":[{"href":"https:\/\/corn-machine.com\/fr\/wp-json\/wp\/v2\/product"}],"about":[{"href":"https:\/\/corn-machine.com\/fr\/wp-json\/wp\/v2\/types\/product"}],"author":[{"embeddable":true,"href":"https:\/\/corn-machine.com\/fr\/wp-json\/wp\/v2\/users\/1"}],"wp:featuredmedia":[{"embeddable":true,"href":"https:\/\/corn-machine.com\/fr\/wp-json\/wp\/v2\/media\/53"}],"wp:attachment":[{"href":"https:\/\/corn-machine.com\/fr\/wp-json\/wp\/v2\/media?parent=51"}],"wp:term":[{"taxonomy":"post_tag","embeddable":true,"href":"https:\/\/corn-machine.com\/fr\/wp-json\/wp\/v2\/tags?post=51"},{"taxonomy":"product-type","embeddable":true,"href":"https:\/\/corn-machine.com\/fr\/wp-json\/wp\/v2\/product-type?post=51"}],"curies":[{"name":"wp","href":"https:\/\/api.w.org\/{rel}","templated":true}]}}