{"id":54,"date":"2022-09-06T07:11:15","date_gmt":"2022-09-06T07:11:15","guid":{"rendered":"https:\/\/corn-machine.com\/?post_type=product&#038;p=54"},"modified":"2025-08-29T16:49:03","modified_gmt":"2025-08-29T08:49:03","slug":"fresh-corn-sheller-machine","status":"publish","type":"product","link":"https:\/\/corn-machine.com\/fr\/product\/fresh-corn-sheller-machine\/","title":{"rendered":"Machine \u00e9plucheuse de ma\u00efs frais | Machine \u00e9plucheuse de ma\u00efs sucr\u00e9"},"content":{"rendered":"<p class=\"translation-block\">La machine \u00e0 d\u00e9cortiquer le ma\u00efs frais <strong>Taizy SUS304<\/strong> est utilis\u00e9e pour peler les grains de ma\u00efs frais et de ma\u00efs doux sans les endommager. La vitesse de battage avec le d\u00e9cortiqueur automatique de ma\u00efs doux est si rapide qu'elle peut d\u00e9cortiquer 400-500 kg de grains par heure.<\/p>    <p>Elle est couramment utilis\u00e9e dans les usines de transformation du ma\u00efs, les usines de production de conserves de ma\u00efs et les usines de production d'aliments congel\u00e9s, etc. Plusieurs machines \u00e0 d\u00e9cortiquer le ma\u00efs doux peuvent \u00eatre utilis\u00e9es avec de grandes cha\u00eenes de montage, qui sont des machines n\u00e9cessaires pour les entreprises de transformation du ma\u00efs.<\/p>   <div class=\"wp-block-image\"> <figure class=\"aligncenter size-large\"><img loading=\"lazy\" decoding=\"async\" width=\"720\" height=\"540\" src=\"https:\/\/corn-machine.com\/wp-content\/uploads\/2022\/09\/fresh-corn-threshing-machine.webp\" alt=\"batteuse de ma\u00efs frais\" class=\"wp-image-163\" title=\"\"><figcaption class=\"wp-element-caption\">batteuse de ma\u00efs frais<\/figcaption><\/figure> <\/div>   <h2 class=\"wp-block-heading\">Vid\u00e9o de fonctionnement de la machine \u00e0 d\u00e9cortiquer le ma\u00efs frais<\/h2>    <figure class=\"wp-block-embed is-type-video is-provider-youtube wp-block-embed-youtube wp-embed-aspect-16-9 wp-has-aspect-ratio\"><div class=\"wp-block-embed__wrapper\"> <iframe loading=\"lazy\" title=\"Batteuse de ma\u00efs frais \u00e0 chaud | Progr\u00e8s de travail de la batteuse de ma\u00efs sucr\u00e9\" width=\"500\" height=\"281\" src=\"https:\/\/www.youtube.com\/embed\/h4n44zJXueQ?start=21&#038;feature=oembed\" frameborder=\"0\" allow=\"accelerometer; autoplay; clipboard-write; encrypted-media; gyroscope; picture-in-picture; web-share\" referrerpolicy=\"strict-origin-when-cross-origin\" allowfullscreen><\/iframe> <\/div><figcaption class=\"wp-element-caption\">vid\u00e9o de fonctionnement de la machine \u00e0 d\u00e9cortiquer le ma\u00efs doux<\/figcaption><\/figure>    <h2 class=\"wp-block-heading\" id=\"h-technical-parameters-of-corn-thresher-for-sale\">Param\u00e8tres techniques de la batteuse de ma\u00efs \u00e0 vendre<\/h2>    <figure class=\"wp-block-table\"><table><tbody><tr><td>Mod\u00e8le<\/td><td>TZ-268 TZ-368<\/td><\/tr><tr><td>Pouvoir<\/td><td>1,2 kW<\/td><\/tr><tr><td>Tension<\/td><td>220V<\/td><\/tr><tr><td>Capacit\u00e9<\/td><td>400-500kg\/h graines (Alimentation d'environ 75 \u00e9pis de ma\u00efs par minute)<\/td><\/tr><tr><td>Vitesse du convoyeur<\/td><td>&nbsp;V = 15 m\/min<\/td><\/tr><tr><td>Taille de la machine<\/td><td>1150*500*1300mm<\/td><\/tr><\/tbody><\/table><figcaption class=\"wp-element-caption\">param\u00e8tres techniques de la machine \u00e0 peler le ma\u00efs doux<\/figcaption><\/figure>    <p>Nous proposons \u00e9galement un mod\u00e8le de TZ-368, qui a les m\u00eames sp\u00e9cifications que le TZ-268. Mais il est \u00e9quip\u00e9 d'un convoyeur pour une vitesse d'alimentation plus rapide. De plus, la machine \u00e0 d\u00e9cortiquer le ma\u00efs frais est enti\u00e8rement fabriqu\u00e9e en SUS404. Donc, si vous avez des normes \u00e9lev\u00e9es pour vos produits, la machine \u00e0 d\u00e9cortiquer le ma\u00efs doux Taizy peut parfaitement r\u00e9pondre \u00e0 vos besoins.<\/p>    <h2 class=\"wp-block-heading\" id=\"h-advantages-of-fresh-corn-sheller-machine\">Avantages de la d\u00e9cortiqueuse de ma\u00efs frais<\/h2>    <ol class=\"wp-block-list\"> <li>Cette d\u00e9cortiqueuse de ma\u00efs frais peut \u00eatre utilis\u00e9e pour une large gamme de mati\u00e8res premi\u00e8res et peut battre en douceur tous les types de ma\u00efs sucr\u00e9 et de ma\u00efs collant.<\/li>    <li>La lame \u00e0 l'int\u00e9rieur de la machine \u00e0 d\u00e9cortiquer le ma\u00efs doux a une duret\u00e9 \u00e9lev\u00e9e, une bonne r\u00e9sistance \u00e0 l'usure et un long cycle d'aff\u00fbtage, ayant subi plusieurs phases de recherche et d\u00e9veloppement pour am\u00e9liorer consid\u00e9rablement l'efficacit\u00e9 de production.<\/li>    <li>La coupe des grains de ma\u00efs est lisse et s\u00e8che, et la machine n'endommage pas les grains de ma\u00efs cireux, avec un taux \u00e9lev\u00e9 d'\u00e9limination des grains de ma\u00efs.<\/li>    <li>La profondeur des grains de ma\u00efs frais est r\u00e9glable, ce qui permet de r\u00e9pondre aux diff\u00e9rents besoins des utilisateurs.<\/li> <\/ol>   <div class=\"wp-block-image\"> <figure class=\"aligncenter size-large\"><img loading=\"lazy\" decoding=\"async\" width=\"720\" height=\"540\" src=\"https:\/\/corn-machine.com\/wp-content\/uploads\/2022\/09\/Sweet-corn-threshing-machine.webp\" alt=\"Batteuse de ma\u00efs sucr\u00e9\" class=\"wp-image-168\" title=\"\"><figcaption class=\"wp-element-caption\">Batteuse de ma\u00efs sucr\u00e9<\/figcaption><\/figure> <\/div>   <h2 class=\"wp-block-heading\" id=\"h-application-of-fresh-corn-sheller-machine\">Application de la d\u00e9cortiqueuse de ma\u00efs frais<\/h2>    <p>Cette machine \u00e0 d\u00e9cortiquer le ma\u00efs doux est con\u00e7ue pour le travail de d\u00e9corticage du ma\u00efs frais, adapt\u00e9e \u00e0 diff\u00e9rents types de ma\u00efs, y compris le ma\u00efs doux, le ma\u00efs \u00e0 fruits et le ma\u00efs collant. Le d\u00e9cortiqueur de ma\u00efs doux peut facilement s\u00e9parer les graines des tiges. De plus, nous proposons \u00e9galement des machines \u00e0 d\u00e9cortiquer pour le ma\u00efs sec et des machines \u00e0 d\u00e9cortiquer multifonctions \u00e0 vendre. Elles conviennent aux ma\u00efs ayant une teneur en eau \u226414%.<\/p>    <figure class=\"wp-block-gallery has-nested-images columns-default is-cropped wp-block-gallery-2 is-layout-flex wp-block-gallery-is-layout-flex\"> <figure class=\"wp-block-image size-large\"><img loading=\"lazy\" decoding=\"async\" width=\"720\" height=\"540\" data-id=\"160\" src=\"https:\/\/corn-machine.com\/wp-content\/uploads\/2022\/09\/application-of-corn-threshing-machine.webp\" alt=\"application de la batteuse de ma\u00efs\" class=\"wp-image-160\" title=\"\"><figcaption class=\"wp-element-caption\">application de la batteuse de ma\u00efsapplication de la batteuse de ma\u00efs<\/figcaption><\/figure>    <figure class=\"wp-block-image size-large\"><img loading=\"lazy\" decoding=\"async\" width=\"720\" height=\"540\" data-id=\"162\" src=\"https:\/\/corn-machine.com\/wp-content\/uploads\/2022\/09\/effect-of-maize-thresher-machine.webp\" alt=\"effet de la batteuse de ma\u00efs\" class=\"wp-image-162\" title=\"\"><figcaption class=\"wp-element-caption\">effet de la d\u00e9cortiqueuse de ma\u00efs frais<\/figcaption><\/figure> <\/figure>    <p>La machine \u00e0 battre le ma\u00efs sucr\u00e9 convient \u00e0 l'industrie de transformation des aliments surgel\u00e9s, aux usines de conserves de ma\u00efs, aux usines de jus de pulpe de ma\u00efs surgel\u00e9e, aux usines de transformation du ma\u00efs, au traitement des sous-produits agricoles et \u00e0 d'autres industries.<\/p>    <p>Pour la plupart des restaurants, ce type de machine \u00e0 d\u00e9cortiquer le ma\u00efs frais est \u00e9galement un bon appareil pour les aider \u00e0 \u00e9conomiser du travail et du temps. De plus, la plupart des gourmets pensent que les grains de ma\u00efs fra\u00eechement cuits ont meilleur go\u00fbt. Si votre restaurant recherche des ingr\u00e9dients de haute qualit\u00e9, c'est un bon choix pour vous. <\/p>    <p class=\"translation-block\">Nous avons un client qui a command\u00e9 cette machine pour sa cuisine centrale, et sa salade de ma\u00efs est tr\u00e8s demand\u00e9e m\u00eame maintenant. Si vous voulez entendre cette histoire, cliquez ici : <a href=\"https:\/\/corn-machine.com\/fr\/Info\/sweet-corn-sheller-ordered-by-restaurant-usa\/\">D\u00e9cortiqueurs de ma\u00efs doux command\u00e9s par un restaurant BBQ \u00e0 Orlando<\/a>.<\/p>    <figure class=\"wp-block-gallery has-nested-images columns-default is-cropped wp-block-gallery-3 is-layout-flex wp-block-gallery-is-layout-flex\"> <figure class=\"wp-block-image size-large\"><img loading=\"lazy\" decoding=\"async\" width=\"720\" height=\"540\" data-id=\"164\" src=\"https:\/\/corn-machine.com\/wp-content\/uploads\/2022\/09\/frozen-corn-kernels.webp\" alt=\"grains de ma\u00efs surgel\u00e9s\" class=\"wp-image-164\" title=\"\"><figcaption class=\"wp-element-caption\">grains de ma\u00efs surgel\u00e9s<\/figcaption><\/figure>    <figure class=\"wp-block-image size-large\"><img loading=\"lazy\" decoding=\"async\" width=\"720\" height=\"540\" data-id=\"161\" src=\"https:\/\/corn-machine.com\/wp-content\/uploads\/2022\/09\/canned-sweet-corn.webp\" alt=\"ma\u00efs sucr\u00e9 en conserve\" class=\"wp-image-161\" title=\"\"><figcaption class=\"wp-element-caption\">ma\u00efs sucr\u00e9 en conserve<\/figcaption><\/figure> <\/figure>    <h2 class=\"wp-block-heading\" id=\"h-advanced-structure-of-sweet-corn-thresher\">Structure avanc\u00e9e de la machine \u00e0 \u00e9plucher le ma\u00efs sucr\u00e9<\/h2>    <p>La machine \u00e0 battre le ma\u00efs sucr\u00e9 se compose principalement d'une partie d'alimentation, d'un m\u00e9canisme de s\u00e9paration des grains et des \u00e9pis, d'un m\u00e9canisme d'exportation des \u00e9pis, d'un port de d\u00e9charge des grains de ma\u00efs et d'un syst\u00e8me de contr\u00f4le \u00e9lectrique.<\/p>   <div class=\"wp-block-image\"> <figure class=\"aligncenter size-full\"><img loading=\"lazy\" decoding=\"async\" width=\"720\" height=\"540\" src=\"https:\/\/corn-machine.com\/wp-content\/uploads\/2022\/09\/structure-of-sweet-corn-sheller-machine.webp\" alt=\"structure de la d\u00e9cortiqueuse de ma\u00efs sucr\u00e9\" class=\"wp-image-167\" title=\"\"><figcaption class=\"wp-element-caption\">Structure de la d\u00e9cortiqueuse de ma\u00efs frais<\/figcaption><\/figure> <\/div>   <ol class=\"wp-block-list\"> <li>La partie d'alimentation est introduite dans le convoyeur par un <strong>convoyeur \u00e0 cha\u00eene en acier inoxydable<\/strong>, avec la t\u00eate de ma\u00efs tourn\u00e9e vers l'avant. Le convoyeur utilise une cha\u00eene en acier inoxydable pour transporter \u00e0 une vitesse constante. Le convoyeur est compos\u00e9 de rouleaux en caoutchouc de qualit\u00e9 alimentaire, qui sont doux et flexibles et n'endommageront pas la peau ext\u00e9rieure du ma\u00efs.<\/li>    <li>La partie de s\u00e9paration du grain et de l'\u00e9pi est compos\u00e9e de<strong> couteaux et de disques de coupe uniques<\/strong>, qui peuvent facilement couper des \u00e9pis de ma\u00efs de diff\u00e9rents diam\u00e8tres. La lame tourne \u00e0 grande vitesse pendant le travail, ce qui est proche du ma\u00efs, et peut g\u00e9rer les \u00e9pis de ma\u00efs courb\u00e9s. Le couteau peut couper axialement et radialement, ce qui am\u00e9liore consid\u00e9rablement le rendement des grains de ma\u00efs.<\/li> <\/ol>    <figure class=\"wp-block-gallery has-nested-images columns-default is-cropped wp-block-gallery-4 is-layout-flex wp-block-gallery-is-layout-flex\"> <figure class=\"wp-block-image size-large\"><img loading=\"lazy\" decoding=\"async\" width=\"720\" height=\"540\" data-id=\"166\" src=\"https:\/\/corn-machine.com\/wp-content\/uploads\/2022\/09\/Rubber-feed-wheels-.webp\" alt=\"Roues d&#039;alimentation en caoutchouc\" class=\"wp-image-166\" title=\"\"><figcaption class=\"wp-element-caption\">Roues d'alimentation en caoutchouc<\/figcaption><\/figure>    <figure class=\"wp-block-image size-large\"><img loading=\"lazy\" decoding=\"async\" width=\"720\" height=\"540\" data-id=\"165\" src=\"https:\/\/corn-machine.com\/wp-content\/uploads\/2022\/09\/inner-blades-of-the-sweet-corn-sheller-machine.webp\" alt=\"lames int\u00e9rieures de la d\u00e9cortiqueuse de ma\u00efs sucr\u00e9\" class=\"wp-image-165\" title=\"\"><figcaption class=\"wp-element-caption\">lames int\u00e9rieures de la d\u00e9cortiqueuse de ma\u00efs sucr\u00e9<\/figcaption><\/figure> <\/figure>    <p>Ceci est la conception int\u00e9rieure d\u00e9taill\u00e9e de la plaque \u00e0 lames, et la plaque \u00e0 lames, qui est la partie la plus importante de cette machine \u00e0 \u00e9plucher le ma\u00efs frais en acier inoxydable. La partie suivante vous montrera comment entretenir une telle machine, et quand vous rencontrez des probl\u00e8mes lors de son utilisation, comment les r\u00e9soudre.<\/p>    <figure class=\"wp-block-gallery has-nested-images columns-default is-cropped wp-block-gallery-5 is-layout-flex wp-block-gallery-is-layout-flex\"> <figure class=\"wp-block-image size-large\"><img loading=\"lazy\" decoding=\"async\" width=\"720\" height=\"540\" data-id=\"857\" src=\"https:\/\/corn-machine.com\/wp-content\/uploads\/2022\/09\/structure-of-blade.webp\" alt=\"structure de la lame de la machine \u00e0 \u00e9plucher le ma\u00efs frais\" class=\"wp-image-857\" title=\"\" srcset=\"https:\/\/corn-machine.com\/wp-content\/uploads\/2022\/09\/structure-of-blade.webp 720w, https:\/\/corn-machine.com\/wp-content\/uploads\/2022\/09\/structure-of-blade-300x225.webp 300w, https:\/\/corn-machine.com\/wp-content\/uploads\/2022\/09\/structure-of-blade-16x12.webp 16w\" sizes=\"auto, (max-width: 720px) 100vw, 720px\" \/><figcaption class=\"wp-element-caption\">structure de la lame<\/figcaption><\/figure>    <figure class=\"wp-block-image size-large\"><img loading=\"lazy\" decoding=\"async\" width=\"720\" height=\"540\" data-id=\"856\" src=\"https:\/\/corn-machine.com\/wp-content\/uploads\/2022\/09\/structure-of-blade-plate.webp\" alt=\"structure de la plaque \u00e0 lames de la machine \u00e0 \u00e9plucher le ma\u00efs sucr\u00e9\" class=\"wp-image-856\" title=\"\" srcset=\"https:\/\/corn-machine.com\/wp-content\/uploads\/2022\/09\/structure-of-blade-plate.webp 720w, https:\/\/corn-machine.com\/wp-content\/uploads\/2022\/09\/structure-of-blade-plate-300x225.webp 300w, https:\/\/corn-machine.com\/wp-content\/uploads\/2022\/09\/structure-of-blade-plate-16x12.webp 16w\" sizes=\"auto, (max-width: 720px) 100vw, 720px\" \/><figcaption class=\"wp-element-caption\">structure de la plaque \u00e0 lames<\/figcaption><\/figure> <\/figure>    <h2 class=\"wp-block-heading\" id=\"h-precaution-of-fresh-corn-sheller\">Pr\u00e9cautions pour l'utilisation de la machine \u00e0 d\u00e9cortiquer le ma\u00efs frais<\/h2>    <ol class=\"wp-block-list\"> <li>Les \u00e9pis de ma\u00efs utilis\u00e9s pour le battage doivent \u00eatre d\u00e9barrass\u00e9s de leurs feuilles d'enveloppement ext\u00e9rieures et de leurs barbes avant d'\u00eatre introduits dans la machine.<\/li>    <li>Apr\u00e8s l'op\u00e9ration quotidienne, le personnel doit nettoyer rapidement la plaque \u00e0 couteaux ainsi que les parties d'alimentation et de d\u00e9charge pour \u00e9viter que le jus de ma\u00efs excessif ne colle et ne r\u00e9duise l'efficacit\u00e9 de la coupe.<\/li>    <li>Pour un meilleur effet de stripping, le ma\u00efs doit de pr\u00e9f\u00e9rence \u00eatre intact, et le haut du ma\u00efs doit \u00eatre retir\u00e9. De plus, la longueur du ma\u00efs sucr\u00e9 doit de pr\u00e9f\u00e9rence \u00eatre sup\u00e9rieure \u00e0 8 cm.<\/li>    <li>L'op\u00e9rateur doit suivre la proc\u00e9dure d'alimentation correcte pour permettre au ma\u00efs d'\u00eatre introduit uniform\u00e9ment dans la cha\u00eene d'alimentation. En cas de blocage persistant de l'alimentation, veuillez en informer imm\u00e9diatement le personnel de maintenance professionnel.<\/li>    <li>Il ne faut pas placer les mains ni d'autres objets non destin\u00e9s \u00e0 l'alimentation sur l'orifice d'alimentation. Sinon, les lames de la d\u00e9cortiqueuse de ma\u00efs fra\u00eeche causeront des blessures et la machine sera gravement endommag\u00e9e.<\/li>    <li>Pour assurer la s\u00e9curit\u00e9 du personnel et le fonctionnement de la petite machine \u00e0 \u00e9plucher le ma\u00efs, seuls les op\u00e9rateurs form\u00e9s sont autoris\u00e9s \u00e0 l'utiliser, \u00e0 l'ajuster et \u00e0 l'entretenir.<\/li> <\/ol>    <h2 class=\"wp-block-heading\" id=\"h-faqs-of-corn-thresher-machine\">FAQ sur la machine \u00e0 d\u00e9cortiquer le ma\u00efs cireux<\/h2>   <div id=\"rank-math-faq\" class=\"rank-math-block\"> <div class=\"rank-math-list\"> <div id=\"faq-question-1755068693566\" class=\"rank-math-list-item\"> <h3 class=\"rank-math-question\">La profondeur de coupe du ma\u00efs peut-elle \u00eatre contr\u00f4l\u00e9e ?<\/h3> <div class=\"rank-math-answer\">  <p>Oui, cela d\u00e9pend du convertisseur de fr\u00e9quence, qui est toujours r\u00e9gl\u00e9 sur 40 Hz-60 Hz. Et plus la vitesse de la lame est rapide, plus les grains de ma\u00efs sont coup\u00e9s en profondeur.<\/p>  <\/div> <\/div> <div id=\"faq-question-1755068868137\" class=\"rank-math-list-item\"> <h3 class=\"rank-math-question\">La vitesse de la machine traitant le ma\u00efs peut-elle \u00eatre contr\u00f4l\u00e9e\u00a0?<\/h3> <div class=\"rank-math-answer\">  <p>Oui, la vitesse de rotation des couteaux est contr\u00f4l\u00e9e par l'onduleur, et la vitesse du convoyeur est fixe.<\/p>  <\/div> <\/div> <div id=\"faq-question-1755069077497\" class=\"rank-math-list-item\"> <h3 class=\"rank-math-question\">Que dois-je faire si le processus d'alimentation est bloqu\u00e9 ?<\/h3> <div class=\"rank-math-answer\">  <p>Si la machine est bloqu\u00e9e ou coinc\u00e9e avec du ma\u00efs, vous devez d'abord arr\u00eater la machine, puis appuyer sur le bouton de marche arri\u00e8re pour laisser le ma\u00efs sortir en marche arri\u00e8re.<\/p>  <\/div> <\/div> <div id=\"faq-question-1755069228426\" class=\"rank-math-list-item\"> <h3 class=\"rank-math-question\">Quel est le prix de l'\u00e9conome de ma\u00efs doux ?<\/h3> <div class=\"rank-math-answer\">  <p>Le co\u00fbt de cette machine est de quelques milliers de dollars, et il ajoutera le prix pour l\u2019exp\u00e9dition, l\u2019emballage et d\u2019autres dispositifs personnalis\u00e9s.<\/p>  <\/div> <\/div> <\/div> <\/div>   <h2 class=\"wp-block-heading\"><strong>Combien cela co\u00fbtera-t-il si vous voulez acheter une machine \u00e0 d\u00e9cortiquer le ma\u00efs frais ?<\/strong><\/h2>    <p>Le prix total sera de quelques milliers de dollars, ce qui inclut les frais de transport, le prix de la machine elle-m\u00eame et certaines pi\u00e8ces d'usure. Mais nous proposons une exp\u00e9dition mondiale et m\u00eame un transport porte-\u00e0-porte.<\/p>    <p>Notre tension peut \u00eatre personnalis\u00e9e selon les r\u00e9gions, et le co\u00fbt est inf\u00e9rieur \u00e0 $200. Normalement, dans les 7 jours ouvrables suivant la r\u00e9ception du paiement, notre usine commencera la production de la machine. Mais si vous n'avez pas beaucoup d'exigences particuli\u00e8res pour la machine, nous avons des produits en stock pour les urgences.<\/p>    <p>Si vous souhaitez obtenir des conseils gratuits sur les prix exacts de ce type de d\u00e9cortiqueuse de ma\u00efs fra\u00eeche, n'h\u00e9sitez pas \u00e0 nous contacter !<\/p>","protected":false},"excerpt":{"rendered":"<p>Sans aucun dommage des grains de ma\u00efs, cette machine \u00e9plucheuse de ma\u00efs frais assistera votre cha\u00eene de transformation alimentaire du ma\u00efs.<\/p>","protected":false},"author":1,"featured_media":56,"parent":0,"template":"","tags":[20],"product-type":[42],"class_list":["post-54","product","type-product","status-publish","has-post-thumbnail","hentry","tag-corn-thresher","product-type-maize-sheller-machine"],"_links":{"self":[{"href":"https:\/\/corn-machine.com\/fr\/wp-json\/wp\/v2\/product\/54","targetHints":{"allow":["GET"]}}],"collection":[{"href":"https:\/\/corn-machine.com\/fr\/wp-json\/wp\/v2\/product"}],"about":[{"href":"https:\/\/corn-machine.com\/fr\/wp-json\/wp\/v2\/types\/product"}],"author":[{"embeddable":true,"href":"https:\/\/corn-machine.com\/fr\/wp-json\/wp\/v2\/users\/1"}],"wp:featuredmedia":[{"embeddable":true,"href":"https:\/\/corn-machine.com\/fr\/wp-json\/wp\/v2\/media\/56"}],"wp:attachment":[{"href":"https:\/\/corn-machine.com\/fr\/wp-json\/wp\/v2\/media?parent=54"}],"wp:term":[{"taxonomy":"post_tag","embeddable":true,"href":"https:\/\/corn-machine.com\/fr\/wp-json\/wp\/v2\/tags?post=54"},{"taxonomy":"product-type","embeddable":true,"href":"https:\/\/corn-machine.com\/fr\/wp-json\/wp\/v2\/product-type?post=54"}],"curies":[{"name":"wp","href":"https:\/\/api.w.org\/{rel}","templated":true}]}}