{"id":567,"date":"2025-07-07T14:49:18","date_gmt":"2025-07-07T06:49:18","guid":{"rendered":"https:\/\/corn-machine.com\/?post_type=product&#038;p=567"},"modified":"2025-07-17T11:41:51","modified_gmt":"2025-07-17T03:41:51","slug":"stainless-steel-flour-mill-machine","status":"publish","type":"product","link":"https:\/\/corn-machine.com\/fr\/product\/stainless-steel-flour-mill-machine\/","title":{"rendered":"Machine \u00e0 farine en acier inoxydable pour le traitement des aliments"},"content":{"rendered":"<p>La machine \u00e0 moudre la farine en acier inoxydable utilise de l'acier inoxydable de qualit\u00e9 alimentaire comme mat\u00e9riau pour transformer des grains comestibles, des \u00e9pices et des herbes en poudre de diff\u00e9rentes finesse. Elle est \u00e9quip\u00e9e de diff\u00e9rents types de tamis pour d\u00e9terminer la maille souhait\u00e9e. (20-120 mailles peuvent \u00eatre choisies)<\/p>    <p>Avec un syst\u00e8me de contr\u00f4le d\u2019utilisation facile, le moulin \u00e0 aliments \u00e9lectrique fonctionne en douceur et a un faible niveau sonore. Mais cette caract\u00e9ristique n\u2019influence pas sa capacit\u00e9 de production, qui peut varier de 10 kg\/h \u00e0 1500 kg\/h.<\/p>    <figure class=\"wp-block-embed is-type-video is-provider-youtube wp-block-embed-youtube wp-embed-aspect-16-9 wp-has-aspect-ratio\"><div class=\"wp-block-embed__wrapper\"> <iframe loading=\"lazy\" title=\"Machine \u00e0 farine en acier inoxydable de qualit\u00e9 alimentaire, broie la poudre finement et efficacement #moulin\u00e0grain\" width=\"500\" height=\"281\" src=\"https:\/\/www.youtube.com\/embed\/j6OkycYfHPk?feature=oembed\" frameborder=\"0\" allow=\"accelerometer; autoplay; clipboard-write; encrypted-media; gyroscope; picture-in-picture; web-share\" referrerpolicy=\"strict-origin-when-cross-origin\" allowfullscreen><\/iframe> <\/div><figcaption class=\"wp-element-caption\">les d\u00e9tails du processus de broyage<\/figcaption><\/figure>    <h2 class=\"wp-block-heading\"><strong>Points forts de la machine \u00e0 farine en acier inoxydable<\/strong><\/h2>    <ul class=\"wp-block-list\"> <li>Ce moulin \u00e0 grains est con\u00e7u en acier inoxydable 304, ce qui lui permet d'atteindre des normes alimentaires pour garantir la qualit\u00e9 des aliments transform\u00e9s.<\/li>    <li>Il a un large \u00e9ventail d'applications. Par exemple, il peut moudre des grains, des haricots et m\u00eame des \u00e9pices. La finesse peut \u00eatre ajust\u00e9e pour r\u00e9pondre \u00e0 diff\u00e9rents besoins en mati\u00e8re de transformation des aliments.<\/li>    <li>La machine \u00e0 farine en acier inoxydable est facile \u00e0 nettoyer et \u00e0 entretenir, et sa surface lisse inhibe la croissance des bact\u00e9ries.<\/li> <\/ul>   <div class=\"wp-block-image\"> <figure class=\"aligncenter size-full\"><img loading=\"lazy\" decoding=\"async\" width=\"720\" height=\"540\" src=\"https:\/\/corn-machine.com\/wp-content\/uploads\/2025\/07\/different-types-of-stainless-steel-food-grinder-machine.webp\" alt=\"Diff\u00e9rents types de moulin \u00e0 aliments en acier inoxydable pour le traitement des aliments\" class=\"wp-image-579\" title=\"\" srcset=\"https:\/\/corn-machine.com\/wp-content\/uploads\/2025\/07\/different-types-of-stainless-steel-food-grinder-machine.webp 720w, https:\/\/corn-machine.com\/wp-content\/uploads\/2025\/07\/different-types-of-stainless-steel-food-grinder-machine-300x225.webp 300w, https:\/\/corn-machine.com\/wp-content\/uploads\/2025\/07\/different-types-of-stainless-steel-food-grinder-machine-16x12.webp 16w\" sizes=\"auto, (max-width: 720px) 100vw, 720px\" \/><figcaption class=\"wp-element-caption\">Diff\u00e9rents types de moulins \u00e0 aliments en acier inoxydable<\/figcaption><\/figure> <\/div>   <h2 class=\"wp-block-heading\"><strong>Quels mat\u00e9riaux peuvent \u00eatre broy\u00e9s ?<\/strong><\/h2>    <p>Cette machine \u00e0 farine en acier inoxydable offre une large gamme d'options pour le traitement des mat\u00e9riaux. Elle peut \u00e9galement changer le tamis pour contr\u00f4ler la taille de la farine de 20 \u00e0 120 mailles.<\/p>    <p class=\"translation-block\">Il peut broyer la plupart des c\u00e9r\u00e9ales, telles que le ma\u00efs, le sorgho, l'orge, le <a href=\"https:\/\/en.wikipedia.org\/wiki\/Buckwheat\" target=\"_blank\" rel=\"noopener\">sarrasin<\/a>, le bl\u00e9, l'avoine, etc. Les produits peuvent \u00eatre vendus directement sur les march\u00e9s ou dans les supermarch\u00e9s \u00e0 un bon prix. <\/p>    <p>Les \u00e9pices peuvent \u00e9galement \u00eatre r\u00e9duites en poudre fine en utilisant ce moulin \u00e0 grains, comme la poudre de chili qui est populaire dans certaines r\u00e9gions pour cuisiner. <\/p>    <p>Le traitement de caf\u00e9 en grains \u00e0 grande \u00e9chelle est \u00e9galement une opportunit\u00e9 commerciale viable pour ceux qui cherchent \u00e0 produire de la poudre de caf\u00e9 de haute qualit\u00e9 \u00e0 vendre. Cette machine peut vous aider \u00e0 r\u00e9aliser vos projets.<\/p>   <div class=\"wp-block-image\"> <figure class=\"aligncenter size-full\"><img loading=\"lazy\" decoding=\"async\" width=\"720\" height=\"540\" src=\"https:\/\/corn-machine.com\/wp-content\/uploads\/2025\/07\/raw-materials-and-the-final-products.webp\" alt=\"mati\u00e8res premi\u00e8res et produits finaux trait\u00e9s\" class=\"wp-image-584\" title=\"\" srcset=\"https:\/\/corn-machine.com\/wp-content\/uploads\/2025\/07\/raw-materials-and-the-final-products.webp 720w, https:\/\/corn-machine.com\/wp-content\/uploads\/2025\/07\/raw-materials-and-the-final-products-300x225.webp 300w, https:\/\/corn-machine.com\/wp-content\/uploads\/2025\/07\/raw-materials-and-the-final-products-16x12.webp 16w\" sizes=\"auto, (max-width: 720px) 100vw, 720px\" \/><figcaption class=\"wp-element-caption\">mati\u00e8res premi\u00e8res et produits finis<\/figcaption><\/figure> <\/div>   <h2 class=\"wp-block-heading\"><strong>Structure du moulin \u00e0 aliments<\/strong><\/h2>    <p>Il y a 6 parties de la structure externe de la machine \u00e0 farine en acier inoxydable : l'entr\u00e9e, le r\u00e9glage de la vitesse, l'\u00e9crou de r\u00e9glage, la cavit\u00e9 de broyage, le bouton d'interrupteur et la sortie.<\/p>   <div class=\"wp-block-image\"> <figure class=\"aligncenter size-full\"><img loading=\"lazy\" decoding=\"async\" width=\"720\" height=\"540\" src=\"https:\/\/corn-machine.com\/wp-content\/uploads\/2025\/07\/the-structure-of-stainless-steel-milling-machine.webp\" alt=\"La structure d\u00e9taill\u00e9e de la machine de fraisage en acier inoxydable\" class=\"wp-image-578\" title=\"\" srcset=\"https:\/\/corn-machine.com\/wp-content\/uploads\/2025\/07\/the-structure-of-stainless-steel-milling-machine.webp 720w, https:\/\/corn-machine.com\/wp-content\/uploads\/2025\/07\/the-structure-of-stainless-steel-milling-machine-300x225.webp 300w, https:\/\/corn-machine.com\/wp-content\/uploads\/2025\/07\/the-structure-of-stainless-steel-milling-machine-16x12.webp 16w\" sizes=\"auto, (max-width: 720px) 100vw, 720px\" \/><figcaption class=\"wp-element-caption\">la structure de la machine de fraisage en acier inoxydable<\/figcaption><\/figure> <\/div>   <h2 class=\"wp-block-heading\"><strong>Diff\u00e9rents types de structure interne<\/strong><\/h2>    <p>Les diff\u00e9rents types ont presque la m\u00eame structure, mais il existe quatre types de structures internes comme suit. <\/p>    <p>Nous avons con\u00e7u des types de lames, des types de marteaux crois\u00e9s, des types de pignons et des types de turbos pour diff\u00e9rents besoins de broyage. Tous peuvent traiter la plupart des m\u00eames mat\u00e9riaux, nous offrons donc des choix pour les personnes ayant des exigences sp\u00e9ciales.<\/p>    <figure class=\"wp-block-gallery has-nested-images columns-2 is-cropped wp-block-gallery-2 is-layout-flex wp-block-gallery-is-layout-flex\"> <figure class=\"wp-block-image size-large\"><img loading=\"lazy\" decoding=\"async\" width=\"720\" height=\"540\" data-id=\"570\" src=\"https:\/\/corn-machine.com\/wp-content\/uploads\/2025\/07\/blade-type.webp\" alt=\"machine \u00e0 farine en acier inoxydable de type lame\" class=\"wp-image-570\" title=\"\" srcset=\"https:\/\/corn-machine.com\/wp-content\/uploads\/2025\/07\/blade-type.webp 720w, https:\/\/corn-machine.com\/wp-content\/uploads\/2025\/07\/blade-type-300x225.webp 300w, https:\/\/corn-machine.com\/wp-content\/uploads\/2025\/07\/blade-type-16x12.webp 16w\" sizes=\"auto, (max-width: 720px) 100vw, 720px\" \/><figcaption class=\"wp-element-caption\">type de lame<\/figcaption><\/figure>    <figure class=\"wp-block-image size-large\"><img loading=\"lazy\" decoding=\"async\" width=\"720\" height=\"540\" data-id=\"571\" src=\"https:\/\/corn-machine.com\/wp-content\/uploads\/2025\/07\/cross-hammer-type.webp\" alt=\"Machine de moulin \u00e0 farine en acier inoxydable de type marteau crois\u00e9\" class=\"wp-image-571\" title=\"\" srcset=\"https:\/\/corn-machine.com\/wp-content\/uploads\/2025\/07\/cross-hammer-type.webp 720w, https:\/\/corn-machine.com\/wp-content\/uploads\/2025\/07\/cross-hammer-type-300x225.webp 300w, https:\/\/corn-machine.com\/wp-content\/uploads\/2025\/07\/cross-hammer-type-16x12.webp 16w\" sizes=\"auto, (max-width: 720px) 100vw, 720px\" \/><figcaption class=\"wp-element-caption\">type de marteau crois\u00e9<\/figcaption><\/figure>    <figure class=\"wp-block-image size-large\"><img loading=\"lazy\" decoding=\"async\" width=\"720\" height=\"540\" data-id=\"572\" src=\"https:\/\/corn-machine.com\/wp-content\/uploads\/2025\/07\/sprocket-type.webp\" alt=\"roue dent\u00e9e en acier inoxydable pour machine \u00e0 farine\" class=\"wp-image-572\" title=\"\" srcset=\"https:\/\/corn-machine.com\/wp-content\/uploads\/2025\/07\/sprocket-type.webp 720w, https:\/\/corn-machine.com\/wp-content\/uploads\/2025\/07\/sprocket-type-300x225.webp 300w, https:\/\/corn-machine.com\/wp-content\/uploads\/2025\/07\/sprocket-type-16x12.webp 16w\" sizes=\"auto, (max-width: 720px) 100vw, 720px\" \/><figcaption class=\"wp-element-caption\">type de pignon<\/figcaption><\/figure>    <figure class=\"wp-block-image size-large\"><img loading=\"lazy\" decoding=\"async\" width=\"720\" height=\"540\" data-id=\"573\" src=\"https:\/\/corn-machine.com\/wp-content\/uploads\/2025\/07\/turbo-type.webp\" alt=\"machine \u00e0 farine en acier inoxydable de type turbo\" class=\"wp-image-573\" title=\"\" srcset=\"https:\/\/corn-machine.com\/wp-content\/uploads\/2025\/07\/turbo-type.webp 720w, https:\/\/corn-machine.com\/wp-content\/uploads\/2025\/07\/turbo-type-300x225.webp 300w, https:\/\/corn-machine.com\/wp-content\/uploads\/2025\/07\/turbo-type-16x12.webp 16w\" sizes=\"auto, (max-width: 720px) 100vw, 720px\" \/><figcaption class=\"wp-element-caption\">type turbo<\/figcaption><\/figure> <\/figure>    <p>En tant que moulin \u00e0 farine en acier inoxydable tr\u00e8s populaire, Taizy continue de l\u2019am\u00e9liorer pour une utilisation plus facile et des normes de production de produits de haute qualit\u00e9. Si vous souhaitez conna\u00eetre plus de d\u00e9tails ou si vous \u00eates int\u00e9ress\u00e9 par nos autres machines, n\u2019h\u00e9sitez pas \u00e0 nous contacter.<\/p>    <h2 class=\"wp-block-heading\"><strong>Moulin \u00e0 grains<\/strong>s<strong> avec diff\u00e9rents mod\u00e8les et leurs param\u00e8tres<\/strong><\/h2>    <figure class=\"wp-block-table\"><table><tbody><tr><td><strong>Mod\u00e8le<\/strong><\/td><td class=\"has-text-align-center\" data-align=\"center\">15B<\/td><td class=\"has-text-align-center\" data-align=\"center\">20B<\/td><td class=\"has-text-align-center\" data-align=\"center\">30B<\/td><td class=\"has-text-align-center\" data-align=\"center\">40B<\/td><td class=\"has-text-align-center\" data-align=\"center\">50B<\/td><\/tr><tr><td><strong>Capacit\u00e9 (kg\/h)<\/strong><\/td><td class=\"has-text-align-center\" data-align=\"center\">10-60<\/td><td class=\"has-text-align-center\" data-align=\"center\">60-150<\/td><td class=\"has-text-align-center\" data-align=\"center\">100-300<\/td><td class=\"has-text-align-center\" data-align=\"center\">160-800<\/td><td class=\"has-text-align-center\" data-align=\"center\">500-1500<\/td><\/tr><tr><td><strong>Taille du mat\u00e9riau (mm)<\/strong><\/td><td class=\"has-text-align-center\" data-align=\"center\">&lt;8<\/td><td class=\"has-text-align-center\" data-align=\"center\">&lt;8<\/td><td class=\"has-text-align-center\" data-align=\"center\">&lt;10<\/td><td class=\"has-text-align-center\" data-align=\"center\">&lt;12<\/td><td class=\"has-text-align-center\" data-align=\"center\">&lt;14<\/td><\/tr><tr><td><strong>Finesse (maillage)<\/strong><\/td><td class=\"has-text-align-center\" data-align=\"center\">20-120<\/td><td class=\"has-text-align-center\" data-align=\"center\">20-120<\/td><td class=\"has-text-align-center\" data-align=\"center\">20-120<\/td><td class=\"has-text-align-center\" data-align=\"center\">20-120<\/td><td class=\"has-text-align-center\" data-align=\"center\">20-120<\/td><\/tr><tr><td><strong>Puissance (kW)<\/strong><\/td><td class=\"has-text-align-center\" data-align=\"center\">2.2<\/td><td class=\"has-text-align-center\" data-align=\"center\">4<\/td><td class=\"has-text-align-center\" data-align=\"center\">7.5<\/td><td class=\"has-text-align-center\" data-align=\"center\">11<\/td><td class=\"has-text-align-center\" data-align=\"center\">18.5<\/td><\/tr><tr><td><strong>Vitesse de rotation (tr\/min)<\/strong><\/td><td class=\"has-text-align-center\" data-align=\"center\">6000<\/td><td class=\"has-text-align-center\" data-align=\"center\">4500<\/td><td class=\"has-text-align-center\" data-align=\"center\">3800<\/td><td class=\"has-text-align-center\" data-align=\"center\">3400<\/td><td class=\"has-text-align-center\" data-align=\"center\">3200<\/td><\/tr><tr><td><strong>Puissance (kW)<\/strong><\/td><td class=\"has-text-align-center\" data-align=\"center\">550*6000*1000<\/td><td class=\"has-text-align-center\" data-align=\"center\">600*550*1250<\/td><td class=\"has-text-align-center\" data-align=\"center\">700*600*1450<\/td><td class=\"has-text-align-center\" data-align=\"center\">900*800*1550<\/td><td class=\"has-text-align-center\" data-align=\"center\">1000*900*1680<\/td><\/tr><tr><td><strong>Poids (kg)<\/strong><\/td><td class=\"has-text-align-center\" data-align=\"center\">150<\/td><td class=\"has-text-align-center\" data-align=\"center\">280<\/td><td class=\"has-text-align-center\" data-align=\"center\">340<\/td><td class=\"has-text-align-center\" data-align=\"center\">450<\/td><td class=\"has-text-align-center\" data-align=\"center\">530<\/td><\/tr><\/tbody><\/table><figcaption class=\"wp-element-caption\">param\u00e8tres des machines \u00e0 farine en acier inoxydable<\/figcaption><\/figure>    <h2 class=\"wp-block-heading\"><strong>Quelle est la diff\u00e9rence entre une machine \u00e0 farine en acier inoxydable et d'autres types courants ?<\/strong><\/h2>    <ul class=\"wp-block-list\"> <li>La machine \u00e0 farine en acier inoxydable a une r\u00e9sistance \u00e0 la corrosion sup\u00e9rieure \u00e0 celle des autres machines ayant la m\u00eame fonction. Il est donc plus facile \u00e0 nettoyer et il n'est pas n\u00e9cessaire de s'inqui\u00e9ter de la rouille.<\/li>    <li>Mat\u00e9riau en acier inoxydable avec une surface plus lisse, il n'abrite donc pas facilement les bact\u00e9ries lors du traitement des produits.<\/li>    <li>Le mat\u00e9riau en acier inoxydable a une meilleure duret\u00e9 et t\u00e9nacit\u00e9, ce qui permet \u00e0 la machine \u00e0 farine d'avoir une dur\u00e9e de vie plus longue et plus durable.<\/li> <\/ul>    <figure class=\"wp-block-gallery has-nested-images columns-default is-cropped wp-block-gallery-3 is-layout-flex wp-block-gallery-is-layout-flex\"> <figure class=\"wp-block-image size-full\"><img loading=\"lazy\" decoding=\"async\" width=\"720\" height=\"540\" data-id=\"582\" src=\"https:\/\/corn-machine.com\/wp-content\/uploads\/2025\/07\/the-normal-style-of-stainless-steel-flour-mill-machine.webp\" alt=\"le style normal de machine \u00e0 farine en acier inoxydable pour moudre des mat\u00e9riaux alimentaires\" class=\"wp-image-582\" title=\"\" srcset=\"https:\/\/corn-machine.com\/wp-content\/uploads\/2025\/07\/the-normal-style-of-stainless-steel-flour-mill-machine.webp 720w, https:\/\/corn-machine.com\/wp-content\/uploads\/2025\/07\/the-normal-style-of-stainless-steel-flour-mill-machine-300x225.webp 300w, https:\/\/corn-machine.com\/wp-content\/uploads\/2025\/07\/the-normal-style-of-stainless-steel-flour-mill-machine-16x12.webp 16w\" sizes=\"auto, (max-width: 720px) 100vw, 720px\" \/><figcaption class=\"wp-element-caption\">le style normal de la machine \u00e0 farine en acier inoxydable<\/figcaption><\/figure>    <figure class=\"wp-block-image size-full\"><img loading=\"lazy\" decoding=\"async\" width=\"720\" height=\"540\" data-id=\"583\" src=\"https:\/\/corn-machine.com\/wp-content\/uploads\/2025\/07\/the-stainless-steel-style-of-stainless-steel-flour-mill.webp\" alt=\"le style en acier inoxydable de la machine \u00e0 farine en acier inoxydable pour le traitement des aliments.\" class=\"wp-image-583\" title=\"\" srcset=\"https:\/\/corn-machine.com\/wp-content\/uploads\/2025\/07\/the-stainless-steel-style-of-stainless-steel-flour-mill.webp 720w, https:\/\/corn-machine.com\/wp-content\/uploads\/2025\/07\/the-stainless-steel-style-of-stainless-steel-flour-mill-300x225.webp 300w, https:\/\/corn-machine.com\/wp-content\/uploads\/2025\/07\/the-stainless-steel-style-of-stainless-steel-flour-mill-16x12.webp 16w\" sizes=\"auto, (max-width: 720px) 100vw, 720px\" \/><figcaption class=\"wp-element-caption\">le style en acier inoxydable de la machine \u00e0 farine en acier inoxydable<\/figcaption><\/figure> <\/figure>    <p class=\"translation-block\">Le moulin \u00e0 c\u00e9r\u00e9ales en acier inoxydable est plus adapt\u00e9 au broyage de c\u00e9r\u00e9ales, d'\u00e9pices et d'autres produits similaires. La machine de broyage normale peut traiter des produits plus volumineux ou des aliments pour animaux \u00e0 vendre. Nous avons des <a href=\"https:\/\/corn-machine.com\/fr\/product\/small-maize-grinding-machine\/\">broyeurs \u00e0 disques<\/a>, des <a href=\"https:\/\/corn-machine.com\/fr\/product\/hammer-mill-grinder-for-corn\/\">broyeurs \u00e0 marteaux<\/a> et d'autres types de machines agricoles \u00e0 vendre. Cliquez dessus pour plus de d\u00e9tails.<\/p>","protected":false},"excerpt":{"rendered":"<p>Les moulins \u00e0 farine en acier inoxydable produisent des produits en poudre de qualit\u00e9 alimentaire. Des instruments de haute pr\u00e9cision permettent de produire des particules de 20 \u00e0 120 mesh avec des capacit\u00e9s allant de 10 kg\/h \u00e0 1500 kg\/h.<\/p>","protected":false},"author":1,"featured_media":569,"parent":0,"template":"","tags":[32],"product-type":[43],"class_list":["post-567","product","type-product","status-publish","has-post-thumbnail","hentry","tag-corn-flour","product-type-maize-grinding-mill-machine"],"_links":{"self":[{"href":"https:\/\/corn-machine.com\/fr\/wp-json\/wp\/v2\/product\/567","targetHints":{"allow":["GET"]}}],"collection":[{"href":"https:\/\/corn-machine.com\/fr\/wp-json\/wp\/v2\/product"}],"about":[{"href":"https:\/\/corn-machine.com\/fr\/wp-json\/wp\/v2\/types\/product"}],"author":[{"embeddable":true,"href":"https:\/\/corn-machine.com\/fr\/wp-json\/wp\/v2\/users\/1"}],"wp:featuredmedia":[{"embeddable":true,"href":"https:\/\/corn-machine.com\/fr\/wp-json\/wp\/v2\/media\/569"}],"wp:attachment":[{"href":"https:\/\/corn-machine.com\/fr\/wp-json\/wp\/v2\/media?parent=567"}],"wp:term":[{"taxonomy":"post_tag","embeddable":true,"href":"https:\/\/corn-machine.com\/fr\/wp-json\/wp\/v2\/tags?post=567"},{"taxonomy":"product-type","embeddable":true,"href":"https:\/\/corn-machine.com\/fr\/wp-json\/wp\/v2\/product-type?post=567"}],"curies":[{"name":"wp","href":"https:\/\/api.w.org\/{rel}","templated":true}]}}