{"id":57,"date":"2022-09-06T07:17:43","date_gmt":"2022-09-05T23:17:43","guid":{"rendered":"https:\/\/corn-machine.com\/?post_type=product&#038;p=57"},"modified":"2025-07-23T18:28:54","modified_gmt":"2025-07-23T10:28:54","slug":"automatic-corn-sheller","status":"publish","type":"product","link":"https:\/\/corn-machine.com\/fr\/product\/decortiqueuse-de-mais-automatique\/","title":{"rendered":"D\u00e9cortiqueuse de ma\u00efs automatique | Batteuse de ma\u00efs"},"content":{"rendered":"<p class=\"translation-block\">La machine \u00e0 d\u00e9cortiquer le ma\u00efs automatique est con\u00e7ue pour le ma\u00efs s\u00e9ch\u00e9 au soleil et convient aux usines de transformation des grains et aux agriculteurs de toutes tailles. La machine \u00e0 d\u00e9cortiquer le ma\u00efs peut rapidement d\u00e9cortiquer l'\u00e9pi de ma\u00efs s\u00e9ch\u00e9, et les grains s\u00e9ch\u00e9s peuvent \u00eatre transform\u00e9s en farine de ma\u00efs, en semoule, ou vendus directement. De plus, si vos mati\u00e8res premi\u00e8res sont du ma\u00efs doux frais, nous avons \u00e9galement <a href=\"https:\/\/corn-machine.com\/fr\/product\/fresh-corn-sheller-machine\/\"> un d\u00e9cortiqueur de ma\u00efs frais <\/a> \u00e0 vendre. Le d\u00e9cortiqueur de ma\u00efs peut \u00eatre aliment\u00e9 par un moteur diesel ou \u00e9lectrique selon les demandes des clients. Contactez-nous maintenant et dites-nous ce dont vous avez besoin.<\/p>   <div class=\"wp-block-image\"> <figure class=\"aligncenter size-full\"><img loading=\"lazy\" decoding=\"async\" width=\"720\" height=\"540\" src=\"https:\/\/corn-machine.com\/wp-content\/uploads\/2022\/09\/maize-shelling-machine.webp\" alt=\"d\u00e9cortiqueuse de ma\u00efs\" class=\"wp-image-173\" title=\"\"><figcaption class=\"wp-element-caption\">d\u00e9cortiqueuse de ma\u00efs<\/figcaption><\/figure> <\/div>  <div class=\"wp-block-image\"> <figure class=\"aligncenter size-full\"><img loading=\"lazy\" decoding=\"async\" width=\"720\" height=\"540\" src=\"https:\/\/corn-machine.com\/wp-content\/uploads\/2022\/09\/automatic-corn-sheller-machine-.webp\" alt=\"d\u00e9cortiqueuse automatique de ma\u00efs\" class=\"wp-image-171\" title=\"\"><figcaption class=\"wp-element-caption\">d\u00e9cortiqueuse automatique de ma\u00efs<\/figcaption><\/figure> <\/div>   <h2 class=\"wp-block-heading\" id=\"h-introduction-of-maize-shelling-machine\">Introduction de la d\u00e9cortiqueuse de ma\u00efs<\/h2>    <p>La batteuse de ma\u00efs est principalement compos\u00e9e d'une tr\u00e9mie d'alimentation, d'un dispositif de battage interne, d'un ascenseur, d'un ventilateur, d'un syst\u00e8me de s\u00e9paration de l'air tel qu'un absorbeur de paillettes, d'un tamis de nettoyage vibrant, d'un cadre, d'un syst\u00e8me de transmission, etc. La bande transporteuse envoie le ma\u00efs dans le dispositif de battage et lorsque le battage est termin\u00e9, les impuret\u00e9s sont expuls\u00e9es par le ventilateur depuis l'orifice d'\u00e9vacuation de la poussi\u00e8re. Ensuite, les grains de ma\u00efs sont d\u00e9charg\u00e9s du port de d\u00e9chargement. Apr\u00e8s battage, le ma\u00efs est de grande qualit\u00e9 et exempt d\u2019impuret\u00e9s.<\/p>    <figure class=\"wp-block-gallery has-nested-images columns-default is-cropped wp-block-gallery-2 is-layout-flex wp-block-gallery-is-layout-flex\"> <figure class=\"wp-block-image size-large\"><img loading=\"lazy\" decoding=\"async\" width=\"720\" height=\"540\" data-id=\"174\" src=\"https:\/\/corn-machine.com\/wp-content\/uploads\/2022\/09\/the-threshed-corn-cob-is-clean.webp\" alt=\"l&#039;\u00e9pi de ma\u00efs battu est propre\" class=\"wp-image-174\" title=\"\"><figcaption class=\"wp-element-caption\">l'\u00e9pi de ma\u00efs battu est propre<\/figcaption><\/figure>    <figure class=\"wp-block-image size-large\"><img loading=\"lazy\" decoding=\"async\" width=\"720\" height=\"540\" data-id=\"172\" src=\"https:\/\/corn-machine.com\/wp-content\/uploads\/2022\/09\/final-product-of-automatic-corn-sheller-machine-.webp\" alt=\"produit final de la d\u00e9cortiqueuse automatique de ma\u00efs\" class=\"wp-image-172\" title=\"\"><figcaption class=\"wp-element-caption\">produit final de la d\u00e9cortiqueuse automatique de ma\u00efs<\/figcaption><\/figure> <\/figure>    <h2 class=\"wp-block-heading\">Vid\u00e9o de travail d'une d\u00e9cortiqueuse de ma\u00efs automatique<\/h2>    <figure class=\"wp-block-embed is-type-video is-provider-youtube wp-block-embed-youtube wp-embed-aspect-16-9 wp-has-aspect-ratio\"><div class=\"wp-block-embed__wrapper\"> <iframe loading=\"lazy\" title=\"\ud83c\udf3d\ud83d\ude9c Puissant d\u00e9cortiqueur de ma\u00efs avec convoyeur et grandes roues \u2013 D\u00e9monstration de battage \u00e0 haute efficacit\u00e9 pour vous !\" width=\"500\" height=\"281\" src=\"https:\/\/www.youtube.com\/embed\/meFYy3_EJbU?feature=oembed\" frameborder=\"0\" allow=\"accelerometer; autoplay; clipboard-write; encrypted-media; gyroscope; picture-in-picture; web-share\" referrerpolicy=\"strict-origin-when-cross-origin\" allowfullscreen><\/iframe> <\/div><figcaption class=\"wp-element-caption\">processus de travail de la d\u00e9cortiqueuse de ma\u00efs automatique<\/figcaption><\/figure>    <h2 class=\"wp-block-heading\" id=\"h-parameters-of-corn-threshing-machine\">Param\u00e8tres de la batteuse de ma\u00efs<\/h2>    <figure class=\"wp-block-table\"><table><tbody><tr><td>Mod\u00e8le<\/td><td>TY-80A<\/td><td>TY-80B<\/td><td>TY-80C<\/td><td>TY-80D<\/td><\/tr><tr><td>Pouvoir<\/td><td>Moteur diesel 15HP ou moteur 7,5 KW<\/td><td>Moteur diesel 15HP ou moteur 7,5 KW<\/td><td>Moteur diesel 15HP ou moteur 7,5 KW<\/td><td>Moteur diesel 15HP ou moteur 7,5 KW<\/td><\/tr><tr><td>Capacit\u00e9<\/td><td>4t\/h (graines de ma\u00efs)<\/td><td>5t\/h (graines de ma\u00efs)<\/td><td>5t\/h (graines de ma\u00efs)<\/td><td>6t\/h (semences de ma\u00efs)<\/td><\/tr><tr><td>Taux de battage<\/td><td>\u226599,5%<\/td><td>&nbsp;\u226599,5%<\/td><td>\u226599,5%<\/td><td>\u226599,5%<\/td><\/tr><tr><td>Taux de perte<\/td><td>\u22642,0%<\/td><td>\u22642,0%<\/td><td>\u22642,0%<\/td><td>\u22642,0%<\/td><\/tr><tr><td>Taux de casse<\/td><td>\u22641,5%<\/td><td>\u22641,5%<\/td><td>\u22641,5%<\/td><td>\u22641,5%<\/td><\/tr><tr><td>Taux d'impuret\u00e9s<\/td><td>\u22641,0%<\/td><td>\u22641,0%<\/td><td>\u22641,0%<\/td><td>\u22641,0%<\/td><\/tr><tr><td>Poids<\/td><td>200 kg<\/td><td>230 kg<\/td><td>320 kg<\/td><td>350 kg<\/td><\/tr><tr><td>Taille<\/td><td>2360*1360*1480\u00a0mm<\/td><td>2360*1360*2000\u00a0mm<\/td><td>3860*1360*1480\u00a0mm<\/td><td>3860*1360*2480 millim\u00e8tres<\/td><\/tr><\/tbody><\/table><figcaption class=\"wp-element-caption\"><br><strong>param\u00e8tres de performance<\/strong> du d\u00e9cortiqueur de ma\u00efs<\/figcaption><\/figure>    <h2 class=\"wp-block-heading\" id=\"h-advantages-of-automatic-corn-sheller\">Avantages de la d\u00e9cortiqueuse de ma\u00efs automatique<\/h2>    <ol class=\"wp-block-list\"> <li>Le taux de battage \u00e9lev\u00e9 de la machine peut atteindre 99,5% et les impuret\u00e9s inf\u00e9rieures \u00e0 1%.<\/li>    <li>Le rendement \u00e9lev\u00e9 de la machine peut traiter 4 \u00e0 6 tonnes de ma\u00efs par heure, ce qui est sup\u00e9rieur \u00e0 la plupart des machines du march\u00e9.<\/li>    <li>La machine est con\u00e7ue avec une tr\u00e9mie d'alimentation automatique, qui peut transporter le ma\u00efs rapidement et \u00e9conomiser consid\u00e9rablement le temps d'alimentation et les co\u00fbts de main-d'\u0153uvre.<\/li>    <li>La machine peut ajouter des roues, faciles \u00e0 d\u00e9placer.<\/li>    <li>La machine peut utiliser un moteur \u00e9lectrique ou un moteur diesel. Pour les zones o\u00f9 l'\u00e9lectricit\u00e9 est rare, nous recommandons d'utiliser un moteur diesel pour faire fonctionner la machine.<\/li> <\/ol>","protected":false},"excerpt":{"rendered":"<p>The automatic corn sheller machine is designed for sun-dried corn and is suitable for grain processing plants and farmers of all sizes. The maize sheller machine can quickly thresh the dried corn cob, and the dried kernels can be made into cornmeal, grits, or sold directly. Moreover, if your raw materials are fresh sweet maize, [&hellip;]<\/p>\n","protected":false},"author":1,"featured_media":60,"parent":0,"template":"","tags":[17],"product-type":[42],"class_list":["post-57","product","type-product","status-publish","has-post-thumbnail","hentry","tag-corn-threshing-machine","product-type-maize-sheller-machine"],"_links":{"self":[{"href":"https:\/\/corn-machine.com\/fr\/wp-json\/wp\/v2\/product\/57","targetHints":{"allow":["GET"]}}],"collection":[{"href":"https:\/\/corn-machine.com\/fr\/wp-json\/wp\/v2\/product"}],"about":[{"href":"https:\/\/corn-machine.com\/fr\/wp-json\/wp\/v2\/types\/product"}],"author":[{"embeddable":true,"href":"https:\/\/corn-machine.com\/fr\/wp-json\/wp\/v2\/users\/1"}],"wp:featuredmedia":[{"embeddable":true,"href":"https:\/\/corn-machine.com\/fr\/wp-json\/wp\/v2\/media\/60"}],"wp:attachment":[{"href":"https:\/\/corn-machine.com\/fr\/wp-json\/wp\/v2\/media?parent=57"}],"wp:term":[{"taxonomy":"post_tag","embeddable":true,"href":"https:\/\/corn-machine.com\/fr\/wp-json\/wp\/v2\/tags?post=57"},{"taxonomy":"product-type","embeddable":true,"href":"https:\/\/corn-machine.com\/fr\/wp-json\/wp\/v2\/product-type?post=57"}],"curies":[{"name":"wp","href":"https:\/\/api.w.org\/{rel}","templated":true}]}}