{"id":585,"date":"2025-07-08T17:15:22","date_gmt":"2025-07-08T09:15:22","guid":{"rendered":"https:\/\/corn-machine.com\/?post_type=product&#038;p=585"},"modified":"2026-01-09T09:16:20","modified_gmt":"2026-01-09T01:16:20","slug":"mobile-grain-dryer-for-drying-corn-rice","status":"publish","type":"product","link":"https:\/\/corn-machine.com\/fr\/product\/mobile-grain-dryer-for-drying-corn-rice\/","title":{"rendered":"S\u00e8che-grain mobile pour petite ferme"},"content":{"rendered":"<p>Le s\u00e9choir \u00e0 grains mobile est une machine \u00e0 petite \u00e9chelle pour s\u00e9cher les grains et les l\u00e9gumineuses pour le traitement agricole. Il est fait d'acier inoxydable avec une partie chauffante en acier au carbone pour prot\u00e9ger la machine de la poussi\u00e8re et assurer la qualit\u00e9 des r\u00e9coltes s\u00e9ch\u00e9es.<\/p>    <p>Il existe deux types de s\u00e9choirs \u00e0 grains portables : \u00e0 silo unique et \u00e0 silos doubles. Sa production peut atteindre 10T-240T par jour, et le rendement sp\u00e9cifique d\u00e9pend de sa taille et du volume des silos.<\/p>    <figure class=\"wp-block-embed is-type-video is-provider-youtube wp-block-embed-youtube wp-embed-aspect-16-9 wp-has-aspect-ratio\"><div class=\"wp-block-embed__wrapper\"> <iframe loading=\"lazy\" title=\"Le s\u00e9choir mobile \u00e0 haute efficacit\u00e9 pour le s\u00e9chage du ma\u00efs et du ma\u00efs am\u00e9liore rapidement la qualit\u00e9 de votre r\u00e9colte !\" width=\"500\" height=\"281\" src=\"https:\/\/www.youtube.com\/embed\/ze6FVDt2tgE?feature=oembed\" frameborder=\"0\" allow=\"accelerometer; autoplay; clipboard-write; encrypted-media; gyroscope; picture-in-picture; web-share\" referrerpolicy=\"strict-origin-when-cross-origin\" allowfullscreen><\/iframe> <\/div><figcaption class=\"wp-element-caption\">le processus d'op\u00e9ration du s\u00e9choir \u00e0 grains mobile<\/figcaption><\/figure>    <h2 class=\"wp-block-heading\"><strong>Avantages du s\u00e9choir \u00e0 grains portable<\/strong><\/h2>    <ul class=\"wp-block-list\"> <li>Sa taille est plus petite que celle de la tour de s\u00e9chage classique, et elle est facile \u00e0 d\u00e9placer. Par cons\u00e9quent, elle est adapt\u00e9e \u00e0 divers environnements d'application.<\/li>    <li>Il existe de nombreuses options d'approvisionnement en \u00e9nergie pour cette machine de s\u00e9chage de ma\u00efs, telles que la biomasse, le charbon, le diesel, l'essence, le gaz, l'\u00e9lectricit\u00e9, et <a href=\"https:\/\/en.wikipedia.org\/wiki\/Methanol\" target=\"_blank\" rel=\"noopener\">CH3OH<\/a>.<\/li>    <li>Elle est fabriqu\u00e9e en acier inoxydable avec une haute r\u00e9sistance \u00e0 l'environnement et un excellent effet antibact\u00e9rien et de suppression de la poussi\u00e8re.<\/li>    <li>Il est facile d'effectuer toutes les op\u00e9rations pendant le processus. Il y a une armoire externe pour contr\u00f4ler la machine. Vous pouvez ma\u00eetriser comment l'utiliser \u00e0 l'aide de notre manuel d'instructions.<\/li> <\/ul>   <div class=\"wp-block-image\"> <figure class=\"aligncenter size-full\"><img loading=\"lazy\" decoding=\"async\" width=\"720\" height=\"540\" src=\"https:\/\/corn-machine.com\/wp-content\/uploads\/2025\/07\/the-cabinet-of-mobile-grain-dryer.webp\" alt=\"le cabinet \u00e0 fonctionnement facile du s\u00e9choir mobile \u00e0 grains\" class=\"wp-image-594\" title=\"\" srcset=\"https:\/\/corn-machine.com\/wp-content\/uploads\/2025\/07\/the-cabinet-of-mobile-grain-dryer.webp 720w, https:\/\/corn-machine.com\/wp-content\/uploads\/2025\/07\/the-cabinet-of-mobile-grain-dryer-300x225.webp 300w, https:\/\/corn-machine.com\/wp-content\/uploads\/2025\/07\/the-cabinet-of-mobile-grain-dryer-16x12.webp 16w\" sizes=\"auto, (max-width: 720px) 100vw, 720px\" \/><figcaption class=\"wp-element-caption\">le cabinet du s\u00e9choir \u00e0 grains mobile<\/figcaption><\/figure> <\/div>   <h2 class=\"wp-block-heading\"><strong>Param\u00e8tres du s\u00e9choir \u00e0 r\u00e9colte<\/strong><\/h2>    <figure class=\"wp-block-gallery has-nested-images columns-default is-cropped wp-block-gallery-2 is-layout-flex wp-block-gallery-is-layout-flex\"> <figure class=\"wp-block-image size-full\"><img loading=\"lazy\" decoding=\"async\" width=\"720\" height=\"540\" data-id=\"592\" src=\"https:\/\/corn-machine.com\/wp-content\/uploads\/2025\/07\/single-bin-of-mobile-grain-dryer.webp\" alt=\"s\u00e9choir \u00e0 grains de petite ferme \u00e0 bin unique pour le s\u00e9chage des grains\" class=\"wp-image-592\" title=\"\" srcset=\"https:\/\/corn-machine.com\/wp-content\/uploads\/2025\/07\/single-bin-of-mobile-grain-dryer.webp 720w, https:\/\/corn-machine.com\/wp-content\/uploads\/2025\/07\/single-bin-of-mobile-grain-dryer-300x225.webp 300w, https:\/\/corn-machine.com\/wp-content\/uploads\/2025\/07\/single-bin-of-mobile-grain-dryer-16x12.webp 16w\" sizes=\"auto, (max-width: 720px) 100vw, 720px\" \/><figcaption class=\"wp-element-caption\">silo unique de s\u00e9choir \u00e0 grains mobile<\/figcaption><\/figure>    <figure class=\"wp-block-image size-full\"><img loading=\"lazy\" decoding=\"async\" width=\"720\" height=\"540\" data-id=\"591\" src=\"https:\/\/corn-machine.com\/wp-content\/uploads\/2025\/07\/double-bin-of-mobile-grain-dryer.webp\" alt=\"s\u00e9choir \u00e0 grains de petite ferme \u00e0 double bin pour le s\u00e9chage des grains\" class=\"wp-image-591\" title=\"\" srcset=\"https:\/\/corn-machine.com\/wp-content\/uploads\/2025\/07\/double-bin-of-mobile-grain-dryer.webp 720w, https:\/\/corn-machine.com\/wp-content\/uploads\/2025\/07\/double-bin-of-mobile-grain-dryer-300x225.webp 300w, https:\/\/corn-machine.com\/wp-content\/uploads\/2025\/07\/double-bin-of-mobile-grain-dryer-16x12.webp 16w\" sizes=\"auto, (max-width: 720px) 100vw, 720px\" \/><figcaption class=\"wp-element-caption\">deux silos de s\u00e9choir \u00e0 grains mobile<\/figcaption><\/figure> <\/figure>    <figure class=\"wp-block-table aligncenter\"><table class=\"has-fixed-layout\"><tbody><tr><td class=\"has-text-align-center\" data-align=\"center\">Silo unique<\/td><td class=\"has-text-align-center\" data-align=\"center\">Puissance (kW)<\/td><td class=\"has-text-align-center\" data-align=\"center\">Poids (Tonne)<\/td><td class=\"has-text-align-center\" data-align=\"center\">Taille (mm)<\/td><td class=\"has-text-align-center\" data-align=\"center\">Puissance du convoyeur \u00e0 vis (kW)<\/td><td class=\"has-text-align-center\" data-align=\"center\">Puissance du ventilateur principal (kW)<\/td><td class=\"has-text-align-center\" data-align=\"center\">Ventilateur de tirage induit (kW)<\/td><td class=\"has-text-align-center\" data-align=\"center\">Production (24 heures)<\/td><\/tr><tr><td class=\"has-text-align-center\" data-align=\"center\">1T<\/td><td class=\"has-text-align-center\" data-align=\"center\">8.3<\/td><td class=\"has-text-align-center\" data-align=\"center\">2<\/td><td class=\"has-text-align-center\" data-align=\"center\">4600*1800*3500<\/td><td class=\"has-text-align-center\" data-align=\"center\">\/<\/td><td class=\"has-text-align-center\" data-align=\"center\">\/<\/td><td class=\"has-text-align-center\" data-align=\"center\">\/<\/td><td class=\"has-text-align-center\" data-align=\"center\">10T<\/td><\/tr><tr><td class=\"has-text-align-center\" data-align=\"center\">2T<\/td><td class=\"has-text-align-center\" data-align=\"center\">11<\/td><td class=\"has-text-align-center\" data-align=\"center\">2.8<\/td><td class=\"has-text-align-center\" data-align=\"center\">5100*2000*3800<\/td><td class=\"has-text-align-center\" data-align=\"center\">4<\/td><td class=\"has-text-align-center\" data-align=\"center\">3<\/td><td class=\"has-text-align-center\" data-align=\"center\">0.75<\/td><td class=\"has-text-align-center\" data-align=\"center\">20T<\/td><\/tr><tr><td class=\"has-text-align-center\" data-align=\"center\">4T<\/td><td class=\"has-text-align-center\" data-align=\"center\">19<\/td><td class=\"has-text-align-center\" data-align=\"center\">4.5<\/td><td class=\"has-text-align-center\" data-align=\"center\">5400*2100*3900<\/td><td class=\"has-text-align-center\" data-align=\"center\">7.5<\/td><td class=\"has-text-align-center\" data-align=\"center\">5.5<\/td><td class=\"has-text-align-center\" data-align=\"center\">0.75<\/td><td class=\"has-text-align-center\" data-align=\"center\">40T<\/td><\/tr><tr><td class=\"has-text-align-center\" data-align=\"center\">6T<\/td><td class=\"has-text-align-center\" data-align=\"center\">24<\/td><td class=\"has-text-align-center\" data-align=\"center\">5.3<\/td><td class=\"has-text-align-center\" data-align=\"center\">5600*2100*4300<\/td><td class=\"has-text-align-center\" data-align=\"center\">7.5<\/td><td class=\"has-text-align-center\" data-align=\"center\">7.5<\/td><td class=\"has-text-align-center\" data-align=\"center\">0.75<\/td><td class=\"has-text-align-center\" data-align=\"center\">60T<\/td><\/tr><tr><td class=\"has-text-align-center\" data-align=\"center\">8T<\/td><td class=\"has-text-align-center\" data-align=\"center\">28<\/td><td class=\"has-text-align-center\" data-align=\"center\">6.5<\/td><td class=\"has-text-align-center\" data-align=\"center\">6000*2100*5800<\/td><td class=\"has-text-align-center\" data-align=\"center\">7.5<\/td><td class=\"has-text-align-center\" data-align=\"center\">7.5<\/td><td class=\"has-text-align-center\" data-align=\"center\">0.75<\/td><td class=\"has-text-align-center\" data-align=\"center\">80T<\/td><\/tr><tr><td class=\"has-text-align-center\" data-align=\"center\">10T<\/td><td class=\"has-text-align-center\" data-align=\"center\">32<\/td><td class=\"has-text-align-center\" data-align=\"center\">7.4<\/td><td class=\"has-text-align-center\" data-align=\"center\">6200*2100*6400<\/td><td class=\"has-text-align-center\" data-align=\"center\">7.5<\/td><td class=\"has-text-align-center\" data-align=\"center\">7.5<\/td><td class=\"has-text-align-center\" data-align=\"center\">1.5<\/td><td class=\"has-text-align-center\" data-align=\"center\">100T<\/td><\/tr><\/tbody><\/table><figcaption class=\"wp-element-caption\">les param\u00e8tres du s\u00e9choir \u00e0 ma\u00efs \u00e0 bin unique<\/figcaption><\/figure>    <figure class=\"wp-block-table aligncenter\"><table class=\"has-fixed-layout\"><tbody><tr><td class=\"has-text-align-center\" data-align=\"center\">Bacs doubles<\/td><td class=\"has-text-align-center\" data-align=\"center\">Puissance (kW)<\/td><td class=\"has-text-align-center\" data-align=\"center\">Poids (Tonne)<\/td><td class=\"has-text-align-center\" data-align=\"center\">Taille (mm)<\/td><td class=\"has-text-align-center\" data-align=\"center\">Production (24 heures)<\/td><\/tr><tr><td class=\"has-text-align-center\" data-align=\"center\">2T+2T<\/td><td class=\"has-text-align-center\" data-align=\"center\">15<\/td><td class=\"has-text-align-center\" data-align=\"center\">4.2<\/td><td class=\"has-text-align-center\" data-align=\"center\">7500*2000*3800<\/td><td class=\"has-text-align-center\" data-align=\"center\">40T<\/td><\/tr><tr><td class=\"has-text-align-center\" data-align=\"center\">4T+4T<\/td><td class=\"has-text-align-center\" data-align=\"center\">23<\/td><td class=\"has-text-align-center\" data-align=\"center\">7<\/td><td class=\"has-text-align-center\" data-align=\"center\">8500*2100*3800<\/td><td class=\"has-text-align-center\" data-align=\"center\">80T<\/td><\/tr><tr><td class=\"has-text-align-center\" data-align=\"center\">6T+6T<\/td><td class=\"has-text-align-center\" data-align=\"center\">27<\/td><td class=\"has-text-align-center\" data-align=\"center\">8.5<\/td><td class=\"has-text-align-center\" data-align=\"center\">9500*2100*3900<\/td><td class=\"has-text-align-center\" data-align=\"center\">120T<\/td><\/tr><tr><td class=\"has-text-align-center\" data-align=\"center\">8T+8T<\/td><td class=\"has-text-align-center\" data-align=\"center\">32<\/td><td class=\"has-text-align-center\" data-align=\"center\">9.8<\/td><td class=\"has-text-align-center\" data-align=\"center\">11000*2100*4300<\/td><td class=\"has-text-align-center\" data-align=\"center\">160T<\/td><\/tr><tr><td class=\"has-text-align-center\" data-align=\"center\">12T+12T<\/td><td class=\"has-text-align-center\" data-align=\"center\">37<\/td><td class=\"has-text-align-center\" data-align=\"center\">15<\/td><td class=\"has-text-align-center\" data-align=\"center\">12000*2100*6800<\/td><td class=\"has-text-align-center\" data-align=\"center\">240T<\/td><\/tr><\/tbody><\/table><figcaption class=\"wp-element-caption\">les param\u00e8tres du s\u00e9choir \u00e0 ma\u00efs \u00e0 double bacs<\/figcaption><\/figure>    <p>Il existe de nombreux mod\u00e8les de diff\u00e9rentes tailles ci-dessus. Le s\u00e9choir \u00e0 grains mobile \u00e0 un seul bac est plus l\u00e9ger et prend moins de place. Si vous traitez un petit lot de grains mais que vous souhaitez obtenir des produits s\u00e9ch\u00e9s de haute qualit\u00e9, ce sera un bon choix.<\/p>    <p>Cependant, le type de bacs doubles est plus efficace que les autres types. Les deux silos peuvent \u00eatre charg\u00e9s et d\u00e9charg\u00e9s alternativement pour gagner du temps et de la main-d'\u0153uvre. Si vous avez des exigences strictes en mati\u00e8re d'efficacit\u00e9, il est pr\u00e9f\u00e9rable de choisir ce type d'\u00e9quipement de s\u00e9chage des cultures.<\/p>    <h2 class=\"wp-block-heading\"><strong>Combien co\u00fbte cette machine \u00e0 s\u00e9cher le ma\u00efs ?<\/strong><\/h2>    <p>Il n'y a pas de prix exact, en raison des diff\u00e9rents types de machines de s\u00e9chage de ma\u00efs, avec certains services personnalis\u00e9s disponibles. Il y a certaines caract\u00e9ristiques qui influenceront la volatilit\u00e9 des prix.<\/p>    <ul class=\"wp-block-list\"> <li>Notre mat\u00e9riau de base pour fabriquer le s\u00e9choir \u00e0 bl\u00e9 est l'acier inoxydable, qui aura un prix plus \u00e9lev\u00e9 qu'une machine en acier galvanis\u00e9. Bien s\u00fbr, les avantages de choisir l'acier inoxydable comme mat\u00e9riau pour les silos sont sa haute r\u00e9sistance \u00e0 la corrosion, et il produit des produits de meilleure qualit\u00e9.<\/li>    <li>Les prix varieront en fonction du choix du nombre de silos. Un \u00e9quipement de s\u00e9chage de grain \u00e0 un seul silo sera moins cher qu'un \u00e9quipement \u00e0 double silo. Mais les silos doubles ont une plus grande capacit\u00e9 et une efficacit\u00e9 sup\u00e9rieure.<\/li>    <li>Dans le commerce international, le prix total sera influenc\u00e9 par les co\u00fbts d'exp\u00e9dition. Il sera \u00e9galement \u00e9troitement li\u00e9 aux tarifs.<\/li> <\/ul>    <p>De toute fa\u00e7on, choisir une machine adapt\u00e9e peut apporter des avantages durables. Si vous \u00eates encore confus sur certains points ou si vous souhaitez en savoir plus, veuillez nous contacter. Nous avons des commerciaux professionnels pour vous aider \u00e0 s\u00e9lectionner le programme le plus optimal pour vous.<\/p>    <h2 class=\"wp-block-heading\"><strong>Structure du s\u00e9choir \u00e0 grains mobile<\/strong><\/h2>    <p>Facile \u00e0 utiliser, la structure de cet \u00e9quipement de s\u00e9chage du ma\u00efs est \u00e9galement simple. Elle se compose d\u2019un four, d\u2019un cyclone, d\u2019une remorque, de ventilateurs, d\u2019une roue, d\u2019un cabinet, d\u2019un vis d\u2019alimentation, d\u2019un silo, d\u2019une \u00e9chelle et d\u2019un port d\u2019alimentation. Voici son illustration d\u00e9taill\u00e9e.<\/p>   <div class=\"wp-block-image\"> <figure class=\"aligncenter size-full\"><img loading=\"lazy\" decoding=\"async\" width=\"720\" height=\"540\" src=\"https:\/\/corn-machine.com\/wp-content\/uploads\/2025\/07\/the-structure-of-mobile-grain-dryer.webp\" alt=\"la structure d\u00e9taill\u00e9e du s\u00e9choir mobile \u00e0 grains\" class=\"wp-image-593\" title=\"\" srcset=\"https:\/\/corn-machine.com\/wp-content\/uploads\/2025\/07\/the-structure-of-mobile-grain-dryer.webp 720w, https:\/\/corn-machine.com\/wp-content\/uploads\/2025\/07\/the-structure-of-mobile-grain-dryer-300x225.webp 300w, https:\/\/corn-machine.com\/wp-content\/uploads\/2025\/07\/the-structure-of-mobile-grain-dryer-16x12.webp 16w\" sizes=\"auto, (max-width: 720px) 100vw, 720px\" \/><figcaption class=\"wp-element-caption\">la structure du s\u00e9choir \u00e0 grains mobile<\/figcaption><\/figure> <\/div>   <h2 class=\"wp-block-heading\"><strong>Comment s\u00e9cher des grains dans le s\u00e9choir \u00e0 grains commercial ?<\/strong><\/h2>    <p>Il est facile d'effectuer de telles op\u00e9rations pour s\u00e9cher les grains dans le s\u00e9choir \u00e0 grains mobile. Il vous suffit de deux \u00e9tapes pour terminer tout le processus.<\/p>    <p class=\"translation-block\"><strong>\u00c9tape un<\/strong>:<\/p>    <p>Mettez les grains que vous souhaitez traiter dans le port d'alimentation et ajustez la vis d'alimentation avant de commencer l'op\u00e9ration.<\/p>    <p class=\"translation-block\"><strong>\u00c9tape deux :<\/strong><\/p>    <p>Allumez le syst\u00e8me de chauffage pour chauffer l'air et transporter l'air chaud dans le silo \u00e0 travers un \u00e9changeur de chaleur pour s\u00e9cher les grains.<\/p>    <p>Ce type de chauffage ne nuit pas aux grains et est facile \u00e0 entretenir et \u00e0 nettoyer.<\/p>    <h2 class=\"wp-block-heading\"><strong>Plusieurs types de chauffage<\/strong><\/h2>    <p>Nous proposons une vari\u00e9t\u00e9 de moyens de chauffage pour la machine de s\u00e9chage du riz.<\/p>    <p>La biomasse est une source d'\u00e9nergie provenant d'\u00eatres vivants, tels que le coton, les d\u00e9chets solides municipaux, les tournesols, les noix de palme, le bl\u00e9, le bois, etc. Ils sont faciles \u00e0 obtenir et ne n\u00e9cessitent pas d'autres traitements suppl\u00e9mentaires.<\/p>    <p>Le diesel est plus efficace et ne cause pas beaucoup de pollution environnementale. Mais il faut tenir compte des probl\u00e8mes de tension.<\/p>    <p>De plus, cette machine prend \u00e9galement en charge le charbon, l'essence, le gaz, l'\u00e9lectricit\u00e9, et m\u00eame le CH3OH comme source d'\u00e9nergie.<\/p>    <h2 class=\"wp-block-heading\"><strong>Champ d'application du s\u00e9choir \u00e0 riz<\/strong><\/h2>    <p>Le s\u00e9choir \u00e0 grains mobile est adapt\u00e9 au s\u00e9chage de divers types de cultures. Par exemple, le ma\u00efs, les haricots, le riz, le bl\u00e9, etc. Le s\u00e9choir \u00e0 grains portable utilise une m\u00e9thode de s\u00e9chage par flux d'air \u00e0 haute temp\u00e9rature pour \u00e9viter de d\u00e9truire la qualit\u00e9 des grains et d'affecter leur couleur.<\/p>    <p class=\"translation-block\">Les grains s\u00e9ch\u00e9s peuvent \u00eatre transform\u00e9s en semoule (\u00e0 partir d'une <a href=\"https:\/\/corn-machine.com\/fr\/product\/maize-grits-making-machine\/\">machine \u00e0 moudre les semoules de ma\u00efs<\/a>), et les haricots peuvent \u00eatre transform\u00e9s en farine (\u00e0 partir d'un <a href=\"https:\/\/corn-machine.com\/fr\/product\/hammer-mill-grinder-for-corn\/\">broyeur \u00e0 marteaux<\/a>) si vous souhaitez ensuite traiter le produit fini pour en tirer plus de b\u00e9n\u00e9fices.<\/p>    <figure class=\"wp-block-gallery has-nested-images columns-2 is-cropped wp-block-gallery-3 is-layout-flex wp-block-gallery-is-layout-flex\"> <figure class=\"wp-block-image size-large\"><img loading=\"lazy\" decoding=\"async\" width=\"720\" height=\"540\" data-id=\"596\" src=\"https:\/\/corn-machine.com\/wp-content\/uploads\/2025\/07\/soybean.webp\" alt=\"le soja peut \u00eatre s\u00e9ch\u00e9 par un s\u00e9choir \u00e0 petites c\u00e9r\u00e9ales\" class=\"wp-image-596\" title=\"\" srcset=\"https:\/\/corn-machine.com\/wp-content\/uploads\/2025\/07\/soybean.webp 720w, https:\/\/corn-machine.com\/wp-content\/uploads\/2025\/07\/soybean-300x225.webp 300w, https:\/\/corn-machine.com\/wp-content\/uploads\/2025\/07\/soybean-16x12.webp 16w\" sizes=\"auto, (max-width: 720px) 100vw, 720px\" \/><figcaption class=\"wp-element-caption\">soja<\/figcaption><\/figure>    <figure class=\"wp-block-image size-full\"><img loading=\"lazy\" decoding=\"async\" width=\"720\" height=\"540\" data-id=\"598\" src=\"https:\/\/corn-machine.com\/wp-content\/uploads\/2025\/07\/wheat.webp\" alt=\"le bl\u00e9 peut \u00eatre s\u00e9ch\u00e9 par un s\u00e9choir \u00e0 petites c\u00e9r\u00e9ales\" class=\"wp-image-598\" title=\"\" srcset=\"https:\/\/corn-machine.com\/wp-content\/uploads\/2025\/07\/wheat.webp 720w, https:\/\/corn-machine.com\/wp-content\/uploads\/2025\/07\/wheat-300x225.webp 300w, https:\/\/corn-machine.com\/wp-content\/uploads\/2025\/07\/wheat-16x12.webp 16w\" sizes=\"auto, (max-width: 720px) 100vw, 720px\" \/><figcaption class=\"wp-element-caption\">bl\u00e9<\/figcaption><\/figure>    <figure class=\"wp-block-image size-full\"><img loading=\"lazy\" decoding=\"async\" width=\"720\" height=\"540\" data-id=\"595\" src=\"https:\/\/corn-machine.com\/wp-content\/uploads\/2025\/07\/rice.webp\" alt=\"le riz peut \u00eatre s\u00e9ch\u00e9 par un s\u00e9choir \u00e0 petites c\u00e9r\u00e9ales\" class=\"wp-image-595\" title=\"\" srcset=\"https:\/\/corn-machine.com\/wp-content\/uploads\/2025\/07\/rice.webp 720w, https:\/\/corn-machine.com\/wp-content\/uploads\/2025\/07\/rice-300x225.webp 300w, https:\/\/corn-machine.com\/wp-content\/uploads\/2025\/07\/rice-16x12.webp 16w\" sizes=\"auto, (max-width: 720px) 100vw, 720px\" \/><figcaption class=\"wp-element-caption\">riz<\/figcaption><\/figure>    <figure class=\"wp-block-image size-full\"><img loading=\"lazy\" decoding=\"async\" width=\"720\" height=\"540\" data-id=\"597\" src=\"https:\/\/corn-machine.com\/wp-content\/uploads\/2025\/07\/corn.webp\" alt=\"le ma\u00efs peut \u00eatre s\u00e9ch\u00e9 par un s\u00e9choir \u00e0 petites c\u00e9r\u00e9ales\" class=\"wp-image-597\" title=\"\" srcset=\"https:\/\/corn-machine.com\/wp-content\/uploads\/2025\/07\/corn.webp 720w, https:\/\/corn-machine.com\/wp-content\/uploads\/2025\/07\/corn-300x225.webp 300w, https:\/\/corn-machine.com\/wp-content\/uploads\/2025\/07\/corn-16x12.webp 16w\" sizes=\"auto, (max-width: 720px) 100vw, 720px\" \/><figcaption class=\"wp-element-caption\">ma\u00efs<\/figcaption><\/figure> <\/figure>    <h2 class=\"wp-block-heading\"><strong>FAQ du s\u00e9choir \u00e0 ma\u00efs<\/strong><\/h2>   <div id=\"rank-math-faq\" class=\"rank-math-block\"> <div class=\"rank-math-list\"> <div id=\"faq-question-1751878986739\" class=\"rank-math-list-item\"> <h3 class=\"rank-math-question\">Puis-je utiliser l'\u00e9lectricit\u00e9 ? Existe-t-il d'autres options d'alimentation ?<\/h3> <div class=\"rank-math-answer\">  <p>Oui, vous pouvez utiliser l'\u00e9lectricit\u00e9. Et vous pouvez \u00e9galement choisir la biomasse, le charbon, le diesel, l'essence, le gaz et le CH3OH.<\/p>  <\/div> <\/div> <div id=\"faq-question-1751879462095\" class=\"rank-math-list-item\"> <h3 class=\"rank-math-question\">Quels sont les mat\u00e9riaux de votre s\u00e9choir \u00e0 grains commercial ?<\/h3> <div class=\"rank-math-answer\">  <p>Le s\u00e8che-linge et le silo \u00e0 grains sont en acier inoxydable. La partie de chauffage est en acier au carbone.<\/p>  <\/div> <\/div> <div id=\"faq-question-1751879592932\" class=\"rank-math-list-item\"> <h3 class=\"rank-math-question\">Quels sont les avantages de cette machine par rapport \u00e0 une tour de s\u00e9chage ?<\/h3> <div class=\"rank-math-answer\">  <p>Il est plus facile \u00e0 d\u00e9placer et ne fait pas autant de bruit que la tour de s\u00e9chage. Sa petite taille vous permet d'\u00e9conomiser de l'espace.<\/p>  <\/div> <\/div> <div id=\"faq-question-1751881949035\" class=\"rank-math-list-item\"> <h3 class=\"rank-math-question\">Combien co\u00fbte ce s\u00e9choir \u00e0 grains portable ?<\/h3> <div class=\"rank-math-answer\">  <p>Le prix d\u00e9pend du type que vous choisissez. Diff\u00e9rents types ont diff\u00e9rentes efficacit\u00e9s de production et tailles.<\/p>  <\/div> <\/div> <\/div> <\/div>   <blockquote class=\"wp-block-quote alignwide is-layout-flow wp-block-quote-is-layout-flow\"> <p class=\"translation-block\">Si vous souhaitez traiter un \u00e9norme lot de grains ou de haricots, et que vous attendez un s\u00e8che-linge large, efficace et durable. La machine industrielle de s\u00e9chage du ma\u00efs est con\u00e7ue pour vous. Elle peut traiter 315-31800 kg de produit par heure. Si vous \u00eates int\u00e9ress\u00e9 par ce projet, cliquez sur ce site web : <a href=\"https:\/\/corn-machine.com\/fr\/product\/machine-industrielle-de-dessiccateur-de-mais\/\">Machine \u00e0 s\u00e9cher le ma\u00efs<\/a> pour obtenir plus de d\u00e9tails.<\/p>    <p class=\"has-text-align-left\">Si vous avez des questions confuses concernant le s\u00e9choir \u00e0 grains mobile, ou si vous souhaitez consulter les prix sp\u00e9cifiques, veuillez nous contacter.<\/p> <\/blockquote>","protected":false},"excerpt":{"rendered":"<p>Le petit s\u00e9choir \u00e0 grains mobile convient \u00e0 la production de petites exploitations agricoles pour s\u00e9cher les grains et les haricots. Chaque jour, il peut produire de 10 \u00e0 240 T de produits s\u00e9ch\u00e9s. Une large gamme d'options pour r\u00e9pondre \u00e0 vos besoins de production.<\/p>","protected":false},"author":1,"featured_media":590,"parent":0,"template":"","tags":[31],"product-type":[44],"class_list":["post-585","product","type-product","status-publish","has-post-thumbnail","hentry","tag-corn","product-type-maize-dryer-machine"],"_links":{"self":[{"href":"https:\/\/corn-machine.com\/fr\/wp-json\/wp\/v2\/product\/585","targetHints":{"allow":["GET"]}}],"collection":[{"href":"https:\/\/corn-machine.com\/fr\/wp-json\/wp\/v2\/product"}],"about":[{"href":"https:\/\/corn-machine.com\/fr\/wp-json\/wp\/v2\/types\/product"}],"author":[{"embeddable":true,"href":"https:\/\/corn-machine.com\/fr\/wp-json\/wp\/v2\/users\/1"}],"wp:featuredmedia":[{"embeddable":true,"href":"https:\/\/corn-machine.com\/fr\/wp-json\/wp\/v2\/media\/590"}],"wp:attachment":[{"href":"https:\/\/corn-machine.com\/fr\/wp-json\/wp\/v2\/media?parent=585"}],"wp:term":[{"taxonomy":"post_tag","embeddable":true,"href":"https:\/\/corn-machine.com\/fr\/wp-json\/wp\/v2\/tags?post=585"},{"taxonomy":"product-type","embeddable":true,"href":"https:\/\/corn-machine.com\/fr\/wp-json\/wp\/v2\/product-type?post=585"}],"curies":[{"name":"wp","href":"https:\/\/api.w.org\/{rel}","templated":true}]}}