{"id":600,"date":"2025-07-09T17:42:35","date_gmt":"2025-07-09T09:42:35","guid":{"rendered":"https:\/\/corn-machine.com\/?post_type=product&#038;p=600"},"modified":"2025-09-01T08:33:39","modified_gmt":"2025-09-01T00:33:39","slug":"multi-functional-maize-thresher-machine","status":"publish","type":"product","link":"https:\/\/corn-machine.com\/fr\/product\/multi-functional-maize-thresher-machine\/","title":{"rendered":"Machine \u00e0 d\u00e9cortiquer le ma\u00efs multifonctionnelle pour le d\u00e9corticage des grains"},"content":{"rendered":"<p class=\"translation-block\">Cette<strong> <\/strong>machine<strong> polyvalente de battage de ma\u00efs<\/strong> est toujours utilis\u00e9e pour s\u00e9parer le ma\u00efs en grains. De plus, le soja, le riz et le millet peuvent \u00e9galement \u00eatre battus. La capacit\u00e9 de battage de cette machinerie d\u00e9pend du type de grain. Par exemple, le ma\u00efs peut \u00eatre battu \u00e0 un taux de 2 \u00e0 4 tonnes par heure, le sorgho et le millet \u00e0 1 \u00e0 2 tonnes par heure, et le soja \u00e0 0,5 \u00e0 0,8 tonne par heure.<\/p>    <p>Nous proposons trois types de puissance pour la machine \u00e0 d\u00e9cortiquer le ma\u00efs : moteur diesel, prise de force (PTO) et moteur \u00e9lectrique pour r\u00e9pondre \u00e0 vos besoins. La puissance \u00e0 haute efficacit\u00e9 permet non seulement d'\u00e9conomiser de la main-d'\u0153uvre, mais am\u00e9liore \u00e9galement le taux de battage \u00e0 plus de 98 %, ce qui r\u00e9duit consid\u00e9rablement les pertes et la consommation de mat\u00e9riel.<\/p>    <h2 class=\"wp-block-heading\"><strong>Points forts de la d\u00e9cortiqueuse de ma\u00efs<\/strong><\/h2>    <ol class=\"wp-block-list\"> <li>Avec de grands pneus et un cadre inf\u00e9rieur solide, il est facile \u00e0 d\u00e9placer. Ainsi, la machine \u00e0 d\u00e9cortiquer le ma\u00efs est plus flexible pour s'adapter \u00e0 toute situation de travail.<\/li>    <li>Il peut \u00eatre utilis\u00e9 pour battre une large gamme de c\u00e9r\u00e9ales, telles que le ma\u00efs, le riz, le bl\u00e9, le soja, etc. Par cons\u00e9quent, vous pouvez changer les grilles pour traiter diff\u00e9rentes tailles de cultures.<\/li>    <li>Cette machine a deux grands ventilateurs, qui sont diff\u00e9rents des autres types de machines \u00e0 d\u00e9cortiquer le ma\u00efs. Ces deux ventilateurs peuvent s\u00e9parer la poussi\u00e8re et les d\u00e9chets des grains de ma\u00efs et d'autres produits. Et c'est l'une des raisons pour lesquelles cette machine \u00e0 battre le ma\u00efs a un taux de battage de plus de 98 %.<\/li> <\/ol>   <div class=\"wp-block-image\"> <figure class=\"aligncenter size-full\"><img loading=\"lazy\" decoding=\"async\" width=\"720\" height=\"540\" src=\"https:\/\/corn-machine.com\/wp-content\/uploads\/2025\/07\/corn-threshing-machine-with-wheel-1.webp\" alt=\"machine \u00e0 battre le ma\u00efs vert polyvalente avec roue\" class=\"wp-image-603\" title=\"\" srcset=\"https:\/\/corn-machine.com\/wp-content\/uploads\/2025\/07\/corn-threshing-machine-with-wheel-1.webp 720w, https:\/\/corn-machine.com\/wp-content\/uploads\/2025\/07\/corn-threshing-machine-with-wheel-1-300x225.webp 300w, https:\/\/corn-machine.com\/wp-content\/uploads\/2025\/07\/corn-threshing-machine-with-wheel-1-16x12.webp 16w\" sizes=\"auto, (max-width: 720px) 100vw, 720px\" \/><figcaption class=\"wp-element-caption\">machine \u00e0 d\u00e9cortiquer le ma\u00efs avec roue<\/figcaption><\/figure> <\/div>   <h2 class=\"wp-block-heading\"><strong>Les param\u00e8tres d\u00e9taill\u00e9s de la machine \u00e0 battre les grains<\/strong><\/h2>    <figure class=\"wp-block-table aligncenter\"><table><tbody><tr><td>Dimensions globales<\/td><td>5TD-1000<\/td><\/tr><tr><td>Pouvoir<\/td><td>Diesel 15HP, moteur 11kw, prise de force<\/td><\/tr><tr><td>Capacit\u00e9<\/td><td>Ma\u00efs 2-4 t\/h, millet et sorgho 1-2 t\/h, soja 0,5-0,8 t\/h<\/td><\/tr><tr><td>Dimensions globales<\/td><td>3400*2100*1980mm<\/td><\/tr><tr><td>Taille d'emballage<\/td><td>2800*740*1400mm<\/td><\/tr><tr><td>Poids<\/td><td>650 kg<\/td><\/tr><tr><td>Remarque<\/td><td>Avec des pneus, un cadre, une poign\u00e9e de traction et deux ventilateurs<\/td><\/tr><\/tbody><\/table><figcaption class=\"wp-element-caption\">les param\u00e8tres de la machine \u00e0 d\u00e9cortiquer le ma\u00efs<\/figcaption><\/figure>   <div class=\"wp-block-image\"> <figure class=\"aligncenter size-full\"><img loading=\"lazy\" decoding=\"async\" width=\"720\" height=\"540\" src=\"https:\/\/corn-machine.com\/wp-content\/uploads\/2025\/07\/corn-threshing-machine-without-wheel.webp\" alt=\"machine \u00e0 d\u00e9cortiquer le ma\u00efs rouge polyvalente sans roue\" class=\"wp-image-604\" title=\"\" srcset=\"https:\/\/corn-machine.com\/wp-content\/uploads\/2025\/07\/corn-threshing-machine-without-wheel.webp 720w, https:\/\/corn-machine.com\/wp-content\/uploads\/2025\/07\/corn-threshing-machine-without-wheel-300x225.webp 300w, https:\/\/corn-machine.com\/wp-content\/uploads\/2025\/07\/corn-threshing-machine-without-wheel-16x12.webp 16w\" sizes=\"auto, (max-width: 720px) 100vw, 720px\" \/><figcaption class=\"wp-element-caption\">machine \u00e0 battre le ma\u00efs sans roue<\/figcaption><\/figure> <\/div>   <h2 class=\"wp-block-heading\"><strong>Aper\u00e7u de la structure de la machine \u00e0 d\u00e9cortiquer les grains<\/strong><\/h2>    <p>La structure enti\u00e8re de cette batteuse \u00e0 grains mobile est simple. Entr\u00e9e, double ventilateurs, sortie, grandes roues, partie de maintien et prise de force sont les principales parties.<\/p>    <ul class=\"wp-block-list\"> <li>Le<strong> grandes roues <\/strong>are designed for easy mobility. This part allows you to store it in a warehouse when you don&#8217;t want to use it. Better than the fixed one, you can keep it out of the wind and rain.<\/li>    <li>\u00c9quip\u00e9 de <strong>double ventilateurs<\/strong>, elle supporte un syst\u00e8me de ventilation plus puissant pour rendre les produits finaux plus propres.<\/li>    <li><strong>Entr\u00e9e<\/strong> est en forme d'entonnoir pour permettre aux mati\u00e8res premi\u00e8res d'entrer facilement, et le <strong>sortie<\/strong>&#8216;s slope design makes products easier for products to be collected by grain pockets.<\/li>    <li><strong>PTO<\/strong> est un moyen de puissance qui peut se connecter \u00e0 un tracteur pour g\u00e9n\u00e9rer de l'\u00e9nergie. Ainsi, la conception de cette pi\u00e8ce est de fournir un moyen de fournir de l'\u00e9nergie \u00e0 certaines personnes qui en ont besoin.<\/li>    <li><strong>partie de maintien<\/strong> est un dispositif de support pour maintenir l'\u00e9quilibre de cette machine \u00e0 d\u00e9cortiquer le ma\u00efs lorsqu'elle fonctionne.<\/li> <\/ul>   <div class=\"wp-block-image\"> <figure class=\"aligncenter size-full\"><img loading=\"lazy\" decoding=\"async\" width=\"720\" height=\"540\" src=\"https:\/\/corn-machine.com\/wp-content\/uploads\/2025\/07\/the-structure-of-maize-sheller.webp\" alt=\"la structure simple du d\u00e9cortiqueur de ma\u00efs\" class=\"wp-image-606\" title=\"\" srcset=\"https:\/\/corn-machine.com\/wp-content\/uploads\/2025\/07\/the-structure-of-maize-sheller.webp 720w, https:\/\/corn-machine.com\/wp-content\/uploads\/2025\/07\/the-structure-of-maize-sheller-300x225.webp 300w, https:\/\/corn-machine.com\/wp-content\/uploads\/2025\/07\/the-structure-of-maize-sheller-16x12.webp 16w\" sizes=\"auto, (max-width: 720px) 100vw, 720px\" \/><figcaption class=\"wp-element-caption\">la structure du d\u00e9cortiqueur de ma\u00efs<\/figcaption><\/figure> <\/div>   <h2 class=\"wp-block-heading\"><strong>Comment utiliser cette machine \u00e0 d\u00e9cortiquer le ma\u00efs ?<\/strong><\/h2>    <p>La structure simple rend l'op\u00e9ration plus facile. Voici quelques \u00e9tapes pour l'utiliser.<\/p>    <ul class=\"wp-block-list\"> <li><strong>\u00c9tape 1 :<\/strong> Avant d'utiliser la machine, v\u00e9rifiez l'alimentation \u00e9lectrique et certains syst\u00e8mes de base pour vous assurer que le support est plat et stable pour la prochaine proc\u00e9dure.<\/li>    <li><strong>\u00c9tape 2 :<\/strong> Turn on the energy system and don&#8217;t pour materials into it at first.<\/li>    <li><strong>\u00c9tape 3 :<\/strong> Apr\u00e8s qu'elle fonctionne correctement, mettez les \u00e9pis de ma\u00efs dans la tr\u00e9mie. <\/li>    <li><strong>\u00c9tape 4 :<\/strong> Ensuite, les \u00e9pis se s\u00e9pareront des grains de ma\u00efs gr\u00e2ce au travail du syst\u00e8me de battage. Et le produit sortira par la sortie.<\/li> <\/ul>    <h2 class=\"wp-block-heading\"><strong>Les produits finaux et leur application<\/strong><\/h2>    <p class=\"translation-block\">Le principal objectif de la machine \u00e0 d\u00e9cortiquer le ma\u00efs est de d\u00e9cortiquer les grains de ma\u00efs et de traiter d'autres <a href=\"https:\/\/en.wikipedia.org\/wiki\/Grain\" target=\"_blank\" rel=\"noopener\">grains<\/a> sans d\u00e9truire leur int\u00e9grit\u00e9. La r\u00e9colte d\u00e9cortiqu\u00e9e : grains de ma\u00efs, millet, soja et riz peuvent \u00eatre vendus comme marchandises au supermarch\u00e9 ou sur le march\u00e9 agricole.<\/p>    <p>Elle peut \u00e9galement \u00eatre utilis\u00e9e comme mati\u00e8re premi\u00e8re pour fabriquer des aliments pour animaux, des semoules et de la farine. Ces moyens peuvent am\u00e9liorer la valeur du produit pour avoir plus de b\u00e9n\u00e9fices \u00e9conomiques.<\/p>   <div class=\"wp-block-image\"> <figure class=\"aligncenter size-full\"><img loading=\"lazy\" decoding=\"async\" width=\"720\" height=\"540\" src=\"https:\/\/corn-machine.com\/wp-content\/uploads\/2025\/07\/corn-thresher-products.webp\" alt=\"mati\u00e8res premi\u00e8res et produits du batteur de ma\u00efs\" class=\"wp-image-611\" title=\"\" srcset=\"https:\/\/corn-machine.com\/wp-content\/uploads\/2025\/07\/corn-thresher-products.webp 720w, https:\/\/corn-machine.com\/wp-content\/uploads\/2025\/07\/corn-thresher-products-300x225.webp 300w, https:\/\/corn-machine.com\/wp-content\/uploads\/2025\/07\/corn-thresher-products-16x12.webp 16w\" sizes=\"auto, (max-width: 720px) 100vw, 720px\" \/><figcaption class=\"wp-element-caption\">application de la machine \u00e0 d\u00e9cortiquer les grains<\/figcaption><\/figure> <\/div>   <h2 class=\"wp-block-heading\"><strong>Un cas d'exportation r\u00e9ussi concernant la machine \u00e0 battre le ma\u00efs au Ghana<\/strong><\/h2>    <p>Nous avons \u00e9tabli une bonne coop\u00e9ration avec un client au Ghana. Il y a eu une grande r\u00e9colte pour sa ferme, donc il avait besoin de transformer ses cultures pour gagner de la place dans son entrep\u00f4t et faciliter la vente ult\u00e9rieure et d'autres \u00e9v\u00e9nements correspondants.<\/p>    <p>Il a plant\u00e9 du ma\u00efs et des soja, donc il avait besoin d'une machine \u00e0 battre multifonctionnelle pour les battre afin de les stocker et de les vendre. Avec notre aide, il a finalement choisi une machine qui r\u00e9pondait \u00e0 ses besoins : une machine \u00e0 battre le ma\u00efs multifonctionnelle 5TD-1000.<\/p>    <p>L'ensemble du processus s'est d\u00e9roul\u00e9 sans heurts. Nous avons emball\u00e9 la machine et avons proc\u00e9d\u00e9 \u00e0 une p\u00e9riode d'exp\u00e9dition. Notre client \u00e9tait impatient de l'installer et de l'utiliser d\u00e8s qu'il a re\u00e7u l'\u00e9quipement.<\/p>    <p>\u201cC\u2019est parfait, il ne fait aucun doute que je l\u2019aime beaucoup. Merci, Taizy, mes amis qui m\u2019aident \u00e0 r\u00e9soudre mes probl\u00e8mes de r\u00e9colte.\u201d Il nous envoie sa vid\u00e9o de travail, et le dit.<\/p>    <figure class=\"wp-block-embed aligncenter is-type-video is-provider-youtube wp-block-embed-youtube wp-embed-aspect-16-9 wp-has-aspect-ratio\"><div class=\"wp-block-embed__wrapper\"> <iframe loading=\"lazy\" title=\"\u2b50Les clients ghan\u00e9ens partagent leurs commentaires honn\u00eates sur notre batteuse \u00e0 grains mobile multifonctionnelle ! #batteuse\u00e0ma\u00efs\" width=\"500\" height=\"281\" src=\"https:\/\/www.youtube.com\/embed\/pmll-kGf2Cs?feature=oembed\" frameborder=\"0\" allow=\"accelerometer; autoplay; clipboard-write; encrypted-media; gyroscope; picture-in-picture; web-share\" referrerpolicy=\"strict-origin-when-cross-origin\" allowfullscreen><\/iframe> <\/div><figcaption class=\"wp-element-caption\">vid\u00e9o de travail de nos clients ghan\u00e9ens<\/figcaption><\/figure>    <p>C'est un honneur pour nous que notre machine puisse aider certaines personnes \u00e0 r\u00e9pondre \u00e0 leurs besoins agricoles, et c'est aussi la conviction de Taizy - rendre le monde meilleur en d\u00e9veloppant des machines agricoles.<\/p>    <figure class=\"wp-block-gallery has-nested-images columns-2 is-cropped wp-block-gallery-2 is-layout-flex wp-block-gallery-is-layout-flex\"> <figure class=\"wp-block-image size-large\"><img loading=\"lazy\" decoding=\"async\" width=\"720\" height=\"540\" data-id=\"607\" src=\"https:\/\/corn-machine.com\/wp-content\/uploads\/2025\/07\/the-first-step-of-packing-corn-sheller-machine.webp\" alt=\"la premi\u00e8re \u00e9tape de l&#039;emballage de la machine \u00e0 d\u00e9cortiquer le ma\u00efs avec des pi\u00e8ces d&#039;emballage\" class=\"wp-image-607\" title=\"\" srcset=\"https:\/\/corn-machine.com\/wp-content\/uploads\/2025\/07\/the-first-step-of-packing-corn-sheller-machine.webp 720w, https:\/\/corn-machine.com\/wp-content\/uploads\/2025\/07\/the-first-step-of-packing-corn-sheller-machine-300x225.webp 300w, https:\/\/corn-machine.com\/wp-content\/uploads\/2025\/07\/the-first-step-of-packing-corn-sheller-machine-16x12.webp 16w\" sizes=\"auto, (max-width: 720px) 100vw, 720px\" \/><figcaption class=\"wp-element-caption\">la premi\u00e8re \u00e9tape de l'emballage de la machine \u00e0 d\u00e9cortiquer le ma\u00efs<\/figcaption><\/figure>    <figure class=\"wp-block-image size-large\"><img loading=\"lazy\" decoding=\"async\" width=\"720\" height=\"540\" data-id=\"609\" src=\"https:\/\/corn-machine.com\/wp-content\/uploads\/2025\/07\/reinforced-packing-of-maize-threshing-machine.webp\" alt=\"emballage renforc\u00e9 de la machine \u00e0 d\u00e9cortiquer le ma\u00efs par un filet m\u00e9tallique\" class=\"wp-image-609\" title=\"\" srcset=\"https:\/\/corn-machine.com\/wp-content\/uploads\/2025\/07\/reinforced-packing-of-maize-threshing-machine.webp 720w, https:\/\/corn-machine.com\/wp-content\/uploads\/2025\/07\/reinforced-packing-of-maize-threshing-machine-300x225.webp 300w, https:\/\/corn-machine.com\/wp-content\/uploads\/2025\/07\/reinforced-packing-of-maize-threshing-machine-16x12.webp 16w\" sizes=\"auto, (max-width: 720px) 100vw, 720px\" \/><figcaption class=\"wp-element-caption\">emballage renforc\u00e9 de la machine \u00e0 battre le ma\u00efs<\/figcaption><\/figure>    <figure class=\"wp-block-image size-large\"><img loading=\"lazy\" decoding=\"async\" width=\"720\" height=\"540\" data-id=\"610\" src=\"https:\/\/corn-machine.com\/wp-content\/uploads\/2025\/07\/the-packing-of-multifunctional-thresher.webp\" alt=\"l&#039;emballage du d\u00e9cortiqueur multifonctionnel avec film plastique\" class=\"wp-image-610\" title=\"\" srcset=\"https:\/\/corn-machine.com\/wp-content\/uploads\/2025\/07\/the-packing-of-multifunctional-thresher.webp 720w, https:\/\/corn-machine.com\/wp-content\/uploads\/2025\/07\/the-packing-of-multifunctional-thresher-300x225.webp 300w, https:\/\/corn-machine.com\/wp-content\/uploads\/2025\/07\/the-packing-of-multifunctional-thresher-16x12.webp 16w\" sizes=\"auto, (max-width: 720px) 100vw, 720px\" \/><figcaption class=\"wp-element-caption\">l'emballage du batteur multifonctionnel<\/figcaption><\/figure>    <figure class=\"wp-block-image size-large\"><img loading=\"lazy\" decoding=\"async\" width=\"720\" height=\"540\" data-id=\"608\" src=\"https:\/\/corn-machine.com\/wp-content\/uploads\/2025\/07\/shipping-of-corn-threshing-machine.webp\" alt=\"la machine \u00e0 battre le ma\u00efs est sur le point d&#039;\u00eatre exp\u00e9di\u00e9e\" class=\"wp-image-608\" title=\"\" srcset=\"https:\/\/corn-machine.com\/wp-content\/uploads\/2025\/07\/shipping-of-corn-threshing-machine.webp 720w, https:\/\/corn-machine.com\/wp-content\/uploads\/2025\/07\/shipping-of-corn-threshing-machine-300x225.webp 300w, https:\/\/corn-machine.com\/wp-content\/uploads\/2025\/07\/shipping-of-corn-threshing-machine-16x12.webp 16w\" sizes=\"auto, (max-width: 720px) 100vw, 720px\" \/><figcaption class=\"wp-element-caption\">exp\u00e9dition de la machine \u00e0 battre le ma\u00efs<\/figcaption><\/figure> <\/figure>    <p class=\"translation-block\">En plus de cette machine \u00e0 d\u00e9cortiquer le ma\u00efs, nous avons \u00e9galement d'autres types de machines \u00e0 ma\u00efs, y compris le traitement du ma\u00efs entier. Par exemple, le <a href=\"https:\/\/corn-machine.com\/fr\/product\/semoir-manuel-de-semences-de-mais\/\">planteur de graines de ma\u00efs manuel<\/a> pour le semis, la <a href=\"https:\/\/corn-machine.com\/fr\/product\/machine-de-recolte-de-mais\/\">machine \u00e0 r\u00e9colter le ma\u00efs<\/a> pour la r\u00e9colte, et m\u00eame la <a href=\"https:\/\/corn-machine.com\/fr\/product\/maize-grits-making-machine\/\">machine \u00e0 faire des semoule de ma\u00efs<\/a> pour le broyage.<\/p>    <p>Contactez-nous pour obtenir plus d'informations et des nouvelles sur les produits !<\/p>","protected":false},"excerpt":{"rendered":"<p>Cette machine \u00e0 d\u00e9cortiquer le ma\u00efs polyvalente est capable de d\u00e9cortiquer efficacement une large gamme de grains. Elle peut d\u00e9cortiquer 2 \u00e0 4 tonnes de ma\u00efs, 1 \u00e0 2 tonnes de mil, etc. par heure. Et son taux de d\u00e9corticage est sup\u00e9rieur \u00e0 98 %.<\/p>","protected":false},"author":1,"featured_media":613,"parent":0,"template":"","tags":[31],"product-type":[42],"class_list":["post-600","product","type-product","status-publish","has-post-thumbnail","hentry","tag-corn","product-type-maize-sheller-machine"],"_links":{"self":[{"href":"https:\/\/corn-machine.com\/fr\/wp-json\/wp\/v2\/product\/600","targetHints":{"allow":["GET"]}}],"collection":[{"href":"https:\/\/corn-machine.com\/fr\/wp-json\/wp\/v2\/product"}],"about":[{"href":"https:\/\/corn-machine.com\/fr\/wp-json\/wp\/v2\/types\/product"}],"author":[{"embeddable":true,"href":"https:\/\/corn-machine.com\/fr\/wp-json\/wp\/v2\/users\/1"}],"wp:featuredmedia":[{"embeddable":true,"href":"https:\/\/corn-machine.com\/fr\/wp-json\/wp\/v2\/media\/613"}],"wp:attachment":[{"href":"https:\/\/corn-machine.com\/fr\/wp-json\/wp\/v2\/media?parent=600"}],"wp:term":[{"taxonomy":"post_tag","embeddable":true,"href":"https:\/\/corn-machine.com\/fr\/wp-json\/wp\/v2\/tags?post=600"},{"taxonomy":"product-type","embeddable":true,"href":"https:\/\/corn-machine.com\/fr\/wp-json\/wp\/v2\/product-type?post=600"}],"curies":[{"name":"wp","href":"https:\/\/api.w.org\/{rel}","templated":true}]}}