{"id":626,"date":"2025-07-14T18:14:07","date_gmt":"2025-07-14T10:14:07","guid":{"rendered":"https:\/\/corn-machine.com\/?post_type=product&#038;p=626"},"modified":"2025-07-18T08:55:39","modified_gmt":"2025-07-18T00:55:39","slug":"corn-peeler-machine-for-kernels-peeling","status":"publish","type":"product","link":"https:\/\/corn-machine.com\/fr\/product\/corn-peeler-machine-for-kernels-peeling\/","title":{"rendered":"Machine \u00e0 \u00e9plucher le ma\u00efs simple et compacte"},"content":{"rendered":"<p class=\"translation-block\">Cette <strong>petite machine \u00e0 \u00e9plucher le ma\u00efs<\/strong> enl\u00e8ve l\u2019embryon noir des grains et \u00e9pluche la peau proprement. Finalement, le produit uniform\u00e9ment granul\u00e9 peut \u00eatre utilis\u00e9 pour le traitement ult\u00e9rieur du ma\u00efs. De plus, il peut aussi d\u00e9hailler le bl\u00e9 et le riz.<\/p>    <p>Sa capacit\u00e9 peut atteindre 300-500 kg\/h. La machine \u00e0 d\u00e9cortiquer le ma\u00efs est simple dans sa structure et facile \u00e0 utiliser. De plus, ses dimensions sont de 660*450*1020 mm, ce qui la rend adapt\u00e9e aux petites usines et ateliers.<\/p>    <figure class=\"wp-block-embed is-type-video is-provider-youtube wp-block-embed-youtube wp-embed-aspect-16-9 wp-has-aspect-ratio\"><div class=\"wp-block-embed__wrapper\"> <iframe loading=\"lazy\" title=\"Comment fonctionne une petite machine \u00e0 \u00e9plucher le ma\u00efs ? Comment \u00e9plucher le ma\u00efs et le riz ? Processus de d\u00e9corticage des grains.\" width=\"500\" height=\"281\" src=\"https:\/\/www.youtube.com\/embed\/_uti2wqZY5M?feature=oembed\" frameborder=\"0\" allow=\"accelerometer; autoplay; clipboard-write; encrypted-media; gyroscope; picture-in-picture; web-share\" referrerpolicy=\"strict-origin-when-cross-origin\" allowfullscreen><\/iframe> <\/div><figcaption class=\"wp-element-caption\">processus de travail de la machine \u00e0 \u00e9plucher le ma\u00efs<\/figcaption><\/figure>    <h2 class=\"wp-block-heading\"><strong>Quels sont les avantages \u00e9vidents de la machine \u00e0 \u00e9plucher le ma\u00efs ? <\/strong><\/h2>    <ol class=\"wp-block-list\"> <li>Malgr\u00e9 sa petite taille, elle est tr\u00e8s productive et peut produire 300 \u00e0 500 kilogrammes de grains de ma\u00efs par heure.<\/li>    <li>Avec une utilisation facile, m\u00eame les d\u00e9butants face \u00e0 cette machine \u00e0 \u00e9plucher le ma\u00efs peuvent la ma\u00eetriser tr\u00e8s rapidement sans formation \u00e0 long terme.<\/li>    <li>En plus d'\u00e9plucher le ma\u00efs, cette machine \u00e0 \u00e9plucher les \u00e9corces de ma\u00efs peut \u00e9galement \u00eatre utilis\u00e9e pour \u00e9plucher le bl\u00e9, le riz et d'autres cultures, ce qui est tr\u00e8s pratique.<\/li> <\/ol>   <div class=\"wp-block-image\"> <figure class=\"aligncenter size-full\"><img loading=\"lazy\" decoding=\"async\" width=\"720\" height=\"540\" src=\"https:\/\/corn-machine.com\/wp-content\/uploads\/2025\/07\/the-maize-peeling-machine.webp\" alt=\"la machine \u00e0 d\u00e9cortiquer le ma\u00efs pour le bl\u00e9, le riz et le ma\u00efs\" class=\"wp-image-647\" title=\"\" srcset=\"https:\/\/corn-machine.com\/wp-content\/uploads\/2025\/07\/the-maize-peeling-machine.webp 720w, https:\/\/corn-machine.com\/wp-content\/uploads\/2025\/07\/the-maize-peeling-machine-300x225.webp 300w, https:\/\/corn-machine.com\/wp-content\/uploads\/2025\/07\/the-maize-peeling-machine-16x12.webp 16w\" sizes=\"auto, (max-width: 720px) 100vw, 720px\" \/><figcaption class=\"wp-element-caption\">la machine \u00e0 peler le ma\u00efs <\/figcaption><\/figure> <\/div>   <h2 class=\"wp-block-heading\"><strong>Param\u00e8tres de base de la machine \u00e0 \u00e9plucher le ma\u00efs<\/strong><\/h2>    <figure class=\"wp-block-table aligncenter\"><table class=\"has-fixed-layout\"><tbody><tr><td class=\"has-text-align-center\" data-align=\"center\">Taille<\/td><td>660*450*1020 mm<\/td><\/tr><tr><td class=\"has-text-align-center\" data-align=\"center\">Poids<\/td><td>100 kg<\/td><\/tr><tr><td class=\"has-text-align-center\" data-align=\"center\">Capacit\u00e9<\/td><td>300-500 kg\/h<\/td><\/tr><tr><td class=\"has-text-align-center\" data-align=\"center\">Pouvoir<\/td><td>Moteur diesel ou moteur \u00e9lectrique&nbsp;<\/td><\/tr><tr><td class=\"has-text-align-center\" data-align=\"center\">Mat\u00e9riaux<\/td><td>Ma\u00efs, riz, bl\u00e9, etc.<\/td><\/tr><\/tbody><\/table><figcaption class=\"wp-element-caption\">les param\u00e8tres de la machine \u00e0 \u00e9plucher le ma\u00efs commercial<\/figcaption><\/figure>    <h2 class=\"wp-block-heading\"><strong>Structure simple de la machine \u00e0 d\u00e9cortiquer le ma\u00efs<\/strong><\/h2>    <p>Il y a trois syst\u00e8mes principaux de la machine \u00e0 \u00e9plucher le ma\u00efs : le syst\u00e8me d'alimentation, le syst\u00e8me d'\u00e9pluchage et le syst\u00e8me de d\u00e9charge.<\/p>    <p>Le syst\u00e8me d'alimentation se compose de deux parties : l'entr\u00e9e en forme d'entonnoir pour mettre les mati\u00e8res premi\u00e8res et le bouton pour contr\u00f4ler la vitesse d'alimentation.<\/p>    <p>Le syst\u00e8me d'\u00e9pluchage est \u00e9quip\u00e9 d'une lame d'\u00e9pluchage pour enlever la peau et le germe noir du ma\u00efs de mani\u00e8re propre et rapide.<\/p>    <p>Il y a trois sorties pour ce d\u00e9cortiqueur de grains de ma\u00efs : la sortie pour les petits grains, la sortie pour les peaux et la sortie pour le produit fini. Diff\u00e9rentes sorties correspondent \u00e0 diff\u00e9rentes productions.<\/p>   <div class=\"wp-block-image\"> <figure class=\"aligncenter size-full\"><img loading=\"lazy\" decoding=\"async\" width=\"720\" height=\"540\" src=\"https:\/\/corn-machine.com\/wp-content\/uploads\/2025\/07\/the-structure-of-corn-peeler-machine.webp\" alt=\"la structure d\u00e9taill\u00e9e de la machine \u00e0 \u00e9plucher le ma\u00efs\" class=\"wp-image-640\" title=\"\" srcset=\"https:\/\/corn-machine.com\/wp-content\/uploads\/2025\/07\/the-structure-of-corn-peeler-machine.webp 720w, https:\/\/corn-machine.com\/wp-content\/uploads\/2025\/07\/the-structure-of-corn-peeler-machine-300x225.webp 300w, https:\/\/corn-machine.com\/wp-content\/uploads\/2025\/07\/the-structure-of-corn-peeler-machine-16x12.webp 16w\" sizes=\"auto, (max-width: 720px) 100vw, 720px\" \/><figcaption class=\"wp-element-caption\">la structure de la machine \u00e0 \u00e9plucher le ma\u00efs<\/figcaption><\/figure> <\/div>   <h2 class=\"wp-block-heading\"><strong>La production et l'application de la machine \u00e0 d\u00e9cortiquer les grains de ma\u00efs<\/strong><\/h2>    <p>Les grains de ma\u00efs sortent de la sortie du produit fini, comme le montre le diagramme de structure, et d'autres cultures de petite taille sortiront d'une autre sortie. Mais cette partie de notre machine \u00e0 \u00e9plucher le ma\u00efs a \u00e9t\u00e9 mise \u00e0 jour. Elle peut maintenant d\u00e9cortiquer le bl\u00e9, le riz et d'autres c\u00e9r\u00e9ales.<\/p>    <p>En tant que premi\u00e8re \u00e9tape du traitement du ma\u00efs, cela signifie qu'il existe diverses fa\u00e7ons d'en tirer des b\u00e9n\u00e9fices.<\/p>    <ul class=\"wp-block-list\"> <li>Vous pouvez utiliser des grains de ma\u00efs transform\u00e9s pour faire des semoules et de la farine de ma\u00efs, qui ont une valeur de vente plus \u00e9lev\u00e9e.<\/li>    <li>Si vous pensez qu'acheter une autre machine est inutile, vous pouvez \u00e9galement vendre ces produits directement aux fabricants de produits \u00e0 base de ma\u00efs pour en tirer des b\u00e9n\u00e9fices imm\u00e9diats. Cela s'applique \u00e9galement au bl\u00e9 et au riz transform\u00e9s.<\/li>    <li>De plus, les produits transform\u00e9s <a href=\"https:\/\/en.wikipedia.org\/wiki\/Crop\" target=\"_blank\" rel=\"noopener\">cultures<\/a> sont faciles \u00e0 conserver pendant de longues p\u00e9riodes. Il peut \u00eatre utilis\u00e9 comme bouillie ou comme accompagnement de salade avec un excellent go\u00fbt et une riche nutrition.<\/li> <\/ul>    <figure class=\"wp-block-gallery has-nested-images columns-default is-cropped wp-block-gallery-2 is-layout-flex wp-block-gallery-is-layout-flex\"> <figure class=\"wp-block-image size-large\"><img loading=\"lazy\" decoding=\"async\" width=\"720\" height=\"540\" data-id=\"645\" src=\"https:\/\/corn-machine.com\/wp-content\/uploads\/2025\/07\/peeled-wheat.webp\" alt=\"bl\u00e9 \u00e9pluch\u00e9 par la machine \u00e0 \u00e9plucher les grains\" class=\"wp-image-645\" title=\"\" srcset=\"https:\/\/corn-machine.com\/wp-content\/uploads\/2025\/07\/peeled-wheat.webp 720w, https:\/\/corn-machine.com\/wp-content\/uploads\/2025\/07\/peeled-wheat-300x225.webp 300w, https:\/\/corn-machine.com\/wp-content\/uploads\/2025\/07\/peeled-wheat-16x12.webp 16w\" sizes=\"auto, (max-width: 720px) 100vw, 720px\" \/><figcaption class=\"wp-element-caption\">bl\u00e9 \u00e9pluch\u00e9 <\/figcaption><\/figure>    <figure class=\"wp-block-image size-large\"><img loading=\"lazy\" decoding=\"async\" width=\"720\" height=\"540\" data-id=\"644\" src=\"https:\/\/corn-machine.com\/wp-content\/uploads\/2025\/07\/the-peeled-corn.webp\" alt=\"ma\u00efs \u00e9pluch\u00e9 par la machine \u00e0 \u00e9plucher le ma\u00efs\" class=\"wp-image-644\" title=\"\" srcset=\"https:\/\/corn-machine.com\/wp-content\/uploads\/2025\/07\/the-peeled-corn.webp 720w, https:\/\/corn-machine.com\/wp-content\/uploads\/2025\/07\/the-peeled-corn-300x225.webp 300w, https:\/\/corn-machine.com\/wp-content\/uploads\/2025\/07\/the-peeled-corn-16x12.webp 16w\" sizes=\"auto, (max-width: 720px) 100vw, 720px\" \/><figcaption class=\"wp-element-caption\">ma\u00efs \u00e9pluch\u00e9<\/figcaption><\/figure> <\/figure>    <h2 class=\"wp-block-heading\"><strong>30 machines \u00e0 \u00e9plucher le ma\u00efs exp\u00e9di\u00e9es au Burkina Faso <\/strong><\/h2>    <p>Il existe un client qui a command\u00e9 trente ensembles de machines \u00e0 \u00e9grener les grains efficaces pour le gouvernement agricole. La culture principale de leur r\u00e9gion est le ma\u00efs, ils veulent donc acheter du mat\u00e9riel pour ma\u00efs et mettre en place un processus simple pour un recyclage \u00e0 haut profit afin d\u2019am\u00e9liorer le revenu des agriculteurs locaux.<\/p>    <p class=\"translation-block\">Ainsi, ils demandent <strong>trois exigences<\/strong> : <\/p>    <ol class=\"wp-block-list\"> <li>Les machines doivent \u00eatre faciles \u00e0 faire fonctionner.<\/li>    <li>Cet \u00e9quipement de ma\u00efs doit avoir une petite taille et un poids l\u00e9ger pour \u00eatre d\u00e9plac\u00e9.<\/li>    <li>Sa capacit\u00e9 peut atteindre au moins 400 kg\/h.<\/li> <\/ol>    <p>Nous les avons imm\u00e9diatement aid\u00e9s \u00e0 choisir cette machine \u00e0 \u00e9plucher le ma\u00efs commercial comme choix final. Elle avait exactement les caract\u00e9ristiques dont ils avaient besoin. Nous avions beaucoup de stock, donc d\u00e8s que la commande a \u00e9t\u00e9 finalis\u00e9e, nous l'avons emball\u00e9e et exp\u00e9di\u00e9e.<\/p>   <div class=\"wp-block-image\"> <figure class=\"aligncenter size-full\"><img loading=\"lazy\" decoding=\"async\" width=\"720\" height=\"540\" src=\"https:\/\/corn-machine.com\/wp-content\/uploads\/2025\/07\/shipping-of-the-corn-peeler-machine.webp\" alt=\"exp\u00e9dition de la machine \u00e0 \u00e9plucher le ma\u00efs vers l&#039;Afrique\" class=\"wp-image-648\" title=\"\" srcset=\"https:\/\/corn-machine.com\/wp-content\/uploads\/2025\/07\/shipping-of-the-corn-peeler-machine.webp 720w, https:\/\/corn-machine.com\/wp-content\/uploads\/2025\/07\/shipping-of-the-corn-peeler-machine-300x225.webp 300w, https:\/\/corn-machine.com\/wp-content\/uploads\/2025\/07\/shipping-of-the-corn-peeler-machine-16x12.webp 16w\" sizes=\"auto, (max-width: 720px) 100vw, 720px\" \/><figcaption class=\"wp-element-caption\">exp\u00e9dition de la machine \u00e0 \u00e9plucher le ma\u00efs<\/figcaption><\/figure> <\/div>   <p>Quelques mois plus tard, ils ont eu une r\u00e9colte de ma\u00efs exceptionnelle, alors ils ont utilis\u00e9 cette machine pour traiter leur ma\u00efs. Ils ont dit qu'apr\u00e8s avoir utilis\u00e9 cette machine \u00e0 \u00e9plucher les grains de ma\u00efs, ils ont \u00e9conomis\u00e9 beaucoup de main-d'\u0153uvre pour d\u00e9cortiquer le ma\u00efs, et le produit de haute qualit\u00e9 leur a apport\u00e9 plus de b\u00e9n\u00e9fices qu'auparavant. Certaines personnes aiment cuisiner et manger le ma\u00efs \u00e9pluch\u00e9, et c'est tr\u00e8s bon, ce qui en fait un excellent moyen de le vendre !<\/p>    <p class=\"translation-block\">Et ils veulent acheter une autre machine \u00e0 ma\u00efs \u00e0 l\u2019avenir, comme une <a href=\"https:\/\/corn-machine.com\/fr\/product\/maize-grits-making-machine\/\">machine \u00e0 fabriquer des gruaux de ma\u00efs<\/a>, pour produire des gruaux et de la farine dans une \u00e9conomie plus commerciale. Nous sommes impatients du prochain choix de coop\u00e9ration commerciale.<\/p>    <hr class=\"wp-block-separator has-alpha-channel-opacity is-style-wide\"\/>    <p><\/p>    <p>Nous sommes Taizy, sp\u00e9cialis\u00e9s dans les machines agricoles. Gr\u00e2ce \u00e0 nos clients du monde entier, nous avons fait beaucoup de progr\u00e8s gr\u00e2ce \u00e0 leurs conseils et retours. Nos objectifs sont de rechercher des \u00e9quipements plus utiles pour aider au d\u00e9veloppement agricole.<\/p>    <p>Bienvenue sur notre site web. Si vous \u00eates int\u00e9ress\u00e9 par nos machines et souhaitez en savoir plus, veuillez nous contacter pour plus d'informations.<\/p>","protected":false},"excerpt":{"rendered":"<p>Ce petit \u00e9plucheur de ma\u00efs est adapt\u00e9 pour \u00e9plucher le ma\u00efs, le bl\u00e9 et d'autres grains avec une capacit\u00e9 d'\u00e9pluchage de 300-500 kg\/h. Avec une structure simple et une op\u00e9ration facile, il est particuli\u00e8rement adapt\u00e9 pour travailler dans de petits ateliers et usines.<\/p>","protected":false},"author":1,"featured_media":639,"parent":0,"template":"","tags":[31],"product-type":[47],"class_list":["post-626","product","type-product","status-publish","has-post-thumbnail","hentry","tag-corn","product-type-maize-peeler-machine"],"_links":{"self":[{"href":"https:\/\/corn-machine.com\/fr\/wp-json\/wp\/v2\/product\/626","targetHints":{"allow":["GET"]}}],"collection":[{"href":"https:\/\/corn-machine.com\/fr\/wp-json\/wp\/v2\/product"}],"about":[{"href":"https:\/\/corn-machine.com\/fr\/wp-json\/wp\/v2\/types\/product"}],"author":[{"embeddable":true,"href":"https:\/\/corn-machine.com\/fr\/wp-json\/wp\/v2\/users\/1"}],"wp:featuredmedia":[{"embeddable":true,"href":"https:\/\/corn-machine.com\/fr\/wp-json\/wp\/v2\/media\/639"}],"wp:attachment":[{"href":"https:\/\/corn-machine.com\/fr\/wp-json\/wp\/v2\/media?parent=626"}],"wp:term":[{"taxonomy":"post_tag","embeddable":true,"href":"https:\/\/corn-machine.com\/fr\/wp-json\/wp\/v2\/tags?post=626"},{"taxonomy":"product-type","embeddable":true,"href":"https:\/\/corn-machine.com\/fr\/wp-json\/wp\/v2\/product-type?post=626"}],"curies":[{"name":"wp","href":"https:\/\/api.w.org\/{rel}","templated":true}]}}