{"id":651,"date":"2025-07-15T18:16:59","date_gmt":"2025-07-15T10:16:59","guid":{"rendered":"https:\/\/corn-machine.com\/?post_type=product&#038;p=651"},"modified":"2025-07-17T14:59:06","modified_gmt":"2025-07-17T06:59:06","slug":"grain-cleaner-machine-for-corn-cleaning","status":"publish","type":"product","link":"https:\/\/corn-machine.com\/fr\/product\/grain-cleaner-machine-for-corn-cleaning\/","title":{"rendered":"Machine de nettoyage de grains enti\u00e8rement automatique avec vent \u2013 Convoyeur transport\u00e9"},"content":{"rendered":"<p>Cette machine \u00e0 nettoyer les grains est toujours utilis\u00e9e comme premi\u00e8re \u00e9tape avant le traitement des cultures. Sa fonction principale est de s\u00e9parer la poussi\u00e8re, les cailloux, les grains ratatin\u00e9s et autres impuret\u00e9s. Chaque heure, elle peut traiter des mati\u00e8res premi\u00e8res de 400 \u00e0 1200 kg.<\/p>    <p>Avec un syst\u00e8me hautement automatique, la machine de nettoyage multi-c\u00e9r\u00e9ales est facile \u00e0 utiliser. De plus, elle a une petite taille et une faible consommation d'\u00e9nergie, c'est donc un choix parfait pour les fabricants de c\u00e9r\u00e9ales brutes, les usines de transformation alimentaire et les petites exploitations agricoles.<\/p>    <figure class=\"wp-block-embed is-type-video is-provider-youtube wp-block-embed-youtube wp-embed-aspect-16-9 wp-has-aspect-ratio\"><div class=\"wp-block-embed__wrapper\"> <iframe loading=\"lazy\" title=\"Nettoyeur de grains | Machine de nettoyage de ma\u00efs avec un contr\u00f4le automatis\u00e9 exceptionnel et une haute efficacit\u00e9 de production\" width=\"500\" height=\"281\" src=\"https:\/\/www.youtube.com\/embed\/iZUieQTLocU?feature=oembed\" frameborder=\"0\" allow=\"accelerometer; autoplay; clipboard-write; encrypted-media; gyroscope; picture-in-picture; web-share\" referrerpolicy=\"strict-origin-when-cross-origin\" allowfullscreen><\/iframe> <\/div><figcaption class=\"wp-element-caption\">machine \u00e0 nettoyer les grains<\/figcaption><\/figure>    <h2 class=\"wp-block-heading\"><strong>Quels sont les avantages significatifs de la machine de nettoyage multi-grains ?<\/strong><\/h2>    <ul class=\"wp-block-list\"> <li>La machine \u00e0 nettoyer les grains est<strong> enti\u00e8rement automatique<\/strong>Apr\u00e8s l'avoir allum\u00e9, le dispositif d'alimentation transformera les mati\u00e8res premi\u00e8res en syst\u00e8me de nettoyage et accomplira le travail. Pour plus de commodit\u00e9, nous avons con\u00e7u un syst\u00e8me d'exploitation simple. M\u00eame si vous ne connaissez pas la structure de la machine, vous pouvez commencer rapidement !<\/li>    <li>Il a un <strong>syst\u00e8me de filtration scientifique<\/strong> pour s\u00e9parer les d\u00e9chets et les produits. De plus, il y a trois sorties con\u00e7ues pour distinguer les mat\u00e9riaux de sortie. \u00c9quip\u00e9 d'un ventilateur, la mati\u00e8re premi\u00e8re n'a besoin d'\u00eatre nettoy\u00e9e qu'une seule fois, ce qui peut r\u00e9pondre \u00e0 l'exigence de traitement.<\/li>    <li>En raison de sa taille compacte, la machine de nettoyage de ma\u00efs est<strong> adapt\u00e9 \u00e0 toute situation<\/strong>Il peut \u00eatre install\u00e9 dans un petit atelier de production ou combin\u00e9 avec d'autres machines de production pour cr\u00e9er une ligne de production compl\u00e8te pour le traitement des cultures.<\/li> <\/ul>    <h2 class=\"wp-block-heading\"><strong>Param\u00e8tres techniques de la machine de nettoyage des grains de bl\u00e9<\/strong><\/h2>    <p>Il existe deux mod\u00e8les de cette machine de nettoyage de grains multiples, et vous pouvez choisir l'un d'eux en fonction de vos besoins en mati\u00e8re de capacit\u00e9 de la machine. Voici leurs param\u00e8tres d\u00e9taill\u00e9s.<\/p>    <figure class=\"wp-block-table aligncenter\"><table class=\"has-fixed-layout\"><tbody><tr><td>Mod\u00e8le<\/td><td class=\"has-text-align-center\" data-align=\"center\"><strong>FSQDJ-57<\/strong><\/td><td class=\"has-text-align-center\" data-align=\"center\"><strong>FSQDJ-100<\/strong><\/td><\/tr><tr><td>Sortie<\/td><td class=\"has-text-align-center\" data-align=\"center\">400-600 kg\/h<\/td><td class=\"has-text-align-center\" data-align=\"center\">800-1200 kg\/h<\/td><\/tr><tr><td>Puissance de soutien<\/td><td class=\"has-text-align-center\" data-align=\"center\">3kw<\/td><td class=\"has-text-align-center\" data-align=\"center\">4kw<\/td><\/tr><tr><td>Taille<\/td><td class=\"has-text-align-center\" data-align=\"center\">1700*800*2900mm<\/td><td class=\"has-text-align-center\" data-align=\"center\">1900*1000*3000mm<\/td><\/tr><tr><td>Poids<\/td><td class=\"has-text-align-center\" data-align=\"center\">300kg<\/td><td class=\"has-text-align-center\" data-align=\"center\">400kg<\/td><\/tr><\/tbody><\/table><figcaption class=\"wp-element-caption\">param\u00e8tres techniques de la machine \u00e0 nettoyer les grains<\/figcaption><\/figure>    <h2 class=\"wp-block-heading\"><strong>La structure compl\u00e8te de la machine \u00e0 nettoyer le ma\u00efs<\/strong><\/h2>    <p>La structure externe de la machine \u00e0 nettoyer les grains se compose principalement de plusieurs sorties (y compris deux sorties pour les impuret\u00e9s, une sortie pour le sable et une sortie pour les pierres), d'un ventilateur, d'une entr\u00e9e et de bandes transporteuses.<\/p>    <p>Son syst\u00e8me d'exploitation sp\u00e9cifique est principalement divis\u00e9 en quatre parties : le dispositif d'alimentation automatique, le dispositif de criblage vibrant \u00e0 double couche, le dispositif de s\u00e9paration des pierres par gravit\u00e9 sp\u00e9cifique et le dispositif de nettoyage du bl\u00e9.<\/p>    <ul class=\"wp-block-list\"> <li>Le dispositif d'alimentation automatique est responsable de la transformation des grains bruts en syst\u00e8me de traitement. Il est \u00e9quip\u00e9 d'un ventilateur pour faciliter le fonctionnement automatique.<\/li>    <li>Le dispositif de criblage vibrant \u00e0 double couche permet d'\u00e9liminer la poussi\u00e8re, le sable et d'autres impuret\u00e9s l\u00e9g\u00e8res et petites.<\/li>    <li>Un dispositif de s\u00e9paration des pierres \u00e0 gravit\u00e9 sp\u00e9cifique est une partie indispensable pour enlever les d\u00e9bris plus lourds (par exemple, petites pierres).<\/li>    <li>Le dispositif de nettoyage du bl\u00e9 est sp\u00e9cialement utilis\u00e9 pour s\u00e9parer la paille de bl\u00e9, le son de bl\u00e9 et les grains ratatin\u00e9s.<\/li> <\/ul>    <figure class=\"wp-block-gallery has-nested-images columns-default is-cropped wp-block-gallery-2 is-layout-flex wp-block-gallery-is-layout-flex\"> <figure class=\"wp-block-image size-large\"><img loading=\"lazy\" decoding=\"async\" width=\"720\" height=\"540\" data-id=\"658\" src=\"https:\/\/corn-machine.com\/wp-content\/uploads\/2025\/07\/structure-of-small-maize-cleaning-machine.webp\" alt=\"structure d\u00e9taill\u00e9e de la petite machine de nettoyage de ma\u00efs\" class=\"wp-image-658\" title=\"\" srcset=\"https:\/\/corn-machine.com\/wp-content\/uploads\/2025\/07\/structure-of-small-maize-cleaning-machine.webp 720w, https:\/\/corn-machine.com\/wp-content\/uploads\/2025\/07\/structure-of-small-maize-cleaning-machine-300x225.webp 300w, https:\/\/corn-machine.com\/wp-content\/uploads\/2025\/07\/structure-of-small-maize-cleaning-machine-16x12.webp 16w\" sizes=\"auto, (max-width: 720px) 100vw, 720px\" \/><figcaption class=\"wp-element-caption\">structure de la petite machine \u00e0 nettoyer le ma\u00efs<\/figcaption><\/figure>    <figure class=\"wp-block-image size-large\"><img loading=\"lazy\" decoding=\"async\" width=\"720\" height=\"540\" data-id=\"659\" src=\"https:\/\/corn-machine.com\/wp-content\/uploads\/2025\/07\/system-of-corn-seed-cleaner-machine.webp\" alt=\"syst\u00e8me complet de machine \u00e0 nettoyer les semences de ma\u00efs\" class=\"wp-image-659\" title=\"\" srcset=\"https:\/\/corn-machine.com\/wp-content\/uploads\/2025\/07\/system-of-corn-seed-cleaner-machine.webp 720w, https:\/\/corn-machine.com\/wp-content\/uploads\/2025\/07\/system-of-corn-seed-cleaner-machine-300x225.webp 300w, https:\/\/corn-machine.com\/wp-content\/uploads\/2025\/07\/system-of-corn-seed-cleaner-machine-16x12.webp 16w\" sizes=\"auto, (max-width: 720px) 100vw, 720px\" \/><figcaption class=\"wp-element-caption\">syst\u00e8me de la machine \u00e0 nettoyer les graines de ma\u00efs<\/figcaption><\/figure> <\/figure>    <h2 class=\"wp-block-heading\"><strong>Pourquoi est-il n\u00e9cessaire de poss\u00e9der un nettoyeur de grains automatique ?<\/strong><\/h2>    <ol class=\"wp-block-list\"> <li>Si vous avez une ligne pour le traitement des grains et que vous souhaitez r\u00e9duire le co\u00fbt d'achat des mati\u00e8res premi\u00e8res, vous pouvez ajouter une machine \u00e0 nettoyer les grains comme premi\u00e8re \u00e9tape de nettoyage des mat\u00e9riaux. Vous pouvez le traiter vous-m\u00eame, \u00e9liminant ainsi le besoin de payer pour le nettoyage et le traitement des mati\u00e8res premi\u00e8res.<\/li>    <li>Vous vous sentirez toujours agac\u00e9 en nettoyant le ma\u00efs et le bl\u00e9 r\u00e9colt\u00e9s \u00e0 la ferme ? Cette machine peut vous aider \u00e0 r\u00e9soudre ces probl\u00e8mes facilement. Elle peut s\u00e9parer la paille de bl\u00e9, les cailloux et m\u00eame la poussi\u00e8re de vos r\u00e9coltes.<\/li>    <li>En tant que fournisseur de mat\u00e9riaux, des marchandises propres et de haute qualit\u00e9 sont toujours le premier choix pour les clients. Cette machine peut filtrer les cultures de mauvaise qualit\u00e9.<\/li> <\/ol>    <p>Dans la prochaine partie, je vais vous montrer les produits qui peuvent \u00eatre fabriqu\u00e9s et l'utilisation sp\u00e9cifique de la machine.<\/p>    <h2 class=\"wp-block-heading\"><strong>Produits et applications des machines de nettoyage des grains<\/strong><\/h2>    <p>En tant que machine de nettoyage des grains multifonctionnelle, elle peut filtrer et tamiser les d\u00e9bris de divers grains, tels que le sarrasin, le ma\u00efs, le millet, le bl\u00e9, etc.<\/p>    <p>La fonction principale de la machine de nettoyage des grains est de s\u00e9lectionner des grains de haute qualit\u00e9 pour faciliter le traitement alimentaire ult\u00e9rieur. Ces mat\u00e9riaux trait\u00e9s sont suffisamment clairs pour \u00eatre vendus. Mais si vous \u00eates int\u00e9ress\u00e9 par la cr\u00e9ation de plus de b\u00e9n\u00e9fices, je voudrais vous pr\u00e9senter quelques \u00e9quipements utiles.<\/p>    <p>Ci-dessous, je vais pr\u00e9senter une ligne de fabrication qui, je crois, vous aidera \u00e0 comprendre le processus de production d'un produit agro-alimentaire complet.<\/p>    <figure class=\"wp-block-gallery has-nested-images columns-2 is-cropped wp-block-gallery-3 is-layout-flex wp-block-gallery-is-layout-flex\"> <figure class=\"wp-block-image size-large\"><img loading=\"lazy\" decoding=\"async\" width=\"720\" height=\"540\" data-id=\"660\" src=\"https:\/\/corn-machine.com\/wp-content\/uploads\/2025\/07\/buckwheat.webp\" alt=\"sarrasin nettoy\u00e9 par la machine \u00e0 nettoyer les grains\" class=\"wp-image-660\" title=\"\" srcset=\"https:\/\/corn-machine.com\/wp-content\/uploads\/2025\/07\/buckwheat.webp 720w, https:\/\/corn-machine.com\/wp-content\/uploads\/2025\/07\/buckwheat-300x225.webp 300w, https:\/\/corn-machine.com\/wp-content\/uploads\/2025\/07\/buckwheat-16x12.webp 16w\" sizes=\"auto, (max-width: 720px) 100vw, 720px\" \/><figcaption class=\"wp-element-caption\"><a href=\"https:\/\/en.wikipedia.org\/wiki\/Buckwheat#Potential_adverse_effects\" target=\"_blank\" rel=\"noopener\">sarrasin<\/a><\/figcaption><\/figure>    <figure class=\"wp-block-image size-large\"><img loading=\"lazy\" decoding=\"async\" width=\"720\" height=\"540\" data-id=\"663\" src=\"https:\/\/corn-machine.com\/wp-content\/uploads\/2025\/07\/corn-1.webp\" alt=\"ma\u00efs nettoy\u00e9 par la machine \u00e0 nettoyer les grains\" class=\"wp-image-663\" title=\"\" srcset=\"https:\/\/corn-machine.com\/wp-content\/uploads\/2025\/07\/corn-1.webp 720w, https:\/\/corn-machine.com\/wp-content\/uploads\/2025\/07\/corn-1-300x225.webp 300w, https:\/\/corn-machine.com\/wp-content\/uploads\/2025\/07\/corn-1-16x12.webp 16w\" sizes=\"auto, (max-width: 720px) 100vw, 720px\" \/><figcaption class=\"wp-element-caption\">ma\u00efs<\/figcaption><\/figure>    <figure class=\"wp-block-image size-large\"><img loading=\"lazy\" decoding=\"async\" width=\"720\" height=\"540\" data-id=\"661\" src=\"https:\/\/corn-machine.com\/wp-content\/uploads\/2025\/07\/millet.webp\" alt=\"millet nettoy\u00e9 par la machine \u00e0 nettoyer les grains\" class=\"wp-image-661\" title=\"\" srcset=\"https:\/\/corn-machine.com\/wp-content\/uploads\/2025\/07\/millet.webp 720w, https:\/\/corn-machine.com\/wp-content\/uploads\/2025\/07\/millet-300x225.webp 300w, https:\/\/corn-machine.com\/wp-content\/uploads\/2025\/07\/millet-16x12.webp 16w\" sizes=\"auto, (max-width: 720px) 100vw, 720px\" \/><figcaption class=\"wp-element-caption\">millet<\/figcaption><\/figure>    <figure class=\"wp-block-image size-large\"><img loading=\"lazy\" decoding=\"async\" width=\"720\" height=\"540\" data-id=\"662\" src=\"https:\/\/corn-machine.com\/wp-content\/uploads\/2025\/07\/wheat-1.webp\" alt=\"bl\u00e9 nettoy\u00e9 par la machine \u00e0 nettoyer les grains\" class=\"wp-image-662\" title=\"\" srcset=\"https:\/\/corn-machine.com\/wp-content\/uploads\/2025\/07\/wheat-1.webp 720w, https:\/\/corn-machine.com\/wp-content\/uploads\/2025\/07\/wheat-1-300x225.webp 300w, https:\/\/corn-machine.com\/wp-content\/uploads\/2025\/07\/wheat-1-16x12.webp 16w\" sizes=\"auto, (max-width: 720px) 100vw, 720px\" \/><figcaption class=\"wp-element-caption\">bl\u00e9<\/figcaption><\/figure> <\/figure>    <h2 class=\"wp-block-heading\"><strong>Ligne de production pour le traitement du ma\u00efs<\/strong><\/h2>    <p class=\"translation-block\">Il s'agit d'une unit\u00e9 compl\u00e8te de machine de meulage du ma\u00efs pour produire des grains de ma\u00efs, qui se compose de quatre parties principales : une machine de nettoyage des c\u00e9r\u00e9ales, un silo, <a href=\"https:\/\/corn-machine.com\/fr\/product\/maize-grits-making-machine\/\">une machine d'\u00e9pluchage du ma\u00efs<\/a>, et une machine \u00e0 grits de ma\u00efs T3.<\/p>    <p>C'est le processus complet de production de semoule de ma\u00efs avec un contr\u00f4le automatis\u00e9 superbe et une efficacit\u00e9 de production extr\u00eamement \u00e9lev\u00e9e. Cela peut am\u00e9liorer le prix de vos produits, qui peuvent \u00eatre fournis aux supermarch\u00e9s, aux march\u00e9s de gros des agriculteurs, et m\u00eame \u00e0 certaines usines alimentaires qui ont besoin de tels mat\u00e9riaux pour le traitement des aliments.<\/p>    <figure class=\"wp-block-gallery aligncenter has-nested-images columns-default is-cropped wp-block-gallery-4 is-layout-flex wp-block-gallery-is-layout-flex\"> <figure class=\"wp-block-image size-full\"><img loading=\"lazy\" decoding=\"async\" width=\"720\" height=\"540\" data-id=\"665\" src=\"https:\/\/corn-machine.com\/wp-content\/uploads\/2025\/07\/complete-machine-for-processing-corn.webp\" alt=\"machine compl\u00e8te pour le traitement du ma\u00efs\" class=\"wp-image-665\" title=\"\" srcset=\"https:\/\/corn-machine.com\/wp-content\/uploads\/2025\/07\/complete-machine-for-processing-corn.webp 720w, https:\/\/corn-machine.com\/wp-content\/uploads\/2025\/07\/complete-machine-for-processing-corn-300x225.webp 300w, https:\/\/corn-machine.com\/wp-content\/uploads\/2025\/07\/complete-machine-for-processing-corn-16x12.webp 16w\" sizes=\"auto, (max-width: 720px) 100vw, 720px\" \/><figcaption class=\"wp-element-caption\">ligne de traitement de semoule de ma\u00efs<\/figcaption><\/figure>    <figure class=\"wp-block-image size-full\"><img loading=\"lazy\" decoding=\"async\" width=\"720\" height=\"540\" data-id=\"664\" src=\"https:\/\/corn-machine.com\/wp-content\/uploads\/2025\/07\/corn-processing-line.webp\" alt=\"ligne de transformation du ma\u00efs pour fabriquer des semoules de ma\u00efs\" class=\"wp-image-664\" title=\"\" srcset=\"https:\/\/corn-machine.com\/wp-content\/uploads\/2025\/07\/corn-processing-line.webp 720w, https:\/\/corn-machine.com\/wp-content\/uploads\/2025\/07\/corn-processing-line-300x225.webp 300w, https:\/\/corn-machine.com\/wp-content\/uploads\/2025\/07\/corn-processing-line-16x12.webp 16w\" sizes=\"auto, (max-width: 720px) 100vw, 720px\" \/><figcaption class=\"wp-element-caption\">ligne de traitement du ma\u00efs<\/figcaption><\/figure> <\/figure>    <p>Si vous \u00eates int\u00e9ress\u00e9 par cette machine ou si vous avez d'autres questions, contactez-nous pour en savoir plus !<\/p>","protected":false},"excerpt":{"rendered":"<p>La machine de nettoyage de grains \u00e0 haute efficacit\u00e9 peut traiter le ma\u00efs, le bl\u00e9, le ma\u00efs et d'autres grains. Elle est productive et peut nettoyer des grains \u00e0 une vitesse de 400 \u00e0 1200 kg\/h. \u00c9quip\u00e9e d'un syst\u00e8me de soufflerie pour un enl\u00e8vement efficace de la poussi\u00e8re et des d\u00e9chets.<\/p>","protected":false},"author":1,"featured_media":657,"parent":0,"template":"","tags":[31,33],"product-type":[46],"class_list":["post-651","product","type-product","status-publish","has-post-thumbnail","hentry","tag-corn","tag-grain","product-type-corn-cleaning-machine"],"_links":{"self":[{"href":"https:\/\/corn-machine.com\/fr\/wp-json\/wp\/v2\/product\/651","targetHints":{"allow":["GET"]}}],"collection":[{"href":"https:\/\/corn-machine.com\/fr\/wp-json\/wp\/v2\/product"}],"about":[{"href":"https:\/\/corn-machine.com\/fr\/wp-json\/wp\/v2\/types\/product"}],"author":[{"embeddable":true,"href":"https:\/\/corn-machine.com\/fr\/wp-json\/wp\/v2\/users\/1"}],"wp:featuredmedia":[{"embeddable":true,"href":"https:\/\/corn-machine.com\/fr\/wp-json\/wp\/v2\/media\/657"}],"wp:attachment":[{"href":"https:\/\/corn-machine.com\/fr\/wp-json\/wp\/v2\/media?parent=651"}],"wp:term":[{"taxonomy":"post_tag","embeddable":true,"href":"https:\/\/corn-machine.com\/fr\/wp-json\/wp\/v2\/tags?post=651"},{"taxonomy":"product-type","embeddable":true,"href":"https:\/\/corn-machine.com\/fr\/wp-json\/wp\/v2\/product-type?post=651"}],"curies":[{"name":"wp","href":"https:\/\/api.w.org\/{rel}","templated":true}]}}