{"id":69,"date":"2022-09-07T06:11:06","date_gmt":"2022-09-06T22:11:06","guid":{"rendered":"https:\/\/corn-machine.com\/?post_type=product&#038;p=69"},"modified":"2025-08-25T14:29:02","modified_gmt":"2025-08-25T06:29:02","slug":"multi-function-corn-thresher","status":"publish","type":"product","link":"https:\/\/corn-machine.com\/fr\/product\/multi-function-corn-thresher\/","title":{"rendered":"Batteuse de ma\u00efs multifonction | Batteuse de bl\u00e9 de sorgho"},"content":{"rendered":"<p class=\"translation-block\">Le <strong>multi function corn thresher<\/strong> est une machine am\u00e9lior\u00e9e bas\u00e9e sur la machine \u00e0 battre le ma\u00efs ordinaire, qui convient pour battre le ma\u00efs (sortie 3 t\/h), le soja (sortie 2 t\/h), le bl\u00e9, le sorgho, le millet et d'autres cultures (sortie 1,5 t\/h).<\/p>    <p>Les batteuses polyvalentes de Taizy Machinery sont tr\u00e8s populaires sur le march\u00e9 et ont \u00e9t\u00e9 export\u00e9es en Australie, aux \u00c9tats-Unis, en Indon\u00e9sie, au Zimbabwe, au Botswana, au Nigeria et dans de nombreux autres pays. Elles contribuent au d\u00e9veloppement de l'agriculture locale et ont re\u00e7u de nombreuses bonnes critiques.<\/p>    <figure class=\"wp-block-gallery has-nested-images columns-default is-cropped wp-block-gallery-2 is-layout-flex wp-block-gallery-is-layout-flex\"> <figure class=\"wp-block-image size-large\"><img loading=\"lazy\" decoding=\"async\" width=\"720\" height=\"540\" data-id=\"184\" src=\"https:\/\/corn-machine.com\/wp-content\/uploads\/2022\/09\/our-foreign-customers-are-testing-a-multipurpose-thresher.webp\" alt=\"nos clients \u00e9trangers testent une batteuse polyvalente\" class=\"wp-image-184\" title=\"\"><figcaption class=\"wp-element-caption\">nos clients \u00e9trangers testent une batteuse polyvalente<\/figcaption><\/figure>    <figure class=\"wp-block-image size-large\"><img loading=\"lazy\" decoding=\"async\" width=\"720\" height=\"540\" data-id=\"175\" src=\"https:\/\/corn-machine.com\/wp-content\/uploads\/2022\/09\/customer-visting.webp\" alt=\"visite client\" class=\"wp-image-175\" title=\"\"><figcaption class=\"wp-element-caption\">visite client<\/figcaption><\/figure> <\/figure>    <h2 class=\"wp-block-heading\" id=\"h-multi-function-corn-thresher-structures\"><strong>Structures de batteuse de ma\u00efs multifonctions<\/strong><\/h2>    <p>La batteuse \u00e0 bl\u00e9 est en phase avec les tendances du march\u00e9, avec une conception simple et une structure compacte. Elle se compose principalement d'une entr\u00e9e, d'une sortie, d'une sortie d'impuret\u00e9s et d'un ventilateur induit. <\/p>    <p>Il faut noter que cette batteuse peut \u00eatre \u00e9quip\u00e9e d'un seul ventilateur ou de deux ventilateurs. Avec la batteuse \u00e0 bl\u00e9 \u00e0 double ventilateur, les graines de r\u00e9colte battues sont plus propres.<\/p>   <div class=\"wp-block-image\"> <figure class=\"aligncenter size-full\"><img decoding=\"async\" src=\"https:\/\/corn-machine.com\/wp-content\/uploads\/2022\/09\/structure-of-multipurpose-thresher.webp\" alt=\"structure de batteuse polyvalente\" class=\"wp-image-186\" title=\"\"><figcaption class=\"wp-element-caption\">structure de batteuse polyvalente<\/figcaption><\/figure> <\/div>   <h2 class=\"wp-block-heading\" id=\"h-advantages-of-wheat-thresher-machine\"><strong>Avantages de la batteuse de bl\u00e9<\/strong><\/h2>    <ol class=\"wp-block-list\"> <li>La machine \u00e9grenneuse multifonction pour ma\u00efs a une haute efficacit\u00e9 de travail, et elle n'endommagera pas la r\u00e9colte avec un<strong> taux de battage allant jusqu'\u00e0 95%<\/strong> pour que le produit fini ait moins d'impuret\u00e9s.<\/li>    <li>Cette machine \u00e9grenneuse multifonction pour ma\u00efs a diverses m\u00e9thodes d'alimentation, y compris un <strong>moteur diesel (6-8 CV), un moteur \u00e0 essence (170F) et un moteur \u00e9lectrique (2,2-3 kW)<\/strong>, et les clients peuvent choisir la bonne m\u00e9thode d'alimentation en fonction de la situation r\u00e9elle. <\/li>    <li>La machine \u00e9grenneuse de r\u00e9coltes a une large gamme <strong>d'applications et peut \u00e9plucher et battre une vari\u00e9t\u00e9 de r\u00e9coltes<\/strong>, y compris le ma\u00efs, le sorgho et le bl\u00e9.<\/li>    <li>La d\u00e9cortiqueuse de ma\u00efs adopte une conception humanis\u00e9e, la hauteur de la machine convient \u00e0 la taille du corps humain, ce qui permet de d\u00e9poser facilement le grain. De plus, la machine peut \u00eatre <strong>\u00e9quip\u00e9e de roues<\/strong> pour qu'elle soit facile \u00e0 d\u00e9placer.<\/li>    <li>Cette batteuse de mil est rentable, et le <a href=\"https:\/\/corn-machine.com\/fr\/Info\/multi-function-corn-thresher-common-problems\/\">entretien de la batteuse<\/a> est facile, ce qui peut aider les gens \u00e0 \u00e9conomiser de l'\u00e9nergie et de l'argent.<\/li> <\/ol>    <figure class=\"wp-block-gallery aligncenter has-nested-images columns-default is-cropped wp-block-gallery-3 is-layout-flex wp-block-gallery-is-layout-flex\"> <figure class=\"wp-block-image size-full\"><img loading=\"lazy\" decoding=\"async\" width=\"720\" height=\"540\" data-id=\"810\" src=\"https:\/\/corn-machine.com\/wp-content\/uploads\/2022\/09\/main-power-of-the-corn-thresher.webp\" alt=\"trois principales alimentations de la batteuse \u00e0 ma\u00efs\" class=\"wp-image-810\" title=\"\" srcset=\"https:\/\/corn-machine.com\/wp-content\/uploads\/2022\/09\/main-power-of-the-corn-thresher.webp 720w, https:\/\/corn-machine.com\/wp-content\/uploads\/2022\/09\/main-power-of-the-corn-thresher-300x225.webp 300w, https:\/\/corn-machine.com\/wp-content\/uploads\/2022\/09\/main-power-of-the-corn-thresher-16x12.webp 16w\" sizes=\"auto, (max-width: 720px) 100vw, 720px\" \/><figcaption class=\"wp-element-caption\">puissance principale de la batteuse \u00e0 ma\u00efs<\/figcaption><\/figure>    <figure class=\"wp-block-image size-full\"><img loading=\"lazy\" decoding=\"async\" width=\"720\" height=\"540\" data-id=\"814\" src=\"https:\/\/corn-machine.com\/wp-content\/uploads\/2022\/09\/agriculture-thresher-machine.webp\" alt=\"machine de battage agricole\" class=\"wp-image-814\" title=\"\" srcset=\"https:\/\/corn-machine.com\/wp-content\/uploads\/2022\/09\/agriculture-thresher-machine.webp 720w, https:\/\/corn-machine.com\/wp-content\/uploads\/2022\/09\/agriculture-thresher-machine-300x225.webp 300w, https:\/\/corn-machine.com\/wp-content\/uploads\/2022\/09\/agriculture-thresher-machine-16x12.webp 16w\" sizes=\"auto, (max-width: 720px) 100vw, 720px\" \/><figcaption class=\"wp-element-caption\">machine de battage agricole<\/figcaption><\/figure> <\/figure>    <h2 class=\"wp-block-heading\" id=\"h-technical-parameters-of-multipurpose-thresher\"><strong>Param\u00e8tres techniques de la batteuse polyvalente<\/strong><\/h2>    <p>Il existe deux mod\u00e8les de cette machine d\u00e9cortiqueuse de ma\u00efs, qui ont des capacit\u00e9s et des choix de puissance diff\u00e9rents. Voici ses param\u00e8tres technologiques. Si vous souhaitez obtenir des images plus d\u00e9taill\u00e9es, veuillez me contacter pour obtenir plus d'informations.<\/p>    <figure class=\"wp-block-table\"><table><tbody><tr><td>Mod\u00e8le<\/td><td>Pouvoir<\/td><td>Capacit\u00e9<\/td><td>Poids<\/td><td>Taille<\/td><td>Application<\/td><\/tr><tr><td>MT-860<\/td><td>Moteur diesel, moteur \u00e0 essence, moteur \u00e9lectrique<\/td><td>1,5-2 t\/heure<\/td><td>112 kg<\/td><td>1150*860<em>*<\/em>1160mm<\/td><td>Sorgho, millet, ma\u00efs, soja<\/td><\/tr><tr><td>MT-1200<\/td><td>Moteur diesel 10-12HP<\/td><td>ma\u00efs 3t\/h,<br>Soja 2t\/h<br>Sorgho, Millets, Bl\u00e9, Riz 1,5t\/h<\/td><td>200 kg<\/td><td>2100*1700*1400mm<\/td><td>Sorgho, millet, ma\u00efs, soja<\/td><\/tr><\/tbody><\/table><figcaption class=\"wp-element-caption\">param\u00e8tres de la batteuse multifonction pour ma\u00efs<\/figcaption><\/figure>    <h2 class=\"wp-block-heading\" id=\"h-applications-of-sorghum-threshing-machine\"><strong>Applications de la machine d\u00e9cortiqueuse de ma\u00efs<\/strong><\/h2>    <p class=\"translation-block\">La batteuse multifonction pour ma\u00efs convient \u00e0 une large gamme de mati\u00e8res premi\u00e8res et peut \u00e9plucher et battre en m\u00eame temps. Les mati\u00e8res premi\u00e8res applicables de la batteuse \u00e0 bl\u00e9 comprennent le sorgho, le soja, le ma\u00efs, le bl\u00e9, le millet, etc., et sont largement utilis\u00e9es dans les fermes de diff\u00e9rentes tailles, les agriculteurs individuels et les usines de transformation de c\u00e9r\u00e9ales. De plus, nous avons \u00e9galement des <a href=\"https:\/\/corn-machine.com\/fr\/product\/fresh-corn-sheller-machine\/\">batteuses pour ma\u00efs frais<\/a>. Si vous \u00eates int\u00e9ress\u00e9, veuillez nous consulter.<\/p>    <figure class=\"wp-block-gallery has-nested-images columns-default is-cropped wp-block-gallery-4 is-layout-flex wp-block-gallery-is-layout-flex\"> <figure class=\"wp-block-image size-large\"><img loading=\"lazy\" decoding=\"async\" width=\"683\" height=\"456\" data-id=\"73\" src=\"https:\/\/corn-machine.com\/wp-content\/uploads\/2022\/09\/millet-thresher.webp\" alt=\"application de la batteuse \u00e0 millet\" class=\"wp-image-73\" title=\"\"><figcaption class=\"wp-element-caption\">application de la batteuse \u00e0 millet<\/figcaption><\/figure>    <figure class=\"wp-block-image size-large\"><img loading=\"lazy\" decoding=\"async\" width=\"644\" height=\"433\" data-id=\"74\" src=\"https:\/\/corn-machine.com\/wp-content\/uploads\/2022\/09\/thresher.webp\" alt=\"l&#039;application de la batteuse\" class=\"wp-image-74\" title=\"\"><figcaption class=\"wp-element-caption\">application de la d\u00e9cortiqueuse de ma\u00efs<\/figcaption><\/figure> <\/figure>    <figure class=\"wp-block-embed is-type-video is-provider-youtube wp-block-embed-youtube wp-embed-aspect-16-9 wp-has-aspect-ratio\"><div class=\"wp-block-embed__wrapper\"> <iframe loading=\"lazy\" title=\"Machine \u00e0 d\u00e9cortiquer les grains multifonctionnelle \ud83c\udf3e | Taux de d\u00e9corticage \u00e9lev\u00e9 &amp; polyvalence de traitement des cultures ! \ud83d\ude9c\" width=\"500\" height=\"281\" src=\"https:\/\/www.youtube.com\/embed\/NSSRi0z_JQg?feature=oembed\" frameborder=\"0\" allow=\"accelerometer; autoplay; clipboard-write; encrypted-media; gyroscope; picture-in-picture; web-share\" referrerpolicy=\"strict-origin-when-cross-origin\" allowfullscreen><\/iframe> <\/div><figcaption class=\"wp-element-caption\">processus de travail de ce battage de grain<\/figcaption><\/figure>    <h2 class=\"wp-block-heading\"><strong>Le prix de cette machine de battage automatique<\/strong><\/h2>    <p>La machine d\u00e9cortiqueuse de ma\u00efs n'est pas ch\u00e8re, et sa praticit\u00e9 la rend plus rentable. Le prix total est de quelques centaines de dollars, ce qui comprend les pi\u00e8ces suivantes :<\/p>    <ul class=\"wp-block-list\"> <li>&nbsp;La puissance de la machine que vous avez choisie, normalement le prix de bas en haut\u00a0: <a href=\"https:\/\/en.wikipedia.org\/wiki\/Petrol_engine\" target=\"_blank\" rel=\"noopener\">moteur \u00e0 essence<\/a> &lt; moteur \u00e9lectrique &lt; moteur diesel<\/li>    <li>Le service suppl\u00e9mentaire, tel que l'emballage en caisse en bois pour prot\u00e9ger les machines, n'est qu'une petite partie de la facture.<\/li>    <li>Le mode de transport que vous choisissez influencera \u00e9galement le prix. Le transport a\u00e9rien est plus rapide mais plus cher que le transport maritime.<\/li> <\/ul>    <h2 class=\"wp-block-heading\" id=\"h-global-case-of-multi-function-corn-thresher\"><strong>Cas mondial d'une batteuse de ma\u00efs multifonction<\/strong><\/h2>    <p>Nous avons r\u00e9cemment export\u00e9 40 ensembles de <strong>multi function corn thresher<\/strong> au Zimbabwe. Le Zimbabwe est un pays largement agricole et le client est un concessionnaire du Zimbabwe qui est dans le commerce de la culture du ma\u00efs.<\/p>    <p> Il voulait acheter des batteuses \u00e0 ma\u00efs pour traiter son entreprise. Apr\u00e8s avoir compris ses besoins, Grace, la responsable des ventes, a recommand\u00e9 cette batteuse polyvalente car elle \u00e9tait plus polyvalente et rentable que d'autres produits. <\/p>    <p>Le client zimbabw\u00e9en \u00e9tait tr\u00e8s satisfait des caract\u00e9ristiques et du prix de la machine et a rapidement pass\u00e9 sa commande. <\/p>   <div class=\"wp-block-image\"> <figure class=\"aligncenter size-large\"><img loading=\"lazy\" decoding=\"async\" width=\"720\" height=\"540\" src=\"https:\/\/corn-machine.com\/wp-content\/uploads\/2022\/09\/load.webp\" alt=\"charge de ces d\u00e9cortiqueuses de ma\u00efs \u00e9lectriques\" class=\"wp-image-180\" title=\"\"><figcaption class=\"wp-element-caption\">charge de ces d\u00e9cortiqueuses de ma\u00efs \u00e9lectriques<\/figcaption><\/figure> <\/div>  <div class=\"wp-block-image\"> <figure class=\"aligncenter size-large\"><img loading=\"lazy\" decoding=\"async\" width=\"720\" height=\"540\" src=\"https:\/\/corn-machine.com\/wp-content\/uploads\/2022\/09\/load-and-delivery-of-multipurpose-thresher.webp\" alt=\"chargement et livraison de batteuse polyvalente\" class=\"wp-image-179\" title=\"\"><figcaption class=\"wp-element-caption\">chargement et livraison de batteuse polyvalente<\/figcaption><\/figure> <\/div>   <p>Voici une photo envoy\u00e9e par notre partenaire commercial, qui pr\u00e9sente les op\u00e9rations aux agriculteurs locaux. \u00ab Vous \u00eates un fournisseur fiable, et cette machine est l'\u00e9quipement id\u00e9al pour moi. Tout le monde l'a tr\u00e8s bien lou\u00e9e. \u00bb<\/p>    <p>Nous sommes Taizy, une soci\u00e9t\u00e9 de commerce international sp\u00e9cialis\u00e9e dans la fabrication de diverses machines. Si vous souhaitez coop\u00e9rer avec nous, n'h\u00e9sitez pas \u00e0 nous consulter !<\/p>   <div class=\"wp-block-image\"> <figure class=\"aligncenter size-full\"><img loading=\"lazy\" decoding=\"async\" width=\"720\" height=\"540\" src=\"https:\/\/corn-machine.com\/wp-content\/uploads\/2022\/09\/feedback-of-the-corn-sheller-machine.webp\" alt=\"retour d&#039;exp\u00e9rience sur la batteuse multifonction pour ma\u00efs\" class=\"wp-image-813\" title=\"\" srcset=\"https:\/\/corn-machine.com\/wp-content\/uploads\/2022\/09\/feedback-of-the-corn-sheller-machine.webp 720w, https:\/\/corn-machine.com\/wp-content\/uploads\/2022\/09\/feedback-of-the-corn-sheller-machine-300x225.webp 300w, https:\/\/corn-machine.com\/wp-content\/uploads\/2022\/09\/feedback-of-the-corn-sheller-machine-16x12.webp 16w\" sizes=\"auto, (max-width: 720px) 100vw, 720px\" \/><figcaption class=\"wp-element-caption\">retour d'exp\u00e9rience sur la batteuse multifonction pour ma\u00efs<\/figcaption><\/figure> <\/div>   <h2 class=\"wp-block-heading\"><strong>FAQ sur cette d\u00e9cortiqueuse de ma\u00efs<\/strong><\/h2>   <div id=\"rank-math-faq\" class=\"rank-math-block\"> <div class=\"rank-math-list\"> <div id=\"faq-question-1754450841002\" class=\"rank-math-list-item\"> <h3 class=\"rank-math-question\">Comment battre diff\u00e9rentes cultures\u00a0?<\/h3> <div class=\"rank-math-answer\">  <p>Vous devez remplacer l'\u00e9cran par un autre maillage. Lors du battage du ma\u00efs, vous devez retirer les quatre axes internes.<\/p>  <\/div> <\/div> <div id=\"faq-question-1754450901111\" class=\"rank-math-list-item\"> <h3 class=\"rank-math-question\">Je ne sais pas comment utiliser la machine. Que fournirez-vous ?<\/h3> <div class=\"rank-math-answer\">  <p>Nous fournirons des vid\u00e9os de processus d'installation de la machine, de fonctionnement, de changement d'\u00e9cran, etc.<\/p>  <\/div> <\/div> <div id=\"faq-question-1754450952149\" class=\"rank-math-list-item\"> <h3 class=\"rank-math-question\">La batteuse est-elle facile \u00e0 d\u00e9placer ?<\/h3> <div class=\"rank-math-answer\">  <p>Nous avons install\u00e9 des roues et des poign\u00e9es de pouss\u00e9e pour faciliter le d\u00e9placement<\/p>  <\/div> <\/div> <div id=\"faq-question-1754451045635\" class=\"rank-math-list-item\"> <h3 class=\"rank-math-question\">Quelles cultures la machine multifonctionnelle d'\u00e9grenage de ma\u00efs peut-elle traiter ?<\/h3> <div class=\"rank-math-answer\">  <p>Ma\u00efs, bl\u00e9, soja, sorgho, etc.<\/p>  <\/div> <\/div> <div id=\"faq-question-1754451098340\" class=\"rank-math-list-item\"> <h3 class=\"rank-math-question\">Quel est le rendement et le taux de battage de cette d\u00e9cortiqueuse ?<\/h3> <div class=\"rank-math-answer\">  <p>Sa productivit\u00e9 est de 1-1,5t ; taux de battage \u226595\u00a0%<\/p>  <\/div> <\/div> <\/div> <\/div>   <figure class=\"wp-block-embed aligncenter is-type-video is-provider-youtube wp-block-embed-youtube wp-embed-aspect-16-9 wp-has-aspect-ratio\"><div class=\"wp-block-embed__wrapper\"> <iframe loading=\"lazy\" title=\"Machine polyvalente de battage de c\u00e9r\u00e9ales | \u00c9lectrique\/Diesel\/Essence peuvent servir de source d&#039;\u00e9nergie !\" width=\"500\" height=\"281\" src=\"https:\/\/www.youtube.com\/embed\/C299z31YTKg?feature=oembed\" frameborder=\"0\" allow=\"accelerometer; autoplay; clipboard-write; encrypted-media; gyroscope; picture-in-picture; web-share\" referrerpolicy=\"strict-origin-when-cross-origin\" allowfullscreen><\/iframe> <\/div><figcaption class=\"wp-element-caption\">progression du travail<\/figcaption><\/figure>","protected":false},"excerpt":{"rendered":"<p>La d\u00e9cortiqueuse de ma\u00efs multifonctionnelle peut \u00e9cosser divers grains, avec un taux de battage pouvant atteindre 95 %. Elle peut am\u00e9liorer l'efficacit\u00e9 du travail et r\u00e9duire le co\u00fbt de la main-d'\u0153uvre.<\/p>","protected":false},"author":1,"featured_media":78,"parent":0,"template":"","tags":[20],"product-type":[42],"class_list":["post-69","product","type-product","status-publish","has-post-thumbnail","hentry","tag-corn-thresher","product-type-maize-sheller-machine"],"_links":{"self":[{"href":"https:\/\/corn-machine.com\/fr\/wp-json\/wp\/v2\/product\/69","targetHints":{"allow":["GET"]}}],"collection":[{"href":"https:\/\/corn-machine.com\/fr\/wp-json\/wp\/v2\/product"}],"about":[{"href":"https:\/\/corn-machine.com\/fr\/wp-json\/wp\/v2\/types\/product"}],"author":[{"embeddable":true,"href":"https:\/\/corn-machine.com\/fr\/wp-json\/wp\/v2\/users\/1"}],"wp:featuredmedia":[{"embeddable":true,"href":"https:\/\/corn-machine.com\/fr\/wp-json\/wp\/v2\/media\/78"}],"wp:attachment":[{"href":"https:\/\/corn-machine.com\/fr\/wp-json\/wp\/v2\/media?parent=69"}],"wp:term":[{"taxonomy":"post_tag","embeddable":true,"href":"https:\/\/corn-machine.com\/fr\/wp-json\/wp\/v2\/tags?post=69"},{"taxonomy":"product-type","embeddable":true,"href":"https:\/\/corn-machine.com\/fr\/wp-json\/wp\/v2\/product-type?post=69"}],"curies":[{"name":"wp","href":"https:\/\/api.w.org\/{rel}","templated":true}]}}