{"id":75,"date":"2022-09-07T07:43:41","date_gmt":"2022-09-06T23:43:41","guid":{"rendered":"https:\/\/corn-machine.com\/?post_type=product&#038;p=75"},"modified":"2025-07-29T17:32:35","modified_gmt":"2025-07-29T09:32:35","slug":"small-maize-grinding-machine","status":"publish","type":"product","link":"https:\/\/corn-machine.com\/fr\/product\/small-maize-grinding-machine\/","title":{"rendered":"Petite rectifieuse de ma\u00efs | Machine de broyeur \u00e0 disques de grains"},"content":{"rendered":"<p>La petite rectifieuse de ma\u00efs est \u00e9galement appel\u00e9e broyeur \u00e0 disques, qui est souvent utilis\u00e9e pour broyer diverses mati\u00e8res s\u00e8ches en poudre, telles que le ma\u00efs, le soja, le sorgho et d'autres cultures, mais \u00e9galement pour les poivrons, les \u00e9pices, etc. a une bonne qualit\u00e9, des performances stables et des performances co\u00fbteuses. Par cons\u00e9quent, les machines sont tr\u00e8s populaires dans le pays et \u00e0 l\u2019\u00e9tranger en raison de leur caract\u00e8re pratique.<\/p>    <figure class=\"wp-block-gallery has-nested-images columns-default is-cropped wp-block-gallery-2 is-layout-flex wp-block-gallery-is-layout-flex\"> <figure class=\"wp-block-image size-large\"><img loading=\"lazy\" decoding=\"async\" width=\"720\" height=\"540\" data-id=\"217\" src=\"https:\/\/corn-machine.com\/wp-content\/uploads\/2022\/09\/maize-shelling-machine-1.webp\" alt=\"d\u00e9cortiqueuse de ma\u00efs\" class=\"wp-image-217\" title=\"\"><figcaption class=\"wp-element-caption\">d\u00e9cortiqueuse de ma\u00efs<\/figcaption><\/figure>    <figure class=\"wp-block-image size-large\"><img loading=\"lazy\" decoding=\"async\" width=\"720\" height=\"540\" data-id=\"213\" src=\"https:\/\/corn-machine.com\/wp-content\/uploads\/2022\/09\/automatic-corn-sheller-1.webp\" alt=\"d\u00e9cortiqueuse de ma\u00efs automatique\" class=\"wp-image-213\" title=\"\"><figcaption class=\"wp-element-caption\">d\u00e9cortiqueuse de ma\u00efs automatique<\/figcaption><\/figure> <\/figure>    <h2 class=\"wp-block-heading\" id=\"h-applications-of-grain-grinder-machine\">Applications de la machine \u00e0 broyer les grains<\/h2>    <p class=\"translation-block\">Cette machine \u00e0 meuler par disque est un broyeur \u00e0 griffes dent\u00e9es qui peut moudre le ma\u00efs, le sorgho, le bl\u00e9, les graines de soja, le riz et d\u2019autres grains r\u00e9colt\u00e9s par une <a href=\"https:\/\/corn-machine.com\/fr\/product\/multi-function-corn-thresher\/\">machine d\u00e9cortiqueuse de grains<\/a>. Elle peut \u00e9galement broyer des herbes, du curcuma, des piments s\u00e9ch\u00e9s et autres \u00e9pices. Taizy Machinery fabrique des moulins \u00e0 disque depuis plus de 12 ans et attend votre demande et votre coop\u00e9ration.<\/p>   <div class=\"wp-block-image\"> <figure class=\"aligncenter size-full\"><img loading=\"lazy\" decoding=\"async\" width=\"720\" height=\"540\" src=\"https:\/\/corn-machine.com\/wp-content\/uploads\/2022\/09\/application-.webp\" alt=\"\" class=\"wp-image-210\" title=\"\"><\/figure> <\/div>   <h2 class=\"wp-block-heading\" id=\"h-structures-of-small-maize-grinding-machine\">Structures de petite rectifieuse de ma\u00efs<\/h2>    <p>En fait, la structure du broyeur \u00e0 disques est tr\u00e8s simple, comprenant l'entr\u00e9e, la sortie, le bac de concassage, le tamis, etc. \u00c0 titre d'exemple, la structure d'une machine avec s\u00e9parateur cyclone est illustr\u00e9e dans la figure ci-dessous. Vous pouvez choisir celui que vous aimez parmi les diff\u00e9rents types. <\/p>    <p>Le broyeur \u00e0 disques dispose de 9 tamis de finesse diff\u00e9rente, 0,2 mm, 0,4 mm, 0,6 mm, 0,8 mm, 1 mm, 2 mm, 3 mm, 5 mm, selon diff\u00e9rents mat\u00e9riaux, les clients peuvent choisir diff\u00e9rents tamis. De plus, nous pouvons \u00e9galement personnaliser d\u2019autres tailles d\u2019\u00e9crans pour vous.<\/p>   <div class=\"wp-block-image\"> <figure class=\"aligncenter size-full\"><img loading=\"lazy\" decoding=\"async\" width=\"720\" height=\"540\" src=\"https:\/\/corn-machine.com\/wp-content\/uploads\/2022\/09\/structure-of-corn-threshing-machine.webp\" alt=\"structure de la batteuse de ma\u00efs\" class=\"wp-image-220\" title=\"\"><figcaption class=\"wp-element-caption\">structure de la batteuse de ma\u00efs<\/figcaption><\/figure> <\/div>   <h2 class=\"wp-block-heading\" id=\"h-parameters-of-disk-mill-machine\">Param\u00e8tres de la machine \u00e0 broyer les disques<\/h2>    <figure class=\"wp-block-table\"><table><tbody><tr><td>Mod\u00e8le<\/td><td>9FZ-45<\/td><\/tr><tr><td>Vitesse de rotation<\/td><td>3200 tr\/min<\/td><\/tr><tr><td>Diam\u00e8tre du rotor<\/td><td>450mm<\/td><\/tr><tr><td>Diam\u00e8tre de l'anneau de tamis<\/td><td>508mm<\/td><\/tr><tr><td>Taille de l'\u00e9cran (mm)<\/td><td>1600\u00d7115mm<\/td><\/tr><tr><td>Productivit\u00e9<\/td><td>\u22651500kg\/heure<\/td><\/tr><tr><td>Dents plates (pi\u00e8ces)<\/td><td>6<\/td><\/tr><tr><td>Dents carr\u00e9es (pi\u00e8ces)<\/td><td>12<\/td><\/tr><tr><td>Tension<\/td><td>380V<\/td><\/tr><tr><td>Poids<\/td><td>200 kg<\/td><\/tr><\/tbody><\/table><\/figure>    <h2 class=\"wp-block-heading\" id=\"h-small-maize-grinding-machine-advantages\">Avantages de la petite rectifieuse de ma\u00efs <\/h2>    <ul class=\"wp-block-list\"> <li>Le broyeur de ma\u00efs a une structure compacte, de petite taille et n'occupera pas la zone de l'usine.<\/li>    <li>La petite rectifieuse de ma\u00efs a une large gamme d'applications, non seulement pour les c\u00e9r\u00e9ales, mais peut \u00e9galement broyer diverses mati\u00e8res chimiques, la m\u00e9decine traditionnelle chinoise, les \u00e9pices, etc. Un rendement de concassage \u00e9lev\u00e9 peut bien r\u00e9pondre aux besoins de tous types de clients.<\/li>    <li>Les d\u00e9poussi\u00e9reurs peuvent \u00eatre install\u00e9s selon les exigences des clients, sans pollution par la poussi\u00e8re, ce qui pourrait prot\u00e9ger l'environnement.<\/li> <\/ul>    <figure class=\"wp-block-gallery has-nested-images columns-default is-cropped wp-block-gallery-3 is-layout-flex wp-block-gallery-is-layout-flex\"> <figure class=\"wp-block-image size-large\"><img loading=\"lazy\" decoding=\"async\" width=\"720\" height=\"540\" data-id=\"212\" src=\"https:\/\/corn-machine.com\/wp-content\/uploads\/2022\/09\/automatic-corn-sheller-working-process.webp\" alt=\"Processus de travail automatique du d\u00e9cortiqueur de ma\u00efs\" class=\"wp-image-212\" title=\"\"><figcaption class=\"wp-element-caption\">Processus de travail automatique du d\u00e9cortiqueur de ma\u00efs<\/figcaption><\/figure>    <figure class=\"wp-block-image size-large\"><img loading=\"lazy\" decoding=\"async\" width=\"720\" height=\"540\" data-id=\"215\" src=\"https:\/\/corn-machine.com\/wp-content\/uploads\/2022\/09\/final-product.webp\" alt=\"produit final\" class=\"wp-image-215\" title=\"\"><figcaption class=\"wp-element-caption\">produit final<\/figcaption><\/figure> <\/figure>    <h2 class=\"wp-block-heading\" id=\"h-working-video-of-maize-grinding-mill\">Vid\u00e9o de travail du broyeur \u00e0 ma\u00efs<\/h2>    <figure class=\"wp-block-embed is-type-video is-provider-youtube wp-block-embed-youtube wp-embed-aspect-16-9 wp-has-aspect-ratio\"><div class=\"wp-block-embed__wrapper\"> <iframe loading=\"lazy\" title=\"\ud83d\udd27Machine \u00e0 meuler les grains expliqu\u00e9e | Puissance de broyage pour les grains, \u00e9pices et plus ! #ma\u00efs #farine #grain\" width=\"500\" height=\"281\" src=\"https:\/\/www.youtube.com\/embed\/8R_PGr33qO4?feature=oembed\" frameborder=\"0\" allow=\"accelerometer; autoplay; clipboard-write; encrypted-media; gyroscope; picture-in-picture; web-share\" referrerpolicy=\"strict-origin-when-cross-origin\" allowfullscreen><\/iframe> <\/div><figcaption class=\"wp-element-caption\">traitement de travail du moulin \u00e0 disque<\/figcaption><\/figure>","protected":false},"excerpt":{"rendered":"<p>The small maize grinding machine is also called a disk mill machine, which is often used to grind various dry materials into powder, such as corn, soybeans, sorghum, and other crops, but also for peppers, spices, etc. Our disk mill machine has good quality, stable performance and high-cost performance. Therefore, machines are widely popular at [&hellip;]<\/p>\n","protected":false},"author":1,"featured_media":77,"parent":0,"template":"","tags":[25],"product-type":[43],"class_list":["post-75","product","type-product","status-publish","has-post-thumbnail","hentry","tag-maize-grinding-machine","product-type-maize-grinding-mill-machine"],"_links":{"self":[{"href":"https:\/\/corn-machine.com\/fr\/wp-json\/wp\/v2\/product\/75","targetHints":{"allow":["GET"]}}],"collection":[{"href":"https:\/\/corn-machine.com\/fr\/wp-json\/wp\/v2\/product"}],"about":[{"href":"https:\/\/corn-machine.com\/fr\/wp-json\/wp\/v2\/types\/product"}],"author":[{"embeddable":true,"href":"https:\/\/corn-machine.com\/fr\/wp-json\/wp\/v2\/users\/1"}],"wp:featuredmedia":[{"embeddable":true,"href":"https:\/\/corn-machine.com\/fr\/wp-json\/wp\/v2\/media\/77"}],"wp:attachment":[{"href":"https:\/\/corn-machine.com\/fr\/wp-json\/wp\/v2\/media?parent=75"}],"wp:term":[{"taxonomy":"post_tag","embeddable":true,"href":"https:\/\/corn-machine.com\/fr\/wp-json\/wp\/v2\/tags?post=75"},{"taxonomy":"product-type","embeddable":true,"href":"https:\/\/corn-machine.com\/fr\/wp-json\/wp\/v2\/product-type?post=75"}],"curies":[{"name":"wp","href":"https:\/\/api.w.org\/{rel}","templated":true}]}}