{"id":79,"date":"2022-09-07T10:35:45","date_gmt":"2022-09-07T10:35:45","guid":{"rendered":"https:\/\/corn-machine.com\/?post_type=product&#038;p=79"},"modified":"2026-02-14T13:24:18","modified_gmt":"2026-02-14T05:24:18","slug":"hammer-mill-grinder-for-corn","status":"publish","type":"product","link":"https:\/\/corn-machine.com\/fr\/product\/hammer-mill-grinder-for-corn\/","title":{"rendered":"Broyeur \u00e0 marteaux pour ma\u00efs | Petit broyeur de farine de ma\u00efs"},"content":{"rendered":"<p class=\"translation-block\">Un petit moulin \u00e0 ma\u00efs peut broyer la paille, le ma\u00efs et le fourrage en petites particules. Il existe diff\u00e9rents mod\u00e8les de cette s\u00e9rie de machines, et la capacit\u00e9 varie selon le mod\u00e8le. Le <strong>moulin \u00e0 marteaux<\/strong> pour le ma\u00efs peut \u00eatre \u00e9quip\u00e9 de trois types de puissance : moteur \u00e9lectrique, moteur diesel et moteur \u00e0 essence. <\/p>    <figure class=\"wp-block-embed aligncenter is-type-video is-provider-youtube wp-block-embed-youtube wp-embed-aspect-16-9 wp-has-aspect-ratio\"><div class=\"wp-block-embed__wrapper\"> <iframe loading=\"lazy\" title=\"Machine de broyage \u00e0 marteaux pour aliment pour animaux Contact  8617703863868\" width=\"500\" height=\"281\" src=\"https:\/\/www.youtube.com\/embed\/m_VF5zWmSzI?feature=oembed\" frameborder=\"0\" allow=\"accelerometer; autoplay; clipboard-write; encrypted-media; gyroscope; picture-in-picture; web-share\" referrerpolicy=\"strict-origin-when-cross-origin\" allowfullscreen><\/iframe> <\/div><figcaption class=\"wp-element-caption\">vid\u00e9o de travail de la machine de broyage du moulin \u00e0 ma\u00efs<\/figcaption><\/figure>    <p>Les clients peuvent choisir selon leurs besoins. Dans cet article, nous pr\u00e9sentons principalement quatre mod\u00e8les : 9FQ-320, 9FQ-360, 9FQ-420 et 9FQ-500. De plus, nous avons d'autres mod\u00e8les de machines \u00e0 moudre le ma\u00efs. Si vous \u00eates int\u00e9ress\u00e9, veuillez nous contacter.<\/p>   <div class=\"wp-block-image\"> <figure class=\"aligncenter size-full\"><img loading=\"lazy\" decoding=\"async\" width=\"720\" height=\"540\" src=\"https:\/\/corn-machine.com\/wp-content\/uploads\/2022\/09\/9fq360.jpg\" alt=\"9fq360\" class=\"wp-image-226\" title=\"\"><figcaption class=\"wp-element-caption\">Notre client \u00e9tranger a visit\u00e9 notre usine<\/figcaption><\/figure> <\/div>   <h2 class=\"wp-block-heading\" id=\"h-structure-of-hammer-mill-grinder-for-corn\">Structure du broyeur \u00e0 marteaux pour le ma\u00efs<\/h2>    <p>Le moulin \u00e0 ma\u00efs comprend principalement une entr\u00e9e, une chambre de broyage, une lame de marteau, un s\u00e9parateur cyclone, un tamis, etc. Les lames de marteau dans la chambre de broyage sont en acier \u00e0 haute teneur en carbone, ce qui les rend tr\u00e8s r\u00e9sistantes \u00e0 l'usure et leur conf\u00e8re une longue dur\u00e9e de vie.<\/p>    <p>Cet \u00e9cran fait \u00e9galement partie des pi\u00e8ces d'usure de cette machine et doit \u00eatre remplac\u00e9 r\u00e9guli\u00e8rement. Taizy peut personnaliser les \u00e9crans selon la taille finale du produit dont vous avez besoin.<\/p>   <div class=\"wp-block-image\"> <figure class=\"aligncenter size-full\"><img loading=\"lazy\" decoding=\"async\" width=\"720\" height=\"540\" src=\"https:\/\/corn-machine.com\/wp-content\/uploads\/2022\/09\/structure-of-9fq360.jpg\" alt=\"\" class=\"wp-image-222\" title=\"\"><\/figure> <\/div>   <h2 class=\"wp-block-heading\" id=\"h-how-does-a-small-corn-meal-grinder-work\">Comment fonctionne un petit moulin \u00e0 semoule de ma\u00efs ?<\/h2>    <p>Le processus de travail du moulin \u00e0 marteaux pour le ma\u00efs est tr\u00e8s simple. <\/p>    <ul class=\"wp-block-list\"> <li>Tout d'abord, la mati\u00e8re premi\u00e8re est introduite dans la chambre de broyage via le chargeur. <\/li>    <li>Ensuite, les marteaux dans la chambre de broyage tourneront \u00e0 grande vitesse pour broyer rapidement la mati\u00e8re premi\u00e8re. <\/li>    <li>Enfin, la mati\u00e8re premi\u00e8re broy\u00e9e est finement tamis\u00e9e par le tamis et est finalement \u00e9vacu\u00e9e par le port de d\u00e9charge.<\/li> <\/ul>    <h2 class=\"wp-block-heading\" id=\"h-working-video-of-hammer-mill-grinder-for-corn\">Vid\u00e9o de travail du moulin \u00e0 marteaux pour le ma\u00efs<\/h2>    <p class=\"translation-block\">Le moulin \u00e0 marteaux pour le ma\u00efs est utilis\u00e9 pour broyer les cultures en poudre apr\u00e8s la r\u00e9colte. Taizy Machinery fournit \u00e9galement <a href=\"https:\/\/corn-machine.com\/fr\/product\/decortiqueuse-de-mais-automatique\/\">machines \u00e0 r\u00e9colter le ma\u00efs<\/a>. N'h\u00e9sitez pas \u00e0 nous consulter.<\/p>    <figure class=\"wp-block-embed is-type-video is-provider-youtube wp-block-embed-youtube wp-embed-aspect-16-9 wp-has-aspect-ratio\"><div class=\"wp-block-embed__wrapper\"> <iframe loading=\"lazy\" title=\"Processus de travail du petit moulin \u00e0 disque | Broyeur \u00e0 poudre fine pour moudre la semoule de ma\u00efs et la poudre de piment\ud83c\udf3d\ud83c\udf36\" width=\"500\" height=\"281\" src=\"https:\/\/www.youtube.com\/embed\/w81WyWVNKFA?feature=oembed\" frameborder=\"0\" allow=\"accelerometer; autoplay; clipboard-write; encrypted-media; gyroscope; picture-in-picture; web-share\" referrerpolicy=\"strict-origin-when-cross-origin\" allowfullscreen><\/iframe> <\/div><figcaption class=\"wp-element-caption\">processus de travail de la machine \u00e0 broyer 9FQ<\/figcaption><\/figure>    <h2 class=\"wp-block-heading\" id=\"h-advantages-of-hammer-mill-grinder-for-corn\">Avantages du broyeur \u00e0 marteaux pour le ma\u00efs<\/h2>    <ul class=\"wp-block-list\"> <li>La machine \u00e0 moudre le ma\u00efs est polyvalente et peut broyer non seulement des grains tels que le ma\u00efs, le soja et le ma\u00efs, mais aussi des mat\u00e9riaux biomasses comme la paille, les copeaux de bois, etc. Elle peut traiter diverses mati\u00e8res premi\u00e8res en mat\u00e9riaux plus petits que 3-5mm.<\/li>    <li>Notre machine \u00e0 moulin \u00e0 ma\u00efs est facile \u00e0 utiliser. Le personnel n'a pas besoin de formation, il suffit d'ouvrir la machine, de mettre la mati\u00e8re dans la machine et elle peut \u00eatre utilis\u00e9e.<\/li>    <li>La taille du broyeur \u00e0 marteaux pour le ma\u00efs peut \u00eatre \u00e9cras\u00e9e et diff\u00e9rents \u00e9crans peuvent produire diff\u00e9rentes tailles de produits finis.<\/li> <\/ul>    <figure class=\"wp-block-gallery has-nested-images columns-default is-cropped wp-block-gallery-2 is-layout-flex wp-block-gallery-is-layout-flex\"> <figure class=\"wp-block-image size-large\"><img loading=\"lazy\" decoding=\"async\" width=\"540\" height=\"720\" data-id=\"225\" src=\"https:\/\/corn-machine.com\/wp-content\/uploads\/2022\/09\/9fq420.jpg\" alt=\"9fq420\" class=\"wp-image-225\" title=\"\"><figcaption class=\"wp-element-caption\">9fq420<\/figcaption><\/figure>    <figure class=\"wp-block-image size-large\"><img loading=\"lazy\" decoding=\"async\" width=\"540\" height=\"720\" data-id=\"223\" src=\"https:\/\/corn-machine.com\/wp-content\/uploads\/2022\/09\/9fq500-2.jpg\" alt=\"9fq500 \" class=\"wp-image-223\" title=\"\"><figcaption class=\"wp-element-caption\">9fq500 <\/figcaption><\/figure> <\/figure>    <h2 class=\"wp-block-heading\" id=\"h-parameters-of-maize-grinding-machine\">Param\u00e8tres de la rectifieuse de ma\u00efs<\/h2>    <p>Le tableau suivant pr\u00e9sente le mod\u00e8le principal de la machine \u00e0 moulin \u00e0 ma\u00efs et ses param\u00e8tres techniques. Taizy Machinery propose \u00e9galement d'autres mod\u00e8les de moulins \u00e0 ma\u00efs, en dehors de ces quatre mod\u00e8les. Si vous \u00eates int\u00e9ress\u00e9, veuillez nous contacter, et nous vous enverrons bient\u00f4t les d\u00e9tails de la machine.<\/p>    <figure class=\"wp-block-table\"><table><tbody><tr><td>Mod\u00e8le<\/td><td>Pouvoir<\/td><td>Poids<\/td><td>Capacit\u00e9<\/td><td>Marteau<\/td><td>Dia\u00a0du tamis<\/td><td>Taille<\/td><\/tr><tr><td>9FQ-320<\/td><td>2,2 kW<\/td><td>85 kg<\/td><td>100kg\/h<\/td><td>16 pi\u00e8ces<\/td><td>0,5-5 mm<\/td><td>500*300*600mm<\/td><\/tr><tr><td>9FQ-360<\/td><td>5,5 kW<\/td><td>130 kg<\/td><td>150kg\/h<\/td><td>24 pi\u00e8ces<\/td><td>0,5-5 mm<\/td><td>1100*600*1200mm<\/td><\/tr><tr><td>9FQ-420<\/td><td>7,5\/11 kW<\/td><td>220 kg<\/td><td>300kg\/h<\/td><td>24 pi\u00e8ces<\/td><td>1,2-3 mm<\/td><td>1200*800*1900mm<\/td><\/tr><tr><td>9FQ-500<\/td><td>11\/15kw<\/td><td>270 kg<\/td><td>500kg\/h<\/td><td>24 pi\u00e8ces<\/td><td>1,2-3 mm<\/td><td>1200*800*1300mm<\/td><\/tr><tr><td>9FQ-600<\/td><td>18,5-22kw<\/td><td>500kg<\/td><td>1000kg\/heure<\/td><td>32 pi\u00e8ces<\/td><td>1,2-3 mm<\/td><td>1500*900*1500mm<\/td><\/tr><tr><td>9FQ-750<\/td><td>22-30kw<\/td><td>850kg<\/td><td>1500kg\/heure<\/td><td>32 pi\u00e8ces<\/td><td>1,2-3 mm<\/td><td>1500*1300*1800mm<\/td><\/tr><tr><td>9FQ-800<\/td><td>37kw<\/td><td>1000kg<\/td><td>2000kg\/h<\/td><td>40 pi\u00e8ces<\/td><td>1,2-5mm<\/td><td>1500*1200*1600mm<\/td><\/tr><tr><td>9FQ-1000<\/td><td>45-55kw<\/td><td>1200kg<\/td><td>3000kg\/h<\/td><td>64 pi\u00e8ces<\/td><td>1,2-5mm<\/td><td>1500*1300*1800mm<\/td><\/tr><\/tbody><\/table><\/figure>    <h2 class=\"wp-block-heading\" id=\"h-global-case-of-corn-mill-grinder-machine\">Cas mondial de la machine \u00e0 broyer le ma\u00efs<\/h2>    <p>Un client de Nouvelle-Z\u00e9lande a achet\u00e9 l'un de nos broyeurs \u00e0 marteaux pour le ma\u00efs. Il avait besoin d'une machine pour moudre son ma\u00efs. Apr\u00e8s avoir compris les besoins de ce client, notre responsable des ventes, Coco, lui a recommand\u00e9 un 9fq-360, et le client a rapidement pass\u00e9 la commande gr\u00e2ce \u00e0 notre service professionnel et complet de machines. L'image ci-dessous est l'image de l'emballage et de l'exp\u00e9dition de la machine.<\/p>    <figure class=\"wp-block-gallery has-nested-images columns-default is-cropped wp-block-gallery-3 is-layout-flex wp-block-gallery-is-layout-flex\"> <figure class=\"wp-block-image size-large\"><img loading=\"lazy\" decoding=\"async\" width=\"540\" height=\"720\" data-id=\"1550\" src=\"https:\/\/corn-machine.com\/wp-content\/uploads\/2022\/09\/hammer-mill-machine.webp\" alt=\"Emballage de la machine \u00e0 marteaux\" class=\"wp-image-1550\" title=\"\" srcset=\"https:\/\/corn-machine.com\/wp-content\/uploads\/2022\/09\/hammer-mill-machine.webp 540w, https:\/\/corn-machine.com\/wp-content\/uploads\/2022\/09\/hammer-mill-machine-225x300.webp 225w, https:\/\/corn-machine.com\/wp-content\/uploads\/2022\/09\/hammer-mill-machine-9x12.webp 9w\" sizes=\"auto, (max-width: 540px) 100vw, 540px\" \/><figcaption class=\"wp-element-caption\">Emballage de la machine \u00e0 marteaux<\/figcaption><\/figure>    <figure class=\"wp-block-image size-large\"><img loading=\"lazy\" decoding=\"async\" width=\"540\" height=\"720\" data-id=\"1551\" src=\"https:\/\/corn-machine.com\/wp-content\/uploads\/2022\/09\/loading-of-hammer-grinder.webp\" alt=\"Chargement du moulin \u00e0 marteaux\" class=\"wp-image-1551\" title=\"\" srcset=\"https:\/\/corn-machine.com\/wp-content\/uploads\/2022\/09\/loading-of-hammer-grinder.webp 540w, https:\/\/corn-machine.com\/wp-content\/uploads\/2022\/09\/loading-of-hammer-grinder-225x300.webp 225w, https:\/\/corn-machine.com\/wp-content\/uploads\/2022\/09\/loading-of-hammer-grinder-9x12.webp 9w\" sizes=\"auto, (max-width: 540px) 100vw, 540px\" \/><figcaption class=\"wp-element-caption\">Chargement du moulin \u00e0 marteaux<\/figcaption><\/figure> <\/figure>    <h2 class=\"wp-block-heading\"><strong>Comment entretenir un moulin \u00e0 marteaux ?<\/strong><\/h2>    <ol class=\"wp-block-list\"> <li>Lors de la mise en place des mati\u00e8res premi\u00e8res, faites attention \u00e0 ne pas m\u00e9langer de pierres, de fer ou d'autres objets durs. Les objets durs endommageront les marteaux et le tamis.<\/li>    <li>Lubrifier les roulements une fois par semaine. En cas d'utilisation intensive et fr\u00e9quente, il faut ajouter du lubrifiant plus souvent.<\/li>    <li>Les broches peuvent se desserrer avec le temps, v\u00e9rifiez-les r\u00e9guli\u00e8rement pour \u00e9viter qu'elles ne tombent.<\/li>    <li>Le tamis et les marteaux doivent \u00eatre remplac\u00e9s dans l'ann\u00e9e en raison de l'usure naturelle. Nous fournissons une offre \u00e0 long terme de pi\u00e8ces de rechange.<\/li> <\/ol>    <p>Taizy est un fabricant professionnel de machines agricoles avec des certifications internationales. Si vous souhaitez trouver une machine adapt\u00e9e \u00e0 un bon prix, contactez-nous pour obtenir les derni\u00e8res informations sur les prix et les machines !<\/p>    <figure class=\"wp-block-gallery has-nested-images columns-default is-cropped wp-block-gallery-4 is-layout-flex wp-block-gallery-is-layout-flex\"> <figure class=\"wp-block-image size-large\"><img loading=\"lazy\" decoding=\"async\" width=\"540\" height=\"720\" data-id=\"1577\" src=\"https:\/\/corn-machine.com\/wp-content\/uploads\/2022\/09\/international-machine-certification.webp\" alt=\"certification internationale des machines\" class=\"wp-image-1577\" title=\"\" srcset=\"https:\/\/corn-machine.com\/wp-content\/uploads\/2022\/09\/international-machine-certification.webp 540w, https:\/\/corn-machine.com\/wp-content\/uploads\/2022\/09\/international-machine-certification-225x300.webp 225w, https:\/\/corn-machine.com\/wp-content\/uploads\/2022\/09\/international-machine-certification-9x12.webp 9w\" sizes=\"auto, (max-width: 540px) 100vw, 540px\" \/><figcaption class=\"wp-element-caption\">certification internationale des machines<\/figcaption><\/figure>    <figure class=\"wp-block-image size-large\"><img loading=\"lazy\" decoding=\"async\" width=\"540\" height=\"720\" data-id=\"1578\" src=\"https:\/\/corn-machine.com\/wp-content\/uploads\/2022\/09\/Taizy-customers.webp\" alt=\"clients de Taizy\" class=\"wp-image-1578\" title=\"\" srcset=\"https:\/\/corn-machine.com\/wp-content\/uploads\/2022\/09\/Taizy-customers.webp 540w, https:\/\/corn-machine.com\/wp-content\/uploads\/2022\/09\/Taizy-customers-225x300.webp 225w, https:\/\/corn-machine.com\/wp-content\/uploads\/2022\/09\/Taizy-customers-9x12.webp 9w\" sizes=\"auto, (max-width: 540px) 100vw, 540px\" \/><figcaption class=\"wp-element-caption\">clients de Taizy<\/figcaption><\/figure> <\/figure>","protected":false},"excerpt":{"rendered":"<p>A small corn meal grinder can crush straw, corn, and forage into small particles. There are various models of this series of machines, and the output of different models is different. The corn hammer mill grinder for corn can be equipped with three kinds of power: electric motor, diesel engine, and gasoline engine. Customers can [&hellip;]<\/p>\n","protected":false},"author":1,"featured_media":81,"parent":0,"template":"","tags":[22],"product-type":[43],"class_list":["post-79","product","type-product","status-publish","has-post-thumbnail","hentry","tag-corn-grinder","product-type-maize-grinding-mill-machine"],"_links":{"self":[{"href":"https:\/\/corn-machine.com\/fr\/wp-json\/wp\/v2\/product\/79","targetHints":{"allow":["GET"]}}],"collection":[{"href":"https:\/\/corn-machine.com\/fr\/wp-json\/wp\/v2\/product"}],"about":[{"href":"https:\/\/corn-machine.com\/fr\/wp-json\/wp\/v2\/types\/product"}],"author":[{"embeddable":true,"href":"https:\/\/corn-machine.com\/fr\/wp-json\/wp\/v2\/users\/1"}],"wp:featuredmedia":[{"embeddable":true,"href":"https:\/\/corn-machine.com\/fr\/wp-json\/wp\/v2\/media\/81"}],"wp:attachment":[{"href":"https:\/\/corn-machine.com\/fr\/wp-json\/wp\/v2\/media?parent=79"}],"wp:term":[{"taxonomy":"post_tag","embeddable":true,"href":"https:\/\/corn-machine.com\/fr\/wp-json\/wp\/v2\/tags?post=79"},{"taxonomy":"product-type","embeddable":true,"href":"https:\/\/corn-machine.com\/fr\/wp-json\/wp\/v2\/product-type?post=79"}],"curies":[{"name":"wp","href":"https:\/\/api.w.org\/{rel}","templated":true}]}}