{"id":862,"date":"2025-08-19T16:24:12","date_gmt":"2025-08-19T08:24:12","guid":{"rendered":"https:\/\/corn-machine.com\/?post_type=product&#038;p=862"},"modified":"2025-08-29T17:24:06","modified_gmt":"2025-08-29T09:24:06","slug":"sweet-corn-cutting-machine-food-process","status":"publish","type":"product","link":"https:\/\/corn-machine.com\/fr\/product\/sweet-corn-cutting-machine-food-process\/","title":{"rendered":"Machine automatique de coupe de ma\u00efs doux pour le traitement du ma\u00efs frais"},"content":{"rendered":"<p class=\"translation-block\">Taizy fresh <strong>machine de coupe de ma\u00efs<\/strong> peut principalement couper du ma\u00efs gluant, du ma\u00efs doux, du ma\u00efs surgel\u00e9 et d\u2019autres aliments de forme et de duret\u00e9 similaires (carottes, ignames et manioc). Sa taille de coupe maximale est de 25 mm, avec une production pouvant atteindre 500 kg-600 kg par heure. <\/p>    <p>Il existe deux types de coupeuses de ma\u00efs : coupeuses \u00e0 rang\u00e9e simple (peuvent produire 1500 ma\u00efs par heure) et coupeuses \u00e0 double rang\u00e9e (peuvent traiter 3000 ma\u00efs par heure).<\/p>    <figure class=\"wp-block-gallery has-nested-images columns-default is-cropped wp-block-gallery-2 is-layout-flex wp-block-gallery-is-layout-flex\"> <figure class=\"wp-block-image size-large\"><img loading=\"lazy\" decoding=\"async\" width=\"720\" height=\"540\" data-id=\"910\" src=\"https:\/\/corn-machine.com\/wp-content\/uploads\/2025\/08\/single-row-sweet-corn-cutter.webp\" alt=\"coupeur de ma\u00efs doux \u00e0 rang\u00e9e unique\" class=\"wp-image-910\" title=\"\" srcset=\"https:\/\/corn-machine.com\/wp-content\/uploads\/2025\/08\/single-row-sweet-corn-cutter.webp 720w, https:\/\/corn-machine.com\/wp-content\/uploads\/2025\/08\/single-row-sweet-corn-cutter-300x225.webp 300w, https:\/\/corn-machine.com\/wp-content\/uploads\/2025\/08\/single-row-sweet-corn-cutter-16x12.webp 16w\" sizes=\"auto, (max-width: 720px) 100vw, 720px\" \/><figcaption class=\"wp-element-caption\">coupeur de ma\u00efs doux \u00e0 rang\u00e9e unique<\/figcaption><\/figure>    <figure class=\"wp-block-image size-full\"><img loading=\"lazy\" decoding=\"async\" width=\"720\" height=\"540\" data-id=\"912\" src=\"https:\/\/corn-machine.com\/wp-content\/uploads\/2025\/08\/double-row-waxy-corn-cutter.webp\" alt=\"coupeur de ma\u00efs cireux \u00e0 double rang\u00e9e\" class=\"wp-image-912\" title=\"\" srcset=\"https:\/\/corn-machine.com\/wp-content\/uploads\/2025\/08\/double-row-waxy-corn-cutter.webp 720w, https:\/\/corn-machine.com\/wp-content\/uploads\/2025\/08\/double-row-waxy-corn-cutter-300x225.webp 300w, https:\/\/corn-machine.com\/wp-content\/uploads\/2025\/08\/double-row-waxy-corn-cutter-16x12.webp 16w\" sizes=\"auto, (max-width: 720px) 100vw, 720px\" \/><figcaption class=\"wp-element-caption\">coupeur de ma\u00efs cireux \u00e0 double rang\u00e9e<\/figcaption><\/figure> <\/figure>    <p>Ce type de machine \u00e0 couper le ma\u00efs est largement utilis\u00e9 dans les usines de transformation alimentaire, aidant efficacement \u00e0 l'automatisation des processus de production. Nous avons export\u00e9 vers le Vietnam, les \u00c9tats-Unis, Singapour et d'autres pays. Presque tous nos clients nous fournissent des retours positifs sur l'atteinte de leurs objectifs de production sur ligne d'assemblage.<\/p>    <h2 class=\"wp-block-heading\"><strong>Comment fonctionne cette machine \u00e0 couper le ma\u00efs frais ?<\/strong><\/h2>    <p>La premi\u00e8re \u00e9tape de l'op\u00e9ration de coupe de ma\u00efs consiste \u00e0 v\u00e9rifier. Trois points doivent \u00eatre pris en compte : <\/p>    <ul class=\"wp-block-list\"> <li>Le tapis roulant fonctionne-t-il en douceur sans obstruction ?<\/li>    <li>La lame fonctionne-t-elle correctement ? Testez-la en mettant d'abord un \u00e9pi de ma\u00efs entier.<\/li>    <li>Ne coupez pas le ma\u00efs avec la peau.<\/li> <\/ul>    <p>Ensuite, vous pouvez le faire fonctionner normalement comme une partie de votre ligne de production.<\/p>    <figure class=\"wp-block-embed aligncenter is-type-video is-provider-youtube wp-block-embed-youtube wp-embed-aspect-16-9 wp-has-aspect-ratio\"><div class=\"wp-block-embed__wrapper\"> <iframe loading=\"lazy\" title=\"\ud83c\udf3dMachine de coupe du ma\u00efs \u00e0 haute efficacit\u00e9 | Ma\u00efs frais  &amp; trancheur de tiges de ma\u00efs surgel\u00e9s pour le traitement alimentaire!\" width=\"500\" height=\"281\" src=\"https:\/\/www.youtube.com\/embed\/r5H145IzOCA?feature=oembed\" frameborder=\"0\" allow=\"accelerometer; autoplay; clipboard-write; encrypted-media; gyroscope; picture-in-picture; web-share\" referrerpolicy=\"strict-origin-when-cross-origin\" allowfullscreen><\/iframe> <\/div><figcaption class=\"wp-element-caption\">vid\u00e9o de fonctionnement de la machine \u00e0 couper le ma\u00efs<\/figcaption><\/figure>    <h2 class=\"wp-block-heading\"><strong>Caract\u00e9ristiques cl\u00e9s de la machine \u00e0 couper le ma\u00efs doux<\/strong><\/h2>    <ul class=\"wp-block-list\"> <li>La plupart des pi\u00e8ces sont en SUS304 et en acier inoxydable alimentaire de grade GB. Le trancheur de tassas est facile \u00e0 nettoyer et a une longue dur\u00e9e de vie.<\/li>    <li>En plus de couper simplement le ma\u00efs congel\u00e9, frais et vieilli, il est \u00e9galement adapt\u00e9 pour les carottes, les ignames, <a href=\"https:\/\/en.wikipedia.org\/wiki\/Cassava\" target=\"_blank\" rel=\"noopener\">manioc<\/a>, et d'autres types de nourriture.<\/li>    <li>Le <strong>la longueur de coupe est r\u00e9glable<\/strong> pour garantir une coupe pr\u00e9cise, ce qui le rend adapt\u00e9 \u00e0 la production en masse d'aliments finement emball\u00e9s. Le ma\u00efs entier peut \u00eatre divis\u00e9 en deux sections ou plus, ce qui peut \u00e9galement \u00eatre modifi\u00e9.<\/li>    <li>Il utilise <strong>des lames circulaires en acier mangan\u00e8se de haute qualit\u00e9<\/strong> pour une coupe pr\u00e9cise et une surface de lame lisse. Le produit fini a une apparence soign\u00e9e sans d\u00e9versement de mat\u00e9riau.<\/li>    <li>Cet \u00e9quipement de coupe de ma\u00efs offre <strong>une efficacit\u00e9 de production \u00e9lev\u00e9e<\/strong>, avec une production horaire de 500-600 kg, ce qui peut r\u00e9pondre aux besoins de la plupart des productions industrielles.<\/li> <\/ul>    <figure class=\"wp-block-gallery has-nested-images columns-2 is-cropped wp-block-gallery-3 is-layout-flex wp-block-gallery-is-layout-flex\"> <figure class=\"wp-block-image size-large\"><img loading=\"lazy\" decoding=\"async\" width=\"720\" height=\"540\" data-id=\"868\" src=\"https:\/\/corn-machine.com\/wp-content\/uploads\/2025\/08\/fresh-maize-cutter-machine.webp\" alt=\"une machine avec du ma\u00efs dessus\" class=\"wp-image-868\" title=\"\" srcset=\"https:\/\/corn-machine.com\/wp-content\/uploads\/2025\/08\/fresh-maize-cutter-machine.webp 720w, https:\/\/corn-machine.com\/wp-content\/uploads\/2025\/08\/fresh-maize-cutter-machine-300x225.webp 300w, https:\/\/corn-machine.com\/wp-content\/uploads\/2025\/08\/fresh-maize-cutter-machine-16x12.webp 16w\" sizes=\"auto, (max-width: 720px) 100vw, 720px\" \/><figcaption class=\"wp-element-caption\">machine \u00e0 couper le ma\u00efs \u00e0 double ligne de transport<\/figcaption><\/figure>    <figure class=\"wp-block-image size-full\"><img loading=\"lazy\" decoding=\"async\" width=\"720\" height=\"540\" data-id=\"872\" src=\"https:\/\/corn-machine.com\/wp-content\/uploads\/2025\/08\/cut-piece-of-sweet-corn.webp\" alt=\"surface lisse du morceau coup\u00e9 de ma\u00efs doux\" class=\"wp-image-872\" title=\"\" srcset=\"https:\/\/corn-machine.com\/wp-content\/uploads\/2025\/08\/cut-piece-of-sweet-corn.webp 720w, https:\/\/corn-machine.com\/wp-content\/uploads\/2025\/08\/cut-piece-of-sweet-corn-300x225.webp 300w, https:\/\/corn-machine.com\/wp-content\/uploads\/2025\/08\/cut-piece-of-sweet-corn-16x12.webp 16w\" sizes=\"auto, (max-width: 720px) 100vw, 720px\" \/><figcaption class=\"wp-element-caption\">surface lisse du morceau coup\u00e9 de ma\u00efs doux<\/figcaption><\/figure>    <figure class=\"wp-block-image size-large\"><img loading=\"lazy\" decoding=\"async\" width=\"720\" height=\"540\" data-id=\"867\" src=\"https:\/\/corn-machine.com\/wp-content\/uploads\/2025\/08\/3-cm-corn-segments.webp\" alt=\"segments de ma\u00efs de 3 cm coup\u00e9s par trancheuse de ma\u00efs\" class=\"wp-image-867\" title=\"\" srcset=\"https:\/\/corn-machine.com\/wp-content\/uploads\/2025\/08\/3-cm-corn-segments.webp 720w, https:\/\/corn-machine.com\/wp-content\/uploads\/2025\/08\/3-cm-corn-segments-300x225.webp 300w, https:\/\/corn-machine.com\/wp-content\/uploads\/2025\/08\/3-cm-corn-segments-16x12.webp 16w\" sizes=\"auto, (max-width: 720px) 100vw, 720px\" \/><figcaption class=\"wp-element-caption\">segments de ma\u00efs de 3 cm<\/figcaption><\/figure>    <figure class=\"wp-block-image size-large\"><img loading=\"lazy\" decoding=\"async\" width=\"720\" height=\"540\" data-id=\"869\" src=\"https:\/\/corn-machine.com\/wp-content\/uploads\/2025\/08\/corn-cutter-machine.webp\" alt=\"machine \u00e0 couper le ma\u00efs en acier inoxydable\" class=\"wp-image-869\" title=\"\" srcset=\"https:\/\/corn-machine.com\/wp-content\/uploads\/2025\/08\/corn-cutter-machine.webp 720w, https:\/\/corn-machine.com\/wp-content\/uploads\/2025\/08\/corn-cutter-machine-300x225.webp 300w, https:\/\/corn-machine.com\/wp-content\/uploads\/2025\/08\/corn-cutter-machine-16x12.webp 16w\" sizes=\"auto, (max-width: 720px) 100vw, 720px\" \/><figcaption class=\"wp-element-caption\">machine \u00e0 couper le ma\u00efs en acier inoxydable<\/figcaption><\/figure> <\/figure>    <h2 class=\"wp-block-heading\"><strong>Corn cob slicer&#8217;s parameters<\/strong><\/h2>    <figure class=\"wp-block-table\"><table class=\"has-fixed-layout\"><tbody><tr><td>Mod\u00e8le<\/td><td class=\"has-text-align-center\" data-align=\"center\">TZ-100<\/td><\/tr><tr><td>Pouvoir<\/td><td class=\"has-text-align-center\" data-align=\"center\">2.5-3 KW<\/td><\/tr><tr><td>Tension<\/td><td class=\"has-text-align-center\" data-align=\"center\">380 V<\/td><\/tr><tr><td>Largeur effective du tapis \u00e0 mailles<\/td><td class=\"has-text-align-center\" data-align=\"center\">400 mm<\/td><\/tr><tr><td>Taille de coupe maximale<\/td><td class=\"has-text-align-center\" data-align=\"center\">25 mm<\/td><\/tr><tr><td>Capacit\u00e9<\/td><td class=\"has-text-align-center\" data-align=\"center\">2000-3000 pcs\/h<\/td><\/tr><tr><td>Mesures<\/td><td class=\"has-text-align-center\" data-align=\"center\">2130*1170*1360 mm<\/td><\/tr><tr><td>Nombre de plateaux<\/td><td class=\"has-text-align-center\" data-align=\"center\">21 ensembles \u00d7 2 pcs chacun<\/td><\/tr><\/tbody><\/table><figcaption class=\"wp-element-caption\">Param\u00e8tres techniques de la machine \u00e0 couper le ma\u00efs<\/figcaption><\/figure>    <p>Note : La longueur de coupe des \u00e9pis peut \u00eatre personnalis\u00e9e, mais pas inf\u00e9rieure \u00e0 2,5 cm. Si vous souhaitez couper deux tailles de segments d\u2019\u00e9pi, vous pouvez changer les lames. Mais si les tailles de segments d\u2019\u00e9pi dont vous avez besoin ne peuvent pas former une relation multiple, vous devez en acheter une machine de coupe d\u2019\u00e9pis de plus.<\/p>    <p>Par exemple, une machine peut traiter des \u00e9pis de 2,5 cm, 5 cm et m\u00eame 7 cm. Mais si vous souhaitez couper d\u2019autres tailles, vous devriez acheter une autre machine pour traiter les segments d\u2019\u00e9pi de 3 cm et 6 cm.<\/p>   <div class=\"wp-block-image\"> <figure class=\"aligncenter size-full\"><img loading=\"lazy\" decoding=\"async\" width=\"720\" height=\"540\" src=\"https:\/\/corn-machine.com\/wp-content\/uploads\/2025\/08\/corn-slicer-machine.webp\" alt=\"machine trancheuse de ma\u00efs pour le traitement alimentaire au ma\u00efs \" class=\"wp-image-866\" title=\"\" srcset=\"https:\/\/corn-machine.com\/wp-content\/uploads\/2025\/08\/corn-slicer-machine.webp 720w, https:\/\/corn-machine.com\/wp-content\/uploads\/2025\/08\/corn-slicer-machine-300x225.webp 300w, https:\/\/corn-machine.com\/wp-content\/uploads\/2025\/08\/corn-slicer-machine-16x12.webp 16w\" sizes=\"auto, (max-width: 720px) 100vw, 720px\" \/><figcaption class=\"wp-element-caption\">machine trancheuse de ma\u00efs<\/figcaption><\/figure> <\/div>   <h2 class=\"wp-block-heading\"><strong>Structure principale de la machine \u00e0 couper le ma\u00efs<\/strong><\/h2>    <p>Il y a deux syst\u00e8mes principaux de cette machine automatique \u00e0 couper le ma\u00efs pour terminer l'ensemble du processus : le syst\u00e8me de coupe et le syst\u00e8me de transmission.<\/p>    <p>La partie la plus importante du syst\u00e8me de coupe est la lame en acier inoxydable tranchante, qui a une alimentation \u00e9lectrique diff\u00e9rente de celle du fonctionnement de la machine enti\u00e8re, n\u00e9cessitant un moteur suppl\u00e9mentaire d'une puissance de 3 KW.<\/p>    <p>Le syst\u00e8me de transmission a un total de 21 ensembles de plateaux (chacun a 2 pcs) avec la fonction de fixer les \u00e9pis de ma\u00efs et de r\u00e9duire efficacement le temps de travail.<\/p>    <figure class=\"wp-block-gallery has-nested-images columns-default is-cropped wp-block-gallery-4 is-layout-flex wp-block-gallery-is-layout-flex\"> <figure class=\"wp-block-image size-large\"><img loading=\"lazy\" decoding=\"async\" width=\"720\" height=\"540\" data-id=\"864\" src=\"https:\/\/corn-machine.com\/wp-content\/uploads\/2025\/08\/blades-of-fresh-maize-cutter-machine.webp\" alt=\"lames de la machine \u00e0 couper le ma\u00efs frais\" class=\"wp-image-864\" title=\"\" srcset=\"https:\/\/corn-machine.com\/wp-content\/uploads\/2025\/08\/blades-of-fresh-maize-cutter-machine.webp 720w, https:\/\/corn-machine.com\/wp-content\/uploads\/2025\/08\/blades-of-fresh-maize-cutter-machine-300x225.webp 300w, https:\/\/corn-machine.com\/wp-content\/uploads\/2025\/08\/blades-of-fresh-maize-cutter-machine-16x12.webp 16w\" sizes=\"auto, (max-width: 720px) 100vw, 720px\" \/><figcaption class=\"wp-element-caption\">lames de la machine \u00e0 couper le ma\u00efs frais<\/figcaption><\/figure>    <figure class=\"wp-block-image size-large\"><img loading=\"lazy\" decoding=\"async\" width=\"720\" height=\"540\" data-id=\"865\" src=\"https:\/\/corn-machine.com\/wp-content\/uploads\/2025\/08\/fresh-whole-corn-cutting.webp\" alt=\"syst\u00e8me de transmission de ma\u00efs et plateaux de la machine \u00e0 couper le ma\u00efs doux\" class=\"wp-image-865\" title=\"\" srcset=\"https:\/\/corn-machine.com\/wp-content\/uploads\/2025\/08\/fresh-whole-corn-cutting.webp 720w, https:\/\/corn-machine.com\/wp-content\/uploads\/2025\/08\/fresh-whole-corn-cutting-300x225.webp 300w, https:\/\/corn-machine.com\/wp-content\/uploads\/2025\/08\/fresh-whole-corn-cutting-16x12.webp 16w\" sizes=\"auto, (max-width: 720px) 100vw, 720px\" \/><figcaption class=\"wp-element-caption\">syst\u00e8me de transmission de ma\u00efs et plateaux<\/figcaption><\/figure> <\/figure>    <h2 class=\"wp-block-heading\"><strong>Cas r\u00e9ussi d'exp\u00e9dition des coupeurs de ma\u00efs \u00e0 une usine de transformation du ma\u00efs au Vietnam<\/strong><\/h2>    <p>Notre client est une usine de transformation du ma\u00efs au Vietnam, sp\u00e9cialis\u00e9e dans le ma\u00efs frais et les produits \u00e0 base de ma\u00efs. L'usine traite un grand volume de ma\u00efs chaque jour. Pour am\u00e9liorer la productivit\u00e9 et la qualit\u00e9 des produits, le client recherchait une solution de coupe de ma\u00efs efficace, pr\u00e9cise et flexible.<\/p>    <p>Lors de la communication, le client a fourni des exigences techniques claires concernant la taille de coupe, l'alimentation \u00e9lectrique et le support d'installation.<\/p>    <p>Sur la base des exigences, nous avons fourni deux machines \u00e0 couper le ma\u00efs sur mesure :<\/p>    <ul class=\"wp-block-list\"> <li>Deux machines personnalis\u00e9es : machine \u00e0 couper de 2,5 cm \/ 5 cm et trancheuse de ma\u00efs de 3,5 cm \/ 7 cm.<\/li>    <li>\u00c9quip\u00e9 d'un design de couteau et d'arbre \u00e0 changement rapide, assurant des ajustements de taille flexibles et efficaces.<\/li>    <li>Construit en acier inoxydable de qualit\u00e9 alimentaire, respectant les normes de s\u00e9curit\u00e9 alimentaire.<\/li>    <li>Livr\u00e9 avec des manuels complets, des dessins et des vid\u00e9os de formation pour aider le client \u00e0 d\u00e9marrer rapidement avec l'installation et le remplacement des couteaux.<\/li> <\/ul>    <p>Gr\u00e2ce \u00e0 ce projet, nous avons aid\u00e9 notre client vietnamien \u00e0 mettre \u00e0 niveau avec succ\u00e8s ses solutions de traitement m\u00e9canis\u00e9es et standardis\u00e9es, ce qui a consid\u00e9rablement augment\u00e9 la production de son usine. Nous avons re\u00e7u de bons retours de sa part !<\/p>    <figure class=\"wp-block-gallery has-nested-images columns-default is-cropped wp-block-gallery-5 is-layout-flex wp-block-gallery-is-layout-flex\"> <figure class=\"wp-block-image size-large\"><img loading=\"lazy\" decoding=\"async\" width=\"720\" height=\"540\" data-id=\"873\" src=\"https:\/\/corn-machine.com\/wp-content\/uploads\/2025\/08\/plastic-covering-of-sweet-corn-cutter.webp\" alt=\"rev\u00eatement en plastique de la machine \u00e0 couper le ma\u00efs doux\" class=\"wp-image-873\" title=\"\" srcset=\"https:\/\/corn-machine.com\/wp-content\/uploads\/2025\/08\/plastic-covering-of-sweet-corn-cutter.webp 720w, https:\/\/corn-machine.com\/wp-content\/uploads\/2025\/08\/plastic-covering-of-sweet-corn-cutter-300x225.webp 300w, https:\/\/corn-machine.com\/wp-content\/uploads\/2025\/08\/plastic-covering-of-sweet-corn-cutter-16x12.webp 16w\" sizes=\"auto, (max-width: 720px) 100vw, 720px\" \/><figcaption class=\"wp-element-caption\">rev\u00eatement en plastique de la machine \u00e0 couper le ma\u00efs doux<\/figcaption><\/figure>    <figure class=\"wp-block-image size-large\"><img loading=\"lazy\" decoding=\"async\" width=\"720\" height=\"540\" data-id=\"875\" src=\"https:\/\/corn-machine.com\/wp-content\/uploads\/2025\/08\/wooden-packaging-of-corn-cutting-machine.webp\" alt=\"emballage en bois de la machine \u00e0 couper le ma\u00efs\" class=\"wp-image-875\" title=\"\" srcset=\"https:\/\/corn-machine.com\/wp-content\/uploads\/2025\/08\/wooden-packaging-of-corn-cutting-machine.webp 720w, https:\/\/corn-machine.com\/wp-content\/uploads\/2025\/08\/wooden-packaging-of-corn-cutting-machine-300x225.webp 300w, https:\/\/corn-machine.com\/wp-content\/uploads\/2025\/08\/wooden-packaging-of-corn-cutting-machine-16x12.webp 16w\" sizes=\"auto, (max-width: 720px) 100vw, 720px\" \/><figcaption class=\"wp-element-caption\">emballage en bois de la machine \u00e0 couper le ma\u00efs<\/figcaption><\/figure> <\/figure>    <p>Si votre usine a besoin d'une am\u00e9lioration pour un niveau d'automatisation plus \u00e9lev\u00e9, cette machine \u00e0 couper le ma\u00efs frais est un bon choix ! Contactez-moi maintenant pour obtenir le dernier quota et des informations !<\/p>    <p class=\"translation-block\">Taizy fournit \u00e9galement une <a href=\"https:\/\/corn-machine.com\/fr\/product\/fresh-corn-sheller-machine\/\">machine \u00e0 \u00e9plucher le ma\u00efs frais<\/a> pour le traitement des grains de ma\u00efs. Si vous \u00eates int\u00e9ress\u00e9 par une telle machine, cliquez pour en savoir plus !<\/p>    <p><\/p>","protected":false},"excerpt":{"rendered":"<p>La trancheuse de ma\u00efs frais Taizy est adopt\u00e9e dans la ligne de production alimentaire industrielle, qui peut principalement couper le ma\u00efs glutineux, le ma\u00efs doux, le ma\u00efs surgel\u00e9 avec une capacit\u00e9 de 500 \u00e0 600 kg\/h.<\/p>","protected":false},"author":1,"featured_media":863,"parent":0,"template":"","tags":[51,48],"product-type":[49],"class_list":["post-862","product","type-product","status-publish","has-post-thumbnail","hentry","tag-fresh-corn","tag-sweet-corn","product-type-corn-cutter-machine"],"_links":{"self":[{"href":"https:\/\/corn-machine.com\/fr\/wp-json\/wp\/v2\/product\/862","targetHints":{"allow":["GET"]}}],"collection":[{"href":"https:\/\/corn-machine.com\/fr\/wp-json\/wp\/v2\/product"}],"about":[{"href":"https:\/\/corn-machine.com\/fr\/wp-json\/wp\/v2\/types\/product"}],"author":[{"embeddable":true,"href":"https:\/\/corn-machine.com\/fr\/wp-json\/wp\/v2\/users\/1"}],"wp:featuredmedia":[{"embeddable":true,"href":"https:\/\/corn-machine.com\/fr\/wp-json\/wp\/v2\/media\/863"}],"wp:attachment":[{"href":"https:\/\/corn-machine.com\/fr\/wp-json\/wp\/v2\/media?parent=862"}],"wp:term":[{"taxonomy":"post_tag","embeddable":true,"href":"https:\/\/corn-machine.com\/fr\/wp-json\/wp\/v2\/tags?post=862"},{"taxonomy":"product-type","embeddable":true,"href":"https:\/\/corn-machine.com\/fr\/wp-json\/wp\/v2\/product-type?post=862"}],"curies":[{"name":"wp","href":"https:\/\/api.w.org\/{rel}","templated":true}]}}