{"id":956,"date":"2025-09-19T17:05:10","date_gmt":"2025-09-19T09:05:10","guid":{"rendered":"https:\/\/corn-machine.com\/?post_type=product&#038;p=956"},"modified":"2025-09-19T17:05:10","modified_gmt":"2025-09-19T09:05:10","slug":"corn-vacuum-packaging-machine","status":"publish","type":"product","link":"https:\/\/corn-machine.com\/fr\/product\/corn-vacuum-packaging-machine\/","title":{"rendered":"Machine d\u2019emballage sous vide du ma\u00efs"},"content":{"rendered":"<p class=\"translation-block\">La <strong>machine d\u2019emballage sous vide du ma\u00efs<\/strong> est pratique pour l\u2019emballage d\u2019aliments frais, tels que le ma\u00efs doux, les carottes, le riz et d\u2019autres aliments. Elle peut prolonger efficacement la dur\u00e9e de conservation des aliments et maintenir leur go\u00fbt et leur couleur. Elle utilise le SUS304 comme mat\u00e9riau principal, ce qui rend ce scellant sous vide de chambre plus populaire dans les usines de transformation alimentaire.<\/p>    <p>In addition, this sweet corn sealing machine is small and easy to move, suitable for small food processing plants. That&#8217;s why it has shipped to Vietnam, South Korea, Japan, the Netherlands, and Kenya with consistently positive customer feedback.<\/p>    <h2 class=\"wp-block-heading\"><strong>Avantages de la machine d\u2019emballage sous vide du ma\u00efs frais Taizy<\/strong><\/h2>    <ul class=\"wp-block-list\"> <li>Cette machine \u00e0 emballer sous vide dans une chambre alimentaire a de larges applications. Elle convient non seulement au ma\u00efs frais, mais est \u00e9galement largement utilis\u00e9e pour l\u2019emballage de l\u00e9gumes frais, fruits, grains, viande, ainsi que les aliments pr\u00eats \u00e0 \u00eatre consomm\u00e9s.<\/li>    <li>La machine d\u2019emballage sous vide du ma\u00efs offre une meilleure conservation. Par rapport aux machines d\u2019emballage ordinaires, elle pr\u00e9serve mieux la fra\u00eecheur, prolonge efficacement la dur\u00e9e de vie des produits et maintient la saveur, la texture et les nutriments d\u2019origine.<\/li>    <li>It is equipped with durable 304 stainless steel. The fresh corn sealing machine&#8217;s body is made of food-grade 304 stainless steel, ensuring hygiene, corrosion resistance, and long service life, even under intensive use in food processing environments.<\/li>    <li>De plus, notre scelleuse sous vide de chambre commerciale dispose d\u2019une fen\u00eatre d\u2019observation transparente : \u00e9quip\u00e9e d\u2019un couvercle en verre organique, elle permet aux op\u00e9rateurs de surveiller le processus d\u2019emballage en temps r\u00e9el pour un meilleur contr\u00f4le et s\u00e9curit\u00e9.<\/li> <\/ul>   <div class=\"wp-block-image\"> <figure class=\"aligncenter size-full\"><img loading=\"lazy\" decoding=\"async\" width=\"720\" height=\"540\" src=\"https:\/\/corn-machine.com\/wp-content\/uploads\/2025\/09\/fresh-corn-vacuum-sealer-machine.webp\" alt=\"machine d\u2019emballage sous vide pour ma\u00efs frais\" class=\"wp-image-960\" title=\"\" srcset=\"https:\/\/corn-machine.com\/wp-content\/uploads\/2025\/09\/fresh-corn-vacuum-sealer-machine.webp 720w, https:\/\/corn-machine.com\/wp-content\/uploads\/2025\/09\/fresh-corn-vacuum-sealer-machine-300x225.webp 300w, https:\/\/corn-machine.com\/wp-content\/uploads\/2025\/09\/fresh-corn-vacuum-sealer-machine-16x12.webp 16w\" sizes=\"auto, (max-width: 720px) 100vw, 720px\" \/><figcaption class=\"wp-element-caption\">machine d\u2019emballage sous vide pour ma\u00efs frais<\/figcaption><\/figure> <\/div>   <h2 class=\"wp-block-heading\"><strong>Principes de fonctionnement du scellant sous vide pour ma\u00efs<\/strong><\/h2>    <p>Le processus comprend cinq \u00e9tapes principales : chargement \u2192 r\u00e9glage du sac \u2192 aspiration \u2192 chauffage et scellement \u2192 refroidissement.<\/p>    <h3 class=\"wp-block-heading\"><strong>1. Chargement du produit<\/strong><\/h3>    <p>Placez l\u2019ouverture du sac correctement sur la bande de scellement, puis fermez la chambre sous vide pour cr\u00e9er un environnement scell\u00e9.<\/p>    <h3 class=\"wp-block-heading\"><strong>2. R\u00e9glage du sac<\/strong><\/h3>    <p>Placez correctement l\u2019ouverture du sac sur la bande de scellement, puis fermez la chambre sous vide pour cr\u00e9er un environnement scell\u00e9.<\/p>    <h3 class=\"wp-block-heading\"><strong>3. Aspiration<\/strong><\/h3>    <p>La petite machine d\u2019emballage sous vide de ma\u00efs active la pompe \u00e0 vide, en extrayant simultan\u00e9ment l\u2019air du sac sous vide et de la chambre. Ce proc\u00e9d\u00e9 \u00e9limine l\u2019oxyg\u00e8ne, r\u00e9duisant la croissance microbienne et l\u2019oxydation.<\/p>    <h3 class=\"wp-block-heading\"><strong>4. Sce\u0300lage du paquet<\/strong><\/h3>    <p>Une fois le niveau de vide souhait\u00e9 atteint, la machine active l\u2019\u00e9l\u00e9ment chauffant pour sceller le sac. Cette \u00e9tape assure que le sac reste scell\u00e9.<\/p>    <h3 class=\"wp-block-heading\"><strong>5. Refroidissement<\/strong><\/h3>    <p>Une br\u00e8ve p\u00e9riode de refroidissement renforcera le joint. La chambre sous vide revient ensuite \u00e0 la pression atmosph\u00e9rique et le couvercle s\u2019ouvre automatiquement.<\/p>   <div class=\"wp-block-image\"> <figure class=\"aligncenter size-full\"><img loading=\"lazy\" decoding=\"async\" width=\"720\" height=\"540\" src=\"https:\/\/corn-machine.com\/wp-content\/uploads\/2025\/09\/products-after-vacuuming.webp\" alt=\"produits apr\u00e8s le d\u00e9poussi\u00e9rage\" class=\"wp-image-961\" title=\"\" srcset=\"https:\/\/corn-machine.com\/wp-content\/uploads\/2025\/09\/products-after-vacuuming.webp 720w, https:\/\/corn-machine.com\/wp-content\/uploads\/2025\/09\/products-after-vacuuming-300x225.webp 300w, https:\/\/corn-machine.com\/wp-content\/uploads\/2025\/09\/products-after-vacuuming-16x12.webp 16w\" sizes=\"auto, (max-width: 720px) 100vw, 720px\" \/><figcaption class=\"wp-element-caption\">produits apr\u00e8s le d\u00e9poussi\u00e9rage<\/figcaption><\/figure> <\/div>   <p>Tous les processus sont simples \u00e0 op\u00e9rer. Le ma\u00efs scell\u00e9 preserve mieux sa saveur, sa texture et ses nutriments, et r\u00e9duit le risque de d\u00e9t\u00e9rioration pendant le stockage et le transport.<\/p>    <h2 class=\"wp-block-heading\"><strong>Param\u00e8tres de la machine d\u2019emballage sous vide du ma\u00efs doux<\/strong><\/h2>    <figure class=\"wp-block-table\"><table class=\"has-fixed-layout\"><tbody><tr><td>Mod\u00e8le<\/td><td>TZ-500<\/td><\/tr><tr><td>Tension<\/td><td>220 V\/50 Hz<\/td><\/tr><tr><td>Puissance de la pompe \u00e0 vide<\/td><td>0,9 kW<\/td><\/tr><tr><td>Puissance de scellement<\/td><td>0,6 kW<\/td><\/tr><tr><td>Pression absolue<\/td><td>0,1 Pa<\/td><\/tr><tr><td>Nombre de bandes de scellement<\/td><td>2<\/td><\/tr><tr><td>Taille de la bande de scellement (L*W)<\/td><td>500 mm*10 mm<\/td><\/tr><tr><td>Mat\u00e9riau de la chambre sous vide<\/td><td>acier inoxydable 304<\/td><\/tr><tr><td>Mat\u00e9riau du couvercle sous vide<\/td><td>Plexiglas<\/td><\/tr><tr><td>Pompe \u00e0 vide<\/td><td>20m\u00b3\/h<\/td><\/tr><tr><td>Taille de la chambre sous vide (L*W*H)<\/td><td>525 mm*520 mm*130 mm<\/td><\/tr><tr><td>Dimensions de la machine (L*W*H)<\/td><td>650 mm*580 mm*960 mm<\/td><\/tr><tr><td>Poids de la machine<\/td><td>80 kg<\/td><\/tr><\/tbody><\/table><figcaption class=\"wp-element-caption\">Param\u00e8tres de la machine d\u2019emballage sous vide de ma\u00efs<\/figcaption><\/figure>   <div class=\"wp-block-image\"> <figure class=\"aligncenter size-full\"><img loading=\"lazy\" decoding=\"async\" width=\"720\" height=\"540\" src=\"https:\/\/corn-machine.com\/wp-content\/uploads\/2025\/09\/maize-vacuum-packaging-machine.webp\" alt=\"emballage sous vide du ma\u00efs pour le ma\u00efs\" class=\"wp-image-962\" title=\"\" srcset=\"https:\/\/corn-machine.com\/wp-content\/uploads\/2025\/09\/maize-vacuum-packaging-machine.webp 720w, https:\/\/corn-machine.com\/wp-content\/uploads\/2025\/09\/maize-vacuum-packaging-machine-300x225.webp 300w, https:\/\/corn-machine.com\/wp-content\/uploads\/2025\/09\/maize-vacuum-packaging-machine-16x12.webp 16w\" sizes=\"auto, (max-width: 720px) 100vw, 720px\" \/><figcaption class=\"wp-element-caption\">emballage sous vide du ma\u00efs pour le ma\u00efs<\/figcaption><\/figure> <\/div>   <h2 class=\"wp-block-heading\"><strong>Applications de la machine d\u2019emballage sous vide du ma\u00efs<\/strong><\/h2>    <p class=\"translation-block\">En plus d\u2019emballer le ma\u00efs frais, ce type de machine d\u2019emballage sous vide est souvent utilis\u00e9 pour emballer des l\u00e9gumes (patates douces, morceaux de potiron), des fruits (ananas, bananes s\u00e9ch\u00e9es), des c\u00e9r\u00e9ales (arachides, ch\u00e2taignes), et d\u2019autres produits agricoles (baies de goji, <a href=\"https:\/\/en.wikipedia.org\/wiki\/Jujube\" target=\"_blank\" rel=\"noopener\">datte rouge<\/a>), etc.<\/p>    <p>Les produits scell\u00e9s sont souvent vendus dans les supermarch\u00e9s, les magasins de proximit\u00e9 ou directement export\u00e9s vers d\u2019autres pays. Par cons\u00e9quent, la plupart des usines de transformation de produits agricoles, des fabriques de charcuterie, des soci\u00e9t\u00e9s de produits de la mer et des coop\u00e9ratives de fruits et l\u00e9gumes ach\u00e8teront nos machines d\u2019emballage sous vide du ma\u00efs pour le traitement et l\u2019emballage.<\/p>   <div class=\"wp-block-image\"> <figure class=\"aligncenter size-large\"><img loading=\"lazy\" decoding=\"async\" width=\"720\" height=\"540\" src=\"https:\/\/corn-machine.com\/wp-content\/uploads\/2025\/09\/application-of-food-vacuum-packaging-machine.webp\" alt=\"Applications de la machine d\u2019emballage sous vide alimentaire\" class=\"wp-image-966\" title=\"\" srcset=\"https:\/\/corn-machine.com\/wp-content\/uploads\/2025\/09\/application-of-food-vacuum-packaging-machine.webp 720w, https:\/\/corn-machine.com\/wp-content\/uploads\/2025\/09\/application-of-food-vacuum-packaging-machine-300x225.webp 300w, https:\/\/corn-machine.com\/wp-content\/uploads\/2025\/09\/application-of-food-vacuum-packaging-machine-16x12.webp 16w\" sizes=\"auto, (max-width: 720px) 100vw, 720px\" \/><figcaption class=\"wp-element-caption\">Applications de la machine d\u2019emballage sous vide alimentaire<\/figcaption><\/figure> <\/div>   <h2 class=\"wp-block-heading\"><strong>Pourquoi choisir la machine d\u2019emballage sous vide du ma\u00efs Taizy ?<\/strong><\/h2>    <ul class=\"wp-block-list\"> <li>Taizy est un fabricant professionnel de machines, qui poss\u00e8de plus de 40 ans d\u2019exp\u00e9rience en fabrication et plus de 10 ans d\u2019exp\u00e9rience d\u2019exportation.<\/li>    <li>Nous poss\u00e9dons une usine d\u2019int\u00e9gration production-vente sans interm\u00e9diaires et proposons les prix les plus avantageux tout en garantissant la qualit\u00e9 de la machine.<\/li>    <li>Nos machines d\u2019emballage sous vide du ma\u00efs sont construites selon des normes de haute qualit\u00e9, durables et fabriqu\u00e9es selon des normes internationales. Toutes nos machines sont certifi\u00e9es CE, gagnant la confiance des clients du monde entier.<\/li>    <li>En m\u00eame temps, nous disposons d\u2019un service apr\u00e8s-vente parfait et mature, fournissant des vid\u00e9os d\u2019installation et des manuels d\u2019instructions complets. Des techniciens apr\u00e8s-vente seront \u00e9galement disponibles pour vous offrir un service personnalis\u00e9.<\/li> <\/ul>    <p>Si vous avez des probl\u00e8mes, contactez-moi. Je vous proposerai un quota gratuit et toute autre information que vous souhaitez.<\/p>    <p>De plus, nous proposons \u00e9galement d\u2019autres machines pour le traitement du ma\u00efs frais :<\/p>    <ul class=\"wp-block-list\"> <li><a href=\"https:\/\/corn-machine.com\/fr\/product\/fresh-corn-sheller-machine\/\">Machine \u00e0 \u00e9plucher le ma\u00efs doux<\/a><\/li>    <li><a href=\"https:\/\/corn-machine.com\/fr\/product\/corn-husk-remover-for-food-processing\/\">\u00c9plucheur de husk de ma\u00efs<\/a><\/li>    <li><a href=\"https:\/\/corn-machine.com\/fr\/product\/sweet-corn-cutting-machine-food-process\/\">Machine de coupe de ma\u00efs doux<\/a><\/li> <\/ul>    <p>Cliquez sur la machine qui vous int\u00e9resse pour obtenir plus de d\u00e9tails !<\/p>","protected":false},"excerpt":{"rendered":"<p>Cette machine d'emballage sous vide pour ma\u00efs en acier inoxydable 304 peut r\u00e9soudre le probl\u00e8me de stockage du ma\u00efs frais, du ma\u00efs doux et du ma\u00efs cireux, assurant efficacement la conservation prolong\u00e9e des aliments frais et pr\u00e9servant son meilleur go\u00fbt et sa couleur.<\/p>","protected":false},"author":1,"featured_media":967,"parent":0,"template":"","tags":[31,51,48],"product-type":[52],"class_list":["post-956","product","type-product","status-publish","has-post-thumbnail","hentry","tag-corn","tag-fresh-corn","tag-sweet-corn","product-type-corn-packaging-machine"],"_links":{"self":[{"href":"https:\/\/corn-machine.com\/fr\/wp-json\/wp\/v2\/product\/956","targetHints":{"allow":["GET"]}}],"collection":[{"href":"https:\/\/corn-machine.com\/fr\/wp-json\/wp\/v2\/product"}],"about":[{"href":"https:\/\/corn-machine.com\/fr\/wp-json\/wp\/v2\/types\/product"}],"author":[{"embeddable":true,"href":"https:\/\/corn-machine.com\/fr\/wp-json\/wp\/v2\/users\/1"}],"wp:featuredmedia":[{"embeddable":true,"href":"https:\/\/corn-machine.com\/fr\/wp-json\/wp\/v2\/media\/967"}],"wp:attachment":[{"href":"https:\/\/corn-machine.com\/fr\/wp-json\/wp\/v2\/media?parent=956"}],"wp:term":[{"taxonomy":"post_tag","embeddable":true,"href":"https:\/\/corn-machine.com\/fr\/wp-json\/wp\/v2\/tags?post=956"},{"taxonomy":"product-type","embeddable":true,"href":"https:\/\/corn-machine.com\/fr\/wp-json\/wp\/v2\/product-type?post=956"}],"curies":[{"name":"wp","href":"https:\/\/api.w.org\/{rel}","templated":true}]}}