{"id":974,"date":"2025-09-28T15:17:58","date_gmt":"2025-09-28T07:17:58","guid":{"rendered":"https:\/\/corn-machine.com\/?post_type=product&#038;p=974"},"modified":"2025-09-28T17:50:19","modified_gmt":"2025-09-28T09:50:19","slug":"corn-tip-and-tail-cutting-machine","status":"publish","type":"product","link":"https:\/\/corn-machine.com\/fr\/product\/corn-tip-and-tail-cutting-machine\/","title":{"rendered":"Machine de coupe des pointes et des queues de ma\u00efs"},"content":{"rendered":"<p class=\"translation-block\">La <strong>machine de coupe de la pointe et de la queue du ma\u00efs<\/strong> est con\u00e7ue pour pr\u00e9traiter le traitement du ma\u00efs. Cette machine automatique peut efficacement couper la t\u00eate et la queue du ma\u00efs frais, du ma\u00efs doux, du ma\u00efs cireux, etc. De plus, elle peut traiter le ma\u00efs avec ou sans husk \u00e0 un d\u00e9bit de 3000-6000 par heure.<\/p>    <p>Elle peut aider les usines de traitement du ma\u00efs \u00e0 am\u00e9liorer consid\u00e9rablement leur efficacit\u00e9 de production. De nombreuses coop\u00e9ratives rurales sont \u00e9galement dispos\u00e9es \u00e0 acheter une telle machine de pr\u00e9-traitement en commun. Par ailleurs, les machines sont largement export\u00e9es vers le Vietnam, le Nigeria, l\u2019Inde et d\u2019autres pays.<\/p>    <figure class=\"wp-block-embed is-type-video is-provider-youtube wp-block-embed-youtube wp-embed-aspect-16-9 wp-has-aspect-ratio\"><div class=\"wp-block-embed__wrapper\"> <iframe loading=\"lazy\" title=\"Machine automatique de coupe de la t\u00eate et de la queue du ma\u00efs | Solution efficace de pr\u00e9-traitement du ma\u00efs\" width=\"500\" height=\"281\" src=\"https:\/\/www.youtube.com\/embed\/GsZ9PzakF6M?feature=oembed\" frameborder=\"0\" allow=\"accelerometer; autoplay; clipboard-write; encrypted-media; gyroscope; picture-in-picture; web-share\" referrerpolicy=\"strict-origin-when-cross-origin\" allowfullscreen><\/iframe> <\/div><figcaption class=\"wp-element-caption\">vid\u00e9o de travail de la machine de coupe des extr\u00e9mit\u00e9s et des pointes de ma\u00efs<\/figcaption><\/figure>    <h2 class=\"wp-block-heading\"><strong>Avantages de l\u2019extracteur de t\u00eate et de queue du ma\u00efs<\/strong><\/h2>    <ol class=\"wp-block-list\"> <li>Compar\u00e9 \u00e0 la coupe manuelle du ma\u00efs ou \u00e0 une machine semi-automatique d\u2019extraction de la t\u00eate et de la queue, notre \u00e9quipement permet d\u2019\u00e9conomiser la main-d\u2019\u0153uvre et de gagner au moins deux fois le temps.<\/li>    <li>La machine de coupe du sommet et de la pointe du ma\u00efs Taizy occupe peu d\u2019espace mais est tr\u00e8s efficace, capable de traiter jusqu\u2019\u00e0 6 000 grains par heure.<\/li>    <li>Les lames de la machine de coupe de la pointe et de la queue du ma\u00efs peuvent \u00eatre chang\u00e9es pour ajuster les longueurs de cosses, ce qui est crucial pour les traitements et l\u2019emballage \u00e0 grande \u00e9chelle.<\/li>    <li>Notre machine de coupe des extr\u00e9mit\u00e9s du ma\u00efs utilise l\u2019acier inoxydable SUS304 comme mat\u00e9riau principal, ce qui garantit efficacement la dur\u00e9e de vie de notre machine et respecte la s\u00e9curit\u00e9 alimentaire internationale.<\/li> <\/ol>   <div class=\"wp-block-image\"> <figure class=\"aligncenter size-full\"><img loading=\"lazy\" decoding=\"async\" width=\"720\" height=\"540\" src=\"https:\/\/corn-machine.com\/wp-content\/uploads\/2025\/09\/maize-tip-and-tail-cutting-machine.webp\" alt=\"machine de coupe de la pointe et de la queue du ma\u00efs\" class=\"wp-image-976\" title=\"\" srcset=\"https:\/\/corn-machine.com\/wp-content\/uploads\/2025\/09\/maize-tip-and-tail-cutting-machine.webp 720w, https:\/\/corn-machine.com\/wp-content\/uploads\/2025\/09\/maize-tip-and-tail-cutting-machine-300x225.webp 300w, https:\/\/corn-machine.com\/wp-content\/uploads\/2025\/09\/maize-tip-and-tail-cutting-machine-16x12.webp 16w\" sizes=\"auto, (max-width: 720px) 100vw, 720px\" \/><figcaption class=\"wp-element-caption\">machine de coupe de la pointe et de la queue du ma\u00efs<\/figcaption><\/figure> <\/div>   <h2 class=\"wp-block-heading\"><strong>Mod\u00e8les et param\u00e8tres de la coupe de la fin du ma\u00efs sucr\u00e9<\/strong><\/h2>    <p>Nous proposons deux types de machines de coupe de la pointe et de la queue du ma\u00efs pour r\u00e9pondre \u00e0 diff\u00e9rentes capacit\u00e9s. Il s\u2019agit de t\u00eates et queues de ma\u00efs \u00e0 une seule rang\u00e9e et de machines de coupe de t\u00eate et de queue de ma\u00efs cireux \u00e0 double rang\u00e9e.<\/p>    <h3 class=\"wp-block-heading\"><strong>Extracteur de t\u00eate et de queue de ma\u00efs \u00e0 une seule rang\u00e9e<\/strong><\/h3>    <figure class=\"wp-block-table\"><table class=\"has-fixed-layout\"><tbody><tr><td>Mod\u00e8le<\/td><td class=\"has-text-align-center\" data-align=\"center\">Type \u00e0 une seule rang\u00e9e<\/td><\/tr><tr><td>Puissance de coupe<\/td><td class=\"has-text-align-center\" data-align=\"center\">1,5KW<\/td><\/tr><tr><td>Puissance de transmission<\/td><td class=\"has-text-align-center\" data-align=\"center\">0.75KW(Transmission \u00e0 r\u00e9versibilit\u00e9 par fr\u00e9quence)<\/td><\/tr><tr><td>Mat\u00e9riau<\/td><td class=\"has-text-align-center\" data-align=\"center\">Acier inoxydable <\/td><\/tr><tr><td>Capacit\u00e9<\/td><td class=\"has-text-align-center\" data-align=\"center\">3000 grains\/h<\/td><\/tr><tr><td>Taille<\/td><td class=\"has-text-align-center\" data-align=\"center\">3000mm*800mm*1500mm<\/td><\/tr><\/tbody><\/table><figcaption class=\"wp-element-caption\">sp\u00e9cifications de l'enl\u00e8ve-t\u00eate et queue de ma\u00efs frais \u00e0 rang\u00e9e unique<\/figcaption><\/figure>   <div class=\"wp-block-image\"> <figure class=\"aligncenter size-full\"><img loading=\"lazy\" decoding=\"async\" width=\"720\" height=\"540\" src=\"https:\/\/corn-machine.com\/wp-content\/uploads\/2025\/09\/single-row-fresh-corn-head-and-tail-remover.webp\" alt=\"extracteur de t\u00eate et de queue de ma\u00efs frais \u00e0 une seule rang\u00e9e\" class=\"wp-image-977\" title=\"\" srcset=\"https:\/\/corn-machine.com\/wp-content\/uploads\/2025\/09\/single-row-fresh-corn-head-and-tail-remover.webp 720w, https:\/\/corn-machine.com\/wp-content\/uploads\/2025\/09\/single-row-fresh-corn-head-and-tail-remover-300x225.webp 300w, https:\/\/corn-machine.com\/wp-content\/uploads\/2025\/09\/single-row-fresh-corn-head-and-tail-remover-16x12.webp 16w\" sizes=\"auto, (max-width: 720px) 100vw, 720px\" \/><figcaption class=\"wp-element-caption\">extracteur de t\u00eate et de queue de ma\u00efs frais \u00e0 une seule rang\u00e9e<\/figcaption><\/figure> <\/div>   <h3 class=\"wp-block-heading\"><strong>Machine de coupe de la pointe et de la queue du ma\u00efs cireux \u00e0 double rang\u00e9e<\/strong><\/h3>    <figure class=\"wp-block-table\"><table class=\"has-fixed-layout\"><tbody><tr><td>Mod\u00e8le<\/td><td class=\"has-text-align-center\" data-align=\"center\">Type \u00e0 double rang\u00e9e<\/td><\/tr><tr><td>Puissance de coupe<\/td><td class=\"has-text-align-center\" data-align=\"center\">1,5KW<\/td><\/tr><tr><td>Puissance de transmission<\/td><td class=\"has-text-align-center\" data-align=\"center\">1.5KW (Transmission par fr\u00e9quence)<\/td><\/tr><tr><td>Mat\u00e9riau<\/td><td class=\"has-text-align-center\" data-align=\"center\">Acier inoxydable <\/td><\/tr><tr><td>Capacit\u00e9<\/td><td class=\"has-text-align-center\" data-align=\"center\">6000 grains\/h<\/td><\/tr><tr><td>Taille<\/td><td class=\"has-text-align-center\" data-align=\"center\">7000mm*1700mm*1900mm<\/td><\/tr><\/tbody><\/table><figcaption class=\"wp-element-caption\">param\u00e8tres de la machine de coupe de la t\u00eate et de la queue du ma\u00efs \u00e0 double rang\u00e9e<\/figcaption><\/figure>   <div class=\"wp-block-image\"> <figure class=\"aligncenter size-full\"><img loading=\"lazy\" decoding=\"async\" width=\"720\" height=\"540\" src=\"https:\/\/corn-machine.com\/wp-content\/uploads\/2025\/09\/double-row-maize-head-and-tail-cutting-machine.webp\" alt=\"machine de coupe de la t\u00eate et de la queue de ma\u00efs \u00e0 double rang\u00e9e\" class=\"wp-image-978\" title=\"\" srcset=\"https:\/\/corn-machine.com\/wp-content\/uploads\/2025\/09\/double-row-maize-head-and-tail-cutting-machine.webp 720w, https:\/\/corn-machine.com\/wp-content\/uploads\/2025\/09\/double-row-maize-head-and-tail-cutting-machine-300x225.webp 300w, https:\/\/corn-machine.com\/wp-content\/uploads\/2025\/09\/double-row-maize-head-and-tail-cutting-machine-16x12.webp 16w\" sizes=\"auto, (max-width: 720px) 100vw, 720px\" \/><figcaption class=\"wp-element-caption\">machine de coupe de la t\u00eate et de la queue de ma\u00efs \u00e0 double rang\u00e9e<\/figcaption><\/figure> <\/div>   <h2 class=\"wp-block-heading\"><strong>Application de la coupe de la pointe et de la queue du ma\u00efs<\/strong><\/h2>    <p class=\"translation-block\">G\u00e9n\u00e9ralement, ces types de machines conviennent au traitement du ma\u00efs doux, <a href=\"https:\/\/en.wikipedia.org\/wiki\/Waxy_corn\" target=\"_blank\" rel=\"noopener\">ma\u00efs cireux<\/a>, etc., dans les usines de transformation d\u2019aliments frais ou dans les coop\u00e9ratives rurales. Le ma\u00efs trait\u00e9 peut \u00eatre directement st\u00e9rilis\u00e9 et vacuum-pack, ou transform\u00e9 en ma\u00efs en conserve, ma\u00efs surgel\u00e9 et autres produits.<\/p>    <p>Elle peut effectuer efficacement des pr\u00e9traitements du ma\u00efs. Pour le ma\u00efs avec peau, elle peut enlever la t\u00eate et la queue pour faciliter l\u2019\u00e9pluchage. Pour le ma\u00efs sans peau, elle peut enlever la t\u00eate et la queue pour standardiser la qualit\u00e9. Cette \u00e9tape facilite le traitement alimentaire ult\u00e9rieur du ma\u00efs.<\/p>    <figure class=\"wp-block-gallery has-nested-images columns-default is-cropped wp-block-gallery-2 is-layout-flex wp-block-gallery-is-layout-flex\"> <figure class=\"wp-block-image size-large\"><img loading=\"lazy\" decoding=\"async\" width=\"720\" height=\"540\" data-id=\"980\" src=\"https:\/\/corn-machine.com\/wp-content\/uploads\/2025\/09\/corn-food-processing-factory.webp\" alt=\"usine de transformation des aliments \u00e0 base de ma\u00efs\" class=\"wp-image-980\" title=\"\" srcset=\"https:\/\/corn-machine.com\/wp-content\/uploads\/2025\/09\/corn-food-processing-factory.webp 720w, https:\/\/corn-machine.com\/wp-content\/uploads\/2025\/09\/corn-food-processing-factory-300x225.webp 300w, https:\/\/corn-machine.com\/wp-content\/uploads\/2025\/09\/corn-food-processing-factory-16x12.webp 16w\" sizes=\"auto, (max-width: 720px) 100vw, 720px\" \/><figcaption class=\"wp-element-caption\">usine de transformation des aliments \u00e0 base de ma\u00efs<\/figcaption><\/figure>    <figure class=\"wp-block-image size-large\"><img loading=\"lazy\" decoding=\"async\" width=\"720\" height=\"540\" data-id=\"981\" src=\"https:\/\/corn-machine.com\/wp-content\/uploads\/2025\/09\/vacuum-packed-fresh-corn.webp\" alt=\"ma\u00efs frais enrob\u00e9 sous vide\" class=\"wp-image-981\" title=\"\" srcset=\"https:\/\/corn-machine.com\/wp-content\/uploads\/2025\/09\/vacuum-packed-fresh-corn.webp 720w, https:\/\/corn-machine.com\/wp-content\/uploads\/2025\/09\/vacuum-packed-fresh-corn-300x225.webp 300w, https:\/\/corn-machine.com\/wp-content\/uploads\/2025\/09\/vacuum-packed-fresh-corn-16x12.webp 16w\" sizes=\"auto, (max-width: 720px) 100vw, 720px\" \/><figcaption class=\"wp-element-caption\">ma\u00efs frais enrob\u00e9 sous vide<\/figcaption><\/figure> <\/figure>    <h2 class=\"wp-block-heading\"><strong>Pourquoi choisir Taizy ?<\/strong><\/h2>    <ul class=\"wp-block-list\"> <li>Taizy existe depuis 40 ans, il a donc plus d\u2019une d\u00e9cennie d\u2019exp\u00e9rience dans l\u2019exportation de machines de traitement du ma\u00efs agricole.<\/li>    <li>We have a strict QC system, so our machines are built based on international standards. Most of Taizy&#8217;s equipment has CE and other internationally recognized certificates.<\/li>    <li>Taizy offre un bon support apr\u00e8s-vente, comprenant l\u2019installation, l\u2019assistance technique\/d\u00e9pannage, la fourniture de pi\u00e8ces d\u00e9tach\u00e9es, etc.<\/li>    <li>Taizy est \u00e0 la fois fabricant et exportateur, nous faisons donc souvent des \u00e9conomies par rapport \u00e0 un interm\u00e9diaire. De plus, nous avons notre propre usine, ce qui signifie que nous avons un meilleur contr\u00f4le sur les co\u00fbts de production et les d\u00e9lais de livraison.<\/li> <\/ul>    <h2 class=\"wp-block-heading\"><strong>Comment commander cette machine de t\u00eate et de coupe de la fin du ma\u00efs ?<\/strong><\/h2>    <p>If you are interested in our machine but don&#8217;t know if it has an affordable price and suitable requirements for you, you can contact us through WhatsApp, phone, or email, and send us a message. We will provide you with the list of products and their price. <\/p>    <p>Apr\u00e8s vous \u00eatre assur\u00e9 d\u2019avoir de telles intentions pour certaines machines, notre commercial vous proposera une solution bas\u00e9e sur vos exigences de capacit\u00e9 de production et les mat\u00e9riaux que vous souhaitez traiter.<\/p>    <p>Un acompte partiel est requis avant la production, et le processus de production prend g\u00e9n\u00e9ralement environ 15 jours. Si nous avons du stock dans notre entrep\u00f4t et qu\u2019aucune exigence particuli\u00e8re n\u2019est requise, nous pouvons pr\u00e9parer l\u2019exp\u00e9dition apr\u00e8s confirmation de la commande.<\/p>    <p>Nous testerons la machine avant l\u2019exp\u00e9dition pour v\u00e9rifier si elle est qualifi\u00e9e. Si vous souhaitez visiter l\u2019usine et tester la machine vous-m\u00eame, vous \u00eates toujours les bienvenus pour nous contacter.<\/p>    <p class=\"translation-block\">Si vous \u00eates int\u00e9ress\u00e9 par cette machine de coupe de la pointe et de la queue du ma\u00efs, n\u2019h\u00e9sitez pas \u00e0 nous contacter pour une demande de devis gratuite. En plus de cette machine, nous proposons \u00e9galement <a href=\"https:\/\/corn-machine.com\/fr\/product\/sweet-corn-cutting-machine-food-process\/\">des machines de coupe du ma\u00efs<\/a> et de grandes <a href=\"https:\/\/corn-machine.com\/fr\/product\/corn-husk-remover-for-food-processing\/\">machines d\u2019enl\u00e8vement de husk<\/a> pour le traitement alimentaire.<\/p>","protected":false},"excerpt":{"rendered":"<p>Si vous recherchez des outils de pr\u00e9-traitement pour les usines de transformation du ma\u00efs, vous pourriez vouloir jeter un \u0153il \u00e0 notre machine de coupe des pointes et des queues du ma\u00efs. Elle peut retirer les extr\u00e9mit\u00e9s des 3 000 \u00e0 6 000 grains par heure.<\/p>","protected":false},"author":1,"featured_media":975,"parent":0,"template":"","tags":[31,51,48],"product-type":[49],"class_list":["post-974","product","type-product","status-publish","has-post-thumbnail","hentry","tag-corn","tag-fresh-corn","tag-sweet-corn","product-type-corn-cutter-machine"],"_links":{"self":[{"href":"https:\/\/corn-machine.com\/fr\/wp-json\/wp\/v2\/product\/974","targetHints":{"allow":["GET"]}}],"collection":[{"href":"https:\/\/corn-machine.com\/fr\/wp-json\/wp\/v2\/product"}],"about":[{"href":"https:\/\/corn-machine.com\/fr\/wp-json\/wp\/v2\/types\/product"}],"author":[{"embeddable":true,"href":"https:\/\/corn-machine.com\/fr\/wp-json\/wp\/v2\/users\/1"}],"wp:featuredmedia":[{"embeddable":true,"href":"https:\/\/corn-machine.com\/fr\/wp-json\/wp\/v2\/media\/975"}],"wp:attachment":[{"href":"https:\/\/corn-machine.com\/fr\/wp-json\/wp\/v2\/media?parent=974"}],"wp:term":[{"taxonomy":"post_tag","embeddable":true,"href":"https:\/\/corn-machine.com\/fr\/wp-json\/wp\/v2\/tags?post=974"},{"taxonomy":"product-type","embeddable":true,"href":"https:\/\/corn-machine.com\/fr\/wp-json\/wp\/v2\/product-type?post=974"}],"curies":[{"name":"wp","href":"https:\/\/api.w.org\/{rel}","templated":true}]}}