{"id":13,"date":"2022-09-06T03:19:09","date_gmt":"2022-09-06T03:19:09","guid":{"rendered":"https:\/\/corn-machine.com\/?page_id=13"},"modified":"2022-09-14T03:15:43","modified_gmt":"2022-09-14T03:15:43","slug":"about-us","status":"publish","type":"page","link":"https:\/\/corn-machine.com\/it\/about-us\/","title":{"rendered":"Chi siamo"},"content":{"rendered":"<h2 class=\"wp-block-heading\" id=\"h-who-are-we\">Chi Siamo<\/h2>    <div class=\"wp-block-media-text alignwide is-stacked-on-mobile\"><figure class=\"wp-block-media-text__media\"><img loading=\"lazy\" decoding=\"async\" width=\"750\" height=\"579\" src=\"https:\/\/corn-machine.com\/wp-content\/uploads\/2022\/09\/about1.webp\" alt=\"\" class=\"wp-image-151 size-full\" title=\"\"><\/figure><div class=\"wp-block-media-text__content\"> <p>Taizy Machinery \u00e8 un'azienda produttrice e commerciale specializzata in macchinari per la lavorazione del mais. Disponiamo di un'ampia gamma di macchine dalla semina alla raccolta fino alla lavorazione del mais. I nostri prodotti principali sono seminatrici per mais, mietitrebbie per mais, trebbiatrici per mais, macchine per la macinazione del mais, ecc.<\/p> <\/div><\/div>    <div class=\"wp-block-media-text alignwide has-media-on-the-right is-stacked-on-mobile\"><figure class=\"wp-block-media-text__media\"><img loading=\"lazy\" decoding=\"async\" width=\"720\" height=\"540\" src=\"https:\/\/corn-machine.com\/wp-content\/uploads\/2022\/09\/Taizy-machinery-plant.webp\" alt=\"\" class=\"wp-image-154 size-full\" title=\"\"><\/figure><div class=\"wp-block-media-text__content\"> <p>I nostri macchinari per la lavorazione del mais sono forniti principalmente ad aziende agricole di piccole, medie e grandi dimensioni, impianti di trasformazione alimentare, rivenditori di macchinari e agenti in vari paesi. Oltre a fornire macchinari di alta qualit\u00e0 e servizi professionali, forniamo anche ai nostri clienti parti di ricambio e parti soggette a usura per i macchinari, installazione di attrezzature e istruzioni operative per migliorare la loro esperienza di acquisto.<\/p> <\/div><\/div>    <h2 class=\"wp-block-heading\" id=\"h-why-choose-us\">Perch\u00e9 Sceglierci<\/h2>    <ul class=\"wp-block-list\"><li>Ricca esperienza di esportazione. Attualmente, i nostri macchinari sono stati esportati in pi\u00f9 di trenta paesi e regioni, come USA, Australia, Nigeria, Kenya, Etiopia, Namibia, Botswana, Zimbabwe, ecc., che sono ben accolti dai nostri clienti.<\/li><li>Perfetto servizio post-vendita. Dopo la vendita del macchinario, il nostro personale tecnico ti guider\u00e0 nell'installazione del macchinario. Durante il successivo utilizzo del macchinario, per qualsiasi problema con il macchinario puoi contattarci e saremo in grado di rispondere alle tue domande da un punto di vista professionale.<\/li><li>Macchinario di alta qualit\u00e0 certificato CE. Sotto la supervisione del nostro rigoroso sistema di controllo qualit\u00e0, i nostri macchinari sono di eccellente qualit\u00e0 e dispongono di certificati CE. I macchinari possono aiutarti a coltivare e lavorare facilmente altri cereali come il mais.<\/li><\/ul>    <figure class=\"wp-block-image size-full\"><img loading=\"lazy\" decoding=\"async\" width=\"1024\" height=\"323\" src=\"https:\/\/corn-machine.com\/wp-content\/uploads\/2022\/09\/certificate.webp\" alt=\"\" class=\"wp-image-156\" title=\"\"><\/figure>    <h2 class=\"wp-block-heading\" id=\"h-where-are-we\">Dove Siamo<\/h2>    <p>Taizy Machinery si trova a Zhengzhou, Henan, Cina. Il nostro ufficio \u00e8 situato nella Zhengzhou Economic Development Zone, benvenuti a visitare Taizy Machinery in qualsiasi momento!<\/p>    <figure class=\"wp-block-image size-full\"><img loading=\"lazy\" decoding=\"async\" width=\"1024\" height=\"486\" src=\"https:\/\/corn-machine.com\/wp-content\/uploads\/2022\/09\/global-market.webp\" alt=\"\" class=\"wp-image-158\" title=\"\"><\/figure>","protected":false},"excerpt":{"rendered":"<p>Who Are We Taizy Machinery is a manufacturer and sales company specializing in corn processing machinery. We have a wide range of machines from corn sowing to harvesting to processing. Our main products are corn seeders, corn harvesters, corn threshers, corn grit machines, etc. Our corn processing machines are mainly supplied to small, medium, and [&hellip;]<\/p>\n","protected":false},"author":1,"featured_media":0,"parent":0,"menu_order":0,"comment_status":"closed","ping_status":"closed","template":"","meta":{"footnotes":""},"class_list":["post-13","page","type-page","status-publish","hentry"],"_links":{"self":[{"href":"https:\/\/corn-machine.com\/it\/wp-json\/wp\/v2\/pages\/13","targetHints":{"allow":["GET"]}}],"collection":[{"href":"https:\/\/corn-machine.com\/it\/wp-json\/wp\/v2\/pages"}],"about":[{"href":"https:\/\/corn-machine.com\/it\/wp-json\/wp\/v2\/types\/page"}],"author":[{"embeddable":true,"href":"https:\/\/corn-machine.com\/it\/wp-json\/wp\/v2\/users\/1"}],"replies":[{"embeddable":true,"href":"https:\/\/corn-machine.com\/it\/wp-json\/wp\/v2\/comments?post=13"}],"version-history":[{"count":0,"href":"https:\/\/corn-machine.com\/it\/wp-json\/wp\/v2\/pages\/13\/revisions"}],"wp:attachment":[{"href":"https:\/\/corn-machine.com\/it\/wp-json\/wp\/v2\/media?parent=13"}],"curies":[{"name":"wp","href":"https:\/\/api.w.org\/{rel}","templated":true}]}}