{"id":1019,"date":"2025-10-20T15:09:14","date_gmt":"2025-10-20T07:09:14","guid":{"rendered":"https:\/\/corn-machine.com\/?post_type=product&#038;p=1019"},"modified":"2025-10-21T11:49:35","modified_gmt":"2025-10-21T03:49:35","slug":"maize-sheller-machine-for-grain-threshing","status":"publish","type":"product","link":"https:\/\/corn-machine.com\/it\/product\/maize-sheller-machine-for-grain-threshing\/","title":{"rendered":"Rocchiatore di mais per la trebbiatura dei cereali"},"content":{"rendered":"<p class=\"translation-block\">Attraverso ricerche e aggiornamenti, Taizy ha progettato un nuovo modello di <strong>macchina spellatrice di mais<\/strong>, che supporta due opzioni di alimentazione: diesel e motore elettrico. Dotata di un sistema a doppia ventola, pu\u00f2 rimuovere le impurit\u00e0 in modo pi\u00f9 efficiente, rendendo il mais finito pi\u00f9 pulito e di qualit\u00e0 superiore.<\/p>    <p>Inoltre \u00e8 ampiamente utilizzato anche per separare soia, sorgo, miglio, riso, ecc. La macchina ha camere di lavoro doppie, il che rende la produzione pi\u00f9 efficiente: 3 t\/ora (miglio), 5 t\/ora (mais), 2 t\/ora (riso e frumento). <\/p>    <figure class=\"wp-block-embed aligncenter is-type-video is-provider-youtube wp-block-embed-youtube wp-embed-aspect-16-9 wp-has-aspect-ratio\"><div class=\"wp-block-embed__wrapper\"> <iframe loading=\"lazy\" title=\"\ud83c\udf3d\ud83d\ude9cNuova macchina molatrice di granone | Alimentazione doppia, due ventilatori, maggiore efficienza\" width=\"500\" height=\"281\" src=\"https:\/\/www.youtube.com\/embed\/fsW_ADQuGd4?feature=oembed\" frameborder=\"0\" allow=\"accelerometer; autoplay; clipboard-write; encrypted-media; gyroscope; picture-in-picture; web-share\" referrerpolicy=\"strict-origin-when-cross-origin\" allowfullscreen><\/iframe> <\/div><figcaption class=\"wp-element-caption\">maize sheller machine work testing<\/figcaption><\/figure>    <h2 class=\"wp-block-heading\"><strong>Caratteristiche aggiornate del nuovo stile di macchina spellatrice di mais<\/strong><\/h2>    <p>Dopo gli aggiornamenti di prodotto, le nostre macchine hanno fatto progressi significativi rispetto ai modelli precedenti.<\/p>    <ul class=\"wp-block-list\"> <li>Questa nuova trebbiatrice per mais subisce due processi di trebbiatura, ci\u00f2 che la differenzia dal vecchio modello, aumentando il tasso di trebbiatura e la pulizia della trebbiatura.<\/li>    <li>Il nuovo modello ha tre uscite diverse: una grande uscita di rifiuti con setaccio, una piccola uscita di rifiuti con ventola e l'uscita del prodotto finale.<\/li>    <li>La nostra spellatrice di mais \u00e8 dotata di ventole duali, che offrono migliori effetti di pulizia, tassi di rottura del mais inferiori e maggiore adattabilit\u00e0 a vari raccolti e livelli di umidit\u00e0 rispetto ai modelli con ventola unica.<\/li> <\/ul>   <div class=\"wp-block-image\"> <figure class=\"aligncenter size-full\"><img loading=\"lazy\" decoding=\"async\" width=\"720\" height=\"540\" src=\"https:\/\/corn-machine.com\/wp-content\/uploads\/2025\/10\/agriculture-thresher.webp\" alt=\"treb\u00ecatrice agricola\" class=\"wp-image-1022\" title=\"\" srcset=\"https:\/\/corn-machine.com\/wp-content\/uploads\/2025\/10\/agriculture-thresher.webp 720w, https:\/\/corn-machine.com\/wp-content\/uploads\/2025\/10\/agriculture-thresher-300x225.webp 300w, https:\/\/corn-machine.com\/wp-content\/uploads\/2025\/10\/agriculture-thresher-16x12.webp 16w\" sizes=\"auto, (max-width: 720px) 100vw, 720px\" \/><figcaption class=\"wp-element-caption\">treb\u00ecatrice agricola<\/figcaption><\/figure> <\/div>   <h2 class=\"wp-block-heading\"><strong>Struttura della nostra spellatrice multifunzione di mais<\/strong><\/h2>    <p>La nostra trebbiatrice di frumento \u00e8 composta da ingresso, motore diesel (o motore elettrico), pneumatico mobile, telaio di trazione, tamburi di trebbiatura, uscite e ventola sir-duct.<\/p>    <figure class=\"wp-block-gallery has-nested-images columns-default is-cropped wp-block-gallery-2 is-layout-flex wp-block-gallery-is-layout-flex\"> <figure class=\"wp-block-image size-large\"><img loading=\"lazy\" decoding=\"async\" width=\"720\" height=\"540\" data-id=\"1023\" src=\"https:\/\/corn-machine.com\/wp-content\/uploads\/2025\/10\/structure-of-corn-sheller-machine.webp\" alt=\"struttura della spellatrice di mais\" class=\"wp-image-1023\" title=\"\" srcset=\"https:\/\/corn-machine.com\/wp-content\/uploads\/2025\/10\/structure-of-corn-sheller-machine.webp 720w, https:\/\/corn-machine.com\/wp-content\/uploads\/2025\/10\/structure-of-corn-sheller-machine-300x225.webp 300w, https:\/\/corn-machine.com\/wp-content\/uploads\/2025\/10\/structure-of-corn-sheller-machine-16x12.webp 16w\" sizes=\"auto, (max-width: 720px) 100vw, 720px\" \/><figcaption class=\"wp-element-caption\">struttura della spellatrice di mais<\/figcaption><\/figure>    <figure class=\"wp-block-image size-large\"><img loading=\"lazy\" decoding=\"async\" width=\"720\" height=\"540\" data-id=\"1024\" src=\"https:\/\/corn-machine.com\/wp-content\/uploads\/2025\/10\/structure-of-grain-threshing-machine.webp\" alt=\"struttura della trebbiatrice di cereali\" class=\"wp-image-1024\" title=\"\" srcset=\"https:\/\/corn-machine.com\/wp-content\/uploads\/2025\/10\/structure-of-grain-threshing-machine.webp 720w, https:\/\/corn-machine.com\/wp-content\/uploads\/2025\/10\/structure-of-grain-threshing-machine-300x225.webp 300w, https:\/\/corn-machine.com\/wp-content\/uploads\/2025\/10\/structure-of-grain-threshing-machine-16x12.webp 16w\" sizes=\"auto, (max-width: 720px) 100vw, 720px\" \/><figcaption class=\"wp-element-caption\">struttura della trebbiatrice di cereali<\/figcaption><\/figure> <\/figure>    <p>Nella nostra spellatrice di mais ci sono 2 tamburi di trebbiatura. Il primo tamburo \u00e8 responsabile della trebbiatura iniziale, che separa i chicchi di mais dalle spighe mediante attrito e impatto. Il secondo tamburo esegue una separazione pi\u00f9 fine che migliora l'efficienza complessiva della trebbiatura e la purezza.<\/p>    <p>Il sistema a doppia ventola \u00e8 una delle principali caratteristiche di questa spellatrice di mais. La prima ventola rimuove grandi bucce e impurit\u00e0 leggere, mentre la seconda ventola offre una separazione con aria secondaria per polveri e paglia pi\u00f9 piccole. Questo sistema di flusso d'aria in due fasi garantisce che i chicchi finali siano pi\u00f9 puliti e di qualit\u00e0 superiore.<\/p>    <p>Per facilitare gli spostamenti tra i campi, la nostra spellatrice di mais \u00e8 progettata con pneumatici grandi e durevoli, che la rendono adatta sia a operazioni stazionarie sia in campo, aumentando la flessibilit\u00e0 per utenti in aziende agricole rurali o di grandi dimensioni.<\/p>    <h2 class=\"wp-block-heading\"><strong>Quali sono le applicazioni della spellatrice di mais?<\/strong><\/h2>    <p>Oltre al mais, questa trebbiatrice versatile pu\u00f2 essere utilizzata anche per una variet\u00e0 di cereali e colture, tra cui mais, sorgo, miglio, soia e frumento, soddisfacendo un'ampia gamma di esigenze di lavorazione dei cereali.<\/p>    <p>Gli spellatori di cereali sono ampiamente utilizzati in aziende agricole rurali, cooperative agricole, stazioni di acquisto grano e piccoli impianti di lavorazione alimentare. Aiutano a ridurre la manodopera e i relativi costi, migliorando significativamente l'efficienza della trebbiatura.<\/p>    <p>Taizy ha ricevuto numerosi ordini da regioni in cui mais e altri cereali sono alimenti di base, come Africa, Sud-est asiatico e Sud America. Questa macchina svolge un ruolo vitale nel migliorare l'efficienza di lavorazione dei cereali e nel sostenere la produzione alimentare locale.<\/p>    <figure class=\"wp-block-gallery has-nested-images columns-2 is-cropped wp-block-gallery-3 is-layout-flex wp-block-gallery-is-layout-flex\"> <figure class=\"wp-block-image size-large\"><img loading=\"lazy\" decoding=\"async\" width=\"720\" height=\"540\" data-id=\"1028\" src=\"https:\/\/corn-machine.com\/wp-content\/uploads\/2025\/10\/corn.webp\" alt=\"mais\" class=\"wp-image-1028\" title=\"\" srcset=\"https:\/\/corn-machine.com\/wp-content\/uploads\/2025\/10\/corn.webp 720w, https:\/\/corn-machine.com\/wp-content\/uploads\/2025\/10\/corn-300x225.webp 300w, https:\/\/corn-machine.com\/wp-content\/uploads\/2025\/10\/corn-16x12.webp 16w\" sizes=\"auto, (max-width: 720px) 100vw, 720px\" \/><figcaption class=\"wp-element-caption\">mais<\/figcaption><\/figure>    <figure class=\"wp-block-image size-large\"><img loading=\"lazy\" decoding=\"async\" width=\"720\" height=\"540\" data-id=\"1030\" src=\"https:\/\/corn-machine.com\/wp-content\/uploads\/2025\/10\/sorghum.webp\" alt=\"sorgo\" class=\"wp-image-1030\" title=\"\" srcset=\"https:\/\/corn-machine.com\/wp-content\/uploads\/2025\/10\/sorghum.webp 720w, https:\/\/corn-machine.com\/wp-content\/uploads\/2025\/10\/sorghum-300x225.webp 300w, https:\/\/corn-machine.com\/wp-content\/uploads\/2025\/10\/sorghum-16x12.webp 16w\" sizes=\"auto, (max-width: 720px) 100vw, 720px\" \/><figcaption class=\"wp-element-caption\"><a href=\"https:\/\/en.wikipedia.org\/wiki\/Sorghum\" target=\"_blank\" rel=\"noopener\">sorgo<\/a><\/figcaption><\/figure>    <figure class=\"wp-block-image size-large\"><img loading=\"lazy\" decoding=\"async\" width=\"720\" height=\"540\" data-id=\"1029\" src=\"https:\/\/corn-machine.com\/wp-content\/uploads\/2025\/10\/soybean.webp\" alt=\"soia\" class=\"wp-image-1029\" title=\"\" srcset=\"https:\/\/corn-machine.com\/wp-content\/uploads\/2025\/10\/soybean.webp 720w, https:\/\/corn-machine.com\/wp-content\/uploads\/2025\/10\/soybean-300x225.webp 300w, https:\/\/corn-machine.com\/wp-content\/uploads\/2025\/10\/soybean-16x12.webp 16w\" sizes=\"auto, (max-width: 720px) 100vw, 720px\" \/><figcaption class=\"wp-element-caption\">soia<\/figcaption><\/figure>    <figure class=\"wp-block-image size-large\"><img loading=\"lazy\" decoding=\"async\" width=\"720\" height=\"540\" data-id=\"1031\" src=\"https:\/\/corn-machine.com\/wp-content\/uploads\/2025\/10\/wheat.webp\" alt=\"grano\" class=\"wp-image-1031\" title=\"\" srcset=\"https:\/\/corn-machine.com\/wp-content\/uploads\/2025\/10\/wheat.webp 720w, https:\/\/corn-machine.com\/wp-content\/uploads\/2025\/10\/wheat-300x225.webp 300w, https:\/\/corn-machine.com\/wp-content\/uploads\/2025\/10\/wheat-16x12.webp 16w\" sizes=\"auto, (max-width: 720px) 100vw, 720px\" \/><figcaption class=\"wp-element-caption\">grano<\/figcaption><\/figure> <\/figure>    <h2 class=\"wp-block-heading\"><strong>Quanto costa una spellatrice di mais Taizy?<\/strong><\/h2>    <p>Una trebbiatrice di base per mais costa tipicamente meno di USD 399,304,585,21,000, ma per i prodotti destinati all'esportazione, molti fattori possono influenzare il prezzo finale, spaziando da USD 399,304,585,21,000 a USD 399,304,585,22,000.<\/p>    <p>I seguenti fattori possono influire sulla differenza di prezzo finale:<\/p>    <ol class=\"wp-block-list\"> <li>Spedizione e trasporto: include il trasporto marittimo, il trasporto interno e la gestione del porto.<\/li>    <li>Doganze e tasse: consistono in dazi doganali, tasse d'importazione e tasse di ispezione nel vostro paese.<\/li>    <li>Opzioni di trasmissione: scegliere un motore diesel o elettrico pu\u00f2 influire sul costo.<\/li> <\/ol>    <p>Se siete interessati alle nostre macchine, mettetevi in contatto con noi per un preventivo in modo da comprendere appieno l'investimento. Accogliamo anche preventivi personalizzati basati sul vostro paese, tipo di energia, requisiti di capacit\u00e0 e condizioni di spedizione.<\/p>    <figure class=\"wp-block-gallery has-nested-images columns-default is-cropped wp-block-gallery-4 is-layout-flex wp-block-gallery-is-layout-flex\"> <figure class=\"wp-block-image size-large\"><img loading=\"lazy\" decoding=\"async\" width=\"720\" height=\"540\" data-id=\"1025\" src=\"https:\/\/corn-machine.com\/wp-content\/uploads\/2025\/10\/corn-seed-remover-machine.webp\" alt=\"macchina per rimuovere semi di mais\" class=\"wp-image-1025\" title=\"\" srcset=\"https:\/\/corn-machine.com\/wp-content\/uploads\/2025\/10\/corn-seed-remover-machine.webp 720w, https:\/\/corn-machine.com\/wp-content\/uploads\/2025\/10\/corn-seed-remover-machine-300x225.webp 300w, https:\/\/corn-machine.com\/wp-content\/uploads\/2025\/10\/corn-seed-remover-machine-16x12.webp 16w\" sizes=\"auto, (max-width: 720px) 100vw, 720px\" \/><figcaption class=\"wp-element-caption\">macchina per rimuovere semi di mais<\/figcaption><\/figure>    <figure class=\"wp-block-image size-large\"><img loading=\"lazy\" decoding=\"async\" width=\"720\" height=\"540\" data-id=\"1026\" src=\"https:\/\/corn-machine.com\/wp-content\/uploads\/2025\/10\/thresher-farm-equipment.webp\" alt=\"attrezzature agricole trebbiatrici\" class=\"wp-image-1026\" title=\"\" srcset=\"https:\/\/corn-machine.com\/wp-content\/uploads\/2025\/10\/thresher-farm-equipment.webp 720w, https:\/\/corn-machine.com\/wp-content\/uploads\/2025\/10\/thresher-farm-equipment-300x225.webp 300w, https:\/\/corn-machine.com\/wp-content\/uploads\/2025\/10\/thresher-farm-equipment-16x12.webp 16w\" sizes=\"auto, (max-width: 720px) 100vw, 720px\" \/><figcaption class=\"wp-element-caption\">attrezzature agricole trebbiatrici<\/figcaption><\/figure> <\/figure>    <h2 class=\"wp-block-heading\"><strong>Il processo di acquisto della nostra trebbiatrice per mais <\/strong><\/h2>    <p>Il nostro obiettivo \u00e8 fornire a ogni cliente un'esperienza di acquisto fluida ed efficiente. Di seguito \u00e8 riportato il processo di acquisto, per aiutarvi a comprendere l'intero processo dalla produzione alla consegna della macchina.<\/p>    <p class=\"translation-block\"><strong>Step 1<\/strong>: Our professional sales staff will identify the appropriate model based on the customer&#8217;s information, including grain type, capacity requirements, and power options. We will then provide technical details, working videos, and a quote for customers&#8217; reference.<\/p>    <p class=\"translation-block\"><strong>Passo 2<\/strong>: Una volta confermati i dettagli dell'ordine, la produzione pu\u00f2 iniziare dopo il pagamento del deposito. La nostra fabbrica organizzer\u00e0 la produzione secondo le specifiche. Dopo l'assemblaggio, ogni macchina spellatrice di mais verr\u00e0 testata per garantire prestazioni stabili e funzionamento regolare.<\/p>    <p class=\"translation-block\"><strong>Passo 3<\/strong>: Prima della spedizione, i nostri tecnici effettueranno un test completo, registreranno video e confermeranno con il nostro cliente. Solo dopo la conferma passeremo alla fase successiva.<\/p>    <p class=\"translation-block\"><strong>Passo 4<\/strong>: Una volta che il cliente ha pagato il saldo rimanente, organizzeremo l'imballaggio, lo sdoganamento esportazione e la consegna al porto di carico. Se necessario, il nostro team pu\u00f2 assistere anche nello sdoganamento per snellire l'importazione.<\/p>    <p>Taizy has been exporting for over a decade and has our own factories, striving to provide the best prices and quality to our customers. If you are interested in our maize sheller machines, please don&#8217;t hesitate to contact us for a free quotation!<\/p>    <p><strong><br><\/strong><br><\/p>   <div class=\"wp-block-image\"> <figure class=\"aligncenter size-full\"><img loading=\"lazy\" decoding=\"async\" width=\"720\" height=\"540\" src=\"https:\/\/corn-machine.com\/wp-content\/uploads\/2025\/10\/wheat-thresher-machine.webp\" alt=\"macchina spellatrice di frumento\" class=\"wp-image-1027\" title=\"\" srcset=\"https:\/\/corn-machine.com\/wp-content\/uploads\/2025\/10\/wheat-thresher-machine.webp 720w, https:\/\/corn-machine.com\/wp-content\/uploads\/2025\/10\/wheat-thresher-machine-300x225.webp 300w, https:\/\/corn-machine.com\/wp-content\/uploads\/2025\/10\/wheat-thresher-machine-16x12.webp 16w\" sizes=\"auto, (max-width: 720px) 100vw, 720px\" \/><figcaption class=\"wp-element-caption\">macchina spellatrice di frumento<\/figcaption><\/figure> <\/div>   <p>Se vuoi elaborare ulteriormente il prodotto finito, forniamo anche:<\/p>    <ul class=\"wp-block-list\"> <li><a href=\"https:\/\/corn-machine.com\/it\/product\/maize-grits-making-machine\/\">Macchina per la produzione di Grits di Mais<\/a><\/li>    <li><a href=\"https:\/\/corn-machine.com\/it\/product\/hammer-mill-grinder-for-corn\/\">Frantoio a Martello<\/a><\/li> <\/ul>","protected":false},"excerpt":{"rendered":"<p>Taizy&#8217;s new maize sheller machine is equipped with dual power options, dual duct fans and a durable structure, ensuring high thresher efficiency and low breakage rate when processing different agricultural products.<\/p>","protected":false},"author":1,"featured_media":1021,"parent":0,"template":"","tags":[31],"product-type":[42],"class_list":["post-1019","product","type-product","status-publish","has-post-thumbnail","hentry","tag-corn","product-type-maize-sheller-machine"],"_links":{"self":[{"href":"https:\/\/corn-machine.com\/it\/wp-json\/wp\/v2\/product\/1019","targetHints":{"allow":["GET"]}}],"collection":[{"href":"https:\/\/corn-machine.com\/it\/wp-json\/wp\/v2\/product"}],"about":[{"href":"https:\/\/corn-machine.com\/it\/wp-json\/wp\/v2\/types\/product"}],"author":[{"embeddable":true,"href":"https:\/\/corn-machine.com\/it\/wp-json\/wp\/v2\/users\/1"}],"wp:featuredmedia":[{"embeddable":true,"href":"https:\/\/corn-machine.com\/it\/wp-json\/wp\/v2\/media\/1021"}],"wp:attachment":[{"href":"https:\/\/corn-machine.com\/it\/wp-json\/wp\/v2\/media?parent=1019"}],"wp:term":[{"taxonomy":"post_tag","embeddable":true,"href":"https:\/\/corn-machine.com\/it\/wp-json\/wp\/v2\/tags?post=1019"},{"taxonomy":"product-type","embeddable":true,"href":"https:\/\/corn-machine.com\/it\/wp-json\/wp\/v2\/product-type?post=1019"}],"curies":[{"name":"wp","href":"https:\/\/api.w.org\/{rel}","templated":true}]}}