{"id":1036,"date":"2025-11-04T15:26:54","date_gmt":"2025-11-04T07:26:54","guid":{"rendered":"https:\/\/corn-machine.com\/?post_type=product&#038;p=1036"},"modified":"2025-12-15T11:20:26","modified_gmt":"2025-12-15T03:20:26","slug":"affordable-small-chaff-cutter-machine","status":"publish","type":"product","link":"https:\/\/corn-machine.com\/it\/product\/affordable-small-chaff-cutter-machine\/","title":{"rendered":"Piccola macchina taglia-fieno per preparazione mangime per bovini"},"content":{"rendered":"<p class=\"translation-block\">La piccola<strong>macchina trinciatrice<\/strong>di Taizy viene utilizzata per tagliare vari steli di cereali per bovini, ovini e altri polli. La macchina \u00e8 realizzata in acciaio di alta qualit\u00e0, rendendola non solo durevole ma anche sicura e facile da pulire.<\/p>    <p>Sono disponibili pi\u00f9 fonti di alimentazione: motori elettrici, motori diesel e motori a benzina. La sua capacit\u00e0 \u00e8 di 400 kg\/h, adatta a piccole e medie aziende zootecniche. Offriamo una variet\u00e0 di servizi di personalizzazione e sconti aggiuntivi per acquisti in grandi quantit\u00e0.<\/p>    <figure class=\"wp-block-embed aligncenter is-type-video is-provider-youtube wp-block-embed-youtube wp-embed-aspect-16-9 wp-has-aspect-ratio\"><div class=\"wp-block-embed__wrapper\"> <iframe loading=\"lazy\" title=\"Dimostrazione della struttura e delle prestazioni del trinciatutto da foraggio\" width=\"500\" height=\"281\" src=\"https:\/\/www.youtube.com\/embed\/Vc_s_5wDdYo?feature=oembed\" frameborder=\"0\" allow=\"accelerometer; autoplay; clipboard-write; encrypted-media; gyroscope; picture-in-picture; web-share\" referrerpolicy=\"strict-origin-when-cross-origin\" allowfullscreen><\/iframe> <\/div><figcaption class=\"wp-element-caption\">Introduzione della macchina trinciatrice<\/figcaption><\/figure>    <h2 class=\"wp-block-heading\"><strong>Vantaggi della macchina trinciatrice Taizy<\/strong><\/h2>    <ul class=\"wp-block-list\"> <li>La macchina ha una impronta\/ingombro ridotto<span style=\"box-sizing: border-box; margin: 0px; padding: 0px;\">\u00a0di soli 1075*510*850 mm, rendendolo adatto al movimento\u00a0<\/span>e funzionamento per una sola persona.<\/li>    <li>La macchina trinciatrice Taizy pu\u00f2 essere personalizzata con potenza del motore, colore, targhetta e imballaggio secondo necessit\u00e0.<\/li>    <li>Le nostre macchine hanno la certificazione CE, rispettano gli standard di qualit\u00e0 internazionali, garantendo non solo la qualit\u00e0 ma anche un servizio post-vendita completo.<\/li> <\/ul>    <figure class=\"wp-block-gallery has-nested-images columns-default is-cropped wp-block-gallery-2 is-layout-flex wp-block-gallery-is-layout-flex\"> <figure class=\"wp-block-image size-large\"><img loading=\"lazy\" decoding=\"async\" width=\"720\" height=\"540\" data-id=\"1039\" src=\"https:\/\/corn-machine.com\/wp-content\/uploads\/2025\/11\/grass-chaff-cutter-machine.webp\" alt=\"macchina trinciatrice per erba\" class=\"wp-image-1039\" title=\"\" srcset=\"https:\/\/corn-machine.com\/wp-content\/uploads\/2025\/11\/grass-chaff-cutter-machine.webp 720w, https:\/\/corn-machine.com\/wp-content\/uploads\/2025\/11\/grass-chaff-cutter-machine-300x225.webp 300w, https:\/\/corn-machine.com\/wp-content\/uploads\/2025\/11\/grass-chaff-cutter-machine-16x12.webp 16w\" sizes=\"auto, (max-width: 720px) 100vw, 720px\" \/><figcaption class=\"wp-element-caption\">macchina trinciatrice per erba<\/figcaption><\/figure>    <figure class=\"wp-block-image size-large\"><img loading=\"lazy\" decoding=\"async\" width=\"720\" height=\"540\" data-id=\"1040\" src=\"https:\/\/corn-machine.com\/wp-content\/uploads\/2025\/11\/mini-forage-chopper.webp\" alt=\"mini trinciatutto\" class=\"wp-image-1040\" title=\"\" srcset=\"https:\/\/corn-machine.com\/wp-content\/uploads\/2025\/11\/mini-forage-chopper.webp 720w, https:\/\/corn-machine.com\/wp-content\/uploads\/2025\/11\/mini-forage-chopper-300x225.webp 300w, https:\/\/corn-machine.com\/wp-content\/uploads\/2025\/11\/mini-forage-chopper-16x12.webp 16w\" sizes=\"auto, (max-width: 720px) 100vw, 720px\" \/><figcaption class=\"wp-element-caption\">mini trinciatutto<\/figcaption><\/figure> <\/figure>    <h2 class=\"wp-block-heading\"><strong>Struttura di questo trinciatutto da foraggio<\/strong><\/h2>    <p>I principali componenti di questa macchina includono: ingresso di alimentazione, meccanismo di trasmissione, sistema di alimentazione, albero e lama del cutter, meccanismo di regolazione delle marce e uscita di scarico.<\/p>    <ol class=\"wp-block-list\"> <li>L'ingresso di alimentazione utilizza un sistema di alimentazione automatica, evitando l'alimentazione manuale diretta per migliorare sicurezza ed efficienza.<\/li>    <li>Il motore e l'albero di taglio sono collegati tramite cinghia, catena o trasmissione a ingranaggi per ottenere la riduzione della velocit\u00e0.<\/li>    <li>La macchina mietitrebbia utilizza rinforzi, aggiornati <a href=\"https:\/\/en.wikipedia.org\/wiki\/Mangalloy\" target=\"_blank\" rel=\"noopener\">ferro\/manganese acciaio<\/a> lame, che sono resistenti all'usura e hanno una lunga durata.<\/li>    <li>\u00c8 presente una maniglia esterna che consente di regolare manualmente lo spazio tra lama e alimentazione per controllare la lunghezza del taglio e la dimensione delle particelle di erba finale.<\/li> <\/ol>    <figure class=\"wp-block-gallery aligncenter has-nested-images columns-2 is-cropped wp-block-gallery-3 is-layout-flex wp-block-gallery-is-layout-flex\"> <figure class=\"wp-block-image size-full\"><img loading=\"lazy\" decoding=\"async\" width=\"720\" height=\"540\" data-id=\"1041\" src=\"https:\/\/corn-machine.com\/wp-content\/uploads\/2025\/11\/silage-cutter.webp\" alt=\"trituratore di insilato\" class=\"wp-image-1041\" title=\"\" srcset=\"https:\/\/corn-machine.com\/wp-content\/uploads\/2025\/11\/silage-cutter.webp 720w, https:\/\/corn-machine.com\/wp-content\/uploads\/2025\/11\/silage-cutter-300x225.webp 300w, https:\/\/corn-machine.com\/wp-content\/uploads\/2025\/11\/silage-cutter-16x12.webp 16w\" sizes=\"auto, (max-width: 720px) 100vw, 720px\" \/><figcaption class=\"wp-element-caption\">trituratore di insilato<\/figcaption><\/figure>    <figure class=\"wp-block-image size-full\"><img loading=\"lazy\" decoding=\"async\" width=\"720\" height=\"540\" data-id=\"1050\" src=\"https:\/\/corn-machine.com\/wp-content\/uploads\/2025\/11\/blades-of-green-forage-chopper.webp\" alt=\"Lame del trinciatutto di foraggio verde\" class=\"wp-image-1050\" title=\"\" srcset=\"https:\/\/corn-machine.com\/wp-content\/uploads\/2025\/11\/blades-of-green-forage-chopper.webp 720w, https:\/\/corn-machine.com\/wp-content\/uploads\/2025\/11\/blades-of-green-forage-chopper-300x225.webp 300w, https:\/\/corn-machine.com\/wp-content\/uploads\/2025\/11\/blades-of-green-forage-chopper-16x12.webp 16w\" sizes=\"auto, (max-width: 720px) 100vw, 720px\" \/><figcaption class=\"wp-element-caption\">Lame del trinciatutto di foraggio verde<\/figcaption><\/figure> <\/figure>    <h2 class=\"wp-block-heading\"><strong>Parametri tecnici e confronto dei modelli della macchina trinciatrice<\/strong><\/h2>    <figure class=\"wp-block-table\"><table class=\"has-fixed-layout\"><tbody><tr><td>Modello<\/td><td class=\"has-text-align-center\" data-align=\"center\">9Z-0.4<\/td><td class=\"has-text-align-center\" data-align=\"center\">9Z-0.4A<\/td><\/tr><tr><td>Potenza<\/td><td class=\"has-text-align-center\" data-align=\"center\">2.2kw<\/td><td class=\"has-text-align-center\" data-align=\"center\">2.2kw<\/td><\/tr><tr><td>Velocit\u00e0 di rotazione<\/td><td class=\"has-text-align-center\" data-align=\"center\">2800r\/min<\/td><td class=\"has-text-align-center\" data-align=\"center\">2800r\/min<\/td><\/tr><tr><td>Dimensione di taglio<\/td><td class=\"has-text-align-center\" data-align=\"center\">7\/20mm<\/td><td class=\"has-text-align-center\" data-align=\"center\">7\/20mm<\/td><\/tr><tr><td>Quantit\u00e0 di lame<\/td><td class=\"has-text-align-center\" data-align=\"center\">4\/6 pezzi<\/td><td class=\"has-text-align-center\" data-align=\"center\">4\/6 pezzi<\/td><\/tr><tr><td>Overall dimension<\/td><td class=\"has-text-align-center\" data-align=\"center\">1075*510*850mm<\/td><td class=\"has-text-align-center\" data-align=\"center\">1075*510*1100mm<\/td><\/tr><tr><td>Dimensione imballo<\/td><td class=\"has-text-align-center\" data-align=\"center\">600*500*400mm<\/td><td class=\"has-text-align-center\" data-align=\"center\">600*500*400mm<\/td><\/tr><tr><td>Peso<\/td><td class=\"has-text-align-center\" data-align=\"center\">48kg<\/td><td class=\"has-text-align-center\" data-align=\"center\">52kg<\/td><\/tr><tr><td>Capacit\u00e0<\/td><td class=\"has-text-align-center\" data-align=\"center\">400-500kg\/h<\/td><td class=\"has-text-align-center\" data-align=\"center\">400-800kg\/h<\/td><\/tr><\/tbody><\/table><figcaption class=\"wp-element-caption\">parametri della piccola macchina trinciatrice<\/figcaption><\/figure>    <p>La larghezza standard della camera di triturazione \u00e8 fissata a 240 mm. Ma la larghezza sia della camera di triturazione che del caricatore varia a seconda del numero di lame:<\/p>    <ul class=\"wp-block-list\"> <li>Modelli a 4 lame: larghezza della camera di triturazione circa 24 cm, larghezza del caricatore circa 23 cm e 40 cm.<\/li>    <li>Modelli a 6 lame: larghezza della camera di triturazione circa 31 cm, larghezza del caricatore circa 30 cm e 41 cm.<\/li> <\/ul>   <div class=\"wp-block-image\"> <figure class=\"aligncenter size-full\"><img loading=\"lazy\" decoding=\"async\" width=\"720\" height=\"540\" src=\"https:\/\/corn-machine.com\/wp-content\/uploads\/2025\/11\/chaff-cutter.webp\" alt=\"trinciacoltura\" class=\"wp-image-1042\" title=\"\" srcset=\"https:\/\/corn-machine.com\/wp-content\/uploads\/2025\/11\/chaff-cutter.webp 720w, https:\/\/corn-machine.com\/wp-content\/uploads\/2025\/11\/chaff-cutter-300x225.webp 300w, https:\/\/corn-machine.com\/wp-content\/uploads\/2025\/11\/chaff-cutter-16x12.webp 16w\" sizes=\"auto, (max-width: 720px) 100vw, 720px\" \/><figcaption class=\"wp-element-caption\">trinciacoltura<\/figcaption><\/figure> <\/div>   <h2 class=\"wp-block-heading\"><strong>Consigli per l'uso e la manutenzione del trinciatore da foraggio<\/strong><\/h2>    <h3 class=\"wp-block-heading\"><strong>Istruzioni d'uso per il trinciatore di insilato<\/strong><\/h3>    <ol class=\"wp-block-list\"> <li>Prima di usare questa macchina trinciatrice, controllare che tutte le viti siano strette, la lama sia affilata e la tensione della cinghia sia appropriata.<\/li>    <li>Distribuire uniformemente e continuamente insilato e altri materiali. Non alimentare quantit\u00e0 eccessive o mescolare oggetti duri come metallo o pietre.<\/li>    <li>La lunghezza di taglio pu\u00f2 essere regolata modificando solo la marcia o la distanza tra lama e solo quando la macchina \u00e8 ferma.<\/li> <\/ol>    <h3 class=\"wp-block-heading\"><strong>Consigli di manutenzione per il trinciatutto<\/strong><\/h3>    <ol class=\"wp-block-list\"> <li>Dopo l'uso, pulire prontamente la cavit\u00e0 della macchina per prevenire ruggine e ostruzioni.<\/li>    <li>Se la fonte di alimentazione \u00e8 un motore elettrico, mantenerlo asciutto e ben ventilato per evitare di operarlo in ambienti umidi o piovosi.<\/li>    <li>Controllare regolarmente l'usura delle lame e delle cinghie, affilarle o sostituirle in tempo per prolungare la vita utile della macchina.<\/li> <\/ol>    <h2 class=\"wp-block-heading\"><strong>Caso di successo: il progetto agricolo ugandese ha acquistato 250 unit\u00e0 di trinciacoltura<\/strong><\/h2>    <p>Lo scorso anno, Taizy ha collaborato con clienti per completare un progetto agricolo in Uganda. Questo progetto sar\u00e0 utilizzato per lo sviluppo di allevamenti di piccole e medie dimensioni locali, supportando cooperative agricole e modernizzazione agricola regionale.<\/p>    <figure class=\"wp-block-gallery has-nested-images columns-2 is-cropped wp-block-gallery-4 is-layout-flex wp-block-gallery-is-layout-flex\"> <figure class=\"wp-block-image size-large\"><img loading=\"lazy\" decoding=\"async\" width=\"720\" height=\"540\" data-id=\"1046\" src=\"https:\/\/corn-machine.com\/wp-content\/uploads\/2025\/11\/silage-chaff-cutter-in-storehouse.webp\" alt=\"trinciacoltura per insilato nel magazzino\" class=\"wp-image-1046\" title=\"\" srcset=\"https:\/\/corn-machine.com\/wp-content\/uploads\/2025\/11\/silage-chaff-cutter-in-storehouse.webp 720w, https:\/\/corn-machine.com\/wp-content\/uploads\/2025\/11\/silage-chaff-cutter-in-storehouse-300x225.webp 300w, https:\/\/corn-machine.com\/wp-content\/uploads\/2025\/11\/silage-chaff-cutter-in-storehouse-16x12.webp 16w\" sizes=\"auto, (max-width: 720px) 100vw, 720px\" \/><figcaption class=\"wp-element-caption\">trinciacoltura per insilato nel magazzino<\/figcaption><\/figure>    <figure class=\"wp-block-image size-large\"><img loading=\"lazy\" decoding=\"async\" width=\"720\" height=\"540\" data-id=\"1047\" src=\"https:\/\/corn-machine.com\/wp-content\/uploads\/2025\/11\/Completed-mini-forage-chopper-machine.webp\" alt=\"Mini trinciatutto completato\" class=\"wp-image-1047\" title=\"\" srcset=\"https:\/\/corn-machine.com\/wp-content\/uploads\/2025\/11\/Completed-mini-forage-chopper-machine.webp 720w, https:\/\/corn-machine.com\/wp-content\/uploads\/2025\/11\/Completed-mini-forage-chopper-machine-300x225.webp 300w, https:\/\/corn-machine.com\/wp-content\/uploads\/2025\/11\/Completed-mini-forage-chopper-machine-16x12.webp 16w\" sizes=\"auto, (max-width: 720px) 100vw, 720px\" \/><figcaption class=\"wp-element-caption\">Mini trinciatutto completato<\/figcaption><\/figure>    <figure class=\"wp-block-image size-large\"><img loading=\"lazy\" decoding=\"async\" width=\"720\" height=\"540\" data-id=\"1049\" src=\"https:\/\/corn-machine.com\/wp-content\/uploads\/2025\/11\/packaging-the-silage-cutter.webp\" alt=\"imballaggio del trinciatutto\" class=\"wp-image-1049\" title=\"\" srcset=\"https:\/\/corn-machine.com\/wp-content\/uploads\/2025\/11\/packaging-the-silage-cutter.webp 720w, https:\/\/corn-machine.com\/wp-content\/uploads\/2025\/11\/packaging-the-silage-cutter-300x225.webp 300w, https:\/\/corn-machine.com\/wp-content\/uploads\/2025\/11\/packaging-the-silage-cutter-16x12.webp 16w\" sizes=\"auto, (max-width: 720px) 100vw, 720px\" \/><figcaption class=\"wp-element-caption\">imballaggio del trinciatutto<\/figcaption><\/figure>    <figure class=\"wp-block-image size-large\"><img loading=\"lazy\" decoding=\"async\" width=\"720\" height=\"540\" data-id=\"1048\" src=\"https:\/\/corn-machine.com\/wp-content\/uploads\/2025\/11\/loading-the-chaff-cutter.webp\" alt=\"Caricamento del trinciatutto\" class=\"wp-image-1048\" title=\"\" srcset=\"https:\/\/corn-machine.com\/wp-content\/uploads\/2025\/11\/loading-the-chaff-cutter.webp 720w, https:\/\/corn-machine.com\/wp-content\/uploads\/2025\/11\/loading-the-chaff-cutter-300x225.webp 300w, https:\/\/corn-machine.com\/wp-content\/uploads\/2025\/11\/loading-the-chaff-cutter-16x12.webp 16w\" sizes=\"auto, (max-width: 720px) 100vw, 720px\" \/><figcaption class=\"wp-element-caption\">Caricamento del trinciatutto<\/figcaption><\/figure> <\/figure>    <p class=\"translation-block\">Dopo che il progetto \u00e8 stato deciso, il nostro cliente ha visitato personalmente la nostra fabbrica in Cina e ha testato le macchine trinciatrici. Infine, confermiamo l'ordine per<strong>250 unit\u00e0 di 9ZR e altri pezzi di ricambio corrispondenti<\/strong>, che saranno imballate e spedite in un container completo a Kampala, la capitale dell'Uganda.<\/p>    <figure class=\"wp-block-embed aligncenter is-type-video is-provider-youtube wp-block-embed-youtube wp-embed-aspect-16-9 wp-has-aspect-ratio\"><div class=\"wp-block-embed__wrapper\"> <iframe loading=\"lazy\" title=\"Cliente ugandese ha ordinato 250 trinciacoltura Taizy per l&#039;esportazione! Caricamento del trinciatutto da foraggio per esportazione\" width=\"500\" height=\"281\" src=\"https:\/\/www.youtube.com\/embed\/N0SzeVsYJXw?feature=oembed\" frameborder=\"0\" allow=\"accelerometer; autoplay; clipboard-write; encrypted-media; gyroscope; picture-in-picture; web-share\" referrerpolicy=\"strict-origin-when-cross-origin\" allowfullscreen><\/iframe> <\/div><figcaption class=\"wp-element-caption\">caricamento della macchina trinciatrice <\/figcaption><\/figure>    <h2 class=\"wp-block-heading\"><strong>Cosa pu\u00f2 offrirti Taizy?<\/strong><\/h2>    <ol class=\"wp-block-list\"> <li>Abbiamo il nostro <strong>propria fabbrica<\/strong>, garantendo alta qualit\u00e0 del prodotto, prezzi trasparenti e supporto per l'imballaggio all'esportazione.<\/li>    <li>Taizy ha oltre <strong>40 anni di esperienza nella produzione di macchinari <\/strong>e oltre 10 anni di esportazione internazionale. Non solo disponiamo di linee di produzione complete per garantire l'approvvigionamento a lungo termine, ma offriamo anche ottimi servizi di spedizione.<\/li>    <li>Dopo la produzione, ogni <strong>la macchina subisce test operativi<\/strong> per garantire che la sua qualit\u00e0 soddisfi i requisiti per gli appalti su larga scala.<\/li>    <li>Abbiamo <strong>ricca esperienza nel cooperare con progetti su larga scala<\/strong>, inclusi annunci Google e progetti governativi nazionali.<\/li> <\/ol>    <h2 class=\"wp-block-heading\"><strong>Contattaci per il preventivo pi\u00f9 recente!<\/strong><\/h2>    <p class=\"translation-block\">If you want to find a reliable agricultural manufacturer for your business or project, Taizy provides the most genuine prices, the most comprehensive services, and the best guarantees. <strong>If you have the same needs, don&#8217;t hesitate to contact us!<\/strong><\/p>    <p class=\"translation-block\">Se sei un lavoratore autonomo alla ricerca di un mietitore di insilato che combini raccolta e triturazione, clicca su questo link del prodotto:<a href=\"https:\/\/corn-machine.com\/it\/product\/corn-silage-harvester\/\">Mietitore di insilato di mais<\/a>.<\/p>","protected":false},"excerpt":{"rendered":"<p>This small chaff cutter machine is suitable for primary feed processing in cattle and sheep farms. It can process 400-800 kg of dry or wet silage per hour. We are a factory direct seller, offering transparent pricing and superior quality.<\/p>","protected":false},"author":1,"featured_media":1168,"parent":0,"template":"","tags":[55,58],"product-type":[57],"class_list":["post-1036","product","type-product","status-publish","has-post-thumbnail","hentry","tag-cornsilage","tag-cornstalk","product-type-corn-stalk-silage-crusher"],"_links":{"self":[{"href":"https:\/\/corn-machine.com\/it\/wp-json\/wp\/v2\/product\/1036","targetHints":{"allow":["GET"]}}],"collection":[{"href":"https:\/\/corn-machine.com\/it\/wp-json\/wp\/v2\/product"}],"about":[{"href":"https:\/\/corn-machine.com\/it\/wp-json\/wp\/v2\/types\/product"}],"author":[{"embeddable":true,"href":"https:\/\/corn-machine.com\/it\/wp-json\/wp\/v2\/users\/1"}],"wp:featuredmedia":[{"embeddable":true,"href":"https:\/\/corn-machine.com\/it\/wp-json\/wp\/v2\/media\/1168"}],"wp:attachment":[{"href":"https:\/\/corn-machine.com\/it\/wp-json\/wp\/v2\/media?parent=1036"}],"wp:term":[{"taxonomy":"post_tag","embeddable":true,"href":"https:\/\/corn-machine.com\/it\/wp-json\/wp\/v2\/tags?post=1036"},{"taxonomy":"product-type","embeddable":true,"href":"https:\/\/corn-machine.com\/it\/wp-json\/wp\/v2\/product-type?post=1036"}],"curies":[{"name":"wp","href":"https:\/\/api.w.org\/{rel}","templated":true}]}}