{"id":1115,"date":"2025-12-04T14:26:44","date_gmt":"2025-12-04T06:26:44","guid":{"rendered":"https:\/\/corn-machine.com\/?post_type=product&#038;p=1115"},"modified":"2025-12-04T14:38:43","modified_gmt":"2025-12-04T06:38:43","slug":"one-row-corn-harvest-machine","status":"publish","type":"product","link":"https:\/\/corn-machine.com\/it\/product\/one-row-corn-harvest-machine\/","title":{"rendered":"Macchina per la raccolta del mais su una fila per una facile raccolta del mais"},"content":{"rendered":"<p class=\"translation-block\">Questa macchina compatta ed economica <strong>per la raccolta del mais<\/strong> \u00e8 progettata per piccoli appezzamenti, zone collinari, terreni sparsi e piccole aziende agricole familiari. Il suo design compatto permette agli operatori di muoversi facilmente in campi stretti, completando taglio, raccolta, trasporto e triturazione della paglia in un'unica operazione. <\/p>    <p>\u00c8 una soluzione ideale per migliorare la produttivit\u00e0 e ridurre i costi del lavoro, ed \u00e8 anche popolare in Asia, Africa e America Latina, dove molti agricoltori usano il metodo di piantagione a fila singola.<\/p>    <figure class=\"wp-block-embed aligncenter is-type-video is-provider-youtube wp-block-embed-youtube wp-embed-aspect-16-9 wp-has-aspect-ratio\"><div class=\"wp-block-embed__wrapper\"> <iframe loading=\"lazy\" title=\"Test del mietitore di mais: Taglio e raccolta del mais in file strette \ud83d\ude9c\ud83d\udca8Contatto:  8617703863868\" width=\"500\" height=\"281\" src=\"https:\/\/www.youtube.com\/embed\/fWSmTylF2y4?feature=oembed\" frameborder=\"0\" allow=\"accelerometer; autoplay; clipboard-write; encrypted-media; gyroscope; picture-in-picture; web-share\" referrerpolicy=\"strict-origin-when-cross-origin\" allowfullscreen><\/iframe> <\/div><figcaption class=\"wp-element-caption\">Video di test sul campo del mietitore di mais<\/figcaption><\/figure>    <h2 class=\"wp-block-heading\"><strong>Punti salienti della mietitrice di mais Taizy<\/strong><\/h2>    <ul class=\"wp-block-list\"> <li>Questa mietitrice di mais misura 3\u20133,65 m (lunghezza) e circa 0,85\u20131 m (larghezza), consentendo un'operazione efficiente in spazi ristretti o terreni irregolari dove le macchine pi\u00f9 grandi non possono operare.<\/li>    <li>La mietitrice di mais Taizy utilizza un sistema di raccolta a dopp rullo per garantire una raccolta stabile e ridurre la perdita di chicchi. Questo design \u00e8 particolarmente adatto per: mais a orecchio piccolo, piantagioni a densit\u00e0 media e piccoli agricoltori.<\/li>    <li>La nostra macchina migliorata include ora un sedile, riducendo l'intensit\u00e0 del lavoro e permettendoti di raccogliere il mais seduto, risparmiando tempo e fatica.<\/li>    <li>La macchina migliorata per la raccolta del mais \u00e8 ora dotata di un sistema di taglio a lama rotante che taglia le pannocchie durante la raccolta, triturandole per un facile ritorno al campo e alimentazione del bestiame.<\/li>    <li>Presenta un design a camminamento e tracciato delle ruote regolabile (650 mm o 800\u2013900 mm regolabile), quindi anche operatori senza esperienza meccanica possono iniziare facilmente dopo una semplice formazione.<\/li> <\/ul>   <div class=\"wp-block-image\"> <figure class=\"aligncenter size-full\"><img loading=\"lazy\" decoding=\"async\" width=\"720\" height=\"540\" src=\"https:\/\/corn-machine.com\/wp-content\/uploads\/2025\/12\/corn-cob-harvester.webp\" alt=\"Raccoglitore di pannocchie di mais automatico\" class=\"wp-image-1121\" title=\"\" srcset=\"https:\/\/corn-machine.com\/wp-content\/uploads\/2025\/12\/corn-cob-harvester.webp 720w, https:\/\/corn-machine.com\/wp-content\/uploads\/2025\/12\/corn-cob-harvester-300x225.webp 300w, https:\/\/corn-machine.com\/wp-content\/uploads\/2025\/12\/corn-cob-harvester-16x12.webp 16w\" sizes=\"auto, (max-width: 720px) 100vw, 720px\" \/><figcaption class=\"wp-element-caption\">Raccoglitore di pannocchie di mais<\/figcaption><\/figure> <\/div>   <h2 class=\"wp-block-heading\"><strong>Due modelli diversi e le loro specifiche tecniche<\/strong><\/h2>    <figure class=\"wp-block-table\"><table class=\"has-fixed-layout\"><tbody><tr><td>Modello<\/td><td class=\"has-text-align-center\" data-align=\"center\">Motore da 19 kW<\/td><td class=\"has-text-align-center\" data-align=\"center\">Motore da 10,35 kW<\/td><\/tr><tr><td>Larghezza di lavoro<\/td><td class=\"has-text-align-center\" data-align=\"center\">650 mm<\/td><td class=\"has-text-align-center\" data-align=\"center\">400\u2013500 mm<\/td><\/tr><tr><td>Altezza da terra<\/td><td class=\"has-text-align-center\" data-align=\"center\">200 mm<\/td><td class=\"has-text-align-center\" data-align=\"center\">100\u2013160 mm<\/td><\/tr><tr><td>Produttivit\u00e0<\/td><td class=\"has-text-align-center\" data-align=\"center\">0,05\u20130,12 h\u33a1\/h<\/td><td class=\"has-text-align-center\" data-align=\"center\">0,067 h\u33a1\/h<\/td><\/tr><tr><td>Sistema di raccolta<\/td><td class=\"has-text-align-center\" data-align=\"center\">Trascinamento verso il basso a dopp rullo<\/td><td class=\"has-text-align-center\" data-align=\"center\">Trascinamento verso il basso a dopp rullo<\/td><\/tr><tr><td>Taglio del paglia<\/td><td class=\"has-text-align-center\" data-align=\"center\">Lama rotante<\/td><td class=\"has-text-align-center\" data-align=\"center\">Lama rotante<\/td><\/tr><tr><td>Tracciato delle ruote regolabile<\/td><td class=\"has-text-align-center\" data-align=\"center\">800\u2013900 mm<\/td><td class=\"has-text-align-center\" data-align=\"center\">800\u2013900 mm<\/td><\/tr><tr><td>Dimensioni<\/td><td class=\"has-text-align-center\" data-align=\"center\">3650\u00d71000\u00d71270 mm<\/td><td class=\"has-text-align-center\" data-align=\"center\">3000\u00d7850\u00d71100 mm<\/td><\/tr><tr><td>Peso<\/td><td class=\"has-text-align-center\" data-align=\"center\">980 kg<\/td><td class=\"has-text-align-center\" data-align=\"center\">1450\u20132000 kg<\/td><\/tr><\/tbody><\/table><figcaption class=\"wp-element-caption\">parametri della macchina per la raccolta del mais<\/figcaption><\/figure>    <p>Offriamo diversi modelli per soddisfare le tue esigenze di efficienza. Se hai domande, non esitare a contattare il nostro servizio clienti per assistenza.<\/p>    <h2 class=\"wp-block-heading\"><strong>Applicazioni di questa mietitrice di pannocchie di mais<\/strong><\/h2>    <p>I mietitori di mais sono adatti a una vasta gamma di utenti, tra cui piccoli agricoltori con risorse limitate, consentendo loro di raccogliere il mais rapidamente ed efficacemente.<\/p>    <p>Le cooperative e le organizzazioni di produttori agricoli possono condividere i costi tramite acquisti collettivi, migliorando cos\u00ec l'efficienza di utilizzo della macchina, specialmente nelle aree rurali con aziende agricole sparse.<\/p>    <p>The corn harvest machine&#8217;s design is particularly convenient for field operations in developing regions, making it ideal for small-scale corn growers in Asia, Africa, and Latin America.<\/p>    <h2 class=\"wp-block-heading\"><strong>Come funziona la macchina di raccolta del mais?<\/strong><\/h2>    <p>Il nostro mietitore di mais \u00e8 azionato da un motore, che alimenta un sistema di trazione a dopp rullo per tirare le pannocchie dai gambi. Contemporaneamente, i rulli ruotano a una velocit\u00e0 controllata per garantire una raccolta fluida e minimizzare i danni ai chicchi di mais. Questo \u00e8 il sistema di potenza e trasmissione di un mietitore di mais.<\/p>    <p>The rotating blade system cuts the corn stalks. The cutting action occurs simultaneously with the machine&#8217;s movement, facilitating corn collection and felling the stalks at the same time. <\/p>    <p>Il sistema di raccolta a dopp rullo \u00e8 principalmente responsabile di tirare le pannocchie nel macchinario, separarle dai gambi all'interno e poi usare un sistema di triturazione della paglia per triturare finemente il residuo.<\/p>    <figure class=\"wp-block-gallery has-nested-images columns-default is-cropped wp-block-gallery-2 is-layout-flex wp-block-gallery-is-layout-flex\"> <figure class=\"wp-block-image size-large\"><img loading=\"lazy\" decoding=\"async\" width=\"720\" height=\"540\" data-id=\"1122\" src=\"https:\/\/corn-machine.com\/wp-content\/uploads\/2025\/12\/corn-harvester-machine.webp\" alt=\"macchina raccoglitrice di mais\" class=\"wp-image-1122\" title=\"\" srcset=\"https:\/\/corn-machine.com\/wp-content\/uploads\/2025\/12\/corn-harvester-machine.webp 720w, https:\/\/corn-machine.com\/wp-content\/uploads\/2025\/12\/corn-harvester-machine-300x225.webp 300w, https:\/\/corn-machine.com\/wp-content\/uploads\/2025\/12\/corn-harvester-machine-16x12.webp 16w\" sizes=\"auto, (max-width: 720px) 100vw, 720px\" \/><figcaption class=\"wp-element-caption\">macchina raccoglitrice di mais<\/figcaption><\/figure>    <figure class=\"wp-block-image size-large\"><img loading=\"lazy\" decoding=\"async\" width=\"720\" height=\"540\" data-id=\"1123\" src=\"https:\/\/corn-machine.com\/wp-content\/uploads\/2025\/12\/maize-picker.webp\" alt=\"Raccoglitore di mais\" class=\"wp-image-1123\" title=\"\" srcset=\"https:\/\/corn-machine.com\/wp-content\/uploads\/2025\/12\/maize-picker.webp 720w, https:\/\/corn-machine.com\/wp-content\/uploads\/2025\/12\/maize-picker-300x225.webp 300w, https:\/\/corn-machine.com\/wp-content\/uploads\/2025\/12\/maize-picker-16x12.webp 16w\" sizes=\"auto, (max-width: 720px) 100vw, 720px\" \/><figcaption class=\"wp-element-caption\">Raccoglitore di mais<\/figcaption><\/figure> <\/figure>    <h2 class=\"wp-block-heading\"><strong>FAQ di questo mietitore di mais<\/strong><\/h2>   <div id=\"rank-math-faq\" class=\"rank-math-block\"> <div class=\"rank-math-list\"> <div id=\"faq-question-1764826101473\" class=\"rank-math-list-item\"> <h3 class=\"rank-math-question\"><strong>Qual \u00e8 il consumo di carburante della macchina di taglio e raccolta del mais?<\/strong><\/h3> <div class=\"rank-math-answer\">  <p>Il consumo di carburante \u00e8 tipicamente tra 0,2 e 0,5 litri all'ora, a seconda delle dimensioni della fattoria, del terreno e della velocit\u00e0 di raccolta.<\/p>  <\/div> <\/div> <div id=\"faq-question-1764826131515\" class=\"rank-math-list-item\"> <h3 class=\"rank-math-question\"><strong>Quanto tempo ci vuole per raccogliere un acro di mais con questa macchina?<\/strong><\/h3> <div class=\"rank-math-answer\">  <p>Tipicamente raccoglie 0,05\u20130,12 ettari all'ora, il che significa che pu\u00f2 raccogliere un acro (circa 0,4 ettari) in 3\u20136 ore.<\/p>  <\/div> <\/div> <div id=\"faq-question-1764826185344\" class=\"rank-math-list-item\"> <h3 class=\"rank-math-question\"><strong>Questa macchina per la raccolta del mais pu\u00f2 essere usata su terreni collinari o irregolari?<\/strong><\/h3> <div class=\"rank-math-answer\">  <p>S\u00ec! Questa mietitrice \u00e8 progettata per terreni collinari o irregolari. Le ruote regolabili e il design compatto permettono di navigare facilmente su pendenze e file strette.<\/p>  <\/div> <\/div> <div id=\"faq-question-1764826378623\" class=\"rank-math-list-item\"> <h3 class=\"rank-math-question\">Il raccoglitore di pannocchie di mais pu\u00f2 essere usato per altre colture?<\/h3> <div class=\"rank-math-answer\">  <p>Questa macchina per la raccolta \u00e8 specificamente progettata per il mais. Se la usi per altre colture, potrebbe non essere molto efficace o adatta.<\/p>  <\/div> <\/div> <\/div> <\/div>  <div class=\"wp-block-image\"> <figure class=\"aligncenter size-full\"><img loading=\"lazy\" decoding=\"async\" width=\"720\" height=\"540\" src=\"https:\/\/corn-machine.com\/wp-content\/uploads\/2025\/12\/small-scale-corn-harvester.webp\" alt=\"macchina per la raccolta del mais di piccola scala\" class=\"wp-image-1124\" title=\"\" srcset=\"https:\/\/corn-machine.com\/wp-content\/uploads\/2025\/12\/small-scale-corn-harvester.webp 720w, https:\/\/corn-machine.com\/wp-content\/uploads\/2025\/12\/small-scale-corn-harvester-300x225.webp 300w, https:\/\/corn-machine.com\/wp-content\/uploads\/2025\/12\/small-scale-corn-harvester-16x12.webp 16w\" sizes=\"auto, (max-width: 720px) 100vw, 720px\" \/><figcaption class=\"wp-element-caption\">macchina per la raccolta del mais di piccola scala<\/figcaption><\/figure> <\/div>   <p>Se sei interessato a questa macchina per la raccolta del mais, contattaci tramite WhatsApp o email per il preventivo pi\u00f9 recente. Taizy si impegna a fornire la massima assistenza per il tuo sviluppo agricolo.<\/p>    <p>Offriamo anche altri tipi di mietitori. Clicca su questi link se sei interessato a loro:<\/p>    <ul class=\"wp-block-list\"> <li><a href=\"https:\/\/corn-machine.com\/it\/product\/efficient-maize-harvester-machine\/\">Macchina per la Raccolta del Mais<\/a><\/li>    <li><a href=\"https:\/\/corn-machine.com\/it\/product\/corn-silage-harvester\/\">Raccoglitore di silomais<\/a><\/li> <\/ul>","protected":false},"excerpt":{"rendered":"<p>This corn harvester is available with either a 19 kW or a 10.35 kW engine. Its compact structure makes it ideal for harvesting in narrow rows and hilly terrain. It is easy to operate and has low maintenance costs.<\/p>","protected":false},"author":1,"featured_media":1120,"parent":0,"template":"","tags":[31],"product-type":[40],"class_list":["post-1115","product","type-product","status-publish","has-post-thumbnail","hentry","tag-corn","product-type-corn-harvesting-machine"],"_links":{"self":[{"href":"https:\/\/corn-machine.com\/it\/wp-json\/wp\/v2\/product\/1115","targetHints":{"allow":["GET"]}}],"collection":[{"href":"https:\/\/corn-machine.com\/it\/wp-json\/wp\/v2\/product"}],"about":[{"href":"https:\/\/corn-machine.com\/it\/wp-json\/wp\/v2\/types\/product"}],"author":[{"embeddable":true,"href":"https:\/\/corn-machine.com\/it\/wp-json\/wp\/v2\/users\/1"}],"wp:featuredmedia":[{"embeddable":true,"href":"https:\/\/corn-machine.com\/it\/wp-json\/wp\/v2\/media\/1120"}],"wp:attachment":[{"href":"https:\/\/corn-machine.com\/it\/wp-json\/wp\/v2\/media?parent=1115"}],"wp:term":[{"taxonomy":"post_tag","embeddable":true,"href":"https:\/\/corn-machine.com\/it\/wp-json\/wp\/v2\/tags?post=1115"},{"taxonomy":"product-type","embeddable":true,"href":"https:\/\/corn-machine.com\/it\/wp-json\/wp\/v2\/product-type?post=1115"}],"curies":[{"name":"wp","href":"https:\/\/api.w.org\/{rel}","templated":true}]}}