{"id":1134,"date":"2025-12-12T15:45:48","date_gmt":"2025-12-12T07:45:48","guid":{"rendered":"https:\/\/corn-machine.com\/?post_type=product&#038;p=1134"},"modified":"2025-12-15T11:14:54","modified_gmt":"2025-12-15T03:14:54","slug":"multi-functional-straw-shredder","status":"publish","type":"product","link":"https:\/\/corn-machine.com\/it\/product\/multi-functional-straw-shredder\/","title":{"rendered":"Trituratore di paglia multifunzionale Macinacorn"},"content":{"rendered":"<p class=\"translation-block\">Questa <span style=\"margin: 0px;padding: 0px\">macchina multifunzionale<strong> di trinciatura di paglia<\/strong> \u00e8 progettata per agricoltori, piccoli impianti di lavorazione del mangime e allevatori, integrando trinciatura di paglia, triturazione di erba e macinazione di cereali in un'unica<\/span> macchina, migliorando significativamente l'efficienza della preparazione del mangime.<\/p>    <p>\u00c8 ampiamente utilizzata per l'elaborazione di ingredienti di alimenti per animali come foglie di palma, verde foraggio, fieno, steli di mais, cocci di mais, chicchi e semi di palma da dattero. La sua capacit\u00e0 di lavorazione oraria \u00e8 di 300-1200 kg, con diverse fonti di energia, come elettrico, diesel o motori a benzina.<\/p>    <figure class=\"wp-block-embed aligncenter is-type-video is-provider-youtube wp-block-embed-youtube wp-embed-aspect-16-9 wp-has-aspect-ratio\"><div class=\"wp-block-embed__wrapper\"> <iframe loading=\"lazy\" title=\"Taglio di fieno   macinazione di cereali in una sola macchina | Prova multifunzionale di trituratore di paglia  8617703863868\" width=\"500\" height=\"281\" src=\"https:\/\/www.youtube.com\/embed\/-MVRyhCcH0s?feature=oembed\" frameborder=\"0\" allow=\"accelerometer; autoplay; clipboard-write; encrypted-media; gyroscope; picture-in-picture; web-share\" referrerpolicy=\"strict-origin-when-cross-origin\" allowfullscreen><\/iframe> <\/div><figcaption class=\"wp-element-caption\">video di prova del trituratore di paglia<\/figcaption><\/figure>    <h2 class=\"wp-block-heading\"><strong>Vantaggi del trituratore multi-funzionale e tagliapaglia<\/strong><\/h2>    <ul class=\"wp-block-list\"> <li>La struttura del trituratore di steli di mais \u00e8 realizzata in acciaio spesso 4 mm e dotata di un telaio in ferro spesso 5 mm, garantendo durabilit\u00e0 e stabilit\u00e0 strutturale.<\/li>    <li>Questa macchina trinciatrice di paglia utilizza lame di taglio a forbice, che offrono prestazioni di taglio superiori e sono adatte a materiali resistenti come foglie di palma, paglia e fieno.<\/li>    <li>Il sistema di triturazione multi-lama Taizy \u00e8 ideale per produrre erba morbida lunga 3-10cm. Ha 4 lame (8 lame di taglio triangolari per lama), ogni lama \u00e8 lunga 7 cm e spessa 2 mm, realizzata in acciaio inossidabile.<\/li>    <li>Inoltre, il suo sistema di mulino a martelli \u00e8 composto da 16 martelli temprati, ciascuno spesso 2 mm, adatto per macinare chicchi di mais, <a href=\"https:\/\/en.wikipedia.org\/wiki\/Date_palm\" target=\"_blank\" rel=\"noopener\">date kernel<\/a>s, torsoli di mais e altri cereali.<\/li> <\/ul>    <figure class=\"wp-block-gallery has-nested-images columns-default is-cropped wp-block-gallery-2 is-layout-flex wp-block-gallery-is-layout-flex\"> <figure class=\"wp-block-image size-large\"><img loading=\"lazy\" decoding=\"async\" width=\"720\" height=\"540\" data-id=\"1145\" src=\"https:\/\/corn-machine.com\/wp-content\/uploads\/2025\/12\/parts-of-grass-chaff-cutter-machine.webp\" alt=\"parti della macchina taglia-paglia per erba\" class=\"wp-image-1145\" title=\"\" srcset=\"https:\/\/corn-machine.com\/wp-content\/uploads\/2025\/12\/parts-of-grass-chaff-cutter-machine.webp 720w, https:\/\/corn-machine.com\/wp-content\/uploads\/2025\/12\/parts-of-grass-chaff-cutter-machine-300x225.webp 300w, https:\/\/corn-machine.com\/wp-content\/uploads\/2025\/12\/parts-of-grass-chaff-cutter-machine-16x12.webp 16w\" sizes=\"auto, (max-width: 720px) 100vw, 720px\" \/><figcaption class=\"wp-element-caption\">parti della macchina taglia-paglia per erba<\/figcaption><\/figure>    <figure class=\"wp-block-image size-full\"><img loading=\"lazy\" decoding=\"async\" width=\"720\" height=\"540\" data-id=\"1147\" src=\"https:\/\/corn-machine.com\/wp-content\/uploads\/2025\/12\/corn-cutting-grinding-machine.webp\" alt=\"macchina da tagliare mais e macinare\" class=\"wp-image-1147\" title=\"\" srcset=\"https:\/\/corn-machine.com\/wp-content\/uploads\/2025\/12\/corn-cutting-grinding-machine.webp 720w, https:\/\/corn-machine.com\/wp-content\/uploads\/2025\/12\/corn-cutting-grinding-machine-300x225.webp 300w, https:\/\/corn-machine.com\/wp-content\/uploads\/2025\/12\/corn-cutting-grinding-machine-16x12.webp 16w\" sizes=\"auto, (max-width: 720px) 100vw, 720px\" \/><figcaption class=\"wp-element-caption\">macchina da tagliare mais e macinare<\/figcaption><\/figure> <\/figure>    <h2 class=\"wp-block-heading\"><strong>Due tipi di tagliapaglia agricoli<\/strong><\/h2>    <p>Il nostro modello pi\u00f9 venduto \u00e8 il trituratore di paglia a cinque porti 9ZF 500B. Ha pi\u00f9 uscite, tra cui tre porti di scarico (alto, medio e basso) e due ingressi di alimentazione. \u00c8 adatto non solo per la raccolta di polvere di cereali, ma anche per la triturazione e il caricamento ad alta gittata di materiali foraggeri.<\/p>    <p>Questo trituratore di mais a quattro porte 9ZF 500A \u00e8 pi\u00f9 semplice e offre anche la funzione doppia di frantumazione di cereali e tritatura di foraggio. Spiegheremo in dettaglio le differenze e le specifiche di entrambi i modelli di seguito. Se non sei sicuro di quale macchina sia pi\u00f9 adatta a te, contattaci per assistenza.<\/p>    <h3 class=\"wp-block-heading\"><strong>Struttura del nostro trituratore di chicchi di mais<\/strong><\/h3>    <h4 class=\"wp-block-heading\"><strong>Trituratore di paglia a cinque porti 9ZF 500B<\/strong><\/h4>    <p>Questa macchina a cinque porte integra pi\u00f9 funzioni, tra cui taglio di fieno, tritatura di fieno, frantumazione, macinazione e alimentazione. Ha due ingressi di alimentazione e tre uscite di scarico, ognuna con una funzione diversa.<\/p>    <p>L'ingresso della ghigliottina per il fieno \u00e8 per alimentare materiali lunghi come fieno, steli di mais e foglie di palma. Il suo design spazioso consente un alimentazione rapida. L'ingresso per cereali interi \u00e8 specificamente per alimentare materiali granulari come mais e noccioli di dattero, facilitando la molatura a martello nella camera di frantumazione interna.<\/p>   <div class=\"wp-block-image\"> <figure class=\"aligncenter size-full\"><img loading=\"lazy\" decoding=\"async\" width=\"720\" height=\"540\" src=\"https:\/\/corn-machine.com\/wp-content\/uploads\/2025\/12\/structure-of-9ZR-500B-five-outlet-corn-stalk-crusher.webp\" alt=\"Struttura del trituratore di mais a cinque uscite 9ZF 500B\" class=\"wp-image-1160\" title=\"\" srcset=\"https:\/\/corn-machine.com\/wp-content\/uploads\/2025\/12\/structure-of-9ZR-500B-five-outlet-corn-stalk-crusher.webp 720w, https:\/\/corn-machine.com\/wp-content\/uploads\/2025\/12\/structure-of-9ZR-500B-five-outlet-corn-stalk-crusher-300x225.webp 300w, https:\/\/corn-machine.com\/wp-content\/uploads\/2025\/12\/structure-of-9ZR-500B-five-outlet-corn-stalk-crusher-16x12.webp 16w\" sizes=\"auto, (max-width: 720px) 100vw, 720px\" \/><figcaption class=\"wp-element-caption\">Struttura del trituratore di mais a cinque uscite 9ZF 500B<\/figcaption><\/figure> <\/div>   <p>Ci sono tre uscite di scarico diverse: alta, media e bassa. <\/p>    <ul class=\"wp-block-list\"> <li>L\u2019uscita alta \u00e8 per espellere pezzi di cibo pi\u00f9 lunghi o per gettare cibo in una posizione pi\u00f9 alta. <\/li>    <li>Il portale centrale \u00e8 per l'uscita di erba di lunghezza media e foraggio morbido.<\/li>    <li>La portata inferiore scarica materiali che sono stati polverizzati in particelle piccole o polvere fine.<\/li> <\/ul>    <figure class=\"wp-block-gallery has-nested-images columns-default is-cropped wp-block-gallery-3 is-layout-flex wp-block-gallery-is-layout-flex\"> <figure class=\"wp-block-image size-large\"><img loading=\"lazy\" decoding=\"async\" width=\"720\" height=\"540\" data-id=\"1166\" src=\"https:\/\/corn-machine.com\/wp-content\/uploads\/2025\/12\/five-ports-corn-stalk-shredder.webp\" alt=\"Trituratore di mais a cinque porti\" class=\"wp-image-1166\" title=\"\" srcset=\"https:\/\/corn-machine.com\/wp-content\/uploads\/2025\/12\/five-ports-corn-stalk-shredder.webp 720w, https:\/\/corn-machine.com\/wp-content\/uploads\/2025\/12\/five-ports-corn-stalk-shredder-300x225.webp 300w, https:\/\/corn-machine.com\/wp-content\/uploads\/2025\/12\/five-ports-corn-stalk-shredder-16x12.webp 16w\" sizes=\"auto, (max-width: 720px) 100vw, 720px\" \/><figcaption class=\"wp-element-caption\">Trituratore di mais a cinque porti<\/figcaption><\/figure>    <figure class=\"wp-block-image size-large\"><img loading=\"lazy\" decoding=\"async\" width=\"720\" height=\"540\" data-id=\"1167\" src=\"https:\/\/corn-machine.com\/wp-content\/uploads\/2025\/12\/five-ports-straw-chopper.webp\" alt=\"Trituratore di paglia a cinque porti\" class=\"wp-image-1167\" title=\"\" srcset=\"https:\/\/corn-machine.com\/wp-content\/uploads\/2025\/12\/five-ports-straw-chopper.webp 720w, https:\/\/corn-machine.com\/wp-content\/uploads\/2025\/12\/five-ports-straw-chopper-300x225.webp 300w, https:\/\/corn-machine.com\/wp-content\/uploads\/2025\/12\/five-ports-straw-chopper-16x12.webp 16w\" sizes=\"auto, (max-width: 720px) 100vw, 720px\" \/><figcaption class=\"wp-element-caption\">Trituratore di paglia a cinque porti<\/figcaption><\/figure> <\/figure>    <h4 class=\"wp-block-heading\"><strong>Trituratore di steli di mais a quattro porti 9ZF 500A<\/strong><\/h4>    <p>Questo mulino a quattro porte funziona in modo simile a quello a cinque porte, ma non ha una porta di scarico centrale, risultando in una struttura pi\u00f9 compatta adatta a normali aziende agricole e mulini per mangimi. Ha due bocche di alimentazione e due uscite di scarico per soddisfare diverse esigenze di macinazione.<\/p>   <div class=\"wp-block-image\"> <figure class=\"aligncenter size-full\"><img loading=\"lazy\" decoding=\"async\" width=\"720\" height=\"540\" src=\"https:\/\/corn-machine.com\/wp-content\/uploads\/2025\/12\/structure-of-9ZR-500A-four-outlet-straw-shredder.webp\" alt=\"Struttura dello trinciatutto di paglia a quattro uscite 9ZF 500A\" class=\"wp-image-1159\" title=\"\" srcset=\"https:\/\/corn-machine.com\/wp-content\/uploads\/2025\/12\/structure-of-9ZR-500A-four-outlet-straw-shredder.webp 720w, https:\/\/corn-machine.com\/wp-content\/uploads\/2025\/12\/structure-of-9ZR-500A-four-outlet-straw-shredder-300x225.webp 300w, https:\/\/corn-machine.com\/wp-content\/uploads\/2025\/12\/structure-of-9ZR-500A-four-outlet-straw-shredder-16x12.webp 16w\" sizes=\"auto, (max-width: 720px) 100vw, 720px\" \/><figcaption class=\"wp-element-caption\">Struttura dello trinciatutto di paglia a quattro uscite 9ZF 500A<\/figcaption><\/figure> <\/div>   <h3 class=\"wp-block-heading\"><strong>Parametri del Taizy piccolo taglia-foraggio<\/strong><\/h3>    <figure class=\"wp-block-table\"><table><tbody><tr><td>Modello<\/td><td class=\"has-text-align-center\" data-align=\"center\">9ZF-500A<\/td><td class=\"has-text-align-center\" data-align=\"center\">9ZF-500B<\/td><\/tr><tr><td>Potenza<\/td><td class=\"has-text-align-center\" data-align=\"center\">motore da 3 kW, <br>motore a benzina da 170F, <br>o motore diesel da 8hp<\/td><td class=\"has-text-align-center\" data-align=\"center\">motore da 3 kW, <br>motore a benzina da 170F, <br>o motore diesel da 8hp<\/td><\/tr><tr><td>Capacit\u00e0<\/td><td class=\"has-text-align-center\" data-align=\"center\">600-800kg\/h<\/td><td class=\"has-text-align-center\" data-align=\"center\">800-1200kg\/h<\/td><\/tr><tr><td>Dimensioni<\/td><td class=\"has-text-align-center\" data-align=\"center\">1120*980*1190mm<\/td><td class=\"has-text-align-center\" data-align=\"center\">1220*1070*1190mm<\/td><\/tr><tr><td>Peso<\/td><td class=\"has-text-align-center\" data-align=\"center\">85kg<\/td><td class=\"has-text-align-center\" data-align=\"center\">95kg<\/td><\/tr><\/tbody><\/table><figcaption class=\"wp-element-caption\">parametri di una piccolo tagliapaglia<\/figcaption><\/figure>    <figure class=\"wp-block-gallery has-nested-images columns-default is-cropped wp-block-gallery-4 is-layout-flex wp-block-gallery-is-layout-flex\"> <figure class=\"wp-block-image size-full\"><img loading=\"lazy\" decoding=\"async\" width=\"720\" height=\"540\" data-id=\"1149\" src=\"https:\/\/corn-machine.com\/wp-content\/uploads\/2025\/12\/chaff-cutter-machine-for-agriculture.webp\" alt=\"Macchina mietitutto di paglia 9ZF 500A per l&#039;agricoltura\" class=\"wp-image-1149\" title=\"\" srcset=\"https:\/\/corn-machine.com\/wp-content\/uploads\/2025\/12\/chaff-cutter-machine-for-agriculture.webp 720w, https:\/\/corn-machine.com\/wp-content\/uploads\/2025\/12\/chaff-cutter-machine-for-agriculture-300x225.webp 300w, https:\/\/corn-machine.com\/wp-content\/uploads\/2025\/12\/chaff-cutter-machine-for-agriculture-16x12.webp 16w\" sizes=\"auto, (max-width: 720px) 100vw, 720px\" \/><figcaption class=\"wp-element-caption\">Macchina mietitutto di paglia 9ZF 500A per l'agricoltura<\/figcaption><\/figure>    <figure class=\"wp-block-image size-large\"><img loading=\"lazy\" decoding=\"async\" width=\"720\" height=\"540\" data-id=\"1151\" src=\"https:\/\/corn-machine.com\/wp-content\/uploads\/2025\/12\/corn-stalk-cutter-machine.webp\" alt=\"Trituratore di steli di mais 9ZF 500B\" class=\"wp-image-1151\" title=\"\" srcset=\"https:\/\/corn-machine.com\/wp-content\/uploads\/2025\/12\/corn-stalk-cutter-machine.webp 720w, https:\/\/corn-machine.com\/wp-content\/uploads\/2025\/12\/corn-stalk-cutter-machine-300x225.webp 300w, https:\/\/corn-machine.com\/wp-content\/uploads\/2025\/12\/corn-stalk-cutter-machine-16x12.webp 16w\" sizes=\"auto, (max-width: 720px) 100vw, 720px\" \/><figcaption class=\"wp-element-caption\">Trituratore di steli di mais 9ZF 500B<\/figcaption><\/figure> <\/figure>    <h2 class=\"wp-block-heading\"><strong>Applicazioni del trituratore multifunzionale di paglia<\/strong><\/h2>    <p>In quanto trituratore multifunzionale per foraggi e mulino per mais, le sue applicazioni sono molto ampie. Perci\u00f2 \u00e8 stato impiegato in molti settori.<\/p>    <p>Pu\u00f2 essere usato non solo in allevamenti per l\u2019elaborazione del mangime per bovini, pecore, capre, cammelli e pollame, ma anche per la frantumazione e il riciclo in processi agricoli, producendo mais triturato, noccioli di datteri triturati, torsoli di mais triturati e mangimi misti.<\/p>    <p>I suoi prodotti finiti hanno diverse dimensioni e forme: paglia tagliata di 3-5 cm adatta al foraggio di bovini e ovini, polvere di fieno grossolana 5-15 mm spesso usata nel mangime misto, e altri prodotti cerealicoli ideali per polli, maiali, capre, nonch\u00e9 pesci, conigli e bestiame giovane.<\/p>    <figure class=\"wp-block-gallery has-nested-images columns-2 is-cropped wp-block-gallery-5 is-layout-flex wp-block-gallery-is-layout-flex\"> <figure class=\"wp-block-image size-large\"><img loading=\"lazy\" decoding=\"async\" width=\"720\" height=\"540\" data-id=\"1154\" src=\"https:\/\/corn-machine.com\/wp-content\/uploads\/2025\/12\/livestock-farming.webp\" alt=\"allevamento di bestiame\" class=\"wp-image-1154\" title=\"\" srcset=\"https:\/\/corn-machine.com\/wp-content\/uploads\/2025\/12\/livestock-farming.webp 720w, https:\/\/corn-machine.com\/wp-content\/uploads\/2025\/12\/livestock-farming-300x225.webp 300w, https:\/\/corn-machine.com\/wp-content\/uploads\/2025\/12\/livestock-farming-16x12.webp 16w\" sizes=\"auto, (max-width: 720px) 100vw, 720px\" \/><figcaption class=\"wp-element-caption\">allevamento di bestiame<\/figcaption><\/figure>    <figure class=\"wp-block-image size-large\"><img loading=\"lazy\" decoding=\"async\" width=\"720\" height=\"540\" data-id=\"1153\" src=\"https:\/\/corn-machine.com\/wp-content\/uploads\/2025\/12\/poultry-farming.webp\" alt=\"allevamento di pollame\" class=\"wp-image-1153\" title=\"\" srcset=\"https:\/\/corn-machine.com\/wp-content\/uploads\/2025\/12\/poultry-farming.webp 720w, https:\/\/corn-machine.com\/wp-content\/uploads\/2025\/12\/poultry-farming-300x225.webp 300w, https:\/\/corn-machine.com\/wp-content\/uploads\/2025\/12\/poultry-farming-16x12.webp 16w\" sizes=\"auto, (max-width: 720px) 100vw, 720px\" \/><figcaption class=\"wp-element-caption\">allevamento di pollame<\/figcaption><\/figure>    <figure class=\"wp-block-image size-large\"><img loading=\"lazy\" decoding=\"async\" width=\"720\" height=\"540\" data-id=\"1156\" src=\"https:\/\/corn-machine.com\/wp-content\/uploads\/2025\/12\/cow-food.webp\" alt=\"cibo per bovini\" class=\"wp-image-1156\" title=\"\" srcset=\"https:\/\/corn-machine.com\/wp-content\/uploads\/2025\/12\/cow-food.webp 720w, https:\/\/corn-machine.com\/wp-content\/uploads\/2025\/12\/cow-food-300x225.webp 300w, https:\/\/corn-machine.com\/wp-content\/uploads\/2025\/12\/cow-food-16x12.webp 16w\" sizes=\"auto, (max-width: 720px) 100vw, 720px\" \/><figcaption class=\"wp-element-caption\">cibo per bovini<\/figcaption><\/figure>    <figure class=\"wp-block-image size-large\"><img loading=\"lazy\" decoding=\"async\" width=\"720\" height=\"540\" data-id=\"1155\" src=\"https:\/\/corn-machine.com\/wp-content\/uploads\/2025\/12\/chicken-feed.webp\" alt=\"mangime per pollo\" class=\"wp-image-1155\" title=\"\" srcset=\"https:\/\/corn-machine.com\/wp-content\/uploads\/2025\/12\/chicken-feed.webp 720w, https:\/\/corn-machine.com\/wp-content\/uploads\/2025\/12\/chicken-feed-300x225.webp 300w, https:\/\/corn-machine.com\/wp-content\/uploads\/2025\/12\/chicken-feed-16x12.webp 16w\" sizes=\"auto, (max-width: 720px) 100vw, 720px\" \/><figcaption class=\"wp-element-caption\">mangime per pollo<\/figcaption><\/figure> <\/figure>    <h2 class=\"wp-block-heading\"><strong>Sono stati inviati 30 set di trituratori di paglia a una fattoria di bestiame a Dubai<\/strong><\/h2>    <p>Quest\u2019anno un grande cliente di allevamento del bestiame da Dubai, UAE, ha ordinato 30 set di trebbiatrici di steli di mais. Gestisce una societ\u00e0 agricola che si occupa principalmente di allevare bovini, ovini e cammelli, e a causa dell\u2019espansione recente del suo ranch, la domanda di attrezzature per il processamento del mangime \u00e8 aumentata rapidamente. <\/p>    <p>Dopo molte comunicazioni e conferme video, questo cliente ha deciso infine di acquistare 30 trinciatutto di paglia 9ZF-500B in una sola volta. Quando le macchine sono state completate, abbiamo effettuato un test dettagliato per garantire che funzionassero correttamente. Il nostro cliente \u00e8 stato molto soddisfatto dei risultati e ha immediatamente pagato il deposito completo. Abbiamo quindi organizzato la spedizione subito.<\/p>    <p>Our Dubai customer received the multifunctional silage cutters and immediately put them into use, which has achieved excellent results. &#8220;If the machine runs smoothly next year, we plan to order another batch to expand production,&#8221; he told me about his future projects and said he wants to work with us.<\/p>    <figure class=\"wp-block-gallery has-nested-images columns-2 is-cropped wp-block-gallery-6 is-layout-flex wp-block-gallery-is-layout-flex\"> <figure class=\"wp-block-image size-large\"><img loading=\"lazy\" decoding=\"async\" width=\"720\" height=\"540\" data-id=\"1141\" src=\"https:\/\/corn-machine.com\/wp-content\/uploads\/2025\/12\/30-sets-of-stalk-chopper-prepared.webp\" alt=\"30 set di trituratori di stelo preparati\" class=\"wp-image-1141\" title=\"\" srcset=\"https:\/\/corn-machine.com\/wp-content\/uploads\/2025\/12\/30-sets-of-stalk-chopper-prepared.webp 720w, https:\/\/corn-machine.com\/wp-content\/uploads\/2025\/12\/30-sets-of-stalk-chopper-prepared-300x225.webp 300w, https:\/\/corn-machine.com\/wp-content\/uploads\/2025\/12\/30-sets-of-stalk-chopper-prepared-16x12.webp 16w\" sizes=\"auto, (max-width: 720px) 100vw, 720px\" \/><figcaption class=\"wp-element-caption\">30 set di trituratori di stelo preparati<\/figcaption><\/figure>    <figure class=\"wp-block-image size-large\"><img loading=\"lazy\" decoding=\"async\" width=\"720\" height=\"540\" data-id=\"1142\" src=\"https:\/\/corn-machine.com\/wp-content\/uploads\/2025\/12\/chaff-cutter-completed.webp\" alt=\"tagliapaglia completato\" class=\"wp-image-1142\" title=\"\" srcset=\"https:\/\/corn-machine.com\/wp-content\/uploads\/2025\/12\/chaff-cutter-completed.webp 720w, https:\/\/corn-machine.com\/wp-content\/uploads\/2025\/12\/chaff-cutter-completed-300x225.webp 300w, https:\/\/corn-machine.com\/wp-content\/uploads\/2025\/12\/chaff-cutter-completed-16x12.webp 16w\" sizes=\"auto, (max-width: 720px) 100vw, 720px\" \/><figcaption class=\"wp-element-caption\">tagliapaglia completato<\/figcaption><\/figure>    <figure class=\"wp-block-image size-large\"><img loading=\"lazy\" decoding=\"async\" width=\"720\" height=\"540\" data-id=\"1144\" src=\"https:\/\/corn-machine.com\/wp-content\/uploads\/2025\/12\/cornmeal-and-chopped-dry-straw.webp\" alt=\"farina di mais e paglia tagliata secca\" class=\"wp-image-1144\" title=\"\" srcset=\"https:\/\/corn-machine.com\/wp-content\/uploads\/2025\/12\/cornmeal-and-chopped-dry-straw.webp 720w, https:\/\/corn-machine.com\/wp-content\/uploads\/2025\/12\/cornmeal-and-chopped-dry-straw-300x225.webp 300w, https:\/\/corn-machine.com\/wp-content\/uploads\/2025\/12\/cornmeal-and-chopped-dry-straw-16x12.webp 16w\" sizes=\"auto, (max-width: 720px) 100vw, 720px\" \/><figcaption class=\"wp-element-caption\">farina di mais e paglia tagliata secca<\/figcaption><\/figure>    <figure class=\"wp-block-image size-large\"><img loading=\"lazy\" decoding=\"async\" width=\"720\" height=\"540\" data-id=\"1143\" src=\"https:\/\/corn-machine.com\/wp-content\/uploads\/2025\/12\/test-of-rice-straw-shredder.webp\" alt=\"test del trituratore di paglia di riso\" class=\"wp-image-1143\" title=\"\" srcset=\"https:\/\/corn-machine.com\/wp-content\/uploads\/2025\/12\/test-of-rice-straw-shredder.webp 720w, https:\/\/corn-machine.com\/wp-content\/uploads\/2025\/12\/test-of-rice-straw-shredder-300x225.webp 300w, https:\/\/corn-machine.com\/wp-content\/uploads\/2025\/12\/test-of-rice-straw-shredder-16x12.webp 16w\" sizes=\"auto, (max-width: 720px) 100vw, 720px\" \/><figcaption class=\"wp-element-caption\">test del trituratore di paglia di riso<\/figcaption><\/figure> <\/figure>    <p>Contattaci per l\u2019ultimo prezzo di questa macchina. Oltre a questa, forniamo anche altri tagliatori di silaggio:  <\/p>    <ul class=\"wp-block-list\"> <li><a href=\"https:\/\/corn-machine.com\/it\/product\/affordable-small-chaff-cutter-machine\/\">Piccola macchina taglia-fieno per preparazione mangime per bovini<\/a><\/li>    <li><a href=\"https:\/\/corn-machine.com\/it\/product\/forage-chopper-for-silage-stalks-cutting\/\">Trinciatrice per foraggio per il taglio di stoppie di insilato<\/a><\/li> <\/ul>    <p>e macinatori di mais: <\/p>    <ul class=\"wp-block-list\"> <li><a href=\"https:\/\/corn-machine.com\/it\/product\/hammer-mill-grinder-for-corn\/\">Mulino a martelli per mais | Piccolo mulino per farina di mais<\/a><\/li>    <li><a href=\"https:\/\/corn-machine.com\/it\/product\/small-maize-grinding-machine\/\">Piccola Macchina per Macinazione Mais | Macchina per Macinazione Cereali a Disco<\/a><\/li> <\/ul>","protected":false},"excerpt":{"rendered":"<p>The multi-functional straw and grain crusher is a comprehensive agricultural equipment that integrates forage cutting, and grain crushing. It efficiently processes various raw materials into usable feed, making it widely used by livestock farmers, feed processors, and small farms.<\/p>","protected":false},"author":1,"featured_media":1158,"parent":0,"template":"","tags":[31,55],"product-type":[57],"class_list":["post-1134","product","type-product","status-publish","has-post-thumbnail","hentry","tag-corn","tag-cornsilage","product-type-corn-stalk-silage-crusher"],"_links":{"self":[{"href":"https:\/\/corn-machine.com\/it\/wp-json\/wp\/v2\/product\/1134","targetHints":{"allow":["GET"]}}],"collection":[{"href":"https:\/\/corn-machine.com\/it\/wp-json\/wp\/v2\/product"}],"about":[{"href":"https:\/\/corn-machine.com\/it\/wp-json\/wp\/v2\/types\/product"}],"author":[{"embeddable":true,"href":"https:\/\/corn-machine.com\/it\/wp-json\/wp\/v2\/users\/1"}],"wp:featuredmedia":[{"embeddable":true,"href":"https:\/\/corn-machine.com\/it\/wp-json\/wp\/v2\/media\/1158"}],"wp:attachment":[{"href":"https:\/\/corn-machine.com\/it\/wp-json\/wp\/v2\/media?parent=1134"}],"wp:term":[{"taxonomy":"post_tag","embeddable":true,"href":"https:\/\/corn-machine.com\/it\/wp-json\/wp\/v2\/tags?post=1134"},{"taxonomy":"product-type","embeddable":true,"href":"https:\/\/corn-machine.com\/it\/wp-json\/wp\/v2\/product-type?post=1134"}],"curies":[{"name":"wp","href":"https:\/\/api.w.org\/{rel}","templated":true}]}}