{"id":1235,"date":"2025-12-29T17:03:40","date_gmt":"2025-12-29T09:03:40","guid":{"rendered":"https:\/\/corn-machine.com\/?post_type=product&#038;p=1235"},"modified":"2026-04-10T09:49:35","modified_gmt":"2026-04-10T01:49:35","slug":"taizy-new-corn-silage-baler-machine","status":"publish","type":"product","link":"https:\/\/corn-machine.com\/it\/product\/taizy-new-corn-silage-baler-machine\/","title":{"rendered":"Macchina per balle di insilato di mais Taizy New Corn Silage Baler"},"content":{"rendered":"<p class=\"translation-block\">Taizy ha lanciato una nuova generazione di <strong>balle di silo di mais<\/strong>, offrendo una soluzione completamente aggiornata per l'imballaggio e la conservazione del silo, progettata specificamente per le fattorie moderne e le imprese di lavorazione del mangime.<\/p>    <p>Attraverso i nostri aggiornamenti, questa macchina ora presenta un sistema di imballaggio doppio, consentendo un imballaggio pi\u00f9 rapido del mangime con un'efficienza di produzione di 50-75 balle\/ora e una capacit\u00e0 di carico di 90-200 kg\/balle.<\/p>    <p>La nostra mietitrice e macchina avvolgitrice \u00e8 molto popolare in paesi come Spagna, Uganda e India. Molti clienti hanno anche visitato la nostra fabbrica per testare la macchina e sperimentare le sue prestazioni reali. Di seguito un video del nostro cliente dall'Uzbekistan che visita la nostra fabbrica.<\/p>    <figure class=\"wp-block-embed aligncenter is-type-video is-provider-youtube wp-block-embed-youtube wp-embed-aspect-16-9 wp-has-aspect-ratio\"><div class=\"wp-block-embed__wrapper\"> <iframe loading=\"lazy\" title=\"Visita alla fabbrica del cliente in Uzbekistan per il test della macchina insilatrice Contatto:  8617703863868\" width=\"500\" height=\"281\" src=\"https:\/\/www.youtube.com\/embed\/waZQXsokObo?feature=oembed\" frameborder=\"0\" allow=\"accelerometer; autoplay; clipboard-write; encrypted-media; gyroscope; picture-in-picture; web-share\" referrerpolicy=\"strict-origin-when-cross-origin\" allowfullscreen><\/iframe> <\/div><figcaption class=\"wp-element-caption\">Visita alla fabbrica del cliente in Uzbekistan per la mietitrice di insilato di mais<\/figcaption><\/figure>    <h2 class=\"wp-block-heading\"><strong>Quali parti abbiamo aggiornato?<\/strong><\/h2>    <h3 class=\"wp-block-heading\"><strong>Il modello aggiornato 9YDB-60-2 fienagione e avvolgitrice<\/strong><\/h3>    <p>Rispetto ai modelli tradizionali, questa nuova generazione di insilatori di mais utilizza la baler a cinghia invece della compressione a rulli, offrendo i seguenti vantaggi significativi:<\/p>    <ul class=\"wp-block-list\"> <li>Densit\u00e0 di balletta superiore: La balletta a nastro garantisce balle pi\u00f9 compatte e pi\u00f9 uniformi.<\/li>    <li>The base plate is replaced with a pickled steel plate: This provides better rust and corrosion resistance, significantly extending the machine&#8217;s service life.<\/li>    <li>Velocit\u00e0 di pressatura pi\u00f9 rapida: l'aggiunta di un sistema a doppio braccio garantisce migliori prestazioni di pressatura e una capacit\u00e0 di produzione pi\u00f9 elevata.<\/li> <\/ul>    <p>Rispetto ad altri modelli, il 9YDB-60-2 utilizza un film di confezionamento e un sistema di nastro trasportatore a catena, risultando in un imballaggio migliore e in una riduzione delle perdite di materiale. Questo aggiornamento include anche una pompa dell'aria aggiornata con una capacit\u00e0 di 90L, supportando velocit\u00e0 di confezionamento pi\u00f9 rapide e maggiore efficienza.<\/p>    <figure class=\"wp-block-gallery has-nested-images columns-default is-cropped wp-block-gallery-2 is-layout-flex wp-block-gallery-is-layout-flex\"> <figure class=\"wp-block-image size-large\"><img loading=\"lazy\" decoding=\"async\" width=\"720\" height=\"540\" data-id=\"1248\" src=\"https:\/\/corn-machine.com\/wp-content\/uploads\/2025\/12\/corn-stalk-silage-wrapper.webp\" alt=\"Avvolgitore di silo di mais a doppio strato\" class=\"wp-image-1248\" title=\"\" srcset=\"https:\/\/corn-machine.com\/wp-content\/uploads\/2025\/12\/corn-stalk-silage-wrapper.webp 720w, https:\/\/corn-machine.com\/wp-content\/uploads\/2025\/12\/corn-stalk-silage-wrapper-300x225.webp 300w, https:\/\/corn-machine.com\/wp-content\/uploads\/2025\/12\/corn-stalk-silage-wrapper-16x12.webp 16w\" sizes=\"auto, (max-width: 720px) 100vw, 720px\" \/><figcaption class=\"wp-element-caption\">Avvolgitore di silo di mais a doppio strato<\/figcaption><\/figure>    <figure class=\"wp-block-image size-full\"><img loading=\"lazy\" decoding=\"async\" width=\"720\" height=\"540\" data-id=\"1319\" src=\"https:\/\/corn-machine.com\/wp-content\/uploads\/2025\/12\/T60-baler-film.webp\" alt=\"Film della pressa T60\" class=\"wp-image-1319\" title=\"\" srcset=\"https:\/\/corn-machine.com\/wp-content\/uploads\/2025\/12\/T60-baler-film.webp 720w, https:\/\/corn-machine.com\/wp-content\/uploads\/2025\/12\/T60-baler-film-300x225.webp 300w, https:\/\/corn-machine.com\/wp-content\/uploads\/2025\/12\/T60-baler-film-16x12.webp 16w\" sizes=\"auto, (max-width: 720px) 100vw, 720px\" \/><figcaption class=\"wp-element-caption\">Film per balle di 9YDB-60-2<\/figcaption><\/figure> <\/figure>    <p>Dopo l'avvolgimento, si crea un ambiente di fermentazione migliore per il silo, producendo batteri benefici e proteine pi\u00f9 facilmente assorbibili dal bestiame. Ci\u00f2 contribuisce direttamente a migliorare i tassi di conversione del mangime e a promuovere una crescita pi\u00f9 rapida del bestiame.<\/p>    <figure class=\"wp-block-embed aligncenter is-type-video is-provider-youtube wp-block-embed-youtube wp-embed-aspect-16-9 wp-has-aspect-ratio\"><div class=\"wp-block-embed__wrapper\"> <iframe loading=\"lazy\" title=\"Spiegazione dettagliata della nuova generazione di mietitrebbie T60 per insilato di mais Contatto:\" width=\"500\" height=\"281\" src=\"https:\/\/www.youtube.com\/embed\/43791YedX7U?feature=oembed\" frameborder=\"0\" allow=\"accelerometer; autoplay; clipboard-write; encrypted-media; gyroscope; picture-in-picture; web-share\" referrerpolicy=\"strict-origin-when-cross-origin\" allowfullscreen><\/iframe> <\/div><figcaption class=\"wp-element-caption\">video di lavoro del nuovo generazione di balle di mais insilato 9YDB-60-2<\/figcaption><\/figure>    <h3 class=\"wp-block-heading\"><strong>Il modello aggiornato 9YDB-70 pressa insilato di mais<\/strong><\/h3>    <p>Il pressa insilato di mais 9YDB-70 ha solo il motore elettrico come alimentazione. Ecco i parametri speciali della sua rete di imballaggio e del film.<\/p>    <figure class=\"wp-block-table\"><table class=\"has-fixed-layout\"><tbody><tr><td>\/<\/td><td class=\"has-text-align-center\" data-align=\"center\">Rete di plastica<\/td><td class=\"has-text-align-center\" data-align=\"center\">Film<\/td><\/tr><tr><td>Larghezza<\/td><td class=\"has-text-align-center\" data-align=\"center\">70cm<\/td><td class=\"has-text-align-center\" data-align=\"center\">33cm<\/td><\/tr><tr><td>Spessore<\/td><td class=\"has-text-align-center\" data-align=\"center\">25um<\/td><td class=\"has-text-align-center\" data-align=\"center\">25um<\/td><\/tr><tr><td>Peso<\/td><td class=\"has-text-align-center\" data-align=\"center\">10kg<\/td><td class=\"has-text-align-center\" data-align=\"center\">11,4kg<\/td><\/tr><tr><td>Lunghezza totale<\/td><td class=\"has-text-align-center\" data-align=\"center\">1500m<\/td><td class=\"has-text-align-center\" data-align=\"center\">1800m<\/td><\/tr><\/tbody><\/table><figcaption class=\"wp-element-caption\">specifiche della rete e del film<\/figcaption><\/figure>    <figure class=\"wp-block-gallery has-nested-images columns-2 is-cropped wp-block-gallery-3 is-layout-flex wp-block-gallery-is-layout-flex\"> <figure class=\"wp-block-image size-large\"><img loading=\"lazy\" decoding=\"async\" width=\"720\" height=\"540\" data-id=\"1302\" src=\"https:\/\/corn-machine.com\/wp-content\/uploads\/2025\/12\/plastic-net.webp\" alt=\"Rete di plastica 9YDB-70\" class=\"wp-image-1302\" title=\"\" srcset=\"https:\/\/corn-machine.com\/wp-content\/uploads\/2025\/12\/plastic-net.webp 720w, https:\/\/corn-machine.com\/wp-content\/uploads\/2025\/12\/plastic-net-300x225.webp 300w, https:\/\/corn-machine.com\/wp-content\/uploads\/2025\/12\/plastic-net-16x12.webp 16w\" sizes=\"auto, (max-width: 720px) 100vw, 720px\" \/><figcaption class=\"wp-element-caption\">Rete di plastica 9YDB-70<\/figcaption><\/figure>    <figure class=\"wp-block-image size-large\"><img loading=\"lazy\" decoding=\"async\" width=\"720\" height=\"540\" data-id=\"1301\" src=\"https:\/\/corn-machine.com\/wp-content\/uploads\/2025\/12\/film-packaging-system.webp\" alt=\"Sistema di imballaggio con film 9YDB-70\" class=\"wp-image-1301\" title=\"\" srcset=\"https:\/\/corn-machine.com\/wp-content\/uploads\/2025\/12\/film-packaging-system.webp 720w, https:\/\/corn-machine.com\/wp-content\/uploads\/2025\/12\/film-packaging-system-300x225.webp 300w, https:\/\/corn-machine.com\/wp-content\/uploads\/2025\/12\/film-packaging-system-16x12.webp 16w\" sizes=\"auto, (max-width: 720px) 100vw, 720px\" \/><figcaption class=\"wp-element-caption\">Sistema di imballaggio con film 9YDB-70<\/figcaption><\/figure> <\/figure>    <p>Come uno dei modelli pi\u00f9 venduti, il 9YDB-70 \u00e8 stato anche aggiornato e migliorato. \u00c8 stato aggiunto un nuovo dispositivo di riciclo dei rifiuti, che pu\u00f2 raccogliere efficacemente il materiale disperso durante il processo di alimentazione, riducendo significativamente gli sprechi.<\/p>    <p>Nel frattempo, la macchina per imballaggio di insilato modello 9YDB-70 pu\u00f2 essere utilizzata anche in combinazione con un imbuto del materiale, consentendo un'alimentazione di grandi quantit\u00e0 e centralizzata, migliorando significativamente l'efficienza dell'alimentazione.<\/p>    <figure class=\"wp-block-gallery has-nested-images columns-default is-cropped wp-block-gallery-4 is-layout-flex wp-block-gallery-is-layout-flex\"> <figure class=\"wp-block-image size-large\"><img loading=\"lazy\" decoding=\"async\" width=\"720\" height=\"540\" data-id=\"1325\" src=\"https:\/\/corn-machine.com\/wp-content\/uploads\/2025\/12\/baling-and-wrapping-machine-with-material-recycling-system.webp\" alt=\"macchina per balle e avvolgimento con sistema di riciclo dei materiali\" class=\"wp-image-1325\" title=\"\" srcset=\"https:\/\/corn-machine.com\/wp-content\/uploads\/2025\/12\/baling-and-wrapping-machine-with-material-recycling-system.webp 720w, https:\/\/corn-machine.com\/wp-content\/uploads\/2025\/12\/baling-and-wrapping-machine-with-material-recycling-system-300x225.webp 300w, https:\/\/corn-machine.com\/wp-content\/uploads\/2025\/12\/baling-and-wrapping-machine-with-material-recycling-system-16x12.webp 16w\" sizes=\"auto, (max-width: 720px) 100vw, 720px\" \/><figcaption class=\"wp-element-caption\">macchina per balle e avvolgimento con sistema di riciclo dei materiali<\/figcaption><\/figure>    <figure class=\"wp-block-image size-large\"><img loading=\"lazy\" decoding=\"async\" width=\"720\" height=\"540\" data-id=\"1324\" src=\"https:\/\/corn-machine.com\/wp-content\/uploads\/2025\/12\/baling-and-wrapping-machine-material-hopper.webp\" alt=\"Imbuto del materiale della macchina per balle e avvolgimento\" class=\"wp-image-1324\" title=\"\" srcset=\"https:\/\/corn-machine.com\/wp-content\/uploads\/2025\/12\/baling-and-wrapping-machine-material-hopper.webp 720w, https:\/\/corn-machine.com\/wp-content\/uploads\/2025\/12\/baling-and-wrapping-machine-material-hopper-300x225.webp 300w, https:\/\/corn-machine.com\/wp-content\/uploads\/2025\/12\/baling-and-wrapping-machine-material-hopper-16x12.webp 16w\" sizes=\"auto, (max-width: 720px) 100vw, 720px\" \/><figcaption class=\"wp-element-caption\">Imbuto del materiale della macchina per balle e avvolgimento<\/figcaption><\/figure> <\/figure>    <h2 class=\"wp-block-heading\"><strong>Soluzioni personalizzate di potenza e configurazione per avvolgitori di balle quadrate<\/strong><\/h2>    <p>Per soddisfare le diverse esigenze operative delle aziende agricole in diversi paesi e regioni, offriamo soluzioni personalizzate flessibili e pratiche per ogni imballatrice di balle quadrate. In base alle infrastrutture locali, alle dimensioni della fattoria e alle abitudini degli utenti, possiamo adattare la macchina per garantire un funzionamento stabile e affidabilit\u00e0 a lungo termine.<\/p>    <p>Offriamo solo un motore elettrico raccomandato per aree con fornitura di energia industriale stabile, adatto a aziende agricole zootecniche fisse e centri di lavorazione del mangime.<\/p>   <div class=\"wp-block-image\"> <figure class=\"aligncenter size-full\"><img loading=\"lazy\" decoding=\"async\" width=\"720\" height=\"540\" src=\"https:\/\/corn-machine.com\/wp-content\/uploads\/2025\/12\/9YDB-70-silage-wrapper-with-electric-motor.webp\" alt=\"Imballatrice per insilato 9YDB-70 con motore elettrico\" class=\"wp-image-1300\" title=\"\" srcset=\"https:\/\/corn-machine.com\/wp-content\/uploads\/2025\/12\/9YDB-70-silage-wrapper-with-electric-motor.webp 720w, https:\/\/corn-machine.com\/wp-content\/uploads\/2025\/12\/9YDB-70-silage-wrapper-with-electric-motor-300x225.webp 300w, https:\/\/corn-machine.com\/wp-content\/uploads\/2025\/12\/9YDB-70-silage-wrapper-with-electric-motor-16x12.webp 16w\" sizes=\"auto, (max-width: 720px) 100vw, 720px\" \/><figcaption class=\"wp-element-caption\">Imballatrice di insilato 9YDB-70 con motore elettrico<\/figcaption><\/figure> <\/div>   <p>Per diverse dimensioni di fattoria e obiettivi di produzione, i nostri insilatori di mais possono essere personalizzati nei seguenti aspetti:<\/p>    <ul class=\"wp-block-list\"> <li>Dimensione della cintura del convogliatore di alimentazione<\/li>    <li>Velocit\u00e0 di balletta e produzione<\/li>    <li>Dimensione e peso della balla<\/li>    <li>Alimentatori opzionali, miscelatori o elevatori<\/li> <\/ul>    <figure class=\"wp-block-gallery has-nested-images columns-default is-cropped wp-block-gallery-5 is-layout-flex wp-block-gallery-is-layout-flex\"> <figure class=\"wp-block-image size-full\"><img loading=\"lazy\" decoding=\"async\" width=\"720\" height=\"540\" data-id=\"1271\" src=\"https:\/\/corn-machine.com\/wp-content\/uploads\/2025\/12\/Double-layer-film-wrapping-baler.webp\" alt=\"Pressa avvolgitrice a doppio strato\" class=\"wp-image-1271\" title=\"\" srcset=\"https:\/\/corn-machine.com\/wp-content\/uploads\/2025\/12\/Double-layer-film-wrapping-baler.webp 720w, https:\/\/corn-machine.com\/wp-content\/uploads\/2025\/12\/Double-layer-film-wrapping-baler-300x225.webp 300w, https:\/\/corn-machine.com\/wp-content\/uploads\/2025\/12\/Double-layer-film-wrapping-baler-16x12.webp 16w\" sizes=\"auto, (max-width: 720px) 100vw, 720px\" \/><figcaption class=\"wp-element-caption\">Pressa avvolgitrice a doppio strato<\/figcaption><\/figure>    <figure class=\"wp-block-image size-large\"><img loading=\"lazy\" decoding=\"async\" width=\"720\" height=\"540\" data-id=\"1247\" src=\"https:\/\/corn-machine.com\/wp-content\/uploads\/2025\/12\/belt-conveyor.webp\" alt=\"Convogliatore a nastro\" class=\"wp-image-1247\" title=\"\" srcset=\"https:\/\/corn-machine.com\/wp-content\/uploads\/2025\/12\/belt-conveyor.webp 720w, https:\/\/corn-machine.com\/wp-content\/uploads\/2025\/12\/belt-conveyor-300x225.webp 300w, https:\/\/corn-machine.com\/wp-content\/uploads\/2025\/12\/belt-conveyor-16x12.webp 16w\" sizes=\"auto, (max-width: 720px) 100vw, 720px\" \/><figcaption class=\"wp-element-caption\">Convogliatore a nastro<\/figcaption><\/figure> <\/figure>    <p>Taizy&#8217;s customized solutions are designed to help customers maximize equipment utilization while controlling initial investment and operating costs.<\/p>    <h2 class=\"wp-block-heading\"><strong>Principali specifiche tecniche della balletta di silo di mais<\/strong><\/h2>    <figure class=\"wp-block-table\"><table><tbody><tr><td>Modello<\/td><td class=\"has-text-align-center\" data-align=\"center\">9YDB-60-2<\/td><td class=\"has-text-align-center\" data-align=\"center\">9YDB-70<\/td><\/tr><tr><td>Potenza<\/td><td class=\"has-text-align-center\" data-align=\"center\">7.5kW 0.75kw<\/td><td class=\"has-text-align-center\" data-align=\"center\">11kw 0.55kw 0.75kw<br>3kw 0.37kw<\/td><\/tr><tr><td>Dimensione della balla<\/td><td class=\"has-text-align-center\" data-align=\"center\">\u03c6650*520mm<\/td><td class=\"has-text-align-center\" data-align=\"center\">\u03c6700*700mm<\/td><\/tr><tr><td>Peso della balla<\/td><td class=\"has-text-align-center\" data-align=\"center\">90-140kg\/balla<\/td><td class=\"has-text-align-center\" data-align=\"center\">150-200kg\/balla<\/td><\/tr><tr><td>Capacit\u00e0<\/td><td class=\"has-text-align-center\" data-align=\"center\">50-75balle\/h<\/td><td class=\"has-text-align-center\" data-align=\"center\">55-75 balle\/h<\/td><\/tr><tr><td>Volume del compressore d'aria<\/td><td class=\"has-text-align-center\" data-align=\"center\">0.09m\u00b3<\/td><td class=\"has-text-align-center\" data-align=\"center\">0.36m\u00b3<\/td><\/tr><tr><td>Convogliatore di alimentazione<\/td><td class=\"has-text-align-center\" data-align=\"center\">600*520mm<\/td><td class=\"has-text-align-center\" data-align=\"center\">700*2100mm<\/td><\/tr><tr><td>Taglio della pellicola<\/td><td class=\"has-text-align-center\" data-align=\"center\">Automatico<\/td><td class=\"has-text-align-center\" data-align=\"center\">Automatico<\/td><\/tr><tr><td>Efficienza di avvolgimento<\/td><td class=\"has-text-align-center\" data-align=\"center\">\/<\/td><td class=\"has-text-align-center\" data-align=\"center\">6 strati in 22 secondi<\/td><\/tr><tr><td>Dimensioni<\/td><td class=\"has-text-align-center\" data-align=\"center\">3500*1450*1550mm<\/td><td class=\"has-text-align-center\" data-align=\"center\">4500*1900*2000mm<\/td><\/tr><tr><td>Peso<\/td><td class=\"has-text-align-center\" data-align=\"center\">\/<\/td><td class=\"has-text-align-center\" data-align=\"center\">1100kg<\/td><\/tr><\/tbody><\/table><figcaption class=\"wp-element-caption\">parametri della macchina per balle di silo di fieno<\/figcaption><\/figure>    <figure class=\"wp-block-gallery has-nested-images columns-default is-cropped wp-block-gallery-6 is-layout-flex wp-block-gallery-is-layout-flex\"> <figure class=\"wp-block-image size-large\"><img loading=\"lazy\" decoding=\"async\" width=\"720\" height=\"540\" data-id=\"1244\" src=\"https:\/\/corn-machine.com\/wp-content\/uploads\/2025\/12\/9YDB-60-round-bale-silage-wrapper.webp\" alt=\"Avvolgitrice di balle rotonde di 9YDB-60-2\" class=\"wp-image-1244\" title=\"\" srcset=\"https:\/\/corn-machine.com\/wp-content\/uploads\/2025\/12\/9YDB-60-round-bale-silage-wrapper.webp 720w, https:\/\/corn-machine.com\/wp-content\/uploads\/2025\/12\/9YDB-60-round-bale-silage-wrapper-300x225.webp 300w, https:\/\/corn-machine.com\/wp-content\/uploads\/2025\/12\/9YDB-60-round-bale-silage-wrapper-16x12.webp 16w\" sizes=\"auto, (max-width: 720px) 100vw, 720px\" \/><figcaption class=\"wp-element-caption\">Avvolgitrice di balle rotonde di 9YDB-60-2<\/figcaption><\/figure>    <figure class=\"wp-block-image size-large\"><img loading=\"lazy\" decoding=\"async\" width=\"720\" height=\"540\" data-id=\"1245\" src=\"https:\/\/corn-machine.com\/wp-content\/uploads\/2025\/12\/9YDB-70-silage-baller.webp\" alt=\"balle di silo di mais 9YDB-70\" class=\"wp-image-1245\" title=\"\" srcset=\"https:\/\/corn-machine.com\/wp-content\/uploads\/2025\/12\/9YDB-70-silage-baller.webp 720w, https:\/\/corn-machine.com\/wp-content\/uploads\/2025\/12\/9YDB-70-silage-baller-300x225.webp 300w, https:\/\/corn-machine.com\/wp-content\/uploads\/2025\/12\/9YDB-70-silage-baller-16x12.webp 16w\" sizes=\"auto, (max-width: 720px) 100vw, 720px\" \/><figcaption class=\"wp-element-caption\">balle di silo di mais 9YDB-70<\/figcaption><\/figure> <\/figure>    <p class=\"translation-block\">Se hai altri problemi con questa macchina, contattaci per ulteriori dettagli. Oltre a questo tipo, forniamo anche l'avvolgitrice di balle di piccole dimensioni: <a href=\"https:\/\/corn-machine.com\/it\/product\/corn-silage-bale-wrapper-machine\/\">TZ 55-52<\/a>.<\/p>    <h2 class=\"wp-block-heading\"><strong>Scenari di applicazione della macchina per balle di silo di mais<\/strong><\/h2>    <p>La balletta di silo di mais \u00e8 progettata per un'elaborazione intensiva di silo e la conservazione di grandi quantit\u00e0 di mangime. A seconda delle diverse dimensioni e capacit\u00e0 delle balle, questa attrezzatura \u00e8 ampiamente utilizzata nell'industria del bestiame.<\/p>    <p>Le fattorie di bestiame, le fattorie di latte e le fattorie di pecore con elevati requisiti di alimentazione quotidiana sono candidati ideali per questa macchina, poich\u00e9 la sua balletta ad alta densit\u00e0 e l'imballaggio sigillato aiutano a mantenere una qualit\u00e0 costante del mangime durante tutto l'anno.<\/p>    <p>Molti dei nostri clienti usano anche questa macchina nei loro centri di lavorazione del silo e cooperative, servendo pi\u00f9 fattorie per la produzione centralizzata di silo. Questa macchina aiuta a migliorare l'efficienza del processo e a ridurre i costi operativi unitari.<\/p>    <h2 class=\"wp-block-heading\"><strong>FAQ della nuova macchina per balle e avvolgimento di fieno<\/strong><\/h2>   <div id=\"rank-math-faq\" class=\"rank-math-block\"> <div class=\"rank-math-list\"> <div id=\"faq-question-1766995032267\" class=\"rank-math-list-item\"> <h3 class=\"rank-math-question\">Quali materiali pu\u00f2 processare una balletta di silo di mais?<\/h3> <div class=\"rank-math-answer\">  <p>Una avvolgitrice di silo di mais rotonda \u00e8 adatta per balle di silo di mais, paglia di grano, paglia di riso, erba da foraggio, alfalfa e altre colture da mangime. I materiali devono essere prima tritati con un trinciatutto o un mietitore di silo prima di essere balletti.<\/p>  <\/div> <\/div> <div id=\"faq-question-1766995067394\" class=\"rank-math-list-item\"> <h3 class=\"rank-math-question\">Qual \u00e8 la differenza tra una balletta a nastro e una a rulli?<\/h3> <div class=\"rank-math-answer\">  <p>Una struttura di balletta a nastro produce una densit\u00e0 di balle pi\u00f9 elevata, riduce le perdite di materiale e crea balle pi\u00f9 uniformi. \u00c8 particolarmente adatta per silo che richiedono sigillatura ermetica e fermentazione stabile.<\/p>  <\/div> <\/div> <div id=\"faq-question-1766995103147\" class=\"rank-math-list-item\"> <h3 class=\"rank-math-question\">Perch\u00e9 \u00e8 necessario avvolgere dopo la balletta di silo di mais?<\/h3> <div class=\"rank-math-answer\">  <p>La confezione del mangime crea un ambiente anaerobico, consentendo ai batteri dell'acido lattico di crescere naturalmente. Questo processo di fermentazione non solo preserva i nutrienti, ma previene anche muffe e deterioramenti, migliorando la palatabilit\u00e0 del mangime.<\/p>  <\/div> <\/div> <div id=\"faq-question-1766995146442\" class=\"rank-math-list-item\"> <h3 class=\"rank-math-question\">Quanto tempo pu\u00f2 essere conservato il silo avvolto?<\/h3> <div class=\"rank-math-answer\">  <p class=\"translation-block\">Under normal conditions, well-wrapped silage bales can be stored for <strong>6\u201312 months or longer<\/strong>, depending on the material&#8217;s moisture content, sealing quality, and storage environment.<\/p>  <\/div> <\/div> <div id=\"faq-question-1766995183781\" class=\"rank-math-list-item\"> <h3 class=\"rank-math-question\">La macchina pu\u00f2 funzionare sia con pellicola di plastica che con rete di plastica?<\/h3> <div class=\"rank-math-answer\">  <p>S\u00ec. Questo insilatore di mais pu\u00f2 utilizzare sia pellicola plastica per fermentazione ermetica sia rete plastica. La configurazione pu\u00f2 essere personalizzata per soddisfare le tue esigenze specifiche.<\/p>  <\/div> <\/div> <div id=\"faq-question-1766995229730\" class=\"rank-math-list-item\"> <h3 class=\"rank-math-question\">Quali opzioni di alimentazione sono disponibili?<\/h3> <div class=\"rank-math-answer\">  <p>Offriamo due opzioni di alimentazione: motore elettrico e motore diesel. Puoi scegliere quella pi\u00f9 adatta alle condizioni energetiche locali.<\/p>  <\/div> <\/div> <\/div> <\/div>   <h2 class=\"wp-block-heading\"><strong>Benvenuto a stabilire una partnership con Taizy\uff01<\/strong><\/h2>    <p>As one of Taizy&#8217;s most popular machines, our baler and wrapper machine, through continuous upgrades, has met the diverse needs of customers worldwide and has established long-term partnerships with customers in many countries.<\/p>    <p>Le nostre presse e avvolgitrici sono di alta qualit\u00e0, offrono velocit\u00e0 di pressatura e avvolgimento elevate e rappresentano un ottimo rapporto qualit\u00e0-prezzo. Taizy produce macchinari da oltre 40 anni ed \u00e8 impegnata a promuovere lo sviluppo dell'agricoltura in tutto il mondo. <\/p>    <p>Se desideri diventare nostro partner, contattaci!<\/p>   <div class=\"wp-block-image\"> <figure class=\"aligncenter size-large\"><img loading=\"lazy\" decoding=\"async\" width=\"720\" height=\"540\" src=\"https:\/\/corn-machine.com\/wp-content\/uploads\/2025\/12\/bale-wrapper-1.webp\" alt=\"avvolgibale\" class=\"wp-image-1246\" title=\"\" srcset=\"https:\/\/corn-machine.com\/wp-content\/uploads\/2025\/12\/bale-wrapper-1.webp 720w, https:\/\/corn-machine.com\/wp-content\/uploads\/2025\/12\/bale-wrapper-1-300x225.webp 300w, https:\/\/corn-machine.com\/wp-content\/uploads\/2025\/12\/bale-wrapper-1-16x12.webp 16w\" sizes=\"auto, (max-width: 720px) 100vw, 720px\" \/><figcaption class=\"wp-element-caption\">avvolgibale<\/figcaption><\/figure> <\/div>   <p>Se desideri saperne di pi\u00f9 su questa ultima macchina di balletta e avvolgimento a doppio strato, contattaci. Ti forniremo il listino prezzi pi\u00f9 dettagliato.<\/p>","protected":false},"excerpt":{"rendered":"<p>The new generation corn silage baler integrates belt-type high-density baling functions, employing dual-film technology to significantly increase baling speed by 30%. With its customizable power system and configuration, it has become one of the most popular and efficient baling and wrapping solutions.<\/p>","protected":false},"author":1,"featured_media":1251,"parent":0,"template":"","tags":[55],"product-type":[59],"class_list":["post-1235","product","type-product","status-publish","has-post-thumbnail","hentry","tag-cornsilage","product-type-corn-silage-baler"],"_links":{"self":[{"href":"https:\/\/corn-machine.com\/it\/wp-json\/wp\/v2\/product\/1235","targetHints":{"allow":["GET"]}}],"collection":[{"href":"https:\/\/corn-machine.com\/it\/wp-json\/wp\/v2\/product"}],"about":[{"href":"https:\/\/corn-machine.com\/it\/wp-json\/wp\/v2\/types\/product"}],"author":[{"embeddable":true,"href":"https:\/\/corn-machine.com\/it\/wp-json\/wp\/v2\/users\/1"}],"wp:featuredmedia":[{"embeddable":true,"href":"https:\/\/corn-machine.com\/it\/wp-json\/wp\/v2\/media\/1251"}],"wp:attachment":[{"href":"https:\/\/corn-machine.com\/it\/wp-json\/wp\/v2\/media?parent=1235"}],"wp:term":[{"taxonomy":"post_tag","embeddable":true,"href":"https:\/\/corn-machine.com\/it\/wp-json\/wp\/v2\/tags?post=1235"},{"taxonomy":"product-type","embeddable":true,"href":"https:\/\/corn-machine.com\/it\/wp-json\/wp\/v2\/product-type?post=1235"}],"curies":[{"name":"wp","href":"https:\/\/api.w.org\/{rel}","templated":true}]}}