{"id":1505,"date":"2026-02-10T13:49:40","date_gmt":"2026-02-10T05:49:40","guid":{"rendered":"https:\/\/corn-machine.com\/?post_type=product&#038;p=1505"},"modified":"2026-02-10T14:12:13","modified_gmt":"2026-02-10T06:12:13","slug":"small-type-corn-seed-remover-machine","status":"publish","type":"product","link":"https:\/\/corn-machine.com\/it\/product\/small-type-corn-seed-remover-machine\/","title":{"rendered":"Macchina automatica per la rimozione di semi di mais di piccole dimensioni"},"content":{"rendered":"<p class=\"translation-block\">La <strong>macchina per la rimozione dei semi di mais<\/strong> \u00e8 progettata specificamente per piccole e medie aziende agricole. \u00c8 compatta e ha un'alta efficienza di trebbiatura di 3-4 tonnellate all'ora con 3 opzioni di alimentazione (motore a benzina, motore diesel e motore elettrico). <\/p>    <p>Rispetta gli standard internazionali di esportazione di macchinari come CE, rendendola una scelta ideale per utenti individuali e distributori. Le macchine sono vendute direttamente dalla fabbrica con sconti speciali per acquisti in grandi quantit\u00e0.<\/p>    <figure class=\"wp-block-embed aligncenter is-type-video is-provider-youtube wp-block-embed-youtube wp-embed-aspect-16-9 wp-has-aspect-ratio\"><div class=\"wp-block-embed__wrapper\"> <iframe loading=\"lazy\" title=\"Corn Seed Remover Machine 3\u20134t\/h | Structure &amp; Working Performance Test Contact: +8617703863868\" width=\"500\" height=\"281\" src=\"https:\/\/www.youtube.com\/embed\/c4dhKK8s3h8?feature=oembed\" frameborder=\"0\" allow=\"accelerometer; autoplay; clipboard-write; encrypted-media; gyroscope; picture-in-picture; web-share\" referrerpolicy=\"strict-origin-when-cross-origin\" allowfullscreen><\/iframe> <\/div><figcaption class=\"wp-element-caption\">Video di funzionamento della macchina per la rimozione dei semi di mais<\/figcaption><\/figure>    <h2 class=\"wp-block-heading\"><strong>Vantaggi principali della macchina per la rimozione dei semi di mais<\/strong><\/h2>    <ul class=\"wp-block-list\"> <li>A differenza delle attrezzature di trebbiatura convenzionali, questa trebbiatrice di mais utilizza un tamburo di trebbiatura e uno schermo concavo progettati scientificamente, risultando in un alto tasso di separazione dei chicchi di mais, basso tasso di rottura dei chicchi e uscita pulita con impurit\u00e0 minime.<\/li>    <li>La macchina sgusciatrice di mais ha un ingombro ridotto e un design compatto e integrato, che facilita la spedizione in container e riduce i costi logistici, oltre a semplificare l'installazione e l'uso per l'utente finale.<\/li>    <li>Per soddisfare esigenze diverse, sono disponibili tre opzioni di alimentazione: motore elettrico, motore diesel e motore a benzina. Inoltre, questa trebbiatrice di mais agricola pu\u00f2 essere personalizzata con pneumatici, colori e altro.<\/li> <\/ul>    <figure class=\"wp-block-gallery has-nested-images columns-default is-cropped wp-block-gallery-2 is-layout-flex wp-block-gallery-is-layout-flex\"> <figure class=\"wp-block-image size-large\"><img loading=\"lazy\" decoding=\"async\" width=\"720\" height=\"540\" data-id=\"1516\" src=\"https:\/\/corn-machine.com\/wp-content\/uploads\/2026\/02\/maize-sheller-maize-shelling-machine.webp\" alt=\"sgusciatore di mais macchina per la sgusciatura del mais\" class=\"wp-image-1516\" title=\"\" srcset=\"https:\/\/corn-machine.com\/wp-content\/uploads\/2026\/02\/maize-sheller-maize-shelling-machine.webp 720w, https:\/\/corn-machine.com\/wp-content\/uploads\/2026\/02\/maize-sheller-maize-shelling-machine-300x225.webp 300w, https:\/\/corn-machine.com\/wp-content\/uploads\/2026\/02\/maize-sheller-maize-shelling-machine-16x12.webp 16w\" sizes=\"auto, (max-width: 720px) 100vw, 720px\" \/><figcaption class=\"wp-element-caption\">sgusciatore di mais macchina per la sgusciatura del mais<\/figcaption><\/figure>    <figure class=\"wp-block-image size-large\"><img loading=\"lazy\" decoding=\"async\" width=\"720\" height=\"540\" data-id=\"1517\" src=\"https:\/\/corn-machine.com\/wp-content\/uploads\/2026\/02\/threshing-effect-demonstration.webp\" alt=\"dimostrazione dell&#039;effetto di trebbiatura\" class=\"wp-image-1517\" title=\"\" srcset=\"https:\/\/corn-machine.com\/wp-content\/uploads\/2026\/02\/threshing-effect-demonstration.webp 720w, https:\/\/corn-machine.com\/wp-content\/uploads\/2026\/02\/threshing-effect-demonstration-300x225.webp 300w, https:\/\/corn-machine.com\/wp-content\/uploads\/2026\/02\/threshing-effect-demonstration-16x12.webp 16w\" sizes=\"auto, (max-width: 720px) 100vw, 720px\" \/><figcaption class=\"wp-element-caption\">dimostrazione dell'effetto di trebbiatura<\/figcaption><\/figure> <\/figure>    <h2 class=\"wp-block-heading\"><strong>Struttura della macchina e principio di funzionamento della macchina sgusciatrice di mais<\/strong><\/h2>    <p>Come mostrato nel diagramma sottostante, la macchina per la rimozione dei semi di mais \u00e8 composta principalmente dalle seguenti parti:<\/p>    <ul class=\"wp-block-list\"> <li>Inlet di alimentazione con copertura protettiva<\/li>    <li>Uscita dei chicchi di mais e uscita dei residui di pannocchia<\/li>    <li>Telaio in acciaio con design ammortizzante<\/li>    <li>Sistema di trasmissione (cinghie e pulegge)<\/li> <\/ul>   <div class=\"wp-block-image\"> <figure class=\"aligncenter size-full\"><img loading=\"lazy\" decoding=\"async\" width=\"720\" height=\"540\" src=\"https:\/\/corn-machine.com\/wp-content\/uploads\/2026\/02\/structure-of-corn-seed-removing-machine.webp\" alt=\"struttura della macchina per la rimozione dei semi di mais\" class=\"wp-image-1513\" title=\"\" srcset=\"https:\/\/corn-machine.com\/wp-content\/uploads\/2026\/02\/structure-of-corn-seed-removing-machine.webp 720w, https:\/\/corn-machine.com\/wp-content\/uploads\/2026\/02\/structure-of-corn-seed-removing-machine-300x225.webp 300w, https:\/\/corn-machine.com\/wp-content\/uploads\/2026\/02\/structure-of-corn-seed-removing-machine-16x12.webp 16w\" sizes=\"auto, (max-width: 720px) 100vw, 720px\" \/><figcaption class=\"wp-element-caption\">struttura della macchina per la rimozione dei semi di mais<\/figcaption><\/figure> <\/div>   <p>Il suo principio di funzionamento \u00e8 anche semplice:<\/p>    <p>I chicchi vengono alimentati manualmente nell'unit\u00e0 tramite l'ingresso di alimentazione \u2192 il tamburo rotante colpisce e sfrega i chicchi \u2192 i chicchi cadono attraverso lo schermo \u2192 le pannocchie di mais vengono scaricate separatamente dall'uscita posteriore \u2192 i chicchi di mais puliti vengono raccolti nella parte inferiore.<\/p>    <h2 class=\"wp-block-heading\"><strong>Parametri tecnici della macchina per la rimozione dei semi di mais SL-B1<\/strong><\/h2>    <figure class=\"wp-block-table\"><table class=\"has-fixed-layout\"><tbody><tr><td>Capacit\u00e0<\/td><td>3-4t\/h<\/td><\/tr><tr><td>Potenza<\/td><td>Motore elettrico, motore a benzina o motore diesel<\/td><\/tr><tr><td>Dimensioni<\/td><td>1100mm*800mm*700mm<\/td><\/tr><tr><td>Peso<\/td><td>90kg<\/td><\/tr><\/tbody><\/table><figcaption class=\"wp-element-caption\">specifiche della macchina per la rimozione dei semi di mais<\/figcaption><\/figure>    <p>Supportiamo una variet\u00e0 di opzioni di alimentazione e offriamo anche servizi di personalizzazione, tra cui sostituzione di pneumatici personalizzati, impostazioni di tensione, impostazioni di colore, ecc.<\/p>    <figure class=\"wp-block-gallery has-nested-images columns-default is-cropped wp-block-gallery-3 is-layout-flex wp-block-gallery-is-layout-flex\"> <figure class=\"wp-block-image size-large\"><img loading=\"lazy\" decoding=\"async\" width=\"720\" height=\"540\" data-id=\"1519\" src=\"https:\/\/corn-machine.com\/wp-content\/uploads\/2026\/02\/customized-small-wheel.webp\" alt=\"ruota piccola personalizzata\" class=\"wp-image-1519\" title=\"\" srcset=\"https:\/\/corn-machine.com\/wp-content\/uploads\/2026\/02\/customized-small-wheel.webp 720w, https:\/\/corn-machine.com\/wp-content\/uploads\/2026\/02\/customized-small-wheel-300x225.webp 300w, https:\/\/corn-machine.com\/wp-content\/uploads\/2026\/02\/customized-small-wheel-16x12.webp 16w\" sizes=\"auto, (max-width: 720px) 100vw, 720px\" \/><figcaption class=\"wp-element-caption\">ruota piccola personalizzata<\/figcaption><\/figure>    <figure class=\"wp-block-image size-large\"><img loading=\"lazy\" decoding=\"async\" width=\"720\" height=\"540\" data-id=\"1518\" src=\"https:\/\/corn-machine.com\/wp-content\/uploads\/2026\/02\/customized-large-tires.webp\" alt=\"pneumatici di grandi dimensioni personalizzati\" class=\"wp-image-1518\" title=\"\" srcset=\"https:\/\/corn-machine.com\/wp-content\/uploads\/2026\/02\/customized-large-tires.webp 720w, https:\/\/corn-machine.com\/wp-content\/uploads\/2026\/02\/customized-large-tires-300x225.webp 300w, https:\/\/corn-machine.com\/wp-content\/uploads\/2026\/02\/customized-large-tires-16x12.webp 16w\" sizes=\"auto, (max-width: 720px) 100vw, 720px\" \/><figcaption class=\"wp-element-caption\">pneumatici di grandi dimensioni personalizzati<\/figcaption><\/figure> <\/figure>    <p>Se hai esigenze di personalizzazione aggiuntive o desideri saperne di pi\u00f9 su questa macchina, contattaci per le ultime informazioni.<\/p>    <h2 class=\"wp-block-heading\"><strong>Opzioni di alimentazione per diverse scelte<\/strong><\/h2>    <p>Per soddisfare le diverse condizioni di alimentazione e abitudini di utilizzo delle diverse regioni, il trebbiatore di mais SL-B offre tre configurazioni di alimentazione flessibili. I clienti possono scegliere o combinare diverse configurazioni in base alle esigenze del mercato locale.<\/p>    <h3 class=\"wp-block-heading\"><strong>Motore elettrico da 2,2\u20133 kW<\/strong><\/h3>    <p class=\"translation-block\"><strong>Alimentazione<\/strong>: 220V, monofase, 50Hz (personalizzabile)<\/p>    <p>Il modello elettrico \u00e8 adatto per aree con fornitura di energia stabile, come piccoli impianti di lavorazione dei cereali, siti di lavorazione fissi e cooperative.<\/p>    <p class=\"translation-block\"><strong>Vantaggi<\/strong>:<\/p>    <ul class=\"wp-block-list\"> <li>Costi operativi bassi<\/li>    <li>Avvio semplice e funzionamento stabile<\/li>    <li>Operazione silenziosa e vibrazione ridotta<\/li>    <li>Manutenzione facile e lunga durata<\/li> <\/ul>    <p>Questo tipo di macchina per la rimozione dei semi di mais \u00e8 popolare nei mercati dove i prezzi dell'elettricit\u00e0 sono bassi e l'approvvigionamento \u00e8 affidabile, aiutando i distributori a fornire soluzioni economiche agli utenti finali.<\/p>   <div class=\"wp-block-image\"> <figure class=\"aligncenter size-full\"><img loading=\"lazy\" decoding=\"async\" width=\"720\" height=\"540\" src=\"https:\/\/corn-machine.com\/wp-content\/uploads\/2026\/02\/corn-sheller-machine-with-motor.webp\" alt=\"macchina sgusciatrice di mais con motore\" class=\"wp-image-1510\" title=\"\" srcset=\"https:\/\/corn-machine.com\/wp-content\/uploads\/2026\/02\/corn-sheller-machine-with-motor.webp 720w, https:\/\/corn-machine.com\/wp-content\/uploads\/2026\/02\/corn-sheller-machine-with-motor-300x225.webp 300w, https:\/\/corn-machine.com\/wp-content\/uploads\/2026\/02\/corn-sheller-machine-with-motor-16x12.webp 16w\" sizes=\"auto, (max-width: 720px) 100vw, 720px\" \/><figcaption class=\"wp-element-caption\">macchina sgusciatrice di mais con motore<\/figcaption><\/figure> <\/div>   <h3 class=\"wp-block-heading\"><strong>Motore a benzina 170F<\/strong><\/h3>    <p>Il motore a benzina \u00e8 adatto per aree con fornitura di energia limitata o instabile o per piccole aziende agricole che richiedono operazioni mobili. \u00c8 ideale per gli utenti che preferiscono un avvio facile e un uso flessibile.<\/p>    <p class=\"translation-block\"><strong>Vantaggi<\/strong>:<\/p>    <ul class=\"wp-block-list\"> <li>Facile da avviare, specialmente in condizioni di freddo<\/li>    <li>Leggero e facile da spostare<\/li>    <li>Nessuna dipendenza da una fonte di energia esterna<\/li> <\/ul>    <p>Questa configurazione \u00e8 generalmente preferita da agricoltori individuali e piccoli appaltatori che necessitano di una trebbiatrice portatile.<\/p>   <div class=\"wp-block-image\"> <figure class=\"aligncenter size-full\"><img loading=\"lazy\" decoding=\"async\" width=\"720\" height=\"540\" src=\"https:\/\/corn-machine.com\/wp-content\/uploads\/2026\/02\/maize-sheller-machine-with-gasoline-engine.webp\" alt=\"macchina sgusciatrice di mais con motore a benzina\" class=\"wp-image-1511\" title=\"\" srcset=\"https:\/\/corn-machine.com\/wp-content\/uploads\/2026\/02\/maize-sheller-machine-with-gasoline-engine.webp 720w, https:\/\/corn-machine.com\/wp-content\/uploads\/2026\/02\/maize-sheller-machine-with-gasoline-engine-300x225.webp 300w, https:\/\/corn-machine.com\/wp-content\/uploads\/2026\/02\/maize-sheller-machine-with-gasoline-engine-16x12.webp 16w\" sizes=\"auto, (max-width: 720px) 100vw, 720px\" \/><figcaption class=\"wp-element-caption\">macchina sgusciatrice di mais con motore a benzina<\/figcaption><\/figure> <\/div>   <h3 class=\"wp-block-heading\"><strong>Motore diesel da 6-8 cavalli<\/strong><\/h3>    <p>Questa versione con motore diesel \u00e8 progettata per aree rurali e remote senza fornitura di elettricit\u00e0, adatta a operazioni continue a lungo termine e a compiti di trebbiatura ad alta intensit\u00e0 quotidiana.<\/p>    <p class=\"translation-block\"><strong>Vantaggi<\/strong>:<\/p>    <ul class=\"wp-block-list\"> <li>Coppia elevata e uscita di potenza stabile<\/li>    <li>Elevata efficienza del carburante, adatta per uso a lungo termine<\/li>    <li>Eccellente durata sotto carico pesante<\/li> <\/ul>    <p class=\"translation-block\">Questo modello di macchina per la rimozione dei semi di mais<strong> <\/strong> \u00e8 particolarmente popolare nei mercati africani e del Sud-est asiatico, dove i motori diesel sono facilmente disponibili e facili da mantenere.<\/p>   <div class=\"wp-block-image\"> <figure class=\"aligncenter size-full\"><img loading=\"lazy\" decoding=\"async\" width=\"720\" height=\"540\" src=\"https:\/\/corn-machine.com\/wp-content\/uploads\/2026\/02\/corn-threshing-machine-with-diesel-engine.webp\" alt=\"Questa piccola macchina per la rimozione dei semi di mais ha 3 opzioni di alimentazione e pu\u00f2 processare 4-5 tonnellate di mais all&#039;ora. Vendita diretta dalla fabbrica Taizy con accettazione di personalizzazioni.\" class=\"wp-image-1512\" title=\"\" srcset=\"https:\/\/corn-machine.com\/wp-content\/uploads\/2026\/02\/corn-threshing-machine-with-diesel-engine.webp 720w, https:\/\/corn-machine.com\/wp-content\/uploads\/2026\/02\/corn-threshing-machine-with-diesel-engine-300x225.webp 300w, https:\/\/corn-machine.com\/wp-content\/uploads\/2026\/02\/corn-threshing-machine-with-diesel-engine-16x12.webp 16w\" sizes=\"auto, (max-width: 720px) 100vw, 720px\" \/><figcaption class=\"wp-element-caption\">macchina trebbiatrice di mais con motore diesel<\/figcaption><\/figure> <\/div>   <h2 class=\"wp-block-heading\"><strong>Cosa pu\u00f2 offrire Taizy ai nostri clienti?<\/strong><\/h2>    <p>Come produttore di macchinari agricoli professionale, Taizy fornisce supporto completo ai propri clienti:<\/p>    <ol class=\"wp-block-list\"> <li>Fornitura diretta dalla fabbrica: eliminando gli intermediari, offriamo prezzi di fabbrica altamente competitivi, aiutandoti a ottenere margini di rivendita pi\u00f9 elevati.<\/li>    <li>Ottimizzazione degli ordini all'ingrosso: per ordini in contenitore, Taizy offre prezzi pi\u00f9 favorevoli e soluzioni di carico ottimizzate.<\/li>    <li>Fornitura di ricambi a lungo termine: La nostra fabbrica fornisce una fornitura stabile di parti di usura, garantendo un forte servizio post-vendita.<\/li>    <li>Supporto alla personalizzazione: Supportiamo anche la personalizzazione dei colori della macchina, dei loghi e del branding, delle configurazioni di alimentazione e di altri requisiti di adattamento al mercato locale.<\/li>    <li>Supporto tecnico e di mercato: Dopo il completamento dell'ordine, forniamo anche manuali di prodotto, video di funzionamento e guide all'installazione.<\/li> <\/ol>    <figure class=\"wp-block-gallery has-nested-images columns-default is-cropped wp-block-gallery-4 is-layout-flex wp-block-gallery-is-layout-flex\"> <figure class=\"wp-block-image size-large\"><img loading=\"lazy\" decoding=\"async\" width=\"720\" height=\"540\" data-id=\"1514\" src=\"https:\/\/corn-machine.com\/wp-content\/uploads\/2026\/02\/optimized-loading-solutions.webp\" alt=\"soluzioni di carico ottimizzate\" class=\"wp-image-1514\" title=\"\" srcset=\"https:\/\/corn-machine.com\/wp-content\/uploads\/2026\/02\/optimized-loading-solutions.webp 720w, https:\/\/corn-machine.com\/wp-content\/uploads\/2026\/02\/optimized-loading-solutions-300x225.webp 300w, https:\/\/corn-machine.com\/wp-content\/uploads\/2026\/02\/optimized-loading-solutions-16x12.webp 16w\" sizes=\"auto, (max-width: 720px) 100vw, 720px\" \/><figcaption class=\"wp-element-caption\">soluzioni di carico ottimizzate<\/figcaption><\/figure>    <figure class=\"wp-block-image size-large\"><img loading=\"lazy\" decoding=\"async\" width=\"720\" height=\"540\" data-id=\"1515\" src=\"https:\/\/corn-machine.com\/wp-content\/uploads\/2026\/02\/Taizy-factory.webp\" alt=\"Fabbrica Taizy\" class=\"wp-image-1515\" title=\"\" srcset=\"https:\/\/corn-machine.com\/wp-content\/uploads\/2026\/02\/Taizy-factory.webp 720w, https:\/\/corn-machine.com\/wp-content\/uploads\/2026\/02\/Taizy-factory-300x225.webp 300w, https:\/\/corn-machine.com\/wp-content\/uploads\/2026\/02\/Taizy-factory-16x12.webp 16w\" sizes=\"auto, (max-width: 720px) 100vw, 720px\" \/><figcaption class=\"wp-element-caption\">Fabbrica Taizy<\/figcaption><\/figure> <\/figure>    <p>Questa macchina per la rimozione dei semi di mais \u00e8 molto popolare tra i clienti grazie alle sue opzioni di alimentazione flessibili, alla multifunzionalit\u00e0 e al forte supporto del produttore. Se stai cercando un fornitore affidabile di trebbiatrici di mais, Taizy \u00e8 pronta ad aiutare la tua attivit\u00e0 a crescere.<\/p>    <p>Altri modelli di trebbiatrici di mais: <\/p>    <ul class=\"wp-block-list\"> <li><a href=\"https:\/\/corn-machine.com\/it\/product\/multi-function-corn-thresher\/\">Mietitrice multifunzione per il mais<\/a>: adatta per trebbiatura di mais, soia, grano, sorgo, millet e altri cereali.<\/li>    <li><a href=\"https:\/\/corn-machine.com\/it\/product\/automatic-corn-sheller\/\">Trebbia di mais<\/a>: \u226599,5% di tasso di trebbiatura e \u22642,0% di tasso di perdita con \u22641,5% di rottura del chicco.<\/li> <\/ul>","protected":false},"excerpt":{"rendered":"<p>This corn thresher has a processing capacity of 3-4 tons per hour and offers a variety of power options. Its compact size, light weight, and ease of transport, installation, and bulk sales make it a highly sought-after product in the agricultural machinery market.<\/p>","protected":false},"author":1,"featured_media":1509,"parent":0,"template":"","tags":[31],"product-type":[42],"class_list":["post-1505","product","type-product","status-publish","has-post-thumbnail","hentry","tag-corn","product-type-maize-sheller-machine"],"_links":{"self":[{"href":"https:\/\/corn-machine.com\/it\/wp-json\/wp\/v2\/product\/1505","targetHints":{"allow":["GET"]}}],"collection":[{"href":"https:\/\/corn-machine.com\/it\/wp-json\/wp\/v2\/product"}],"about":[{"href":"https:\/\/corn-machine.com\/it\/wp-json\/wp\/v2\/types\/product"}],"author":[{"embeddable":true,"href":"https:\/\/corn-machine.com\/it\/wp-json\/wp\/v2\/users\/1"}],"wp:featuredmedia":[{"embeddable":true,"href":"https:\/\/corn-machine.com\/it\/wp-json\/wp\/v2\/media\/1509"}],"wp:attachment":[{"href":"https:\/\/corn-machine.com\/it\/wp-json\/wp\/v2\/media?parent=1505"}],"wp:term":[{"taxonomy":"post_tag","embeddable":true,"href":"https:\/\/corn-machine.com\/it\/wp-json\/wp\/v2\/tags?post=1505"},{"taxonomy":"product-type","embeddable":true,"href":"https:\/\/corn-machine.com\/it\/wp-json\/wp\/v2\/product-type?post=1505"}],"curies":[{"name":"wp","href":"https:\/\/api.w.org\/{rel}","templated":true}]}}