{"id":1602,"date":"2026-02-26T14:28:54","date_gmt":"2026-02-26T06:28:54","guid":{"rendered":"https:\/\/corn-machine.com\/?post_type=product&#038;p=1602"},"modified":"2026-03-03T11:30:32","modified_gmt":"2026-03-03T03:30:32","slug":"5tym-850-maize-shelling-machine","status":"publish","type":"product","link":"https:\/\/corn-machine.com\/it\/product\/5tym-850-maize-shelling-machine\/","title":{"rendered":"5TYM-850 Macchina per la Spaccatura del Mais"},"content":{"rendered":"<p class=\"translation-block\">La trebbiatrice di mais 5TYM-850  \u00e8 una macchina specializzata per la trebbiatura del mais. Con le sue grandi ruote di viaggio, telaio rinforzato e sistema di pulizia con ventola di grandi dimensioni, \u00e8 ideale per operazioni sul campo e frequenti spostamenti sul sito.<\/p>    <p>Le sue dimensioni compatte e l'alta efficienza di produzione di 4-6 t\/h, insieme a un tasso di trebbiatura del 99%, ne fanno una scelta preferita per fornitori locali e progetti di gara internazionali, che hanno gi\u00e0 aiutato paesi come Etiopia e Gambia a completare progetti di sviluppo agricolo.<\/p>    <figure class=\"wp-block-gallery has-nested-images columns-default is-cropped wp-block-gallery-2 is-layout-flex wp-block-gallery-is-layout-flex\"> <figure class=\"wp-block-image size-large\"><img loading=\"lazy\" decoding=\"async\" width=\"720\" height=\"540\" data-id=\"1608\" src=\"https:\/\/corn-machine.com\/wp-content\/uploads\/2026\/02\/Ethiopian-corn-thresher-trial-operation.webp\" alt=\"Prova di funzionamento della trebbiatrice di mais etiopiana\" class=\"wp-image-1608\" title=\"\" srcset=\"https:\/\/corn-machine.com\/wp-content\/uploads\/2026\/02\/Ethiopian-corn-thresher-trial-operation.webp 720w, https:\/\/corn-machine.com\/wp-content\/uploads\/2026\/02\/Ethiopian-corn-thresher-trial-operation-300x225.webp 300w, https:\/\/corn-machine.com\/wp-content\/uploads\/2026\/02\/Ethiopian-corn-thresher-trial-operation-16x12.webp 16w\" sizes=\"auto, (max-width: 720px) 100vw, 720px\" \/><figcaption class=\"wp-element-caption\">Prova di funzionamento della trebbiatrice di mais etiopiana<\/figcaption><\/figure>    <figure class=\"wp-block-image size-large\"><img loading=\"lazy\" decoding=\"async\" width=\"720\" height=\"540\" data-id=\"1609\" src=\"https:\/\/corn-machine.com\/wp-content\/uploads\/2026\/02\/Gambia-tenders-for-65-corn-threshers.webp\" alt=\"Gambia bandi per 65 trebbiatrici di mais\" class=\"wp-image-1609\" title=\"\" srcset=\"https:\/\/corn-machine.com\/wp-content\/uploads\/2026\/02\/Gambia-tenders-for-65-corn-threshers.webp 720w, https:\/\/corn-machine.com\/wp-content\/uploads\/2026\/02\/Gambia-tenders-for-65-corn-threshers-300x225.webp 300w, https:\/\/corn-machine.com\/wp-content\/uploads\/2026\/02\/Gambia-tenders-for-65-corn-threshers-16x12.webp 16w\" sizes=\"auto, (max-width: 720px) 100vw, 720px\" \/><figcaption class=\"wp-element-caption\">Gambia bandi per 65 trebbiatrici di mais<\/figcaption><\/figure> <\/figure>    <h2 class=\"wp-block-heading\"><strong>Vantaggi di questa trebbiatrice di mais rispetto ad altri tipi<\/strong><\/h2>    <ol class=\"wp-block-list\"> <li>Facilit\u00e0 di mobilit\u00e0: Dotata di grandi pneumatici e telaio robusto, la macchina sgranatrice di mais pu\u00f2 essere facilmente spostata lungo strade rurali e in terreni agricoli.<\/li>    <li>Superior cleaning system: The corn sheller machine&#8217;s large fan efficiently removes minor impurities, resulting in clean kernels and reducing the need for secondary cleaning.<\/li>    <li>Separazione completamente automatica: Dotata di un sistema di separazione a vento, separa automaticamente chicchi, pannocchie, brattee e crusca.<\/li>    <li>Basso danno ai chicchi: Il tasso di rottura dei chicchi di questa trebbiatrice di mais \u00e8 \u22643%, garantendo un valore di mercato pi\u00f9 elevato quando venduto.<\/li>    <li>Opzioni di alimentazione multiple: \u00c8 possibile scegliere un motore elettrico trifase o un motore diesel come fonte di alimentazione secondo necessit\u00e0.<\/li> <\/ol>    <figure class=\"wp-block-gallery has-nested-images columns-default is-cropped wp-block-gallery-3 is-layout-flex wp-block-gallery-is-layout-flex\"> <figure class=\"wp-block-image size-large\"><img loading=\"lazy\" decoding=\"async\" width=\"720\" height=\"540\" data-id=\"1611\" src=\"https:\/\/corn-machine.com\/wp-content\/uploads\/2026\/02\/portable-maize-threshing-machine.webp\" alt=\"macchina trebbiatrice di mais portatile\" class=\"wp-image-1611\" title=\"\" srcset=\"https:\/\/corn-machine.com\/wp-content\/uploads\/2026\/02\/portable-maize-threshing-machine.webp 720w, https:\/\/corn-machine.com\/wp-content\/uploads\/2026\/02\/portable-maize-threshing-machine-300x225.webp 300w, https:\/\/corn-machine.com\/wp-content\/uploads\/2026\/02\/portable-maize-threshing-machine-16x12.webp 16w\" sizes=\"auto, (max-width: 720px) 100vw, 720px\" \/><figcaption class=\"wp-element-caption\">macchina trebbiatrice di mais portatile<\/figcaption><\/figure>    <figure class=\"wp-block-image size-large\"><img loading=\"lazy\" decoding=\"async\" width=\"720\" height=\"540\" data-id=\"1610\" src=\"https:\/\/corn-machine.com\/wp-content\/uploads\/2026\/02\/small-corn-sheller-machine.webp\" alt=\"macchina sgranatrice di mais di piccole dimensioni\" class=\"wp-image-1610\" title=\"\" srcset=\"https:\/\/corn-machine.com\/wp-content\/uploads\/2026\/02\/small-corn-sheller-machine.webp 720w, https:\/\/corn-machine.com\/wp-content\/uploads\/2026\/02\/small-corn-sheller-machine-300x225.webp 300w, https:\/\/corn-machine.com\/wp-content\/uploads\/2026\/02\/small-corn-sheller-machine-16x12.webp 16w\" sizes=\"auto, (max-width: 720px) 100vw, 720px\" \/><figcaption class=\"wp-element-caption\">macchina sgranatrice di mais di piccole dimensioni<\/figcaption><\/figure> <\/figure>    <h2 class=\"wp-block-heading\"><strong>Come funziona questa trebbiatrice di mais?<\/strong><\/h2>    <p>Il suo flusso di lavoro consiste principalmente in cinque fasi: fase di alimentazione \u2192 processo di trebbiatura \u2192 processo di setacciatura \u2192 rimozione delle impurit\u00e0 \u2192 scarico della pannocchia.<\/p>    <p>Il metodo principale di trebbiatura prevede l'uso di un tamburo rotante ad alta velocit\u00e0 e denti a spirale per separare i chicchi di mais dalla pannocchia tramite martellamento e attrito.<\/p>    <p>I chicchi di mais trebbiati scivolano su una rete vibrante tramite una piastra scorrevole e cadono sotto la rete, mentre le pannocchie di mais rotte vengono scaricate attraverso la rete vibrante. Le brattee e le impurit\u00e0 leggere vengono soffiati nell'ingresso del ventilatore e scaricati da un ventilatore ad alta potenza.<\/p>    <figure class=\"wp-block-embed aligncenter is-type-video is-provider-youtube wp-block-embed-youtube wp-embed-aspect-16-9 wp-has-aspect-ratio\"><div class=\"wp-block-embed__wrapper\"> <iframe loading=\"lazy\" title=\"Video di funzionamento della trebbiatrice di mais 5TYM-850 | Test di trebbiatura di mais 4-6T\/H Contatto:  8617703863868\" width=\"500\" height=\"281\" src=\"https:\/\/www.youtube.com\/embed\/npfx45Ch6q0?feature=oembed\" frameborder=\"0\" allow=\"accelerometer; autoplay; clipboard-write; encrypted-media; gyroscope; picture-in-picture; web-share\" referrerpolicy=\"strict-origin-when-cross-origin\" allowfullscreen><\/iframe> <\/div><figcaption class=\"wp-element-caption\">Test di funzionamento di questa macchina sgranatrice di mais<\/figcaption><\/figure>    <h2 class=\"wp-block-heading\"><strong>Struttura della macchina sgranatrice di mais<\/strong><\/h2>    <p>La trebbiatrice di mais 5TYM-850 \u00e8 composta dalle seguenti parti: telaio di traino, gambe di supporto, telaio, ruote, copertura protettiva (incluso V-belt), ingresso di alimentazione, uscita del ventilatore e motore diesel.<\/p>    <p>Il suo telaio rinforzato e il design unico delle grandi gomme garantiscono un funzionamento fluido su strade rurali e in ambienti di campo. Di seguito le specifiche strutturali dettagliate.<\/p>   <div class=\"wp-block-image\"> <figure class=\"aligncenter size-full\"><img loading=\"lazy\" decoding=\"async\" width=\"720\" height=\"540\" src=\"https:\/\/corn-machine.com\/wp-content\/uploads\/2026\/02\/structure-of-shelling-corn-machine.webp\" alt=\"struttura della macchina sgranatrice di mais\" class=\"wp-image-1615\" title=\"\" srcset=\"https:\/\/corn-machine.com\/wp-content\/uploads\/2026\/02\/structure-of-shelling-corn-machine.webp 720w, https:\/\/corn-machine.com\/wp-content\/uploads\/2026\/02\/structure-of-shelling-corn-machine-300x225.webp 300w, https:\/\/corn-machine.com\/wp-content\/uploads\/2026\/02\/structure-of-shelling-corn-machine-16x12.webp 16w\" sizes=\"auto, (max-width: 720px) 100vw, 720px\" \/><figcaption class=\"wp-element-caption\">struttura della macchina sgranatrice di mais<\/figcaption><\/figure> <\/div>   <h2 class=\"wp-block-heading\"><strong>Parametri tecnici della macchina sgranatrice di mais<\/strong><\/h2>    <figure class=\"wp-block-table aligncenter\"><table class=\"has-fixed-layout\"><tbody><tr><td>Modello<\/td><td>5TYM-850<\/td><\/tr><tr><td>Potenza<\/td><td>Motore diesel raffreddato ad acqua da 12hp, avviamento a strappo<br>(Pu\u00f2 essere aggiunto anche il motore elettrico.)<\/td><\/tr><tr><td>Capacit\u00e0<\/td><td>4-6t\/h<\/td><\/tr><tr><td>Dimensioni<\/td><td>2300*1100*1300mm<\/td><\/tr><tr><td>Peso<\/td><td>326kg<\/td><\/tr><tr><td>Efficienza di pulizia<\/td><td>\u226598%<\/td><\/tr><tr><td>Efficienza di trebbiatura<\/td><td>\u226598%<\/td><\/tr><tr><td>Rottura dei chicchi<\/td><td>\u22643%<\/td><\/tr><tr><td>Perdita di cereali<\/td><td>\u22642%<\/td><\/tr><\/tbody><\/table><figcaption class=\"wp-element-caption\">specifiche della macchina sgranatrice di mais<\/figcaption><\/figure>    <p>Il colore, la dimensione delle gomme e la tensione della nostra macchina sgranatrice di mais possono essere personalizzati per soddisfare requisiti specifici. Per ulteriori informazioni sulla personalizzazione, si prega di contattarci.<\/p>   <div class=\"wp-block-image\"> <figure class=\"aligncenter size-full\"><img loading=\"lazy\" decoding=\"async\" width=\"720\" height=\"540\" src=\"https:\/\/corn-machine.com\/wp-content\/uploads\/2026\/02\/automatic-corn-thresher.webp\" alt=\"trinciapollo di mais automatico\" class=\"wp-image-1612\" title=\"\" srcset=\"https:\/\/corn-machine.com\/wp-content\/uploads\/2026\/02\/automatic-corn-thresher.webp 720w, https:\/\/corn-machine.com\/wp-content\/uploads\/2026\/02\/automatic-corn-thresher-300x225.webp 300w, https:\/\/corn-machine.com\/wp-content\/uploads\/2026\/02\/automatic-corn-thresher-16x12.webp 16w\" sizes=\"auto, (max-width: 720px) 100vw, 720px\" \/><figcaption class=\"wp-element-caption\">trinciapollo di mais automatico<\/figcaption><\/figure> <\/div>   <h2 class=\"wp-block-heading\"><strong>Regole di installazione, funzionamento e uso sicuro del disoleatore di mais<\/strong><\/h2>    <p>Per facilitare il trasporto, alcune parti di questa macchina sgranatrice di mais sono state smontate. Ricomporre secondo il diagramma strutturale fornito prima dell\u2019uso.<\/p>    <p class=\"translation-block\"><strong>Prima dell'operazione<\/strong>, eseguire quanto segue:<\/p>    <ol class=\"wp-block-list\"> <li>Controllare che tutti i fissaggi siano serrati.<\/li>    <li>Assicurarsi che le parti rotanti funzionino senza intoppi.<\/li>    <li>Confermare che non ci siano oggetti estranei all\u2019interno del tamburo del ventilatore.<\/li>    <li>Ruotare manualmente la cinghia per verificare attrito o rumore anomalo.<\/li>    <li>Eseguire prima il funzionamento a vuoto della macchina.<\/li> <\/ol>    <p class=\"translation-block\"><strong>Prima di ogni operazione<\/strong>, annotare quanto segue:<\/p>    <ol class=\"wp-block-list\"> <li>Aggiunta di grasso ai cuscinetti.<\/li>    <li>Aggiungere olio motore sufficiente ai cuscinetti del motore diesel.<\/li>    <li>Far funzionare la macchina a vuoto per alcuni minuti prima di alimentare il mais.<\/li>    <li>Non superare mai la velocit\u00e0 della macchina.<\/li>    <li>Il mais usato come materia prima non dovrebbe essere troppo umido.<\/li> <\/ol>    <p class=\"translation-block\"><strong>Dopo l'operazione<\/strong>, eseguire una semplice manutenzione sulla trebbiatrice di mais:<\/p>    <ol class=\"wp-block-list\"> <li>Rimozione dei residui interni.<\/li>    <li>Lubrificare tutti i punti di lubrificazione.<\/li>    <li>Se non viene utilizzata per un lungo periodo, conservarla in un luogo asciutto e ben ventilato.<\/li> <\/ol>    <h2 class=\"wp-block-heading\"><strong>Quando dovresti scegliere questo tipo di trebbiatrice di mais?<\/strong><\/h2>    <p>Questo tipo di macchina sgranatrice di mais \u00e8 ideale per:<\/p>    <ol class=\"wp-block-list\"> <li>Quando si necessita di una capacit\u00e0 di lavorazione di 4-6 tonnellate all'ora.<\/li>    <li>Se si necessita di una macchina mobile facile da usare sul campo.<\/li>    <li>Quando si necessita di alta efficienza di trebbiatura e basso danno ai chicchi.<\/li> <\/ol>    <p>Se cerchi una soluzione di trebbiatura di mais piccola, durevole, efficiente, facile da spostare e pulita, la trebbiatrice di mais 5TYM-850 \u00e8 la scelta perfetta.<\/p>    <figure class=\"wp-block-gallery has-nested-images columns-default is-cropped wp-block-gallery-4 is-layout-flex wp-block-gallery-is-layout-flex\"> <figure class=\"wp-block-image size-large\"><img loading=\"lazy\" decoding=\"async\" width=\"720\" height=\"540\" data-id=\"1614\" src=\"https:\/\/corn-machine.com\/wp-content\/uploads\/2026\/02\/corn-threshing-machine-testing.webp\" alt=\"Test della trebbiatrice di mais\" class=\"wp-image-1614\" title=\"\" srcset=\"https:\/\/corn-machine.com\/wp-content\/uploads\/2026\/02\/corn-threshing-machine-testing.webp 720w, https:\/\/corn-machine.com\/wp-content\/uploads\/2026\/02\/corn-threshing-machine-testing-300x225.webp 300w, https:\/\/corn-machine.com\/wp-content\/uploads\/2026\/02\/corn-threshing-machine-testing-16x12.webp 16w\" sizes=\"auto, (max-width: 720px) 100vw, 720px\" \/><figcaption class=\"wp-element-caption\">Test della trebbiatrice di mais<\/figcaption><\/figure>    <figure class=\"wp-block-image size-large\"><img loading=\"lazy\" decoding=\"async\" width=\"720\" height=\"540\" data-id=\"1613\" src=\"https:\/\/corn-machine.com\/wp-content\/uploads\/2026\/02\/corn-thresher-sheller-machine.webp\" alt=\"macchina trebbiatrice di mais\" class=\"wp-image-1613\" title=\"\" srcset=\"https:\/\/corn-machine.com\/wp-content\/uploads\/2026\/02\/corn-thresher-sheller-machine.webp 720w, https:\/\/corn-machine.com\/wp-content\/uploads\/2026\/02\/corn-thresher-sheller-machine-300x225.webp 300w, https:\/\/corn-machine.com\/wp-content\/uploads\/2026\/02\/corn-thresher-sheller-machine-16x12.webp 16w\" sizes=\"auto, (max-width: 720px) 100vw, 720px\" \/><figcaption class=\"wp-element-caption\">macchina trebbiatrice di mais<\/figcaption><\/figure> <\/figure>    <p>I clienti che acquistano pi\u00f9 unit\u00e0 della macchina sgranatrice di mais contemporaneamente possono usufruire dello sconto sul prezzo all'ingrosso della nostra fabbrica. Contattaci per l'ultimo listino prezzi!<\/p>    <p>Oltre a questa macchina, abbiamo anche altre trebbiatrici di mais pi\u00f9 vendute. Clicca sul link sottostante per informazioni dettagliate sui parametri!<\/p>    <div class=\"wp-block-columns is-layout-flex wp-container-core-columns-is-layout-9d6595d7 wp-block-columns-is-layout-flex\"> <div class=\"wp-block-column is-vertically-aligned-center is-layout-flow wp-block-column-is-layout-flow\"> <div class=\"wp-block-buttons is-content-justification-center is-layout-flex wp-container-core-buttons-is-layout-16018d1d wp-block-buttons-is-layout-flex\"> <div class=\"wp-block-button\"><a class=\"wp-block-button__link wp-element-button\" href=\"https:\/\/corn-machine.com\/it\/product\/multi-function-corn-thresher\/\">Vagliatrice Multifunzione per Mais<\/a><\/div> <\/div> <\/div>    <div class=\"wp-block-column is-layout-flow wp-block-column-is-layout-flow\"> <div class=\"wp-block-buttons is-content-justification-center is-layout-flex wp-container-core-buttons-is-layout-16018d1d wp-block-buttons-is-layout-flex\"> <div class=\"wp-block-button\"><a class=\"wp-block-button__link wp-element-button\" href=\"https:\/\/corn-machine.com\/it\/product\/small-type-corn-seed-remover-machine\/\">Rimuovi semi di mais di piccole dimensioni <\/a><\/div> <\/div> <\/div> <\/div>","protected":false},"excerpt":{"rendered":"<p>The 5TYM-850 corn thresher has a processing capacity of 4-6 tons per hour, a threshing efficiency of \u226598%, and a low grain breakage rate. Equipped with a spiral needle roller, a large-capacity air cleaning system, and a robust mobile chassis, this machine is an ideal choice for suppliers and agricultural projects.<\/p>","protected":false},"author":1,"featured_media":1616,"parent":0,"template":"","tags":[31],"product-type":[42],"class_list":["post-1602","product","type-product","status-publish","has-post-thumbnail","hentry","tag-corn","product-type-maize-sheller-machine"],"_links":{"self":[{"href":"https:\/\/corn-machine.com\/it\/wp-json\/wp\/v2\/product\/1602","targetHints":{"allow":["GET"]}}],"collection":[{"href":"https:\/\/corn-machine.com\/it\/wp-json\/wp\/v2\/product"}],"about":[{"href":"https:\/\/corn-machine.com\/it\/wp-json\/wp\/v2\/types\/product"}],"author":[{"embeddable":true,"href":"https:\/\/corn-machine.com\/it\/wp-json\/wp\/v2\/users\/1"}],"wp:featuredmedia":[{"embeddable":true,"href":"https:\/\/corn-machine.com\/it\/wp-json\/wp\/v2\/media\/1616"}],"wp:attachment":[{"href":"https:\/\/corn-machine.com\/it\/wp-json\/wp\/v2\/media?parent=1602"}],"wp:term":[{"taxonomy":"post_tag","embeddable":true,"href":"https:\/\/corn-machine.com\/it\/wp-json\/wp\/v2\/tags?post=1602"},{"taxonomy":"product-type","embeddable":true,"href":"https:\/\/corn-machine.com\/it\/wp-json\/wp\/v2\/product-type?post=1602"}],"curies":[{"name":"wp","href":"https:\/\/api.w.org\/{rel}","templated":true}]}}