{"id":1666,"date":"2026-03-17T15:59:37","date_gmt":"2026-03-17T07:59:37","guid":{"rendered":"https:\/\/corn-machine.com\/?post_type=product&#038;p=1666"},"modified":"2026-03-17T15:59:38","modified_gmt":"2026-03-17T07:59:38","slug":"tmr-feed-mixer-for-dairy-livestock-farms","status":"publish","type":"product","link":"https:\/\/corn-machine.com\/it\/product\/tmr-feed-mixer-for-dairy-livestock-farms\/","title":{"rendered":"Miscelatore TMR"},"content":{"rendered":"<p class=\"translation-block\">Il <strong>miscelatore TMR<\/strong> \u00e8 un'apparecchiatura di lavorazione degli alimenti che integra funzioni di taglio, frantumazione e miscelazione in un'unica unit\u00e0, aiutando gli agricoltori a preparare una razione totale miscelata equilibrata (TMR) mescolando accuratamente foraggio, mangime concentrato, minerali e vitamine.<\/p>    <p>Prevenendo che gli animali selezionino il mangime, i sistemi TMR garantiscono che ogni boccone contenga la stessa composizione nutrizionale, fondamentale sia per le operazioni lattiero-casearie che per quelle di carne. Questo articolo fornisce una panoramica completa della serie 9JGL di miscelatori TMR, inclusa la sua struttura, principio di funzionamento e specifiche.<\/p>    <h2 class=\"wp-block-heading\"><strong>Caratteristiche principali del miscelatore TMR Taizy<\/strong><\/h2>    <ol class=\"wp-block-list\"> <li>Questo miscelatore di insilato mescola e trita rapidamente vari ingredienti fibrosi, come fieno, paglia e insilato, garantendo una miscela uniforme e coerente.<\/li>    <li>Il fondo della tanica di miscelazione \u00e8 realizzato in acciaio legato di alta qualit\u00e0, in grado di resistere alle esigenze di operazioni agricole ad alta intensit\u00e0.<\/li>    <li>Our animal feed mixer&#8217;s cutting blades are precision-crafted from highly wear-resistant materials, thereby effectively extending the overall service life of the unit.<\/li>    <li>Un singolo miscelatore TMR pu\u00f2 fornire razioni giornaliere per 200-2000 capi di bestiame; la sua efficienza operativa \u00e8 equivalente alla produzione di lavoro di oltre 20 operai.<\/li> <\/ol>   <div class=\"wp-block-image\"> <figure class=\"aligncenter size-full\"><img loading=\"lazy\" decoding=\"async\" width=\"720\" height=\"540\" src=\"https:\/\/corn-machine.com\/wp-content\/uploads\/2026\/03\/electric-TMR-mixer.webp\" alt=\"miscelatore TMR elettrico\" class=\"wp-image-1678\" title=\"\" srcset=\"https:\/\/corn-machine.com\/wp-content\/uploads\/2026\/03\/electric-TMR-mixer.webp 720w, https:\/\/corn-machine.com\/wp-content\/uploads\/2026\/03\/electric-TMR-mixer-300x225.webp 300w, https:\/\/corn-machine.com\/wp-content\/uploads\/2026\/03\/electric-TMR-mixer-16x12.webp 16w\" sizes=\"auto, (max-width: 720px) 100vw, 720px\" \/><figcaption class=\"wp-element-caption\">miscelatore TMR elettrico<\/figcaption><\/figure> <\/div>   <p>La maggior parte delle fattorie moderne sceglie i miscelatori di alimenti per il notevole beneficio che offrono:<\/p>    <ul class=\"wp-block-list\"> <li>I sistemi TMR riducono molti tempi di miscelazione e ottimizzano il consumo di energia.<\/li>    <li>Pu\u00f2 sostituire molte operazioni manuali, riducendo significativamente i requisiti di manodopera.<\/li>    <li>Dopo essere stati miscelati da una macchina, gli alimenti garantiscono una dieta equilibrata per gli animali, promuovendo direttamente miglioramenti nella produzione di latte e nelle prestazioni di crescita.<\/li> <\/ul>   <div class=\"wp-block-image\"> <figure class=\"aligncenter size-full\"><img loading=\"lazy\" decoding=\"async\" width=\"720\" height=\"540\" src=\"https:\/\/corn-machine.com\/wp-content\/uploads\/2026\/03\/total-mixed-ration-for-cow.webp\" alt=\"razione totale miscelata per mucche\" class=\"wp-image-1682\" title=\"\" srcset=\"https:\/\/corn-machine.com\/wp-content\/uploads\/2026\/03\/total-mixed-ration-for-cow.webp 720w, https:\/\/corn-machine.com\/wp-content\/uploads\/2026\/03\/total-mixed-ration-for-cow-300x225.webp 300w, https:\/\/corn-machine.com\/wp-content\/uploads\/2026\/03\/total-mixed-ration-for-cow-16x12.webp 16w\" sizes=\"auto, (max-width: 720px) 100vw, 720px\" \/><figcaption class=\"wp-element-caption\">razione totale miscelata per mucche<\/figcaption><\/figure> <\/div>   <h2 class=\"wp-block-heading\"><strong>Struttura del miscelatore TMR<\/strong><\/h2>    <p>La struttura principale della serie Taizy 9JGL di miscelatori di alimenti per bovini comprende i seguenti sistemi:<\/p>    <ol class=\"wp-block-list\"> <li><strong>Sistema di miscelazione:<\/strong> Consiste di uno o due spirali a vite, dotate di pale spiralate disponibili in configurazioni a mano sinistra e destra. (Le pale della vite sono realizzate in acciaio manganese ad alta resistenza, offrendo un'eccezionale resistenza all'usura.)<\/li>    <li><strong>Sistema di scarico:<\/strong> La porta di scarico \u00e8 controllata da un cilindro idraulico; i componenti principali includono una base di supporto fissa, una piastra di scarico scorrevole e un supporto a barra di collegamento. Una piastra magnetica \u00e8 installata all'uscita di scarico per attrarre e rimuovere impurit\u00e0 metalliche dal mangime.<\/li>    <li><strong>Sistema di alimentazione:<\/strong> Gli utenti possono scegliere di installare un nastro trasportatore (opzionale) per consentire il caricamento automatico dei materiali nella camera di miscelazione.<\/li>    <li><strong>Sistema di pesatura:<\/strong> Costituito principalmente da quattro celle di carico a ponte e un controller di pesatura digitale. Questo sistema fornisce visualizzazioni in tempo reale del peso totale, del peso netto e delle proporzioni di alimentazione, garantendo la precisione della formulazione dell'alimento.<\/li> <\/ol>   <div class=\"wp-block-image\"> <figure class=\"aligncenter size-full\"><img loading=\"lazy\" decoding=\"async\" width=\"720\" height=\"540\" src=\"https:\/\/corn-machine.com\/wp-content\/uploads\/2026\/03\/structure-of-silage-mixer.webp\" alt=\"struttura del miscelatore di insilato\" class=\"wp-image-1684\" title=\"\" srcset=\"https:\/\/corn-machine.com\/wp-content\/uploads\/2026\/03\/structure-of-silage-mixer.webp 720w, https:\/\/corn-machine.com\/wp-content\/uploads\/2026\/03\/structure-of-silage-mixer-300x225.webp 300w, https:\/\/corn-machine.com\/wp-content\/uploads\/2026\/03\/structure-of-silage-mixer-16x12.webp 16w\" sizes=\"auto, (max-width: 720px) 100vw, 720px\" \/><figcaption class=\"wp-element-caption\">struttura del miscelatore di insilato<\/figcaption><\/figure> <\/div>   <h2 class=\"wp-block-heading\"><strong>Principio di funzionamento del miscelatore di insilato TMR<\/strong><\/h2>    <p>La serie 9JGL di miscelatori di insilato funziona utilizzando una vite rotante dotata di lame di taglio.<\/p>    <p>Una volta caricati nella tanica di miscelazione i materiali grezzi \u2014 come insilato, fieno, paglia e concentrati \u2014 la vite inizia a ruotare, attirando i materiali da entrambe le estremit\u00e0 della tanica verso il centro.<\/p>    <p>Attraverso l'azione sinergica delle lame di taglio montate sulla vite e delle lame fisse all'interno della macchina, i materiali subiscono contemporaneamente taglio, triturazione e miscelazione durante questo processo. <\/p>    <p>Dopo che i materiali sono stati accuratamente miscelati, il mangime viene scaricato tramite un'uscita controllata idraulicamente.<\/p>    <h2 class=\"wp-block-heading\"><strong>Tipi diversi di miscelatori di alimenti TMR<\/strong><\/h2>    <p>I miscelatori TMR forniti da Taizy sono principalmente di due tipi: verticale e orizzontale.<\/p>    <h3 class=\"wp-block-heading\">Miscelatore verticale per animali<\/h3>    <h4 class=\"wp-block-heading\"><strong>Caratteristiche del miscelatore verticale per alimenti per bovini:<\/strong><\/h4>    <ol class=\"wp-block-list\"> <li>Basso tasso di guasto<\/li>    <li>Struttura semplice<\/li>    <li>Adatto per materiali a fibra lunga (fieno, erba lunga, paglia d'avena, ecc.)<\/li> <\/ol>    <h4 class=\"wp-block-heading\"><strong>Vantaggi dei miscelatori TMR verticali:<\/strong><\/h4>    <ul class=\"wp-block-list\"> <li>Prestazioni di miscelazione superiori per alimenti fibrosi<\/li>    <li>Durata pi\u00f9 lunga<\/li>    <li>Costi di manutenzione inferiori<\/li> <\/ul>   <div class=\"wp-block-image\"> <figure class=\"aligncenter size-full\"><img loading=\"lazy\" decoding=\"async\" width=\"720\" height=\"540\" src=\"https:\/\/corn-machine.com\/wp-content\/uploads\/2026\/03\/vertical-TMR-feed-mixer.webp\" alt=\"miscelatore TMR verticale\" class=\"wp-image-1674\" title=\"\" srcset=\"https:\/\/corn-machine.com\/wp-content\/uploads\/2026\/03\/vertical-TMR-feed-mixer.webp 720w, https:\/\/corn-machine.com\/wp-content\/uploads\/2026\/03\/vertical-TMR-feed-mixer-300x225.webp 300w, https:\/\/corn-machine.com\/wp-content\/uploads\/2026\/03\/vertical-TMR-feed-mixer-16x12.webp 16w\" sizes=\"auto, (max-width: 720px) 100vw, 720px\" \/><figcaption class=\"wp-element-caption\">miscelatore TMR verticale<\/figcaption><\/figure> <\/div>   <h3 class=\"wp-block-heading\"><strong>miscelatore orizzontale per bovini<\/strong><\/h3>    <h4 class=\"wp-block-heading\"><strong>Caratteristiche dei miscelatori orizzontali di alimenti per animali:<\/strong><\/h4>    <ol class=\"wp-block-list\"> <li>Velocit\u00e0 di miscelazione pi\u00f9 rapida<\/li>    <li>Dotato di pi\u00f9 pale o viti<\/li>    <li>Adatto per la lavorazione di foraggi morbidi, come insilato<\/li> <\/ol>    <h4 class=\"wp-block-heading\"><strong>Vantaggi di <strong>orizzontale <\/strong>miscelatore di alimenti per bestiame:<\/strong><\/h4>    <ul class=\"wp-block-list\"> <li>Miscelazione rapida<\/li>    <li>Adatto per materiali con un contenuto di umidit\u00e0 pi\u00f9 elevato<\/li> <\/ul>   <div class=\"wp-block-image\"> <figure class=\"aligncenter size-full\"><img loading=\"lazy\" decoding=\"async\" width=\"720\" height=\"540\" src=\"https:\/\/corn-machine.com\/wp-content\/uploads\/2026\/03\/horizontal-animal-food-feed-mixer.webp\" alt=\"Miscelatore orizzontale di alimenti per animali\" class=\"wp-image-1675\" title=\"\" srcset=\"https:\/\/corn-machine.com\/wp-content\/uploads\/2026\/03\/horizontal-animal-food-feed-mixer.webp 720w, https:\/\/corn-machine.com\/wp-content\/uploads\/2026\/03\/horizontal-animal-food-feed-mixer-300x225.webp 300w, https:\/\/corn-machine.com\/wp-content\/uploads\/2026\/03\/horizontal-animal-food-feed-mixer-16x12.webp 16w\" sizes=\"auto, (max-width: 720px) 100vw, 720px\" \/><figcaption class=\"wp-element-caption\">Miscelatore orizzontale di alimenti per animali<\/figcaption><\/figure> <\/div>   <p>Di seguito \u00e8 riportata la tabella di confronto delle differenze tra miscelatori verticali e orizzontali:<\/p>    <figure class=\"wp-block-table\"><table class=\"has-fixed-layout\"><thead><tr><th>Caratteristica<\/th><th>Miscelatore verticale<\/th><th>Miscelatore orizzontale<\/th><\/tr><\/thead><tbody><tr><td>Metodo di miscelazione<\/td><td>Vite spiralata<\/td><td>Paletta o multi-vite<\/td><\/tr><tr><td>Migliori materiali<\/td><td>Fieno secco, paglia, avena<\/td><td>Insilato e alimenti umidi<\/td><\/tr><tr><td>Structure<\/td><td>Semplice<\/td><td>Pi\u00f9 complesso<\/td><\/tr><tr><td>Tasso di fallimento<\/td><td>Inferiore<\/td><td>Leggermente superiore<\/td><\/tr><tr><td>Manutenzione<\/td><td>Facile<\/td><td>Moderato<\/td><\/tr><\/tbody><\/table><figcaption class=\"wp-element-caption\">Confronto tra miscelatore verticale e miscelatore orizzontale<\/figcaption><\/figure>    <figure class=\"wp-block-gallery has-nested-images columns-default is-cropped wp-block-gallery-2 is-layout-flex wp-block-gallery-is-layout-flex\"> <figure class=\"wp-block-image size-large\"><img loading=\"lazy\" decoding=\"async\" width=\"720\" height=\"540\" data-id=\"1677\" src=\"https:\/\/corn-machine.com\/wp-content\/uploads\/2026\/03\/internal-structure-of-horizontal-feed-mixer.webp\" alt=\"struttura interna del miscelatore orizzontale\" class=\"wp-image-1677\" title=\"\" srcset=\"https:\/\/corn-machine.com\/wp-content\/uploads\/2026\/03\/internal-structure-of-horizontal-feed-mixer.webp 720w, https:\/\/corn-machine.com\/wp-content\/uploads\/2026\/03\/internal-structure-of-horizontal-feed-mixer-300x225.webp 300w, https:\/\/corn-machine.com\/wp-content\/uploads\/2026\/03\/internal-structure-of-horizontal-feed-mixer-16x12.webp 16w\" sizes=\"auto, (max-width: 720px) 100vw, 720px\" \/><figcaption class=\"wp-element-caption\">struttura interna del miscelatore orizzontale<\/figcaption><\/figure>    <figure class=\"wp-block-image size-large\"><img loading=\"lazy\" decoding=\"async\" width=\"720\" height=\"540\" data-id=\"1676\" src=\"https:\/\/corn-machine.com\/wp-content\/uploads\/2026\/03\/internal-structure-of-vertical-feed-mixer.webp\" alt=\"struttura interna del miscelatore di alimenti verticali\" class=\"wp-image-1676\" title=\"\" srcset=\"https:\/\/corn-machine.com\/wp-content\/uploads\/2026\/03\/internal-structure-of-vertical-feed-mixer.webp 720w, https:\/\/corn-machine.com\/wp-content\/uploads\/2026\/03\/internal-structure-of-vertical-feed-mixer-300x225.webp 300w, https:\/\/corn-machine.com\/wp-content\/uploads\/2026\/03\/internal-structure-of-vertical-feed-mixer-16x12.webp 16w\" sizes=\"auto, (max-width: 720px) 100vw, 720px\" \/><figcaption class=\"wp-element-caption\">struttura interna del miscelatore di alimenti verticali<\/figcaption><\/figure> <\/figure>    <p>Inoltre, il miscelatore TMR normale pu\u00f2 essere classificato anche in base alla sua mobilit\u00e0:<\/p>    <ul class=\"wp-block-list\"> <li>Il miscelatore di insilato fisso: installato in una posizione fissa, adatto per sistemi di alimentazione automatizzati.<\/li>    <li>Il miscelatore TMR trainato: dotato di ruote o trainato da un trattore, consente operazioni di miscelazione e alimentazione integrate.<\/li> <\/ul>    <h2 class=\"wp-block-heading\"><strong>Modelli e specifiche della serie 9JGL di miscelatori di alimenti per pecore<\/strong><\/h2>    <figure class=\"wp-block-table\"><table class=\"has-fixed-layout\"><thead><tr><th class=\"has-text-align-center\" data-align=\"center\">Modello<\/th><th class=\"has-text-align-center\" data-align=\"center\">Capacit\u00e0<\/th><th class=\"has-text-align-center\" data-align=\"center\">Potenza<\/th><th class=\"has-text-align-center\" data-align=\"center\">Velocit\u00e0 della vite<\/th><th class=\"has-text-align-center\" data-align=\"center\">Peso <\/th><\/tr><\/thead><tbody><tr><td class=\"has-text-align-center\" data-align=\"center\">9JGL-4<\/td><td class=\"has-text-align-center\" data-align=\"center\">4m\u00b3<\/td><td class=\"has-text-align-center\" data-align=\"center\">15   1.5kW<\/td><td class=\"has-text-align-center\" data-align=\"center\">26r\/min<\/td><td class=\"has-text-align-center\" data-align=\"center\">1620kg<\/td><\/tr><tr><td class=\"has-text-align-center\" data-align=\"center\">9JGL-5<\/td><td class=\"has-text-align-center\" data-align=\"center\">5m\u00b3<\/td><td class=\"has-text-align-center\" data-align=\"center\">18.5   1.5kW<\/td><td class=\"has-text-align-center\" data-align=\"center\">26r\/min<\/td><td class=\"has-text-align-center\" data-align=\"center\">1820kg<\/td><\/tr><tr><td class=\"has-text-align-center\" data-align=\"center\">9JGL-7<\/td><td class=\"has-text-align-center\" data-align=\"center\">7m\u00b3<\/td><td class=\"has-text-align-center\" data-align=\"center\">22   1.5kW<\/td><td class=\"has-text-align-center\" data-align=\"center\">26r\/min<\/td><td class=\"has-text-align-center\" data-align=\"center\">2460kg<\/td><\/tr><tr><td class=\"has-text-align-center\" data-align=\"center\">9JGL-9<\/td><td class=\"has-text-align-center\" data-align=\"center\">9m\u00b3<\/td><td class=\"has-text-align-center\" data-align=\"center\">30   1.5kW<\/td><td class=\"has-text-align-center\" data-align=\"center\">26r\/min<\/td><td class=\"has-text-align-center\" data-align=\"center\">2900kg<\/td><\/tr><tr><td class=\"has-text-align-center\" data-align=\"center\">9JGL-12<\/td><td class=\"has-text-align-center\" data-align=\"center\">12m\u00b3<\/td><td class=\"has-text-align-center\" data-align=\"center\">37   1.5kW<\/td><td class=\"has-text-align-center\" data-align=\"center\">26r\/min<\/td><td class=\"has-text-align-center\" data-align=\"center\">3600kg<\/td><\/tr><\/tbody><\/table><figcaption class=\"wp-element-caption\">modelli e specifiche tecniche del miscelatore di alimenti per bovini<\/figcaption><\/figure>    <ul class=\"wp-block-list\"> <li>Alimentazione: 3-fase 380V, 50Hz<\/li>    <li>Materiale della vite: acciaio manganese resistente all'usura<\/li>    <li>Capacit\u00e0 massima di pesatura: 32.000 kg<\/li> <\/ul>    <p>Inoltre, offriamo anche modelli aggiuntivi, tra cui 15 m\u00b3, 20 m\u00b3 e altri disponibili. Se hai esigenze specifiche, non esitare a contattarci per le ultime informazioni.<\/p>   <div class=\"wp-block-image\"> <figure class=\"aligncenter size-full\"><img loading=\"lazy\" decoding=\"async\" width=\"720\" height=\"540\" src=\"https:\/\/corn-machine.com\/wp-content\/uploads\/2026\/03\/livestock-feed-mixer.webp\" alt=\"miscelatore di alimenti per bestiame\" class=\"wp-image-1679\" title=\"\" srcset=\"https:\/\/corn-machine.com\/wp-content\/uploads\/2026\/03\/livestock-feed-mixer.webp 720w, https:\/\/corn-machine.com\/wp-content\/uploads\/2026\/03\/livestock-feed-mixer-300x225.webp 300w, https:\/\/corn-machine.com\/wp-content\/uploads\/2026\/03\/livestock-feed-mixer-16x12.webp 16w\" sizes=\"auto, (max-width: 720px) 100vw, 720px\" \/><figcaption class=\"wp-element-caption\">miscelatore di alimenti per bestiame<\/figcaption><\/figure> <\/div>   <h2 class=\"wp-block-heading\"><strong>FAQ sui miscelatori di alimenti TMR<\/strong><\/h2>   <div id=\"rank-math-faq\" class=\"rank-math-block\"> <div class=\"rank-math-list\"> <div id=\"faq-question-1773728072323\" class=\"rank-math-list-item\"> <h3 class=\"rank-math-question\">Quante bestiame pu\u00f2 alimentare un singolo miscelatore?<\/h3> <div class=\"rank-math-answer\">  <p>A seconda del modello specifico, una singola macchina pu\u00f2 alimentare da 200 a 2.000 capi di bestiame al giorno.<\/p>  <\/div> <\/div> <div id=\"faq-question-1773728082283\" class=\"rank-math-list-item\"> <h3 class=\"rank-math-question\">Quali tipi di ingredienti alimentari possono essere mescolati?<\/h3> <div class=\"rank-math-answer\">  <p>Gli ingredienti comuni per l'alimentazione includono: insilato, fieno, paglia, mangimi a base di cereali e altri.<\/p>  <\/div> <\/div> <div id=\"faq-question-1773728140107\" class=\"rank-math-list-item\"> <h3 class=\"rank-math-question\">Qual \u00e8 meglio: miscelatore verticale vs miscelatore orizzontale?<\/h3> <div class=\"rank-math-answer\">  <p>La scelta dipende dalle tue esigenze specifiche: i miscelatori verticali sono generalmente pi\u00f9 durevoli e pi\u00f9 adatti per mescolare foraggi a fibra lunga, mentre i miscelatori orizzontali sono pi\u00f9 indicati per mescolare insilato e ingredienti con un contenuto di umidit\u00e0 pi\u00f9 elevato.<\/p>  <\/div> <\/div> <div id=\"faq-question-1773728209326\" class=\"rank-math-list-item\"> <h3 class=\"rank-math-question\">Questo macchinario pu\u00f2 pesare automaticamente il mangime?<\/h3> <div class=\"rank-math-answer\">  <p>S\u00ec. Il miscelatore di alimenti per bovini \u00e8 dotato di un sistema di pesatura digitale che garantisce la precisione delle proporzioni di alimentazione.<\/p>  <\/div> <\/div> <\/div> <\/div>  <div class=\"wp-block-image\"> <figure class=\"aligncenter size-full\"><img loading=\"lazy\" decoding=\"async\" width=\"720\" height=\"540\" src=\"https:\/\/corn-machine.com\/wp-content\/uploads\/2026\/03\/self-propelled-TMR-mixer.webp\" alt=\"Miscelatore TMR autopropulso\" class=\"wp-image-1680\" title=\"\" srcset=\"https:\/\/corn-machine.com\/wp-content\/uploads\/2026\/03\/self-propelled-TMR-mixer.webp 720w, https:\/\/corn-machine.com\/wp-content\/uploads\/2026\/03\/self-propelled-TMR-mixer-300x225.webp 300w, https:\/\/corn-machine.com\/wp-content\/uploads\/2026\/03\/self-propelled-TMR-mixer-16x12.webp 16w\" sizes=\"auto, (max-width: 720px) 100vw, 720px\" \/><figcaption class=\"wp-element-caption\">Miscelatore TMR autopropulso<\/figcaption><\/figure> <\/div>   <h2 class=\"wp-block-heading\"><strong>Come scegliere il giusto miscelatore TMR?<\/strong><\/h2>    <p>When selecting a TMR feed mixer, please consider the following factors: your farm&#8217;s scale (specifically, the number of cattle or sheep), the type of feed used (hay or silage), the power source (electric or tractor-driven), and your specific mobility requirements.<\/p>    <p>Se non sei particolarmente esperto di questo tipo di miscelatore TMR, non preoccuparti. Taizy offre consulenza esperta per l'acquisto, fornendo raccomandazioni su misura in base alle condizioni e alle esigenze della tua fattoria. Contattaci oggi stesso per ricevere la tua soluzione personalizzata!<\/p>    <p class=\"translation-block\">Se hai difficolt\u00e0 a insilare, clicca qui per saperne di pi\u00f9: <a href=\"https:\/\/corn-machine.com\/it\/product\/corn-silage-bale-wrapper-machine\/\">Macchina per l'involo di insilato di mais<\/a>.<br>Se desideri raccogliere insilato fresco tritato, potresti essere interessato a questa macchina: <a href=\"https:\/\/corn-machine.com\/it\/product\/corn-silage-harvester\/\">Raccoglitore di insilato di mais<\/a>.<\/p>","protected":false},"excerpt":{"rendered":"<p>The TMR feed mixer is an indispensable piece of equipment in modern livestock farms; it helps improve feed utilization efficiency, increase milk production, reduce labor costs, and ensure that cattle and sheep receive balanced nutrition. This article will introduce you to the various types, working principles, and advantages of TMR mixers.<\/p>","protected":false},"author":1,"featured_media":1685,"parent":0,"template":"","tags":[55],"product-type":[60],"class_list":["post-1666","product","type-product","status-publish","has-post-thumbnail","hentry","tag-cornsilage","product-type-corn-silage-mixer"],"_links":{"self":[{"href":"https:\/\/corn-machine.com\/it\/wp-json\/wp\/v2\/product\/1666","targetHints":{"allow":["GET"]}}],"collection":[{"href":"https:\/\/corn-machine.com\/it\/wp-json\/wp\/v2\/product"}],"about":[{"href":"https:\/\/corn-machine.com\/it\/wp-json\/wp\/v2\/types\/product"}],"author":[{"embeddable":true,"href":"https:\/\/corn-machine.com\/it\/wp-json\/wp\/v2\/users\/1"}],"wp:featuredmedia":[{"embeddable":true,"href":"https:\/\/corn-machine.com\/it\/wp-json\/wp\/v2\/media\/1685"}],"wp:attachment":[{"href":"https:\/\/corn-machine.com\/it\/wp-json\/wp\/v2\/media?parent=1666"}],"wp:term":[{"taxonomy":"post_tag","embeddable":true,"href":"https:\/\/corn-machine.com\/it\/wp-json\/wp\/v2\/tags?post=1666"},{"taxonomy":"product-type","embeddable":true,"href":"https:\/\/corn-machine.com\/it\/wp-json\/wp\/v2\/product-type?post=1666"}],"curies":[{"name":"wp","href":"https:\/\/api.w.org\/{rel}","templated":true}]}}