{"id":1704,"date":"2026-04-07T17:05:06","date_gmt":"2026-04-07T09:05:06","guid":{"rendered":"https:\/\/corn-machine.com\/?post_type=product&#038;p=1704"},"modified":"2026-04-07T17:05:07","modified_gmt":"2026-04-07T09:05:07","slug":"90-model-hay-baler-silage-machine","status":"publish","type":"product","link":"https:\/\/corn-machine.com\/it\/product\/90-model-hay-baler-silage-machine\/","title":{"rendered":"Macchina per insilare modello 90"},"content":{"rendered":"<p>L'ultima macchina per la silage con pressa per fieno integrata 9YDB-90 \u00e8 una soluzione altamente automatizzata e ad alte prestazioni progettata specificamente per l'elaborazione moderna e su larga scala del foraggio, integrando senza soluzione di continuit\u00e0 le funzioni di alimentazione, imballaggio, imballaggio e recupero.<\/p>    <p>Capace di produrre balle che pesano tra 300 e 430 kg a una velocit\u00e0 di 55-60 balle all'ora, presenta una capacit\u00e0 del tramoggia ampliata di 3.5 m\u00b3 e pu\u00f2 elaborare e imballare almeno 23 tonnellate di silage all'ora.<\/p>    <figure class=\"wp-block-embed aligncenter is-type-video is-provider-youtube wp-block-embed-youtube wp-embed-aspect-16-9 wp-has-aspect-ratio\"><div class=\"wp-block-embed__wrapper\"> <iframe loading=\"lazy\" title=\"Demo completa della macchina per la silage con pressa per fieno 9YDB-90 | 55\u201360 Balle\/Ora, Soluzione per Foraggio Completamente Automatica\" width=\"500\" height=\"281\" src=\"https:\/\/www.youtube.com\/embed\/csMCDY51hVo?feature=oembed\" frameborder=\"0\" allow=\"accelerometer; autoplay; clipboard-write; encrypted-media; gyroscope; picture-in-picture; web-share\" referrerpolicy=\"strict-origin-when-cross-origin\" allowfullscreen><\/iframe> <\/div><figcaption class=\"wp-element-caption\">video di lavoro della macchina per la silage con pressa per fieno<\/figcaption><\/figure>    <h2 class=\"wp-block-heading\"><strong>Caratteristiche principali della macchina per la silage 9YDB-90<\/strong><\/h2>    <ol class=\"wp-block-list\"> <li>La macchina per la silage con pressa per fieno \u00e8 dotata di un pannello di controllo touch screen a schermo intero e presenta un flusso di lavoro completamente automatizzato, riducendo significativamente la necessit\u00e0 di intervento manuale.<\/li>    <li>Il suo sistema di alimentazione automatico garantisce un funzionamento continuo e ininterrotto della macchina, che rileva automaticamente quando viene raggiunto un carico completo e attiva immediatamente i processi di imballaggio e annodatura.<\/li>    <li>Il sistema di trasporto a catena aggiornato trasporta senza problemi le balle sulla piattaforma di imballaggio, garantendo che le balle rimangano libere da deformazioni o danni.<\/li>    <li>Un innovativo sistema di recupero del materiale raccoglie automaticamente il foraggio disperso e lo reinserisce nel tramoggia per il riutilizzo, migliorando significativamente l'efficienza di utilizzo del materiale.<\/li>    <li>Dotata di pneumatici pneumatici, la pressa per silage e imballatrice offrono mobilit\u00e0 facile e conveniente, rendendola adatta per operazioni in una vasta gamma di ambienti di campo.<\/li>    <li>L'unit\u00e0 presenta tre armadi di controllo elettrici indipendenti, ciascuno ospitato in una scatola di controllo separata, migliorando efficacemente sia la sicurezza operativa che la comodit\u00e0 di manutenzione.<\/li> <\/ol>   <div class=\"wp-block-image\"> <figure class=\"aligncenter size-full\"><img loading=\"lazy\" decoding=\"async\" width=\"720\" height=\"540\" src=\"https:\/\/corn-machine.com\/wp-content\/uploads\/2026\/04\/automatic-hay-baler-silage-machine.webp\" alt=\"macchina automatica per la silage con pressa per fieno\" class=\"wp-image-1705\" title=\"\" srcset=\"https:\/\/corn-machine.com\/wp-content\/uploads\/2026\/04\/automatic-hay-baler-silage-machine.webp 720w, https:\/\/corn-machine.com\/wp-content\/uploads\/2026\/04\/automatic-hay-baler-silage-machine-300x225.webp 300w, https:\/\/corn-machine.com\/wp-content\/uploads\/2026\/04\/automatic-hay-baler-silage-machine-16x12.webp 16w\" sizes=\"auto, (max-width: 720px) 100vw, 720px\" \/><figcaption class=\"wp-element-caption\">macchina automatica per la silage con pressa per fieno<\/figcaption><\/figure> <\/div>   <h2 class=\"wp-block-heading\"><strong>Per chi \u00e8 progettato il modello 90?<\/strong><\/h2>    <p>La pressa-imballatrice integrata 9YDB-90 \u00e8 particolarmente adatta per operatori di allevamenti di bovini di medie e grandi dimensioni, allevamenti di pecore e capre, impianti di lavorazione della silage, cooperative agricole o appaltatori che forniscono servizi di silage.<\/p>    <p>Se le tue priorit\u00e0 sono alta produzione, funzionamento automatizzato e requisiti minimi di lavoro, allora questo modello rappresenta un'ottima scelta di investimento per te.<\/p>    <figure class=\"wp-block-gallery has-nested-images columns-default is-cropped wp-block-gallery-2 is-layout-flex wp-block-gallery-is-layout-flex\"> <figure class=\"wp-block-image size-large\"><img loading=\"lazy\" decoding=\"async\" width=\"720\" height=\"540\" data-id=\"1709\" src=\"https:\/\/corn-machine.com\/wp-content\/uploads\/2026\/04\/large-scale-cattle-farms.webp\" alt=\"allevamenti di bovini su larga scala\" class=\"wp-image-1709\" title=\"\" srcset=\"https:\/\/corn-machine.com\/wp-content\/uploads\/2026\/04\/large-scale-cattle-farms.webp 720w, https:\/\/corn-machine.com\/wp-content\/uploads\/2026\/04\/large-scale-cattle-farms-300x225.webp 300w, https:\/\/corn-machine.com\/wp-content\/uploads\/2026\/04\/large-scale-cattle-farms-16x12.webp 16w\" sizes=\"auto, (max-width: 720px) 100vw, 720px\" \/><figcaption class=\"wp-element-caption\">allevamenti di bovini su larga scala<\/figcaption><\/figure>    <figure class=\"wp-block-image size-large\"><img loading=\"lazy\" decoding=\"async\" width=\"720\" height=\"540\" data-id=\"1710\" src=\"https:\/\/corn-machine.com\/wp-content\/uploads\/2026\/04\/silage-processing-plant.webp\" alt=\"impianto di lavorazione della silage\" class=\"wp-image-1710\" title=\"\" srcset=\"https:\/\/corn-machine.com\/wp-content\/uploads\/2026\/04\/silage-processing-plant.webp 720w, https:\/\/corn-machine.com\/wp-content\/uploads\/2026\/04\/silage-processing-plant-300x225.webp 300w, https:\/\/corn-machine.com\/wp-content\/uploads\/2026\/04\/silage-processing-plant-16x12.webp 16w\" sizes=\"auto, (max-width: 720px) 100vw, 720px\" \/><figcaption class=\"wp-element-caption\">impianto di lavorazione della silage<\/figcaption><\/figure> <\/figure>    <h2 class=\"wp-block-heading\"><strong>Parametri tecnici della nostra macchina per la silage con pressa per fieno<\/strong><\/h2>    <figure class=\"wp-block-table\"><table class=\"has-fixed-layout\"><thead><tr><th>Articolo<\/th><th>Specifiche<\/th><\/tr><\/thead><tbody><tr><td>Modello<\/td><td>9YDB-90<\/td><\/tr><tr><td>Capacit\u00e0<\/td><td>55\u201360 balle\/h<\/td><\/tr><tr><td>Volume della balla<\/td><td>&gt;=0.6 m\u00b3<\/td><\/tr><tr><td>Dimensione della balla<\/td><td>90\u00d790 cm<\/td><\/tr><tr><td>Peso della balla<\/td><td>300\u2013430 kg<\/td><\/tr><tr><td>Efficienza lavorativa<\/td><td>&gt;=23 t\/h<\/td><\/tr><tr><td>Potenza abbinata<\/td><td>39 kW<\/td><\/tr><tr><td>Potenza del motore<\/td><td>22kW   2.2kW   1.1kW   2.2kW   4kW   7.5kW<\/td><\/tr><tr><td>Peso totale<\/td><td>&gt;=4200 kg<\/td><\/tr><tr><td>Braccio di imballaggio<\/td><td>2 pz<\/td><\/tr><tr><td>Dimensione del film<\/td><td>50 cm \u00d7 2<\/td><\/tr><tr><td>Volume del tramoggia<\/td><td>&gt;=3.5 m\u00b3<\/td><\/tr><tr><td>Larghezza del tramoggia<\/td><td>&gt;=170 cm<\/td><\/tr><tr><td>Porta di alimentazione<\/td><td>&gt;=900 mm<\/td><\/tr><tr><td>Altezza del tramoggia<\/td><td>&gt;=120 cm<\/td><\/tr><tr><td>Quantit\u00e0 di tamburi<\/td><td>&gt;=28 pz<\/td><\/tr><tr><td>Velocit\u00e0 di rotazione<\/td><td>950 r\/min<\/td><\/tr><tr><td>Raggio del telaio del film<\/td><td>1180\u00b15 mm<\/td><\/tr><tr><td>Larghezza della balla<\/td><td>&gt;=900 mm<\/td><\/tr><tr><td>Dimensioni della macchina<\/td><td>&gt;=8100\u00d72400\u00d73100 mm<\/td><\/tr><\/tbody><\/table><figcaption class=\"wp-element-caption\">parametri tecnici della macchina per la silage con pressa per fieno<\/figcaption><\/figure>   <div class=\"wp-block-image\"> <figure class=\"aligncenter size-full\"><img loading=\"lazy\" decoding=\"async\" width=\"720\" height=\"540\" src=\"https:\/\/corn-machine.com\/wp-content\/uploads\/2026\/04\/round-bale-silage-wrapper.webp\" alt=\"Imballatrice per balle di insilato rotonde\" class=\"wp-image-1706\" title=\"\" srcset=\"https:\/\/corn-machine.com\/wp-content\/uploads\/2026\/04\/round-bale-silage-wrapper.webp 720w, https:\/\/corn-machine.com\/wp-content\/uploads\/2026\/04\/round-bale-silage-wrapper-300x225.webp 300w, https:\/\/corn-machine.com\/wp-content\/uploads\/2026\/04\/round-bale-silage-wrapper-16x12.webp 16w\" sizes=\"auto, (max-width: 720px) 100vw, 720px\" \/><figcaption class=\"wp-element-caption\">Imballatrice per balle di insilato rotonde<\/figcaption><\/figure> <\/div>   <h2 class=\"wp-block-heading\"><strong>FAQ \u2014 Macchina combinata per pressa e imballaggio modello 90<\/strong><\/h2>   <div id=\"rank-math-faq\" class=\"rank-math-block\"> <div class=\"rank-math-list\"> <div id=\"faq-question-1775526470199\" class=\"rank-math-list-item\"> <h3 class=\"rank-math-question\">Quali tipi di materiali pu\u00f2 elaborare questa macchina?<\/h3> <div class=\"rank-math-answer\">  <p>Pu\u00f2 elaborare silage di mais, erba da foraggio, paglia di colture, erba medica e vari altri tipi di materiali foraggeri.<\/p>  <\/div> <\/div> <div id=\"faq-question-1775526488262\" class=\"rank-math-list-item\"> <h3 class=\"rank-math-question\">Questa macchina \u00e8 completamente automatica?<\/h3> <div class=\"rank-math-answer\">  <p>S\u00ec, supporta l'alimentazione automatizzata, l'imballaggio, l'imballaggio e lo scarico, riducendo significativamente l'intensit\u00e0 del lavoro manuale.<\/p>  <\/div> <\/div> <div id=\"faq-question-1775526505244\" class=\"rank-math-list-item\"> <h3 class=\"rank-math-question\">Quanti operatori sono necessari per questa macchina per la silage con pressa per fieno?<\/h3> <div class=\"rank-math-answer\">  <p>Tipicamente, sono necessari solo 1 o 2 operatori per gestire l'intero sistema.<\/p>  <\/div> <\/div> <div id=\"faq-question-1775526534724\" class=\"rank-math-list-item\"> <h3 class=\"rank-math-question\">Pu\u00f2 ridurre gli sprechi di materiale?<\/h3> <div class=\"rank-math-answer\">  <p>S\u00ec, il sistema di recupero integrato garantisce che la perdita di materiale sia praticamente zero.<\/p>  <\/div> <\/div> <div id=\"faq-question-1775526566060\" class=\"rank-math-list-item\"> <h3 class=\"rank-math-question\">La pressa per silage e imballaggio \u00e8 facile da spostare?<\/h3> <div class=\"rank-math-answer\">  <p>S\u00ec, \u00e8 dotata di pneumatici, rendendola facile da trasportare tra diversi luoghi di lavoro.<\/p>  <\/div> <\/div> <div id=\"faq-question-1775526579458\" class=\"rank-math-list-item\"> <h3 class=\"rank-math-question\">Che tipo di film di imballaggio utilizza?<\/h3> <div class=\"rank-math-answer\">  <p>Utilizza film di imballaggio per silage largo 50 centimetri (richiedendo l'uso simultaneo di due rotoli).<\/p>  <\/div> <\/div> <\/div> <\/div>  <div class=\"wp-block-image\"> <figure class=\"aligncenter size-full\"><img loading=\"lazy\" decoding=\"async\" width=\"720\" height=\"540\" src=\"https:\/\/corn-machine.com\/wp-content\/uploads\/2026\/04\/silage-bale-wrapper.webp\" alt=\"Imballatrice per balle di insilato\" class=\"wp-image-1707\" title=\"\" srcset=\"https:\/\/corn-machine.com\/wp-content\/uploads\/2026\/04\/silage-bale-wrapper.webp 720w, https:\/\/corn-machine.com\/wp-content\/uploads\/2026\/04\/silage-bale-wrapper-300x225.webp 300w, https:\/\/corn-machine.com\/wp-content\/uploads\/2026\/04\/silage-bale-wrapper-16x12.webp 16w\" sizes=\"auto, (max-width: 720px) 100vw, 720px\" \/><figcaption class=\"wp-element-caption\">Imballatrice per balle di insilato<\/figcaption><\/figure> <\/div>   <h2 class=\"wp-block-heading\"><strong>Perch\u00e9 hai bisogno di una macchina per la silage con pressa per fieno?<\/strong><\/h2>    <p>Nell'allevamento animale moderno, la conservazione efficiente del foraggio \u00e8 cruciale per mantenere la qualit\u00e0 del foraggio e ridurre i costi. Le presse per silage svolgono un ruolo fondamentale in questo processo.<\/p>    <ol class=\"wp-block-list\"> <li>Imballando foraggio fresco e steli di colture, le presse per silage creano un ambiente anaerobico (privo di ossigeno) che facilita la fermentazione naturale. Questo processo aiuta a preservare proteine, umidit\u00e0 e vari nutrienti, garantendo cos\u00ec la fornitura di foraggio di alta qualit\u00e0 per il bestiame.<\/li>    <li>Quando lavorato con una pressa per silage, ogni balla \u00e8 sigillata e protetta. Questo protegge efficacemente il contenuto dall'esposizione all'aria e dall'intrusione dell'umidit\u00e0, riducendo significativamente il deterioramento e la perdita di foraggio.<\/li>    <li>L'uso di macchine per la silage con pressa per fieno consente l'accumulo di un'ampia scorta di foraggio durante la stagione di raccolta. Questa riserva pu\u00f2 poi essere utilizzata durante i periodi di siccit\u00e0 o nei mesi invernali, garantendo cos\u00ec il funzionamento stabile e continuo della produzione di bestiame.<\/li> <\/ol>    <h2 class=\"wp-block-heading\"><strong>Perch\u00e9 scegliere noi rispetto ad altri fornitori di presse e imballatrici?<\/strong><\/h2>    <p>Quando investi in una pressa e imballatrice, scegliere il giusto produttore \u00e8 importante quanto scegliere la macchina stessa. Ecco i motivi per cui la nostra macchina per la silage con pressa per fieno modello 9YDB-90 si distingue tra la concorrenza ed \u00e8 la scelta preferita dai nostri clienti:<\/p>    <ol class=\"wp-block-list\"> <li>Molti fornitori affermano tassi di produzione elevati, ma le loro prestazioni effettive spesso sono ben al di sotto delle aspettative. La nostra macchina offre una produzione reale di 55\u201360 balle all'ora, supportando un'efficienza lavorativa di &gt;=23 tonnellate all'ora, mantenendo prestazioni stabili, anche durante il funzionamento continuo.<\/li>    <li>A differenza delle macchine semi-automatiche comunemente presenti sul mercato, la nostra attrezzatura presenta un'elaborazione completamente automatizzata, coprendo l'intero flusso di lavoro dall'alimentazione automatica, imballaggio e imballaggio fino allo scarico finale delle balle.<\/li>    <li>La maggior parte dei concorrenti tende a trascurare il problema della perdita di materiale. La nostra macchina \u00e8 dotata di un sistema di recupero con raschiatore a catena e nastro trasportatore a vite che raccoglie e ricicla automaticamente qualsiasi materiale di foraggio disperso.<\/li>    <li>Offriamo pi\u00f9 di semplici macchine, ma soluzioni complete che includono guida tecnica esperta, servizi di supporto per installazione e funzionamento, e una fornitura affidabile di ricambi.<\/li> <\/ol>   <div class=\"wp-block-image\"> <figure class=\"aligncenter size-full\"><img loading=\"lazy\" decoding=\"async\" width=\"720\" height=\"540\" src=\"https:\/\/corn-machine.com\/wp-content\/uploads\/2026\/04\/silage-baler-and-wrapper-machine.webp\" alt=\"macchina insilatrice e avvolgitrice\" class=\"wp-image-1708\" title=\"\" srcset=\"https:\/\/corn-machine.com\/wp-content\/uploads\/2026\/04\/silage-baler-and-wrapper-machine.webp 720w, https:\/\/corn-machine.com\/wp-content\/uploads\/2026\/04\/silage-baler-and-wrapper-machine-300x225.webp 300w, https:\/\/corn-machine.com\/wp-content\/uploads\/2026\/04\/silage-baler-and-wrapper-machine-16x12.webp 16w\" sizes=\"auto, (max-width: 720px) 100vw, 720px\" \/><figcaption class=\"wp-element-caption\">macchina insilatrice e avvolgitrice<\/figcaption><\/figure> <\/div>   <p>Che tu sia un proprietario di fattoria, un appaltatore agricolo o un'impresa di lavorazione della silage, investire in questa avanzata macchina combinata per pressa e imballaggio pu\u00f2 aiutarti a ridurre i costi di lavoro e operativi, migliorare la conservazione e la qualit\u00e0 del tuo foraggio e massimizzare l'utilizzo delle risorse, aumentando cos\u00ec la tua redditivit\u00e0 complessiva.<\/p>    <p>In breve, la macchina per la silage con pressa per fieno 9YDB-90 \u00e8 pi\u00f9 di una semplice macchina. \u00c8 una soluzione completa per la produzione di silage che offre efficienza, stabilit\u00e0 e valore a lungo termine per le tue operazioni.<\/p>    <p>Altri modelli di pressa per silage e imballaggio: <\/p>    <ul class=\"wp-block-list\"> <li><a href=\"https:\/\/corn-machine.com\/it\/product\/corn-silage-bale-wrapper-machine\/\">Imballatore per piccole balle 9YDB-55<\/a><\/li>    <li><a href=\"https:\/\/corn-machine.com\/it\/product\/taizy-new-corn-silage-baler-machine\/\">Imballatrice per balle rotonde 9YDB-70<\/a><\/li> <\/ul>","protected":false},"excerpt":{"rendered":"<p>Discover the Model 9YDB-90 Silage Baler\u2014combining automated operation, a dual-wrapping system, and high output. It is the ideal choice for large-scale silage production, helping you maximize efficiency and minimize waste.<\/p>","protected":false},"author":1,"featured_media":1715,"parent":0,"template":"","tags":[55],"product-type":[59],"class_list":["post-1704","product","type-product","status-publish","has-post-thumbnail","hentry","tag-cornsilage","product-type-corn-silage-baler"],"_links":{"self":[{"href":"https:\/\/corn-machine.com\/it\/wp-json\/wp\/v2\/product\/1704","targetHints":{"allow":["GET"]}}],"collection":[{"href":"https:\/\/corn-machine.com\/it\/wp-json\/wp\/v2\/product"}],"about":[{"href":"https:\/\/corn-machine.com\/it\/wp-json\/wp\/v2\/types\/product"}],"author":[{"embeddable":true,"href":"https:\/\/corn-machine.com\/it\/wp-json\/wp\/v2\/users\/1"}],"wp:featuredmedia":[{"embeddable":true,"href":"https:\/\/corn-machine.com\/it\/wp-json\/wp\/v2\/media\/1715"}],"wp:attachment":[{"href":"https:\/\/corn-machine.com\/it\/wp-json\/wp\/v2\/media?parent=1704"}],"wp:term":[{"taxonomy":"post_tag","embeddable":true,"href":"https:\/\/corn-machine.com\/it\/wp-json\/wp\/v2\/tags?post=1704"},{"taxonomy":"product-type","embeddable":true,"href":"https:\/\/corn-machine.com\/it\/wp-json\/wp\/v2\/product-type?post=1704"}],"curies":[{"name":"wp","href":"https:\/\/api.w.org\/{rel}","templated":true}]}}