{"id":228,"date":"2022-09-15T10:23:20","date_gmt":"2022-09-15T10:23:20","guid":{"rendered":"https:\/\/corn-machine.com\/?post_type=product&#038;p=228"},"modified":"2025-07-25T11:14:59","modified_gmt":"2025-07-25T03:14:59","slug":"industrial-corn-dryer-machine","status":"publish","type":"product","link":"https:\/\/corn-machine.com\/it\/product\/industrial-corn-dryer-machine\/","title":{"rendered":"Macchina essiccatrice per mais industriale | Essiccatore per cereali in vendita"},"content":{"rendered":"<p class=\"translation-block\">Per conservare bene il grano e prevenire la muffa \u00e8 necessario un <strong>industrial corn dryer machine<\/strong> per rimuovere l\u2019eccesso di umidit\u00e0 dal grano. Taizy Machinery propone una nuova essiccatrice per cereali e \u00e8 disponibile a ricevere le vostre richieste di preventivo.<\/p>    <p>Questa grande macchina industriale \u00e8 specificamente progettata per l\u2019essiccazione e la lavorazione dei cereali. Ha un\u2019ampia gamma di applicazioni e pu\u00f2 asciugare in modo efficiente colture come mais, grano e colza. Con una capacit\u00e0 di lavorazione di 15 tonnellate all\u2019ora, pu\u00f2 risolvere efficacemente i problemi di stoccaggio del grano in breve tempo.<\/p>   <div class=\"wp-block-image\"> <figure class=\"aligncenter size-full\"><img loading=\"lazy\" decoding=\"async\" width=\"720\" height=\"540\" src=\"https:\/\/corn-machine.com\/wp-content\/uploads\/2022\/09\/maize-dryer-machine-.webp\" alt=\"maize dryer machine\" class=\"wp-image-251\" title=\"\"><figcaption class=\"wp-element-caption\">maize dryer machine<\/figcaption><\/figure> <\/div>   <h2 class=\"wp-block-heading\"><strong>Vantaggi della macchina essiccatrice industriale per mais<\/strong><\/h2>    <ul class=\"wp-block-list\"> <li>L'essiccatore per cereali adatta un <strong>ampio intervallo<\/strong> a grano, mais, sorgo, soia, riso, semi di girasole, miglio, colza e altre colture.<\/li>    <li>La macchina essiccatrice industriale per mais <strong>risparmia energia.<\/strong>Ha una produzione giornaliera di 50 tonnellate e la sua potenza totale \u00e8 di 7,6 kW, che pu\u00f2 essere utilizzata con l'elettricit\u00e0 agricola generale, senza la necessit\u00e0 di installare trasformatori aggiuntivi.<\/li>    <li>The grain dryer&#8217;s <strong>velocit\u00e0 di essiccazione rapida<\/strong>, nel frattempo il suo tasso di rottura \u00e8 basso. L'essiccatore migliora i parametri pertinenti e la direzione di scorrimento dei cereali, inoltre massimizza il riscaldamento uniforme dei cereali.<\/li>    <li><strong>Basso consumo di energia termica<\/strong> della macchina essiccatrice per mais. L'essiccatore adotta la modalit\u00e0 di essiccazione a bassa temperatura, a temperatura costante e completamente chiusa per migliorare il tasso di utilizzo del calore. I cereali essiccati finali hanno la stessa tabella di umidit\u00e0 e un lungo tempo di conservazione.<\/li>    <li>L'essiccatore ha un aspetto meraviglioso e la superficie verniciata adotta il processo di verniciatura a spruzzo elettrostatico e a forno, che \u00e8 pi\u00f9 di <strong>5 volte la vita della verniciatura a spruzzo generale<\/strong>.<\/li> <\/ul>   <div class=\"wp-block-image\"> <figure class=\"aligncenter size-full\"><img loading=\"lazy\" decoding=\"async\" width=\"720\" height=\"540\" src=\"https:\/\/corn-machine.com\/wp-content\/uploads\/2022\/09\/grain-dryer-2.webp\" alt=\"\" class=\"wp-image-248\" title=\"\"><figcaption class=\"wp-element-caption\">Industrial corn dryer machine<\/figcaption><\/figure> <\/div>   <h2 class=\"wp-block-heading\"><strong>Introduzione della macchina di essiccazione del mais<\/strong><\/h2>    <p>La nuova macchina essiccatrice per mais di Taizy Machinery pu\u00f2 essiccare vari cereali come fagioli, semi di girasole, mais, sorgo, grano, miglio, ecc. tramite trattamento ad alta temperatura, e anche uccidere gli insetti. La macchina essiccatrice industriale per mais aumenta l'altezza della sua caduta, elimina il trasportatore a coclea originale e adotta acciaio inossidabile resistente all'usura e liscio come piastra della canaletta di scorrimento, garantendo cos\u00ec che non vi sia collisione durante la caduta di mais, sorgo e altri cereali, ed evitando rotture.<\/p>    <figure class=\"wp-block-embed is-type-video is-provider-youtube wp-block-embed-youtube wp-embed-aspect-16-9 wp-has-aspect-ratio\"><div class=\"wp-block-embed__wrapper\"> <iframe loading=\"lazy\" title=\"Come Funzionano le Torri di Essiccazione dei Cereali | Il Processo Completo per Essiccare Mais, Riso, ecc. su Larga Scala!\" width=\"500\" height=\"281\" src=\"https:\/\/www.youtube.com\/embed\/m3bpetgkN1E?feature=oembed\" frameborder=\"0\" allow=\"accelerometer; autoplay; clipboard-write; encrypted-media; gyroscope; picture-in-picture; web-share\" referrerpolicy=\"strict-origin-when-cross-origin\" allowfullscreen><\/iframe> <\/div><figcaption class=\"wp-element-caption\">industrial grain drying tower<\/figcaption><\/figure>    <h2 class=\"wp-block-heading\"><strong>Parametri della macchina essiccatrice industriale per mais<\/strong><\/h2>    <figure class=\"wp-block-table\"><table class=\"has-fixed-layout\"><tbody><tr><td class=\"has-text-align-left\" data-align=\"left\">Modello<\/td><td class=\"has-text-align-center\" data-align=\"center\">5HXG-15<\/td><\/tr><tr><td class=\"has-text-align-left\" data-align=\"left\">Structure<\/td><td class=\"has-text-align-center\" data-align=\"center\">Fixed<\/td><\/tr><tr><td class=\"has-text-align-left\" data-align=\"left\">Recycling style<\/td><td class=\"has-text-align-center\" data-align=\"center\">Batch cycle<\/td><\/tr><tr><td class=\"has-text-align-left\" data-align=\"left\">Peso<\/td><td class=\"has-text-align-center\" data-align=\"center\">3200kg<\/td><\/tr><tr><td class=\"has-text-align-left\" data-align=\"left\">Batch processing capacity<\/td><td class=\"has-text-align-center\" data-align=\"center\">3000-15000kg(corn), 3000-15000kg(wheat), ecc.<\/td><\/tr><tr><td class=\"has-text-align-left\" data-align=\"left\">Overall dimension<\/td><td class=\"has-text-align-center\" data-align=\"center\">4288*2738*11700mm<\/td><\/tr><tr><td class=\"has-text-align-left\" data-align=\"left\">Total power<\/td><td class=\"has-text-align-center\" data-align=\"center\">About 6kw<\/td><\/tr><tr><td class=\"has-text-align-left\" data-align=\"left\">Feeding time<\/td><td class=\"has-text-align-center\" data-align=\"center\">About 63min<\/td><\/tr><tr><td class=\"has-text-align-left\" data-align=\"left\">Discharge time<\/td><td class=\"has-text-align-center\" data-align=\"center\">About 58min<\/td><\/tr><tr><td class=\"has-text-align-left\" data-align=\"left\">Drying capacity<\/td><td class=\"has-text-align-center\" data-align=\"center\">15t \/h<\/td><\/tr><\/tbody><\/table><figcaption class=\"wp-element-caption\">paramters of the grain dryer<\/figcaption><\/figure>    <h2 class=\"wp-block-heading\"><strong>Materie prime per essiccatore di cereali<\/strong><\/h2>    <p class=\"translation-block\">La macchina essiccatrice per mais pu\u00f2 asciugare grandi chicchi, come fagioli, grano, mais e semi di girasole. La macchina pu\u00f2 anche asciugare chicchi relativamente piccoli, per <a href=\"https:\/\/en.wikipedia.org\/wiki\/Rapeseed\" target=\"_blank\" rel=\"noopener\">lingua rapa<\/a>, sorgo, miglio, ecc. I cereali finali asciugati possono essere macinati da un mulino a martelli.<\/p>   <div class=\"wp-block-image\"> <figure class=\"aligncenter size-full\"><img loading=\"lazy\" decoding=\"async\" width=\"720\" height=\"540\" src=\"https:\/\/corn-machine.com\/wp-content\/uploads\/2022\/09\/applicable-materials-of-grain-dryer.webp\" alt=\"applicable materials of grain dryer\" class=\"wp-image-239\" title=\"\"><figcaption class=\"wp-element-caption\">applicable materials of grain dryer<\/figcaption><\/figure> <\/div>   <h2 class=\"wp-block-heading\"><strong>La capacit\u00e0 della macchina di essiccazione del mais per diversi cereali<\/strong><\/h2>    <p>Prendendo come esempi rapeseed, mais, grano e riso, mostriamo le diverse capacit\u00e0 e volumi di ogni modello. Se avete domande a riguardo, non esitate a consultarci.<\/p>    <figure class=\"wp-block-table\"><table><tbody><tr><td><\/td><td><\/td><td>5H-10<\/td><td>5H-13<\/td><td>5H-15<\/td><td>5H-32<\/td><\/tr><tr><td><strong>Rapeseed<\/strong><\/td><td>Volume(kg)<\/td><td>7500~10300<\/td><td>7500~13450<\/td><td>7500~14850<\/td><td>12000~31800<\/td><\/tr><tr><td><strong>&nbsp;<\/strong><\/td><td>Capacit\u00e0 (kg\/h)<\/td><td>473~1235<\/td><td>607~1456<\/td><td>675~1620<\/td><td>1000~3500<\/td><\/tr><tr><td><strong>Corn<\/strong><\/td><td>Volume(kg)<\/td><td>7500~10450<\/td><td>7500~13400<\/td><td>7500~16300<\/td><td>12000~32000<\/td><\/tr><tr><td><strong>&nbsp;<\/strong><\/td><td>Capacit\u00e0 (kg\/h)<\/td><td>756~1261<\/td><td>971~1618<\/td><td>1080~1800<\/td><td>1000~3400<\/td><\/tr><tr><td><strong>W<\/strong><strong>heat<\/strong><strong><\/strong><\/td><td>Volume(kg)<\/td><td>7500~10450<\/td><td>7500~13350<\/td><td>7500~16300<\/td><td>12000~32000<\/td><\/tr><tr><td><strong>&nbsp;<\/strong><\/td><td>Capacit\u00e0 (kg\/h)<\/td><td>315~756<\/td><td>4056~971<\/td><td>450~1080<\/td><td>1000~3250<\/td><\/tr><tr><td><strong>R<\/strong><strong>ice <\/strong><strong><\/strong><\/td><td>Volume(kg)<\/td><td>6500~8400<\/td><td>6500~10850<\/td><td>6500~15500<\/td><td>9000~30800<\/td><\/tr><tr><td><strong>&nbsp;<\/strong><\/td><td>Capacit\u00e0 (kg\/h)<\/td><td>382~916<\/td><td>493~1184<\/td><td>548~1315<\/td><td>2600<\/td><\/tr><\/tbody><\/table><\/figure>    <h2 class=\"wp-block-heading\"><strong>Metodi di riscaldamento della macchina di essiccazione del mais<\/strong><\/h2>    <p>La macchina essiccatrice industriale per mais \u00e8 adatta a un'ampia gamma di metodi di riscaldamento, inclusi forni ad aria calda a biomassa, bruciatori a gasolio, bruciatori a gas e pompe di calore aria-aria.<\/p>    <p>Il forno ad aria calda a biomassa serve a bruciare rifiuti di biomassa per produrre calore, includendo bracieri, paglia e altri rifiuti. Appartiene al forno ad aria calda a protezione ambientale e risparmio energetico, che fornisce una fonte di calore per la macchina essiccatrice industriale per mais. \u00c8 dotato di un avanzato sistema di ventilazione a temperatura costante automatica per garantire la qualit\u00e0 del grano e un basso costo di utilizzo, molto popolare tra gli investitori.<\/p>   <div class=\"wp-block-image\"> <figure class=\"aligncenter size-full\"><img loading=\"lazy\" decoding=\"async\" width=\"720\" height=\"540\" src=\"https:\/\/corn-machine.com\/wp-content\/uploads\/2022\/09\/biomass-heat-furnance.webp\" alt=\"biomass hot air furnance\" class=\"wp-image-241\" title=\"\"><figcaption class=\"wp-element-caption\">biomass hot air furnance of industrial corn dryer machine<\/figcaption><\/figure> <\/div>   <p>Se si utilizza il bruciatore, \u00e8 possibile scegliere gas naturale o gasolio standard nazionale O# come combustibile in base alla domanda del cliente. Siamo dotati di un bruciatore che utilizza macchine italiane importate con funzione a doppio ugello, buone prestazioni di atomizzazione, riscaldamento rapido, temperatura stabile dell'aria calda e controllo preciso della temperatura.<\/p>   <div class=\"wp-block-image\"> <figure class=\"aligncenter size-full\"><img loading=\"lazy\" decoding=\"async\" width=\"720\" height=\"540\" src=\"https:\/\/corn-machine.com\/wp-content\/uploads\/2022\/09\/burner.webp\" alt=\"burner\" class=\"wp-image-242\" title=\"\"><figcaption class=\"wp-element-caption\">burner<\/figcaption><\/figure> <\/div>   <h2 class=\"wp-block-heading\"><strong>Struttura dettagliata dell\u2019essiccatore di cereali<\/strong><\/h2>    <div class=\"wp-block-media-text alignwide is-stacked-on-mobile\"><figure class=\"wp-block-media-text__media\"><img loading=\"lazy\" decoding=\"async\" width=\"540\" height=\"720\" src=\"https:\/\/corn-machine.com\/wp-content\/uploads\/2022\/09\/conveyor.webp\" alt=\"\" class=\"wp-image-243 size-full\" title=\"\"><\/figure><div class=\"wp-block-media-text__content\"> <p>La cinghia del nastro dell\u2019ascensore \u00e8 realizzata con una cinghia in nylon puro. Il scuolino \u00e8 realizzato in plastica di nylon vergine con buona tenacit\u00e0.<\/p> <\/div><\/div>    <div class=\"wp-block-media-text alignwide has-media-on-the-right is-stacked-on-mobile\"><div class=\"wp-block-media-text__content\"> <p>La scatola di controllo PLC adotta un funzionamento a touchscreen per visualizzare in tempo reale la localizzazione dei guasti.<\/p> <\/div><figure class=\"wp-block-media-text__media\"><img loading=\"lazy\" decoding=\"async\" width=\"720\" height=\"540\" src=\"https:\/\/corn-machine.com\/wp-content\/uploads\/2022\/09\/PLC-control-box.webp\" alt=\"\" class=\"wp-image-253 size-full\" title=\"\"><\/figure><\/div>    <div class=\"wp-block-media-text alignwide is-stacked-on-mobile\"><figure class=\"wp-block-media-text__media\"><img loading=\"lazy\" decoding=\"async\" width=\"540\" height=\"720\" src=\"https:\/\/corn-machine.com\/wp-content\/uploads\/2022\/09\/inner-materials.webp\" alt=\"\" class=\"wp-image-250 size-full\" title=\"\"><\/figure><div class=\"wp-block-media-text__content\"> <p>Il materiale interno della macchina per essiccare il mais \u00e8 in acciaio inossidabile, lastra zincata e lastra d\u2019acciaio rinforzata, resistente all\u2019usura e durevole.<\/p> <\/div><\/div>    <h2 class=\"wp-block-heading\"><strong>Visualizzazione dello stock dell\u2019essiccatore di cereali<\/strong><\/h2>    <figure class=\"wp-block-gallery has-nested-images columns-default is-cropped wp-block-gallery-2 is-layout-flex wp-block-gallery-is-layout-flex\"> <figure class=\"wp-block-image size-large\"><img loading=\"lazy\" decoding=\"async\" width=\"720\" height=\"540\" data-id=\"245\" src=\"https:\/\/corn-machine.com\/wp-content\/uploads\/2022\/09\/corn-drying-machine-in-stock.webp\" alt=\"corn drying machine in stock\" class=\"wp-image-245\" title=\"\"><figcaption class=\"wp-element-caption\">corn drying machine in stock<\/figcaption><\/figure>    <figure class=\"wp-block-image size-large\"><img loading=\"lazy\" decoding=\"async\" width=\"720\" height=\"540\" data-id=\"244\" src=\"https:\/\/corn-machine.com\/wp-content\/uploads\/2022\/09\/corn-dryer-in-stock.webp\" alt=\"corn dryer in stock\" class=\"wp-image-244\" title=\"\"><figcaption class=\"wp-element-caption\">corn dryer in stock<\/figcaption><\/figure> <\/figure>    <figure class=\"wp-block-gallery has-nested-images columns-default is-cropped wp-block-gallery-3 is-layout-flex wp-block-gallery-is-layout-flex\"> <figure class=\"wp-block-image size-large\"><img loading=\"lazy\" decoding=\"async\" width=\"720\" height=\"540\" data-id=\"252\" src=\"https:\/\/corn-machine.com\/wp-content\/uploads\/2022\/09\/maize-dryer-machine.webp\" alt=\"\" class=\"wp-image-252\" title=\"\"><figcaption class=\"wp-element-caption\">maize dryer machine<\/figcaption><\/figure>    <figure class=\"wp-block-image size-large\"><img loading=\"lazy\" decoding=\"async\" width=\"720\" height=\"540\" data-id=\"246\" src=\"https:\/\/corn-machine.com\/wp-content\/uploads\/2022\/09\/corn-drying-machine.webp\" alt=\"corn drying machine\" class=\"wp-image-246\" title=\"\"><figcaption class=\"wp-element-caption\">corn drying machine<\/figcaption><\/figure> <\/figure>    <p class=\"translation-block\">Se vuoi un essiccatore mobile, vorrei presentarti questo: <a href=\"https:\/\/corn-machine.com\/it\/product\/mobile-grain-dryer-for-drying-corn-rice\/\">essiccatore mobile<\/a>, adatto all\u2019elaborazione di colture su piccola scala. Per ulteriori dettagli, contattami via email o altri mezzi e fammi sapere le tue esigenze specifiche.<\/p>","protected":false},"excerpt":{"rendered":"<p>La torre essiccatore a grani fissi \u00e8 adatta per la lavorazione di pi\u00f9 colture su larga scala. La sua capacit\u00e0 di essiccazione fino a 15 t\/h ed \u00e8 adatta per l'essiccazione di mais, grano, colza, ecc.<\/p>","protected":false},"author":1,"featured_media":229,"parent":0,"template":"","tags":[21],"product-type":[44],"class_list":["post-228","product","type-product","status-publish","has-post-thumbnail","hentry","tag-corn-dryer-machine","product-type-maize-dryer-machine"],"_links":{"self":[{"href":"https:\/\/corn-machine.com\/it\/wp-json\/wp\/v2\/product\/228","targetHints":{"allow":["GET"]}}],"collection":[{"href":"https:\/\/corn-machine.com\/it\/wp-json\/wp\/v2\/product"}],"about":[{"href":"https:\/\/corn-machine.com\/it\/wp-json\/wp\/v2\/types\/product"}],"author":[{"embeddable":true,"href":"https:\/\/corn-machine.com\/it\/wp-json\/wp\/v2\/users\/1"}],"wp:featuredmedia":[{"embeddable":true,"href":"https:\/\/corn-machine.com\/it\/wp-json\/wp\/v2\/media\/229"}],"wp:attachment":[{"href":"https:\/\/corn-machine.com\/it\/wp-json\/wp\/v2\/media?parent=228"}],"wp:term":[{"taxonomy":"post_tag","embeddable":true,"href":"https:\/\/corn-machine.com\/it\/wp-json\/wp\/v2\/tags?post=228"},{"taxonomy":"product-type","embeddable":true,"href":"https:\/\/corn-machine.com\/it\/wp-json\/wp\/v2\/product-type?post=228"}],"curies":[{"name":"wp","href":"https:\/\/api.w.org\/{rel}","templated":true}]}}