{"id":44,"date":"2022-09-06T06:19:10","date_gmt":"2022-09-05T22:19:10","guid":{"rendered":"https:\/\/corn-machine.com\/?post_type=product&#038;p=44"},"modified":"2025-07-28T09:25:59","modified_gmt":"2025-07-28T01:25:59","slug":"maize-seed-planter","status":"publish","type":"product","link":"https:\/\/corn-machine.com\/it\/product\/maize-seed-planter\/","title":{"rendered":"Seminatrice automatica di mais multi-fila | Seminatrice di mais per trattori"},"content":{"rendered":"<p class=\"translation-block\">Una delle macchine pi\u00f9 popolari della Taizy Machinery \u00e8 il <strong>seminatore di semi di mais<\/strong>, che pu\u00f2 piantare pi\u00f9 file di semi di mais simultaneamente nel campo. Questa macchina utilizza un dispositivo di semina ad alta precisione e il tasso di idoneit\u00e0 del conteggio dei semi \u00e8 superiore all'80%.<\/p>    <p>Finora, abbiamo esportato seminatrici per mais da trattore in Nigeria, USA, Thailandia, Filippine, Mauritania, Guinea e altri paesi. Aiuta le persone locali a ridurre i costi di manodopera e migliorare la loro efficienza. Se sei interessato alla seminatrice per semi di mais, contattaci ora.<\/p>    <h2 class=\"wp-block-heading\" id=\"h-features-of-maize-seed-planter\">Caratteristiche della macchina per la semina delle arachidi<\/h2>   <div class=\"wp-block-image\"> <figure class=\"aligncenter size-full\"><img loading=\"lazy\" decoding=\"async\" width=\"720\" height=\"540\" src=\"https:\/\/corn-machine.com\/wp-content\/uploads\/2022\/09\/maize-planting-machine1.webp\" alt=\"macchina per la semina del mais\" class=\"wp-image-136\" title=\"\"><figcaption class=\"wp-element-caption\">macchina per la semina del mais<\/figcaption><\/figure> <\/div>   <ul class=\"wp-block-list\"> <li>Questa seminatrice di mais ha <strong>un'elevata precisione di semina<\/strong>, e l'indice qualificato raggiunge pi\u00f9 dell'80%.<br>La seminatrice ha un'elevata efficienza di lavoro. La macchina pu\u00f2 raggiungere gli 8 km\/h quando la distanza tra le piante \u00e8 superiore a 20 cm.<\/li>    <li>La seminatrice di mais <strong>controlla la spaziatura dei fori<\/strong> in modo molto preciso, il che pu\u00f2 aiutare le piantine di mais a distribuirsi uniformemente, sfruttare appieno i vantaggi individuali e promuovere una crescita vigorosa del mais, aumentando cos\u00ec la resa.<\/li>    <li>La seminatrice di mais \u00e8 <strong>collegata al <a href=\"https:\/\/en.wikipedia.org\/wiki\/Tractor\" target=\"_blank\" rel=\"noopener\">trattore<\/a><\/strong>, il che migliora l'efficienza di lavoro. La seminatrice \u00e8 facile da usare e l'utente deve solo sedersi e azionarla.<\/li> <\/ul>    <h2 class=\"wp-block-heading\" id=\"h-introduction-of-corn-seed-planter\">Introduzione della macchina per la semina della soia<\/h2>    <p>Taizy Machinery ha progettato un nuovo tipo di seminatrice per mais a 2, 3, 4, 5, 6 e 8 righe, che deve lavorare con un trattore. Puoi scegliere in base alle tue esigenze. Questa macchina per la semina del mais ha anche un serbatoio per fertilizzante che pianta i semi nel terreno contemporaneamente, aumentando il tasso di semina senza danneggiare le piantine di mais.<\/p>    <p>Questa seminatrice per semi di mais ha un'ottima prestazione e pu\u00f2 essere regolata per la distanza tra le file, la distanza di piantagione, la profondit\u00e0 di scavo, la profondit\u00e0 di applicazione del fertilizzante e la profondit\u00e0 di semina, rendendola una macchina importante per la semina del mais. Inoltre, offriamo anche seminatrici manuali per mais e mietitrici per mais per la semina su piccola scala. Queste sono macchine importanti per la lavorazione del mais.<\/p>    <figure class=\"wp-block-gallery has-nested-images columns-default is-cropped wp-block-gallery-2 is-layout-flex wp-block-gallery-is-layout-flex\"> <figure class=\"wp-block-image size-large\"><img loading=\"lazy\" decoding=\"async\" width=\"720\" height=\"540\" data-id=\"132\" src=\"https:\/\/corn-machine.com\/wp-content\/uploads\/2022\/09\/3-row-corn-planter-machine1.webp\" alt=\"Macchina seminatrice per mais a 3 righe\" class=\"wp-image-132\" title=\"\"><figcaption class=\"wp-element-caption\">Seminatrice per semi di mais a 3 righe<\/figcaption><\/figure>    <figure class=\"wp-block-image size-large\"><img loading=\"lazy\" decoding=\"async\" width=\"720\" height=\"540\" data-id=\"133\" src=\"https:\/\/corn-machine.com\/wp-content\/uploads\/2022\/09\/4-row-corn-planter-machine1.webp\" alt=\"Macchina seminatrice per mais a 4 righe\" class=\"wp-image-133\" title=\"\"><figcaption class=\"wp-element-caption\">Macchina seminatrice per mais a 4 righe<\/figcaption><\/figure> <\/figure>    <figure class=\"wp-block-gallery has-nested-images columns-default is-cropped wp-block-gallery-3 is-layout-flex wp-block-gallery-is-layout-flex\"> <figure class=\"wp-block-image size-large\"><img loading=\"lazy\" decoding=\"async\" width=\"720\" height=\"540\" data-id=\"134\" src=\"https:\/\/corn-machine.com\/wp-content\/uploads\/2022\/09\/6-row-maize-planting-machine1.webp\" alt=\"Macchina per la semina del mais a 6 righe\" class=\"wp-image-134\" title=\"\"><figcaption class=\"wp-element-caption\">Macchina per la semina del mais a 6 righe<\/figcaption><\/figure>    <figure class=\"wp-block-image size-large\"><img loading=\"lazy\" decoding=\"async\" width=\"720\" height=\"540\" data-id=\"135\" src=\"https:\/\/corn-machine.com\/wp-content\/uploads\/2022\/09\/8-row-corn-planting-machine1.webp\" alt=\"Macchina per la semina del mais a 8 righe\" class=\"wp-image-135\" title=\"\"><figcaption class=\"wp-element-caption\">Seminatrice per mais da trattore a 8 righe<\/figcaption><\/figure> <\/figure>    <h2 class=\"wp-block-heading\" id=\"h-technical-parameters-of-maize-seed-planter\">Parametri tecnici della seminatrice per semi di mais<\/h2>    <p>Ci sono 6 tipi di seminatrici per mais da trattore, dotate di diversi numeri di scatole per semi. Puoi scegliere quella pi\u00f9 adatta. Forniamo anche il servizio di sostituzione delle scatole in vetro o metallo.<\/p>    <p>Inoltre, questa macchina \u00e8 dotata di una ruota guida per singolo seme. Quando si selezionano i semi, \u00e8 possibile scegliere una ruota guida per un'accurata semina di semi fini.<\/p>    <figure class=\"wp-block-table\"><table><tbody><tr><td>Modello<\/td><td>2BYSF-2<\/td><td>2BYSF-3<\/td><td>2BYSF-4<\/td><td>2BYSF-5<\/td><td>2BYSF-6<\/td><td>2BYSF-8<\/td><\/tr><tr><td>Dimensioni<\/td><td>1.57*1.3*1.2m<\/td><td>1.57*1.7*1.2m<\/td><td>1.62*2.35*1.2m<\/td><td>1.62*2.75*1.2m<\/td><td>1.62*3.35*1.2m<\/td><td>1.64*4.6*1.2m<\/td><\/tr><tr><td>Fila<\/td><td>2<\/td><td>3<\/td><td>4<\/td><td>5<\/td><td>6<\/td><td>8<\/td><\/tr><tr><td>Distanza tra le file<\/td><td>428-570mm<\/td><td>428-570mm<\/td><td>428-570mm<\/td><td>428-570mm<\/td><td>428-570mm<\/td><td>428-570mm<\/td><\/tr><tr><td>Distanza di piantagione<\/td><td>140mm-280mm<\/td><td>140mm-280mm<\/td><td>140mm-280mm<\/td><td>140mm-280mm<\/td><td>140mm-280mm<\/td><td>140mm-280mm<\/td><\/tr><tr><td>Profondit\u00e0 di scavo<\/td><td>&nbsp;60-80mm<\/td><td>&nbsp;60-80mm<\/td><td>&nbsp;60-80mm<\/td><td>&nbsp;60-80mm<\/td><td>&nbsp;60-80mm<\/td><td>&nbsp;60-80mm<\/td><\/tr><tr><td>Profondit\u00e0 di fertilizzazione<\/td><td>60-80mm<\/td><td>60-80mm<\/td><td>60-80mm<\/td><td>60-80mm<\/td><td>60-80mm<\/td><td>60-80mm<\/td><\/tr><tr><td>Profondit\u00e0 di semina<\/td><td>30-50mm<\/td><td>30-50mm<\/td><td>30-50mm<\/td><td>30-50mm<\/td><td>30-50mm<\/td><td>30-50mm<\/td><\/tr><tr><td>La capacit\u00e0 del serbatoio per fertilizzante<\/td><td>18.75L x2<\/td><td>18.75L x3<\/td><td>18.75L x4<\/td><td>18.75L x5<\/td><td>18.75L x6<\/td><td>18.75L x8<\/td><\/tr><tr><td>Capacit\u00e0 della scatola per semi<\/td><td>8.5 x 2<\/td><td>8.5 x 3<\/td><td>8.5 x 4<\/td><td>8.5 x 5<\/td><td>8.5 x 6<\/td><td>8.5 x 8<\/td><\/tr><tr><td>Peso<\/td><td>150kg<\/td><td>200 kg<\/td><td>295kg<\/td><td>360kg<\/td><td>425kg<\/td><td>650 kg<\/td><\/tr><tr><td>Potenza abbinata<\/td><td>&nbsp;12-18hp<\/td><td>15-25hp<\/td><td>25-40hp<\/td><td>40-60hp<\/td><td>50-80hp<\/td><td>75-100hp<\/td><\/tr><tr><td>Collegamento<\/td><td>&nbsp;i parametri della seminatrice per semi di mais<\/td><td>&nbsp;i parametri della seminatrice per semi di mais<\/td><td>&nbsp;i parametri della seminatrice per semi di mais<\/td><td>&nbsp;i parametri della seminatrice per semi di mais<\/td><td>&nbsp;i parametri della seminatrice per semi di mais<\/td><td>&nbsp;i parametri della seminatrice per semi di mais<\/td><\/tr><\/tbody><\/table><figcaption class=\"wp-element-caption\">i parametri della seminatrice di mais<\/figcaption><\/figure>    <h2 class=\"wp-block-heading\" id=\"h-application-of-corn-seed-planter-machine\">Varie applicazioni della macchina seminatrice per mais<\/h2>    <p>Secondo le caratteristiche del seminatore di mais per trattori, la forma dei semi simile al mais \u00e8 adatta per questa macchina seminatrice di semi di mais, come fagiolo rosso, fagiolo mung, soia, sorgo, ecc. Ecco un video di una macchina per semi di mais in funzione. Diamo un'occhiata al suo processo di funzionamento!<\/p>    <figure class=\"wp-block-embed is-type-video is-provider-youtube wp-block-embed-youtube wp-embed-aspect-16-9 wp-has-aspect-ratio\"><div class=\"wp-block-embed__wrapper\"> <iframe loading=\"lazy\" title=\"Miglior Macchina per Piantare Mais | Processo di Lavoro della Macchina Moderna per Piantare Mais\" width=\"500\" height=\"281\" src=\"https:\/\/www.youtube.com\/embed\/1SswL7Jq75I?feature=oembed\" frameborder=\"0\" allow=\"accelerometer; autoplay; clipboard-write; encrypted-media; gyroscope; picture-in-picture; web-share\" referrerpolicy=\"strict-origin-when-cross-origin\" allowfullscreen><\/iframe> <\/div><figcaption class=\"wp-element-caption\">Video di funzionamento della macchina seminatrice per mais<\/figcaption><\/figure>    <h2 class=\"wp-block-heading\" id=\"h-corn-planting-machine-operation-points\">Punti operativi della seminatrice per mais da trattore <\/h2>    <p>Dopo aver acquistato la seminatrice per semi di mais, \u00e8 necessario leggere attentamente il manuale di istruzioni, partecipare alla formazione tecnica corrispondente e utilizzare correttamente la seminatrice, il che pu\u00f2 ridurre le perdite di macchinari e prolungare la vita utile della macchina.<\/p>    <ol class=\"wp-block-list\"> <li>Regola la macchina prima della semina. Molte parti della seminatrice devono essere collegate e lubrificate. Regola la distanza tra le file e la distanza di semina dei semi.<\/li>    <li>Nel processo di semina, \u00e8 necessario osservare costantemente lo stato di semina. Lo stato di semina include la quantit\u00e0 di semina, la posizione di semina, la profondit\u00e0 di semina e il dosaggio dei fertilizzanti chimici. Se si riscontra che non \u00e8 conforme, \u00e8 necessario fermarsi e riaggiustare.<\/li>    <li>I clienti devono controllare la velocit\u00e0 e la profondit\u00e0 di semina in base alla situazione reale. A causa della differenza nel terreno, lo spessore della copertura del terreno durante il processo di semina varier\u00e0. In generale, \u00e8 necessario coprire circa 4-5 cm.<\/li> <\/ol>    <p class=\"translation-block\">Hai bisogno di pi\u00f9 seminatrici per piccoli semi di mais? Forse ti piacer\u00e0 questa: una <a href=\"https:\/\/corn-machine.com\/it\/product\/manual-corn-seed-planter\/\">seminatrice manuale per semi di mais<\/a>, adatta per la semina su piccola scala! <\/p>    <p>Qualsiasi domanda o richiesta per il tuo impianto, ti prego di farmelo sapere. Non esitare a contattarci!<\/p>    <p><\/p>","protected":false},"excerpt":{"rendered":"<p>Questo pianificatore di semi di mais consente la piantagione su larga scala di colture con pi\u00f9 file e utilizza un dispositivo di semina ad alta precisione con un tasso di qualit\u00e0 di conteggio dei semi superiore all'80%.<\/p>","protected":false},"author":1,"featured_media":46,"parent":0,"template":"","tags":[24],"product-type":[39],"class_list":["post-44","product","type-product","status-publish","has-post-thumbnail","hentry","tag-maize-seed-planter","product-type-maize-planter-machine"],"_links":{"self":[{"href":"https:\/\/corn-machine.com\/it\/wp-json\/wp\/v2\/product\/44","targetHints":{"allow":["GET"]}}],"collection":[{"href":"https:\/\/corn-machine.com\/it\/wp-json\/wp\/v2\/product"}],"about":[{"href":"https:\/\/corn-machine.com\/it\/wp-json\/wp\/v2\/types\/product"}],"author":[{"embeddable":true,"href":"https:\/\/corn-machine.com\/it\/wp-json\/wp\/v2\/users\/1"}],"wp:featuredmedia":[{"embeddable":true,"href":"https:\/\/corn-machine.com\/it\/wp-json\/wp\/v2\/media\/46"}],"wp:attachment":[{"href":"https:\/\/corn-machine.com\/it\/wp-json\/wp\/v2\/media?parent=44"}],"wp:term":[{"taxonomy":"post_tag","embeddable":true,"href":"https:\/\/corn-machine.com\/it\/wp-json\/wp\/v2\/tags?post=44"},{"taxonomy":"product-type","embeddable":true,"href":"https:\/\/corn-machine.com\/it\/wp-json\/wp\/v2\/product-type?post=44"}],"curies":[{"name":"wp","href":"https:\/\/api.w.org\/{rel}","templated":true}]}}