{"id":47,"date":"2022-09-06T06:35:08","date_gmt":"2022-09-06T06:35:08","guid":{"rendered":"https:\/\/corn-machine.com\/?post_type=product&#038;p=47"},"modified":"2025-08-06T16:04:29","modified_gmt":"2025-08-06T08:04:29","slug":"efficient-maize-harvester-machine","status":"publish","type":"product","link":"https:\/\/corn-machine.com\/it\/product\/efficient-maize-harvester-machine\/","title":{"rendered":"Macchina mietitrebbia per mais | Macchina per la raccolta del mais in vendita"},"content":{"rendered":"<p>La macchina raccoglitrice di mais aiuta gli agricoltori a completare la raccolta degli stocchi di mais quando il mais \u00e8 maturo. Con l'aiuto della macchina raccoglitrice di mais, l'efficienza della raccolta dei raccolti migliorer\u00e0 notevolmente e ridurr\u00e0 l'intensit\u00e0 di lavoro degli agricoltori. <\/p>    <p>Pu\u00f2 essere equipaggiata con un motore diesel o un motore elettrico per garantire il funzionamento della macchina. Con una velocit\u00e0 di lavoro di 0,72-1,44 km\/h, la sua capacit\u00e0 pu\u00f2 essere garantita tra 0,03-0,06 ettaro\/h. <\/p>    <p>Questa raccoglitrice di mais in vendita \u00e8 molto facile da usare e una persona pu\u00f2 completare tutte le procedure. Inoltre, questa macchina \u00e8 conveniente e adatta per piccole aziende agricole di mais e terreni collinari speciali.<\/p>   <div class=\"wp-block-image\"> <figure class=\"aligncenter size-full\"><img loading=\"lazy\" decoding=\"async\" width=\"720\" height=\"540\" src=\"https:\/\/corn-machine.com\/wp-content\/uploads\/2022\/09\/maize-harvester-machines-in-plant.webp\" alt=\"\" class=\"wp-image-148\" title=\"\"><figcaption class=\"wp-element-caption\">macchina raccoglitrice di mais<\/figcaption><\/figure> <\/div>   <h2 class=\"wp-block-heading\" id=\"h-introduction-of-maize-harvester-machine\"><strong>Introduzione della macchina raccoglitrice di mais<\/strong><\/h2>    <p>La macchina raccoglitrice di mais viene spinta in avanti da una persona e le parti operative sono azionate da un motore diesel o elettrico per le operazioni di taglio e raccolta. <\/p>    <p>La raccoglitrice di mais a una fila ha quasi le stesse funzioni della grande raccoglitrice di mais combinata, tra cui raccolta, sgranatura, pulizia e trinciatura dello stocco, ma questa raccoglitrice di mais di nuova concezione \u00e8 pi\u00f9 facile da configurare e utilizzare, inoltre l'altezza di taglio della macchina \u00e8 regolabile.<\/p>   <div class=\"wp-block-image\"> <figure class=\"aligncenter size-full\"><img loading=\"lazy\" decoding=\"async\" width=\"720\" height=\"540\" src=\"https:\/\/corn-machine.com\/wp-content\/uploads\/2022\/09\/corn-harvester-machin-in-plant.webp\" alt=\"\" class=\"wp-image-145\" title=\"\"><figcaption class=\"wp-element-caption\">macchina raccoglitrice di mais in campo<\/figcaption><\/figure> <\/div>  <div class=\"wp-block-image\"> <figure class=\"aligncenter size-full\"><img loading=\"lazy\" decoding=\"async\" width=\"720\" height=\"540\" src=\"https:\/\/corn-machine.com\/wp-content\/uploads\/2022\/09\/corn-harvester-in-plant.webp\" alt=\"raccoglitrice di mais in campo\" class=\"wp-image-144\" title=\"\"><figcaption class=\"wp-element-caption\">raccoglitrice di mais in campo<\/figcaption><\/figure> <\/div>   <h2 class=\"wp-block-heading\" id=\"h-advantages-of-single-row-maize-harvester\"><strong>Vantaggi della raccoglitrice di mais a fila singola<\/strong><\/h2>    <ol class=\"wp-block-list\"> <li>La raccoglitrice di mais a fila singola pu\u00f2 completare contemporaneamente la raccolta del mais e la triturazione della paglia per restituirla al campo, migliorando la fertilit\u00e0 del suolo durante la raccolta del mais.<\/li>    <li>Maggiore efficienza rispetto alla raccolta manuale, questa macchina raccoglitrice di mais pu\u00f2 raccogliere 0,03-0,06 ettari di mais all'ora.<\/li>    <li>La macchina da taglio per mais ha un basso consumo di carburante, alte prestazioni in termini di costi e l'intera macchina \u00e8 relativamente economica, quindi pu\u00f2 far risparmiare denaro agli agricoltori.<\/li>    <li>\u00c8 molto facile da usare e pu\u00f2 essere messa in produzione dagli agricoltori dopo un semplice addestramento.<\/li>    <li>Questa macchina raccoglitrice di mais \u00e8 piccola e leggera, quindi \u00e8 molto flessibile da spostare. Se equipaggiata con un motore diesel, pu\u00f2 essere applicata a molti campi, come aree pianeggianti, collinari e montuose.<\/li> <\/ol>    <h2 class=\"wp-block-heading\" id=\"h-parameters-of-corn-harvesting-machine\"><strong>Parametri della macchina raccoglitrice di mais<\/strong><\/h2>    <figure class=\"wp-block-table\"><table><tbody><tr><td>Modello<\/td><td>4YZ-1<\/td><\/tr><tr><td>Dimensioni<\/td><td>1820 \u00d7 800 \u00d7 1190 mm<\/td><\/tr><tr><td>Peso<strong><\/strong><\/td><td>265 kg<\/td><\/tr><tr><td>Velocit\u00e0 di lavoro<\/td><td>0,72-1,44 km\/h<\/td><\/tr><tr><td>Capacit\u00e0<\/td><td>0,03-0,06 ettaro\/h<\/td><\/tr><tr><td>Numero di lame<\/td><td>10<\/td><\/tr><tr><td>Consumo di carburante per unit\u00e0 di area di lavoro<\/td><td>\u226410 kg\/h\u33a1<\/td><\/tr><\/tbody><\/table><figcaption class=\"wp-element-caption\">parametri dettagliati della macchina raccoglitrice di mais<\/figcaption><\/figure>    <h2 class=\"wp-block-heading\" id=\"h-global-case-of-maize-harvester-machine\"><strong>Caso globale della macchina raccoglitrice di mais<\/strong><\/h2>    <p>Siamo stati recentemente contattati da un cliente dalla Nigeria che ha ordinato una macchina raccoglitrice di mais. L'anno scorso aveva gi\u00e0 acquistato una macchina sgranatrice di mais dalla nostra azienda. <\/p>    <p class=\"translation-block\">Questo cliente nigeriano gestisce una piccola fattoria nel suo paese dove i campi di mais si trovano in una zona collinare, quindi ogni volta che arrivava la stagione della raccolta del mais, doveva impiegare molti operai per raccogliere i <a href=\"https:\/\/en.wikipedia.org\/wiki\/Crop\" target=\"_blank\" rel=\"noopener\">raccolti<\/a>. <\/p>    <p>Dopo essere stato raccomandato una raccoglitrice di mais a fila singola dal suo account manager, ha determinato la resa e altri fattori e ha ordinato 30 raccoglitrici di mais da Taizy Machinery. <\/p>    <p>Il cliente ha ora ricevuto la macchina e ci dice che impiega solo met\u00e0 degli operai di prima, ma ora l'efficienza \u00e8 aumentata di oltre 3 volte.<\/p>    <figure class=\"wp-block-gallery has-nested-images columns-default is-cropped wp-block-gallery-2 is-layout-flex wp-block-gallery-is-layout-flex\"> <figure class=\"wp-block-image size-large\"><img loading=\"lazy\" decoding=\"async\" width=\"720\" height=\"540\" data-id=\"146\" src=\"https:\/\/corn-machine.com\/wp-content\/uploads\/2022\/09\/load-and-delivery-.webp\" alt=\"\" class=\"wp-image-146\" title=\"\"><\/figure>    <figure class=\"wp-block-image size-large\"><img loading=\"lazy\" decoding=\"async\" width=\"720\" height=\"540\" data-id=\"147\" src=\"https:\/\/corn-machine.com\/wp-content\/uploads\/2022\/09\/loading-and-shipping-of-small-scale-corn-harvester-tuya1.webp\" alt=\"\" class=\"wp-image-147\" title=\"\"><\/figure> <\/figure>    <p><\/p>    <h2 class=\"wp-block-heading\" id=\"h-faqs-of-maize-harvester-for-sale\"><strong>Domande frequenti sulla raccoglitrice di mais in vendita<\/strong><\/h2>    <div class=\"schema-faq wp-block-yoast-faq-block\"><div class=\"schema-faq-section\" id=\"faq-question-1662445667247\"><strong class=\"schema-faq-question\">La macchina raccoglitrice di mais pu\u00f2 strappare le bucce del mais?<\/strong> <p class=\"schema-faq-answer\">No, non pu\u00f2.<\/p> <\/div> <div class=\"schema-faq-section\" id=\"faq-question-1662445699563\"><strong class=\"schema-faq-question\">Come gestisce la macchina gli stocchi di mais?<\/strong> <p class=\"schema-faq-answer\">Lo stocco di mais verr\u00e0 triturato e poi restituito direttamente al campo.<\/p> <\/div> <div class=\"schema-faq-section\" id=\"faq-question-1662445724968\"><strong class=\"schema-faq-question\">Qual \u00e8 l'altezza di taglio dello stocco di mais?<\/strong> <p class=\"schema-faq-answer\">\u00c8 regolabile e lo stocco pi\u00f9 corto rimasto \u00e8 di 10 cm.<\/p> <\/div> <div class=\"schema-faq-section\" id=\"faq-question-1662445758835\"><strong class=\"schema-faq-question\">Quante lame di triturazione sono equipaggiate con la raccoglitrice di mais?<\/strong> <p class=\"schema-faq-answer\">Ci sono 10 lame di triturazione.<\/p> <\/div> <div class=\"schema-faq-section\" id=\"faq-question-1662445809116\"><strong class=\"schema-faq-question\">Qual \u00e8 la configurazione di potenza della macchina?<\/strong> <p class=\"schema-faq-answer\">&nbsp;Include motori a benzina 188F e motori diesel 188F.<\/p> <\/div> <div class=\"schema-faq-section\" id=\"faq-question-1662445864028\"><strong class=\"schema-faq-question\">Quante macchine possono contenere un mobile in legno da 20 piedi e un mobile in legno da 40 piedi?<\/strong> <p class=\"schema-faq-answer\">26 unit\u00e0 per container da 20 piedi e 54 unit\u00e0 per container da 40 piedi.<\/p> <\/div> <div class=\"schema-faq-section\" id=\"faq-question-1662445898898\"><strong class=\"schema-faq-question\">Quanti mais pu\u00f2 contenere la tramoggia della macchina?<\/strong> <p class=\"schema-faq-answer\">La tramoggia della macchina raccoglitrice di mais pu\u00f2 contenere 30-50 mais.<\/p> <\/div> <\/div>    <h2 class=\"wp-block-heading\"><strong>Altri utili attrezzi per la coltivazione del mais<\/strong><\/h2>    <p>Oltre alla macchina raccoglitrice di mais, la nostra azienda fornisce anche altri macchinari pratici per il mais per soddisfare ogni esigenza in agricoltura. <\/p>    <p>Esiste una seminatrice di mais pi\u00f9 conveniente? Come risolvere i problemi di conservazione del mais? Potreste migliorare il valore dei vostri materiali per maggiori profitti? Questi problemi possono essere risolti utilizzando diversi strumenti.<\/p>    <p class=\"translation-block\">Introduciamo l'<a href=\"https:\/\/corn-machine.com\/it\/product\/mobile-grain-dryer-for-drying-corn-rice\/\">essiccatore mobile di cereali<\/a> per l'essiccazione e lo stoccaggio del mais. Clicca sul link per conoscere il suo processo di lavoro e maggiori dettagli. Se hai una fattoria con enormi materie prime e vuoi creare un nuovo laboratorio per ottenere maggiori profitti. La <a href=\"https:\/\/corn-machine.com\/it\/product\/maize-grits-making-machine\/\">macchina per la produzione di chicchi di mais<\/a> \u00e8 una buona scelta per produrre chicchi e farina di mais in vendita.<\/p>    <p>Siamo solo fornitori di opinioni per aiutarti a scegliere la macchina pi\u00f9 adatta alle tue esigenze. Se hai problemi e desideri chiedere il prezzo esatto di qualsiasi macchinario, non esitare a contattarci.<\/p>","protected":false},"excerpt":{"rendered":"<p>Adatta per la raccolta del mais su piccola scala e terreni collinari speciali, questa macchina raccoglitrice di mais pu\u00f2 migliorare notevolmente l'efficienza del lavoro e ridurre l'intensit\u00e0 del lavoro.<\/p>","protected":false},"author":1,"featured_media":49,"parent":0,"template":"","tags":[18],"product-type":[40],"class_list":["post-47","product","type-product","status-publish","has-post-thumbnail","hentry","tag-maize-harvester-machine","product-type-corn-harvesting-machine"],"_links":{"self":[{"href":"https:\/\/corn-machine.com\/it\/wp-json\/wp\/v2\/product\/47","targetHints":{"allow":["GET"]}}],"collection":[{"href":"https:\/\/corn-machine.com\/it\/wp-json\/wp\/v2\/product"}],"about":[{"href":"https:\/\/corn-machine.com\/it\/wp-json\/wp\/v2\/types\/product"}],"author":[{"embeddable":true,"href":"https:\/\/corn-machine.com\/it\/wp-json\/wp\/v2\/users\/1"}],"wp:featuredmedia":[{"embeddable":true,"href":"https:\/\/corn-machine.com\/it\/wp-json\/wp\/v2\/media\/49"}],"wp:attachment":[{"href":"https:\/\/corn-machine.com\/it\/wp-json\/wp\/v2\/media?parent=47"}],"wp:term":[{"taxonomy":"post_tag","embeddable":true,"href":"https:\/\/corn-machine.com\/it\/wp-json\/wp\/v2\/tags?post=47"},{"taxonomy":"product-type","embeddable":true,"href":"https:\/\/corn-machine.com\/it\/wp-json\/wp\/v2\/product-type?post=47"}],"curies":[{"name":"wp","href":"https:\/\/api.w.org\/{rel}","templated":true}]}}