{"id":51,"date":"2022-09-06T07:00:55","date_gmt":"2022-09-06T07:00:55","guid":{"rendered":"https:\/\/corn-machine.com\/?post_type=product&#038;p=51"},"modified":"2025-07-17T11:39:39","modified_gmt":"2025-07-17T03:39:39","slug":"manual-corn-seed-planter","status":"publish","type":"product","link":"https:\/\/corn-machine.com\/it\/product\/manual-corn-seed-planter\/","title":{"rendered":"Seminatrice manuale di mais | Macchina seminatrice di mais a spinta manuale"},"content":{"rendered":"<p class=\"translation-block\">La piantatrice di mais \u00e8 progettata specificamente per seminare tutti i tipi di colture per la piantagione di mais, arachidi, grano, arachidi, soia e altre varie colture. Abbiamo diverse capacit\u00e0 e stili di piantatrice manuale di semi di mais. La nostra macchina per la semina di semi a mano \u00e8 stata esportata in Nigeria, Kenya, Per\u00f9 e in oltre 30 altri paesi e regioni. Inoltre, Taizy Machinery offre anche una <a href=\"https:\/\/corn-machine.com\/it\/product\/maize-seed-planter\/\">semina automatica di mais<\/a>, non esitare a chiedere.<\/p>    <h2 class=\"wp-block-heading\" id=\"h-type-one-double-bin-manual-corn-seed-planter\">Tipo uno: Piantatrice manuale di semi di mais a doppio bin<\/h2>   <div class=\"wp-block-image\"> <figure class=\"aligncenter size-full\"><img loading=\"lazy\" decoding=\"async\" width=\"720\" height=\"540\" src=\"https:\/\/corn-machine.com\/wp-content\/uploads\/2022\/09\/manual-corn-seed-planter.webp\" alt=\"piantatrice manuale di semi di mais\" class=\"wp-image-142\" title=\"\"><figcaption>piantatrice manuale di semi di mais<\/figcaption><\/figure> <\/div>   <p>La piantatrice manuale a doppio bin \u00e8 ampiamente utilizzata per seminare mais, soia, grano, arachidi, sorgo, ecc. Questa piantatrice di mais \u00e8 composta principalmente da un imbuto di alimentazione, ruota, manico, scavatrice, parte di copertura del suolo e parte di semina. Sono necessarie due persone per lavorare insieme durante la semina dei semi. Una persona tira ulteriormente la corda e l'altra persona si muove con la piantatrice di mais. Questa piccola piantatrice di mais non utilizza alcuna potenza, solo lavoro, questa macchina \u00e8 economica, benvenuti a consultare.<\/p>    <figure class=\"wp-block-table\"><table><tbody><tr><td>Modello<\/td><td>TZY-100<\/td><\/tr><tr><td>Capacit\u00e0<\/td><td>0.5acre\/h<\/td><\/tr><tr><td>Dimensioni<\/td><td>1370*420*900mm<\/td><\/tr><tr><td>Peso<\/td><td>12kg<\/td><\/tr><\/tbody><\/table><\/figure>    <h2 class=\"wp-block-heading\" id=\"h-type-two-corn-planter-with-gasoline-engine\">Tipo due: Piantatrice di mais con motore a benzina<\/h2>    <figure class=\"wp-block-gallery has-nested-images columns-default is-cropped wp-block-gallery-2 is-layout-flex wp-block-gallery-is-layout-flex\"> <figure class=\"wp-block-image size-large\"><img loading=\"lazy\" decoding=\"async\" width=\"720\" height=\"540\" data-id=\"141\" src=\"https:\/\/corn-machine.com\/wp-content\/uploads\/2022\/09\/manual-corn-seed-planter-2.webp\" alt=\"piantatrice manuale di semi di mais\" class=\"wp-image-141\" title=\"\"><figcaption>piantatrice manuale di semi di mais <\/figcaption><\/figure>    <figure class=\"wp-block-image size-large\"><img loading=\"lazy\" decoding=\"async\" width=\"720\" height=\"540\" data-id=\"140\" src=\"https:\/\/corn-machine.com\/wp-content\/uploads\/2022\/09\/manual-corn-planter.webp\" alt=\"seminatrice manuale per mais\" class=\"wp-image-140\" title=\"\"><figcaption>seminatrice manuale per mais<\/figcaption><\/figure> <\/figure>    <p>Questa piantatrice di mais \u00e8 un aggiornamento rispetto alla piantatrice tradizionale. Questa piantatrice di mais a mano \u00e8 alimentata da un motore a benzina e funziona con una sola persona, migliorando l'efficienza. Offriamo due tipi di motori a benzina. Uno \u00e8 il motore a benzina 170F e l'altro \u00e8 il motore a benzina 152F.<\/p>    <h2 class=\"wp-block-heading\" id=\"h-type-three-one-row-hand-corn-sowing-machine\">Tipo tre: Macchina per la semina di mais a mano a una fila<\/h2>    <figure class=\"wp-block-gallery has-nested-images columns-default is-cropped wp-block-gallery-3 is-layout-flex wp-block-gallery-is-layout-flex\"> <figure class=\"wp-block-image size-large\"><img loading=\"lazy\" decoding=\"async\" width=\"720\" height=\"540\" data-id=\"139\" src=\"https:\/\/corn-machine.com\/wp-content\/uploads\/2022\/09\/corn-seed-planter.webp\" alt=\"piantatrice di semi di mais\" class=\"wp-image-139\" title=\"\"><figcaption>piantatrice di semi di mais<\/figcaption><\/figure>    <figure class=\"wp-block-image size-large\"><img loading=\"lazy\" decoding=\"async\" width=\"720\" height=\"540\" data-id=\"143\" src=\"https:\/\/corn-machine.com\/wp-content\/uploads\/2022\/09\/structure-of-manual-corn-planter.webp\" alt=\"struttura della piantatrice manuale di mais\" class=\"wp-image-143\" title=\"\"><figcaption>struttura della piantatrice manuale di mais<\/figcaption><\/figure> <\/figure>    <p>Design avanzato: <\/p>    <p>1. Design dell'ugello in acciaio inossidabile rinforzato: viene utilizzato un ugello in acciaio rinforzato sulla ruota, e adottano il design dell'ugello a papera bionico, che pu\u00f2 rompere il suolo rapidamente e garantire che la profondit\u00e0 di semina soddisfi i requisiti.<\/p>    <p>2. Design della ruota di copertura del suolo: La ruota di copertura del suolo pu\u00f2 essere riempita con sabbia o acqua, il che \u00e8 conveniente per coprire il suolo dopo la semina.<\/p>    <p>3. Scatola di stoccaggio per semi in plastica: Viene utilizzata una scatola di plastica trasparente per stoccare i semi, in modo che gli agricoltori possano facilmente controllare la quantit\u00e0 di semi.<\/p>    <figure class=\"wp-block-table\"><table><tbody><tr><td>Profondit\u00e0 di semina<\/td><td>3.5-7.8cm<\/td><\/tr><tr><td>Quantit\u00e0 di semina<\/td><td>1-3 pezzi, regolabile<\/td><\/tr><tr><td>Becco d'anatra<\/td><td>Max. 12 pezzi<\/td><\/tr><tr><td>Peso<\/td><td>11 kg<\/td><\/tr><tr><td>Dimensione imballo<\/td><td>58*58*25\u00a0mm<\/td><\/tr><\/tbody><\/table><\/figure>    <h2 class=\"wp-block-heading\" id=\"h-advantages-of-manual-corn-seed-planter\">Vantaggi della piantatrice manuale di semi di mais<\/h2>    <ol class=\"wp-block-list\"><li>Le piantatrici manuali di mais hanno vari stili, e tutte hanno una struttura molto semplice e sono pi\u00f9 convenienti da usare.<\/li><li>La piantatrice di mais a spinta manuale \u00e8 leggera, facile da muovere e adatta per aree collinari e montuose.<\/li><li>La piantatrice manuale di semi di mais \u00e8 adatta per seminare varie colture, come grano, fagioli mung, sorgo, cotone, grano, soia, mais, ecc.<\/li><\/ol>    <h2 class=\"wp-block-heading\" id=\"h-working-video-of-manual-corn-seed-planter\">Video di lavoro della piantatrice manuale di semi di mais<\/h2>    <figure class=\"wp-block-embed is-type-video is-provider-youtube wp-block-embed-youtube wp-embed-aspect-16-9 wp-has-aspect-ratio\"><div class=\"wp-block-embed__wrapper\"> <iframe loading=\"lazy\" title=\"Seminatrice manuale a basso costo\/semina mais\/macchina manuale agricola per la semina del mais a basso prezzo\" width=\"500\" height=\"281\" src=\"https:\/\/www.youtube.com\/embed\/MLVGQUKfoAk?list=PL58YSJlfYgUlVabVFuymOuUMA3Umeccre\" frameborder=\"0\" allow=\"accelerometer; autoplay; clipboard-write; encrypted-media; gyroscope; picture-in-picture; web-share\" referrerpolicy=\"strict-origin-when-cross-origin\" allowfullscreen><\/iframe> <\/div><\/figure>","protected":false},"excerpt":{"rendered":"<p>Maize seeder planter is specially designed for sowing all kinds of crops for planting corn, peanuts, wheat, peanuts, soybeans and other various crops. We have different capacities and styles of manual corn seed planter. Our hand-operated seed sowing machine has been exported to Nigeria, Kenya, Peru and more than 30 other countries and regions. In [&hellip;]<\/p>\n","protected":false},"author":1,"featured_media":53,"parent":0,"template":"","tags":[19],"product-type":[39],"class_list":["post-51","product","type-product","status-publish","has-post-thumbnail","hentry","tag-maize-planter","product-type-maize-planter-machine"],"_links":{"self":[{"href":"https:\/\/corn-machine.com\/it\/wp-json\/wp\/v2\/product\/51","targetHints":{"allow":["GET"]}}],"collection":[{"href":"https:\/\/corn-machine.com\/it\/wp-json\/wp\/v2\/product"}],"about":[{"href":"https:\/\/corn-machine.com\/it\/wp-json\/wp\/v2\/types\/product"}],"author":[{"embeddable":true,"href":"https:\/\/corn-machine.com\/it\/wp-json\/wp\/v2\/users\/1"}],"wp:featuredmedia":[{"embeddable":true,"href":"https:\/\/corn-machine.com\/it\/wp-json\/wp\/v2\/media\/53"}],"wp:attachment":[{"href":"https:\/\/corn-machine.com\/it\/wp-json\/wp\/v2\/media?parent=51"}],"wp:term":[{"taxonomy":"post_tag","embeddable":true,"href":"https:\/\/corn-machine.com\/it\/wp-json\/wp\/v2\/tags?post=51"},{"taxonomy":"product-type","embeddable":true,"href":"https:\/\/corn-machine.com\/it\/wp-json\/wp\/v2\/product-type?post=51"}],"curies":[{"name":"wp","href":"https:\/\/api.w.org\/{rel}","templated":true}]}}