{"id":54,"date":"2022-09-06T07:11:15","date_gmt":"2022-09-06T07:11:15","guid":{"rendered":"https:\/\/corn-machine.com\/?post_type=product&#038;p=54"},"modified":"2025-08-29T16:49:03","modified_gmt":"2025-08-29T08:49:03","slug":"fresh-corn-sheller-machine","status":"publish","type":"product","link":"https:\/\/corn-machine.com\/it\/product\/fresh-corn-sheller-machine\/","title":{"rendered":"Sgranatrice per Mais Fresco | Macchina Pelatrice per Mais Dolce"},"content":{"rendered":"<p class=\"translation-block\">Taizy SUS304 <strong>fresh corn sheller machine<\/strong> viene utilizzata per sbucciare i chicchi di mais fresco e mais dolce senza danneggiarli. La velocit\u00e0 di sgranatura con il pelapatate automatico di mais dolce \u00e8 cos\u00ec veloce da poter sgranare 400-500 kg di chicchi all'ora.<\/p>    <p>Viene comunemente utilizzata in impianti di lavorazione del mais, impianti di confezionamento del mais e impianti di produzione di cibi surgelati, ecc. Molteplici macchine per ruggidire il mais dolce possono essere utilizzate con grandi linee di assemblaggio, che sono macchine necessarie per le imprese di lavorazione del mais.<\/p>   <div class=\"wp-block-image\"> <figure class=\"aligncenter size-large\"><img loading=\"lazy\" decoding=\"async\" width=\"720\" height=\"540\" src=\"https:\/\/corn-machine.com\/wp-content\/uploads\/2022\/09\/fresh-corn-threshing-machine.webp\" alt=\"macchina di sgranatura del mais fresco\" class=\"wp-image-163\" title=\"\"><figcaption class=\"wp-element-caption\">macchina di sgranatura del mais fresco<\/figcaption><\/figure> <\/div>   <h2 class=\"wp-block-heading\">Video operativi della fresh corn sheller machine<\/h2>    <figure class=\"wp-block-embed is-type-video is-provider-youtube wp-block-embed-youtube wp-embed-aspect-16-9 wp-has-aspect-ratio\"><div class=\"wp-block-embed__wrapper\"> <iframe loading=\"lazy\" title=\"[Hot-Selling Fresh Corn Thresher Machine | Sweet Corn Thresher Machine Working Progress]\" width=\"500\" height=\"281\" src=\"https:\/\/www.youtube.com\/embed\/h4n44zJXueQ?start=21&#038;feature=oembed\" frameborder=\"0\" allow=\"accelerometer; autoplay; clipboard-write; encrypted-media; gyroscope; picture-in-picture; web-share\" referrerpolicy=\"strict-origin-when-cross-origin\" allowfullscreen><\/iframe> <\/div><figcaption class=\"wp-element-caption\">video operativo della sweet corn sheller machine<\/figcaption><\/figure>    <h2 class=\"wp-block-heading\" id=\"h-technical-parameters-of-corn-thresher-for-sale\">Parametri tecnici della sgranatrice di mais in vendita<\/h2>    <figure class=\"wp-block-table\"><table><tbody><tr><td>Modello<\/td><td>TZ-268 TZ-368<\/td><\/tr><tr><td>Potenza<\/td><td>1.2kw<\/td><\/tr><tr><td>Tensione<\/td><td>220V<\/td><\/tr><tr><td>Capacit\u00e0<\/td><td>400-500kg\/h seme (Alimentazione di circa 75 orecchie di mais al minuto)<\/td><\/tr><tr><td>Velocit\u00e0 del nastro trasportatore<\/td><td>&nbsp;V=15m\/min<\/td><\/tr><tr><td>Dimensioni della macchina<\/td><td>1150*500*1300mm<\/td><\/tr><\/tbody><\/table><figcaption class=\"wp-element-caption\">parametri tecnici della macchina per pelatura del mais dolce<\/figcaption><\/figure>    <p>Forniamo anche un modello di TZ-368, che ha le stesse specifiche del TZ-268. Ma \u00e8 dotato di un nastro trasportatore per una velocit\u00e0 di alimentazione pi\u00f9 rapida. Inoltre, l'intera fresh corn sheller machine \u00e8 realizzata in SUS404. Quindi se hai standard elevati per i tuoi prodotti, la Taizy baby corn thresher machine pu\u00f2 soddisfare perfettamente le tue esigenze.<\/p>    <h2 class=\"wp-block-heading\" id=\"h-advantages-of-fresh-corn-sheller-machine\">Vantaggi della macchina sgranatrice di mais fresca<\/h2>    <ol class=\"wp-block-list\"> <li>Questa macchina sgranatrice di mais fresca pu\u00f2 essere utilizzata per una vasta gamma di materie prime e pu\u00f2 sgranare senza problemi tutti i tipi di mais dolce e mais appiccicoso.<\/li>    <li>La lama all'interno della waxy maize thresher machine ha elevata durezza, buona resistenza all'usura e un lungo ciclo di affilatura, avendo attraversato diverse fasi di ricerca e sviluppo per migliorare significativamente l'efficienza di produzione.<\/li>    <li>Il taglio dei chicchi di mais \u00e8 scorrevole e asciutto, e la macchina non danneggia i chicchi di mais waxy, elevata percentuale di separazione dei chicchi di mais.<\/li>    <li>La profondit\u00e0 dei chicchi di mais freschi \u00e8 regolabile, consentendole di soddisfare le diverse esigenze di vari utenti.<\/li> <\/ol>   <div class=\"wp-block-image\"> <figure class=\"aligncenter size-large\"><img loading=\"lazy\" decoding=\"async\" width=\"720\" height=\"540\" src=\"https:\/\/corn-machine.com\/wp-content\/uploads\/2022\/09\/Sweet-corn-threshing-machine.webp\" alt=\"Macchina spannocchiatrice per mais dolce\" class=\"wp-image-168\" title=\"\"><figcaption class=\"wp-element-caption\">Macchina spannocchiatrice per mais dolce<\/figcaption><\/figure> <\/div>   <h2 class=\"wp-block-heading\" id=\"h-application-of-fresh-corn-sheller-machine\">Applicazione della macchina sgranatrice di mais fresca<\/h2>    <p>Questa fresh corn sheller machine \u00e8 progettata per il lavoro di spellatura di mais fresco, adatta a vari tipi di mais, inclusi mais dolce, mais fruttato e mais appiccicoso. Il pelapatate per mais dolce pu\u00f2 facilmente separare i chicchi dal fusto. Inoltre, forniamo anche macchine sgranatrici per mais secco e macchine sgranatrici multifunzione in vendita. Sono adatte per mais con contenuto idrico \u226414%.<\/p>    <figure class=\"wp-block-gallery has-nested-images columns-default is-cropped wp-block-gallery-2 is-layout-flex wp-block-gallery-is-layout-flex\"> <figure class=\"wp-block-image size-large\"><img loading=\"lazy\" decoding=\"async\" width=\"720\" height=\"540\" data-id=\"160\" src=\"https:\/\/corn-machine.com\/wp-content\/uploads\/2022\/09\/application-of-corn-threshing-machine.webp\" alt=\"applicazione della macchina di sgranatura del mais\" class=\"wp-image-160\" title=\"\"><figcaption class=\"wp-element-caption\">applicazione della macchina di sgranatura del maisapplicazione della macchina di sgranatura del mais<\/figcaption><\/figure>    <figure class=\"wp-block-image size-large\"><img loading=\"lazy\" decoding=\"async\" width=\"720\" height=\"540\" data-id=\"162\" src=\"https:\/\/corn-machine.com\/wp-content\/uploads\/2022\/09\/effect-of-maize-thresher-machine.webp\" alt=\"effetto della macchina sgranatrice di mais\" class=\"wp-image-162\" title=\"\"><figcaption class=\"wp-element-caption\">effetto della macchina sgranatrice di mais fresca<\/figcaption><\/figure> <\/figure>    <p>La macchina sgranatrice di mais dolce \u00e8 adatta per l'industria della lavorazione di alimenti surgelati, fabbrica di conserve di mais, succo di polpa di mais surgelato, fabbrica di lavorazione del mais, lavorazione di sottoprodotti agricoli e altre industrie.<\/p>    <p>Per la maggior parte dei ristoranti, questo tipo di fresh corn sheller machine \u00e8 anche un buon dispositivo per aiutarli a risparmiare lavoro e tempo. Inoltre, la maggior parte dei buongustai ritiene che i chicchi di mais appena sfornati abbiano un sapore migliore. Se il tuo ristorante punta su ingredienti di alta qualit\u00e0, questa \u00e8 una buona scelta per te. <\/p>    <p class=\"translation-block\">Abbiamo un cliente che ha ordinato questa macchina per la loro cucina centrale, e la loro insalata di mais \u00e8 molto richiesta anche ora. Se vuoi sentire questa storia, clicca qui: <a href=\"https:\/\/corn-machine.com\/it\/Info\/sweet-corn-sheller-ordered-by-restaurant-usa\/\">Sweet Corn Shellers Ordered By Orlando BBQ Restaurant<\/a>.<\/p>    <figure class=\"wp-block-gallery has-nested-images columns-default is-cropped wp-block-gallery-3 is-layout-flex wp-block-gallery-is-layout-flex\"> <figure class=\"wp-block-image size-large\"><img loading=\"lazy\" decoding=\"async\" width=\"720\" height=\"540\" data-id=\"164\" src=\"https:\/\/corn-machine.com\/wp-content\/uploads\/2022\/09\/frozen-corn-kernels.webp\" alt=\"chicchi di mais surgelati\" class=\"wp-image-164\" title=\"\"><figcaption class=\"wp-element-caption\">chicchi di mais surgelati<\/figcaption><\/figure>    <figure class=\"wp-block-image size-large\"><img loading=\"lazy\" decoding=\"async\" width=\"720\" height=\"540\" data-id=\"161\" src=\"https:\/\/corn-machine.com\/wp-content\/uploads\/2022\/09\/canned-sweet-corn.webp\" alt=\"mais dolce in scatola\" class=\"wp-image-161\" title=\"\"><figcaption class=\"wp-element-caption\">mais dolce in scatola<\/figcaption><\/figure> <\/figure>    <h2 class=\"wp-block-heading\" id=\"h-advanced-structure-of-sweet-corn-thresher\">Struttura avanzata della macchina sgranatrice di mais dolce<\/h2>    <p>La trebbiatrice per mais dolce \u00e8 composta principalmente da una parte di alimentazione, un meccanismo di separazione chicco e pannocchia, un meccanismo di espulsione pannocchia, una porta di scarico chicchi di mais e un sistema di controllo elettrico.<\/p>   <div class=\"wp-block-image\"> <figure class=\"aligncenter size-full\"><img loading=\"lazy\" decoding=\"async\" width=\"720\" height=\"540\" src=\"https:\/\/corn-machine.com\/wp-content\/uploads\/2022\/09\/structure-of-sweet-corn-sheller-machine.webp\" alt=\"struttura della macchina sgranatrice di mais dolce\" class=\"wp-image-167\" title=\"\"><figcaption class=\"wp-element-caption\">struttura della macchina sgranatrice di mais fresca<\/figcaption><\/figure> <\/div>   <ol class=\"wp-block-list\"> <li>La parte di alimentazione viene immessa nell'alimentatore da un <strong>convogliatore a catena in acciaio inossidabile<\/strong>, con la testa del mais rivolta in avanti. Il convogliatore utilizza una catena in acciaio inossidabile per trasportare a velocit\u00e0 costante. L'alimentatore \u00e8 composto da rulli in gomma per uso alimentare, che sono morbidi e flessibili e non danneggiano la buccia esterna del mais.<\/li>    <li>La parte di separazione chicco-pannocchia \u00e8 composta da<strong> coltelli unici e dischi taglienti<\/strong>, che possono facilmente tagliare pannocchie di mais di diversi diametri. La lama ruota ad alta velocit\u00e0 durante il lavoro, avvicinandosi al mais, e pu\u00f2 gestire pannocchie di mais piegate. La taglierina pu\u00f2 tagliare assialmente e radialmente, migliorando notevolmente la resa dei chicchi di mais.<\/li> <\/ol>    <figure class=\"wp-block-gallery has-nested-images columns-default is-cropped wp-block-gallery-4 is-layout-flex wp-block-gallery-is-layout-flex\"> <figure class=\"wp-block-image size-large\"><img loading=\"lazy\" decoding=\"async\" width=\"720\" height=\"540\" data-id=\"166\" src=\"https:\/\/corn-machine.com\/wp-content\/uploads\/2022\/09\/Rubber-feed-wheels-.webp\" alt=\"Rulli di alimentazione in gomma\" class=\"wp-image-166\" title=\"\"><figcaption class=\"wp-element-caption\">Rulli di alimentazione in gomma<\/figcaption><\/figure>    <figure class=\"wp-block-image size-large\"><img loading=\"lazy\" decoding=\"async\" width=\"720\" height=\"540\" data-id=\"165\" src=\"https:\/\/corn-machine.com\/wp-content\/uploads\/2022\/09\/inner-blades-of-the-sweet-corn-sheller-machine.webp\" alt=\"coltelli interni della macchina sgranatrice di mais dolce\" class=\"wp-image-165\" title=\"\"><figcaption class=\"wp-element-caption\">coltelli interni della macchina sgranatrice di mais dolce<\/figcaption><\/figure> <\/figure>    <p>Questo \u00e8 il design dettagliato dell'interno del piatto delle lame. e il piatto delle lame, che \u00e8 la parte pi\u00f9 importante di questa macchina sgranatrice di mais fresca in acciaio inox. La parte successiva ti mostrer\u00e0 come mantenere una tale macchina, e quando affronti alcuni problemi durante l'uso, come risolverli.<\/p>    <figure class=\"wp-block-gallery has-nested-images columns-default is-cropped wp-block-gallery-5 is-layout-flex wp-block-gallery-is-layout-flex\"> <figure class=\"wp-block-image size-large\"><img loading=\"lazy\" decoding=\"async\" width=\"720\" height=\"540\" data-id=\"857\" src=\"https:\/\/corn-machine.com\/wp-content\/uploads\/2022\/09\/structure-of-blade.webp\" alt=\"struttura della lama della macchina sgranatrice di mais fresca\" class=\"wp-image-857\" title=\"\" srcset=\"https:\/\/corn-machine.com\/wp-content\/uploads\/2022\/09\/structure-of-blade.webp 720w, https:\/\/corn-machine.com\/wp-content\/uploads\/2022\/09\/structure-of-blade-300x225.webp 300w, https:\/\/corn-machine.com\/wp-content\/uploads\/2022\/09\/structure-of-blade-16x12.webp 16w\" sizes=\"auto, (max-width: 720px) 100vw, 720px\" \/><figcaption class=\"wp-element-caption\">struttura della lama<\/figcaption><\/figure>    <figure class=\"wp-block-image size-large\"><img loading=\"lazy\" decoding=\"async\" width=\"720\" height=\"540\" data-id=\"856\" src=\"https:\/\/corn-machine.com\/wp-content\/uploads\/2022\/09\/structure-of-blade-plate.webp\" alt=\"struttura del piatto delle lame della macchina pelatrice di mais dolce\" class=\"wp-image-856\" title=\"\" srcset=\"https:\/\/corn-machine.com\/wp-content\/uploads\/2022\/09\/structure-of-blade-plate.webp 720w, https:\/\/corn-machine.com\/wp-content\/uploads\/2022\/09\/structure-of-blade-plate-300x225.webp 300w, https:\/\/corn-machine.com\/wp-content\/uploads\/2022\/09\/structure-of-blade-plate-16x12.webp 16w\" sizes=\"auto, (max-width: 720px) 100vw, 720px\" \/><figcaption class=\"wp-element-caption\">struttura del piatto delle lame<\/figcaption><\/figure> <\/figure>    <h2 class=\"wp-block-heading\" id=\"h-precaution-of-fresh-corn-sheller\">Precauzioni per l'uso della fresh corn sheller machine<\/h2>    <ol class=\"wp-block-list\"> <li>Le pannocchie di mais utilizzate per la sgranatura devono essere rimosse dalle foglie e dalle setole esterne prima di essere inserite nella macchina.<\/li>    <li>Dopo il funzionamento quotidiano, il personale deve pulire prontamente il piatto delle lame e le parti di alimentazione e scarico per evitare che il succo di mais si attacchi e riduca l'efficienza di taglio.<\/li>    <li>Per un migliore effetto di sgranatura, il mais dovrebbe preferibilmente essere integro, e la parte superiore del mais dovrebbe essere rimossa. Inoltre, la lunghezza del mais dolce dovrebbe preferibilmente essere superiore a 8 cm.<\/li>    <li>L'operatore deve seguire la corretta procedura di alimentazione per consentire al mais di essere alimentato uniformemente alla catena di alimentazione. In caso di blocchi persistenti, informare immediatamente il personale di manutenzione professionale.<\/li>    <li>Le mani o qualsiasi oggetto che non sia materiale di alimentazione non devono essere posti sull'apertura di alimentazione. Altrimenti, le lame della sgranatrice per mais fresco causeranno lesioni personali e la macchina sar\u00e0 gravemente danneggiata.<\/li>    <li>Per garantire la sicurezza del personale e il funzionamento della piccola macchina sgranatrice di mais, solo il personale addestrato \u00e8 autorizzato a operare, regolare e mantenere la macchina.<\/li> <\/ol>    <h2 class=\"wp-block-heading\" id=\"h-faqs-of-corn-thresher-machine\">FAQ della waxy corn thresher machine<\/h2>   <div id=\"rank-math-faq\" class=\"rank-math-block\"> <div class=\"rank-math-list\"> <div id=\"faq-question-1755068693566\" class=\"rank-math-list-item\"> <h3 class=\"rank-math-question\">La profondit\u00e0 di taglio del mais pu\u00f2 essere controllata?<\/h3> <div class=\"rank-math-answer\">  <p>S\u00ec, dipende dal convertitore di frequenza, che \u00e8 sempre impostato a 40Hz-60Hz. E pi\u00f9 veloce \u00e8 la velocit\u00e0 della lama, pi\u00f9 profondamente vengono tagchi i chicchi di mais.<\/p>  <\/div> <\/div> <div id=\"faq-question-1755068868137\" class=\"rank-math-list-item\"> <h3 class=\"rank-math-question\">\u00c8 possibile controllare la velocit\u00e0 di elaborazione della macchina che processa il mais?<\/h3> <div class=\"rank-math-answer\">  <p>S\u00ec, la velocit\u00e0 di rotazione delle lame \u00e8 controllata dall'inverter, e la velocit\u00e0 del nastro \u00e8 fissa.<\/p>  <\/div> <\/div> <div id=\"faq-question-1755069077497\" class=\"rank-math-list-item\"> <h3 class=\"rank-math-question\">Cosa dovrei fare se il processo di alimentazione \u00e8 bloccato?<\/h3> <div class=\"rank-math-answer\">  <p>Se la macchina \u00e8 bloccata o inceppata con il mais, devi prima fermare la macchina e poi premere il pulsante di inversione per far uscire il mais all'indietro.<\/p>  <\/div> <\/div> <div id=\"faq-question-1755069228426\" class=\"rank-math-list-item\"> <h3 class=\"rank-math-question\">Qual \u00e8 il prezzo del pelaverdura di mais dolce?<\/h3> <div class=\"rank-math-answer\">  <p>Il costo di questa macchina \u00e8 di qualche migliaio di dollari, e aggiunger\u00e0 il prezzo per la spedizione, l'imballaggio e altri dispositivi personalizzati.<\/p>  <\/div> <\/div> <\/div> <\/div>   <h2 class=\"wp-block-heading\"><strong>Quanto coster\u00e0 se vuoi comprare una fresh corn sheller machine?<\/strong><\/h2>    <p>Il prezzo totale sar\u00e0 di qualche migliaio di dollari, che comprende spese di spedizione, prezzo della macchina stessa e alcuni pezzi di ricambio usurati. Ma forniamo spedizioni in tutto il mondo e anche trasporto porta a porta.<\/p>    <p>La nostra tensione pu\u00f2 essere personalizzata in base alle diverse regioni, e il costo \u00e8 inferiore a $200. Normalmente, entro 7 giorni lavorativi dal ricevimento del pagamento, la nostra fabbrica inizier\u00e0 la produzione della macchina. Ma se non hai molte esigenze particolari per la macchina, abbiamo prodotti in pronta consegna per le emergenze.<\/p>    <p>Se desideri ricevere consulenze gratuite sui prezzi esatti di questo tipo di macchina sgranatrice per mais fresco, non esitare a contattarci!<\/p>","protected":false},"excerpt":{"rendered":"<p>Senza alcun danno ai chicchi di mais, questa macchina sgranatrice per mais fresco assister\u00e0 la tua filiera di trasformazione alimentare del mais.<\/p>","protected":false},"author":1,"featured_media":56,"parent":0,"template":"","tags":[20],"product-type":[42],"class_list":["post-54","product","type-product","status-publish","has-post-thumbnail","hentry","tag-corn-thresher","product-type-maize-sheller-machine"],"_links":{"self":[{"href":"https:\/\/corn-machine.com\/it\/wp-json\/wp\/v2\/product\/54","targetHints":{"allow":["GET"]}}],"collection":[{"href":"https:\/\/corn-machine.com\/it\/wp-json\/wp\/v2\/product"}],"about":[{"href":"https:\/\/corn-machine.com\/it\/wp-json\/wp\/v2\/types\/product"}],"author":[{"embeddable":true,"href":"https:\/\/corn-machine.com\/it\/wp-json\/wp\/v2\/users\/1"}],"wp:featuredmedia":[{"embeddable":true,"href":"https:\/\/corn-machine.com\/it\/wp-json\/wp\/v2\/media\/56"}],"wp:attachment":[{"href":"https:\/\/corn-machine.com\/it\/wp-json\/wp\/v2\/media?parent=54"}],"wp:term":[{"taxonomy":"post_tag","embeddable":true,"href":"https:\/\/corn-machine.com\/it\/wp-json\/wp\/v2\/tags?post=54"},{"taxonomy":"product-type","embeddable":true,"href":"https:\/\/corn-machine.com\/it\/wp-json\/wp\/v2\/product-type?post=54"}],"curies":[{"name":"wp","href":"https:\/\/api.w.org\/{rel}","templated":true}]}}